{"id":11651,"date":"2024-10-08T21:11:47","date_gmt":"2024-10-08T20:11:47","guid":{"rendered":"https:\/\/twstest.072design.site\/cookies\/"},"modified":"2024-11-16T08:16:09","modified_gmt":"2024-11-16T07:16:09","slug":"cookies","status":"publish","type":"page","link":"https:\/\/twstest.072design.site\/de\/cookies\/","title":{"rendered":"Cookies"},"content":{"rendered":"\t\t<div data-elementor-type=\"wp-page\" data-elementor-id=\"11651\" class=\"elementor elementor-11651 elementor-6636\" data-elementor-post-type=\"page\">\n\t\t\t\t\t\t<section data-particle_enable=\"false\" data-particle-mobile-disabled=\"false\" class=\"elementor-section elementor-top-section elementor-element elementor-element-40dcdbc6 elementor-section-height-min-height elementor-section-boxed elementor-section-height-default elementor-section-items-middle\" data-id=\"40dcdbc6\" data-element_type=\"section\" data-settings=\"{&quot;jet_parallax_layout_list&quot;:[],&quot;background_background&quot;:&quot;video&quot;}\">\n\t\t\t\t\t\t\t<div class=\"elementor-background-overlay\"><\/div>\n\t\t\t\t\t\t\t<div class=\"elementor-container elementor-column-gap-no\">\n\t\t\t\t\t<div class=\"elementor-column elementor-col-100 elementor-top-column elementor-element elementor-element-4d1d086f\" data-id=\"4d1d086f\" data-element_type=\"column\">\n\t\t\t<div class=\"elementor-widget-wrap elementor-element-populated\">\n\t\t\t\t\t\t<div class=\"elementor-element elementor-element-6c15e380 elementor-widget elementor-widget-heading\" data-id=\"6c15e380\" data-element_type=\"widget\" data-widget_type=\"heading.default\">\n\t\t\t\t<div class=\"elementor-widget-container\">\n\t\t\t\t\t<h1 class=\"elementor-heading-title elementor-size-default\">Cookies<\/h1>\t\t\t\t<\/div>\n\t\t\t\t<\/div>\n\t\t\t\t\t<\/div>\n\t\t<\/div>\n\t\t\t\t\t<\/div>\n\t\t<\/section>\n\t\t\t\t<section data-particle_enable=\"false\" data-particle-mobile-disabled=\"false\" class=\"elementor-section elementor-top-section elementor-element elementor-element-7e39d98d elementor-section-boxed elementor-section-height-default elementor-section-height-default\" data-id=\"7e39d98d\" data-element_type=\"section\" data-settings=\"{&quot;jet_parallax_layout_list&quot;:[]}\">\n\t\t\t\t\t\t<div class=\"elementor-container elementor-column-gap-default\">\n\t\t\t\t\t<div class=\"elementor-column elementor-col-100 elementor-top-column elementor-element elementor-element-555e200f\" data-id=\"555e200f\" data-element_type=\"column\" data-settings=\"{&quot;background_background&quot;:&quot;classic&quot;}\">\n\t\t\t<div class=\"elementor-widget-wrap elementor-element-populated\">\n\t\t\t\t\t\t<div class=\"elementor-element elementor-element-3c6b422e elementor-widget elementor-widget-heading\" data-id=\"3c6b422e\" data-element_type=\"widget\" data-widget_type=\"heading.default\">\n\t\t\t\t<div class=\"elementor-widget-container\">\n\t\t\t\t\t<h5 class=\"elementor-heading-title elementor-size-default\">Teneriffa Windsurf Solutions Cookie-Richtlinien<\/h5>\t\t\t\t<\/div>\n\t\t\t\t<\/div>\n\t\t\t\t<div class=\"elementor-element elementor-element-0f560f5 elementor-widget elementor-widget-heading\" data-id=\"0f560f5\" data-element_type=\"widget\" data-widget_type=\"heading.default\">\n\t\t\t\t<div class=\"elementor-widget-container\">\n\t\t\t\t\t<h5 class=\"elementor-heading-title elementor-size-default\">Alles, was du schon immer \u00fcber die Verwendung von Cookies auf tws-windsurf.com wissen wolltest.<\/h5>\t\t\t\t<\/div>\n\t\t\t\t<\/div>\n\t\t\t\t<div class=\"elementor-element elementor-element-7b43f48 elementor-widget elementor-widget-text-editor\" data-id=\"7b43f48\" data-element_type=\"widget\" data-widget_type=\"text-editor.default\">\n\t\t\t\t<div class=\"elementor-widget-container\">\n\t\t\t\t\t\t\t\t\t<p><b>Was sind Cookies?<\/b><\/p>\n<p>Cookies sind kleine Daten, die von der Website, die du besuchst, auf dein Ger\u00e4t heruntergeladen werden. Wenn du dieselbe Website das n\u00e4chste Mal besuchst, stellen Cookies sicher, dass dein Ger\u00e4t erkannt wird. Durch die Verwendung von Cookies und \u00e4hnlichen Technologien wie Pixel Tags\/Beacons und Skripten (&#8222;Cookies&#8220;) kann diese Website Informationen \u00fcber Besuche und Besucher speichern. Einige der Cookies platzieren wir selbst auf den Websites, w\u00e4hrend andere Cookies von Dritten gesetzt werden. Cookies von Dritten k\u00f6nnen auch au\u00dferhalb unserer Websites Daten sammeln.    <\/p>\n<p>Cookies k\u00f6nnen verwendet werden, um den Besuch einer Website pers\u00f6nlicher zu gestalten, z. B. durch: <\/p>\n<ul>\n<li>Anzeige der relevanten Navigationseinstellungen;<\/li>\n<li>sich die Vorlieben der Besucher zu merken;<\/li>\n<li>Verbesserung der allgemeinen Nutzererfahrung und<\/li>\n<li>Begrenzung der Anzahl der angezeigten Anzeigen.<\/li>\n<\/ul>\n<p><b><br \/>Die Verwendung von Cookies durch TWS<\/b><\/p>\n<p>Indem du auf &#8222;Zustimmen&#8220; klickst, wenn der Cookie-Hinweis angezeigt wird, oder indem du die Website weiter nutzt, erkl\u00e4rst du dich damit einverstanden, dass Cookies auf tws-windsurf.com und den zugeh\u00f6rigen Subdomains gesetzt und ausgelesen werden. TWS verwendet die Informationen, die sie durch Cookies gesammelt hat, f\u00fcr die Zwecke, die in der Datenschutzrichtlinie von TWS angegeben sind. <\/p>\n<p><b>TWS-WINDSURF.com kann drei Arten von Cookies verwenden<\/b><\/p>\n<p><b>Funktionale Cookies<\/b><br \/>Das sind Cookies, die es den Nutzerinnen und Nutzern erm\u00f6glichen, tws-windsurf.com anzusehen, die Funktionen auf den Webseiten zu nutzen und Zugang zu gesicherten Teilen der Webseiten zu erhalten. Die durch diese Cookies gesammelten Informationen werden nicht f\u00fcr Marketingzwecke verwendet. Wenn die Verwendung dieser Art von Cookies nicht erlaubt ist, hat dies folgende Konsequenzen:   <\/p>\n<ul>\n<li>die Nutzung verschiedener Teile von tws-windsurf.com wird unm\u00f6glich;<\/li>\n<li>die TWS kann den Nutzern weniger Unterst\u00fctzung bieten;<\/li>\n<li>die TWS kann sich nicht an deine Pr\u00e4ferenzen erinnern, wenn du eine bestimmte Funktion nicht nutzen oder anzeigen lassen willst.<\/li>\n<\/ul>\n<p><b>Analytische Cookies<\/b><br \/>Diese Cookies helfen TWS, seine Websites zu verbessern. Die Cookies sammeln Informationen \u00fcber die Art und Weise, wie die Besucher tws-windsurf.com nutzen, einschlie\u00dflich Informationen \u00fcber die am h\u00e4ufigsten besuchten Seiten oder die Anzahl der angezeigten Fehlermeldungen. WebAnalytics-Cookies sind ein Beispiel f\u00fcr diese Art von Cookie.  <br \/><b><br \/>Marketing- und andere Cookies<\/b><br \/>Marketing-Cookies werden normalerweise von Werbenetzwerken auf tws-windsurf.com platziert. Diese Netzwerke sind Unternehmen, die als Vermittler zwischen TWS und Werbetreibenden auftreten. Diese Cookies werden verwendet, um:   <\/p>\n<ul>\n<li>relevante, personalisierte Werbung oder Angebote \u00fcber alle Medien (z. B. E-Mail, soziale Medien und Werbebanner) anzeigen, die auf deinem Besuch und Klickverhalten auf tws-windsurf.com basieren;<\/li>\n<li>die Anzahl der Anzeigen f\u00fcr jede Werbung begrenzen;<\/li>\n<li>die Wirksamkeit einer Werbekampagne zu messen;<\/li>\n<li>eine Verkn\u00fcpfung mit sozialen Medien herstellen, damit du erkannt wirst, wenn du soziale Medien \u00fcber tws-windsurf.com nutzen m\u00f6chtest.<\/li>\n<\/ul>\n<p><b><br \/>Anpassen der Cookie-Einstellungen und L\u00f6schen von Cookies<\/b><\/p>\n<p>Wenn du nicht m\u00f6chtest, dass TWS Cookies auf deinem Ger\u00e4t platziert, kannst du die Verwendung von Cookies \u00fcber die Einstellungen oder Optionen deines Browsers ablehnen. Du kannst auch nur die Cookies unserer Partner ablehnen. Du musst die Einstellungen f\u00fcr jeden Browser und jeden Computer separat anpassen. Die unten stehenden Links f\u00fchren dich direkt zur Anleitung deines Browsers.    <\/p>\n<ul>\n<li><a href=\"https:\/\/support.google.com\/chrome\/answer\/95647?hl=en\" target=\"_blank\" rel=\"noopener\">Chrome<\/a><\/li>\n<li><a href=\"https:\/\/support.mozilla.org\/en-US\/kb\/cookies-information-websites-store-on-your-computer\" target=\"_blank\" rel=\"noopener\">Firefox<\/a><\/li>\n<li><a href=\"https:\/\/support.microsoft.com\/en-us\/help\/17442\/windows-internet-explorer-delete-manage-cookies#ie=ie-11\" target=\"_blank\" rel=\"noopener\">Internet Explorer<\/a><\/li>\n<li><a href=\"https:\/\/support.apple.com\/kb\/PH21411?locale=en_US&amp;viewlocale=en_US\" target=\"_blank\" rel=\"noopener\">Safari<\/a><\/li>\n<\/ul>\n<p>Bitte beachte, dass du, wenn du die Cookie-Einstellungen f\u00fcr tws-windsurf.com anpasst, einige Teile von tws-windsurf.com danach m\u00f6glicherweise nicht mehr richtig nutzen kannst.<\/p>\n<p><b>Mehr \u00fcber Cookies<\/b><\/p>\n<p>&#8222;Your Online Choices&#8220;<a href=\"http:\/\/www.youronlinechoices.com\/\" target=\"_blank\" rel=\"noopener\">(www.youronlinechoices.com<\/a> ) ist eine von der Internet-Werbebranche angebotene Website, die Informationen \u00fcber &#8222;verhaltensbasierte Werbung&#8220;, &#8222;Online-Datenschutz&#8220; und Opt-out-Optionen enth\u00e4lt.<\/p>\n<p>Wenn sich diese Cookie-Richtlinie oder die platzierten Cookies \u00e4ndern, werden wir die Richtlinie und die Liste der platzierten Cookies anpassen.<\/p>\n<p>Die aktuellste Version dieser Cookie-Richtlinie ist vom<sup>24. Mai 2018<\/sup><\/p>\n\t\t\t\t\t\t\t\t<\/div>\n\t\t\t\t<\/div>\n\t\t\t\t\t<\/div>\n\t\t<\/div>\n\t\t\t\t\t<\/div>\n\t\t<\/section>\n\t\t\t\t<\/div>\n\t\t","protected":false},"excerpt":{"rendered":"<p>Cookies Teneriffa Windsurf Solutions Cookie-Richtlinien Alles, was du schon immer \u00fcber die Verwendung von Cookies auf tws-windsurf.com wissen wolltest. Was sind Cookies? Cookies sind kleine Daten, die von der Website, die du besuchst, auf dein Ger\u00e4t heruntergeladen werden. Wenn du dieselbe Website das n\u00e4chste Mal besuchst, stellen Cookies sicher, dass dein Ger\u00e4t erkannt wird. Durch [&hellip;]<\/p>\n","protected":false},"author":2,"featured_media":0,"parent":0,"menu_order":0,"comment_status":"closed","ping_status":"closed","template":"elementor_header_footer","meta":{"footnotes":""},"class_list":["post-11651","page","type-page","status-publish","hentry"],"_links":{"self":[{"href":"https:\/\/twstest.072design.site\/de\/wp-json\/wp\/v2\/pages\/11651","targetHints":{"allow":["GET"]}}],"collection":[{"href":"https:\/\/twstest.072design.site\/de\/wp-json\/wp\/v2\/pages"}],"about":[{"href":"https:\/\/twstest.072design.site\/de\/wp-json\/wp\/v2\/types\/page"}],"author":[{"embeddable":true,"href":"https:\/\/twstest.072design.site\/de\/wp-json\/wp\/v2\/users\/2"}],"replies":[{"embeddable":true,"href":"https:\/\/twstest.072design.site\/de\/wp-json\/wp\/v2\/comments?post=11651"}],"version-history":[{"count":0,"href":"https:\/\/twstest.072design.site\/de\/wp-json\/wp\/v2\/pages\/11651\/revisions"}],"wp:attachment":[{"href":"https:\/\/twstest.072design.site\/de\/wp-json\/wp\/v2\/media?parent=11651"}],"curies":[{"name":"wp","href":"https:\/\/api.w.org\/{rel}","templated":true}]}}