{"id":11662,"date":"2024-09-28T07:18:42","date_gmt":"2024-09-28T06:18:42","guid":{"rendered":"https:\/\/twstest.072design.site\/e-foil-lessons\/"},"modified":"2024-11-16T08:16:10","modified_gmt":"2024-11-16T07:16:10","slug":"e-foil-lessons","status":"publish","type":"page","link":"https:\/\/twstest.072design.site\/de\/e-foil-lessons\/","title":{"rendered":"E-Foil Lessons"},"content":{"rendered":"\t\t<div data-elementor-type=\"wp-page\" data-elementor-id=\"11662\" class=\"elementor elementor-11662 elementor-2373\" data-elementor-post-type=\"page\">\n\t\t\t\t\t\t<section data-particle_enable=\"false\" data-particle-mobile-disabled=\"false\" class=\"elementor-section elementor-top-section elementor-element elementor-element-77274fe0 elementor-section-height-min-height elementor-section-boxed elementor-section-height-default elementor-section-items-middle\" data-id=\"77274fe0\" data-element_type=\"section\" data-settings=\"{&quot;jet_parallax_layout_list&quot;:[],&quot;background_background&quot;:&quot;video&quot;,&quot;background_video_link&quot;:&quot;https:\\\/\\\/player.vimeo.com\\\/video\\\/1014293131&quot;}\">\n\t\t\t\t\t\t\t\t<div class=\"elementor-background-video-container elementor-hidden-mobile\" aria-hidden=\"true\">\n\t\t\t\t\t\t\t\t\t\t\t\t\t<div class=\"elementor-background-video-embed\"><\/div>\n\t\t\t\t\t\t\t\t\t\t\t\t<\/div>\n\t\t\t\t\t\t\t\t\t<div class=\"elementor-background-overlay\"><\/div>\n\t\t\t\t\t\t\t<div class=\"elementor-container elementor-column-gap-no\">\n\t\t\t\t\t<div class=\"elementor-column elementor-col-100 elementor-top-column elementor-element elementor-element-7186961c\" data-id=\"7186961c\" data-element_type=\"column\">\n\t\t\t<div class=\"elementor-widget-wrap elementor-element-populated\">\n\t\t\t\t\t\t<div class=\"elementor-element elementor-element-6e81d618 elementor-widget elementor-widget-heading\" data-id=\"6e81d618\" data-element_type=\"widget\" data-widget_type=\"heading.default\">\n\t\t\t\t<div class=\"elementor-widget-container\">\n\t\t\t\t\t<h2 class=\"elementor-heading-title elementor-size-default\">E-Foil Unterricht und Verleih<\/h2>\t\t\t\t<\/div>\n\t\t\t\t<\/div>\n\t\t\t\t\t<\/div>\n\t\t<\/div>\n\t\t\t\t\t<\/div>\n\t\t<\/section>\n\t\t\t\t<section data-particle_enable=\"false\" data-particle-mobile-disabled=\"false\" class=\"elementor-section elementor-top-section elementor-element elementor-element-6b74dd40 elementor-section-boxed elementor-section-height-default elementor-section-height-default\" data-id=\"6b74dd40\" data-element_type=\"section\" data-settings=\"{&quot;jet_parallax_layout_list&quot;:[]}\">\n\t\t\t\t\t\t<div class=\"elementor-container elementor-column-gap-default\">\n\t\t\t\t\t<div class=\"elementor-column elementor-col-50 elementor-top-column elementor-element elementor-element-59bb3f70\" data-id=\"59bb3f70\" data-element_type=\"column\" data-settings=\"{&quot;background_background&quot;:&quot;classic&quot;}\">\n\t\t\t<div class=\"elementor-widget-wrap elementor-element-populated\">\n\t\t\t\t\t\t<div class=\"elementor-element elementor-element-a0f83f7 elementor-widget elementor-widget-image\" data-id=\"a0f83f7\" data-element_type=\"widget\" data-widget_type=\"image.default\">\n\t\t\t\t<div class=\"elementor-widget-container\">\n\t\t\t\t\t\t\t\t\t\t\t\t\t\t\t<img fetchpriority=\"high\" decoding=\"async\" width=\"800\" height=\"800\" src=\"https:\/\/twstest.072design.site\/wp-content\/uploads\/2024\/09\/efoil4.jpg\" class=\"attachment-large size-large wp-image-2590\" alt=\"\" srcset=\"https:\/\/twstest.072design.site\/wp-content\/uploads\/2024\/09\/efoil4.jpg 1024w, https:\/\/twstest.072design.site\/wp-content\/uploads\/2024\/09\/efoil4-300x300.jpg 300w, https:\/\/twstest.072design.site\/wp-content\/uploads\/2024\/09\/efoil4-150x150.jpg 150w, https:\/\/twstest.072design.site\/wp-content\/uploads\/2024\/09\/efoil4-768x768.jpg 768w, https:\/\/twstest.072design.site\/wp-content\/uploads\/2024\/09\/efoil4-600x600.jpg 600w, https:\/\/twstest.072design.site\/wp-content\/uploads\/2024\/09\/efoil4-100x100.jpg 100w\" sizes=\"(max-width: 800px) 100vw, 800px\" \/>\t\t\t\t\t\t\t\t\t\t\t\t\t\t\t<\/div>\n\t\t\t\t<\/div>\n\t\t\t\t<div class=\"elementor-element elementor-element-312d47a elementor-widget elementor-widget-image\" data-id=\"312d47a\" data-element_type=\"widget\" data-widget_type=\"image.default\">\n\t\t\t\t<div class=\"elementor-widget-container\">\n\t\t\t\t\t\t\t\t\t\t\t\t\t\t\t<img decoding=\"async\" width=\"800\" height=\"800\" src=\"https:\/\/twstest.072design.site\/wp-content\/uploads\/2024\/09\/efoil2.jpg\" class=\"attachment-large size-large wp-image-2576\" alt=\"\" srcset=\"https:\/\/twstest.072design.site\/wp-content\/uploads\/2024\/09\/efoil2.jpg 1024w, https:\/\/twstest.072design.site\/wp-content\/uploads\/2024\/09\/efoil2-300x300.jpg 300w, https:\/\/twstest.072design.site\/wp-content\/uploads\/2024\/09\/efoil2-150x150.jpg 150w, https:\/\/twstest.072design.site\/wp-content\/uploads\/2024\/09\/efoil2-768x768.jpg 768w, https:\/\/twstest.072design.site\/wp-content\/uploads\/2024\/09\/efoil2-600x600.jpg 600w, https:\/\/twstest.072design.site\/wp-content\/uploads\/2024\/09\/efoil2-100x100.jpg 100w\" sizes=\"(max-width: 800px) 100vw, 800px\" \/>\t\t\t\t\t\t\t\t\t\t\t\t\t\t\t<\/div>\n\t\t\t\t<\/div>\n\t\t\t\t<div class=\"elementor-element elementor-element-1b32a13 elementor-widget elementor-widget-image\" data-id=\"1b32a13\" data-element_type=\"widget\" data-widget_type=\"image.default\">\n\t\t\t\t<div class=\"elementor-widget-container\">\n\t\t\t\t\t\t\t\t\t\t\t\t\t\t\t<img decoding=\"async\" width=\"800\" height=\"800\" src=\"https:\/\/twstest.072design.site\/wp-content\/uploads\/2024\/09\/efoil3.jpg\" class=\"attachment-large size-large wp-image-2583\" alt=\"\" srcset=\"https:\/\/twstest.072design.site\/wp-content\/uploads\/2024\/09\/efoil3.jpg 1024w, https:\/\/twstest.072design.site\/wp-content\/uploads\/2024\/09\/efoil3-300x300.jpg 300w, https:\/\/twstest.072design.site\/wp-content\/uploads\/2024\/09\/efoil3-150x150.jpg 150w, https:\/\/twstest.072design.site\/wp-content\/uploads\/2024\/09\/efoil3-768x768.jpg 768w, https:\/\/twstest.072design.site\/wp-content\/uploads\/2024\/09\/efoil3-600x600.jpg 600w, https:\/\/twstest.072design.site\/wp-content\/uploads\/2024\/09\/efoil3-100x100.jpg 100w\" sizes=\"(max-width: 800px) 100vw, 800px\" \/>\t\t\t\t\t\t\t\t\t\t\t\t\t\t\t<\/div>\n\t\t\t\t<\/div>\n\t\t\t\t<div class=\"elementor-element elementor-element-0acbbd4 elementor-widget elementor-widget-image\" data-id=\"0acbbd4\" data-element_type=\"widget\" data-widget_type=\"image.default\">\n\t\t\t\t<div class=\"elementor-widget-container\">\n\t\t\t\t\t\t\t\t\t\t\t\t\t\t\t<img loading=\"lazy\" decoding=\"async\" width=\"800\" height=\"800\" src=\"https:\/\/twstest.072design.site\/wp-content\/uploads\/2024\/09\/efoil1.jpg\" class=\"attachment-large size-large wp-image-2569\" alt=\"\" srcset=\"https:\/\/twstest.072design.site\/wp-content\/uploads\/2024\/09\/efoil1.jpg 1024w, https:\/\/twstest.072design.site\/wp-content\/uploads\/2024\/09\/efoil1-300x300.jpg 300w, https:\/\/twstest.072design.site\/wp-content\/uploads\/2024\/09\/efoil1-150x150.jpg 150w, https:\/\/twstest.072design.site\/wp-content\/uploads\/2024\/09\/efoil1-768x768.jpg 768w, https:\/\/twstest.072design.site\/wp-content\/uploads\/2024\/09\/efoil1-600x600.jpg 600w, https:\/\/twstest.072design.site\/wp-content\/uploads\/2024\/09\/efoil1-100x100.jpg 100w\" sizes=\"(max-width: 800px) 100vw, 800px\" \/>\t\t\t\t\t\t\t\t\t\t\t\t\t\t\t<\/div>\n\t\t\t\t<\/div>\n\t\t\t\t\t<\/div>\n\t\t<\/div>\n\t\t\t\t<div class=\"elementor-column elementor-col-50 elementor-top-column elementor-element elementor-element-7a2e51d\" data-id=\"7a2e51d\" data-element_type=\"column\" data-settings=\"{&quot;background_background&quot;:&quot;classic&quot;}\">\n\t\t\t<div class=\"elementor-widget-wrap elementor-element-populated\">\n\t\t\t\t\t\t<div class=\"elementor-element elementor-element-c036f9f elementor-widget elementor-widget-heading\" data-id=\"c036f9f\" data-element_type=\"widget\" data-widget_type=\"heading.default\">\n\t\t\t\t<div class=\"elementor-widget-container\">\n\t\t\t\t\t<h2 class=\"elementor-heading-title elementor-size-default\">Erlebe den Nervenkitzel des Fliegens \u00fcber dem Wasser mit E-Foil-Kursen und Verleih<\/h2>\t\t\t\t<\/div>\n\t\t\t\t<\/div>\n\t\t\t\t<div class=\"elementor-element elementor-element-75224a5 elementor-widget elementor-widget-heading\" data-id=\"75224a5\" data-element_type=\"widget\" data-widget_type=\"heading.default\">\n\t\t\t\t<div class=\"elementor-widget-container\">\n\t\t\t\t\t<h2 class=\"elementor-heading-title elementor-size-default\">Angeboten von Tenerife Windsurf Solution (TWS) in Zusammenarbeit mit dem Duotone Pro Center Teneriffa.<\/h2>\t\t\t\t<\/div>\n\t\t\t\t<\/div>\n\t\t\t\t<div class=\"elementor-element elementor-element-230533c elementor-widget elementor-widget-text-editor\" data-id=\"230533c\" data-element_type=\"widget\" data-widget_type=\"text-editor.default\">\n\t\t\t\t<div class=\"elementor-widget-container\">\n\t\t\t\t\t\t\t\t\t<p><span data-contrast=\"auto\"> <\/span><span style=\"color: var( --e-global-color-text ); font-family: var( --e-global-typography-text-font-family ), Sans-serif; font-size: var( --e-global-typography-text-font-size ); font-weight: var( --e-global-typography-text-font-weight );\">Egal, ob du neu im E-Foiling bist oder deine F\u00e4higkeiten verbessern m\u00f6chtest, unsere erfahrenen Instructor und die erstklassige Ausr\u00fcstung werden dir helfen, m\u00fchelos \u00fcber den Ozean zu gleiten und deinem Wassersportabenteuer eine neue Dimension zu verleihen.<\/span><\/p>\n<p><strong>E-Foil Leessons<\/strong><span data-ccp-props=\"{}\"> <\/span><\/p>\n<p><span data-contrast=\"auto\">F\u00fcr alle, die neu im E-Foiling sind, sind unsere <strong>E-Foil-Kurse<\/strong> der perfekte Einstieg.<\/span><\/p>\n<p><span data-contrast=\"auto\">Die Instructor im <strong>Duotone Pro Center Teneriffa<\/strong> sind erfahren, geduldig und darauf spezialisiert, dir zu helfen, schnell Vertrauen und Kontrolle auf dem Wasser zu gewinnen.<\/span><\/p>\n<p><span data-contrast=\"auto\"><strong>Was ist im E-Foil-Unterricht enthalten<\/strong>?<\/span><span data-ccp-props=\"{}\"> <\/span><\/p>\n<ol>\n<li><span data-contrast=\"auto\"><strong>Einsteigerfreundlicher Unterricht<\/strong>:<br \/><\/span><span data-contrast=\"auto\">&#8211; Es sind keine Vorkenntnisse erforderlich. Der Unterricht ist so konzipiert, dass du in k\u00fcrzester Zeit fliegen kannst. Du beginnst mit den Grundlagen der Balance und Kontrolle und arbeitest dich allm\u00e4hlich zu dynamischeren Man\u00f6vern vor. <\/span><span data-ccp-props=\"{}\"><br \/>&#8211; <\/span><span data-contrast=\"auto\">Lerne den richtigen Umgang mit dem E-Foil, einschlie\u00dflich Gassteuerung, Balance und sicheres Starten und Landen auf dem Wasser.<\/span>\n<\/p>\n<\/li>\n<\/ol>\n<ol start=\"2\">\n<li><span data-contrast=\"auto\"><strong>Sicherheit geht vor<\/strong>:<br \/><\/span><span data-contrast=\"auto\">&#8211; E-Foiling ist leicht zu erlernen, erfordert aber eine Anleitung f\u00fcr sicheres und effizientes Fahren. Unser Unterricht konzentriert sich auf die Sicherheit und stellt sicher, dass du die Ausr\u00fcstung und die Techniken verstehst, bevor du dich auf eigene Faust aufs Wasser begibst. <\/span><span data-ccp-props=\"{}\"><br \/><\/span><span data-contrast=\"auto\">&#8211; Die Einweisung umfasst den richtigen Umgang mit dem Elektromotor und dem Board, damit du dich auf dem Wasser wohl f\u00fchlst.<\/span>\n<\/p>\n<\/li>\n<\/ol>\n<ol start=\"3\">\n<li><span data-contrast=\"auto\"><strong>Allm\u00e4hliche Progression<\/strong>:<br \/><\/span><span data-contrast=\"auto\">&#8211; Der Unterricht beginnt auf flachem Wasser, damit du ein Gef\u00fchl f\u00fcr das E-Foil bekommst, bevor du zu anspruchsvolleren Bedingungen \u00fcbergehst. Du lernst, wie du die Geschwindigkeit h\u00e4ltst, deine K\u00f6rperposition anpasst und sanft gleitest, w\u00e4hrend du dich immer sicherer f\u00fchlst. <\/span>\n<\/p>\n<\/li>\n<\/ol>\n<ol start=\"4\">\n<li><span data-contrast=\"auto\"><strong>Hochwertige Ausr\u00fcstung<\/strong>:<br \/><\/span><span data-contrast=\"auto\">&#8211; Du f\u00e4hrst mit <strong>Lift Foils<\/strong>, einer der besten E-Foil-Marken der Welt, die f\u00fcr ihre hohe Leistung und Zuverl\u00e4ssigkeit bekannt ist. Die Boards sind so konzipiert, dass sie auch Beginnern das Lernen leicht machen und Spa\u00df bereiten. <\/span>\n<\/p>\n<\/li>\n<\/ol>\n<ol start=\"5\">\n<li><span data-contrast=\"auto\"><strong>Mehrsprachige Instructors<\/strong>:<br \/><\/span><span data-contrast=\"auto\">&#8211; Die Instructor im Duotone Pro Center sprechen mehrere Sprachen, darunter Englisch, Spanisch und Deutsch, um eine klare Kommunikation und einen auf dein Niveau zugeschnittenen Unterricht zu gew\u00e4hrleisten.<\/span><span data-ccp-props=\"{}\"> <\/span><\/li>\n<\/ol>\n<p><span data-ccp-props=\"{}\"> <\/span><\/p>\n<p><span data-contrast=\"auto\"><strong>Unterricht Packages<\/strong>:<\/span><span data-ccp-props=\"{}\"> <\/span><\/p>\n<ul>\n<li><span data-contrast=\"auto\"><strong>Einf\u00fchrungs-Lesson (1-1,5 Stunden)<\/strong>: Diese Stunde ist ideal f\u00fcr Beginner. Hier lernst du alle Grundlagen, z. B. wie du das Board handhabst, die Geschwindigkeit kontrollierst und das Gleichgewicht h\u00e4ltst.<\/span><\/li>\n<li><span data-contrast=\"auto\"><strong>Fortgeschrittene Sessions<\/strong>: Wenn du dein E-Foiling weiter ausbauen m\u00f6chtest, kannst du zus\u00e4tzliche Stunden buchen, um deine F\u00e4higkeiten zu verfeinern, fortgeschrittenere Man\u00f6ver auszuprobieren und l\u00e4ngere Sessions auf dem Wasser zu genie\u00dfen.<\/span><span data-ccp-props=\"{}\"> <\/span><\/li>\n<\/ul>\n<p><strong><br \/>E-Foil Verleih<\/strong><span data-ccp-props=\"{}\"> <\/span><\/p>\n<p><span data-contrast=\"auto\">Wenn du bereits mit dem E-Foilen vertraut bist und die Freiheit genie\u00dfen willst, die K\u00fcste von El M\u00e9dano auf eigene Faust zu erkunden, kannst du <strong>E-Foils leihen<\/strong>. Mit der neuesten Ausr\u00fcstung von <strong>Lift Foils<\/strong> hast du alles, was du f\u00fcr eine aufregende Session brauchst. <\/span><span data-ccp-props=\"{}\"> <\/span><\/p>\n<p><span data-contrast=\"auto\"><strong>Warum du das Duotone Pro Center f\u00fcr den Verleih von E-Foils w\u00e4hlen solltest<\/strong>:<\/span><span data-ccp-props=\"{}\"> <\/span><\/p>\n<ul>\n<li><span data-contrast=\"auto\"><strong>High-End-Ausr\u00fcstung<\/strong>: Fahre auf erstklassigen <strong>Lift Foils<\/strong>, die f\u00fcr ihre Zuverl\u00e4ssigkeit und Spitzenleistung bekannt sind.<\/span><\/li>\n<li><span data-contrast=\"auto\"><strong>Fachkundige Unterst\u00fctzung<\/strong>: Das Team vom Duotone Pro Center sorgt daf\u00fcr, dass deine Ausr\u00fcstung perfekt auf deine Fahrt abgestimmt ist, und gibt dir eine umfassende Sicherheitseinweisung, bevor du loslegst.<\/span><\/li>\n<li><span data-contrast=\"auto\"><strong>Ideale Lage<\/strong>: El M\u00e9dano bietet mit seinen ruhigen Gew\u00e4ssern, offenen Fl\u00e4chen und unglaublichen Aussichten perfekte Bedingungen f\u00fcr das E-Foiling und macht es zu einem unvergesslichen Erlebnis.<\/span><span data-ccp-props=\"{}\"> <\/span><\/li>\n<\/ul>\n<p><span data-contrast=\"auto\"><br \/><strong>Warum E-Foiling mit TWS und Duotone Pro Center Teneriffa?<\/strong><\/span><\/p>\n<ul>\n<li><span data-contrast=\"auto\"><strong>Deine Lernkurve<\/strong>: E-Foiling ist f\u00fcr Beginner leicht zu erlernen und mit der richtigen Anleitung von erfahrenen Instructor wirst du schnell auf dem Wasser sein.<\/span><\/li>\n<li><span data-contrast=\"auto\"><strong>Erstklassige Ausr\u00fcstung<\/strong>: Fahre mit der besten Ausr\u00fcstung von <strong>Lift Foils<\/strong>, um ein reibungsloses und angenehmes E-Foil-Erlebnis zu haben.<\/span><\/li>\n<li><span data-contrast=\"auto\"><strong>Flexible Optionen<\/strong>: Egal, ob du deine erste Unterrichtsstunde nimmst oder ein E-Foil f\u00fcr einen Tag leihen m\u00f6chtest, es gibt Optionen f\u00fcr alle Niveaus und Zeitr\u00e4ume.<\/span><span data-ccp-props=\"{}\"> <\/span><\/li>\n<\/ul>\n<p><strong><br \/>Wie man bucht <\/strong><\/p>\n<p><span data-contrast=\"auto\">Du kannst deinen <strong>E-Foil-Kurs oder den Verleih<\/strong> direkt vor Ort bei <strong>TWS<\/strong> oder <strong>Duotone Pro Center Teneriffa<\/strong> buchen.<\/span><\/p>\n<p><span data-contrast=\"auto\">Egal, ob du ein Beginner oder ein erfahrener Rider bist, <strong>E-Foiling<\/strong> mit TWS und Duotone Pro Center ist eine tolle M\u00f6glichkeit, die Gew\u00e4sser von Teneriffa zu erkunden.<\/span><span data-ccp-props=\"{}\"> <\/span><\/p>\n\t\t\t\t\t\t\t\t<\/div>\n\t\t\t\t<\/div>\n\t\t\t\t<div class=\"elementor-element elementor-element-3e96aca elementor-widget elementor-widget-text-editor\" data-id=\"3e96aca\" data-element_type=\"widget\" data-widget_type=\"text-editor.default\">\n\t\t\t\t<div class=\"elementor-widget-container\">\n\t\t\t\t\t\t\t\t\t<p><b><a href=\"#newsletter\">Gib hier deine E-Mail-Adresse an<\/a>, um Benachrichtigungen zu neuen Kursen und Packages zu erhalten.<\/b><\/p>\n\t\t\t\t\t\t\t\t<\/div>\n\t\t\t\t<\/div>\n\t\t\t\t\t<\/div>\n\t\t<\/div>\n\t\t\t\t\t<\/div>\n\t\t<\/section>\n\t\t\t\t<section data-particle_enable=\"false\" data-particle-mobile-disabled=\"false\" class=\"elementor-section elementor-top-section elementor-element elementor-element-e8c0cde elementor-section-boxed elementor-section-height-default elementor-section-height-default\" data-id=\"e8c0cde\" data-element_type=\"section\" data-settings=\"{&quot;jet_parallax_layout_list&quot;:[]}\">\n\t\t\t\t\t\t<div class=\"elementor-container elementor-column-gap-default\">\n\t\t\t\t\t<div class=\"elementor-column elementor-col-100 elementor-top-column elementor-element elementor-element-19edef0\" data-id=\"19edef0\" data-element_type=\"column\">\n\t\t\t<div class=\"elementor-widget-wrap elementor-element-populated\">\n\t\t\t\t\t\t<div class=\"elementor-element elementor-element-9664054 elementor-widget elementor-widget-html\" data-id=\"9664054\" data-element_type=\"widget\" data-widget_type=\"html.default\">\n\t\t\t\t<div class=\"elementor-widget-container\">\n\t\t\t\t\t<script type=\"text\/javascript\" src=\"https:\/\/twswindsurf.vikingbookings.com\/en\/widget.js\"><\/script>\t\t\t\t<\/div>\n\t\t\t\t<\/div>\n\t\t\t\t\t<\/div>\n\t\t<\/div>\n\t\t\t\t\t<\/div>\n\t\t<\/section>\n\t\t\t\t<section data-particle_enable=\"false\" data-particle-mobile-disabled=\"false\" class=\"elementor-section elementor-top-section elementor-element elementor-element-2092f5d3 elementor-section-full_width elementor-section-height-min-height elementor-section-height-default elementor-section-items-middle\" data-id=\"2092f5d3\" data-element_type=\"section\" data-settings=\"{&quot;jet_parallax_layout_list&quot;:[],&quot;background_background&quot;:&quot;video&quot;,&quot;background_video_link&quot;:&quot;https:\\\/\\\/player.vimeo.com\\\/video\\\/1013326155&quot;}\">\n\t\t\t\t\t\t\t\t<div class=\"elementor-background-video-container elementor-hidden-mobile\" aria-hidden=\"true\">\n\t\t\t\t\t\t\t\t\t\t\t\t\t<div class=\"elementor-background-video-embed\"><\/div>\n\t\t\t\t\t\t\t\t\t\t\t\t<\/div>\n\t\t\t\t\t\t\t\t<div class=\"elementor-container elementor-column-gap-no\">\n\t\t\t\t\t<div class=\"elementor-column elementor-col-100 elementor-top-column elementor-element elementor-element-10fc13\" data-id=\"10fc13\" data-element_type=\"column\">\n\t\t\t<div class=\"elementor-widget-wrap\">\n\t\t\t\t\t\t\t<\/div>\n\t\t<\/div>\n\t\t\t\t\t<\/div>\n\t\t<\/section>\n\t\t\t\t<\/div>\n\t\t","protected":false},"excerpt":{"rendered":"<p>E-Foil Unterricht und Verleih Erlebe den Nervenkitzel des Fliegens \u00fcber dem Wasser mit E-Foil-Kursen und Verleih Angeboten von Tenerife Windsurf Solution (TWS) in Zusammenarbeit mit dem Duotone Pro Center Teneriffa. Egal, ob du neu im E-Foiling bist oder deine F\u00e4higkeiten verbessern m\u00f6chtest, unsere erfahrenen Instructor und die erstklassige Ausr\u00fcstung werden dir helfen, m\u00fchelos \u00fcber den [&hellip;]<\/p>\n","protected":false},"author":2,"featured_media":0,"parent":0,"menu_order":0,"comment_status":"closed","ping_status":"closed","template":"elementor_header_footer","meta":{"footnotes":""},"class_list":["post-11662","page","type-page","status-publish","hentry"],"_links":{"self":[{"href":"https:\/\/twstest.072design.site\/de\/wp-json\/wp\/v2\/pages\/11662","targetHints":{"allow":["GET"]}}],"collection":[{"href":"https:\/\/twstest.072design.site\/de\/wp-json\/wp\/v2\/pages"}],"about":[{"href":"https:\/\/twstest.072design.site\/de\/wp-json\/wp\/v2\/types\/page"}],"author":[{"embeddable":true,"href":"https:\/\/twstest.072design.site\/de\/wp-json\/wp\/v2\/users\/2"}],"replies":[{"embeddable":true,"href":"https:\/\/twstest.072design.site\/de\/wp-json\/wp\/v2\/comments?post=11662"}],"version-history":[{"count":0,"href":"https:\/\/twstest.072design.site\/de\/wp-json\/wp\/v2\/pages\/11662\/revisions"}],"wp:attachment":[{"href":"https:\/\/twstest.072design.site\/de\/wp-json\/wp\/v2\/media?parent=11662"}],"curies":[{"name":"wp","href":"https:\/\/api.w.org\/{rel}","templated":true}]}}