{"id":11702,"date":"2024-09-27T13:26:29","date_gmt":"2024-09-27T12:26:29","guid":{"rendered":"https:\/\/twstest.072design.site\/freeride-freerace-und-slalom-lessons\/"},"modified":"2024-11-16T08:16:37","modified_gmt":"2024-11-16T07:16:37","slug":"freeride-freerace-und-slalom-lessons","status":"publish","type":"page","link":"https:\/\/twstest.072design.site\/de\/freeride-freerace-und-slalom-lessons\/","title":{"rendered":"Freeride-, Freerace- und Slalom-Lessons"},"content":{"rendered":"\t\t<div data-elementor-type=\"wp-page\" data-elementor-id=\"11702\" class=\"elementor elementor-11702 elementor-2283\" data-elementor-post-type=\"page\">\n\t\t\t\t\t\t<section data-particle_enable=\"false\" data-particle-mobile-disabled=\"false\" class=\"elementor-section elementor-top-section elementor-element elementor-element-77274fe0 elementor-section-height-min-height elementor-section-boxed elementor-section-height-default elementor-section-items-middle\" data-id=\"77274fe0\" data-element_type=\"section\" data-settings=\"{&quot;jet_parallax_layout_list&quot;:[],&quot;background_background&quot;:&quot;video&quot;,&quot;background_video_link&quot;:&quot;https:\\\/\\\/player.vimeo.com\\\/video\\\/1013445559&quot;}\">\n\t\t\t\t\t\t\t\t<div class=\"elementor-background-video-container elementor-hidden-mobile\" aria-hidden=\"true\">\n\t\t\t\t\t\t\t\t\t\t\t\t\t<div class=\"elementor-background-video-embed\"><\/div>\n\t\t\t\t\t\t\t\t\t\t\t\t<\/div>\n\t\t\t\t\t\t\t\t\t<div class=\"elementor-background-overlay\"><\/div>\n\t\t\t\t\t\t\t<div class=\"elementor-container elementor-column-gap-no\">\n\t\t\t\t\t<div class=\"elementor-column elementor-col-100 elementor-top-column elementor-element elementor-element-7186961c\" data-id=\"7186961c\" data-element_type=\"column\">\n\t\t\t<div class=\"elementor-widget-wrap elementor-element-populated\">\n\t\t\t\t\t\t<div class=\"elementor-element elementor-element-6e81d618 elementor-widget elementor-widget-heading\" data-id=\"6e81d618\" data-element_type=\"widget\" data-widget_type=\"heading.default\">\n\t\t\t\t<div class=\"elementor-widget-container\">\n\t\t\t\t\t<h2 class=\"elementor-heading-title elementor-size-default\">Freeride-, Freerace- und Slalom-Lessons bei TWS<\/h2>\t\t\t\t<\/div>\n\t\t\t\t<\/div>\n\t\t\t\t\t<\/div>\n\t\t<\/div>\n\t\t\t\t\t<\/div>\n\t\t<\/section>\n\t\t\t\t<section data-particle_enable=\"false\" data-particle-mobile-disabled=\"false\" class=\"elementor-section elementor-top-section elementor-element elementor-element-6b74dd40 elementor-section-boxed elementor-section-height-default elementor-section-height-default\" data-id=\"6b74dd40\" data-element_type=\"section\" data-settings=\"{&quot;jet_parallax_layout_list&quot;:[]}\">\n\t\t\t\t\t\t<div class=\"elementor-container elementor-column-gap-default\">\n\t\t\t\t\t<div class=\"elementor-column elementor-col-50 elementor-top-column elementor-element elementor-element-59bb3f70\" data-id=\"59bb3f70\" data-element_type=\"column\" data-settings=\"{&quot;background_background&quot;:&quot;classic&quot;}\">\n\t\t\t<div class=\"elementor-widget-wrap elementor-element-populated\">\n\t\t\t\t\t\t<div class=\"elementor-element elementor-element-a0f83f7 elementor-widget elementor-widget-image\" data-id=\"a0f83f7\" data-element_type=\"widget\" data-widget_type=\"image.default\">\n\t\t\t\t<div class=\"elementor-widget-container\">\n\t\t\t\t\t\t\t\t\t\t\t\t\t\t\t<img fetchpriority=\"high\" decoding=\"async\" width=\"800\" height=\"800\" src=\"https:\/\/twstest.072design.site\/wp-content\/uploads\/2024\/09\/3-1024x1024.jpg.webp\" class=\"attachment-large size-large wp-image-1579\" alt=\"\" srcset=\"https:\/\/twstest.072design.site\/wp-content\/uploads\/2024\/09\/3-1024x1024.jpg.webp 1024w, https:\/\/twstest.072design.site\/wp-content\/uploads\/2024\/09\/3-1024x1024.jpg-300x300.webp 300w, https:\/\/twstest.072design.site\/wp-content\/uploads\/2024\/09\/3-1024x1024.jpg-150x150.webp 150w, https:\/\/twstest.072design.site\/wp-content\/uploads\/2024\/09\/3-1024x1024.jpg-768x768.webp 768w, https:\/\/twstest.072design.site\/wp-content\/uploads\/2024\/09\/3-1024x1024.jpg-600x600.webp 600w, https:\/\/twstest.072design.site\/wp-content\/uploads\/2024\/09\/3-1024x1024.jpg-100x100.webp 100w\" sizes=\"(max-width: 800px) 100vw, 800px\" \/>\t\t\t\t\t\t\t\t\t\t\t\t\t\t\t<\/div>\n\t\t\t\t<\/div>\n\t\t\t\t<div class=\"elementor-element elementor-element-3df718c elementor-widget elementor-widget-image\" data-id=\"3df718c\" data-element_type=\"widget\" data-widget_type=\"image.default\">\n\t\t\t\t<div class=\"elementor-widget-container\">\n\t\t\t\t\t\t\t\t\t\t\t\t\t\t\t<img decoding=\"async\" width=\"800\" height=\"800\" src=\"https:\/\/twstest.072design.site\/wp-content\/uploads\/2024\/09\/freeride5.jpg\" class=\"attachment-large size-large wp-image-1629\" alt=\"\" srcset=\"https:\/\/twstest.072design.site\/wp-content\/uploads\/2024\/09\/freeride5.jpg 1024w, https:\/\/twstest.072design.site\/wp-content\/uploads\/2024\/09\/freeride5-300x300.jpg 300w, https:\/\/twstest.072design.site\/wp-content\/uploads\/2024\/09\/freeride5-150x150.jpg 150w, https:\/\/twstest.072design.site\/wp-content\/uploads\/2024\/09\/freeride5-768x768.jpg 768w, https:\/\/twstest.072design.site\/wp-content\/uploads\/2024\/09\/freeride5-600x600.jpg 600w, https:\/\/twstest.072design.site\/wp-content\/uploads\/2024\/09\/freeride5-100x100.jpg 100w\" sizes=\"(max-width: 800px) 100vw, 800px\" \/>\t\t\t\t\t\t\t\t\t\t\t\t\t\t\t<\/div>\n\t\t\t\t<\/div>\n\t\t\t\t<div class=\"elementor-element elementor-element-2b215b5 elementor-widget elementor-widget-image\" data-id=\"2b215b5\" data-element_type=\"widget\" data-widget_type=\"image.default\">\n\t\t\t\t<div class=\"elementor-widget-container\">\n\t\t\t\t\t\t\t\t\t\t\t\t\t\t\t<img decoding=\"async\" width=\"800\" height=\"800\" src=\"https:\/\/twstest.072design.site\/wp-content\/uploads\/2024\/09\/freeride1.jpg\" class=\"attachment-large size-large wp-image-1622\" alt=\"\" srcset=\"https:\/\/twstest.072design.site\/wp-content\/uploads\/2024\/09\/freeride1.jpg 1024w, https:\/\/twstest.072design.site\/wp-content\/uploads\/2024\/09\/freeride1-300x300.jpg 300w, https:\/\/twstest.072design.site\/wp-content\/uploads\/2024\/09\/freeride1-150x150.jpg 150w, https:\/\/twstest.072design.site\/wp-content\/uploads\/2024\/09\/freeride1-768x768.jpg 768w, https:\/\/twstest.072design.site\/wp-content\/uploads\/2024\/09\/freeride1-600x600.jpg 600w, https:\/\/twstest.072design.site\/wp-content\/uploads\/2024\/09\/freeride1-100x100.jpg 100w\" sizes=\"(max-width: 800px) 100vw, 800px\" \/>\t\t\t\t\t\t\t\t\t\t\t\t\t\t\t<\/div>\n\t\t\t\t<\/div>\n\t\t\t\t\t<\/div>\n\t\t<\/div>\n\t\t\t\t<div class=\"elementor-column elementor-col-50 elementor-top-column elementor-element elementor-element-7a2e51d\" data-id=\"7a2e51d\" data-element_type=\"column\" data-settings=\"{&quot;background_background&quot;:&quot;classic&quot;}\">\n\t\t\t<div class=\"elementor-widget-wrap elementor-element-populated\">\n\t\t\t\t\t\t<div class=\"elementor-element elementor-element-21c287c elementor-widget elementor-widget-heading\" data-id=\"21c287c\" data-element_type=\"widget\" data-widget_type=\"heading.default\">\n\t\t\t\t<div class=\"elementor-widget-container\">\n\t\t\t\t\t<h2 class=\"elementor-heading-title elementor-size-default\">Fachkundiger Unterricht f\u00fcr Windsurfer<\/h2>\t\t\t\t<\/div>\n\t\t\t\t<\/div>\n\t\t\t\t<div class=\"elementor-element elementor-element-8b57a4b elementor-widget elementor-widget-heading\" data-id=\"8b57a4b\" data-element_type=\"widget\" data-widget_type=\"heading.default\">\n\t\t\t\t<div class=\"elementor-widget-container\">\n\t\t\t\t\t<h2 class=\"elementor-heading-title elementor-size-default\">Die perfekte Gelegenheit, dein Windsurfen auf das n\u00e4chste Level zu bringen<\/h2>\t\t\t\t<\/div>\n\t\t\t\t<\/div>\n\t\t\t\t<div class=\"elementor-element elementor-element-230533c elementor-widget elementor-widget-text-editor\" data-id=\"230533c\" data-element_type=\"widget\" data-widget_type=\"text-editor.default\">\n\t\t\t\t<div class=\"elementor-widget-container\">\n\t\t\t\t\t\t\t\t\t<p><span data-contrast=\"auto\">Bei Tenerife Windsurf Solution (TWS) und unserem Partner dem <strong>Duotone Pro Center Tenerife<\/strong> bieten wir fachkundigen Unterricht f\u00fcr Windsurfer, die <strong>Freeride-<\/strong>, <strong>Freerace-<\/strong> und <strong>Slalomtechniken<\/strong> beherrschen wollen.<\/span><\/p>\n<p><span data-contrast=\"auto\">Egal, ob du m\u00fchelos \u00fcber das Wasser gleiten, deine Geschwindigkeit verbessern oder deine Wettkampff\u00e4higkeiten verfeinern willst, unsere Kurse und Clinics bieten dir die perfekte Gelegenheit, dein Windsurfen auf die n\u00e4chste Stufe zu bringen.<\/span><span data-ccp-props=\"{}\"> <\/span><span data-ccp-props=\"{}\"> <\/span><\/p>\n<p><span data-contrast=\"auto\"><strong>Unterrichtsoptionen f\u00fcr Freeride-, Freerace- und Slalom-Windsurfen:<\/strong><\/span><\/p>\n<p><strong>Freeride- und Freerace-Unterricht<\/strong>: <span data-contrast=\"auto\">F\u00fcr diejenigen, die den Nervenkitzel des Hochgeschwindigkeitssegelns genie\u00dfen und dabei die Kontrolle behalten wollen, konzentrieren sich die <strong>Freeride-<\/strong> und <strong>Freerace-Kurse<\/strong> auf den Aufbau der Technik, die Verbesserung der Geschwindigkeit und die Entwicklung geschmeidiger Man\u00f6ver.<\/span><\/p>\n<p><span data-contrast=\"auto\"><strong>Was ist inkludiert<\/strong>?<\/span><\/p>\n<ul>\n<li><span data-contrast=\"auto\">Verbesserung der Geschwindigkeit und Beschleunigung des Boards<\/span><\/li>\n<li><span data-contrast=\"auto\">Lernen, deine Haltung und deinen Trimm f\u00fcr maximale Effizienz zu kontrollieren<\/span><\/li>\n<li><span data-contrast=\"auto\">Techniken, um in die Planing Position zu gelangen und dort zu bleiben<\/span><\/li>\n<li><span data-contrast=\"auto\">Ideale Handhabung von Footstraps und Trapez f\u00fcr Geschwindigkeit und Komfort<\/span><\/li>\n<li><span data-contrast=\"auto\">Einf\u00fchrende Halsen und Wenden f\u00fcr smoothe Transitions<\/span><span data-ccp-props=\"{}\"> <\/span><\/li>\n<\/ul>\n<p><span data-contrast=\"auto\"><strong><br \/>Ausr\u00fcstung<\/strong><\/span><\/p>\n<p><span data-contrast=\"auto\">Du hast Zugang zu den neuesten Freeride- und Freerace-Ausr\u00fcstungen von Top-Marken wie Duotone, JP\/ Neil Pryde und vielen anderen, um sicherzustellen, dass du die beste Ausr\u00fcstung f\u00fcr High-Speed-Sailing hast.<\/span><\/p>\n<p><span data-contrast=\"auto\"><strong>Slalom Lessons<\/strong>: <\/span><span data-contrast=\"auto\">Beim Slalom geht es vor allem um Geschwindigkeit und Pr\u00e4zision. Unser Unterricht konzentriert sich darauf, deine Leistung im Rennen zu verbessern, indem du deine Boardkontrolle, dein Timing und deine fortgeschrittenen Man\u00f6ver verfeinerst. Unter der Anleitung erfahrener Instructor lernst du, wie du Slalomkurse navigierst und High-Speed-Wenden meisterst. <\/span><span data-ccp-props=\"{}\"> <\/span><\/p>\n<p><span data-contrast=\"auto\"><strong>Was ist inkludiert<\/strong>?<\/span><span data-ccp-props=\"{}\"> <\/span><\/p>\n<ul>\n<li><span data-contrast=\"auto\">Fortgeschrittene Halsen-Techniken, einschlie\u00dflich gleitender Halsen<\/span><\/li>\n<li><span data-contrast=\"auto\">Rennstarts und Verbesserung deiner Beschleunigung der Line<\/span><\/li>\n<li><span data-contrast=\"auto\">Steuerung der Geschwindigkeit bei unterschiedlichen Windverh\u00e4ltnissen<\/span><\/li>\n<li><span data-contrast=\"auto\">Verbessere deinen Stand f\u00fcr Stabilit\u00e4t und Kraft in den Wenden<\/span><\/li>\n<li><span data-contrast=\"auto\">Strategien, um Slalomkurse mit Selbstvertrauen zu bew\u00e4ltigen<\/span><span data-ccp-props=\"{}\"> <\/span><\/li>\n<\/ul>\n<p><span data-contrast=\"auto\"><strong><br \/>Ausr\u00fcstung<\/strong>:<\/span><\/p>\n<p><span data-contrast=\"auto\">Mit den JP\/ Neil Pryde und Duotone Slalomboards und Segeln, die f\u00fcr Highspeed-Kontrolle entwickelt wurden, hast du das n\u00f6tige Werkzeug, um ein neues Leistungsniveau zu erreichen.<\/span><span data-ccp-props=\"{}\"> <\/span><\/p>\n<p><strong>Experten-Coaching mit Slalom-Profis<\/strong><span data-ccp-props=\"{}\"> <\/span><\/p>\n<p><span data-contrast=\"auto\">Die TWS veranstaltet regelm\u00e4\u00dfig Slalom-Clinics, die von weltbekannten Slalom-Profis geleitet werden, und bietet damit eine einzigartige Gelegenheit, mit einigen der Besten in diesem Sport zu trainieren. Diese Clinics sind f\u00fcr fortgeschrittene Windsurfer gedacht, die ihre Slalomf\u00e4higkeiten und Renntaktiken unter der Anleitung von Profis verfeinern wollen. <\/span><\/p>\n<p><span data-contrast=\"auto\">Nimm an Slalom-Kursen teil mit Profis wie:<\/span><span data-ccp-props=\"{}\"> <\/span><\/p>\n<ol>\n<li><span data-contrast=\"auto\"> <a href=\"https:\/\/twstest.072design.site\/nl\/jordy-vonk\/\"><strong> Jordy Vonk<\/strong> <\/a>(PWA-Slalom-Fahrer)<br \/><\/span><span data-contrast=\"auto\">Lerne von einem der schnellsten Slalomfahrer auf dem PWA Circuit. Jordy wird dich durch Rennstrategien f\u00fchren, deine Halsen verfeinern und dir helfen, deine Geschwindigkeit f\u00fcr das wettbewerbsf\u00e4hige Slalomsegeln zu optimieren. <\/span><span data-ccp-props=\"{}\"> <\/span><\/li>\n<\/ol>\n<ol start=\"2\">\n<li><span data-contrast=\"auto\"> <a href=\"https:\/\/twstest.072design.site\/de\/antoine-albeau\/\"><strong> Antoine Albeau<\/strong><\/a> (Mehrfacher PWA-Weltmeister)<br \/><\/span><span data-contrast=\"auto\">Mit jahrzehntelanger Erfahrung und mehreren Weltmeistertiteln sind Antoines Clinics ein tiefer Einblick in die Techniken, die ihn zu einem der gr\u00f6\u00dften Slalomfahrer der Geschichte gemacht haben. Du erf\u00e4hrst, wie du mit unterschiedlichen Windverh\u00e4ltnissen umgehst, Hochgeschwindigkeits-Halsen meisterst und deine Leistung maximierst. <\/span><span data-ccp-props=\"{}\"> <\/span><\/li>\n<\/ol>\n<ol start=\"3\">\n<li><span data-contrast=\"auto\"> <a href=\"https:\/\/twstest.072design.site\/nl\/simon-bornhoft\/\"><strong> Simon Bornhoft<\/strong><\/a> (Gr\u00fcnder von Windwise)<br \/><\/span><span data-contrast=\"auto\">Simons Kurse sind bekannt f\u00fcr ihren strukturierten, schrittweisen Ansatz zum Aufbau von Windsurf-F\u00e4higkeiten. Sein Coaching konzentriert sich auf die Verbesserung der Technik und praktische \u00dcbungen, um das Gleiten, Halsen und die allgemeine Effizienz auf dem Board zu verbessern. <\/span><span data-ccp-props=\"{}\"> <\/span><\/li>\n<\/ol>\n<ol start=\"4\">\n<li><span data-contrast=\"auto\"> <a href=\"https:\/\/twstest.072design.site\/nl\/tom-brendt\/\"><strong> Tom Brendt<\/strong><\/a> (Internationaler Windsurfing-Trainer)<br \/><\/span><span data-contrast=\"auto\">In Toms Slalomkursen geht es darum, fortgeschrittene Techniken zu erlernen und Vertrauen in die Geschwindigkeit aufzubauen. Tom hilft dir, deine gleitenden Halsen zu verbessern, deine Haltung zu optimieren und deine Leistung bei Slalomrennen zu steigern. <\/span><span data-ccp-props=\"{}\"> <\/span><\/li>\n<\/ol>\n<p><span data-contrast=\"auto\"><strong><br \/>Was du in einer Slalom-Clinic erwartest<\/strong>:<\/span><\/p>\n<ul>\n<li><span data-contrast=\"auto\"><strong>Individuelles Coaching<\/strong>: Du erh\u00e4ltst praktische Anleitung von Profis, wobei jede Session auf deine F\u00e4higkeiten und Ziele zugeschnitten ist.<\/span><\/li>\n<li><span data-contrast=\"auto\"><strong>Videoanalyse<\/strong>: Einige Clinics bieten Video-Analysen an, damit du deine Performance in Aktion sehen kannst und genaue Tipps bekommst, wie du dich verbessern kannst.<\/span><\/li>\n<li><span data-contrast=\"auto\"><strong>Gruppentraining<\/strong>: Erlebe den Nervenkitzel, gemeinsam mit anderen Windsurfern zu trainieren, Rennstrategien zu lernen und das Halsen unter Wettkampfbedingungen zu \u00fcben.<\/span><\/li>\n<li><span data-contrast=\"auto\"><strong>Schwerpunkt Technik<\/strong>: In den Kursen geht es darum, deine Technik zu verfeinern, von der Perfektionierung der gleitenden Halse bis hin zu Hochgeschwindigkeitsman\u00f6vern.<\/span><span data-ccp-props=\"{}\"> <\/span><\/li>\n<\/ul>\n<p><strong><br \/>Beherrsche endlich die gleitende Halse! <\/strong><\/p>\n<p><span data-contrast=\"auto\">Eine der gefragtesten F\u00e4higkeiten beim Windsurfen ist das Beherrschen des <strong>Halsens<\/strong>. Ob im Unterricht am Duotone Pro Center oder in von Profis geleiteten Kursen, du hast die M\u00f6glichkeit, dich speziell auf dieses Man\u00f6ver zu konzentrieren. Mit Schritt-f\u00fcr-Schritt-Anleitungen und \u00dcbungen, die dein Timing, deine Fu\u00dfstellung und deine Segelkontrolle verbessern, wirst du im Handumdrehen geschmeidige, schnelle Halsen hinbekommen.  <\/span><span data-ccp-props=\"{}\"> <\/span><\/p>\n<p><span data-contrast=\"auto\"><strong>Warum solltest du TWS und das Duotone Pro Center f\u00fcr Freeride-, Freerace- und Slalom-Unterricht w\u00e4hlen<\/strong>?<\/span><span data-ccp-props=\"{}\"> <\/span><\/p>\n<p><span data-contrast=\"auto\"><strong>Ein Ort von Weltklasse<\/strong>: El M\u00e9dano bietet ideale Bedingungen f\u00fcr Freeride und Slalom, mit zuverl\u00e4ssigen Winden und einer Mischung aus flachem und kabbeligem Wasser, das perfekt f\u00fcr Geschwindigkeit und Man\u00f6vrierf\u00e4higkeit ist.<\/span><span data-ccp-props=\"{}\"> <\/span><\/p>\n<p><span data-contrast=\"auto\"><strong>Erstklassige Instructor<\/strong>: Die mehrsprachigen Instructor im Duotone Pro Center Teneriffa und die Weltklasse-Profis, die die TWS-Clinics leiten, bieten ein unvergleichliches Coaching-Know-how.<\/span><span data-ccp-props=\"{}\"> <\/span><\/p>\n<p><span data-contrast=\"auto\"><strong>Hochmoderne Ausr\u00fcstung<\/strong>: Hol dir die neueste Freeride-, Freerace- und Slalom-Ausr\u00fcstung, um deine Leistung und Erfahrung zu verbessern.<\/span><\/p>\n<p><span data-contrast=\"auto\"><strong>Wie du mit dabei sein kannst<\/strong>:<\/span><span data-ccp-props=\"{}\"> <\/span><\/p>\n<p><span data-contrast=\"auto\"><strong>Freeride- und Slalom-Unterricht<\/strong>: Buche deinen Privat- oder Gruppenunterricht \u00fcber <strong>TWS<\/strong> (Buchungsformular unten) oder das <a href=\"https:\/\/www.dpc-tenerife.com\/book-now\" target=\"_blank\" rel=\"noopener\">Duotone Pro Center Teneriffa<\/a>, um fachkundige Beratung zu erhalten.<\/span><span data-ccp-props=\"{}\"> <\/span><\/p>\n<p><span data-contrast=\"auto\"><strong>Pro-Led Clinics<\/strong>: Achte auf die <a href=\"#newsletter\">Benachrichtigungs-E-Mails der TWS<\/a> f\u00fcr kommende Clinics mit den besten Slalomfahrern. Diese Kurse sind oft schnell ausgebucht, daher wird eine fr\u00fchzeitige Anmeldung empfohlen. <\/span><span data-ccp-props=\"{}\"> <\/span><\/p>\n<p><strong>Verbessere deine Freeride- und Slalom-F\u00e4higkeiten noch heute und reihe dich in die Riege der Windsurf-Profis ein &#8211; mit dem Experten-Coaching und den Clinics von TWS und Duotone Pro Center Teneriffa. <\/strong><\/p>\n\t\t\t\t\t\t\t\t<\/div>\n\t\t\t\t<\/div>\n\t\t\t\t<div class=\"elementor-element elementor-element-3e96aca elementor-widget elementor-widget-text-editor\" data-id=\"3e96aca\" data-element_type=\"widget\" data-widget_type=\"text-editor.default\">\n\t\t\t\t<div class=\"elementor-widget-container\">\n\t\t\t\t\t\t\t\t\t<p><b><a href=\"#newsletter\" data-wplink-edit=\"true\">Gib hier deine E-Mail-Adresse an<\/a>, um Benachrichtigungen zu neuen Kursen und Packages zu erhalten.<\/b><\/p>\n\t\t\t\t\t\t\t\t<\/div>\n\t\t\t\t<\/div>\n\t\t\t\t\t<\/div>\n\t\t<\/div>\n\t\t\t\t\t<\/div>\n\t\t<\/section>\n\t\t\t\t<section data-particle_enable=\"false\" data-particle-mobile-disabled=\"false\" class=\"elementor-section elementor-top-section elementor-element elementor-element-e8c0cde elementor-section-boxed elementor-section-height-default elementor-section-height-default\" data-id=\"e8c0cde\" data-element_type=\"section\" data-settings=\"{&quot;jet_parallax_layout_list&quot;:[]}\">\n\t\t\t\t\t\t<div class=\"elementor-container elementor-column-gap-default\">\n\t\t\t\t\t<div class=\"elementor-column elementor-col-100 elementor-top-column elementor-element elementor-element-19edef0\" data-id=\"19edef0\" data-element_type=\"column\">\n\t\t\t<div class=\"elementor-widget-wrap elementor-element-populated\">\n\t\t\t\t\t\t<div class=\"elementor-element elementor-element-9664054 elementor-widget elementor-widget-html\" data-id=\"9664054\" data-element_type=\"widget\" data-widget_type=\"html.default\">\n\t\t\t\t<div class=\"elementor-widget-container\">\n\t\t\t\t\t<script type=\"text\/javascript\" src=\"https:\/\/twswindsurf.vikingbookings.com\/en\/widget.js\"><\/script>\t\t\t\t<\/div>\n\t\t\t\t<\/div>\n\t\t\t\t\t<\/div>\n\t\t<\/div>\n\t\t\t\t\t<\/div>\n\t\t<\/section>\n\t\t\t\t<section data-particle_enable=\"false\" data-particle-mobile-disabled=\"false\" class=\"elementor-section elementor-top-section elementor-element elementor-element-2092f5d3 elementor-section-full_width elementor-section-height-min-height elementor-section-height-default elementor-section-items-middle\" data-id=\"2092f5d3\" data-element_type=\"section\" data-settings=\"{&quot;jet_parallax_layout_list&quot;:[],&quot;background_background&quot;:&quot;video&quot;,&quot;background_video_link&quot;:&quot;https:\\\/\\\/player.vimeo.com\\\/video\\\/410311947?muted=1&amp;autoplay=1&amp;loop=1&amp;background=1&amp;app_id=122963&quot;}\">\n\t\t\t\t\t\t\t\t<div class=\"elementor-background-video-container elementor-hidden-mobile\" aria-hidden=\"true\">\n\t\t\t\t\t\t\t\t\t\t\t\t\t<div class=\"elementor-background-video-embed\"><\/div>\n\t\t\t\t\t\t\t\t\t\t\t\t<\/div>\n\t\t\t\t\t\t\t\t<div class=\"elementor-container elementor-column-gap-no\">\n\t\t\t\t\t<div class=\"elementor-column elementor-col-100 elementor-top-column elementor-element elementor-element-10fc13\" data-id=\"10fc13\" data-element_type=\"column\">\n\t\t\t<div class=\"elementor-widget-wrap\">\n\t\t\t\t\t\t\t<\/div>\n\t\t<\/div>\n\t\t\t\t\t<\/div>\n\t\t<\/section>\n\t\t\t\t<\/div>\n\t\t","protected":false},"excerpt":{"rendered":"<p>Freeride-, Freerace- und Slalom-Lessons bei TWS Fachkundiger Unterricht f\u00fcr Windsurfer Die perfekte Gelegenheit, dein Windsurfen auf das n\u00e4chste Level zu bringen Bei Tenerife Windsurf Solution (TWS) und unserem Partner dem Duotone Pro Center Tenerife bieten wir fachkundigen Unterricht f\u00fcr Windsurfer, die Freeride-, Freerace- und Slalomtechniken beherrschen wollen. Egal, ob du m\u00fchelos \u00fcber das Wasser gleiten, [&hellip;]<\/p>\n","protected":false},"author":2,"featured_media":0,"parent":0,"menu_order":0,"comment_status":"closed","ping_status":"closed","template":"elementor_header_footer","meta":{"footnotes":""},"class_list":["post-11702","page","type-page","status-publish","hentry"],"_links":{"self":[{"href":"https:\/\/twstest.072design.site\/de\/wp-json\/wp\/v2\/pages\/11702","targetHints":{"allow":["GET"]}}],"collection":[{"href":"https:\/\/twstest.072design.site\/de\/wp-json\/wp\/v2\/pages"}],"about":[{"href":"https:\/\/twstest.072design.site\/de\/wp-json\/wp\/v2\/types\/page"}],"author":[{"embeddable":true,"href":"https:\/\/twstest.072design.site\/de\/wp-json\/wp\/v2\/users\/2"}],"replies":[{"embeddable":true,"href":"https:\/\/twstest.072design.site\/de\/wp-json\/wp\/v2\/comments?post=11702"}],"version-history":[{"count":0,"href":"https:\/\/twstest.072design.site\/de\/wp-json\/wp\/v2\/pages\/11702\/revisions"}],"wp:attachment":[{"href":"https:\/\/twstest.072design.site\/de\/wp-json\/wp\/v2\/media?parent=11702"}],"curies":[{"name":"wp","href":"https:\/\/api.w.org\/{rel}","templated":true}]}}