{"id":11714,"date":"2024-10-08T20:28:44","date_gmt":"2024-10-08T19:28:44","guid":{"rendered":"https:\/\/twstest.072design.site\/general-terms\/"},"modified":"2024-11-16T08:16:37","modified_gmt":"2024-11-16T07:16:37","slug":"general-terms","status":"publish","type":"page","link":"https:\/\/twstest.072design.site\/de\/general-terms\/","title":{"rendered":"General Terms"},"content":{"rendered":"\t\t<div data-elementor-type=\"wp-page\" data-elementor-id=\"11714\" class=\"elementor elementor-11714 elementor-6476\" data-elementor-post-type=\"page\">\n\t\t\t\t\t\t<section data-particle_enable=\"false\" data-particle-mobile-disabled=\"false\" class=\"elementor-section elementor-top-section elementor-element elementor-element-40dcdbc6 elementor-section-height-min-height elementor-section-boxed elementor-section-height-default elementor-section-items-middle\" data-id=\"40dcdbc6\" data-element_type=\"section\" data-settings=\"{&quot;jet_parallax_layout_list&quot;:[],&quot;background_background&quot;:&quot;video&quot;}\">\n\t\t\t\t\t\t\t<div class=\"elementor-background-overlay\"><\/div>\n\t\t\t\t\t\t\t<div class=\"elementor-container elementor-column-gap-no\">\n\t\t\t\t\t<div class=\"elementor-column elementor-col-100 elementor-top-column elementor-element elementor-element-4d1d086f\" data-id=\"4d1d086f\" data-element_type=\"column\">\n\t\t\t<div class=\"elementor-widget-wrap elementor-element-populated\">\n\t\t\t\t\t\t<div class=\"elementor-element elementor-element-6c15e380 elementor-widget elementor-widget-heading\" data-id=\"6c15e380\" data-element_type=\"widget\" data-widget_type=\"heading.default\">\n\t\t\t\t<div class=\"elementor-widget-container\">\n\t\t\t\t\t<h1 class=\"elementor-heading-title elementor-size-default\">General Terms<\/h1>\t\t\t\t<\/div>\n\t\t\t\t<\/div>\n\t\t\t\t\t<\/div>\n\t\t<\/div>\n\t\t\t\t\t<\/div>\n\t\t<\/section>\n\t\t\t\t<section data-particle_enable=\"false\" data-particle-mobile-disabled=\"false\" class=\"elementor-section elementor-top-section elementor-element elementor-element-7e39d98d elementor-section-boxed elementor-section-height-default elementor-section-height-default\" data-id=\"7e39d98d\" data-element_type=\"section\" data-settings=\"{&quot;jet_parallax_layout_list&quot;:[]}\">\n\t\t\t\t\t\t<div class=\"elementor-container elementor-column-gap-default\">\n\t\t\t\t\t<div class=\"elementor-column elementor-col-100 elementor-top-column elementor-element elementor-element-555e200f\" data-id=\"555e200f\" data-element_type=\"column\" data-settings=\"{&quot;background_background&quot;:&quot;classic&quot;}\">\n\t\t\t<div class=\"elementor-widget-wrap elementor-element-populated\">\n\t\t\t\t\t\t<div class=\"elementor-element elementor-element-3c6b422e elementor-widget elementor-widget-heading\" data-id=\"3c6b422e\" data-element_type=\"widget\" data-widget_type=\"heading.default\">\n\t\t\t\t<div class=\"elementor-widget-container\">\n\t\t\t\t\t<h5 class=\"elementor-heading-title elementor-size-default\">ALLGEMEINE GESCH\u00c4FTSBEDINGUNGEN F\u00dcR FOLKERTS TRADING<\/h5>\t\t\t\t<\/div>\n\t\t\t\t<\/div>\n\t\t\t\t<div class=\"elementor-element elementor-element-4be60b7 elementor-widget elementor-widget-heading\" data-id=\"4be60b7\" data-element_type=\"widget\" data-widget_type=\"heading.default\">\n\t\t\t\t<div class=\"elementor-widget-container\">\n\t\t\t\t\t<h5 class=\"elementor-heading-title elementor-size-default\">und seine Markennamen<\/h5>\t\t\t\t<\/div>\n\t\t\t\t<\/div>\n\t\t\t\t<div class=\"elementor-element elementor-element-0f560f5 elementor-widget elementor-widget-heading\" data-id=\"0f560f5\" data-element_type=\"widget\" data-widget_type=\"heading.default\">\n\t\t\t\t<div class=\"elementor-widget-container\">\n\t\t\t\t\t<h5 class=\"elementor-heading-title elementor-size-default\">TENERIFE WINDSURF SOLUTION und \/ oder DUOTONE PRO CENTER<\/h5>\t\t\t\t<\/div>\n\t\t\t\t<\/div>\n\t\t\t\t<div class=\"elementor-element elementor-element-7b43f48 elementor-widget elementor-widget-text-editor\" data-id=\"7b43f48\" data-element_type=\"widget\" data-widget_type=\"text-editor.default\">\n\t\t\t\t<div class=\"elementor-widget-container\">\n\t\t\t\t\t\t\t\t\t<p><strong>Folkerts Trading SLU und seine Markennamen Tenerife Windsurf Solution und Duotone Pro Center (FT unten) bieten die folgenden Dienstleistungen an:<\/strong><\/p>\n<ol>\n<li>Surfen, Kiten, sowie Unterricht, Clinics und Kurse.<\/li>\n<li>Verleih von Wassersportausr\u00fcstung und anderen Sportger\u00e4ten.<\/li>\n<li>Vermietung von Lagercontainern f\u00fcr Windsurfing- und Kitesurfing-Ausr\u00fcstung.<\/li>\n<li>Organisation von Sportveranstaltungen, Schulungen oder anderen Aktivit\u00e4ten.<\/li>\n<\/ol>\n<p><strong>A. ABSCHLUSS DES VERTRAGES<\/strong><\/p>\n<ol>\n<li>Mit dieser Erkl\u00e4rung bietet FT seinem Vertragspartner den verbindlichen Abschluss eines Dienstleistungs- und\/oder Mietvertrages an.<\/li>\n<li>Die Erkl\u00e4rung gilt durch den Vertragspartner f\u00fcr alle anderen in der Buchung aufgef\u00fchrten Teilnehmer, f\u00fcr deren Vertragspflichten der Vertragspartner wie f\u00fcr seine eigenen Verpflichtungen einsteht, es sei denn, er hat durch eine ausdr\u00fcckliche Erkl\u00e4rung eine entsprechend gesonderte Verpflichtung \u00fcbernommen. F\u00fcr Minderj\u00e4hrige tritt die gesetzliche Verpflichtung mit der Vorlage einer schriftlichen Zustimmung der Erziehungsberechtigten in Kraft. <\/li>\n<li>Der Vertrag kommt durch seine Annahme durch FT zustande. Diese ist vom Vertragspartner innerhalb von 10 Tagen nach Erhalt des Angebots anzunehmen oder abzulehnen.<br \/>Unmittelbar nach Vertragsabschluss sendet FT dem Vertragspartner eine Buchungsbest\u00e4tigung zusammen mit dem zu zahlenden Betrag und den Zahlungsbedingungen. <\/li>\n<li>Weicht der Inhalt der Buchungsbest\u00e4tigung von dem der Reservierung ab, muss FT ein neues Angebot erstellen, das f\u00fcr FT f\u00fcr einen Zeitraum von 10 Tagen verbindlich ist. Der Vertrag kommt auf der Grundlage dieses neuen Angebots zustande, wenn der Vertragspartner das Angebot von FT innerhalb der Frist von 10 Tagen annimmt oder eine Online-Buchung \u00fcber das Online-Buchungssystem auf den Websites von Tenerife Windsurf Solution und\/oder Duotone Pro Center Tenerife vornimmt. <span class=\"Apple-converted-space\"> <\/span><\/li>\n<\/ol>\n<p><strong><br \/>B. VERTRAGSPARTNER, VERLEIHER, TEILNEHMER<\/strong><\/p>\n<ol>\n<li>Die Vertragspartei ist die Person, die die Registrierung \u00fcber die Website unter Verwendung des Online-Buchungssystems vorgenommen hat und\/oder die eine Buchung ohne Verwendung des Online-Systems vorgenommen hat.<\/li>\n<li>Der Mieter ist die Person, die die Anmeldung f\u00fcr die Vermietung von Wassersportger\u00e4ten oder einer Lagerbox vorgenommen hat.<\/li>\n<li>Teilnehmer sind die Personen, f\u00fcr deren vertragliche Verpflichtungen der Vertragspartner wie f\u00fcr seine eigenen Verpflichtungen einsteht, einschlie\u00dflich des Vertragspartners selbst. Teilnehmer kann nur sein, wer fit und gesund genug ist, um die Ausr\u00fcstung ordnungsgem\u00e4\u00df und ohne Gefahr f\u00fcr sich oder andere zu benutzen. <\/li>\n<li>FT besteht kategorisch darauf, dass eine Voraussetzung f\u00fcr die Teilnahme an allen Kursen sowie f\u00fcr die Anmietung von Wassersportausr\u00fcstung die F\u00e4higkeit ist, mindestens 15 Minuten ohne Hilfe im offenen Wasser zu schwimmen. Bei Minderj\u00e4hrigen muss diese Best\u00e4tigung von den Erziehungsberechtigten abgegeben werden, ohne die der Vertrag f\u00fcr Minderj\u00e4hrige ung\u00fcltig ist. <\/li>\n<\/ol>\n<p><strong><br \/>C. ZAHLUNGSBEDINGUNGEN UND -MODALIT\u00c4TEN<\/strong><\/p>\n<ol>\n<li>Die Zahlung des Rechnungsbetrags muss unter Angabe der Rechnungs- und\/oder Buchungsnummer 4 Wochen vor der Abreise erfolgen. Im Falle einer Last-Minute- oder Online-Buchung ist der Betrag sofort f\u00e4llig. Die zu zahlenden Betr\u00e4ge sind in der Buchungsbest\u00e4tigung und\/oder im Check-out des Buchungssystems angegeben.  <\/li>\n<li>Die Zahlung kann per Kreditkarte (nur Visa- und Mastercard), per \u00dcberweisung oder \u00fcber die verschiedenen Optionen des Online-Buchungssystems erfolgen. F\u00fcr Kreditkarten hat FT einen sicheren Zahlungslink eingerichtet. Alle anfallenden Bankgeb\u00fchren sind von der Vertragspartei zu tragen.   <\/li>\n<li>Die Buchungsbest\u00e4tigung wird von FT verschickt, sobald die Rechnung \/ der Mietbetrag bezahlt ist. <\/li>\n<li>Ist der Vertragspartner mit der Zahlung des f\u00e4lligen Betrages in Verzug (Nichtzahlung trotz Mahnung mit F\u00e4lligkeitsdatum), hat FT das Recht, den Vertrag zu k\u00fcndigen. Bei R\u00fccktritt vom Vertrag haftet der Vertragspartner f\u00fcr einen angemessenen Schadensersatzanspruch nach \u00a7 6 Abs. 2. Dieser tritt nicht in Kraft, wenn der Vertragspartner die Nichtzahlung nicht zu vertreten hat.  <\/li>\n<\/ol>\n<p><strong><br \/>D. DIENSTLEISTUNGEN<\/strong><\/p>\n<ul>\n<li>Der Umfang der vertraglich vereinbarten Leistungen ergibt sich aus den genauen Angaben in der <span class=\"Apple-converted-space\">Buchungsbest\u00e4tigung<\/span>.<\/li>\n<\/ul>\n<p><strong><br \/>E. \u00c4NDERUNGEN AN DIENSTLEISTUNGEN UND PREISEN<\/strong><\/p>\n<ul>\n<li>\u00c4nderungen oder Erg\u00e4nzungen zu bestimmten Leistungen des vereinbarten Vertragsinhalts sind m\u00f6glich, sollten aber f\u00fcr die Vertragspartei zumutbar sein und bis zu drei Werktage (Samstage und Sonntage nicht mitgerechnet) vor Vertragsbeginn erfolgen.<\/li>\n<\/ul>\n<p><strong>F. R\u00dcCKTRITT DURCH DIE VERTRAGSPARTEI<\/strong><\/p>\n<ol>\n<li>Ein R\u00fccktritt durch die Vertragspartei ist FT in schriftlicher Form (Brief, E-Mail, Fax) mitzuteilen.<\/li>\n<li>Wenn die Vertragspartei vom Vertrag zur\u00fccktritt, kann FT eine Entsch\u00e4digung f\u00fcr die entstandenen Aufwendungen verlangen. Bei der Berechnung der Entsch\u00e4digung werden die \u00fcblichen Kosteneinsparungen und sonstigen Aufwendungen aus dem Buchungsprozess ber\u00fccksichtigt. Der Betrag, der als Entsch\u00e4digung geltend gemacht werden kann, wird prozentual berechnet:\n<\/li>\n<\/ol>\n<ul>\n<li>Mehr als 31 Tage vor dem ersten Anmiettermin 50% der bezahlten Mietgeb\u00fchr(en)<\/li>\n<li>30 Tage oder weniger vor der Ankunft 70% der bezahlten Miete(n)<\/li>\n<li>7 Tage oder weniger vor der Ankunft 100% der bezahlten Miete(n)<\/li>\n<\/ul>\n<ol start=\"4\">\n<li style=\"list-style-type: none;\">\n<ol>\n<li style=\"list-style-type: none;\"> <\/li>\n<\/ol>\n<\/li>\n<\/ol>\n<p>Die Vertragspartei kann dies anfechten, wenn sie beweisen kann, dass entweder kein &#8211; oder ein geringerer &#8211; Schaden als der angegebene Prozentsatz entstanden ist. FT kann einen h\u00f6heren Prozentsatz der Entsch\u00e4digung als die angegebenen Prozents\u00e4tze fordern, wenn er den Nachweis erbringen kann. Bei Vorbuchung der Leihausr\u00fcstung wird ein Nachlass von 10 % auf den Vor-Ort-Preis gew\u00e4hrt. Ungeeignete Bedingungen (kein Wind, zu viel Wind oder andere Umst\u00e4nde) gehen auf das Risiko des Vertragspartners. F\u00fcr ungeeignete Bedingungen werden keine Gutschriften oder R\u00fcckerstattungen gew\u00e4hrt.    <span class=\"Apple-converted-space\">  <\/span>Wenn also zum Beispiel 5 Tage im Voraus gebucht und bezahlt wurden, aber nur 3 Tage von der Vertragspartei genutzt werden, k\u00f6nnen die beiden nicht genutzten Tage nicht gutgeschrieben werden.<span class=\"Apple-converted-space\">  <\/span>Nur mit einem offiziellen \u00e4rztlichen Attest, das die Unf\u00e4higkeit zur Nutzung der gemieteten Ausr\u00fcstung belegt, kann eine Gutschrift f\u00fcr die restlichen Tage der Buchung erfolgen. Dieser Gutschein kann f\u00fcr zuk\u00fcnftige Mietperioden verwendet werden. <span class=\"Apple-converted-space\"> <\/span><\/p>\n<p><strong>G. Annullierung, Vertrags\u00e4nderung durch Folkerts Trading<\/strong><\/p>\n<ol>\n<li>FT kann den Miet- und\/oder Dienstleistungsvertrag au\u00dferordentlich und fristlos k\u00fcndigen, wenn der Vertragspartner trotz einer angemessenen Abmahnung durch den Betrieb weiterhin st\u00f6rt oder wenn er den Vertrag in erheblichem Ma\u00dfe verletzt oder andere oder sich selbst vors\u00e4tzlich gef\u00e4hrdet.<br \/>In einer solchen Situation hat FT das Recht, eine Ausgleichszahlung zu verlangen. Alle zus\u00e4tzlichen Kosten f\u00fcr eine weitere Buchung sind von der Vertragspartei oder dem Teilnehmer selbst zu tragen. FT ber\u00fccksichtigt jedoch den Wert der ersparten Aufwendungen sowie diejenigen Vorteile, die aus einer anderweitigen Verwendung der nicht in Anspruch genommenen Leistung erlangt werden k\u00f6nnen.  <\/li>\n<li>Aus Sicherheitsgr\u00fcnden, wie z. B. bei sehr starkem Wind, Blitzschlag usw., oder wenn das Wassersportger\u00e4t durch Kollisionen oder Vandalismus durch den Vertragspartner oder den Teilnehmer besch\u00e4digt wird, kann FT den Vertrag au\u00dferordentlich und ohne vorherige Ank\u00fcndigung k\u00fcndigen. In diesem Fall gibt es keine R\u00fcckzahlung des gezahlten Mietbetrags.  <\/li>\n<li>Stellt sich nach der R\u00fcckgabe des Wassersportger\u00e4ts heraus, dass es dem Vertragspartner oder dem Teilnehmer an F\u00e4higkeiten mangelt, das Wassersportger\u00e4t sicher zu benutzen (mangelhafte Beherrschung des Wassersportger\u00e4ts, Nichteinhaltung der Sicherheitsvorschriften), oder handelt die Person entgegen der ausdr\u00fccklichen Aufforderung eines Mitarbeiters, so kann FT den Vertrag au\u00dferordentlich und fristlos k\u00fcndigen. In einem solchen Fall gibt es keine R\u00fcckzahlung der Geb\u00fchr. <\/li>\n<li>Wenn im Rahmen einer Gruppe eine Leistung gebucht wird, an der nur der Vertragspartner oder der Teilnehmer teilnehmen kann, wird die Unterrichtsdauer von 60 Minuten auf 45 Minuten verk\u00fcrzt. FT ist verpflichtet, den Vertragspartner\/Teilnehmer sofort zu informieren, wenn die hier genannte Bedingung zur Verk\u00fcrzung des Kurses eintritt. <\/li>\n<li>Zahlungen f\u00fcr Kurse, die dann storniert werden, werden anteilig mit einem Credit Voucher von der FT-Station zur\u00fcckerstattet. Dieser kann f\u00fcr eine zuk\u00fcnftige Buchung verwendet werden, wenn der Credit Voucher bei FT vorgelegt wird. Weitere Nachfragen werden nicht ber\u00fccksichtigt.  <\/li>\n<li>Bei Vorbestellung von Leihmaterial wird ein Rabatt von 10% auf den Preis vor Ort gew\u00e4hrt. Ungeeignete Bedingungen (kein Wind, zu viel Wind oder andere Umst\u00e4nde) gehen auf das Risiko des Vertragspartners. F\u00fcr ungeeignete Bedingungen werden keine Gutschriften, R\u00fcckerstattungen oder \u00e4hnliches gew\u00e4hrt.  <span class=\"Apple-converted-space\">   <\/span><\/li>\n<\/ol>\n<p>Wenn also zum Beispiel 5 Tage im Voraus gebucht und bezahlt wurden, aber nur 3 Tage von der Vertragspartei genutzt werden, k\u00f6nnen die beiden nicht genutzten Tage nicht gutgeschrieben werden.<span class=\"Apple-converted-space\">  <\/span>Nur mit einem offiziellen \u00e4rztlichen Attest, aus dem hervorgeht, dass du nicht in der Lage bist, die gemietete Ausr\u00fcstung zu benutzen, kannst du eine Gutschrift f\u00fcr die restlichen Tage der Buchung erhalten. Dieser Gutschein kann f\u00fcr zuk\u00fcnftige Mietperioden verwendet werden. <span class=\"Apple-converted-space\"> <\/span><\/p>\n<p><strong>H. ABHOLUNG UND NUTZUNG VON GEMIETETEN GEGENST\u00c4NDEN<\/strong><\/p>\n<p>Die Bedingungen daf\u00fcr sind oben unter Nummer (1) bis (3) aufgef\u00fchrt.<\/p>\n<p><strong>I. HAFTUNGSAUSSCHLUSS<\/strong><\/p>\n<ol>\n<li>Die Haftung von FT oder eines gesetzlichen Vertreters oder Erf\u00fcllungsgehilfen f\u00fcr anf\u00e4ngliche oder sp\u00e4tere M\u00e4ngel des Wassersportger\u00e4ts oder des Mietgegenstands, sei es aufgrund einer Verletzung vertraglicher oder sonstiger Leistungen, sei es aufgrund einer positiven Vertragsverletzung, oder die Haftung f\u00fcr eine nicht vertragsgem\u00e4\u00dfe Nutzung ist ausgeschlossen, mit Ausnahme eines Ausschlusses oder einer Beschr\u00e4nkung der Haftung f\u00fcr Sch\u00e4den aus der Verletzung des Lebens, des K\u00f6rpers oder der Gesundheit, die auf einer fahrl\u00e4ssigen Pflichtverletzung von FT oder einer vors\u00e4tzlichen oder fahrl\u00e4ssigen Pflichtverletzung eines gesetzlichen Vertreters oder Erf\u00fcllungsgehilfen beruhen.<\/li>\n<li>Der Ausschluss oder die Einschr\u00e4nkung der Gew\u00e4hrleistung gilt nicht f\u00fcr Sch\u00e4den, die auf einer grob fahrl\u00e4ssigen Pflichtverletzung von FT oder auf einer vors\u00e4tzlichen oder grob fahrl\u00e4ssigen Pflichtverletzung eines gesetzlichen Vertreters oder Erf\u00fcllungsgehilfen von FT beruhen.\n<\/li>\n<\/ol>\n<p><strong>J. EINHALTUNG DER SICHERHEITSVORSCHRIFTEN<\/strong><\/p>\n<ol>\n<li>Jeder Vertragspartner\/Teilnehmer muss die Anweisungen des FT-Wassersportlehrers oder eines entsprechend autorisierten Mitarbeiters strikt befolgen. Der Vertragspartner\/Teilnehmer muss sich \u00fcber die Sicherheitsanforderungen informieren und die Regeln f\u00fcr gute Seemannschaft kennen, wenn er sich auf dem Wasser befindet, und diese auch befolgen. <\/li>\n<li>Wird die Funktionsf\u00e4higkeit des Wassersportger\u00e4ts durch Nichtbeachtung der Anweisungen des Wassersportlehrers\/Personals oder durch fahrl\u00e4ssiges oder vors\u00e4tzliches Handeln des Vertragspartners\/Teilnehmers beeintr\u00e4chtigt, so hat der Vertragspartner\/Teilnehmer keinen Anspruch auf R\u00fcckerstattung des gezahlten Mietpreises.<\/li>\n<li>Sch\u00e4den an der Wassersportausr\u00fcstung, die durch Nichtbeachtung der Anweisungen des Wassersportlehrers\/Personals oder durch Missachtung der Sicherheitsregeln entstehen, sind vom Vertragspartner\/Teilnehmer selbst zu tragen. FT empfiehlt den Abschluss einer Haftpflichtversicherung, die sowohl den Wassersport als auch die Wassersportausr\u00fcstung mitversichert (Materialversicherung). <\/li>\n<\/ol>\n<p><strong><br \/>K. ANWENDBARES RECHT<\/strong><\/p>\n<p>Die Parteien vereinbaren die Anwendung spanischen Rechts.<\/p>\n<p><strong>L. SALVATORISCHE KLAUSEL<\/strong><\/p>\n<p>Sollten sich einzelne Klauseln dieses Vertrages als unwirksam und\/oder undurchf\u00fchrbar erweisen oder sollte sich eine L\u00fccke in der Gesamtvereinbarung ergeben, so wird dadurch die G\u00fcltigkeit der vertraglichen Bestimmungen insgesamt nicht ber\u00fchrt. Wenn anstelle der unwirksamen Bestimmungen oder zur Ausf\u00fcllung der L\u00fccke eine angemessene und rechtlich korrekte Regelung gefunden wird, die dem entspricht, was beide Parteien wirtschaftlich wollen oder nach dem Sinn und Zweck dieses Vertrages erwartet h\u00e4tten, wenn sie an diesen Punkt gedacht h\u00e4tten. Falls erforderlich, sind die Parteien verpflichtet, eine \u00c4nderung dieses Vertrags vorzunehmen.  <\/p>\n<ol start=\"3\">\n<li style=\"list-style-type: none;\">\n<ol>\n<li style=\"list-style-type: none;\"> <\/li>\n<\/ol>\n<\/li>\n<\/ol>\n\t\t\t\t\t\t\t\t<\/div>\n\t\t\t\t<\/div>\n\t\t\t\t\t<\/div>\n\t\t<\/div>\n\t\t\t\t\t<\/div>\n\t\t<\/section>\n\t\t\t\t<\/div>\n\t\t","protected":false},"excerpt":{"rendered":"<p>General Terms ALLGEMEINE GESCH\u00c4FTSBEDINGUNGEN F\u00dcR FOLKERTS TRADING und seine Markennamen TENERIFE WINDSURF SOLUTION und \/ oder DUOTONE PRO CENTER Folkerts Trading SLU und seine Markennamen Tenerife Windsurf Solution und Duotone Pro Center (FT unten) bieten die folgenden Dienstleistungen an: Surfen, Kiten, sowie Unterricht, Clinics und Kurse. Verleih von Wassersportausr\u00fcstung und anderen Sportger\u00e4ten. Vermietung von Lagercontainern [&hellip;]<\/p>\n","protected":false},"author":2,"featured_media":0,"parent":0,"menu_order":0,"comment_status":"closed","ping_status":"closed","template":"elementor_header_footer","meta":{"footnotes":""},"class_list":["post-11714","page","type-page","status-publish","hentry"],"_links":{"self":[{"href":"https:\/\/twstest.072design.site\/de\/wp-json\/wp\/v2\/pages\/11714","targetHints":{"allow":["GET"]}}],"collection":[{"href":"https:\/\/twstest.072design.site\/de\/wp-json\/wp\/v2\/pages"}],"about":[{"href":"https:\/\/twstest.072design.site\/de\/wp-json\/wp\/v2\/types\/page"}],"author":[{"embeddable":true,"href":"https:\/\/twstest.072design.site\/de\/wp-json\/wp\/v2\/users\/2"}],"replies":[{"embeddable":true,"href":"https:\/\/twstest.072design.site\/de\/wp-json\/wp\/v2\/comments?post=11714"}],"version-history":[{"count":0,"href":"https:\/\/twstest.072design.site\/de\/wp-json\/wp\/v2\/pages\/11714\/revisions"}],"wp:attachment":[{"href":"https:\/\/twstest.072design.site\/de\/wp-json\/wp\/v2\/media?parent=11714"}],"curies":[{"name":"wp","href":"https:\/\/api.w.org\/{rel}","templated":true}]}}