{"id":11721,"date":"2024-09-29T11:23:50","date_gmt":"2024-09-29T10:23:50","guid":{"rendered":"https:\/\/twstest.072design.site\/ich-reise-allein\/"},"modified":"2024-11-16T08:16:48","modified_gmt":"2024-11-16T07:16:48","slug":"ich-reise-allein","status":"publish","type":"page","link":"https:\/\/twstest.072design.site\/de\/ich-reise-allein\/","title":{"rendered":"Ich reise allein"},"content":{"rendered":"\t\t<div data-elementor-type=\"wp-page\" data-elementor-id=\"11721\" class=\"elementor elementor-11721 elementor-2654\" data-elementor-post-type=\"page\">\n\t\t\t\t\t\t<section data-particle_enable=\"false\" data-particle-mobile-disabled=\"false\" class=\"elementor-section elementor-top-section elementor-element elementor-element-40dcdbc6 elementor-section-height-min-height elementor-section-boxed elementor-section-height-default elementor-section-items-middle\" data-id=\"40dcdbc6\" data-element_type=\"section\" data-settings=\"{&quot;jet_parallax_layout_list&quot;:[],&quot;background_background&quot;:&quot;video&quot;,&quot;background_video_link&quot;:&quot;https:\\\/\\\/player.vimeo.com\\\/video\\\/1014277789&quot;}\">\n\t\t\t\t\t\t\t\t<div class=\"elementor-background-video-container elementor-hidden-mobile\" aria-hidden=\"true\">\n\t\t\t\t\t\t\t\t\t\t\t\t\t<div class=\"elementor-background-video-embed\"><\/div>\n\t\t\t\t\t\t\t\t\t\t\t\t<\/div>\n\t\t\t\t\t\t\t\t\t<div class=\"elementor-background-overlay\"><\/div>\n\t\t\t\t\t\t\t<div class=\"elementor-container elementor-column-gap-no\">\n\t\t\t\t\t<div class=\"elementor-column elementor-col-100 elementor-top-column elementor-element elementor-element-4d1d086f\" data-id=\"4d1d086f\" data-element_type=\"column\">\n\t\t\t<div class=\"elementor-widget-wrap elementor-element-populated\">\n\t\t\t\t\t\t<div class=\"elementor-element elementor-element-6c15e380 elementor-widget elementor-widget-heading\" data-id=\"6c15e380\" data-element_type=\"widget\" data-widget_type=\"heading.default\">\n\t\t\t\t<div class=\"elementor-widget-container\">\n\t\t\t\t\t<h2 class=\"elementor-heading-title elementor-size-default\">Die besten Optionen f\u00fcr Solo-Reisen<\/h2>\t\t\t\t<\/div>\n\t\t\t\t<\/div>\n\t\t\t\t\t<\/div>\n\t\t<\/div>\n\t\t\t\t\t<\/div>\n\t\t<\/section>\n\t\t\t\t<section data-particle_enable=\"false\" data-particle-mobile-disabled=\"false\" class=\"elementor-section elementor-top-section elementor-element elementor-element-7e39d98d elementor-section-boxed elementor-section-height-default elementor-section-height-default\" data-id=\"7e39d98d\" data-element_type=\"section\" data-settings=\"{&quot;jet_parallax_layout_list&quot;:[]}\">\n\t\t\t\t\t\t<div class=\"elementor-container elementor-column-gap-default\">\n\t\t\t\t\t<div class=\"elementor-column elementor-col-50 elementor-top-column elementor-element elementor-element-555e200f\" data-id=\"555e200f\" data-element_type=\"column\" data-settings=\"{&quot;background_background&quot;:&quot;classic&quot;}\">\n\t\t\t<div class=\"elementor-widget-wrap elementor-element-populated\">\n\t\t\t\t\t\t<div class=\"elementor-element elementor-element-8842481 elementor-widget elementor-widget-heading\" data-id=\"8842481\" data-element_type=\"widget\" data-widget_type=\"heading.default\">\n\t\t\t\t<div class=\"elementor-widget-container\">\n\t\t\t\t\t<h3 class=\"elementor-heading-title elementor-size-default\">Stell dir vor, dass du neue Freunde aus der ganzen Welt kennenlernst.<\/h3>\t\t\t\t<\/div>\n\t\t\t\t<\/div>\n\t\t\t\t<div class=\"elementor-element elementor-element-d60b5da elementor-widget elementor-widget-heading\" data-id=\"d60b5da\" data-element_type=\"widget\" data-widget_type=\"heading.default\">\n\t\t\t\t<div class=\"elementor-widget-container\">\n\t\t\t\t\t<h3 class=\"elementor-heading-title elementor-size-default\">Alleine zu TWS in El M\u00e9dano zu reisen ist einfach und bequem, mit mehreren Optionen, die deinen Vorlieben und deinem Budget entsprechen.<\/h3>\t\t\t\t<\/div>\n\t\t\t\t<\/div>\n\t\t\t\t<div class=\"elementor-element elementor-element-7b43f48 elementor-widget elementor-widget-text-editor\" data-id=\"7b43f48\" data-element_type=\"widget\" data-widget_type=\"text-editor.default\">\n\t\t\t\t<div class=\"elementor-widget-container\">\n\t\t\t\t\t\t\t\t\t<p><span data-contrast=\"auto\">Hier erf\u00e4hrst du, wie du deine Solo-Reise reibungslos gestalten kannst:<\/span><\/p>\n<p><span data-contrast=\"auto\"><strong>Mit dem Flugzeug<\/strong><\/span><span data-ccp-props=\"{}\"><br><\/span><span data-contrast=\"auto\">Der effizienteste Weg, um nach El M\u00e9dano zu kommen, ist der Flug zum <strong>Flughafen Teneriffa S\u00fcd (TFS)<\/strong>, der nur 10 Autominuten von El M\u00e9dano und TWS entfernt ist. Dieser Flughafen ist gut an viele europ\u00e4ische St\u00e4dte angebunden und wird regelm\u00e4\u00dfig sowohl von Billigfluglinien als auch von gro\u00dfen Fluggesellschaften angeflogen. <\/span><\/p>\n<p><span data-contrast=\"auto\"><strong>&#8211;&gt; Solo-Tipp<\/strong>:<br>Buche fr\u00fch, um die besten Angebote zu bekommen, und nimm einen Fensterplatz, um bei der Landung einen atemberaubenden Blick auf die Landschaft Teneriffas zu genie\u00dfen.<\/span><span data-ccp-props=\"{}\">&nbsp;<\/span><\/p>\n<p><span data-contrast=\"auto\"><strong>Flughafen-Transfers<\/strong><\/span><span data-ccp-props=\"{}\"><br><\/span><span data-contrast=\"auto\">Vom Flughafen Teneriffa S\u00fcd ist es f\u00fcr Alleinreisende am einfachsten und stressfreiesten, einen <strong>Flughafentransfer<\/strong> zu organisieren.<\/span><\/p>\n<p><span data-contrast=\"auto\">Viele Unternehmen bieten gemeinsame oder private Transfers an, die dich direkt zu deiner Unterkunft in El M\u00e9dano bringen. Du kannst online im Voraus buchen oder dich am Flughafen erkundigen. <\/span><\/p>\n<p><span data-contrast=\"auto\">&#8212; <strong>&gt; Solo-Tipp<\/strong>:<br>Wenn du Komfort und einen Service von T\u00fcr zu T\u00fcr bevorzugst, ist ein privater Transfer ideal. F\u00fcr preisbewusste Reisende gibt es auch geteilte Shuttles. <\/span><\/p>\n<p><span data-contrast=\"auto\"><strong>Taxi<\/strong><\/span><span data-ccp-props=\"{}\"><br><\/span><span data-contrast=\"auto\">Am Flughafen Teneriffa S\u00fcd stehen Taxis bereit. Die Fahrt nach El M\u00e9dano dauert etwa 10-15 Minuten und kostet normalerweise zwischen 15 und 20 \u20ac. Das ist eine schnelle und unkomplizierte Option, besonders f\u00fcr Alleinreisende mit Ausr\u00fcstung.  <\/span><\/p>\n<p><span data-contrast=\"auto\"><strong>&#8211;&gt; Solo Tipp<\/strong>:<br>Wenn du mit Windsurfing-Ausr\u00fcstung unterwegs bist, solltest du dich vergewissern, dass das Taxi genug Platz hat, oder im Voraus ein gr\u00f6\u00dferes Fahrzeug anfordern.<\/span><\/p>\n<p><span data-contrast=\"auto\"><strong>\u00d6ffentlicher Bus<\/strong><\/span><span data-ccp-props=\"{}\"><br><\/span><span data-contrast=\"auto\">Eine preisg\u00fcnstigere Variante ist die Fahrt mit dem <strong>\u00f6ffentlichen Bus (TITSA)<\/strong>&nbsp;vom Flughafen aus. Die Linie 470 oder die Linie 111 bringen dich in etwa 30 Minuten nach El M\u00e9dano. Die Busse fahren zuverl\u00e4ssig und h\u00e4ufig, aber nach der Ankunft musst du ein St\u00fcck zu deiner Unterkunft oder zum TWS Center laufen.  <\/span><\/p>\n<p><span data-contrast=\"auto\"><strong>&#8211;&gt; Solo-Tipp<\/strong>:<br>Kaufe eine <strong>TEN+ Karte<\/strong>&nbsp;am Flughafen, um das Bussystem von Teneriffa zu nutzen und erm\u00e4\u00dfigte Fahrpreise zu erhalten.<\/span><span data-ccp-props=\"{}\">&nbsp;<\/span><\/p>\n<p><span data-contrast=\"auto\"><strong>Autovermietung<\/strong><\/span><span data-ccp-props=\"{}\"><br><\/span><span data-contrast=\"auto\">Wenn du Unabh\u00e4ngigkeit und Flexibilit\u00e4t bevorzugst, ist ein Mietwagen eine gute Option, vor allem wenn du vorhast, w\u00e4hrend deines Aufenthalts andere Teile Teneriffas zu erkunden.<\/span><\/p>\n<p><span data-contrast=\"auto\">Am Flughafen Teneriffa S\u00fcd gibt es mehrere Autovermietungen, und die Fahrt nach El M\u00e9dano ist \u00fcber die Autobahn TF-1 ganz einfach.<\/span><\/p>\n<p><span data-contrast=\"auto\">&#8212; <strong>&gt; Solo-Tipp<\/strong>:<br>Wenn du alleine unterwegs bist, solltest du ein kleineres Auto buchen, da die Parkm\u00f6glichkeiten in El M\u00e9dano begrenzt sein k\u00f6nnen, besonders in Strandn\u00e4he.<\/span><\/p>\n<p><span data-contrast=\"auto\"><strong>Unterkunft<\/strong><\/span><span data-ccp-props=\"{}\"><br><\/span><span data-contrast=\"auto\">In El M\u00e9dano findest du eine Vielzahl von Unterk\u00fcnften f\u00fcr Alleinreisende, von g\u00fcnstigen Hostels bis hin zu Appartements direkt am Strand. Wenn du in der N\u00e4he des TWS-Centers wohnst, kannst du deine t\u00e4glichen Windsurf-Sessions leicht erreichen. <\/span><\/p>\n<p><span data-contrast=\"auto\"><strong>&#8211;&gt; Solo Tipp<\/strong>:<br>Suche nach Unterk\u00fcnften mit Gemeinschaftsr\u00e4umen oder Gemeinschaftsk\u00fcchen, wenn du w\u00e4hrend deines Aufenthalts andere Alleinreisende und Wassersportler treffen m\u00f6chtest.<\/span><\/p>\n<p><span data-contrast=\"auto\"><strong>Sich in El M\u00e9dano bewegen<\/strong><\/span><span data-ccp-props=\"{}\"><br><\/span><span data-contrast=\"auto\">El M\u00e9dano ist eine kleine, fu\u00dfl\u00e4ufige Stadt, so dass du nicht auf \u00f6ffentliche Verkehrsmittel angewiesen bist, wenn du dort bist. Die TWS, Restaurants, Gesch\u00e4fte und Str\u00e4nde sind nur wenige Gehminuten entfernt. <\/span><\/p>\n<p><span data-contrast=\"auto\">&#8212; <strong>&gt; Solo-Tipp<\/strong>:<br>F\u00fcr kurze Ausfl\u00fcge in der Stadt ist das Mieten eines Fahrrads eine lustige und umweltfreundliche Art, sich fortzubewegen und die Gegend zu erkunden. Nutze unbedingt die TWS-Treuekarte <\/span><\/p>\n<p><strong>Fazit<br><\/strong><span data-contrast=\"auto\">Egal, ob du Bequemlichkeit, g\u00fcnstiges Reisen oder Flexibilit\u00e4t bevorzugst, es gibt viele solofreundliche Optionen, um zur TWS in El M\u00e9dano zu gelangen.<\/span><\/p>\n<p><span data-contrast=\"auto\">Mit einem Flug zum Flughafen Teneriffa S\u00fcd und einem einfachen Transfer oder \u00f6ffentlichen Verkehrsmitteln kannst du ganz einfach ankommen und dein Windsurf-Abenteuer beginnen.<\/span><\/p>\n<p><strong>Sobald du im Center bist, wirst du den Vibe und den Gemeinschaftsgeist lieben! Windsurfen wie nie zuvor! &nbsp;<\/strong><\/p>\t\t\t\t\t\t\t\t<\/div>\n\t\t\t\t<\/div>\n\t\t\t\t\t<\/div>\n\t\t<\/div>\n\t\t\t\t<div class=\"elementor-column elementor-col-50 elementor-top-column elementor-element elementor-element-3011383\" data-id=\"3011383\" data-element_type=\"column\" data-settings=\"{&quot;background_background&quot;:&quot;classic&quot;}\">\n\t\t\t<div class=\"elementor-widget-wrap elementor-element-populated\">\n\t\t\t\t\t\t<div class=\"elementor-element elementor-element-958f0fb elementor-widget elementor-widget-image\" data-id=\"958f0fb\" data-element_type=\"widget\" data-widget_type=\"image.default\">\n\t\t\t\t<div class=\"elementor-widget-container\">\n\t\t\t\t\t\t\t\t\t\t\t\t\t\t\t<img fetchpriority=\"high\" decoding=\"async\" width=\"800\" height=\"800\" src=\"https:\/\/twstest.072design.site\/wp-content\/uploads\/2024\/09\/wave10.jpg\" class=\"attachment-large size-large wp-image-1718\" alt=\"\" srcset=\"https:\/\/twstest.072design.site\/wp-content\/uploads\/2024\/09\/wave10.jpg 1024w, https:\/\/twstest.072design.site\/wp-content\/uploads\/2024\/09\/wave10-300x300.jpg 300w, https:\/\/twstest.072design.site\/wp-content\/uploads\/2024\/09\/wave10-150x150.jpg 150w, https:\/\/twstest.072design.site\/wp-content\/uploads\/2024\/09\/wave10-768x768.jpg 768w, https:\/\/twstest.072design.site\/wp-content\/uploads\/2024\/09\/wave10-600x600.jpg 600w, https:\/\/twstest.072design.site\/wp-content\/uploads\/2024\/09\/wave10-100x100.jpg 100w\" sizes=\"(max-width: 800px) 100vw, 800px\" \/>\t\t\t\t\t\t\t\t\t\t\t\t\t\t\t<\/div>\n\t\t\t\t<\/div>\n\t\t\t\t<div class=\"elementor-element elementor-element-61b2e6e elementor-widget elementor-widget-image\" data-id=\"61b2e6e\" data-element_type=\"widget\" data-widget_type=\"image.default\">\n\t\t\t\t<div class=\"elementor-widget-container\">\n\t\t\t\t\t\t\t\t\t\t\t\t\t\t\t<img decoding=\"async\" width=\"800\" height=\"800\" src=\"https:\/\/twstest.072design.site\/wp-content\/uploads\/2024\/09\/TWS-clinics-2.png\" class=\"attachment-large size-large wp-image-315\" alt=\"TWS clinics 2\" srcset=\"https:\/\/twstest.072design.site\/wp-content\/uploads\/2024\/09\/TWS-clinics-2.png 1024w, https:\/\/twstest.072design.site\/wp-content\/uploads\/2024\/09\/TWS-clinics-2-300x300.png 300w, https:\/\/twstest.072design.site\/wp-content\/uploads\/2024\/09\/TWS-clinics-2-150x150.png 150w, https:\/\/twstest.072design.site\/wp-content\/uploads\/2024\/09\/TWS-clinics-2-768x768.png 768w, https:\/\/twstest.072design.site\/wp-content\/uploads\/2024\/09\/TWS-clinics-2-600x600.png 600w, https:\/\/twstest.072design.site\/wp-content\/uploads\/2024\/09\/TWS-clinics-2-100x100.png 100w\" sizes=\"(max-width: 800px) 100vw, 800px\" \/>\t\t\t\t\t\t\t\t\t\t\t\t\t\t\t<\/div>\n\t\t\t\t<\/div>\n\t\t\t\t\t<\/div>\n\t\t<\/div>\n\t\t\t\t\t<\/div>\n\t\t<\/section>\n\t\t\t\t<section data-particle_enable=\"false\" data-particle-mobile-disabled=\"false\" class=\"elementor-section elementor-top-section elementor-element elementor-element-502952d elementor-section-full_width elementor-section-height-default elementor-section-height-default\" data-id=\"502952d\" data-element_type=\"section\" data-settings=\"{&quot;jet_parallax_layout_list&quot;:[]}\">\n\t\t\t\t\t\t<div class=\"elementor-container elementor-column-gap-no\">\n\t\t\t\t\t<div class=\"elementor-column elementor-col-100 elementor-top-column elementor-element elementor-element-b5f9b59\" data-id=\"b5f9b59\" data-element_type=\"column\">\n\t\t\t<div class=\"elementor-widget-wrap elementor-element-populated\">\n\t\t\t\t\t\t<div class=\"elementor-element elementor-element-1f3f37f elementor-widget elementor-widget-html\" data-id=\"1f3f37f\" data-element_type=\"widget\" data-widget_type=\"html.default\">\n\t\t\t\t<div class=\"elementor-widget-container\">\n\t\t\t\t\t<script type=\"text\/javascript\" src=\"https:\/\/twswindsurf.vikingbookings.com\/en\/widget.js\"><\/script>\t\t\t\t<\/div>\n\t\t\t\t<\/div>\n\t\t\t\t\t<\/div>\n\t\t<\/div>\n\t\t\t\t\t<\/div>\n\t\t<\/section>\n\t\t\t\t<section data-particle_enable=\"false\" data-particle-mobile-disabled=\"false\" class=\"elementor-section elementor-top-section elementor-element elementor-element-7227a8ae elementor-section-boxed elementor-section-height-default elementor-section-height-default\" data-id=\"7227a8ae\" data-element_type=\"section\" data-settings=\"{&quot;jet_parallax_layout_list&quot;:[]}\">\n\t\t\t\t\t\t<div class=\"elementor-container elementor-column-gap-default\">\n\t\t\t\t\t<div class=\"elementor-column elementor-col-100 elementor-top-column elementor-element elementor-element-328609b5\" data-id=\"328609b5\" data-element_type=\"column\">\n\t\t\t<div class=\"elementor-widget-wrap elementor-element-populated\">\n\t\t\t\t\t\t<div class=\"elementor-element elementor-element-9120e60 elementor-widget elementor-widget-template\" data-id=\"9120e60\" data-element_type=\"widget\" data-widget_type=\"template.default\">\n\t\t\t\t<div class=\"elementor-widget-container\">\n\t\t\t\t\t\t\t<div class=\"elementor-template\">\n\t\t\t\t\t<div data-elementor-type=\"section\" data-elementor-id=\"13905\" class=\"elementor elementor-13905 elementor-744\" data-elementor-post-type=\"elementor_library\">\n\t\t\t\t\t<section data-particle_enable=\"false\" data-particle-mobile-disabled=\"false\" class=\"elementor-section elementor-top-section elementor-element elementor-element-33be3b84 elementor-section-boxed elementor-section-height-default elementor-section-height-default\" data-id=\"33be3b84\" data-element_type=\"section\" data-settings=\"{&quot;jet_parallax_layout_list&quot;:[]}\">\n\t\t\t\t\t\t<div class=\"elementor-container elementor-column-gap-default\">\n\t\t\t\t\t<div class=\"elementor-column elementor-col-50 elementor-top-column elementor-element elementor-element-20151c2f\" data-id=\"20151c2f\" data-element_type=\"column\">\n\t\t\t<div class=\"elementor-widget-wrap elementor-element-populated\">\n\t\t\t\t\t\t<div class=\"elementor-element elementor-element-124b63cf elementor-widget__width-auto elementor-widget elementor-widget-button\" data-id=\"124b63cf\" data-element_type=\"widget\" data-widget_type=\"button.default\">\n\t\t\t\t<div class=\"elementor-widget-container\">\n\t\t\t\t\t\t\t\t\t<div class=\"elementor-button-wrapper\">\n\t\t\t\t\t<a class=\"elementor-button elementor-size-sm\" role=\"button\">\n\t\t\t\t\t\t<span class=\"elementor-button-content-wrapper\">\n\t\t\t\t\t\t\t\t\t<span class=\"elementor-button-text\">GRATIS Geschenk<\/span>\n\t\t\t\t\t<\/span>\n\t\t\t\t\t<\/a>\n\t\t\t\t<\/div>\n\t\t\t\t\t\t\t\t<\/div>\n\t\t\t\t<\/div>\n\t\t\t\t<div class=\"elementor-element elementor-element-4489081a elementor-widget elementor-widget-image\" data-id=\"4489081a\" data-element_type=\"widget\" data-widget_type=\"image.default\">\n\t\t\t\t<div class=\"elementor-widget-container\">\n\t\t\t\t\t\t\t\t\t\t\t\t\t\t\t<img decoding=\"async\" width=\"580\" height=\"419\" src=\"https:\/\/twstest.072design.site\/wp-content\/uploads\/2024\/09\/tshirt.jpg\" class=\"attachment-large size-large wp-image-1022\" alt=\"\" srcset=\"https:\/\/twstest.072design.site\/wp-content\/uploads\/2024\/09\/tshirt.jpg 580w, https:\/\/twstest.072design.site\/wp-content\/uploads\/2024\/09\/tshirt-300x217.jpg 300w\" sizes=\"(max-width: 580px) 100vw, 580px\" \/>\t\t\t\t\t\t\t\t\t\t\t\t\t\t\t<\/div>\n\t\t\t\t<\/div>\n\t\t\t\t\t<\/div>\n\t\t<\/div>\n\t\t\t\t<div class=\"elementor-column elementor-col-50 elementor-top-column elementor-element elementor-element-15508528\" data-id=\"15508528\" data-element_type=\"column\">\n\t\t\t<div class=\"elementor-widget-wrap elementor-element-populated\">\n\t\t\t\t\t\t<div class=\"elementor-element elementor-element-38470059 elementor-widget elementor-widget-heading\" data-id=\"38470059\" data-element_type=\"widget\" data-widget_type=\"heading.default\">\n\t\t\t\t<div class=\"elementor-widget-container\">\n\t\t\t\t\t<h4 class=\"elementor-heading-title elementor-size-default\">mit jeder Buchung<\/h4>\t\t\t\t<\/div>\n\t\t\t\t<\/div>\n\t\t\t\t<div class=\"elementor-element elementor-element-1e9f709d elementor-widget elementor-widget-heading\" data-id=\"1e9f709d\" data-element_type=\"widget\" data-widget_type=\"heading.default\">\n\t\t\t\t<div class=\"elementor-widget-container\">\n\t\t\t\t\t<h2 class=\"elementor-heading-title elementor-size-default\">KOSTENLOSES TWS-T-Shirt<\/h2>\t\t\t\t<\/div>\n\t\t\t\t<\/div>\n\t\t\t\t<div class=\"elementor-element elementor-element-5fb31772 elementor-widget elementor-widget-text-editor\" data-id=\"5fb31772\" data-element_type=\"widget\" data-widget_type=\"text-editor.default\">\n\t\t\t\t<div class=\"elementor-widget-container\">\n\t\t\t\t\t\t\t\t\t<p>Jeder Gast erh\u00e4lt bei seiner ersten Buchung einen TWS T-Shirt Gutschein.<\/p>\n<p>Du kannst <strong>dein<\/strong> T-Shirt im <a href=\"https:\/\/twstest.072design.site\/de\/tws-surf-shop\/\">TWS Local Surf Shop<\/a> abholen<\/p>\n<p>Wenn du im Laden bist, schau dir die H20 Teneriffa T-Shirt-Kollektion an und nimm sie als sch\u00f6ne Erinnerung an TWS und El M\u00e9dano mit nach Hause.<\/p>\n\t\t\t\t\t\t\t\t<\/div>\n\t\t\t\t<\/div>\n\t\t\t\t<div class=\"elementor-element elementor-element-716defd3 elementor-align-left elementor-widget elementor-widget-button\" data-id=\"716defd3\" data-element_type=\"widget\" data-widget_type=\"button.default\">\n\t\t\t\t<div class=\"elementor-widget-container\">\n\t\t\t\t\t\t\t\t\t<div class=\"elementor-button-wrapper\">\n\t\t\t\t\t<a class=\"elementor-button elementor-button-link elementor-size-sm\" href=\"https:\/\/app.vikingbookings.com\/widget\/booking\/5a0000001f000000ae77bea9\" target=\"_blank\" rel=\"noopener\">\n\t\t\t\t\t\t<span class=\"elementor-button-content-wrapper\">\n\t\t\t\t\t\t\t\t\t<span class=\"elementor-button-text\">Jetzt buchen<\/span>\n\t\t\t\t\t<\/span>\n\t\t\t\t\t<\/a>\n\t\t\t\t<\/div>\n\t\t\t\t\t\t\t\t<\/div>\n\t\t\t\t<\/div>\n\t\t\t\t\t<\/div>\n\t\t<\/div>\n\t\t\t\t\t<\/div>\n\t\t<\/section>\n\t\t\t\t<\/div>\n\t\t\t\t<\/div>\n\t\t\t\t\t\t<\/div>\n\t\t\t\t<\/div>\n\t\t\t\t\t<\/div>\n\t\t<\/div>\n\t\t\t\t\t<\/div>\n\t\t<\/section>\n\t\t\t\t<section data-particle_enable=\"false\" data-particle-mobile-disabled=\"false\" class=\"elementor-section elementor-top-section elementor-element elementor-element-d47af27 elementor-section-boxed elementor-section-height-default elementor-section-height-default\" data-id=\"d47af27\" data-element_type=\"section\" data-settings=\"{&quot;jet_parallax_layout_list&quot;:[]}\">\n\t\t\t\t\t\t<div class=\"elementor-container elementor-column-gap-default\">\n\t\t\t\t\t<div class=\"elementor-column elementor-col-100 elementor-top-column elementor-element elementor-element-79a01de\" data-id=\"79a01de\" data-element_type=\"column\">\n\t\t\t<div class=\"elementor-widget-wrap elementor-element-populated\">\n\t\t\t\t\t\t<div class=\"elementor-element elementor-element-ad9a520 elementor-skin-carousel elementor-widget elementor-widget-media-carousel\" data-id=\"ad9a520\" data-element_type=\"widget\" data-settings=\"{&quot;slides_per_view&quot;:&quot;4&quot;,&quot;autoplay_speed&quot;:1250,&quot;space_between&quot;:{&quot;unit&quot;:&quot;px&quot;,&quot;size&quot;:&quot;&quot;,&quot;sizes&quot;:[]},&quot;skin&quot;:&quot;carousel&quot;,&quot;effect&quot;:&quot;slide&quot;,&quot;speed&quot;:500,&quot;autoplay&quot;:&quot;yes&quot;,&quot;loop&quot;:&quot;yes&quot;,&quot;pause_on_hover&quot;:&quot;yes&quot;,&quot;pause_on_interaction&quot;:&quot;yes&quot;,&quot;space_between_tablet&quot;:{&quot;unit&quot;:&quot;px&quot;,&quot;size&quot;:10,&quot;sizes&quot;:[]},&quot;space_between_mobile&quot;:{&quot;unit&quot;:&quot;px&quot;,&quot;size&quot;:10,&quot;sizes&quot;:[]}}\" data-widget_type=\"media-carousel.default\">\n\t\t\t\t<div class=\"elementor-widget-container\">\n\t\t\t\t\t\t\t\t\t<div class=\"elementor-swiper\">\n\t\t\t\t\t<div class=\"elementor-main-swiper swiper\" role=\"region\" aria-roledescription=\"carousel\" aria-label=\"Slider\">\n\t\t\t\t<div class=\"swiper-wrapper\">\n\t\t\t\t\t\t\t\t\t\t\t<div class=\"swiper-slide\" role=\"group\" aria-roledescription=\"slide\">\n\t\t\t\t\t\t\t\t\t<div class=\"elementor-carousel-image\" role=\"img\" aria-label=\"neilpryde\" style=\"background-image: url(&#039;https:\/\/twstest.072design.site\/wp-content\/uploads\/2024\/09\/neilpryde.png&#039;)\">\n\n\t\t\t\n\t\t\t\t\t<\/div>\n\t\t\t\t\t\t\t\t<\/div>\n\t\t\t\t\t\t\t\t\t\t\t<div class=\"swiper-slide\" role=\"group\" aria-roledescription=\"slide\">\n\t\t\t\t\t\t\t\t\t<div class=\"elementor-carousel-image\" role=\"img\" aria-label=\"\" style=\"background-image: url(&#039;https:\/\/twstest.072design.site\/wp-content\/uploads\/2024\/09\/bruch-boards.png&#039;)\">\n\n\t\t\t\n\t\t\t\t\t<\/div>\n\t\t\t\t\t\t\t\t<\/div>\n\t\t\t\t\t\t\t\t\t\t\t<div class=\"swiper-slide\" role=\"group\" aria-roledescription=\"slide\">\n\t\t\t\t\t\t\t\t\t<div class=\"elementor-carousel-image\" role=\"img\" aria-label=\"naish\" style=\"background-image: url(&#039;https:\/\/twstest.072design.site\/wp-content\/uploads\/2024\/09\/naish.png&#039;)\">\n\n\t\t\t\n\t\t\t\t\t<\/div>\n\t\t\t\t\t\t\t\t<\/div>\n\t\t\t\t\t\t\t\t\t\t\t<div class=\"swiper-slide\" role=\"group\" aria-roledescription=\"slide\">\n\t\t\t\t\t\t\t\t\t<div class=\"elementor-carousel-image\" role=\"img\" aria-label=\"core-logo\" style=\"background-image: url(&#039;https:\/\/twstest.072design.site\/wp-content\/uploads\/2024\/09\/core-logo.png&#039;)\">\n\n\t\t\t\n\t\t\t\t\t<\/div>\n\t\t\t\t\t\t\t\t<\/div>\n\t\t\t\t\t\t\t\t\t\t\t<div class=\"swiper-slide\" role=\"group\" aria-roledescription=\"slide\">\n\t\t\t\t\t\t\t\t\t<div class=\"elementor-carousel-image\" role=\"img\" aria-label=\"lift-foils\" style=\"background-image: url(&#039;https:\/\/twstest.072design.site\/wp-content\/uploads\/2024\/09\/lift-foils.png&#039;)\">\n\n\t\t\t\n\t\t\t\t\t<\/div>\n\t\t\t\t\t\t\t\t<\/div>\n\t\t\t\t\t\t\t\t\t\t\t<div class=\"swiper-slide\" role=\"group\" aria-roledescription=\"slide\">\n\t\t\t\t\t\t\t\t\t<div class=\"elementor-carousel-image\" role=\"img\" aria-label=\"f4-foils\" style=\"background-image: url(&#039;https:\/\/twstest.072design.site\/wp-content\/uploads\/2024\/09\/f4-foils.png&#039;)\">\n\n\t\t\t\n\t\t\t\t\t<\/div>\n\t\t\t\t\t\t\t\t<\/div>\n\t\t\t\t\t\t\t\t\t\t\t<div class=\"swiper-slide\" role=\"group\" aria-roledescription=\"slide\">\n\t\t\t\t\t\t\t\t\t<div class=\"elementor-carousel-image\" role=\"img\" aria-label=\"ezzy\" style=\"background-image: url(&#039;https:\/\/twstest.072design.site\/wp-content\/uploads\/2024\/09\/ezzy.png&#039;)\">\n\n\t\t\t\n\t\t\t\t\t<\/div>\n\t\t\t\t\t\t\t\t<\/div>\n\t\t\t\t\t\t\t\t\t<\/div>\n\t\t\t\t\t\t\t\t\t\t\t\t\t\t\t\t\t\t\t\t\t<\/div>\n\t\t\t\t<\/div>\n\t\t\t\t\t\t\t\t<\/div>\n\t\t\t\t<\/div>\n\t\t\t\t\t<\/div>\n\t\t<\/div>\n\t\t\t\t\t<\/div>\n\t\t<\/section>\n\t\t\t\t<\/div>\n\t\t","protected":false},"excerpt":{"rendered":"<p>Die besten Optionen f\u00fcr Solo-Reisen Stell dir vor, dass du neue Freunde aus der ganzen Welt kennenlernst. Alleine zu TWS in El M\u00e9dano zu reisen ist einfach und bequem, mit mehreren Optionen, die deinen Vorlieben und deinem Budget entsprechen. Hier erf\u00e4hrst du, wie du deine Solo-Reise reibungslos gestalten kannst: Mit dem FlugzeugDer effizienteste Weg, um [&hellip;]<\/p>\n","protected":false},"author":2,"featured_media":0,"parent":0,"menu_order":0,"comment_status":"closed","ping_status":"closed","template":"elementor_header_footer","meta":{"footnotes":""},"class_list":["post-11721","page","type-page","status-publish","hentry"],"_links":{"self":[{"href":"https:\/\/twstest.072design.site\/de\/wp-json\/wp\/v2\/pages\/11721","targetHints":{"allow":["GET"]}}],"collection":[{"href":"https:\/\/twstest.072design.site\/de\/wp-json\/wp\/v2\/pages"}],"about":[{"href":"https:\/\/twstest.072design.site\/de\/wp-json\/wp\/v2\/types\/page"}],"author":[{"embeddable":true,"href":"https:\/\/twstest.072design.site\/de\/wp-json\/wp\/v2\/users\/2"}],"replies":[{"embeddable":true,"href":"https:\/\/twstest.072design.site\/de\/wp-json\/wp\/v2\/comments?post=11721"}],"version-history":[{"count":0,"href":"https:\/\/twstest.072design.site\/de\/wp-json\/wp\/v2\/pages\/11721\/revisions"}],"wp:attachment":[{"href":"https:\/\/twstest.072design.site\/de\/wp-json\/wp\/v2\/media?parent=11721"}],"curies":[{"name":"wp","href":"https:\/\/api.w.org\/{rel}","templated":true}]}}