{"id":11806,"date":"2024-09-27T05:38:02","date_gmt":"2024-09-27T04:38:02","guid":{"rendered":"https:\/\/twstest.072design.site\/ein-auto-mieten\/"},"modified":"2024-11-16T08:17:22","modified_gmt":"2024-11-16T07:17:22","slug":"ein-auto-mieten","status":"publish","type":"page","link":"https:\/\/twstest.072design.site\/de\/ein-auto-mieten\/","title":{"rendered":"Ein Auto mieten"},"content":{"rendered":"\t\t<div data-elementor-type=\"wp-page\" data-elementor-id=\"11806\" class=\"elementor elementor-11806 elementor-1430\" data-elementor-post-type=\"page\">\n\t\t\t\t\t\t<section data-particle_enable=\"false\" data-particle-mobile-disabled=\"false\" class=\"elementor-section elementor-top-section elementor-element elementor-element-46b9c7f elementor-section-height-min-height elementor-section-boxed elementor-section-height-default elementor-section-items-middle\" data-id=\"46b9c7f\" data-element_type=\"section\" data-settings=\"{&quot;jet_parallax_layout_list&quot;:[],&quot;background_background&quot;:&quot;video&quot;,&quot;background_video_link&quot;:&quot;https:\\\/\\\/player.vimeo.com\\\/video\\\/&quot;}\">\n\t\t\t\t\t\t\t\t<div class=\"elementor-background-video-container elementor-hidden-mobile\" aria-hidden=\"true\">\n\t\t\t\t\t\t\t\t\t\t\t\t\t<video class=\"elementor-background-video-hosted\" autoplay muted playsinline loop><\/video>\n\t\t\t\t\t\t\t\t\t\t\t<\/div>\n\t\t\t\t\t\t\t\t\t<div class=\"elementor-background-overlay\"><\/div>\n\t\t\t\t\t\t\t<div class=\"elementor-container elementor-column-gap-no\">\n\t\t\t\t\t<div class=\"elementor-column elementor-col-100 elementor-top-column elementor-element elementor-element-3c235e4a\" data-id=\"3c235e4a\" data-element_type=\"column\">\n\t\t\t<div class=\"elementor-widget-wrap elementor-element-populated\">\n\t\t\t\t\t\t<div class=\"elementor-element elementor-element-3d2737a7 elementor-widget elementor-widget-heading\" data-id=\"3d2737a7\" data-element_type=\"widget\" data-widget_type=\"heading.default\">\n\t\t\t\t<div class=\"elementor-widget-container\">\n\t\t\t\t\t<h1 class=\"elementor-heading-title elementor-size-default\">MIETE DAS AUTO <br>, DAS ZU DIR PASST<\/h1>\t\t\t\t<\/div>\n\t\t\t\t<\/div>\n\t\t\t\t\t<\/div>\n\t\t<\/div>\n\t\t\t\t\t<\/div>\n\t\t<\/section>\n\t\t\t\t<section data-particle_enable=\"false\" data-particle-mobile-disabled=\"false\" class=\"elementor-section elementor-top-section elementor-element elementor-element-2f4754ac elementor-section-boxed elementor-section-height-default elementor-section-height-default\" data-id=\"2f4754ac\" data-element_type=\"section\" data-settings=\"{&quot;jet_parallax_layout_list&quot;:[]}\">\n\t\t\t\t\t\t<div class=\"elementor-container elementor-column-gap-default\">\n\t\t\t\t\t<div class=\"elementor-column elementor-col-100 elementor-top-column elementor-element elementor-element-54bd8cab\" data-id=\"54bd8cab\" data-element_type=\"column\" data-settings=\"{&quot;background_background&quot;:&quot;classic&quot;}\">\n\t\t\t<div class=\"elementor-widget-wrap elementor-element-populated\">\n\t\t\t\t\t\t<div class=\"elementor-element elementor-element-5d27b4f6 elementor-widget elementor-widget-heading\" data-id=\"5d27b4f6\" data-element_type=\"widget\" data-widget_type=\"heading.default\">\n\t\t\t\t<div class=\"elementor-widget-container\">\n\t\t\t\t\t<h2 class=\"elementor-heading-title elementor-size-default\">Vielfalt an M\u00f6glichkeiten<\/h2>\t\t\t\t<\/div>\n\t\t\t\t<\/div>\n\t\t\t\t<div class=\"elementor-element elementor-element-5775f42 elementor-widget elementor-widget-heading\" data-id=\"5775f42\" data-element_type=\"widget\" data-widget_type=\"heading.default\">\n\t\t\t\t<div class=\"elementor-widget-container\">\n\t\t\t\t\t<h2 class=\"elementor-heading-title elementor-size-default\">Die wundersch\u00f6ne Insel Teneriffa mit dem Auto zu erkunden, ist eine fantastische M\u00f6glichkeit, alles zu sehen.<\/h2>\t\t\t\t<\/div>\n\t\t\t\t<\/div>\n\t\t\t\t<div class=\"elementor-element elementor-element-40239d36 elementor-widget elementor-widget-text-editor\" data-id=\"40239d36\" data-element_type=\"widget\" data-widget_type=\"text-editor.default\">\n\t\t\t\t<div class=\"elementor-widget-container\">\n\t\t\t\t\t\t\t\t\t<p>Ein Auto vom Flughafen Teneriffa S\u00fcd zu mieten ist praktisch, aber wenn du lieber warten m\u00f6chtest, bis du in El M\u00e9dano ankommst, gibt es auch tolle lokale M\u00f6glichkeiten.<\/p>\n<p>Sowohl am Flughafen als auch in El M\u00e9dano gibt es eine gro\u00dfe Auswahl an Mietwagen, die f\u00fcr unterschiedliche Budgets und Reisebed\u00fcrfnisse geeignet sind. Au\u00dferdem gibt es einige lokale Vermieter, die sich auf Windsurf-Enthusiasten spezialisiert haben und Fahrzeuge mit Platz f\u00fcr Ausr\u00fcstung und Dachgep\u00e4cktr\u00e4ger anbieten! <\/p>\t\t\t\t\t\t\t\t<\/div>\n\t\t\t\t<\/div>\n\t\t\t\t\t<\/div>\n\t\t<\/div>\n\t\t\t\t\t<\/div>\n\t\t<\/section>\n\t\t\t\t<section data-particle_enable=\"false\" data-particle-mobile-disabled=\"false\" class=\"elementor-section elementor-top-section elementor-element elementor-element-3e78bca elementor-section-boxed elementor-section-height-default elementor-section-height-default\" data-id=\"3e78bca\" data-element_type=\"section\" data-settings=\"{&quot;jet_parallax_layout_list&quot;:[]}\">\n\t\t\t\t\t\t<div class=\"elementor-container elementor-column-gap-default\">\n\t\t\t\t\t<div class=\"elementor-column elementor-col-50 elementor-top-column elementor-element elementor-element-e872af1\" data-id=\"e872af1\" data-element_type=\"column\" data-settings=\"{&quot;background_background&quot;:&quot;classic&quot;}\">\n\t\t\t<div class=\"elementor-widget-wrap elementor-element-populated\">\n\t\t\t\t\t\t<div class=\"elementor-element elementor-element-2d0e2df elementor-widget elementor-widget-image\" data-id=\"2d0e2df\" data-element_type=\"widget\" data-widget_type=\"image.default\">\n\t\t\t\t<div class=\"elementor-widget-container\">\n\t\t\t\t\t\t\t\t\t\t\t\t\t\t\t<img fetchpriority=\"high\" decoding=\"async\" width=\"800\" height=\"800\" src=\"https:\/\/twstest.072design.site\/wp-content\/uploads\/2024\/09\/car-rental.jpg\" class=\"attachment-large size-large wp-image-3251\" alt=\"\" srcset=\"https:\/\/twstest.072design.site\/wp-content\/uploads\/2024\/09\/car-rental.jpg 1024w, https:\/\/twstest.072design.site\/wp-content\/uploads\/2024\/09\/car-rental-300x300.jpg 300w, https:\/\/twstest.072design.site\/wp-content\/uploads\/2024\/09\/car-rental-150x150.jpg 150w, https:\/\/twstest.072design.site\/wp-content\/uploads\/2024\/09\/car-rental-768x768.jpg 768w, https:\/\/twstest.072design.site\/wp-content\/uploads\/2024\/09\/car-rental-600x600.jpg 600w, https:\/\/twstest.072design.site\/wp-content\/uploads\/2024\/09\/car-rental-100x100.jpg 100w\" sizes=\"(max-width: 800px) 100vw, 800px\" \/>\t\t\t\t\t\t\t\t\t\t\t\t\t\t\t<\/div>\n\t\t\t\t<\/div>\n\t\t\t\t\t<\/div>\n\t\t<\/div>\n\t\t\t\t<div class=\"elementor-column elementor-col-50 elementor-top-column elementor-element elementor-element-e1099e4\" data-id=\"e1099e4\" data-element_type=\"column\" data-settings=\"{&quot;background_background&quot;:&quot;classic&quot;}\">\n\t\t\t<div class=\"elementor-widget-wrap elementor-element-populated\">\n\t\t\t\t\t\t<div class=\"elementor-element elementor-element-cb16311 elementor-widget elementor-widget-heading\" data-id=\"cb16311\" data-element_type=\"widget\" data-widget_type=\"heading.default\">\n\t\t\t\t<div class=\"elementor-widget-container\">\n\t\t\t\t\t<h2 class=\"elementor-heading-title elementor-size-default\">Autovermietungsoptionen am Flughafen Teneriffa S\u00fcd<\/h2>\t\t\t\t<\/div>\n\t\t\t\t<\/div>\n\t\t\t\t<div class=\"elementor-element elementor-element-f3822c7 elementor-widget elementor-widget-text-editor\" data-id=\"f3822c7\" data-element_type=\"widget\" data-widget_type=\"text-editor.default\">\n\t\t\t\t<div class=\"elementor-widget-container\">\n\t\t\t\t\t\t\t\t\t<ul>\n<li><strong>Gro\u00dfe Autovermietungen<\/strong>: Bekannte internationale Autovermietungen wie Hertz, Avis, Europcar, Sixt und Budget sind am Flughafen vertreten. Sie bieten eine breite Palette von Fahrzeugen an, von g\u00fcnstigen Modellen bis hin zu gr\u00f6\u00dferen Familienautos, SUVs und sogar Luxusautos. Viele von ihnen bieten eine Online-Vorreservierung an, damit die Abholung schnell und problemlos vonstatten geht.  <\/li>\n<li><strong>Lokale Agenturen<\/strong>: Unternehmen wie Cicar und Autoreisen sind beliebt f\u00fcr ihre g\u00fcnstigen Preise und einfachen Mietbedingungen. Sie bieten oft flexible Kilometerleistungen, kostenlose Zusatzfahrer und keine versteckten Geb\u00fchren. <\/li>\n<li><strong>Im Voraus buchen<\/strong>: Es ist eine gute Idee, dein Auto im Voraus zu buchen, besonders in der Hochsaison im Sommer und Winter. Viele Agenturen bieten Rabatte f\u00fcr fr\u00fchzeitige Reservierungen an, wenn du online buchst. <\/li>\n<\/ul>\n\t\t\t\t\t\t\t\t<\/div>\n\t\t\t\t<\/div>\n\t\t\t\t<div class=\"elementor-element elementor-element-ca66904 elementor-widget elementor-widget-heading\" data-id=\"ca66904\" data-element_type=\"widget\" data-widget_type=\"heading.default\">\n\t\t\t\t<div class=\"elementor-widget-container\">\n\t\t\t\t\t<h2 class=\"elementor-heading-title elementor-size-default\">Autovermietung Optionen in El M\u00e9dano<\/h2>\t\t\t\t<\/div>\n\t\t\t\t<\/div>\n\t\t\t\t<div class=\"elementor-element elementor-element-a8b1902 elementor-widget elementor-widget-text-editor\" data-id=\"a8b1902\" data-element_type=\"widget\" data-widget_type=\"text-editor.default\">\n\t\t\t\t<div class=\"elementor-widget-container\">\n\t\t\t\t\t\t\t\t\t<ul>\n<li><strong>Lokale Vermietungsagenturen: <\/strong>Unternehmen wie Renten.es, Cicar und PlusCar bieten flexible Autovermietungsoptionen f\u00fcr Kurz- und Langzeitmieten an. Sie sind f\u00fcr ihren kundenfreundlichen Service bekannt und haben im Gegensatz zu gr\u00f6\u00dferen Unternehmen oft einen einfacheren Ablauf hinsichtlich der Papiere und verlangen keine Kaution. Renten.es ist eine beliebte Wahl unter Windsurfern.  <\/li>\n<li><strong>Unabh\u00e4ngige Dienstleistungen<\/strong>: Kleinere Autovermietungen in El M\u00e9dano bieten tolle Angebote und pers\u00f6nlichen Service. Viele richten sich speziell an Windsurf-Enthusiasten und bieten Autos mit extra viel Platz f\u00fcr Ausr\u00fcstung und Dachtr\u00e4ger an. Manche bringen die Autos sogar direkt zu deiner Unterkunft, was besonders praktisch ist.  <\/li>\n<\/ul>\n\t\t\t\t\t\t\t\t<\/div>\n\t\t\t\t<\/div>\n\t\t\t\t\t<\/div>\n\t\t<\/div>\n\t\t\t\t\t<\/div>\n\t\t<\/section>\n\t\t\t\t<section data-particle_enable=\"false\" data-particle-mobile-disabled=\"false\" class=\"elementor-section elementor-top-section elementor-element elementor-element-1b3c963 elementor-section-boxed elementor-section-height-default elementor-section-height-default\" data-id=\"1b3c963\" data-element_type=\"section\" data-settings=\"{&quot;jet_parallax_layout_list&quot;:[]}\">\n\t\t\t\t\t\t<div class=\"elementor-container elementor-column-gap-default\">\n\t\t\t\t\t<div class=\"elementor-column elementor-col-50 elementor-top-column elementor-element elementor-element-ddcda72\" data-id=\"ddcda72\" data-element_type=\"column\" data-settings=\"{&quot;background_background&quot;:&quot;classic&quot;}\">\n\t\t\t<div class=\"elementor-widget-wrap elementor-element-populated\">\n\t\t\t\t\t\t<div class=\"elementor-element elementor-element-d7f0ce4 elementor-widget elementor-widget-image\" data-id=\"d7f0ce4\" data-element_type=\"widget\" data-widget_type=\"image.default\">\n\t\t\t\t<div class=\"elementor-widget-container\">\n\t\t\t\t\t\t\t\t\t\t\t\t\t\t\t<img decoding=\"async\" width=\"800\" height=\"800\" src=\"https:\/\/twstest.072design.site\/wp-content\/uploads\/2024\/09\/car2.jpg\" class=\"attachment-large size-large wp-image-3269\" alt=\"\" srcset=\"https:\/\/twstest.072design.site\/wp-content\/uploads\/2024\/09\/car2.jpg 1024w, https:\/\/twstest.072design.site\/wp-content\/uploads\/2024\/09\/car2-300x300.jpg 300w, https:\/\/twstest.072design.site\/wp-content\/uploads\/2024\/09\/car2-150x150.jpg 150w, https:\/\/twstest.072design.site\/wp-content\/uploads\/2024\/09\/car2-768x768.jpg 768w, https:\/\/twstest.072design.site\/wp-content\/uploads\/2024\/09\/car2-600x600.jpg 600w, https:\/\/twstest.072design.site\/wp-content\/uploads\/2024\/09\/car2-100x100.jpg 100w\" sizes=\"(max-width: 800px) 100vw, 800px\" \/>\t\t\t\t\t\t\t\t\t\t\t\t\t\t\t<\/div>\n\t\t\t\t<\/div>\n\t\t\t\t\t<\/div>\n\t\t<\/div>\n\t\t\t\t<div class=\"elementor-column elementor-col-50 elementor-top-column elementor-element elementor-element-5f8fb77\" data-id=\"5f8fb77\" data-element_type=\"column\" data-settings=\"{&quot;background_background&quot;:&quot;classic&quot;}\">\n\t\t\t<div class=\"elementor-widget-wrap elementor-element-populated\">\n\t\t\t\t\t\t<div class=\"elementor-element elementor-element-de8be35 elementor-widget elementor-widget-heading\" data-id=\"de8be35\" data-element_type=\"widget\" data-widget_type=\"heading.default\">\n\t\t\t\t<div class=\"elementor-widget-container\">\n\t\t\t\t\t<h2 class=\"elementor-heading-title elementor-size-default\">Flexibilit\u00e4t<\/h2>\t\t\t\t<\/div>\n\t\t\t\t<\/div>\n\t\t\t\t<div class=\"elementor-element elementor-element-3bbd605 elementor-widget elementor-widget-text-editor\" data-id=\"3bbd605\" data-element_type=\"widget\" data-widget_type=\"text-editor.default\">\n\t\t\t\t<div class=\"elementor-widget-container\">\n\t\t\t\t\t\t\t\t\t<p>Ein Auto in El M\u00e9dano zu mieten ist ideal, wenn du es nicht sofort nach deiner Ankunft brauchst. Du kannst es flexibel von Tag zu Tag mieten, vor allem, wenn du dich auf das Windsurfen konzentrierst und nur f\u00fcr gelegentliche Inselerkundungen ein Fahrzeug brauchst. <\/p>\n\t\t\t\t\t\t\t\t<\/div>\n\t\t\t\t<\/div>\n\t\t\t\t<div class=\"elementor-element elementor-element-2f02fd2 elementor-widget elementor-widget-heading\" data-id=\"2f02fd2\" data-element_type=\"widget\" data-widget_type=\"heading.default\">\n\t\t\t\t<div class=\"elementor-widget-container\">\n\t\t\t\t\t<h2 class=\"elementor-heading-title elementor-size-default\">Erkunde Teneriffa in deinem eigenen Tempo<\/h2>\t\t\t\t<\/div>\n\t\t\t\t<\/div>\n\t\t\t\t<div class=\"elementor-element elementor-element-699f663 elementor-widget elementor-widget-text-editor\" data-id=\"699f663\" data-element_type=\"widget\" data-widget_type=\"text-editor.default\">\n\t\t\t\t<div class=\"elementor-widget-container\">\n\t\t\t\t\t\t\t\t\t<p>Ein Auto zu mieten gibt dir die Freiheit, Teneriffa zu erkunden, vom atemberaubenden Teide-Nationalpark bis hin zu versteckten Str\u00e4nden und charmanten D\u00f6rfern. Die Preise f\u00fcr Mietw\u00e4gen auf Teneriffa sind im Vergleich zu anderen europ\u00e4ischen Reisezielen in der Regel erschwinglich und es gibt viele Optionen f\u00fcr jedes Budget. <\/p>\n\t\t\t\t\t\t\t\t<\/div>\n\t\t\t\t<\/div>\n\t\t\t\t<div class=\"elementor-element elementor-element-a3ecd8e elementor-align-left elementor-widget elementor-widget-button\" data-id=\"a3ecd8e\" data-element_type=\"widget\" data-widget_type=\"button.default\">\n\t\t\t\t<div class=\"elementor-widget-container\">\n\t\t\t\t\t\t\t\t\t<div class=\"elementor-button-wrapper\">\n\t\t\t\t\t<a class=\"elementor-button elementor-button-link elementor-size-sm\" href=\"https:\/\/twstest.072design.site\/de\/alles-was-du-wissen-musst\/\">\n\t\t\t\t\t\t<span class=\"elementor-button-content-wrapper\">\n\t\t\t\t\t\t\t\t\t<span class=\"elementor-button-text\">Alles, was du wissen musst<\/span>\n\t\t\t\t\t<\/span>\n\t\t\t\t\t<\/a>\n\t\t\t\t<\/div>\n\t\t\t\t\t\t\t\t<\/div>\n\t\t\t\t<\/div>\n\t\t\t\t\t<\/div>\n\t\t<\/div>\n\t\t\t\t\t<\/div>\n\t\t<\/section>\n\t\t\t\t<section data-particle_enable=\"false\" data-particle-mobile-disabled=\"false\" class=\"elementor-section elementor-top-section elementor-element elementor-element-fc2dfab elementor-section-boxed elementor-section-height-default elementor-section-height-default\" data-id=\"fc2dfab\" data-element_type=\"section\" data-settings=\"{&quot;jet_parallax_layout_list&quot;:[]}\">\n\t\t\t\t\t\t<div class=\"elementor-container elementor-column-gap-default\">\n\t\t\t\t\t<div class=\"elementor-column elementor-col-100 elementor-top-column elementor-element elementor-element-b297556\" data-id=\"b297556\" data-element_type=\"column\">\n\t\t\t<div class=\"elementor-widget-wrap\">\n\t\t\t\t\t\t\t<\/div>\n\t\t<\/div>\n\t\t\t\t\t<\/div>\n\t\t<\/section>\n\t\t\t\t<\/div>\n\t\t","protected":false},"excerpt":{"rendered":"<p>MIETE DAS AUTO , DAS ZU DIR PASST Vielfalt an M\u00f6glichkeiten Die wundersch\u00f6ne Insel Teneriffa mit dem Auto zu erkunden, ist eine fantastische M\u00f6glichkeit, alles zu sehen. Ein Auto vom Flughafen Teneriffa S\u00fcd zu mieten ist praktisch, aber wenn du lieber warten m\u00f6chtest, bis du in El M\u00e9dano ankommst, gibt es auch tolle lokale M\u00f6glichkeiten. [&hellip;]<\/p>\n","protected":false},"author":1,"featured_media":0,"parent":0,"menu_order":0,"comment_status":"closed","ping_status":"closed","template":"","meta":{"footnotes":""},"class_list":["post-11806","page","type-page","status-publish","hentry"],"_links":{"self":[{"href":"https:\/\/twstest.072design.site\/de\/wp-json\/wp\/v2\/pages\/11806","targetHints":{"allow":["GET"]}}],"collection":[{"href":"https:\/\/twstest.072design.site\/de\/wp-json\/wp\/v2\/pages"}],"about":[{"href":"https:\/\/twstest.072design.site\/de\/wp-json\/wp\/v2\/types\/page"}],"author":[{"embeddable":true,"href":"https:\/\/twstest.072design.site\/de\/wp-json\/wp\/v2\/users\/1"}],"replies":[{"embeddable":true,"href":"https:\/\/twstest.072design.site\/de\/wp-json\/wp\/v2\/comments?post=11806"}],"version-history":[{"count":0,"href":"https:\/\/twstest.072design.site\/de\/wp-json\/wp\/v2\/pages\/11806\/revisions"}],"wp:attachment":[{"href":"https:\/\/twstest.072design.site\/de\/wp-json\/wp\/v2\/media?parent=11806"}],"curies":[{"name":"wp","href":"https:\/\/api.w.org\/{rel}","templated":true}]}}