{"id":11833,"date":"2024-10-04T20:30:38","date_gmt":"2024-10-04T19:30:38","guid":{"rendered":"https:\/\/twstest.072design.site\/tws-tv\/"},"modified":"2024-11-16T08:17:51","modified_gmt":"2024-11-16T07:17:51","slug":"tws-tv","status":"publish","type":"page","link":"https:\/\/twstest.072design.site\/de\/tws-tv\/","title":{"rendered":"TWS TV"},"content":{"rendered":"\t\t<div data-elementor-type=\"wp-page\" data-elementor-id=\"11833\" class=\"elementor elementor-11833 elementor-4430\" data-elementor-post-type=\"page\">\n\t\t\t\t\t\t<section data-particle_enable=\"false\" data-particle-mobile-disabled=\"false\" class=\"elementor-section elementor-top-section elementor-element elementor-element-1e646941 elementor-section-height-min-height elementor-section-boxed elementor-section-height-default elementor-section-items-middle\" data-id=\"1e646941\" data-element_type=\"section\" data-settings=\"{&quot;jet_parallax_layout_list&quot;:[],&quot;background_background&quot;:&quot;video&quot;,&quot;background_video_link&quot;:&quot;https:\\\/\\\/player.vimeo.com\\\/video\\\/1013326155&quot;}\">\n\t\t\t\t\t\t\t\t<div class=\"elementor-background-video-container elementor-hidden-mobile\" aria-hidden=\"true\">\n\t\t\t\t\t\t\t\t\t\t\t\t\t<div class=\"elementor-background-video-embed\"><\/div>\n\t\t\t\t\t\t\t\t\t\t\t\t<\/div>\n\t\t\t\t\t\t\t\t\t<div class=\"elementor-background-overlay\"><\/div>\n\t\t\t\t\t\t\t<div class=\"elementor-container elementor-column-gap-no\">\n\t\t\t\t\t<div class=\"elementor-column elementor-col-100 elementor-top-column elementor-element elementor-element-371f50c0\" data-id=\"371f50c0\" data-element_type=\"column\">\n\t\t\t<div class=\"elementor-widget-wrap elementor-element-populated\">\n\t\t\t\t\t\t<div class=\"elementor-element elementor-element-25500a44 elementor-widget elementor-widget-heading\" data-id=\"25500a44\" data-element_type=\"widget\" data-widget_type=\"heading.default\">\n\t\t\t\t<div class=\"elementor-widget-container\">\n\t\t\t\t\t<h2 class=\"elementor-heading-title elementor-size-default\">TWS TV - Videogalerie  <\/h2>\t\t\t\t<\/div>\n\t\t\t\t<\/div>\n\t\t\t\t\t<\/div>\n\t\t<\/div>\n\t\t\t\t\t<\/div>\n\t\t<\/section>\n\t\t\t\t<section data-particle_enable=\"false\" data-particle-mobile-disabled=\"false\" class=\"elementor-section elementor-top-section elementor-element elementor-element-a30a37 elementor-section-boxed elementor-section-height-default elementor-section-height-default\" data-id=\"a30a37\" data-element_type=\"section\" data-settings=\"{&quot;jet_parallax_layout_list&quot;:[]}\">\n\t\t\t\t\t\t<div class=\"elementor-container elementor-column-gap-default\">\n\t\t\t\t\t<div class=\"elementor-column elementor-col-100 elementor-top-column elementor-element elementor-element-7935f422\" data-id=\"7935f422\" data-element_type=\"column\" data-settings=\"{&quot;background_background&quot;:&quot;classic&quot;}\">\n\t\t\t<div class=\"elementor-widget-wrap elementor-element-populated\">\n\t\t\t\t\t\t<div class=\"elementor-element elementor-element-a4360aa elementor-widget elementor-widget-text-editor\" data-id=\"a4360aa\" data-element_type=\"widget\" data-widget_type=\"text-editor.default\">\n\t\t\t\t<div class=\"elementor-widget-container\">\n\t\t\t\t\t\t\t\t\t<h4>Willkommen in der TWS-Videogalerie&#8230;<\/h4>\n<h5>in dem wir die Action, Tipps und Erlebnisse unserer Reise durch das Windsurf-Paradies Teneriffa vorstellen.<\/h5>\n<p>Egal, ob du ein leidenschaftlicher Windsurfer bist, der nach Profi-Tipps sucht, oder einfach nur die Aufregung beim Reiten der ber\u00fchmten El M\u00e9dano-Wellen nachempfinden willst, unsere Videosammlung bietet f\u00fcr jeden etwas.<\/p>\n<div class=\"dig-InlineDrawer-frame dig-iax92w0_20-8-0 _drawer-wrapper_lyxv4_1\">\n<div class=\"dig-InlineDrawer-frame-body dig-iax92w2_20-8-0\">\n<div class=\"dig-InlineDrawer-frame dig-iax92w0_20-8-0\">\n<div class=\"dig-InlineDrawer-frame-body dig-iax92w2_20-8-0\">\n<div class=\"_centerSection_10wwt_24\">\n<div id=\"fvsdk-container\" class=\"_container_xhhy1_1 _containerV2_xhhy1_25\">\n<div class=\"_previewContentWrapper_1t0x7_11\">\n<div class=\"_previewContent_1t0x7_1\">\n<div class=\"_app_1ythq_175\">\n<div class=\"_container_1ythq_138\" role=\"document\">\n<div class=\"_headerContainer_1f4eh_1\">\n<div class=\"_pdfViewport_1ythq_102\" data-preview-viewport=\"true\">\n<p id=\"pageContainer1\" class=\"_page_1ythq_98\" role=\"presentation\" data-index=\"0\" aria-label=\"Pagina 1\"><strong>Entdecke eine Vielzahl von Inhalten, darunter:<\/strong><\/p>\n<ul>\n<li class=\"_page_1ythq_98\" role=\"presentation\" data-index=\"0\" aria-label=\"Pagina 1\">Windsurf Tutorials: Lerne von den Experten mit Schritt-f\u00fcr-Schritt-Anleitungsvideos, die alles von Grundtechniken bis zu fortgeschrittenen Man\u00f6vern abdecken.<\/li>\n<li class=\"_page_1ythq_98\" role=\"presentation\" data-index=\"0\" aria-label=\"Pagina 1\">Materialtests: In unseren ausf\u00fchrlichen Testberichten und Vergleichen von Boards, Segeln, Foils und mehr kannst du dir die neueste Windsurfausr\u00fcstung genauer ansehen.<\/li>\n<li class=\"_page_1ythq_98\" role=\"presentation\" data-index=\"0\" aria-label=\"Pagina 1\">Event-Highlights: Erlebe den Nervenkitzel internationaler Windsurf-Wettbewerbe und -Events, die an den Weltklasse-Spots von El M\u00e9dano ausgetragen werden.-TWS Action: Sieh dir unglaubliche Aufnahmen von TWS-Ridern an, die sich den Wellen und dem Wind stellen und dabei die raue Sch\u00f6nheit Teneriffas und den Sport, den wir lieben, zeigen.<\/li>\n<li class=\"_page_1ythq_98\" role=\"presentation\" data-index=\"0\" aria-label=\"Pagina 1\">Hinter den Kulissen: Erhalte einen kleinen Einblick in das Leben bei TWS, von unseren t\u00e4glichen Abl\u00e4ufen bis hin zu exklusiven Einblicken in unsere Trainingsprogramme und Fahrertrainings.<\/li>\n<\/ul>\n<p><span style=\"font-family: var( --e-global-typography-text-font-family ), Sans-serif; font-size: var( --e-global-typography-text-font-size );\"><br \/>Unsere Videogalerie wird st\u00e4ndig mit neuen Inhalten aktualisiert. Schau also regelm\u00e4\u00dfig vorbei, um \u00fcber die neuesten Windsurf-Aktionen, Tipps und Events auf dem Laufenden zu bleiben.<\/span><\/p>\n<p>Tauche mit TWS Windsurf Solution in den Windsurf-Lifestyle ein und lass dich von unseren Videos zu deinem n\u00e4chsten Abenteuer auf dem Wasser inspirieren!<\/p>\n<\/div>\n<\/div>\n<\/div>\n<\/div>\n<\/div>\n<\/div>\n<\/div>\n<\/div>\n<\/div>\n<\/div>\n<\/div>\n<\/div>\n\t\t\t\t\t\t\t\t<\/div>\n\t\t\t\t<\/div>\n\t\t\t\t\t<\/div>\n\t\t<\/div>\n\t\t\t\t\t<\/div>\n\t\t<\/section>\n\t\t\t\t<section data-particle_enable=\"false\" data-particle-mobile-disabled=\"false\" class=\"elementor-section elementor-top-section elementor-element elementor-element-810e65a elementor-section-boxed elementor-section-height-default elementor-section-height-default\" data-id=\"810e65a\" data-element_type=\"section\" data-settings=\"{&quot;jet_parallax_layout_list&quot;:[]}\">\n\t\t\t\t\t\t<div class=\"elementor-container elementor-column-gap-default\">\n\t\t\t\t\t<div class=\"elementor-column elementor-col-100 elementor-top-column elementor-element elementor-element-81b3949\" data-id=\"81b3949\" data-element_type=\"column\">\n\t\t\t<div class=\"elementor-widget-wrap\">\n\t\t\t\t\t\t\t<\/div>\n\t\t<\/div>\n\t\t\t\t\t<\/div>\n\t\t<\/section>\n\t\t\t\t<section data-particle_enable=\"false\" data-particle-mobile-disabled=\"false\" class=\"elementor-section elementor-top-section elementor-element elementor-element-3309d013 elementor-section-height-min-height elementor-section-boxed elementor-section-height-default elementor-section-items-middle\" data-id=\"3309d013\" data-element_type=\"section\" data-settings=\"{&quot;jet_parallax_layout_list&quot;:[]}\">\n\t\t\t\t\t\t<div class=\"elementor-container elementor-column-gap-default\">\n\t\t\t\t\t<div class=\"elementor-column elementor-col-100 elementor-top-column elementor-element elementor-element-593b1b5c\" data-id=\"593b1b5c\" data-element_type=\"column\">\n\t\t\t<div class=\"elementor-widget-wrap\">\n\t\t\t\t\t\t\t<\/div>\n\t\t<\/div>\n\t\t\t\t\t<\/div>\n\t\t<\/section>\n\t\t\t\t<\/div>\n\t\t","protected":false},"excerpt":{"rendered":"<p>TWS TV &#8211; Videogalerie Willkommen in der TWS-Videogalerie&#8230; in dem wir die Action, Tipps und Erlebnisse unserer Reise durch das Windsurf-Paradies Teneriffa vorstellen. Egal, ob du ein leidenschaftlicher Windsurfer bist, der nach Profi-Tipps sucht, oder einfach nur die Aufregung beim Reiten der ber\u00fchmten El M\u00e9dano-Wellen nachempfinden willst, unsere Videosammlung bietet f\u00fcr jeden etwas. Entdecke eine [&hellip;]<\/p>\n","protected":false},"author":1,"featured_media":0,"parent":0,"menu_order":0,"comment_status":"closed","ping_status":"closed","template":"","meta":{"footnotes":""},"class_list":["post-11833","page","type-page","status-publish","hentry"],"_links":{"self":[{"href":"https:\/\/twstest.072design.site\/de\/wp-json\/wp\/v2\/pages\/11833","targetHints":{"allow":["GET"]}}],"collection":[{"href":"https:\/\/twstest.072design.site\/de\/wp-json\/wp\/v2\/pages"}],"about":[{"href":"https:\/\/twstest.072design.site\/de\/wp-json\/wp\/v2\/types\/page"}],"author":[{"embeddable":true,"href":"https:\/\/twstest.072design.site\/de\/wp-json\/wp\/v2\/users\/1"}],"replies":[{"embeddable":true,"href":"https:\/\/twstest.072design.site\/de\/wp-json\/wp\/v2\/comments?post=11833"}],"version-history":[{"count":0,"href":"https:\/\/twstest.072design.site\/de\/wp-json\/wp\/v2\/pages\/11833\/revisions"}],"wp:attachment":[{"href":"https:\/\/twstest.072design.site\/de\/wp-json\/wp\/v2\/media?parent=11833"}],"curies":[{"name":"wp","href":"https:\/\/api.w.org\/{rel}","templated":true}]}}