{"id":11835,"date":"2024-09-27T07:25:20","date_gmt":"2024-09-27T06:25:20","guid":{"rendered":"https:\/\/twstest.072design.site\/wave-progression-advanced-expert-coaching\/"},"modified":"2024-11-16T08:17:51","modified_gmt":"2024-11-16T07:17:51","slug":"wave-progression-advanced-expert-coaching","status":"publish","type":"page","link":"https:\/\/twstest.072design.site\/de\/wave-progression-advanced-expert-coaching\/","title":{"rendered":"Wave Progression\/Advanced\/Expert Coaching"},"content":{"rendered":"\t\t<div data-elementor-type=\"wp-page\" data-elementor-id=\"11835\" class=\"elementor elementor-11835 elementor-1568\" data-elementor-post-type=\"page\">\n\t\t\t\t\t\t<section data-particle_enable=\"false\" data-particle-mobile-disabled=\"false\" class=\"elementor-section elementor-top-section elementor-element elementor-element-77274fe0 elementor-section-height-min-height elementor-section-boxed elementor-section-height-default elementor-section-items-middle\" data-id=\"77274fe0\" data-element_type=\"section\" data-settings=\"{&quot;jet_parallax_layout_list&quot;:[],&quot;background_background&quot;:&quot;video&quot;,&quot;background_video_link&quot;:&quot;https:\\\/\\\/player.vimeo.com\\\/video\\\/1013339101&quot;}\">\n\t\t\t\t\t\t\t\t<div class=\"elementor-background-video-container elementor-hidden-mobile\" aria-hidden=\"true\">\n\t\t\t\t\t\t\t\t\t\t\t\t\t<div class=\"elementor-background-video-embed\"><\/div>\n\t\t\t\t\t\t\t\t\t\t\t\t<\/div>\n\t\t\t\t\t\t\t\t\t<div class=\"elementor-background-overlay\"><\/div>\n\t\t\t\t\t\t\t<div class=\"elementor-container elementor-column-gap-no\">\n\t\t\t\t\t<div class=\"elementor-column elementor-col-100 elementor-top-column elementor-element elementor-element-7186961c\" data-id=\"7186961c\" data-element_type=\"column\">\n\t\t\t<div class=\"elementor-widget-wrap elementor-element-populated\">\n\t\t\t\t\t\t<div class=\"elementor-element elementor-element-6e81d618 elementor-widget elementor-widget-heading\" data-id=\"6e81d618\" data-element_type=\"widget\" data-widget_type=\"heading.default\">\n\t\t\t\t<div class=\"elementor-widget-container\">\n\t\t\t\t\t<h2 class=\"elementor-heading-title elementor-size-default\">Fortgeschrittenen- und Experten-Windsurfkurse mit VIP-Coaching bei TWS<\/h2>\t\t\t\t<\/div>\n\t\t\t\t<\/div>\n\t\t\t\t\t<\/div>\n\t\t<\/div>\n\t\t\t\t\t<\/div>\n\t\t<\/section>\n\t\t\t\t<section data-particle_enable=\"false\" data-particle-mobile-disabled=\"false\" class=\"elementor-section elementor-top-section elementor-element elementor-element-6b74dd40 elementor-section-boxed elementor-section-height-default elementor-section-height-default\" data-id=\"6b74dd40\" data-element_type=\"section\" data-settings=\"{&quot;jet_parallax_layout_list&quot;:[]}\">\n\t\t\t\t\t\t<div class=\"elementor-container elementor-column-gap-default\">\n\t\t\t\t\t<div class=\"elementor-column elementor-col-50 elementor-top-column elementor-element elementor-element-59bb3f70\" data-id=\"59bb3f70\" data-element_type=\"column\" data-settings=\"{&quot;background_background&quot;:&quot;classic&quot;}\">\n\t\t\t<div class=\"elementor-widget-wrap elementor-element-populated\">\n\t\t\t\t\t\t<div class=\"elementor-element elementor-element-a0f83f7 elementor-widget elementor-widget-image\" data-id=\"a0f83f7\" data-element_type=\"widget\" data-widget_type=\"image.default\">\n\t\t\t\t<div class=\"elementor-widget-container\">\n\t\t\t\t\t\t\t\t\t\t\t\t\t\t\t<img fetchpriority=\"high\" decoding=\"async\" width=\"800\" height=\"800\" src=\"https:\/\/twstest.072design.site\/wp-content\/uploads\/2024\/09\/dieter-1.jpg\" class=\"attachment-large size-large wp-image-2064\" alt=\"\" srcset=\"https:\/\/twstest.072design.site\/wp-content\/uploads\/2024\/09\/dieter-1.jpg 1024w, https:\/\/twstest.072design.site\/wp-content\/uploads\/2024\/09\/dieter-1-300x300.jpg 300w, https:\/\/twstest.072design.site\/wp-content\/uploads\/2024\/09\/dieter-1-150x150.jpg 150w, https:\/\/twstest.072design.site\/wp-content\/uploads\/2024\/09\/dieter-1-768x768.jpg 768w, https:\/\/twstest.072design.site\/wp-content\/uploads\/2024\/09\/dieter-1-600x600.jpg 600w, https:\/\/twstest.072design.site\/wp-content\/uploads\/2024\/09\/dieter-1-100x100.jpg 100w\" sizes=\"(max-width: 800px) 100vw, 800px\" \/>\t\t\t\t\t\t\t\t\t\t\t\t\t\t\t<\/div>\n\t\t\t\t<\/div>\n\t\t\t\t<div class=\"elementor-element elementor-element-de75bff elementor-widget elementor-widget-image\" data-id=\"de75bff\" data-element_type=\"widget\" data-widget_type=\"image.default\">\n\t\t\t\t<div class=\"elementor-widget-container\">\n\t\t\t\t\t\t\t\t\t\t\t\t\t\t\t<img decoding=\"async\" width=\"800\" height=\"800\" src=\"https:\/\/twstest.072design.site\/wp-content\/uploads\/2024\/09\/nikodem-1.jpg\" class=\"attachment-large size-large wp-image-2164\" alt=\"\" srcset=\"https:\/\/twstest.072design.site\/wp-content\/uploads\/2024\/09\/nikodem-1.jpg 1024w, https:\/\/twstest.072design.site\/wp-content\/uploads\/2024\/09\/nikodem-1-300x300.jpg 300w, https:\/\/twstest.072design.site\/wp-content\/uploads\/2024\/09\/nikodem-1-150x150.jpg 150w, https:\/\/twstest.072design.site\/wp-content\/uploads\/2024\/09\/nikodem-1-768x768.jpg 768w, https:\/\/twstest.072design.site\/wp-content\/uploads\/2024\/09\/nikodem-1-600x600.jpg 600w, https:\/\/twstest.072design.site\/wp-content\/uploads\/2024\/09\/nikodem-1-100x100.jpg 100w\" sizes=\"(max-width: 800px) 100vw, 800px\" \/>\t\t\t\t\t\t\t\t\t\t\t\t\t\t\t<\/div>\n\t\t\t\t<\/div>\n\t\t\t\t<div class=\"elementor-element elementor-element-af558d8 elementor-widget elementor-widget-image\" data-id=\"af558d8\" data-element_type=\"widget\" data-widget_type=\"image.default\">\n\t\t\t\t<div class=\"elementor-widget-container\">\n\t\t\t\t\t\t\t\t\t\t\t\t\t\t\t<img decoding=\"async\" width=\"800\" height=\"800\" src=\"https:\/\/twstest.072design.site\/wp-content\/uploads\/2024\/09\/tim1.jpg\" class=\"attachment-large size-large wp-image-2249\" alt=\"\" srcset=\"https:\/\/twstest.072design.site\/wp-content\/uploads\/2024\/09\/tim1.jpg 1024w, https:\/\/twstest.072design.site\/wp-content\/uploads\/2024\/09\/tim1-300x300.jpg 300w, https:\/\/twstest.072design.site\/wp-content\/uploads\/2024\/09\/tim1-150x150.jpg 150w, https:\/\/twstest.072design.site\/wp-content\/uploads\/2024\/09\/tim1-768x768.jpg 768w, https:\/\/twstest.072design.site\/wp-content\/uploads\/2024\/09\/tim1-600x600.jpg 600w, https:\/\/twstest.072design.site\/wp-content\/uploads\/2024\/09\/tim1-100x100.jpg 100w\" sizes=\"(max-width: 800px) 100vw, 800px\" \/>\t\t\t\t\t\t\t\t\t\t\t\t\t\t\t<\/div>\n\t\t\t\t<\/div>\n\t\t\t\t<div class=\"elementor-element elementor-element-4d34d08 elementor-widget elementor-widget-image\" data-id=\"4d34d08\" data-element_type=\"widget\" data-widget_type=\"image.default\">\n\t\t\t\t<div class=\"elementor-widget-container\">\n\t\t\t\t\t\t\t\t\t\t\t\t\t\t\t<img loading=\"lazy\" decoding=\"async\" width=\"800\" height=\"800\" src=\"https:\/\/twstest.072design.site\/wp-content\/uploads\/2024\/09\/clinic3.jpg\" class=\"attachment-large size-large wp-image-1822\" alt=\"\" srcset=\"https:\/\/twstest.072design.site\/wp-content\/uploads\/2024\/09\/clinic3.jpg 1024w, https:\/\/twstest.072design.site\/wp-content\/uploads\/2024\/09\/clinic3-300x300.jpg 300w, https:\/\/twstest.072design.site\/wp-content\/uploads\/2024\/09\/clinic3-150x150.jpg 150w, https:\/\/twstest.072design.site\/wp-content\/uploads\/2024\/09\/clinic3-768x768.jpg 768w, https:\/\/twstest.072design.site\/wp-content\/uploads\/2024\/09\/clinic3-600x600.jpg 600w, https:\/\/twstest.072design.site\/wp-content\/uploads\/2024\/09\/clinic3-100x100.jpg 100w\" sizes=\"(max-width: 800px) 100vw, 800px\" \/>\t\t\t\t\t\t\t\t\t\t\t\t\t\t\t<\/div>\n\t\t\t\t<\/div>\n\t\t\t\t<div class=\"elementor-element elementor-element-68210f4 elementor-widget elementor-widget-image\" data-id=\"68210f4\" data-element_type=\"widget\" data-widget_type=\"image.default\">\n\t\t\t\t<div class=\"elementor-widget-container\">\n\t\t\t\t\t\t\t\t\t\t\t\t\t\t\t<img loading=\"lazy\" decoding=\"async\" width=\"800\" height=\"800\" src=\"https:\/\/twstest.072design.site\/wp-content\/uploads\/2024\/09\/wave9.jpg\" class=\"attachment-large size-large wp-image-1250\" alt=\"\" srcset=\"https:\/\/twstest.072design.site\/wp-content\/uploads\/2024\/09\/wave9.jpg 1024w, https:\/\/twstest.072design.site\/wp-content\/uploads\/2024\/09\/wave9-300x300.jpg 300w, https:\/\/twstest.072design.site\/wp-content\/uploads\/2024\/09\/wave9-150x150.jpg 150w, https:\/\/twstest.072design.site\/wp-content\/uploads\/2024\/09\/wave9-768x768.jpg 768w, https:\/\/twstest.072design.site\/wp-content\/uploads\/2024\/09\/wave9-600x600.jpg 600w, https:\/\/twstest.072design.site\/wp-content\/uploads\/2024\/09\/wave9-100x100.jpg 100w\" sizes=\"(max-width: 800px) 100vw, 800px\" \/>\t\t\t\t\t\t\t\t\t\t\t\t\t\t\t<\/div>\n\t\t\t\t<\/div>\n\t\t\t\t\t<\/div>\n\t\t<\/div>\n\t\t\t\t<div class=\"elementor-column elementor-col-50 elementor-top-column elementor-element elementor-element-7a2e51d\" data-id=\"7a2e51d\" data-element_type=\"column\" data-settings=\"{&quot;background_background&quot;:&quot;classic&quot;}\">\n\t\t\t<div class=\"elementor-widget-wrap elementor-element-populated\">\n\t\t\t\t\t\t<div class=\"elementor-element elementor-element-09d7b30 elementor-widget elementor-widget-heading\" data-id=\"09d7b30\" data-element_type=\"widget\" data-widget_type=\"heading.default\">\n\t\t\t\t<div class=\"elementor-widget-container\">\n\t\t\t\t\t<h2 class=\"elementor-heading-title elementor-size-default\">F\u00fcr Windsurfer, die ihre F\u00e4higkeiten verfeinern oder fortgeschrittene Man\u00f6ver meistern wollen, bietet Tenerife Windsurf Solution exklusive VIP-Trainingseinheiten an<\/h2>\t\t\t\t<\/div>\n\t\t\t\t<\/div>\n\t\t\t\t<div class=\"elementor-element elementor-element-fefe779 elementor-widget elementor-widget-heading\" data-id=\"fefe779\" data-element_type=\"widget\" data-widget_type=\"heading.default\">\n\t\t\t\t<div class=\"elementor-widget-container\">\n\t\t\t\t\t<h2 class=\"elementor-heading-title elementor-size-default\">mit einigen der weltbesten Profi-Windsurfer.<\/h2>\t\t\t\t<\/div>\n\t\t\t\t<\/div>\n\t\t\t\t<div class=\"elementor-element elementor-element-230533c elementor-widget elementor-widget-text-editor\" data-id=\"230533c\" data-element_type=\"widget\" data-widget_type=\"text-editor.default\">\n\t\t\t\t<div class=\"elementor-widget-container\">\n\t\t\t\t\t\t\t\t\t<p><span data-contrast=\"auto\"> <\/span><span data-contrast=\"auto\">Unser VIP-Coaching-Programm bietet dir einen pers\u00f6nlichen Unterricht auf hohem Niveau, der dir hilft, deine Ziele beim Windsurfen zu erreichen, egal wie fortgeschritten sie auch sein m\u00f6gen.<\/span><span data-ccp-props=\"{}\"> <\/span><\/p>\n<p><span data-contrast=\"auto\">VIP-Coaching mit Weltklasse-Ridern:<\/span><\/p>\n<ol>\n<li><strong>Dieter van der Eyken (PWA Freestyle Weltmeister)<br \/><\/strong><span data-contrast=\"auto\">Dieter ist bekannt f\u00fcr seine Pr\u00e4zision und Vielseitigkeit in den Disziplinen Freestyle und Wave. Seine Coachings konzentrieren sich auf die Perfektionierung fortgeschrittener Techniken, einschlie\u00dflich komplexer Freestyle-Moves, das Fahren in der Welle und die Verbesserung deiner Performance bei unterschiedlichen Bedingungen. <\/span><\/li>\n<li><span data-contrast=\"auto\"><strong>  Nikodem Merlak (PWA Windsurfing-Athlet)<\/strong> <br \/><\/span><span data-contrast=\"auto\">Nikodem verf\u00fcgt \u00fcber jahrelange Wettkampferfahrung auf hohem Niveau und ist besonders gut darin, fortgeschrittene Windsurfer durch die Feinheiten des Wellenreitens und Springens zu f\u00fchren. Egal, ob du Aerials oder Frontloops meistern willst, Nikodems fachkundiges Coaching wird deine F\u00e4higkeiten auf ein neues Niveau heben. <\/span><\/li>\n<li><span data-contrast=\"auto\"><strong>Tim van Dam (PWA Wave Rider)<br \/><\/strong><\/span><span data-contrast=\"auto\">Tim ist spezialisiert auf Wellenreiten und high performance Windsurf-Techniken. Seine VIP-Sessions sind auf erfahrene Windsurfer zugeschnitten, die die Kontrolle \u00fcber das Wellenreiten, fortgeschrittene Man\u00f6ver wie Backloops und vieles mehr verbessern wollen. Tims Coaching konzentriert sich darauf, deine Grenzen auszuloten und gleichzeitig Technik und Pr\u00e4zision zu gew\u00e4hrleisten.  <\/span>  <\/li>\n<\/ol>\n<p><span data-contrast=\"auto\"><br \/><strong>Was du mit dem VIP-Coaching bekommst:<\/strong><\/span><span data-ccp-props=\"{}\"> <\/span><\/p>\n<ul>\n<li><span data-contrast=\"auto\"><strong>Ma\u00dfgeschneiderte Trainingspl\u00e4ne<\/strong>: Jede Trainingseinheit wird auf deine F\u00e4higkeiten und pers\u00f6nlichen Ziele zugeschnitten, damit du in jeder Minute des Trainings Fortschritte machen kannst.<\/span><\/li>\n<li><span data-contrast=\"auto\"><strong>Fortgeschrittene Man\u00f6verschulung<\/strong>: Ob Wellenreiten, Aerials, Freestyle-Tricks oder Highspeed-Slalomtechniken &#8211; du erh\u00e4ltst fachkundigen Unterricht zu den fortgeschrittensten Aspekten des Windsurfens.<\/span><\/li>\n<li><span data-contrast=\"auto\"><strong>Videoanalyse:<\/strong> Die Sessions beinhalten oft ein Video-Feedback, das es dir erm\u00f6glicht, deine Form und Technik im Detail zu analysieren und umsetzbare Erkenntnisse zu erhalten, wie du dich verbessern kannst.<\/span><\/li>\n<li><span data-contrast=\"auto\"><strong>Einzelcoaching<\/strong>: Genie\u00dfe die pers\u00f6nliche Betreuung durch die Profis, die dir helfen werden, jeden Aspekt deiner Leistung auf dem Wasser zu verbessern.<\/span><span data-ccp-props=\"{}\"> <\/span><\/li>\n<\/ul>\n<p><strong><br \/>Buche deine VIP-Session:<\/strong><span data-ccp-props=\"{}\"> <\/span><\/p>\n<p><span data-contrast=\"auto\">Diese VIP-Coaching-Sessions sind ideal f\u00fcr fortgeschrittene Windsurfer, die ihre Fortschritte mit direkter Anleitung von Top-Profis beschleunigen wollen. Nimm einfach Kontakt mit uns auf, um einen Termin f\u00fcr ein Einzelgespr\u00e4ch mit Dieter, Nikodem oder Tim zu vereinbaren und erlebe ein auf deine Bed\u00fcrfnisse zugeschnittenes Weltklasse-Coaching. <\/span><\/p>\n<p><strong>Experten-Windsurfkurse im Duotone Pro Center Teneriffa<\/strong><span data-ccp-props=\"{}\"> <\/span><\/p>\n<p><span data-contrast=\"auto\">F\u00fcr alle, die Gruppen- oder Einzelunterricht auf Expertenniveau suchen: Das <a href=\"https:\/\/www.dpc-tenerife.com\" target=\"_blank\" rel=\"noopener\"><strong>Duotone Pro Center Tenerife<\/strong><\/a>, ein Partner von TWS, ist bekannt daf\u00fcr, <strong>High-End-Windsurfkurse<\/strong> f\u00fcr fortgeschrittene Windsurfer anzubieten. Mit <strong>mehrsprachigen Instructoren<\/strong>, die sich auf das Unterrichten auf h\u00f6chstem Niveau spezialisiert haben, sind diese Kurse perfekt f\u00fcr Rider, die ihre Grenzen erweitern wollen. <\/span><\/p>\n<p><strong>Was ist in den Experten Lessons des Duotone Pro Centers enthalten?<\/strong><\/p>\n<ol>\n<li><span data-contrast=\"auto\"><strong>Fortgeschrittene Techniken<\/strong>: Egal, ob du dein Wellenreiten verfeinern, deine Freestyle-Tricks verbessern oder deine F\u00e4higkeiten im Hochgeschwindigkeits-Slalom ausbauen willst, die Instructor des Duotone Pro Center helfen dir, fortgeschrittene Man\u00f6ver zu meistern. Zu den Techniken geh\u00f6ren: <\/span><\/li>\n<\/ol>\n<ul>\n<li><span data-contrast=\"auto\"><strong>Front and Back Loops<\/strong><\/span><\/li>\n<li><span data-contrast=\"auto\"><strong>Push Loops and Table Tops<\/strong><\/span><\/li>\n<li><span data-contrast=\"auto\"><strong>Wellenreiten mit fortgeeschrittener Kontrolle<\/strong><\/span><\/li>\n<li><span data-contrast=\"auto\"><strong>Freestyle Moves wie Spocks, Flakas und Air Funnels<\/strong><\/span><\/li>\n<li><span data-contrast=\"auto\"><strong>Geschwindigkeit und Kraft bei Spr\u00fcngen und Turns<\/strong><\/span><span data-ccp-props=\"{}\"> <\/span><\/li>\n<\/ul>\n<p><span data-ccp-props=\"{}\"> <\/span><\/p>\n<ol start=\"2\">\n<li><span data-contrast=\"auto\"><strong>Erstklassige Ausr\u00fcstung<\/strong>: Du hast Zugriff auf das neueste Material von <strong>Duotone<\/strong> und <strong>Fanatic<\/strong>, um sicherzustellen, dass du mit den besten Boards und Segeln f\u00fcr leistungsstarkes Windsurfen ausgestattet bist.<\/span><\/li>\n<\/ol>\n<ol start=\"3\">\n<li><span data-contrast=\"auto\"><strong>Mehrsprachiger Unterricht<\/strong>: Das Team spricht mehrere Sprachen, darunter Englisch, Spanisch und Deutsch. So ist sichergestellt, dass du dich klar verst\u00e4ndigen kannst und das Beste aus deinem Unterricht herausholst, egal woher du kommst.<\/span><\/li>\n<\/ol>\n<ol start=\"4\">\n<li><span data-contrast=\"auto\"><strong>Video-Feedback<\/strong>: F\u00fcr diejenigen, die einen tieferen Einblick in ihre Windsurfleistung w\u00fcnschen, bietet das Duotone Pro Center auch eine **Videoanalyse** an, die dir hilft, deine Technik zu visualisieren und zu verbessern.<\/span><\/li>\n<\/ol>\n<ol start=\"5\">\n<li><span data-contrast=\"auto\"><strong>Flexible Unterrichtsformate<\/strong>: W\u00e4hle zwischen **Privatunterricht f\u00fcr Experten** f\u00fcr mehr individuelle Betreuung oder nimm an fortgeschrittenen Gruppenkursen teil, um deine F\u00e4higkeiten zusammen mit anderen erfahrenen Windsurfern zu verbessern.<\/span><\/li>\n<\/ol>\n<p><span data-contrast=\"auto\"><br \/><strong>Warum du das Duotone Pro Center f\u00fcr Experten Lessons w\u00e4hlen solltest<\/strong>:<\/span><span data-ccp-props=\"{}\"> <\/span><\/p>\n<ul>\n<li><span data-contrast=\"auto\"><strong>Weltklasse-Bedingungen<\/strong>: El M\u00e9dano bietet ideale Wind- und Wellenbedingungen f\u00fcr fortgeschrittenes Windsurfen und ist damit der perfekte Ort, um an deine Grenzen zu gehen.<\/span><\/li>\n<li><span data-contrast=\"auto\"><strong>Erfahrene Instructor<\/strong>: Die Instructor im Duotone Pro Center haben viel Erfahrung im Unterrichten fortgeschrittener Techniken und haben mit Ridern aller Niveaus gearbeitet, einschlie\u00dflich Profis.<\/span><\/li>\n<li><span data-contrast=\"auto\"><strong>Hochmodernes Material<\/strong>: Fahre mit den besten Boards und Segeln, die es f\u00fcr Windsurfing auf Expertenniveau gibt.<\/span><span data-ccp-props=\"{}\"> <\/span><\/li>\n<\/ul>\n<p><span data-ccp-props=\"{}\"> <\/span><\/p>\n<p><span data-contrast=\"auto\"><strong>Buche deine Experten Lessons:<\/strong><\/span><span data-ccp-props=\"{}\"> <\/span><\/p>\n<p><span data-contrast=\"auto\">Um deinen Windsurf-Expertenkurs zu buchen, besuche einfach das <a href=\"https:\/\/www.dpc-tenerife.com\/book-now\" target=\"_blank\" rel=\"noopener\"><strong>Duotone Pro Center Tenerife<\/strong><\/a> oder <a href=\"https:\/\/twstest.072design.site\/de\/kontakt\/\">kontaktiere uns<\/a>. Egal, ob du die konzentrierte Aufmerksamkeit eines VIP-Coachings mit den Profis oder High-End-Gruppenkurse bei Duotone bevorzugst, hier findest du alles, was du brauchst, um deine Windsurf-F\u00e4higkeiten auf das n\u00e4chste Level zu bringen. <\/span><\/p>\n<p><span data-contrast=\"auto\">Gehe an deine Grenzen, lerne von den Besten und meistere fortgeschrittene Windsurf-Techniken mit den Experten-Coachings von TWS und Duotone Pro Center Teneriffa!<\/span><\/p>\n\t\t\t\t\t\t\t\t<\/div>\n\t\t\t\t<\/div>\n\t\t\t\t<div class=\"elementor-element elementor-element-3e96aca elementor-widget elementor-widget-text-editor\" data-id=\"3e96aca\" data-element_type=\"widget\" data-widget_type=\"text-editor.default\">\n\t\t\t\t<div class=\"elementor-widget-container\">\n\t\t\t\t\t\t\t\t\t<p><b><a href=\"#newsletter\">Gib hier deine E-Mail-Adresse an<\/a>, um Benachrichtigungen zu neuen Kursen und Packages zu erhalten.<\/b><\/p>\n\t\t\t\t\t\t\t\t<\/div>\n\t\t\t\t<\/div>\n\t\t\t\t\t<\/div>\n\t\t<\/div>\n\t\t\t\t\t<\/div>\n\t\t<\/section>\n\t\t\t\t<section data-particle_enable=\"false\" data-particle-mobile-disabled=\"false\" class=\"elementor-section elementor-top-section elementor-element elementor-element-e8c0cde elementor-section-boxed elementor-section-height-default elementor-section-height-default\" data-id=\"e8c0cde\" data-element_type=\"section\" data-settings=\"{&quot;jet_parallax_layout_list&quot;:[]}\">\n\t\t\t\t\t\t<div class=\"elementor-container elementor-column-gap-default\">\n\t\t\t\t\t<div class=\"elementor-column elementor-col-100 elementor-top-column elementor-element elementor-element-19edef0\" data-id=\"19edef0\" data-element_type=\"column\">\n\t\t\t<div class=\"elementor-widget-wrap elementor-element-populated\">\n\t\t\t\t\t\t<div class=\"elementor-element elementor-element-9664054 elementor-widget elementor-widget-html\" data-id=\"9664054\" data-element_type=\"widget\" data-widget_type=\"html.default\">\n\t\t\t\t<div class=\"elementor-widget-container\">\n\t\t\t\t\t<script type=\"text\/javascript\" src=\"https:\/\/twswindsurf.vikingbookings.com\/en\/widget.js\"><\/script>\t\t\t\t<\/div>\n\t\t\t\t<\/div>\n\t\t\t\t\t<\/div>\n\t\t<\/div>\n\t\t\t\t\t<\/div>\n\t\t<\/section>\n\t\t\t\t<section data-particle_enable=\"false\" data-particle-mobile-disabled=\"false\" class=\"elementor-section elementor-top-section elementor-element elementor-element-2092f5d3 elementor-section-full_width elementor-section-height-min-height elementor-section-height-default elementor-section-items-middle\" data-id=\"2092f5d3\" data-element_type=\"section\" data-settings=\"{&quot;jet_parallax_layout_list&quot;:[],&quot;background_background&quot;:&quot;video&quot;,&quot;background_video_link&quot;:&quot;https:\\\/\\\/player.vimeo.com\\\/video\\\/410311947?muted=1&amp;autoplay=1&amp;loop=1&amp;background=1&amp;app_id=122963&quot;}\">\n\t\t\t\t\t\t\t\t<div class=\"elementor-background-video-container elementor-hidden-mobile\" aria-hidden=\"true\">\n\t\t\t\t\t\t\t\t\t\t\t\t\t<div class=\"elementor-background-video-embed\"><\/div>\n\t\t\t\t\t\t\t\t\t\t\t\t<\/div>\n\t\t\t\t\t\t\t\t<div class=\"elementor-container elementor-column-gap-no\">\n\t\t\t\t\t<div class=\"elementor-column elementor-col-100 elementor-top-column elementor-element elementor-element-10fc13\" data-id=\"10fc13\" data-element_type=\"column\">\n\t\t\t<div class=\"elementor-widget-wrap\">\n\t\t\t\t\t\t\t<\/div>\n\t\t<\/div>\n\t\t\t\t\t<\/div>\n\t\t<\/section>\n\t\t\t\t<\/div>\n\t\t","protected":false},"excerpt":{"rendered":"<p>Fortgeschrittenen- und Experten-Windsurfkurse mit VIP-Coaching bei TWS F\u00fcr Windsurfer, die ihre F\u00e4higkeiten verfeinern oder fortgeschrittene Man\u00f6ver meistern wollen, bietet Tenerife Windsurf Solution exklusive VIP-Trainingseinheiten an mit einigen der weltbesten Profi-Windsurfer. Unser VIP-Coaching-Programm bietet dir einen pers\u00f6nlichen Unterricht auf hohem Niveau, der dir hilft, deine Ziele beim Windsurfen zu erreichen, egal wie fortgeschritten sie auch sein [&hellip;]<\/p>\n","protected":false},"author":2,"featured_media":0,"parent":0,"menu_order":0,"comment_status":"closed","ping_status":"closed","template":"elementor_header_footer","meta":{"footnotes":""},"class_list":["post-11835","page","type-page","status-publish","hentry"],"_links":{"self":[{"href":"https:\/\/twstest.072design.site\/de\/wp-json\/wp\/v2\/pages\/11835","targetHints":{"allow":["GET"]}}],"collection":[{"href":"https:\/\/twstest.072design.site\/de\/wp-json\/wp\/v2\/pages"}],"about":[{"href":"https:\/\/twstest.072design.site\/de\/wp-json\/wp\/v2\/types\/page"}],"author":[{"embeddable":true,"href":"https:\/\/twstest.072design.site\/de\/wp-json\/wp\/v2\/users\/2"}],"replies":[{"embeddable":true,"href":"https:\/\/twstest.072design.site\/de\/wp-json\/wp\/v2\/comments?post=11835"}],"version-history":[{"count":0,"href":"https:\/\/twstest.072design.site\/de\/wp-json\/wp\/v2\/pages\/11835\/revisions"}],"wp:attachment":[{"href":"https:\/\/twstest.072design.site\/de\/wp-json\/wp\/v2\/media?parent=11835"}],"curies":[{"name":"wp","href":"https:\/\/api.w.org\/{rel}","templated":true}]}}