{"id":11837,"date":"2024-09-28T08:29:21","date_gmt":"2024-09-28T07:29:21","guid":{"rendered":"https:\/\/twstest.072design.site\/wingfoil-lessons\/"},"modified":"2024-11-16T08:17:51","modified_gmt":"2024-11-16T07:17:51","slug":"wingfoil-lessons","status":"publish","type":"page","link":"https:\/\/twstest.072design.site\/de\/wingfoil-lessons\/","title":{"rendered":"Wingfoil Lessons"},"content":{"rendered":"\t\t<div data-elementor-type=\"wp-page\" data-elementor-id=\"11837\" class=\"elementor elementor-11837 elementor-2370\" data-elementor-post-type=\"page\">\n\t\t\t\t\t\t<section data-particle_enable=\"false\" data-particle-mobile-disabled=\"false\" class=\"elementor-section elementor-top-section elementor-element elementor-element-77274fe0 elementor-section-height-min-height elementor-section-boxed elementor-section-height-default elementor-section-items-middle\" data-id=\"77274fe0\" data-element_type=\"section\" data-settings=\"{&quot;jet_parallax_layout_list&quot;:[],&quot;background_background&quot;:&quot;video&quot;,&quot;background_video_link&quot;:&quot;https:\\\/\\\/player.vimeo.com\\\/video\\\/&quot;}\">\n\t\t\t\t\t\t\t\t<div class=\"elementor-background-video-container elementor-hidden-mobile\" aria-hidden=\"true\">\n\t\t\t\t\t\t\t\t\t\t\t\t\t<video class=\"elementor-background-video-hosted\" autoplay muted playsinline loop><\/video>\n\t\t\t\t\t\t\t\t\t\t\t<\/div>\n\t\t\t\t\t\t\t\t\t<div class=\"elementor-background-overlay\"><\/div>\n\t\t\t\t\t\t\t<div class=\"elementor-container elementor-column-gap-no\">\n\t\t\t\t\t<div class=\"elementor-column elementor-col-100 elementor-top-column elementor-element elementor-element-7186961c\" data-id=\"7186961c\" data-element_type=\"column\">\n\t\t\t<div class=\"elementor-widget-wrap elementor-element-populated\">\n\t\t\t\t\t\t<div class=\"elementor-element elementor-element-6e81d618 elementor-widget elementor-widget-heading\" data-id=\"6e81d618\" data-element_type=\"widget\" data-widget_type=\"heading.default\">\n\t\t\t\t<div class=\"elementor-widget-container\">\n\t\t\t\t\t<h2 class=\"elementor-heading-title elementor-size-default\">Willst du Wingfoilen lernen\/progress machen?<\/h2>\t\t\t\t<\/div>\n\t\t\t\t<\/div>\n\t\t\t\t\t<\/div>\n\t\t<\/div>\n\t\t\t\t\t<\/div>\n\t\t<\/section>\n\t\t\t\t<section data-particle_enable=\"false\" data-particle-mobile-disabled=\"false\" class=\"elementor-section elementor-top-section elementor-element elementor-element-6b74dd40 elementor-section-boxed elementor-section-height-default elementor-section-height-default\" data-id=\"6b74dd40\" data-element_type=\"section\" data-settings=\"{&quot;jet_parallax_layout_list&quot;:[]}\">\n\t\t\t\t\t\t<div class=\"elementor-container elementor-column-gap-default\">\n\t\t\t\t\t<div class=\"elementor-column elementor-col-50 elementor-top-column elementor-element elementor-element-59bb3f70\" data-id=\"59bb3f70\" data-element_type=\"column\" data-settings=\"{&quot;background_background&quot;:&quot;classic&quot;}\">\n\t\t\t<div class=\"elementor-widget-wrap elementor-element-populated\">\n\t\t\t\t\t\t<div class=\"elementor-element elementor-element-a0f83f7 elementor-widget elementor-widget-image\" data-id=\"a0f83f7\" data-element_type=\"widget\" data-widget_type=\"image.default\">\n\t\t\t\t<div class=\"elementor-widget-container\">\n\t\t\t\t\t\t\t\t\t\t\t\t\t\t\t<img fetchpriority=\"high\" decoding=\"async\" width=\"800\" height=\"800\" src=\"https:\/\/twstest.072design.site\/wp-content\/uploads\/2024\/09\/wing2.jpg\" class=\"attachment-large size-large wp-image-1275\" alt=\"\" srcset=\"https:\/\/twstest.072design.site\/wp-content\/uploads\/2024\/09\/wing2.jpg 1024w, https:\/\/twstest.072design.site\/wp-content\/uploads\/2024\/09\/wing2-300x300.jpg 300w, https:\/\/twstest.072design.site\/wp-content\/uploads\/2024\/09\/wing2-150x150.jpg 150w, https:\/\/twstest.072design.site\/wp-content\/uploads\/2024\/09\/wing2-768x768.jpg 768w, https:\/\/twstest.072design.site\/wp-content\/uploads\/2024\/09\/wing2-600x600.jpg 600w, https:\/\/twstest.072design.site\/wp-content\/uploads\/2024\/09\/wing2-100x100.jpg 100w\" sizes=\"(max-width: 800px) 100vw, 800px\" \/>\t\t\t\t\t\t\t\t\t\t\t\t\t\t\t<\/div>\n\t\t\t\t<\/div>\n\t\t\t\t<div class=\"elementor-element elementor-element-312d47a elementor-widget elementor-widget-image\" data-id=\"312d47a\" data-element_type=\"widget\" data-widget_type=\"image.default\">\n\t\t\t\t<div class=\"elementor-widget-container\">\n\t\t\t\t\t\t\t\t\t\t\t\t\t\t\t<img decoding=\"async\" width=\"800\" height=\"800\" src=\"https:\/\/twstest.072design.site\/wp-content\/uploads\/2024\/09\/wingfoil3.jpg\" class=\"attachment-large size-large wp-image-2044\" alt=\"\" srcset=\"https:\/\/twstest.072design.site\/wp-content\/uploads\/2024\/09\/wingfoil3.jpg 1024w, https:\/\/twstest.072design.site\/wp-content\/uploads\/2024\/09\/wingfoil3-300x300.jpg 300w, https:\/\/twstest.072design.site\/wp-content\/uploads\/2024\/09\/wingfoil3-150x150.jpg 150w, https:\/\/twstest.072design.site\/wp-content\/uploads\/2024\/09\/wingfoil3-768x768.jpg 768w, https:\/\/twstest.072design.site\/wp-content\/uploads\/2024\/09\/wingfoil3-600x600.jpg 600w, https:\/\/twstest.072design.site\/wp-content\/uploads\/2024\/09\/wingfoil3-100x100.jpg 100w\" sizes=\"(max-width: 800px) 100vw, 800px\" \/>\t\t\t\t\t\t\t\t\t\t\t\t\t\t\t<\/div>\n\t\t\t\t<\/div>\n\t\t\t\t<div class=\"elementor-element elementor-element-1b32a13 elementor-widget elementor-widget-image\" data-id=\"1b32a13\" data-element_type=\"widget\" data-widget_type=\"image.default\">\n\t\t\t\t<div class=\"elementor-widget-container\">\n\t\t\t\t\t\t\t\t\t\t\t\t\t\t\t<img decoding=\"async\" width=\"800\" height=\"800\" src=\"https:\/\/twstest.072design.site\/wp-content\/uploads\/2024\/09\/wingfoil.jpg\" class=\"attachment-large size-large wp-image-2030\" alt=\"\" srcset=\"https:\/\/twstest.072design.site\/wp-content\/uploads\/2024\/09\/wingfoil.jpg 1024w, https:\/\/twstest.072design.site\/wp-content\/uploads\/2024\/09\/wingfoil-300x300.jpg 300w, https:\/\/twstest.072design.site\/wp-content\/uploads\/2024\/09\/wingfoil-150x150.jpg 150w, https:\/\/twstest.072design.site\/wp-content\/uploads\/2024\/09\/wingfoil-768x768.jpg 768w, https:\/\/twstest.072design.site\/wp-content\/uploads\/2024\/09\/wingfoil-600x600.jpg 600w, https:\/\/twstest.072design.site\/wp-content\/uploads\/2024\/09\/wingfoil-100x100.jpg 100w\" sizes=\"(max-width: 800px) 100vw, 800px\" \/>\t\t\t\t\t\t\t\t\t\t\t\t\t\t\t<\/div>\n\t\t\t\t<\/div>\n\t\t\t\t<div class=\"elementor-element elementor-element-36876d2 elementor-widget elementor-widget-image\" data-id=\"36876d2\" data-element_type=\"widget\" data-widget_type=\"image.default\">\n\t\t\t\t<div class=\"elementor-widget-container\">\n\t\t\t\t\t\t\t\t\t\t\t\t\t\t\t<img loading=\"lazy\" decoding=\"async\" width=\"800\" height=\"800\" src=\"https:\/\/twstest.072design.site\/wp-content\/uploads\/2024\/09\/wingfoil2.jpg\" class=\"attachment-large size-large wp-image-2037\" alt=\"\" srcset=\"https:\/\/twstest.072design.site\/wp-content\/uploads\/2024\/09\/wingfoil2.jpg 1024w, https:\/\/twstest.072design.site\/wp-content\/uploads\/2024\/09\/wingfoil2-300x300.jpg 300w, https:\/\/twstest.072design.site\/wp-content\/uploads\/2024\/09\/wingfoil2-150x150.jpg 150w, https:\/\/twstest.072design.site\/wp-content\/uploads\/2024\/09\/wingfoil2-768x768.jpg 768w, https:\/\/twstest.072design.site\/wp-content\/uploads\/2024\/09\/wingfoil2-600x600.jpg 600w, https:\/\/twstest.072design.site\/wp-content\/uploads\/2024\/09\/wingfoil2-100x100.jpg 100w\" sizes=\"(max-width: 800px) 100vw, 800px\" \/>\t\t\t\t\t\t\t\t\t\t\t\t\t\t\t<\/div>\n\t\t\t\t<\/div>\n\t\t\t\t\t<\/div>\n\t\t<\/div>\n\t\t\t\t<div class=\"elementor-column elementor-col-50 elementor-top-column elementor-element elementor-element-7a2e51d\" data-id=\"7a2e51d\" data-element_type=\"column\" data-settings=\"{&quot;background_background&quot;:&quot;classic&quot;}\">\n\t\t\t<div class=\"elementor-widget-wrap elementor-element-populated\">\n\t\t\t\t\t\t<div class=\"elementor-element elementor-element-9f85687 elementor-widget elementor-widget-heading\" data-id=\"9f85687\" data-element_type=\"widget\" data-widget_type=\"heading.default\">\n\t\t\t\t<div class=\"elementor-widget-container\">\n\t\t\t\t\t<h2 class=\"elementor-heading-title elementor-size-default\">Du denkst, El M\u00e9dano ist nur etwas f\u00fcr erfahrene Wingfoiler? Think again! <\/h2>\t\t\t\t<\/div>\n\t\t\t\t<\/div>\n\t\t\t\t<div class=\"elementor-element elementor-element-38906d7 elementor-widget elementor-widget-heading\" data-id=\"38906d7\" data-element_type=\"widget\" data-widget_type=\"heading.default\">\n\t\t\t\t<div class=\"elementor-widget-container\">\n\t\t\t\t\t<h2 class=\"elementor-heading-title elementor-size-default\">Sicheres Lernen, professionelles Coaching, freundliche Atmosph\u00e4re<\/h2>\t\t\t\t<\/div>\n\t\t\t\t<\/div>\n\t\t\t\t<div class=\"elementor-element elementor-element-230533c elementor-widget elementor-widget-text-editor\" data-id=\"230533c\" data-element_type=\"widget\" data-widget_type=\"text-editor.default\">\n\t\t\t\t<div class=\"elementor-widget-container\">\n\t\t\t\t\t\t\t\t\t<p><span data-contrast=\"auto\">Egal, ob du ein Beginner bist oder etwas Neues ausprobieren m\u00f6chtest, das <strong>Duotone Pro Center<\/strong> in Zusammenarbeit mit TWS ist dein Einstieg in die aufregende Welt des Wingfoilings.<\/span><\/p>\n<p><span data-contrast=\"auto\">Dank anf\u00e4ngerfreundlicher Spots und fachkundiger Anleitung gleitest du im Handumdrehen sicher \u00fcber das Wasser. Aber sei gewarnt: Wingfoiling macht s\u00fcchtig, und du wirst nicht mehr davon loskommen, wenn du die Freude des Wingfoiling einmal sp\u00fcrst. <\/span><span data-ccp-props=\"{}\"> <\/span><span data-ccp-props=\"{}\"> <\/span><\/p>\n<p><span data-contrast=\"auto\">Zusammen mit dem <strong>Duotone Pro Center<\/strong> bieten wir die ideale Umgebung zum Lernen, indem wir fachkundigen Unterricht mit optimalen Bedingungen und einer einladenden Gemeinschaftsatmosph\u00e4re verbinden.<\/span><\/p>\n<p><span data-contrast=\"auto\">Die Gew\u00e4sser von El M\u00e9dano bieten schrittweise Fortschritte und sind damit der perfekte Ort f\u00fcr Anf\u00e4nger, um Vertrauen und F\u00e4higkeiten aufzubauen.<\/span> <\/p>\n<p><span data-contrast=\"auto\"><strong>Warum Wingfoiling bei uns lernen?<\/strong><\/span><span data-ccp-props=\"{}\"> <\/span><\/p>\n<ul>\n<li><span data-contrast=\"auto\"><strong>Perfekte Anf\u00e4ngerpl\u00e4tze<\/strong>: Lerne an sicheren, \u00fcberschaubaren Orten, die ideal f\u00fcr Anf\u00e4nger sind und von erfahrenen Instructoren ausgew\u00e4hlt wurden.<\/span><\/li>\n<li><span data-contrast=\"auto\"><strong>Fachkundiger Unterricht<\/strong>: Mehrsprachige, professionelle Trainer leiten dich Schritt f\u00fcr Schritt an und sorgen f\u00fcr einen sicheren und stetigen Fortschritt.<\/span><\/li>\n<li><span data-contrast=\"auto\"><strong>Einsteigerfreundliches Material<\/strong>: Das Duotone Pro Center bietet spezielle Boards, Foils und Wings, die f\u00fcr einen leichten Einstieg geeignet sind.<\/span><\/li>\n<li><span data-contrast=\"auto\"><strong>Ideale Winde<\/strong>: Stetige, konstante Passatwinde bieten die perfekte Balance an Kraft und schaffen ideale Lernbedingungen, ohne sich \u00fcberfordert zu f\u00fchlen.<\/span><\/li>\n<li><span data-contrast=\"auto\"><strong>Unterst\u00fctzende Gemeinschaft<\/strong>: Ein freundliches, ermutigendes Team hilft dir, dich wohl zu f\u00fchlen und motiviert dich, schnell Fortschritte zu machen.<\/span><\/li>\n<li><span data-contrast=\"auto\"><strong>Bequeme Einrichtung<\/strong>: Das <strong>Duotone Pro Center<\/strong> befindet sich nur wenige Schritte vom Strand entfernt und sorgt daf\u00fcr, dass alles leicht zug\u00e4nglich ist, damit das Lernen reibungslos funktioniert.<\/span><\/li>\n<li><span data-contrast=\"auto\"><strong>Sicherheit geht vor<\/strong>: Ein sicheres, anf\u00e4ngerfreundliches Umfeld, in dem Sicherheit und schrittweises Vorankommen im Vordergrund stehen.<\/span><span data-ccp-props=\"{}\"> <\/span><\/li>\n<\/ul>\n<p><span data-contrast=\"auto\"><br \/><strong>Lerne Wingfoiling in Zusammenarbeit mit dem Duotone Pro Center<\/strong><\/span><span data-ccp-props=\"{}\"> <\/span><\/p>\n<p><span data-contrast=\"auto\">Bist du bereit, dein Wingfoiling-Abenteuer zu beginnen? TWS und das <strong>Duotone Pro Center<\/strong> bieten dir alles, was du brauchst, um deine Reise aufregend, lustig und sicher zu gestalten &#8211; und das alles in der atemberaubenden Umgebung von El M\u00e9dano. <\/span><span data-ccp-props=\"{}\"> <\/span><\/p>\n<p><span data-contrast=\"auto\"><strong>Perfekte Lernspots<\/strong>  <\/span><span data-ccp-props=\"{}\"> <\/span><\/p>\n<p><span data-contrast=\"auto\">In Zusammenarbeit mit dem <strong>Duotone Pro Center<\/strong> bieten wir zwei ideale Lernspots an &#8211; Granadilla Harbour und Playa Chica &#8211; beide mit flachem Wasser und wenig Wellen, um eine stressfreie Lernerfahrung zu gew\u00e4hrleisten.<\/span><span data-ccp-props=\"{}\"> <\/span><\/p>\n<p><span data-contrast=\"auto\"><strong>Ma\u00dfgeschneiderte Bedingungen<\/strong><\/span><\/p>\n<p><span data-contrast=\"auto\">Unsere Lernareas bieten die besten Voraussetzungen f\u00fcr einen schrittweisen, sicheren Fortschritt. Beginne mit dem \u00dcben direkt vor dem <strong>Duotone Pro Center<\/strong> und lerne, dein Board und den Wing zu kontrollieren. Wenn das Wetter zu windig oder wellig wird, ziehen wir in die ruhigen Gew\u00e4sser des Granadilla Harbour um, wo unsere mobile Wingfoil-Schule ideale Bedingungen garantiert.  <\/span><span data-ccp-props=\"{}\"> <\/span><\/p>\n<p><span data-contrast=\"auto\"><strong>Professioneller Unterricht<\/strong>  <\/span><span data-ccp-props=\"{}\"> <\/span><\/p>\n<p><span data-contrast=\"auto\">Unser mehrsprachiges Team von Instructoren wird dich in Zusammenarbeit mit dem <strong>Duotone Pro Center<\/strong> durch jeden Schritt begleiten und sicherstellen, dass du eine solide Grundlage f\u00fcr das Wingfoiling aufbaust.<\/span><span data-ccp-props=\"{}\"> <\/span><\/p>\n<p><span data-contrast=\"auto\"><strong>Verl\u00e4ssliche Passatwinde<\/strong>  <\/span><span data-ccp-props=\"{}\"> <\/span><\/p>\n<p><span data-contrast=\"auto\">Die stetigen Passatwinde von El M\u00e9dano sorgen f\u00fcr einen smoothen Progress und machen es zu einem idealen Ort f\u00fcr Anf\u00e4nger.<\/span><span data-ccp-props=\"{}\"> <\/span><\/p>\n<p><span data-contrast=\"auto\"><strong>Freundliche Atmosph\u00e4re<\/strong>  <\/span><span data-ccp-props=\"{}\"> <\/span><\/p>\n<p><span data-contrast=\"auto\">Sp\u00fcre die positive Stimmung! Die Teams von TWS und <strong>Duotone Pro Center<\/strong> sowie die lokale Windsurf- und Wingfoiling-Community sind freundlich und hilfsbereit. Du wirst dich willkommen f\u00fchlen und hilfreiche Tipps von anderen Wassersportlern erhalten.  <\/span><span data-ccp-props=\"{}\"> <\/span><\/p>\n<p><span data-contrast=\"auto\"><strong>Gruppenlernen<\/strong>  <\/span><span data-ccp-props=\"{}\"> <\/span><\/p>\n<p><span data-contrast=\"auto\">Nimm an einem Kurs oder Gruppenunterricht teil und lerne gemeinsam mit anderen auf deinem Niveau. Lernen in der Gruppe f\u00f6rdert die Motivation, den Spa\u00df und dauerhafte Freundschaften! <\/span><span data-ccp-props=\"{}\"> <\/span><\/p>\n<p><span data-contrast=\"auto\"><strong>Direkter Strandzugang<\/strong>  <\/span><span data-ccp-props=\"{}\"> <\/span><\/p>\n<p><span data-contrast=\"auto\">Das <strong>Duotone Pro Center<\/strong> liegt nur wenige Schritte von den besten Wingfoiling- und Windsurfing-Spots in El M\u00e9dano entfernt und ist somit leicht und bequem zu erreichen. Und fast nebenan bei der TWS <\/span><\/p>\n<p><span data-contrast=\"auto\"><strong>Vor-Ort-Unterst\u00fctzung und Sicherheit<\/strong>  <\/span><span data-ccp-props=\"{}\"> <\/span><\/p>\n<p><span data-contrast=\"auto\">Wir bieten einen umfassenden Service, einschlie\u00dflich Lagerung der Ausr\u00fcstung, Reparaturen und Beratung, damit alles reibungslos l\u00e4uft, w\u00e4hrend du dich auf das Lernen konzentrierst. Sicherheit ist unsere Priorit\u00e4t, und unsere Instructor sorgen daf\u00fcr, dass du immer unter sicheren, kontrollierbaren Bedingungen unterwegs bist. <\/span><span data-ccp-props=\"{}\"> <\/span><\/p>\n<p><span data-contrast=\"auto\"><strong>Fortschritt in deinem eigenen Tempo<\/strong>  <\/span><span data-ccp-props=\"{}\"> <\/span><\/p>\n<p><span data-contrast=\"auto\">Die Gew\u00e4sser von El M\u00e9dano und der stetige Wind erm\u00f6glichen es dir, schrittweise Fortschritte zu machen und in deinem eigenen Tempo Vertrauen aufzubauen.<\/span><span data-ccp-props=\"{}\"> <\/span><\/p>\n<p><span data-contrast=\"auto\"><strong>Sch\u00f6ne Umgebung<\/strong>  <\/span><span data-ccp-props=\"{}\"> <\/span><\/p>\n<p><span data-contrast=\"auto\">Die atemberaubende K\u00fcste von El M\u00e9dano, das warme Wetter und das kristallklare Wasser bilden die perfekte Umgebung f\u00fcr dein Wingfoiling-Abenteuer.<\/span><span data-ccp-props=\"{}\"> <\/span><\/p>\n<p><span data-contrast=\"auto\"><strong>Ganzj\u00e4hriges Lernen<\/strong>  <\/span><span data-ccp-props=\"{}\"> <\/span><\/p>\n<p><span data-contrast=\"auto\">Das milde Klima auf Teneriffa macht es m\u00f6glich, das Wingfoiling zu jeder Jahreszeit zu lernen. Du kannst deinen Unterricht bei **Duotone Pro Center** immer dann planen, wenn die Bedingungen f\u00fcr Anf\u00e4nger am besten sind. <\/span><span data-ccp-props=\"{}\"> <\/span><span data-ccp-props=\"{}\"> <\/span><\/p>\n<p><strong>Erlebe den Nervenkitzel des Wingfoilings mit TWS und dem Duotone Pro Center &#8211; hier ist sicheres und spa\u00dfiges Lernen immer garantiert!<\/strong><span data-ccp-props=\"{}\"> <\/span><\/p>\n\t\t\t\t\t\t\t\t<\/div>\n\t\t\t\t<\/div>\n\t\t\t\t<div class=\"elementor-element elementor-element-3e96aca elementor-widget elementor-widget-text-editor\" data-id=\"3e96aca\" data-element_type=\"widget\" data-widget_type=\"text-editor.default\">\n\t\t\t\t<div class=\"elementor-widget-container\">\n\t\t\t\t\t\t\t\t\t<p><b><a href=\"#newsletter\">Gib hier deine E-Mail-Adresse an<\/a>, um Benachrichtigungen zu neuen Kursen und Packages zu erhalten.<\/b><\/p>\n\t\t\t\t\t\t\t\t<\/div>\n\t\t\t\t<\/div>\n\t\t\t\t\t<\/div>\n\t\t<\/div>\n\t\t\t\t\t<\/div>\n\t\t<\/section>\n\t\t\t\t<section data-particle_enable=\"false\" data-particle-mobile-disabled=\"false\" class=\"elementor-section elementor-top-section elementor-element elementor-element-e8c0cde elementor-section-boxed elementor-section-height-default elementor-section-height-default\" data-id=\"e8c0cde\" data-element_type=\"section\" data-settings=\"{&quot;jet_parallax_layout_list&quot;:[]}\">\n\t\t\t\t\t\t<div class=\"elementor-container elementor-column-gap-default\">\n\t\t\t\t\t<div class=\"elementor-column elementor-col-100 elementor-top-column elementor-element elementor-element-19edef0\" data-id=\"19edef0\" data-element_type=\"column\">\n\t\t\t<div class=\"elementor-widget-wrap elementor-element-populated\">\n\t\t\t\t\t\t<div class=\"elementor-element elementor-element-9664054 elementor-widget elementor-widget-html\" data-id=\"9664054\" data-element_type=\"widget\" data-widget_type=\"html.default\">\n\t\t\t\t<div class=\"elementor-widget-container\">\n\t\t\t\t\t<script type=\"text\/javascript\" src=\"https:\/\/twswindsurf.vikingbookings.com\/en\/widget.js\"><\/script>\t\t\t\t<\/div>\n\t\t\t\t<\/div>\n\t\t\t\t\t<\/div>\n\t\t<\/div>\n\t\t\t\t\t<\/div>\n\t\t<\/section>\n\t\t\t\t<section data-particle_enable=\"false\" data-particle-mobile-disabled=\"false\" class=\"elementor-section elementor-top-section elementor-element elementor-element-2092f5d3 elementor-section-full_width elementor-section-height-min-height elementor-section-height-default elementor-section-items-middle\" data-id=\"2092f5d3\" data-element_type=\"section\" data-settings=\"{&quot;jet_parallax_layout_list&quot;:[],&quot;background_background&quot;:&quot;video&quot;,&quot;background_video_link&quot;:&quot;https:\\\/\\\/player.vimeo.com\\\/video\\\/1013326155&quot;}\">\n\t\t\t\t\t\t\t\t<div class=\"elementor-background-video-container elementor-hidden-mobile\" aria-hidden=\"true\">\n\t\t\t\t\t\t\t\t\t\t\t\t\t<div class=\"elementor-background-video-embed\"><\/div>\n\t\t\t\t\t\t\t\t\t\t\t\t<\/div>\n\t\t\t\t\t\t\t\t<div class=\"elementor-container elementor-column-gap-no\">\n\t\t\t\t\t<div class=\"elementor-column elementor-col-100 elementor-top-column elementor-element elementor-element-10fc13\" data-id=\"10fc13\" data-element_type=\"column\">\n\t\t\t<div class=\"elementor-widget-wrap\">\n\t\t\t\t\t\t\t<\/div>\n\t\t<\/div>\n\t\t\t\t\t<\/div>\n\t\t<\/section>\n\t\t\t\t<\/div>\n\t\t","protected":false},"excerpt":{"rendered":"<p>Willst du Wingfoilen lernen\/progress machen? Du denkst, El M\u00e9dano ist nur etwas f\u00fcr erfahrene Wingfoiler? Think again! Sicheres Lernen, professionelles Coaching, freundliche Atmosph\u00e4re Egal, ob du ein Beginner bist oder etwas Neues ausprobieren m\u00f6chtest, das Duotone Pro Center in Zusammenarbeit mit TWS ist dein Einstieg in die aufregende Welt des Wingfoilings. Dank anf\u00e4ngerfreundlicher Spots und [&hellip;]<\/p>\n","protected":false},"author":2,"featured_media":0,"parent":0,"menu_order":0,"comment_status":"closed","ping_status":"closed","template":"elementor_header_footer","meta":{"footnotes":""},"class_list":["post-11837","page","type-page","status-publish","hentry"],"_links":{"self":[{"href":"https:\/\/twstest.072design.site\/de\/wp-json\/wp\/v2\/pages\/11837","targetHints":{"allow":["GET"]}}],"collection":[{"href":"https:\/\/twstest.072design.site\/de\/wp-json\/wp\/v2\/pages"}],"about":[{"href":"https:\/\/twstest.072design.site\/de\/wp-json\/wp\/v2\/types\/page"}],"author":[{"embeddable":true,"href":"https:\/\/twstest.072design.site\/de\/wp-json\/wp\/v2\/users\/2"}],"replies":[{"embeddable":true,"href":"https:\/\/twstest.072design.site\/de\/wp-json\/wp\/v2\/comments?post=11837"}],"version-history":[{"count":0,"href":"https:\/\/twstest.072design.site\/de\/wp-json\/wp\/v2\/pages\/11837\/revisions"}],"wp:attachment":[{"href":"https:\/\/twstest.072design.site\/de\/wp-json\/wp\/v2\/media?parent=11837"}],"curies":[{"name":"wp","href":"https:\/\/api.w.org\/{rel}","templated":true}]}}