{"id":8353,"date":"2024-09-27T06:30:41","date_gmt":"2024-09-27T06:30:41","guid":{"rendered":"https:\/\/twstest.072design.site\/clases-para-principiantes\/"},"modified":"2024-10-10T11:48:12","modified_gmt":"2024-10-10T11:48:12","slug":"clases-para-principiantes","status":"publish","type":"page","link":"https:\/\/twstest.072design.site\/es\/clases-para-principiantes\/","title":{"rendered":"Clases para principiantes"},"content":{"rendered":"\t\t<div data-elementor-type=\"wp-page\" data-elementor-id=\"8353\" class=\"elementor elementor-8353 elementor-1495\" data-elementor-post-type=\"page\">\n\t\t\t\t\t\t<section data-particle_enable=\"false\" data-particle-mobile-disabled=\"false\" class=\"elementor-section elementor-top-section elementor-element elementor-element-77274fe0 elementor-section-height-min-height elementor-section-boxed elementor-section-height-default elementor-section-items-middle\" data-id=\"77274fe0\" data-element_type=\"section\" data-settings=\"{&quot;jet_parallax_layout_list&quot;:[],&quot;background_background&quot;:&quot;video&quot;,&quot;background_video_link&quot;:&quot;https:\\\/\\\/player.vimeo.com\\\/video\\\/&quot;,&quot;shape_divider_bottom&quot;:&quot;curve&quot;}\">\n\t\t\t\t\t\t\t\t<div class=\"elementor-background-video-container elementor-hidden-mobile\" aria-hidden=\"true\">\n\t\t\t\t\t\t\t\t\t\t\t\t\t<video class=\"elementor-background-video-hosted\" autoplay muted playsinline loop><\/video>\n\t\t\t\t\t\t\t\t\t\t\t<\/div>\n\t\t\t\t\t\t\t<div class=\"elementor-shape elementor-shape-bottom\" aria-hidden=\"true\" data-negative=\"false\">\n\t\t\t<svg xmlns=\"http:\/\/www.w3.org\/2000\/svg\" viewBox=\"0 0 1000 100\" preserveAspectRatio=\"none\">\n    <path class=\"elementor-shape-fill\" d=\"M1000,4.3V0H0v4.3C0.9,23.1,126.7,99.2,500,100S1000,22.7,1000,4.3z\"\/>\n<\/svg>\t\t<\/div>\n\t\t\t\t\t<div class=\"elementor-container elementor-column-gap-no\">\n\t\t\t\t\t<div class=\"elementor-column elementor-col-100 elementor-top-column elementor-element elementor-element-7186961c\" data-id=\"7186961c\" data-element_type=\"column\">\n\t\t\t<div class=\"elementor-widget-wrap elementor-element-populated\">\n\t\t\t\t\t\t<div class=\"elementor-element elementor-element-6e81d618 elementor-widget elementor-widget-heading\" data-id=\"6e81d618\" data-element_type=\"widget\" data-widget_type=\"heading.default\">\n\t\t\t\t<div class=\"elementor-widget-container\">\n\t\t\t\t\t<h2 class=\"elementor-heading-title elementor-size-default\">Clases de Windsurf para principiantes con TWS v\u00eda Duotone Pro Center Tenerife  <\/h2>\t\t\t\t<\/div>\n\t\t\t\t<\/div>\n\t\t\t\t\t<\/div>\n\t\t<\/div>\n\t\t\t\t\t<\/div>\n\t\t<\/section>\n\t\t\t\t<section data-particle_enable=\"false\" data-particle-mobile-disabled=\"false\" class=\"elementor-section elementor-top-section elementor-element elementor-element-19ff23ad elementor-section-full_width elementor-section-height-default elementor-section-height-default\" data-id=\"19ff23ad\" data-element_type=\"section\" data-settings=\"{&quot;jet_parallax_layout_list&quot;:[]}\">\n\t\t\t\t\t\t<div class=\"elementor-container elementor-column-gap-no\">\n\t\t\t\t\t<div class=\"elementor-column elementor-col-100 elementor-top-column elementor-element elementor-element-30464b6c\" data-id=\"30464b6c\" data-element_type=\"column\">\n\t\t\t<div class=\"elementor-widget-wrap elementor-element-populated\">\n\t\t\t\t\t\t<div class=\"elementor-element elementor-element-75995442 elementor-widget elementor-widget-image\" data-id=\"75995442\" data-element_type=\"widget\" data-widget_type=\"image.default\">\n\t\t\t\t<div class=\"elementor-widget-container\">\n\t\t\t\t\t\t\t\t\t\t\t\t\t\t\t<img fetchpriority=\"high\" decoding=\"async\" width=\"800\" height=\"134\" src=\"https:\/\/twstest.072design.site\/wp-content\/uploads\/2024\/09\/Montana-Roja-1024x171.png\" class=\"attachment-large size-large wp-image-423\" alt=\"Montana Roja shape\" srcset=\"https:\/\/twstest.072design.site\/wp-content\/uploads\/2024\/09\/Montana-Roja-1024x171.png 1024w, https:\/\/twstest.072design.site\/wp-content\/uploads\/2024\/09\/Montana-Roja-300x50.png 300w, https:\/\/twstest.072design.site\/wp-content\/uploads\/2024\/09\/Montana-Roja-768x128.png 768w, https:\/\/twstest.072design.site\/wp-content\/uploads\/2024\/09\/Montana-Roja-600x100.png 600w, https:\/\/twstest.072design.site\/wp-content\/uploads\/2024\/09\/Montana-Roja.png 1199w\" sizes=\"(max-width: 800px) 100vw, 800px\" \/>\t\t\t\t\t\t\t\t\t\t\t\t\t\t\t<\/div>\n\t\t\t\t<\/div>\n\t\t\t\t\t<\/div>\n\t\t<\/div>\n\t\t\t\t\t<\/div>\n\t\t<\/section>\n\t\t\t\t<section data-particle_enable=\"false\" data-particle-mobile-disabled=\"false\" class=\"elementor-section elementor-top-section elementor-element elementor-element-6b74dd40 elementor-section-boxed elementor-section-height-default elementor-section-height-default\" data-id=\"6b74dd40\" data-element_type=\"section\" data-settings=\"{&quot;jet_parallax_layout_list&quot;:[]}\">\n\t\t\t\t\t\t<div class=\"elementor-container elementor-column-gap-default\">\n\t\t\t\t\t<div class=\"elementor-column elementor-col-50 elementor-top-column elementor-element elementor-element-7a2e51d\" data-id=\"7a2e51d\" data-element_type=\"column\" data-settings=\"{&quot;background_background&quot;:&quot;classic&quot;}\">\n\t\t\t<div class=\"elementor-widget-wrap elementor-element-populated\">\n\t\t\t\t\t\t<div class=\"elementor-element elementor-element-c41289c elementor-widget elementor-widget-heading\" data-id=\"c41289c\" data-element_type=\"widget\" data-widget_type=\"heading.default\">\n\t\t\t\t<div class=\"elementor-widget-container\">\n\t\t\t\t\t<h2 class=\"elementor-heading-title elementor-size-default\">\u00bfEres nuevo en el lugar?<\/h2>\t\t\t\t<\/div>\n\t\t\t\t<\/div>\n\t\t\t\t<div class=\"elementor-element elementor-element-29b8e38 elementor-widget elementor-widget-heading\" data-id=\"29b8e38\" data-element_type=\"widget\" data-widget_type=\"heading.default\">\n\t\t\t\t<div class=\"elementor-widget-container\">\n\t\t\t\t\t<h2 class=\"elementor-heading-title elementor-size-default\">\u00a1Te cubrimos!<\/h2>\t\t\t\t<\/div>\n\t\t\t\t<\/div>\n\t\t\t\t<div class=\"elementor-element elementor-element-230533c elementor-widget elementor-widget-text-editor\" data-id=\"230533c\" data-element_type=\"widget\" data-widget_type=\"text-editor.default\">\n\t\t\t\t<div class=\"elementor-widget-container\">\n\t\t\t\t\t\t\t\t\t<p><span data-contrast=\"auto\">En Tenerife Windsurf Solution (TWS), nos asociamos con <a href=\"https:\/\/www.dpc-tenerife.com\" target=\"_blank\" rel=\"noopener\">Duotone Pro Center Tenerife<\/a>, especialistas en clases de windsurf, para ofrecer la introducci\u00f3n perfecta al windsurf para principiantes.<\/span><\/p>\n<p><span data-contrast=\"auto\">  Tanto si eres completamente nuevo en el deporte como si quieres ganar confianza en el agua, sus experimentados instructores te guiar\u00e1n paso a paso en un entorno divertido y de apoyo.<\/span><span data-ccp-props=\"{}\"> <\/span><\/p>\n<p><span data-contrast=\"auto\"><strong>Qu\u00e9 incluyen las clases para principiantes<\/strong>:<\/span><\/p>\n<ol>\n<li><span data-contrast=\"auto\"><strong>Instrucci\u00f3n profesional<\/strong>:  <\/span><span data-contrast=\"auto\">Aprende con instructores cualificados y amables a los que les apasiona ayudarte a progresar. Cada clase se adapta a tu ritmo individual, garantizando que adquieras las habilidades y la confianza necesarias para disfrutar del windsurf. <\/span><\/li>\n<li><strong>Material de alta calidad<\/strong>: <span data-contrast=\"auto\">Duotone Pro Center Tenerife proporciona equipos de primera l\u00ednea, como tablas estables para principiantes y velas ligeras y f\u00e1ciles de manejar. Todo est\u00e1 dise\u00f1ado para que el aprendizaje sea c\u00f3modo y agradable. <\/span><\/li>\n<li><span data-contrast=\"auto\"><strong>Condiciones ideales para aprender<\/strong>: <\/span><span data-contrast=\"auto\">El M\u00e9dano es famoso por sus vientos fiables y sus aguas seguras y poco profundas, lo que lo convierte en un lugar ideal para que los principiantes aprendan windsurf en un entorno relajado y hermoso.<\/span><\/li>\n<li><span data-contrast=\"auto\"><strong>Clases personalizadas<\/strong>: <\/span><span data-contrast=\"auto\">Tanto si prefieres clases particulares como si quieres aprender en un grupo reducido, Duotone Pro Center te ofrece opciones flexibles. Las sesiones privadas permiten centrar la atenci\u00f3n en tus progresos, mientras que las clases en grupo proporcionan una experiencia de aprendizaje divertida y social. <\/span><\/li>\n<li><span data-contrast=\"auto\"><strong>Progresi\u00f3n paso a paso<\/strong>: <\/span><span data-contrast=\"auto\">Las clases empiezan con lo b\u00e1sico: aprender a mantener el equilibrio sobre la tabla, manejar la vela y entender la direcci\u00f3n del viento. A medida que avances, pasar\u00e1s r\u00e1pidamente a virar, girar y deslizarte por el agua, prepar\u00e1ndote para el \u00e9xito en futuras aventuras de windsurf. <\/span><\/li>\n<li><span data-contrast=\"auto\"><strong>Entorno seguro y de apoyo<\/strong>: <\/span><span data-contrast=\"auto\">La seguridad es una prioridad, y todos los instructores se aseguran de que te sientas c\u00f3modo y confiado mientras practicas tus habilidades. Aprender\u00e1s a tu propio ritmo, en un ambiente relajado y de apoyo. <\/span><span data-ccp-props=\"{}\"> <\/span><\/li>\n<\/ol>\n<p><span data-contrast=\"auto\"><br \/><strong>Paquetes de lecciones<\/strong>:<\/span><span data-ccp-props=\"{}\"> <\/span><\/p>\n<p><span data-contrast=\"auto\">Duotone Pro Center Tenerife ofrece varios paquetes de clases para principiantes, desde sesiones sueltas hasta cursos de varios d\u00edas, para que puedas elegir la opci\u00f3n que mejor se adapte a tus horarios y objetivos.<\/span><\/p>\n<ul>\n<li><span data-contrast=\"auto\"><strong>Clases individuales<\/strong>: Perfectas para probar el windsurf por primera vez.<\/span><\/li>\n<li><span data-contrast=\"auto\"><strong>Cursos de varios d\u00edas<\/strong>: Ideales para quienes desean desarrollar sus habilidades durante unos d\u00edas con instrucci\u00f3n y pr\u00e1ctica constantes.<\/span><span data-ccp-props=\"{}\"> <\/span><\/li>\n<\/ul>\n<p><strong><br \/>Reserva tu clase <\/strong><\/p>\n<p><span data-contrast=\"auto\">Para reservar tus clases de windsurf para principiantes, s\u00f3lo tienes que visitarnos en el centro, <a href=\"https:\/\/www.dpc-tenerife.com\/book-now\" target=\"_blank\" rel=\"noopener\">reservar directamente en el sitio web de Duotone Pro Center<\/a> o <a href=\"https:\/\/twstest.072design.site\/contact\/\">ponerte en contacto con nosotros<\/a> para obtener m\u00e1s informaci\u00f3n. Tanto si buscas una experiencia \u00fanica como si quieres dominar los fundamentos durante varios d\u00edas, Duotone Pro Center Tenerife se asegurar\u00e1 de que tengas un comienzo inolvidable en tu viaje por el windsurf. <\/span><span data-ccp-props=\"{}\"> <\/span><\/p>\n<p><span data-contrast=\"auto\">Descubre la emoci\u00f3n del windsurf guiados por nuestros expertos instructores de Duotone Pro Center Tenerife, \u00a1y haz que tus primeros pasos en el mundo del windsurf sean una aventura emocionante y gratificante!<\/span><span data-ccp-props=\"{}\"> <\/span><\/p>\n\t\t\t\t\t\t\t\t<\/div>\n\t\t\t\t<\/div>\n\t\t\t\t<div class=\"elementor-element elementor-element-3e96aca elementor-widget elementor-widget-text-editor\" data-id=\"3e96aca\" data-element_type=\"widget\" data-widget_type=\"text-editor.default\">\n\t\t\t\t<div class=\"elementor-widget-container\">\n\t\t\t\t\t\t\t\t\t<p><b><a href=\"#newsletter\">Deja tu direcci\u00f3n de correo electr\u00f3nico<\/a> para recibir alertas de nuevos cursos y clases.<\/b><\/p>\n\t\t\t\t\t\t\t\t<\/div>\n\t\t\t\t<\/div>\n\t\t\t\t\t<\/div>\n\t\t<\/div>\n\t\t\t\t<div class=\"elementor-column elementor-col-50 elementor-top-column elementor-element elementor-element-59bb3f70\" data-id=\"59bb3f70\" data-element_type=\"column\" data-settings=\"{&quot;background_background&quot;:&quot;classic&quot;}\">\n\t\t\t<div class=\"elementor-widget-wrap elementor-element-populated\">\n\t\t\t\t\t\t<div class=\"elementor-element elementor-element-a0f83f7 elementor-widget elementor-widget-image\" data-id=\"a0f83f7\" data-element_type=\"widget\" data-widget_type=\"image.default\">\n\t\t\t\t<div class=\"elementor-widget-container\">\n\t\t\t\t\t\t\t\t\t\t\t\t\t\t\t<img decoding=\"async\" width=\"800\" height=\"800\" src=\"https:\/\/twstest.072design.site\/wp-content\/uploads\/2024\/09\/lesson3.jpg\" class=\"attachment-large size-large wp-image-1927\" alt=\"\" srcset=\"https:\/\/twstest.072design.site\/wp-content\/uploads\/2024\/09\/lesson3.jpg 1024w, https:\/\/twstest.072design.site\/wp-content\/uploads\/2024\/09\/lesson3-300x300.jpg 300w, https:\/\/twstest.072design.site\/wp-content\/uploads\/2024\/09\/lesson3-150x150.jpg 150w, https:\/\/twstest.072design.site\/wp-content\/uploads\/2024\/09\/lesson3-768x768.jpg 768w, https:\/\/twstest.072design.site\/wp-content\/uploads\/2024\/09\/lesson3-600x600.jpg 600w, https:\/\/twstest.072design.site\/wp-content\/uploads\/2024\/09\/lesson3-100x100.jpg 100w\" sizes=\"(max-width: 800px) 100vw, 800px\" \/>\t\t\t\t\t\t\t\t\t\t\t\t\t\t\t<\/div>\n\t\t\t\t<\/div>\n\t\t\t\t<div class=\"elementor-element elementor-element-312d47a elementor-widget elementor-widget-image\" data-id=\"312d47a\" data-element_type=\"widget\" data-widget_type=\"image.default\">\n\t\t\t\t<div class=\"elementor-widget-container\">\n\t\t\t\t\t\t\t\t\t\t\t\t\t\t\t<img decoding=\"async\" width=\"800\" height=\"800\" src=\"https:\/\/twstest.072design.site\/wp-content\/uploads\/2024\/09\/lesson1.jpg\" class=\"attachment-large size-large wp-image-1913\" alt=\"\" srcset=\"https:\/\/twstest.072design.site\/wp-content\/uploads\/2024\/09\/lesson1.jpg 1024w, https:\/\/twstest.072design.site\/wp-content\/uploads\/2024\/09\/lesson1-300x300.jpg 300w, https:\/\/twstest.072design.site\/wp-content\/uploads\/2024\/09\/lesson1-150x150.jpg 150w, https:\/\/twstest.072design.site\/wp-content\/uploads\/2024\/09\/lesson1-768x768.jpg 768w, https:\/\/twstest.072design.site\/wp-content\/uploads\/2024\/09\/lesson1-600x600.jpg 600w, https:\/\/twstest.072design.site\/wp-content\/uploads\/2024\/09\/lesson1-100x100.jpg 100w\" sizes=\"(max-width: 800px) 100vw, 800px\" \/>\t\t\t\t\t\t\t\t\t\t\t\t\t\t\t<\/div>\n\t\t\t\t<\/div>\n\t\t\t\t<div class=\"elementor-element elementor-element-1b32a13 elementor-widget elementor-widget-image\" data-id=\"1b32a13\" data-element_type=\"widget\" data-widget_type=\"image.default\">\n\t\t\t\t<div class=\"elementor-widget-container\">\n\t\t\t\t\t\t\t\t\t\t\t\t\t\t\t<img loading=\"lazy\" decoding=\"async\" width=\"800\" height=\"800\" src=\"https:\/\/twstest.072design.site\/wp-content\/uploads\/2024\/09\/lesson4.jpg\" class=\"attachment-large size-large wp-image-1934\" alt=\"\" srcset=\"https:\/\/twstest.072design.site\/wp-content\/uploads\/2024\/09\/lesson4.jpg 1024w, https:\/\/twstest.072design.site\/wp-content\/uploads\/2024\/09\/lesson4-300x300.jpg 300w, https:\/\/twstest.072design.site\/wp-content\/uploads\/2024\/09\/lesson4-150x150.jpg 150w, https:\/\/twstest.072design.site\/wp-content\/uploads\/2024\/09\/lesson4-768x768.jpg 768w, https:\/\/twstest.072design.site\/wp-content\/uploads\/2024\/09\/lesson4-600x600.jpg 600w, https:\/\/twstest.072design.site\/wp-content\/uploads\/2024\/09\/lesson4-100x100.jpg 100w\" sizes=\"(max-width: 800px) 100vw, 800px\" \/>\t\t\t\t\t\t\t\t\t\t\t\t\t\t\t<\/div>\n\t\t\t\t<\/div>\n\t\t\t\t\t<\/div>\n\t\t<\/div>\n\t\t\t\t\t<\/div>\n\t\t<\/section>\n\t\t\t\t<section data-particle_enable=\"false\" data-particle-mobile-disabled=\"false\" class=\"elementor-section elementor-top-section elementor-element elementor-element-e8c0cde elementor-section-boxed elementor-section-height-default elementor-section-height-default\" data-id=\"e8c0cde\" data-element_type=\"section\" data-settings=\"{&quot;jet_parallax_layout_list&quot;:[]}\">\n\t\t\t\t\t\t<div class=\"elementor-container elementor-column-gap-default\">\n\t\t\t\t\t<div class=\"elementor-column elementor-col-100 elementor-top-column elementor-element elementor-element-19edef0\" data-id=\"19edef0\" data-element_type=\"column\">\n\t\t\t<div class=\"elementor-widget-wrap elementor-element-populated\">\n\t\t\t\t\t\t<div class=\"elementor-element elementor-element-9664054 elementor-widget elementor-widget-html\" data-id=\"9664054\" data-element_type=\"widget\" data-widget_type=\"html.default\">\n\t\t\t\t<div class=\"elementor-widget-container\">\n\t\t\t\t\t<script type=\"text\/javascript\" src=\"https:\/\/twswindsurf.vikingbookings.com\/en\/widget.js\"><\/script>\t\t\t\t<\/div>\n\t\t\t\t<\/div>\n\t\t\t\t\t<\/div>\n\t\t<\/div>\n\t\t\t\t\t<\/div>\n\t\t<\/section>\n\t\t\t\t<section data-particle_enable=\"false\" data-particle-mobile-disabled=\"false\" class=\"elementor-section elementor-top-section elementor-element elementor-element-2092f5d3 elementor-section-full_width elementor-section-height-min-height elementor-section-height-default elementor-section-items-middle\" data-id=\"2092f5d3\" data-element_type=\"section\" data-settings=\"{&quot;jet_parallax_layout_list&quot;:[],&quot;background_background&quot;:&quot;video&quot;,&quot;background_video_link&quot;:&quot;https:\\\/\\\/player.vimeo.com\\\/video\\\/1013326155&quot;}\">\n\t\t\t\t\t\t\t\t<div class=\"elementor-background-video-container elementor-hidden-mobile\" aria-hidden=\"true\">\n\t\t\t\t\t\t\t\t\t\t\t\t\t<div class=\"elementor-background-video-embed\"><\/div>\n\t\t\t\t\t\t\t\t\t\t\t\t<\/div>\n\t\t\t\t\t\t\t\t<div class=\"elementor-container elementor-column-gap-no\">\n\t\t\t\t\t<div class=\"elementor-column elementor-col-100 elementor-top-column elementor-element elementor-element-10fc13\" data-id=\"10fc13\" data-element_type=\"column\">\n\t\t\t<div class=\"elementor-widget-wrap\">\n\t\t\t\t\t\t\t<\/div>\n\t\t<\/div>\n\t\t\t\t\t<\/div>\n\t\t<\/section>\n\t\t\t\t<\/div>\n\t\t","protected":false},"excerpt":{"rendered":"<p>Clases de Windsurf para principiantes con TWS v\u00eda Duotone Pro Center Tenerife \u00bfEres nuevo en el lugar? \u00a1Te cubrimos! En Tenerife Windsurf Solution (TWS), nos asociamos con Duotone Pro Center Tenerife, especialistas en clases de windsurf, para ofrecer la introducci\u00f3n perfecta al windsurf para principiantes. Tanto si eres completamente nuevo en el deporte como si [&hellip;]<\/p>\n","protected":false},"author":2,"featured_media":0,"parent":0,"menu_order":0,"comment_status":"closed","ping_status":"closed","template":"elementor_header_footer","meta":{"footnotes":""},"class_list":["post-8353","page","type-page","status-publish","hentry"],"_links":{"self":[{"href":"https:\/\/twstest.072design.site\/es\/wp-json\/wp\/v2\/pages\/8353","targetHints":{"allow":["GET"]}}],"collection":[{"href":"https:\/\/twstest.072design.site\/es\/wp-json\/wp\/v2\/pages"}],"about":[{"href":"https:\/\/twstest.072design.site\/es\/wp-json\/wp\/v2\/types\/page"}],"author":[{"embeddable":true,"href":"https:\/\/twstest.072design.site\/es\/wp-json\/wp\/v2\/users\/2"}],"replies":[{"embeddable":true,"href":"https:\/\/twstest.072design.site\/es\/wp-json\/wp\/v2\/comments?post=8353"}],"version-history":[{"count":0,"href":"https:\/\/twstest.072design.site\/es\/wp-json\/wp\/v2\/pages\/8353\/revisions"}],"wp:attachment":[{"href":"https:\/\/twstest.072design.site\/es\/wp-json\/wp\/v2\/media?parent=8353"}],"curies":[{"name":"wp","href":"https:\/\/api.w.org\/{rel}","templated":true}]}}