{"id":8381,"date":"2024-09-28T10:42:15","date_gmt":"2024-09-28T10:42:15","guid":{"rendered":"https:\/\/twstest.072design.site\/marcas-en-tws\/"},"modified":"2024-10-10T13:26:43","modified_gmt":"2024-10-10T13:26:43","slug":"marcas-en-tws","status":"publish","type":"page","link":"https:\/\/twstest.072design.site\/es\/marcas-en-tws\/","title":{"rendered":"Marcas en TWS"},"content":{"rendered":"\t\t<div data-elementor-type=\"wp-page\" data-elementor-id=\"8381\" class=\"elementor elementor-8381 elementor-2426\" data-elementor-post-type=\"page\">\n\t\t\t\t\t\t<section data-particle_enable=\"false\" data-particle-mobile-disabled=\"false\" class=\"elementor-section elementor-top-section elementor-element elementor-element-77274fe0 elementor-section-height-min-height elementor-section-boxed elementor-section-height-default elementor-section-items-middle\" data-id=\"77274fe0\" data-element_type=\"section\" data-settings=\"{&quot;jet_parallax_layout_list&quot;:[],&quot;background_background&quot;:&quot;video&quot;,&quot;background_video_link&quot;:&quot;https:\\\/\\\/player.vimeo.com\\\/video\\\/410311947&quot;}\">\n\t\t\t\t\t\t\t\t<div class=\"elementor-background-video-container elementor-hidden-mobile\" aria-hidden=\"true\">\n\t\t\t\t\t\t\t\t\t\t\t\t\t<div class=\"elementor-background-video-embed\"><\/div>\n\t\t\t\t\t\t\t\t\t\t\t\t<\/div>\n\t\t\t\t\t\t\t\t\t<div class=\"elementor-background-overlay\"><\/div>\n\t\t\t\t\t\t\t<div class=\"elementor-container elementor-column-gap-no\">\n\t\t\t\t\t<div class=\"elementor-column elementor-col-100 elementor-top-column elementor-element elementor-element-7186961c\" data-id=\"7186961c\" data-element_type=\"column\">\n\t\t\t<div class=\"elementor-widget-wrap elementor-element-populated\">\n\t\t\t\t\t\t<div class=\"elementor-element elementor-element-6e81d618 elementor-widget elementor-widget-heading\" data-id=\"6e81d618\" data-element_type=\"widget\" data-widget_type=\"heading.default\">\n\t\t\t\t<div class=\"elementor-widget-container\">\n\t\t\t\t\t<h2 class=\"elementor-heading-title elementor-size-default\">Marcas disponibles en TWS<\/h2>\t\t\t\t<\/div>\n\t\t\t\t<\/div>\n\t\t\t\t\t<\/div>\n\t\t<\/div>\n\t\t\t\t\t<\/div>\n\t\t<\/section>\n\t\t\t\t<section data-particle_enable=\"false\" data-particle-mobile-disabled=\"false\" class=\"elementor-section elementor-top-section elementor-element elementor-element-6b74dd40 elementor-reverse-mobile elementor-section-boxed elementor-section-height-default elementor-section-height-default\" data-id=\"6b74dd40\" data-element_type=\"section\" data-settings=\"{&quot;jet_parallax_layout_list&quot;:[]}\">\n\t\t\t\t\t\t<div class=\"elementor-container elementor-column-gap-default\">\n\t\t\t\t\t<div class=\"elementor-column elementor-col-50 elementor-top-column elementor-element elementor-element-59bb3f70\" data-id=\"59bb3f70\" data-element_type=\"column\" data-settings=\"{&quot;background_background&quot;:&quot;classic&quot;}\">\n\t\t\t<div class=\"elementor-widget-wrap elementor-element-populated\">\n\t\t\t\t\t\t<div class=\"elementor-element elementor-element-a0f83f7 elementor-widget elementor-widget-image\" data-id=\"a0f83f7\" data-element_type=\"widget\" data-widget_type=\"image.default\">\n\t\t\t\t<div class=\"elementor-widget-container\">\n\t\t\t\t\t\t\t\t\t\t\t\t\t\t\t<img fetchpriority=\"high\" decoding=\"async\" width=\"600\" height=\"600\" src=\"https:\/\/twstest.072design.site\/wp-content\/uploads\/2024\/09\/gear.jpg\" class=\"attachment-large size-large wp-image-1076\" alt=\"\" srcset=\"https:\/\/twstest.072design.site\/wp-content\/uploads\/2024\/09\/gear.jpg 600w, https:\/\/twstest.072design.site\/wp-content\/uploads\/2024\/09\/gear-300x300.jpg 300w, https:\/\/twstest.072design.site\/wp-content\/uploads\/2024\/09\/gear-150x150.jpg 150w, https:\/\/twstest.072design.site\/wp-content\/uploads\/2024\/09\/gear-100x100.jpg 100w\" sizes=\"(max-width: 600px) 100vw, 600px\" \/>\t\t\t\t\t\t\t\t\t\t\t\t\t\t\t<\/div>\n\t\t\t\t<\/div>\n\t\t\t\t<div class=\"elementor-element elementor-element-312d47a elementor-widget elementor-widget-image\" data-id=\"312d47a\" data-element_type=\"widget\" data-widget_type=\"image.default\">\n\t\t\t\t<div class=\"elementor-widget-container\">\n\t\t\t\t\t\t\t\t\t\t\t\t\t\t\t<img decoding=\"async\" width=\"800\" height=\"800\" src=\"https:\/\/twstest.072design.site\/wp-content\/uploads\/2024\/09\/sails.jpg\" class=\"attachment-large size-large wp-image-2999\" alt=\"\" srcset=\"https:\/\/twstest.072design.site\/wp-content\/uploads\/2024\/09\/sails.jpg 1024w, https:\/\/twstest.072design.site\/wp-content\/uploads\/2024\/09\/sails-300x300.jpg 300w, https:\/\/twstest.072design.site\/wp-content\/uploads\/2024\/09\/sails-150x150.jpg 150w, https:\/\/twstest.072design.site\/wp-content\/uploads\/2024\/09\/sails-768x768.jpg 768w, https:\/\/twstest.072design.site\/wp-content\/uploads\/2024\/09\/sails-600x600.jpg 600w, https:\/\/twstest.072design.site\/wp-content\/uploads\/2024\/09\/sails-100x100.jpg 100w\" sizes=\"(max-width: 800px) 100vw, 800px\" \/>\t\t\t\t\t\t\t\t\t\t\t\t\t\t\t<\/div>\n\t\t\t\t<\/div>\n\t\t\t\t\t<\/div>\n\t\t<\/div>\n\t\t\t\t<div class=\"elementor-column elementor-col-50 elementor-top-column elementor-element elementor-element-7a2e51d\" data-id=\"7a2e51d\" data-element_type=\"column\" data-settings=\"{&quot;background_background&quot;:&quot;classic&quot;}\">\n\t\t\t<div class=\"elementor-widget-wrap elementor-element-populated\">\n\t\t\t\t\t\t<div class=\"elementor-element elementor-element-19bea27 elementor-widget elementor-widget-heading\" data-id=\"19bea27\" data-element_type=\"widget\" data-widget_type=\"heading.default\">\n\t\t\t\t<div class=\"elementor-widget-container\">\n\t\t\t\t\t<h3 class=\"elementor-heading-title elementor-size-default\">Disponemos de una amplia gama de marcas de windsurf y deportes acu\u00e1ticos de primera calidad para garantizar que tengas acceso al mejor material y siempre a la \u00faltima para tus sesiones.<\/h3>\t\t\t\t<\/div>\n\t\t\t\t<\/div>\n\t\t\t\t<div class=\"elementor-element elementor-element-53fb33d elementor-widget elementor-widget-heading\" data-id=\"53fb33d\" data-element_type=\"widget\" data-widget_type=\"heading.default\">\n\t\t\t\t<div class=\"elementor-widget-container\">\n\t\t\t\t\t<h3 class=\"elementor-heading-title elementor-size-default\">  \u00c9stas son algunas de las principales marcas que puedes encontrar en nuestro centro:<\/h3>\t\t\t\t<\/div>\n\t\t\t\t<\/div>\n\t\t\t\t<div class=\"elementor-element elementor-element-230533c elementor-widget elementor-widget-text-editor\" data-id=\"230533c\" data-element_type=\"widget\" data-widget_type=\"text-editor.default\">\n\t\t\t\t<div class=\"elementor-widget-container\">\n\t\t\t\t\t\t\t\t\t<\/p>\n<ol>\n<li><span data-contrast=\"auto\"> <strong> AL360 (<a href=\"https:\/\/www.al360.it\/windsurf\/\" target=\"_blank\" rel=\"noopener\">sitio web<\/a>)<\/strong> &#8211; Botavaras y pies de m\u00e1stil base 100% carbono<\/span><\/li>\n<li><span data-contrast=\"auto\"> <strong> N\u00facleo (<a href=\"https:\/\/ridecore.com\/us\/wing\/wingfoil-range\" target=\"_blank\" rel=\"noopener\">sitio web<\/a>)<\/strong>&#8211; Tablas de Wingfoil y wings<\/span><\/li>\n<li><span data-contrast=\"auto\"> <strong> Dakine<\/strong> <strong>(<a href=\"https:\/\/wind.dakine.com\" target=\"_blank\" rel=\"noopener\">sitio web<\/a>) <\/strong>&#8211; Arneses y footstraps<\/span><\/li>\n<li><span data-contrast=\"auto\"> <strong> Duotone<\/strong> <strong>(<a href=\"https:\/\/www.duotonesports.com\/en\/windsurfing\" target=\"_blank\" rel=\"noopener\">sitio web<\/a>) <\/strong>&#8211; Tablas, velas, botavaras, m\u00e1stiles y accesorios<\/span><\/li>\n<li><span data-contrast=\"auto\"> <strong> Ezzy<\/strong> <strong>(<a href=\"https:\/\/www.ezzy.com\" target=\"_blank\" rel=\"noopener\">sitio web<\/a>) <\/strong>&#8211; Velas , m\u00e1stiles y alas para wingfoiling<\/span><\/li>\n<li><span data-contrast=\"auto\"> <strong> Velas Flight<\/strong> <strong>(<a href=\"https:\/\/flightsails.com\" target=\"_blank\" rel=\"noopener\">sitio web<\/a>) <\/strong>&#8211; Velas y m\u00e1stiles<\/span><\/li>\n<li><span data-contrast=\"auto\"> <strong> Tablas personalizadas Flikka<\/strong> <strong>(<a href=\"https:\/\/twstest.072design.site\/shop\/\">sitio web<\/a>) <\/strong>&#8211; Famosas ediciones Flikka TWS Pro<\/span><\/li>\n<li><span data-contrast=\"auto\"><strong>Goya<\/strong> <strong>(<a href=\"https:\/\/goyawindsurfing.com\/sails\/\" target=\"_blank\" rel=\"noopener\">sitio web<\/a>) <\/strong>&#8211; Velas, m\u00e1stiles, tablas<\/span><\/li>\n<li><span data-contrast=\"auto\"><strong>H2O<\/strong> <strong>(<a href=\"https:\/\/twstest.072design.site\/shop\/\">sitio web<\/a>) <\/strong>&#8211; Ropa y accesorios de surf inspirados en Tenerife<\/span><\/li>\n<li><span data-contrast=\"auto\"><strong>JP Australia<\/strong> <strong>(<a href=\"https:\/\/jp-australia.com\/jp-windsurf\/windsurf-boards\/\" target=\"_blank\" rel=\"noopener\">sitio web<\/a>) <\/strong>&#8211; Tablas de windsurf y velas<\/span><\/li>\n<li><span data-contrast=\"auto\"><strong>Lift Foils<\/strong> <strong>(<a href=\"https:\/\/liftfoils.com\/surf-foils\" target=\"_blank\" rel=\"noopener\">sitio web<\/a>) <\/strong>&#8211; E-foils y equipos de wingfoiling<\/span><\/li>\n<li><span data-contrast=\"auto\"><strong>Naish<\/strong> <strong>(<a href=\"https:\/\/www.naish.com\" target=\"_blank\" rel=\"noopener\">sitio web<\/a>) <\/strong>&#8211; Tablas de windsurf, velas y m\u00e1stiles<\/span><\/li>\n<li><span data-contrast=\"auto\"><strong>NeilPryde<\/strong> <strong>(<a href=\"https:\/\/www.neilpryde.com\" target=\"_blank\" rel=\"noopener\">sitio web<\/a>) <\/strong>&#8211; Velas de windsurf, m\u00e1stiles, botavaras<\/span><\/li>\n<li><span data-contrast=\"auto\"><strong>Pro Limit<\/strong> <strong>(<a href=\"https:\/\/www.prolimit.com\" target=\"_blank\" rel=\"noopener\">sitio web<\/a>) <\/strong>&#8211; Trajes de neopreno, arneses y accesorios<\/span><\/li>\n<li><span data-contrast=\"auto\"><strong>Quatro<\/strong> <strong>(<a href=\"https:\/\/quatro1994.com\/boards\/production\/windsurfing\/\" target=\"_blank\" rel=\"noopener\">sitio web<\/a>) <\/strong>&#8211; Tablas de windsurf y SUP<\/span><\/li>\n<li><span data-contrast=\"auto\"><strong>RRD<\/strong> <strong>(<a href=\"https:\/\/equipment.robertoriccidesigns.com\/windsurf-board-collection\/\" target=\"_blank\" rel=\"noopener\">sitio web<\/a>) <\/strong>&#8211; Tablas de windsurf, velas y m\u00e1stiles<\/span><\/li>\n<li><span data-contrast=\"auto\"><strong>Simmer Style<\/strong> <strong>(<a href=\"https:\/\/simmerstyle.com\" target=\"_blank\" rel=\"noopener\">sitio web<\/a>) <\/strong>&#8211; Velas y m\u00e1stiles<\/span><\/li>\n<li><strong>TWS<\/strong> <span data-contrast=\"auto\"><strong><a href=\"https:\/\/twstest.072design.site\/shop\/\">(sitio web<\/a>) <\/strong><\/span>&#8211; M\u00e1stiles, cabos de arn\u00e9s, quillas<\/li>\n<li><span data-contrast=\"auto\"><strong>Witchcraft<\/strong> <strong>(<a href=\"https:\/\/witchcraft.nu\" target=\"_blank\" rel=\"noopener\">sitio web<\/a>) <\/strong>&#8211; Famosas tablas personalizadas de Fuerteventura y algunas velas&amp; m\u00e1stiles<\/span><\/li>\n<\/ol>\n<p><span data-contrast=\"auto\"><br \/>\u00a1Visita <strong>TWS<\/strong> para obtener asesoramiento experto y una amplia selecci\u00f3n de material de primera calidad para <strong>elevar tu experiencia de windsurf<\/strong> en El M\u00e9dano!<\/span><span data-ccp-props=\"{}\"> <\/span><\/p>\n\t\t\t\t\t\t\t\t<\/div>\n\t\t\t\t<\/div>\n\t\t\t\t<div class=\"elementor-element elementor-element-3e96aca elementor-widget elementor-widget-text-editor\" data-id=\"3e96aca\" data-element_type=\"widget\" data-widget_type=\"text-editor.default\">\n\t\t\t\t<div class=\"elementor-widget-container\">\n\t\t\t\t\t\t\t\t\t<p><b><a href=\"#newsletter\">Deja tu direcci\u00f3n de correo electr\u00f3nico<\/a> para recibir alertas de nuevas marcas, productos, cl\u00ednicas y clases.<\/b><\/p>\n\t\t\t\t\t\t\t\t<\/div>\n\t\t\t\t<\/div>\n\t\t\t\t\t<\/div>\n\t\t<\/div>\n\t\t\t\t\t<\/div>\n\t\t<\/section>\n\t\t\t\t<section data-particle_enable=\"false\" data-particle-mobile-disabled=\"false\" class=\"elementor-section elementor-top-section elementor-element elementor-element-e8c0cde elementor-section-boxed elementor-section-height-default elementor-section-height-default\" data-id=\"e8c0cde\" data-element_type=\"section\" data-settings=\"{&quot;jet_parallax_layout_list&quot;:[]}\">\n\t\t\t\t\t\t<div class=\"elementor-container elementor-column-gap-default\">\n\t\t\t\t\t<div class=\"elementor-column elementor-col-100 elementor-top-column elementor-element elementor-element-19edef0\" data-id=\"19edef0\" data-element_type=\"column\">\n\t\t\t<div class=\"elementor-widget-wrap elementor-element-populated\">\n\t\t\t\t\t\t<div class=\"elementor-element elementor-element-9664054 elementor-widget elementor-widget-html\" data-id=\"9664054\" data-element_type=\"widget\" data-widget_type=\"html.default\">\n\t\t\t\t<div class=\"elementor-widget-container\">\n\t\t\t\t\t<script type=\"text\/javascript\" src=\"https:\/\/twswindsurf.vikingbookings.com\/en\/widget.js\"><\/script>\t\t\t\t<\/div>\n\t\t\t\t<\/div>\n\t\t\t\t\t<\/div>\n\t\t<\/div>\n\t\t\t\t\t<\/div>\n\t\t<\/section>\n\t\t\t\t<section data-particle_enable=\"false\" data-particle-mobile-disabled=\"false\" class=\"elementor-section elementor-top-section elementor-element elementor-element-2092f5d3 elementor-section-full_width elementor-section-height-min-height elementor-section-height-default elementor-section-items-middle\" data-id=\"2092f5d3\" data-element_type=\"section\" data-settings=\"{&quot;jet_parallax_layout_list&quot;:[],&quot;background_background&quot;:&quot;video&quot;,&quot;background_video_link&quot;:&quot;https:\\\/\\\/player.vimeo.com\\\/video\\\/1013326155&quot;}\">\n\t\t\t\t\t\t\t\t<div class=\"elementor-background-video-container elementor-hidden-mobile\" aria-hidden=\"true\">\n\t\t\t\t\t\t\t\t\t\t\t\t\t<div class=\"elementor-background-video-embed\"><\/div>\n\t\t\t\t\t\t\t\t\t\t\t\t<\/div>\n\t\t\t\t\t\t\t\t<div class=\"elementor-container elementor-column-gap-no\">\n\t\t\t\t\t<div class=\"elementor-column elementor-col-100 elementor-top-column elementor-element elementor-element-10fc13\" data-id=\"10fc13\" data-element_type=\"column\">\n\t\t\t<div class=\"elementor-widget-wrap\">\n\t\t\t\t\t\t\t<\/div>\n\t\t<\/div>\n\t\t\t\t\t<\/div>\n\t\t<\/section>\n\t\t\t\t<\/div>\n\t\t","protected":false},"excerpt":{"rendered":"<p>Marcas disponibles en TWS Disponemos de una amplia gama de marcas de windsurf y deportes acu\u00e1ticos de primera calidad para garantizar que tengas acceso al mejor material y siempre a la \u00faltima para tus sesiones. \u00c9stas son algunas de las principales marcas que puedes encontrar en nuestro centro: AL360 (sitio web) &#8211; Botavaras y pies [&hellip;]<\/p>\n","protected":false},"author":2,"featured_media":0,"parent":0,"menu_order":0,"comment_status":"closed","ping_status":"closed","template":"elementor_header_footer","meta":{"footnotes":""},"class_list":["post-8381","page","type-page","status-publish","hentry"],"_links":{"self":[{"href":"https:\/\/twstest.072design.site\/es\/wp-json\/wp\/v2\/pages\/8381","targetHints":{"allow":["GET"]}}],"collection":[{"href":"https:\/\/twstest.072design.site\/es\/wp-json\/wp\/v2\/pages"}],"about":[{"href":"https:\/\/twstest.072design.site\/es\/wp-json\/wp\/v2\/types\/page"}],"author":[{"embeddable":true,"href":"https:\/\/twstest.072design.site\/es\/wp-json\/wp\/v2\/users\/2"}],"replies":[{"embeddable":true,"href":"https:\/\/twstest.072design.site\/es\/wp-json\/wp\/v2\/comments?post=8381"}],"version-history":[{"count":0,"href":"https:\/\/twstest.072design.site\/es\/wp-json\/wp\/v2\/pages\/8381\/revisions"}],"wp:attachment":[{"href":"https:\/\/twstest.072design.site\/es\/wp-json\/wp\/v2\/media?parent=8381"}],"curies":[{"name":"wp","href":"https:\/\/api.w.org\/{rel}","templated":true}]}}