{"id":8435,"date":"2024-10-08T21:11:47","date_gmt":"2024-10-08T21:11:47","guid":{"rendered":"https:\/\/twstest.072design.site\/politica-de-cookies\/"},"modified":"2024-10-10T14:13:13","modified_gmt":"2024-10-10T14:13:13","slug":"politica-de-cookies","status":"publish","type":"page","link":"https:\/\/twstest.072design.site\/es\/politica-de-cookies\/","title":{"rendered":"Pol\u00edtica de cookies"},"content":{"rendered":"\t\t<div data-elementor-type=\"wp-page\" data-elementor-id=\"8435\" class=\"elementor elementor-8435 elementor-6636\" data-elementor-post-type=\"page\">\n\t\t\t\t\t\t<section data-particle_enable=\"false\" data-particle-mobile-disabled=\"false\" class=\"elementor-section elementor-top-section elementor-element elementor-element-40dcdbc6 elementor-section-height-min-height elementor-section-boxed elementor-section-height-default elementor-section-items-middle\" data-id=\"40dcdbc6\" data-element_type=\"section\" data-settings=\"{&quot;jet_parallax_layout_list&quot;:[],&quot;background_background&quot;:&quot;video&quot;}\">\n\t\t\t\t\t\t\t<div class=\"elementor-background-overlay\"><\/div>\n\t\t\t\t\t\t\t<div class=\"elementor-container elementor-column-gap-no\">\n\t\t\t\t\t<div class=\"elementor-column elementor-col-100 elementor-top-column elementor-element elementor-element-4d1d086f\" data-id=\"4d1d086f\" data-element_type=\"column\">\n\t\t\t<div class=\"elementor-widget-wrap elementor-element-populated\">\n\t\t\t\t\t\t<div class=\"elementor-element elementor-element-6c15e380 elementor-widget elementor-widget-heading\" data-id=\"6c15e380\" data-element_type=\"widget\" data-widget_type=\"heading.default\">\n\t\t\t\t<div class=\"elementor-widget-container\">\n\t\t\t\t\t<h1 class=\"elementor-heading-title elementor-size-default\">pol\u00edtica de cookies<\/h1>\t\t\t\t<\/div>\n\t\t\t\t<\/div>\n\t\t\t\t\t<\/div>\n\t\t<\/div>\n\t\t\t\t\t<\/div>\n\t\t<\/section>\n\t\t\t\t<section data-particle_enable=\"false\" data-particle-mobile-disabled=\"false\" class=\"elementor-section elementor-top-section elementor-element elementor-element-7e39d98d elementor-section-boxed elementor-section-height-default elementor-section-height-default\" data-id=\"7e39d98d\" data-element_type=\"section\" data-settings=\"{&quot;jet_parallax_layout_list&quot;:[]}\">\n\t\t\t\t\t\t<div class=\"elementor-container elementor-column-gap-default\">\n\t\t\t\t\t<div class=\"elementor-column elementor-col-100 elementor-top-column elementor-element elementor-element-555e200f\" data-id=\"555e200f\" data-element_type=\"column\" data-settings=\"{&quot;background_background&quot;:&quot;classic&quot;}\">\n\t\t\t<div class=\"elementor-widget-wrap elementor-element-populated\">\n\t\t\t\t\t\t<div class=\"elementor-element elementor-element-3c6b422e elementor-widget elementor-widget-heading\" data-id=\"3c6b422e\" data-element_type=\"widget\" data-widget_type=\"heading.default\">\n\t\t\t\t<div class=\"elementor-widget-container\">\n\t\t\t\t\t<h5 class=\"elementor-heading-title elementor-size-default\">Pol\u00edtica de cookies de Tenerife Windsurf Solutions<\/h5>\t\t\t\t<\/div>\n\t\t\t\t<\/div>\n\t\t\t\t<div class=\"elementor-element elementor-element-0f560f5 elementor-widget elementor-widget-heading\" data-id=\"0f560f5\" data-element_type=\"widget\" data-widget_type=\"heading.default\">\n\t\t\t\t<div class=\"elementor-widget-container\">\n\t\t\t\t\t<h5 class=\"elementor-heading-title elementor-size-default\">Todo lo que siempre quisiste saber sobre el uso de cookies en tws-windsurf.com.<\/h5>\t\t\t\t<\/div>\n\t\t\t\t<\/div>\n\t\t\t\t<div class=\"elementor-element elementor-element-7b43f48 elementor-widget elementor-widget-text-editor\" data-id=\"7b43f48\" data-element_type=\"widget\" data-widget_type=\"text-editor.default\">\n\t\t\t\t<div class=\"elementor-widget-container\">\n\t\t\t\t\t\t\t\t\t<p><b>\u00bfQu\u00e9 son las cookies?<\/b><\/p>\n<p>Las cookies son peque\u00f1os archivos de datos que el sitio web que visitas descarga en tu dispositivo. La pr\u00f3xima vez que visites el mismo sitio web, las cookies garantizan que se reconozca tu dispositivo. Mediante el uso de cookies y tecnolog\u00edas similares, como etiquetas de p\u00edxeles\/balizas y scripts (\u00abcookies\u00bb), este sitio web puede guardar informaci\u00f3n sobre las visitas y los visitantes. Algunas de las cookies las colocamos nosotros mismos en los sitios web, mientras que otras las colocan terceros. Las cookies de terceros tambi\u00e9n pueden recoger datos fuera de nuestros sitios web.    <\/p>\n<p>Las cookies pueden utilizarse para hacer que la visita a un sitio web sea m\u00e1s personal, por ejemplo:  <\/p>\n<ul>\n<li>mostrando los ajustes de navegaci\u00f3n pertinentes;<\/li>\n<li>recordar las preferencias de los visitantes;<\/li>\n<li>mejorar la experiencia general del usuario y<\/li>\n<li>limitar el n\u00famero de anuncios mostrados.<\/li>\n<\/ul>\n<p><b><br \/>Uso de cookies por TWS<\/b><\/p>\n<p>Al hacer clic en \u00abaceptar\u00bb cuando se muestre el aviso de cookies o al continuar utilizando el sitio web, das tu consentimiento para que se coloquen y lean cookies en tws-windsurf.com y los subdominios asociados. TWS utiliza la informaci\u00f3n que ha recopilado a trav\u00e9s de las cookies para los fines indicados en la pol\u00edtica de privacidad de TWS (dit moet een hyperlink worden naar de pricvay policy op de tws site. <\/p>\n<p><b>TWS-WINDSURF.com puede utilizar tres tipos de cookies<\/b><\/p>\n<p><b>Cookies funcionales<\/b><br \/>Son cookies que permiten a los usuarios ver tws-windsurf.com, utilizar las funciones de los sitios web y acceder a partes seguras de los mismos. La informaci\u00f3n recogida a trav\u00e9s de estas cookies no se utiliza con fines de marketing. Si no se permite el uso de este tipo de cookies, esto tendr\u00e1 las siguientes consecuencias:    <\/p>\n<ul>\n<li>utilizar varias partes de tws-windsurf.com ser\u00e1 imposible;<\/li>\n<li>La TWS puede proporcionar menos ayuda a los usuarios;<\/li>\n<li>La TWS no podr\u00e1 recordar tus preferencias para no utilizar o mostrar una funci\u00f3n espec\u00edfica.<\/li>\n<\/ul>\n<p><b><br \/>Cookies anal\u00edticas<\/b><br \/>Estas cookies ayudan a TYWS a mejorar sus sitios web. Las cookies recopilan informaci\u00f3n sobre la forma en que los visitantes utilizan tws-windsurf.com, incluida informaci\u00f3n sobre las p\u00e1ginas m\u00e1s visitadas o el n\u00famero de mensajes de error mostrados. Las cookies WebAnalytics son un ejemplo de este tipo de cookies.  <br \/><b><br \/>Cookies de marketing y de otro tipo<\/b><br \/>Las cookies de marketing suelen ser colocadas en tws-windsurf.com por redes publicitarias. Estas redes son empresas que act\u00faan como intermediarias entre TWS y los anunciantes. Estas cookies se utilizan para:    <\/p>\n<ul>\n<li>mostrar anuncios u ofertas relevantes y personalizados a trav\u00e9s de todo tipo de medios (como correo electr\u00f3nico, redes sociales y banners publicitarios) en funci\u00f3n de tu visita a tws-windsurf.com y de tu comportamiento al hacer clic en \u00e9l;<\/li>\n<li>limitar el n\u00famero de veces que se muestra cada anuncio;<\/li>\n<li>medir la eficacia de una campa\u00f1a publicitaria;<\/li>\n<li>establecer un enlace con las redes sociales, para que se te reconozca cuando desees utilizar las redes sociales a trav\u00e9s de tws-windsurf.com.<\/li>\n<\/ul>\n<p><b><br \/>Ajustar la configuraci\u00f3n de las cookies y eliminarlas<\/b><\/p>\n<p>Si no quieres que TWS coloque cookies en tu dispositivo, puedes rechazar el uso de cookies a trav\u00e9s de los ajustes u opciones de tu navegador. Tambi\u00e9n puedes rechazar s\u00f3lo las cookies de nuestros socios. Debes ajustar la configuraci\u00f3n por separado para cada navegador y cada ordenador. Los enlaces que aparecen a continuaci\u00f3n te llevar\u00e1n directamente a la gu\u00eda del usuario de tu navegador.     <\/p>\n<ul>\n<li><a href=\"https:\/\/support.google.com\/chrome\/answer\/95647?hl=en\" target=\"_blank\" rel=\"noopener\">Cromo<\/a> \ue104<\/li>\n<li><a href=\"https:\/\/support.mozilla.org\/en-US\/kb\/cookies-information-websites-store-on-your-computer\" target=\"_blank\" rel=\"noopener\">Firefox<\/a> \ue104<\/li>\n<li><a href=\"https:\/\/support.microsoft.com\/en-us\/help\/17442\/windows-internet-explorer-delete-manage-cookies#ie=ie-11\" target=\"_blank\" rel=\"noopener\">Internet Explorer<\/a> \ue104<\/li>\n<li><a href=\"https:\/\/support.apple.com\/kb\/PH21411?locale=en_US&amp;viewlocale=en_US\" target=\"_blank\" rel=\"noopener\">Safari<\/a> \ue104<\/li>\n<\/ul>\n<p>Ten en cuenta que, si ajustas la configuraci\u00f3n de cookies de tws-windsurf.com, es posible que despu\u00e9s no puedas utilizar correctamente algunas partes de tws-windsurf.com.<\/p>\n<p><b>M\u00e1s sobre las cookies<\/b><\/p>\n<p>Tus opciones en l\u00ednea\u00bb<a href=\"http:\/\/www.youronlinechoices.com\/\" target=\"_blank\" rel=\"noopener\">(www.youronlinechoices.com<\/a> \ue104) es un sitio web ofrecido por el sector de la publicidad en Internet que contiene informaci\u00f3n sobre \u00abpublicidad basada en el comportamiento\u00bb, \u00abprivacidad en l\u00ednea\u00bb y opciones de exclusi\u00f3n voluntaria.<\/p>\n<p>Si esta pol\u00edtica de cookies o las cookies colocadas cambian, ajustaremos la pol\u00edtica y la lista de cookies colocadas.<\/p>\n<p>La versi\u00f3n m\u00e1s reciente de esta pol\u00edtica de cookies est\u00e1 fechada<sup>el 24<\/sup> de mayo de 18.<\/p>\n\t\t\t\t\t\t\t\t<\/div>\n\t\t\t\t<\/div>\n\t\t\t\t\t<\/div>\n\t\t<\/div>\n\t\t\t\t\t<\/div>\n\t\t<\/section>\n\t\t\t\t<\/div>\n\t\t","protected":false},"excerpt":{"rendered":"<p>pol\u00edtica de cookies Pol\u00edtica de cookies de Tenerife Windsurf Solutions Todo lo que siempre quisiste saber sobre el uso de cookies en tws-windsurf.com. \u00bfQu\u00e9 son las cookies? Las cookies son peque\u00f1os archivos de datos que el sitio web que visitas descarga en tu dispositivo. La pr\u00f3xima vez que visites el mismo sitio web, las cookies [&hellip;]<\/p>\n","protected":false},"author":2,"featured_media":0,"parent":0,"menu_order":0,"comment_status":"closed","ping_status":"closed","template":"elementor_header_footer","meta":{"footnotes":""},"class_list":["post-8435","page","type-page","status-publish","hentry"],"_links":{"self":[{"href":"https:\/\/twstest.072design.site\/es\/wp-json\/wp\/v2\/pages\/8435","targetHints":{"allow":["GET"]}}],"collection":[{"href":"https:\/\/twstest.072design.site\/es\/wp-json\/wp\/v2\/pages"}],"about":[{"href":"https:\/\/twstest.072design.site\/es\/wp-json\/wp\/v2\/types\/page"}],"author":[{"embeddable":true,"href":"https:\/\/twstest.072design.site\/es\/wp-json\/wp\/v2\/users\/2"}],"replies":[{"embeddable":true,"href":"https:\/\/twstest.072design.site\/es\/wp-json\/wp\/v2\/comments?post=8435"}],"version-history":[{"count":0,"href":"https:\/\/twstest.072design.site\/es\/wp-json\/wp\/v2\/pages\/8435\/revisions"}],"wp:attachment":[{"href":"https:\/\/twstest.072design.site\/es\/wp-json\/wp\/v2\/media?parent=8435"}],"curies":[{"name":"wp","href":"https:\/\/api.w.org\/{rel}","templated":true}]}}