{"id":8464,"date":"2024-09-28T07:18:42","date_gmt":"2024-09-28T07:18:42","guid":{"rendered":"https:\/\/twstest.072design.site\/lecciones-e-foil\/"},"modified":"2024-10-30T11:49:13","modified_gmt":"2024-10-30T10:49:13","slug":"lecciones-e-foil","status":"publish","type":"page","link":"https:\/\/twstest.072design.site\/es\/lecciones-e-foil\/","title":{"rendered":"Lecciones E-Foil"},"content":{"rendered":"\t\t<div data-elementor-type=\"wp-page\" data-elementor-id=\"8464\" class=\"elementor elementor-8464 elementor-2373\" data-elementor-post-type=\"page\">\n\t\t\t\t\t\t<section data-particle_enable=\"false\" data-particle-mobile-disabled=\"false\" class=\"elementor-section elementor-top-section elementor-element elementor-element-77274fe0 elementor-section-height-min-height elementor-section-boxed elementor-section-height-default elementor-section-items-middle\" data-id=\"77274fe0\" data-element_type=\"section\" data-settings=\"{&quot;jet_parallax_layout_list&quot;:[],&quot;background_background&quot;:&quot;video&quot;,&quot;background_video_link&quot;:&quot;https:\\\/\\\/player.vimeo.com\\\/video\\\/1014293131&quot;}\">\n\t\t\t\t\t\t\t\t<div class=\"elementor-background-video-container elementor-hidden-mobile\" aria-hidden=\"true\">\n\t\t\t\t\t\t\t\t\t\t\t\t\t<div class=\"elementor-background-video-embed\"><\/div>\n\t\t\t\t\t\t\t\t\t\t\t\t<\/div>\n\t\t\t\t\t\t\t\t\t<div class=\"elementor-background-overlay\"><\/div>\n\t\t\t\t\t\t\t<div class=\"elementor-container elementor-column-gap-no\">\n\t\t\t\t\t<div class=\"elementor-column elementor-col-100 elementor-top-column elementor-element elementor-element-7186961c\" data-id=\"7186961c\" data-element_type=\"column\">\n\t\t\t<div class=\"elementor-widget-wrap elementor-element-populated\">\n\t\t\t\t\t\t<div class=\"elementor-element elementor-element-6e81d618 elementor-widget elementor-widget-heading\" data-id=\"6e81d618\" data-element_type=\"widget\" data-widget_type=\"heading.default\">\n\t\t\t\t<div class=\"elementor-widget-container\">\n\t\t\t\t\t<h2 class=\"elementor-heading-title elementor-size-default\">Clases y alquiler de E-Foil<\/h2>\t\t\t\t<\/div>\n\t\t\t\t<\/div>\n\t\t\t\t\t<\/div>\n\t\t<\/div>\n\t\t\t\t\t<\/div>\n\t\t<\/section>\n\t\t\t\t<section data-particle_enable=\"false\" data-particle-mobile-disabled=\"false\" class=\"elementor-section elementor-top-section elementor-element elementor-element-6b74dd40 elementor-section-boxed elementor-section-height-default elementor-section-height-default\" data-id=\"6b74dd40\" data-element_type=\"section\" data-settings=\"{&quot;jet_parallax_layout_list&quot;:[]}\">\n\t\t\t\t\t\t<div class=\"elementor-container elementor-column-gap-default\">\n\t\t\t\t\t<div class=\"elementor-column elementor-col-50 elementor-top-column elementor-element elementor-element-59bb3f70\" data-id=\"59bb3f70\" data-element_type=\"column\" data-settings=\"{&quot;background_background&quot;:&quot;classic&quot;}\">\n\t\t\t<div class=\"elementor-widget-wrap elementor-element-populated\">\n\t\t\t\t\t\t<div class=\"elementor-element elementor-element-a0f83f7 elementor-widget elementor-widget-image\" data-id=\"a0f83f7\" data-element_type=\"widget\" data-widget_type=\"image.default\">\n\t\t\t\t<div class=\"elementor-widget-container\">\n\t\t\t\t\t\t\t\t\t\t\t\t\t\t\t<img fetchpriority=\"high\" decoding=\"async\" width=\"800\" height=\"800\" src=\"https:\/\/twstest.072design.site\/wp-content\/uploads\/2024\/09\/efoil4.jpg\" class=\"attachment-large size-large wp-image-2593\" alt=\"\" srcset=\"https:\/\/twstest.072design.site\/wp-content\/uploads\/2024\/09\/efoil4.jpg 1024w, https:\/\/twstest.072design.site\/wp-content\/uploads\/2024\/09\/efoil4-300x300.jpg 300w, https:\/\/twstest.072design.site\/wp-content\/uploads\/2024\/09\/efoil4-150x150.jpg 150w, https:\/\/twstest.072design.site\/wp-content\/uploads\/2024\/09\/efoil4-768x768.jpg 768w, https:\/\/twstest.072design.site\/wp-content\/uploads\/2024\/09\/efoil4-600x600.jpg 600w, https:\/\/twstest.072design.site\/wp-content\/uploads\/2024\/09\/efoil4-100x100.jpg 100w\" sizes=\"(max-width: 800px) 100vw, 800px\" \/>\t\t\t\t\t\t\t\t\t\t\t\t\t\t\t<\/div>\n\t\t\t\t<\/div>\n\t\t\t\t<div class=\"elementor-element elementor-element-312d47a elementor-widget elementor-widget-image\" data-id=\"312d47a\" data-element_type=\"widget\" data-widget_type=\"image.default\">\n\t\t\t\t<div class=\"elementor-widget-container\">\n\t\t\t\t\t\t\t\t\t\t\t\t\t\t\t<img decoding=\"async\" width=\"800\" height=\"800\" src=\"https:\/\/twstest.072design.site\/wp-content\/uploads\/2024\/09\/efoil2.jpg\" class=\"attachment-large size-large wp-image-2579\" alt=\"\" srcset=\"https:\/\/twstest.072design.site\/wp-content\/uploads\/2024\/09\/efoil2.jpg 1024w, https:\/\/twstest.072design.site\/wp-content\/uploads\/2024\/09\/efoil2-300x300.jpg 300w, https:\/\/twstest.072design.site\/wp-content\/uploads\/2024\/09\/efoil2-150x150.jpg 150w, https:\/\/twstest.072design.site\/wp-content\/uploads\/2024\/09\/efoil2-768x768.jpg 768w, https:\/\/twstest.072design.site\/wp-content\/uploads\/2024\/09\/efoil2-600x600.jpg 600w, https:\/\/twstest.072design.site\/wp-content\/uploads\/2024\/09\/efoil2-100x100.jpg 100w\" sizes=\"(max-width: 800px) 100vw, 800px\" \/>\t\t\t\t\t\t\t\t\t\t\t\t\t\t\t<\/div>\n\t\t\t\t<\/div>\n\t\t\t\t<div class=\"elementor-element elementor-element-1b32a13 elementor-widget elementor-widget-image\" data-id=\"1b32a13\" data-element_type=\"widget\" data-widget_type=\"image.default\">\n\t\t\t\t<div class=\"elementor-widget-container\">\n\t\t\t\t\t\t\t\t\t\t\t\t\t\t\t<img decoding=\"async\" width=\"800\" height=\"800\" src=\"https:\/\/twstest.072design.site\/wp-content\/uploads\/2024\/09\/efoil3.jpg\" class=\"attachment-large size-large wp-image-2586\" alt=\"\" srcset=\"https:\/\/twstest.072design.site\/wp-content\/uploads\/2024\/09\/efoil3.jpg 1024w, https:\/\/twstest.072design.site\/wp-content\/uploads\/2024\/09\/efoil3-300x300.jpg 300w, https:\/\/twstest.072design.site\/wp-content\/uploads\/2024\/09\/efoil3-150x150.jpg 150w, https:\/\/twstest.072design.site\/wp-content\/uploads\/2024\/09\/efoil3-768x768.jpg 768w, https:\/\/twstest.072design.site\/wp-content\/uploads\/2024\/09\/efoil3-600x600.jpg 600w, https:\/\/twstest.072design.site\/wp-content\/uploads\/2024\/09\/efoil3-100x100.jpg 100w\" sizes=\"(max-width: 800px) 100vw, 800px\" \/>\t\t\t\t\t\t\t\t\t\t\t\t\t\t\t<\/div>\n\t\t\t\t<\/div>\n\t\t\t\t<div class=\"elementor-element elementor-element-0acbbd4 elementor-widget elementor-widget-image\" data-id=\"0acbbd4\" data-element_type=\"widget\" data-widget_type=\"image.default\">\n\t\t\t\t<div class=\"elementor-widget-container\">\n\t\t\t\t\t\t\t\t\t\t\t\t\t\t\t<img loading=\"lazy\" decoding=\"async\" width=\"800\" height=\"800\" src=\"https:\/\/twstest.072design.site\/wp-content\/uploads\/2024\/09\/efoil1.jpg\" class=\"attachment-large size-large wp-image-2572\" alt=\"\" srcset=\"https:\/\/twstest.072design.site\/wp-content\/uploads\/2024\/09\/efoil1.jpg 1024w, https:\/\/twstest.072design.site\/wp-content\/uploads\/2024\/09\/efoil1-300x300.jpg 300w, https:\/\/twstest.072design.site\/wp-content\/uploads\/2024\/09\/efoil1-150x150.jpg 150w, https:\/\/twstest.072design.site\/wp-content\/uploads\/2024\/09\/efoil1-768x768.jpg 768w, https:\/\/twstest.072design.site\/wp-content\/uploads\/2024\/09\/efoil1-600x600.jpg 600w, https:\/\/twstest.072design.site\/wp-content\/uploads\/2024\/09\/efoil1-100x100.jpg 100w\" sizes=\"(max-width: 800px) 100vw, 800px\" \/>\t\t\t\t\t\t\t\t\t\t\t\t\t\t\t<\/div>\n\t\t\t\t<\/div>\n\t\t\t\t\t<\/div>\n\t\t<\/div>\n\t\t\t\t<div class=\"elementor-column elementor-col-50 elementor-top-column elementor-element elementor-element-7a2e51d\" data-id=\"7a2e51d\" data-element_type=\"column\" data-settings=\"{&quot;background_background&quot;:&quot;classic&quot;}\">\n\t\t\t<div class=\"elementor-widget-wrap elementor-element-populated\">\n\t\t\t\t\t\t<div class=\"elementor-element elementor-element-c036f9f elementor-widget elementor-widget-heading\" data-id=\"c036f9f\" data-element_type=\"widget\" data-widget_type=\"heading.default\">\n\t\t\t\t<div class=\"elementor-widget-container\">\n\t\t\t\t\t<h2 class=\"elementor-heading-title elementor-size-default\">Experimenta la emoci\u00f3n de volar sobre el agua con las clases y el alquiler de e-foil<\/h2>\t\t\t\t<\/div>\n\t\t\t\t<\/div>\n\t\t\t\t<div class=\"elementor-element elementor-element-75224a5 elementor-widget elementor-widget-heading\" data-id=\"75224a5\" data-element_type=\"widget\" data-widget_type=\"heading.default\">\n\t\t\t\t<div class=\"elementor-widget-container\">\n\t\t\t\t\t<h2 class=\"elementor-heading-title elementor-size-default\">ofrecido por Tenerife Windsurf Solution (TWS) en colaboraci\u00f3n con Duotone Pro Center Tenerife.<\/h2>\t\t\t\t<\/div>\n\t\t\t\t<\/div>\n\t\t\t\t<div class=\"elementor-element elementor-element-230533c elementor-widget elementor-widget-text-editor\" data-id=\"230533c\" data-element_type=\"widget\" data-widget_type=\"text-editor.default\">\n\t\t\t\t<div class=\"elementor-widget-container\">\n\t\t\t\t\t\t\t\t\t<p><span data-contrast=\"auto\"> <\/span><span style=\"color: var( --e-global-color-text ); font-family: var( --e-global-typography-text-font-family ), Sans-serif; font-size: var( --e-global-typography-text-font-size ); font-weight: var( --e-global-typography-text-font-weight );\">Tanto si eres nuevo en el e-foiling como si quieres mejorar tus habilidades, nuestros expertos instructores y nuestro equipo de alta gama te ayudar\u00e1n a deslizarte sin esfuerzo por el oc\u00e9ano, a\u00f1adiendo una nueva dimensi\u00f3n a tu aventura de deportes acu\u00e1ticos.<\/span><\/p>\n<p><strong>Lecciones de E-Foil<\/strong><span data-ccp-props=\"{}\"> <\/span><\/p>\n<p><span data-contrast=\"auto\">Para los que no conocen el e-foil, nuestras <strong>clases de e-foil<\/strong> son la introducci\u00f3n perfecta.<\/span><\/p>\n<p><span data-contrast=\"auto\">Los instructores <strong>del Duotone Pro Center<\/strong> Tenerife tienen experiencia, son pacientes y est\u00e1n especializados en ayudarte a ganar r\u00e1pidamente confianza y control en el agua.<\/span><\/p>\n<p><span data-contrast=\"auto\"><strong>Qu\u00e9 incluyen las lecciones de E-Foil<\/strong>:<\/span><span data-ccp-props=\"{}\"> <\/span><\/p>\n<ol>\n<li><span data-contrast=\"auto\"><strong>Instrucci\u00f3n para principiantes<\/strong>:<br \/><\/span><span data-contrast=\"auto\">&#8211; No se requiere experiencia previa. Las clases est\u00e1n dise\u00f1adas para que te pongas a volar en poco tiempo, empezando por el equilibrio y el control b\u00e1sicos, y avanzando gradualmente hacia maniobras m\u00e1s din\u00e1micas. <\/span><span data-ccp-props=\"{}\"><br \/>&#8211; <\/span><span data-contrast=\"auto\">Aprende a manejar correctamente el e-foil, incluido el control del acelerador, el equilibrio y c\u00f3mo despegar y aterrizar con seguridad en el agua.<\/span>\n<\/p>\n<\/li>\n<\/ol>\n<ol start=\"2\">\n<li><span data-contrast=\"auto\"><strong>La seguridad ante todo<\/strong>:<br \/><\/span><span data-contrast=\"auto\">&#8211; El E-foiling es f\u00e1cil de aprender, pero requiere orientaci\u00f3n para una conducci\u00f3n segura y eficaz. Nuestras clases se centran en la seguridad, asegur\u00e1ndonos de que comprendes el equipo y las t\u00e9cnicas antes de salir por tu cuenta. <\/span><span data-ccp-props=\"{}\"><br \/><\/span><span data-contrast=\"auto\">&#8211; La instrucci\u00f3n incluye el manejo adecuado del motor el\u00e9ctrico y la tabla, para que te sientas c\u00f3modo en el agua.<\/span>\n<\/p>\n<\/li>\n<\/ol>\n<ol start=\"3\">\n<li><span data-contrast=\"auto\"><strong>Progresi\u00f3n gradual<\/strong>:<br \/><\/span><span data-contrast=\"auto\">&#8211; Las clases comienzan en agua plana, lo que te permite familiarizarte con el e-foil antes de pasar a condiciones m\u00e1s exigentes. Aprender\u00e1s a mantener la velocidad, ajustar la posici\u00f3n del cuerpo y deslizarte suavemente a medida que te sientas m\u00e1s c\u00f3modo. <\/span>\n<\/p>\n<\/li>\n<\/ol>\n<ol start=\"4\">\n<li><span data-contrast=\"auto\"><strong>Equipamiento de primera calidad<\/strong>:<br \/><\/span><span data-contrast=\"auto\">&#8211; Navegar\u00e1s con <strong>Lift Foils<\/strong>, una de las mejores marcas de e-foils del mundo, conocida por su alto rendimiento y fiabilidad. Las tablas est\u00e1n dise\u00f1adas para que el aprendizaje sea suave y agradable, incluso para los principiantes. <\/span>\n<\/p>\n<\/li>\n<\/ol>\n<ol start=\"5\">\n<li><span data-contrast=\"auto\"><strong>Instructores multiling\u00fces<\/strong>:<br \/><\/span><span data-contrast=\"auto\">&#8211; Los instructores de Duotone Pro Center hablan varios idiomas, entre ellos ingl\u00e9s, espa\u00f1ol y alem\u00e1n, lo que garantiza una comunicaci\u00f3n clara y una ense\u00f1anza adaptada a tu nivel.<\/span><span data-ccp-props=\"{}\"> <\/span><\/li>\n<\/ol>\n<p><span data-ccp-props=\"{}\"> <\/span><\/p>\n<p><span data-contrast=\"auto\"><strong>Paquetes de lecciones<\/strong>:<\/span><span data-ccp-props=\"{}\"> <\/span><\/p>\n<ul>\n<li><span data-contrast=\"auto\"><strong>Lecci\u00f3n introductoria (1-1,5 horas)<\/strong>: Ideal para principiantes, esta sesi\u00f3n cubre todos los aspectos b\u00e1sicos, como manejar la tabla, controlar la velocidad y mantener el equilibrio.<\/span><\/li>\n<li><span data-contrast=\"auto\"><strong>Sesiones progresivas<\/strong>: Para los que quieran ir m\u00e1s lejos con el e-foiling, puedes reservar clases adicionales para perfeccionar tus habilidades, probar maniobras m\u00e1s avanzadas y disfrutar de sesiones m\u00e1s largas en el agua.<\/span><span data-ccp-props=\"{}\"> <\/span><\/li>\n<\/ul>\n<p><strong><br \/>Alquiler de E-Foil<\/strong><span data-ccp-props=\"{}\"> <\/span><\/p>\n<p><span data-contrast=\"auto\">Si ya est\u00e1s familiarizado con el e-foiling y quieres disfrutar de la libertad de explorar la costa de El M\u00e9dano por tu cuenta, puedes <strong>alquilar un e-foil<\/strong>. Con el equipo m\u00e1s moderno de <strong>Lift Foils<\/strong>, tendr\u00e1s todo lo que necesitas para un paseo emocionante. <\/span><span data-ccp-props=\"{}\"> <\/span><\/p>\n<p><span data-contrast=\"auto\"><strong>Por qu\u00e9 elegir Duotone Pro Center para el alquiler de E-Foil<\/strong>:<\/span><span data-ccp-props=\"{}\"> <\/span><\/p>\n<ul>\n<li><span data-contrast=\"auto\"><strong>Equipamiento de alta gama<\/strong>: Monta en e-foils <strong>Lift Foils<\/strong> de primera calidad, conocidos por su fiabilidad y m\u00e1ximo rendimiento.<\/span><\/li>\n<li><span data-contrast=\"auto\"><strong>Asistencia experta<\/strong>: El equipo de Duotone Pro Center se asegura de que tu equipo est\u00e9 perfectamente ajustado para tu viaje, y te ofrece sesiones informativas completas sobre seguridad antes de que salgas.<\/span><\/li>\n<li><span data-contrast=\"auto\"><strong>Ubicaci\u00f3n ideal<\/strong>: El M\u00e9dano ofrece condiciones perfectas para el e-foiling, con aguas tranquilas, espacios abiertos y vistas incre\u00edbles, lo que lo convierte en una experiencia inolvidable.<\/span><span data-ccp-props=\"{}\"> <\/span><\/li>\n<\/ul>\n<p><span data-contrast=\"auto\"><br \/><strong>\u00bfPor qu\u00e9 E-Foiling con TWS y Duotone Pro Center Tenerife?<\/strong><\/span><\/p>\n<ul>\n<li><span data-contrast=\"auto\"><strong>Curva de aprendizaje f\u00e1cil<\/strong>: El E-foiling es accesible para los principiantes, y con la orientaci\u00f3n adecuada de instructores experimentados, estar\u00e1s listo para navegar r\u00e1pidamente.<\/span><\/li>\n<li><span data-contrast=\"auto\"><strong>Equipamiento de primera<\/strong>: Monta en el mejor equipo de <strong>Lift Foils<\/strong>, garantizando una experiencia e-foil suave y agradable.<\/span><\/li>\n<li><span data-contrast=\"auto\"><strong>Opciones flexibles<\/strong>: Tanto si es tu primera clase como si quieres alquilar un e-foil por un d\u00eda, hay opciones que se adaptan a todos los niveles y horarios.<\/span><span data-ccp-props=\"{}\"> <\/span><\/li>\n<\/ul>\n<p><strong><br \/>C\u00f3mo reservar <\/strong><\/p>\n<p><span data-contrast=\"auto\">Puedes reservar tus <strong>clases o alquileres de e-foil<\/strong> directamente en los centros <strong>TWS<\/strong> o <strong>Duotone Pro Center Tenerife<\/strong>.<\/span><\/p>\n<p><span data-contrast=\"auto\">Tanto si eres un principiante como un piloto experimentado, <strong>el e-foiling<\/strong> con TWS y Duotone Pro Center te ofrece una forma estimulante de explorar las aguas de Tenerife.<\/span><span data-ccp-props=\"{}\"> <\/span><\/p>\n\t\t\t\t\t\t\t\t<\/div>\n\t\t\t\t<\/div>\n\t\t\t\t<div class=\"elementor-element elementor-element-3e96aca elementor-widget elementor-widget-text-editor\" data-id=\"3e96aca\" data-element_type=\"widget\" data-widget_type=\"text-editor.default\">\n\t\t\t\t<div class=\"elementor-widget-container\">\n\t\t\t\t\t\t\t\t\t<p><b><a href=\"#newsletter\">Deja tu direcci\u00f3n de correo electr\u00f3nico<\/a> para recibir alertas de nuevos cursos y clases.<\/b><\/p>\n\t\t\t\t\t\t\t\t<\/div>\n\t\t\t\t<\/div>\n\t\t\t\t\t<\/div>\n\t\t<\/div>\n\t\t\t\t\t<\/div>\n\t\t<\/section>\n\t\t\t\t<section data-particle_enable=\"false\" data-particle-mobile-disabled=\"false\" class=\"elementor-section elementor-top-section elementor-element elementor-element-e8c0cde elementor-section-boxed elementor-section-height-default elementor-section-height-default\" data-id=\"e8c0cde\" data-element_type=\"section\" data-settings=\"{&quot;jet_parallax_layout_list&quot;:[]}\">\n\t\t\t\t\t\t<div class=\"elementor-container elementor-column-gap-default\">\n\t\t\t\t\t<div class=\"elementor-column elementor-col-100 elementor-top-column elementor-element elementor-element-19edef0\" data-id=\"19edef0\" data-element_type=\"column\">\n\t\t\t<div class=\"elementor-widget-wrap elementor-element-populated\">\n\t\t\t\t\t\t<div class=\"elementor-element elementor-element-9664054 elementor-widget elementor-widget-html\" data-id=\"9664054\" data-element_type=\"widget\" data-widget_type=\"html.default\">\n\t\t\t\t<div class=\"elementor-widget-container\">\n\t\t\t\t\t<script type=\"text\/javascript\" src=\"https:\/\/twswindsurf.vikingbookings.com\/en\/widget.js\"><\/script>\t\t\t\t<\/div>\n\t\t\t\t<\/div>\n\t\t\t\t\t<\/div>\n\t\t<\/div>\n\t\t\t\t\t<\/div>\n\t\t<\/section>\n\t\t\t\t<section data-particle_enable=\"false\" data-particle-mobile-disabled=\"false\" class=\"elementor-section elementor-top-section elementor-element elementor-element-2092f5d3 elementor-section-full_width elementor-section-height-min-height elementor-section-height-default elementor-section-items-middle\" data-id=\"2092f5d3\" data-element_type=\"section\" data-settings=\"{&quot;jet_parallax_layout_list&quot;:[],&quot;background_background&quot;:&quot;video&quot;,&quot;background_video_link&quot;:&quot;https:\\\/\\\/player.vimeo.com\\\/video\\\/1013326155&quot;}\">\n\t\t\t\t\t\t\t\t<div class=\"elementor-background-video-container elementor-hidden-mobile\" aria-hidden=\"true\">\n\t\t\t\t\t\t\t\t\t\t\t\t\t<div class=\"elementor-background-video-embed\"><\/div>\n\t\t\t\t\t\t\t\t\t\t\t\t<\/div>\n\t\t\t\t\t\t\t\t<div class=\"elementor-container elementor-column-gap-no\">\n\t\t\t\t\t<div class=\"elementor-column elementor-col-100 elementor-top-column elementor-element elementor-element-10fc13\" data-id=\"10fc13\" data-element_type=\"column\">\n\t\t\t<div class=\"elementor-widget-wrap\">\n\t\t\t\t\t\t\t<\/div>\n\t\t<\/div>\n\t\t\t\t\t<\/div>\n\t\t<\/section>\n\t\t\t\t<\/div>\n\t\t","protected":false},"excerpt":{"rendered":"<p>Clases y alquiler de E-Foil Experimenta la emoci\u00f3n de volar sobre el agua con las clases y el alquiler de e-foil ofrecido por Tenerife Windsurf Solution (TWS) en colaboraci\u00f3n con Duotone Pro Center Tenerife. Tanto si eres nuevo en el e-foiling como si quieres mejorar tus habilidades, nuestros expertos instructores y nuestro equipo de alta [&hellip;]<\/p>\n","protected":false},"author":2,"featured_media":0,"parent":0,"menu_order":0,"comment_status":"closed","ping_status":"closed","template":"elementor_header_footer","meta":{"footnotes":""},"class_list":["post-8464","page","type-page","status-publish","hentry"],"_links":{"self":[{"href":"https:\/\/twstest.072design.site\/es\/wp-json\/wp\/v2\/pages\/8464","targetHints":{"allow":["GET"]}}],"collection":[{"href":"https:\/\/twstest.072design.site\/es\/wp-json\/wp\/v2\/pages"}],"about":[{"href":"https:\/\/twstest.072design.site\/es\/wp-json\/wp\/v2\/types\/page"}],"author":[{"embeddable":true,"href":"https:\/\/twstest.072design.site\/es\/wp-json\/wp\/v2\/users\/2"}],"replies":[{"embeddable":true,"href":"https:\/\/twstest.072design.site\/es\/wp-json\/wp\/v2\/comments?post=8464"}],"version-history":[{"count":0,"href":"https:\/\/twstest.072design.site\/es\/wp-json\/wp\/v2\/pages\/8464\/revisions"}],"wp:attachment":[{"href":"https:\/\/twstest.072design.site\/es\/wp-json\/wp\/v2\/media?parent=8464"}],"curies":[{"name":"wp","href":"https:\/\/api.w.org\/{rel}","templated":true}]}}