{"id":8548,"date":"2024-10-08T20:28:44","date_gmt":"2024-10-08T20:28:44","guid":{"rendered":"https:\/\/twstest.072design.site\/condiciones-generales\/"},"modified":"2024-10-11T09:38:43","modified_gmt":"2024-10-11T09:38:43","slug":"condiciones-generales","status":"publish","type":"page","link":"https:\/\/twstest.072design.site\/es\/condiciones-generales\/","title":{"rendered":"Condiciones generales"},"content":{"rendered":"\t\t<div data-elementor-type=\"wp-page\" data-elementor-id=\"8548\" class=\"elementor elementor-8548 elementor-6476\" data-elementor-post-type=\"page\">\n\t\t\t\t\t\t<section data-particle_enable=\"false\" data-particle-mobile-disabled=\"false\" class=\"elementor-section elementor-top-section elementor-element elementor-element-40dcdbc6 elementor-section-height-min-height elementor-section-boxed elementor-section-height-default elementor-section-items-middle\" data-id=\"40dcdbc6\" data-element_type=\"section\" data-settings=\"{&quot;jet_parallax_layout_list&quot;:[],&quot;background_background&quot;:&quot;video&quot;}\">\n\t\t\t\t\t\t\t<div class=\"elementor-background-overlay\"><\/div>\n\t\t\t\t\t\t\t<div class=\"elementor-container elementor-column-gap-no\">\n\t\t\t\t\t<div class=\"elementor-column elementor-col-100 elementor-top-column elementor-element elementor-element-4d1d086f\" data-id=\"4d1d086f\" data-element_type=\"column\">\n\t\t\t<div class=\"elementor-widget-wrap elementor-element-populated\">\n\t\t\t\t\t\t<div class=\"elementor-element elementor-element-6c15e380 elementor-widget elementor-widget-heading\" data-id=\"6c15e380\" data-element_type=\"widget\" data-widget_type=\"heading.default\">\n\t\t\t\t<div class=\"elementor-widget-container\">\n\t\t\t\t\t<h1 class=\"elementor-heading-title elementor-size-default\">Condiciones generales<\/h1>\t\t\t\t<\/div>\n\t\t\t\t<\/div>\n\t\t\t\t\t<\/div>\n\t\t<\/div>\n\t\t\t\t\t<\/div>\n\t\t<\/section>\n\t\t\t\t<section data-particle_enable=\"false\" data-particle-mobile-disabled=\"false\" class=\"elementor-section elementor-top-section elementor-element elementor-element-7e39d98d elementor-section-boxed elementor-section-height-default elementor-section-height-default\" data-id=\"7e39d98d\" data-element_type=\"section\" data-settings=\"{&quot;jet_parallax_layout_list&quot;:[]}\">\n\t\t\t\t\t\t<div class=\"elementor-container elementor-column-gap-default\">\n\t\t\t\t\t<div class=\"elementor-column elementor-col-100 elementor-top-column elementor-element elementor-element-555e200f\" data-id=\"555e200f\" data-element_type=\"column\" data-settings=\"{&quot;background_background&quot;:&quot;classic&quot;}\">\n\t\t\t<div class=\"elementor-widget-wrap elementor-element-populated\">\n\t\t\t\t\t\t<div class=\"elementor-element elementor-element-3c6b422e elementor-widget elementor-widget-heading\" data-id=\"3c6b422e\" data-element_type=\"widget\" data-widget_type=\"heading.default\">\n\t\t\t\t<div class=\"elementor-widget-container\">\n\t\t\t\t\t<h5 class=\"elementor-heading-title elementor-size-default\">CONDICIONES GENERALES DE CONTRATACI\u00d3N DE FOLKERTS TRADING<\/h5>\t\t\t\t<\/div>\n\t\t\t\t<\/div>\n\t\t\t\t<div class=\"elementor-element elementor-element-4be60b7 elementor-widget elementor-widget-heading\" data-id=\"4be60b7\" data-element_type=\"widget\" data-widget_type=\"heading.default\">\n\t\t\t\t<div class=\"elementor-widget-container\">\n\t\t\t\t\t<h5 class=\"elementor-heading-title elementor-size-default\">y sus marcas<\/h5>\t\t\t\t<\/div>\n\t\t\t\t<\/div>\n\t\t\t\t<div class=\"elementor-element elementor-element-0f560f5 elementor-widget elementor-widget-heading\" data-id=\"0f560f5\" data-element_type=\"widget\" data-widget_type=\"heading.default\">\n\t\t\t\t<div class=\"elementor-widget-container\">\n\t\t\t\t\t<h5 class=\"elementor-heading-title elementor-size-default\">TENERIFE WINDSURF SOLUTION y\/o DUOTONE PRO CENTER<\/h5>\t\t\t\t<\/div>\n\t\t\t\t<\/div>\n\t\t\t\t<div class=\"elementor-element elementor-element-7b43f48 elementor-widget elementor-widget-text-editor\" data-id=\"7b43f48\" data-element_type=\"widget\" data-widget_type=\"text-editor.default\">\n\t\t\t\t<div class=\"elementor-widget-container\">\n\t\t\t\t\t\t\t\t\t<p><strong>Folkerts Trading SLU y sus marcas Tenerife Windsurf Solution y Duotone Pro Center (FT abajo) ofrecen los siguientes servicios:<\/strong><\/p>\n<ol>\n<li>Surf, kitesurf, as\u00ed como clases, cl\u00ednics y cursos.<\/li>\n<li>Alquiler de material para deportes acu\u00e1ticos y otros tipos de material deportivo.<\/li>\n<li>Alquiler de contenedores para material de windsurf y kitesurf.<\/li>\n<li>Organizar eventos deportivos, entrenamientos u otras actividades relacionadas.<\/li>\n<\/ol>\n<p><strong>A. CELEBRACI\u00d3N DEL CONTRATO<\/strong><\/p>\n<ol>\n<li>Con esta declaraci\u00f3n, FT ofrece a su parte contratante la celebraci\u00f3n vinculante de un contrato de servicio y\/o alquiler.<\/li>\n<li>La declaraci\u00f3n es v\u00e1lida a trav\u00e9s de la parte del contrato para todos los dem\u00e1s participantes enumerados en la reserva, de cuyas obligaciones contractuales la parte del contrato es tan responsable como de sus propias obligaciones, a menos que haya asumido una obligaci\u00f3n debidamente separada mediante una declaraci\u00f3n expl\u00edcita. Para los menores, la obligaci\u00f3n legal entra en vigor con la presentaci\u00f3n de un acuerdo por escrito realizado por el tutor legal. <\/li>\n<li>El contrato entra en vigor mediante su aceptaci\u00f3n por parte de FT. \u00c9sta deber\u00e1 ser aceptada o rechazada por la parte contratante en un plazo de 10 d\u00edas a partir de la recepci\u00f3n de la oferta.<br \/>Inmediatamente despu\u00e9s de la celebraci\u00f3n del contrato, FT enviar\u00e1 a la parte contratante una confirmaci\u00f3n de reserva junto con el importe a pagar y las condiciones de pago. <\/li>\n<li>Si el contenido de la confirmaci\u00f3n de la reserva difiere del de la reserva, FT deber\u00e1 proporcionar una nueva oferta, que ser\u00e1 vinculante para FT durante un periodo de 10 d\u00edas. El contrato ser\u00e1 v\u00e1lido sobre la base de esta nueva oferta cuando la parte contratante acepte la oferta de FT dentro del plazo de 10 d\u00edas o realice una reserva en l\u00ednea a trav\u00e9s del sistema de reservas en l\u00ednea utilizado en los sitios web de Tenerife Windsurf Solution y\/o Duotone Pro Center Tenerife. <span class=\"Apple-converted-space\"> <\/span><\/li>\n<\/ol>\n<p><strong><br \/>B. PARTE CONTRATANTE, ARRENDATARIO, PARTICIPANTES<\/strong><\/p>\n<ol>\n<li>La parte del contrato es la persona que ha realizado el registro a trav\u00e9s del sitio web utilizando el sistema de reservas online y\/o que ha realizado una reserva sin utilizar el sistema online.<\/li>\n<li>El arrendatario es la persona que ha efectuado la inscripci\u00f3n para el alquiler de un equipo de deportes acu\u00e1ticos o de una caja de almacenamiento.<\/li>\n<li>Los participantes son las personas por cuyas obligaciones contractuales la parte del contrato responde como lo har\u00eda por sus propias obligaciones, incluida la propia parte del contrato. Los participantes s\u00f3lo pueden ser aquellas personas que est\u00e9n lo suficientemente en forma y sanas como para utilizar el equipo adecuadamente sin peligro para s\u00ed mismas ni para los dem\u00e1s. <\/li>\n<li>FT insiste categ\u00f3ricamente en que un requisito para participar en todos los cursos, as\u00ed como para alquilar material de deportes acu\u00e1ticos, es saber nadar sin ayuda en aguas abiertas durante al menos 15 minutos. En el caso de los menores, este reconocimiento debe hacerlo el tutor legal, sin lo cual el contrato para menores no es v\u00e1lido. <\/li>\n<\/ol>\n<p><strong><br \/>C. CONDICIONES Y FORMAS DE PAGO<\/strong><\/p>\n<ol>\n<li>El pago del total de la factura debe efectuarse utilizando la factura y\/o el n\u00famero de reserva 4 semanas antes de la salida. En el caso de una reserva de \u00faltima hora u online, el importe debe abonarse inmediatamente. Los importes a pagar se indican en la confirmaci\u00f3n de la reserva y\/o en la comprobaci\u00f3n del sistema de reservas.  <\/li>\n<li>El pago puede efectuarse con tarjeta de cr\u00e9dito (s\u00f3lo Visa y Mastercard), por transferencia bancaria o mediante las diversas opciones que ofrece el sistema de reservas online. Para las tarjetas de cr\u00e9dito, FT ha creado un enlace de pago seguro. Los posibles gastos bancarios correr\u00e1n a cargo de la parte contratante.    <\/li>\n<li>La confirmaci\u00f3n de la reserva ser\u00e1 enviada por FT una vez pagada la factura \/ importe del alquiler.  <\/li>\n<li>Si la parte contratante se retrasa en el pago de la cantidad adeudada (impago a pesar de recordatorio con fecha de vencimiento), FT tiene derecho a rescindir el contrato. Al rescindir el contrato, la parte contratante es responsable de reclamar la indemnizaci\u00f3n correspondiente seg\u00fan el apartado 6, secci\u00f3n 2. Esto no entra en vigor si la parte del contrato no es responsable del impago.  <\/li>\n<\/ol>\n<p><strong><br \/>D. SERVICIOS<\/strong><\/p>\n<ul>\n<li>El alcance de los servicios contratados puede consultarse en los detalles exactos que figuran en la confirmaci\u00f3n de reserva de<span class=\"Apple-converted-space\"> <\/span>.<\/li>\n<\/ul>\n<p><strong><br \/>E. CAMBIOS EN LOS SERVICIOS Y PRECIOS<\/strong><\/p>\n<ul>\n<li>Puede haber cambios o modificaciones de servicios concretos en el contenido acordado del contrato, pero deben ser razonables para la parte contratante y producirse hasta tres d\u00edas laborables (sin incluir s\u00e1bados y domingos) antes del inicio del contrato.<\/li>\n<\/ul>\n<p><strong>F. DESISTIMIENTO DE LA PARTE CONTRATANTE<\/strong><\/p>\n<ol>\n<li>El desistimiento de la parte contratante debe notificarse a FT por escrito (carta, correo electr\u00f3nico, fax).<\/li>\n<li>Si la parte contratante desiste del contrato, FT puede reclamar una indemnizaci\u00f3n por los gastos que se hayan producido. Para calcular la indemnizaci\u00f3n, se tendr\u00e1n en cuenta los ahorros de costes habituales y otros gastos derivados del proceso de reserva. La cantidad que puede reclamarse en concepto de indemnizaci\u00f3n se har\u00e1 sobre la base de un porcentaje:\n<\/li>\n<\/ol>\n<ul>\n<li>M\u00e1s de 31 d\u00edas antes de la primera fecha de alquiler 50% de la(s) cuota(s) de alquiler pagada(s)<\/li>\n<li>30 d\u00edas o menos antes de la llegada 70% de la(s) cuota(s) de alquiler pagada(s)<\/li>\n<li>7 d\u00edas o menos antes de la llegada 100% de la(s) cuota(s) de alquiler pagada(s)<\/li>\n<\/ul>\n<ol start=\"4\">\n<li style=\"list-style-type: none;\">\n<ol>\n<li style=\"list-style-type: none;\"> <\/li>\n<\/ol>\n<\/li>\n<\/ol>\n<p>La parte del contrato puede impugnarlo, si puede demostrar que no se produjo ning\u00fan da\u00f1o -o que fue menor- que el porcentaje indicado. El FT puede reclamar un porcentaje de indemnizaci\u00f3n superior a los porcentajes indicados, si puede aportar pruebas. La reserva anticipada del material de alquiler concede un descuento del 10% sobre el precio in situ. La falta de condiciones adecuadas (ausencia de viento, demasiado viento u otras circunstancias) son por cuenta y riesgo de la parte del contrato. No se conceden cr\u00e9ditos ni reembolsos por condiciones no adecuadas.    <span class=\"Apple-converted-space\">  <\/span>As\u00ed, por ejemplo, si se reservan 5 d\u00edas y se pagan, pero la parte contratante s\u00f3lo utiliza 3, no se puede conceder un cr\u00e9dito por los dos d\u00edas no utilizados.<span class=\"Apple-converted-space\">  <\/span>S\u00f3lo con una declaraci\u00f3n m\u00e9dica oficial, que demuestre la incapacidad para utilizar el material alquilado, se puede obtener un vale de cr\u00e9dito de los d\u00edas restantes de la reserva. Este vale puede utilizarse para futuros periodos de alquiler. <span class=\"Apple-converted-space\"> <\/span><\/p>\n<p><strong>G. Anulaci\u00f3n, cambio de contrato por Folkerts Trading<\/strong><\/p>\n<ol>\n<li>FT puede cancelar el alquiler y\/o el contrato de servicios de forma extraordinaria y sin previo aviso, si la parte del contrato sigue siendo una molestia a pesar de una advertencia adecuada dada por la empresa, o cuando incumple el contrato de forma importante o pone deliberadamente en peligro a otros o a s\u00ed mismo.<br \/>En tal situaci\u00f3n, FT tiene derecho a solicitar un pago compensatorio. Los costes adicionales de una nueva reserva correr\u00e1n a cargo de la parte contratante o del propio participante. Sin embargo, FT tiene en cuenta el valor de los gastos ahorrados, as\u00ed como sus beneficios, que pueden obtenerse de un uso posterior del servicio que no se ha tomado.  <\/li>\n<li>Por razones de seguridad, como vientos muy fuertes, ca\u00edda de rayos, etc., o debido a que el equipo de deportes acu\u00e1ticos haya quedado destrozado por colisi\u00f3n o vandalismo causado por la parte contratante o el participante, FT podr\u00e1 cancelar el contrato de forma extraordinaria y sin previo aviso. En esta situaci\u00f3n, no habr\u00e1 devoluci\u00f3n del importe del alquiler abonado.   <\/li>\n<li>Si, tras la devoluci\u00f3n del equipo de deportes acu\u00e1ticos, se pone de manifiesto la falta de aptitud de la parte contratante o del participante para utilizar el equipo de deportes acu\u00e1ticos de forma segura (control deficiente del equipo de deportes acu\u00e1ticos, incumplimiento de los requisitos de seguridad), o la persona act\u00faa en contra de la petici\u00f3n expresa de un miembro del personal, FT podr\u00e1 rescindir el contrato de forma extraordinaria y sin previo aviso. En tal caso, no habr\u00e1 devoluci\u00f3n de la cuota. <\/li>\n<li>Si, en el marco de un grupo, se reserva un servicio en el que s\u00f3lo puede participar la parte del contrato o el participante, la duraci\u00f3n de la clase se reducir\u00e1 de 60 minutos a 45 minutos. FT est\u00e1 obligada a informar a la parte del contrato\/participante inmediatamente de que la condici\u00f3n aqu\u00ed mencionada para acortar el curso entra en juego. <\/li>\n<li>Cualquier pago realizado por cursos que luego se cancelen ser\u00e1 reembolsado proporcionalmente con un Vale de Cr\u00e9dito por la estaci\u00f3n de FT. \u00c9ste podr\u00e1 utilizarse para una futura reserva cuando se presente el Vale de Cr\u00e9dito a la FT. No se tienen en cuenta otras demandas.  <\/li>\n<li>La reserva anticipada del material de alquiler concede un descuento del 10% sobre el precio in situ. La falta de condiciones adecuadas (ausencia de viento, demasiado viento u otras circunstancias) es por cuenta y riesgo de la parte contratante. No se conceden cr\u00e9ditos, reembolsos ni de ning\u00fan otro tipo por condiciones no adecuadas.  <span class=\"Apple-converted-space\">   <\/span><\/li>\n<\/ol>\n<p>As\u00ed, por ejemplo, si se reservan 5 d\u00edas y se pagan, pero la parte contratante s\u00f3lo utiliza 3, no se puede conceder un cr\u00e9dito por los dos d\u00edas no utilizados.<span class=\"Apple-converted-space\">  <\/span>S\u00f3lo con una declaraci\u00f3n m\u00e9dica oficial, que demuestre la incapacidad para utilizar el material alquilado, se puede obtener un vale de cr\u00e9dito por los d\u00edas restantes de la reserva. Este vale puede utilizarse para futuros periodos de alquiler. <span class=\"Apple-converted-space\"> <\/span><\/p>\n<p><strong>H. RECOGIDA Y USO DE OBJETOS ALQUILADOS<\/strong><\/p>\n<p>Las condiciones para ello se han indicado anteriormente en los apartados (1) a (3).<\/p>\n<p><strong>I. DESCARGO DE RESPONSABILIDAD<\/strong><\/p>\n<ol>\n<li>Queda excluida la responsabilidad de FT o de un representante legal o agente por fallos iniciales o posteriores en el equipo de deportes acu\u00e1ticos o en el objeto alquilado, ya sea debido a una infracci\u00f3n de las prestaciones contractuales o de otro tipo, ya sea debido a una infracci\u00f3n positiva del contrato, o la responsabilidad por uso no oficial, con la excepci\u00f3n de una exclusi\u00f3n o una limitaci\u00f3n de la responsabilidad por da\u00f1os debidos a lesiones a la vida, el cuerpo o la salud resultantes de un incumplimiento negligente de las obligaciones por parte de FT o de un incumplimiento deliberado o negligente de las obligaciones por parte de un representante legal o agente.<\/li>\n<li>La exclusi\u00f3n o limitaci\u00f3n de la garant\u00eda no es v\u00e1lida para los da\u00f1os causados por un incumplimiento negligente grave del deber por parte de FT o por un incumplimiento deliberado o negligente grave del deber causado por un representante legal o agente de FT.\n<\/li>\n<\/ol>\n<p><strong>J. OBSERVANCIA DE LAS NORMAS DE SEGURIDAD<\/strong><\/p>\n<ol>\n<li>Cada parte del contrato\/participante debe seguir estrictamente las instrucciones del instructor de deportes acu\u00e1ticos de FT o de un miembro del personal debidamente autorizado. La parte contratante\/participante debe informarse de los requisitos de seguridad y conocer las normas de buena mariner\u00eda para cuando est\u00e9 en el agua, as\u00ed como seguirlas correctamente. <\/li>\n<li>Si la funcionalidad del equipo de deportes acu\u00e1ticos se ve afectada por no seguir las instrucciones del instructor\/personal de deportes acu\u00e1ticos o por acciones negligentes o intencionadas de la parte contratante\/participante, la parte contratante\/participante no tendr\u00e1 derecho a la restituci\u00f3n del precio de alquiler abonado.<\/li>\n<li>Los da\u00f1os causados al equipo de deportes acu\u00e1ticos por ignorar las instrucciones del instructor\/personal de deportes acu\u00e1ticos o por ignorar las normas de seguridad deben ser cubiertos personalmente por la parte contratante\/participante. FT recomienda suscribir una p\u00f3liza de seguro de responsabilidad civil que incluya la cobertura de los deportes acu\u00e1ticos, as\u00ed como un seguro que cubra el equipo de deportes acu\u00e1ticos (seguro de material). <\/li>\n<\/ol>\n<p><strong><br \/>K. LEGISLACI\u00d3N APLICABLE<\/strong><\/p>\n<p>Las partes acuerdan utilizar la legislaci\u00f3n espa\u00f1ola.<\/p>\n<p><strong>L. CL\u00c1USULA DE SEPARABILIDAD<\/strong><\/p>\n<p>Si determinadas cl\u00e1usulas de este contrato resultasen inoperantes y\/o inviables, o si se presentase una laguna en el acuerdo total, la validez general de las disposiciones contractuales no se ver\u00e1 afectada. Si, en lugar de las disposiciones inoperantes o para llenar el vac\u00edo, se encuentra un acuerdo apropiado y legalmente correcto, que se adapte a lo que ambas partes desean econ\u00f3micamente, o que hubiera esperado que fuera el significado y prop\u00f3sito de este contrato, si hubieran pensado en el punto. Si es necesario, las partes est\u00e1n obligadas a modificar este contrato.  <\/p>\n<ol start=\"3\">\n<li style=\"list-style-type: none;\">\n<ol>\n<li style=\"list-style-type: none;\"> <\/li>\n<\/ol>\n<\/li>\n<\/ol>\n\t\t\t\t\t\t\t\t<\/div>\n\t\t\t\t<\/div>\n\t\t\t\t\t<\/div>\n\t\t<\/div>\n\t\t\t\t\t<\/div>\n\t\t<\/section>\n\t\t\t\t<\/div>\n\t\t","protected":false},"excerpt":{"rendered":"<p>Condiciones generales CONDICIONES GENERALES DE CONTRATACI\u00d3N DE FOLKERTS TRADING y sus marcas TENERIFE WINDSURF SOLUTION y\/o DUOTONE PRO CENTER Folkerts Trading SLU y sus marcas Tenerife Windsurf Solution y Duotone Pro Center (FT abajo) ofrecen los siguientes servicios: Surf, kitesurf, as\u00ed como clases, cl\u00ednics y cursos. Alquiler de material para deportes acu\u00e1ticos y otros tipos [&hellip;]<\/p>\n","protected":false},"author":2,"featured_media":0,"parent":0,"menu_order":0,"comment_status":"closed","ping_status":"closed","template":"elementor_header_footer","meta":{"footnotes":""},"class_list":["post-8548","page","type-page","status-publish","hentry"],"_links":{"self":[{"href":"https:\/\/twstest.072design.site\/es\/wp-json\/wp\/v2\/pages\/8548","targetHints":{"allow":["GET"]}}],"collection":[{"href":"https:\/\/twstest.072design.site\/es\/wp-json\/wp\/v2\/pages"}],"about":[{"href":"https:\/\/twstest.072design.site\/es\/wp-json\/wp\/v2\/types\/page"}],"author":[{"embeddable":true,"href":"https:\/\/twstest.072design.site\/es\/wp-json\/wp\/v2\/users\/2"}],"replies":[{"embeddable":true,"href":"https:\/\/twstest.072design.site\/es\/wp-json\/wp\/v2\/comments?post=8548"}],"version-history":[{"count":0,"href":"https:\/\/twstest.072design.site\/es\/wp-json\/wp\/v2\/pages\/8548\/revisions"}],"wp:attachment":[{"href":"https:\/\/twstest.072design.site\/es\/wp-json\/wp\/v2\/media?parent=8548"}],"curies":[{"name":"wp","href":"https:\/\/api.w.org\/{rel}","templated":true}]}}