{"id":8715,"date":"2024-09-29T11:23:50","date_gmt":"2024-09-29T11:23:50","guid":{"rendered":"https:\/\/twstest.072design.site\/viajo-solo\/"},"modified":"2024-10-12T13:42:05","modified_gmt":"2024-10-12T13:42:05","slug":"viajo-solo","status":"publish","type":"page","link":"https:\/\/twstest.072design.site\/es\/viajo-solo\/","title":{"rendered":"Viajo solo"},"content":{"rendered":"\t\t<div data-elementor-type=\"wp-page\" data-elementor-id=\"8715\" class=\"elementor elementor-8715 elementor-2654\" data-elementor-post-type=\"page\">\n\t\t\t\t\t\t<section data-particle_enable=\"false\" data-particle-mobile-disabled=\"false\" class=\"elementor-section elementor-top-section elementor-element elementor-element-40dcdbc6 elementor-section-height-min-height elementor-section-boxed elementor-section-height-default elementor-section-items-middle\" data-id=\"40dcdbc6\" data-element_type=\"section\" data-settings=\"{&quot;jet_parallax_layout_list&quot;:[],&quot;background_background&quot;:&quot;video&quot;,&quot;background_video_link&quot;:&quot;https:\\\/\\\/player.vimeo.com\\\/video\\\/1014277789&quot;}\">\n\t\t\t\t\t\t\t\t<div class=\"elementor-background-video-container elementor-hidden-mobile\" aria-hidden=\"true\">\n\t\t\t\t\t\t\t\t\t\t\t\t\t<div class=\"elementor-background-video-embed\"><\/div>\n\t\t\t\t\t\t\t\t\t\t\t\t<\/div>\n\t\t\t\t\t\t\t\t\t<div class=\"elementor-background-overlay\"><\/div>\n\t\t\t\t\t\t\t<div class=\"elementor-container elementor-column-gap-no\">\n\t\t\t\t\t<div class=\"elementor-column elementor-col-100 elementor-top-column elementor-element elementor-element-4d1d086f\" data-id=\"4d1d086f\" data-element_type=\"column\">\n\t\t\t<div class=\"elementor-widget-wrap elementor-element-populated\">\n\t\t\t\t\t\t<div class=\"elementor-element elementor-element-6c15e380 elementor-widget elementor-widget-heading\" data-id=\"6c15e380\" data-element_type=\"widget\" data-widget_type=\"heading.default\">\n\t\t\t\t<div class=\"elementor-widget-container\">\n\t\t\t\t\t<h2 class=\"elementor-heading-title elementor-size-default\">Las mejores opciones para viajar en solitario<\/h2>\t\t\t\t<\/div>\n\t\t\t\t<\/div>\n\t\t\t\t\t<\/div>\n\t\t<\/div>\n\t\t\t\t\t<\/div>\n\t\t<\/section>\n\t\t\t\t<section data-particle_enable=\"false\" data-particle-mobile-disabled=\"false\" class=\"elementor-section elementor-top-section elementor-element elementor-element-7e39d98d elementor-section-boxed elementor-section-height-default elementor-section-height-default\" data-id=\"7e39d98d\" data-element_type=\"section\" data-settings=\"{&quot;jet_parallax_layout_list&quot;:[]}\">\n\t\t\t\t\t\t<div class=\"elementor-container elementor-column-gap-default\">\n\t\t\t\t\t<div class=\"elementor-column elementor-col-50 elementor-top-column elementor-element elementor-element-555e200f\" data-id=\"555e200f\" data-element_type=\"column\" data-settings=\"{&quot;background_background&quot;:&quot;classic&quot;}\">\n\t\t\t<div class=\"elementor-widget-wrap elementor-element-populated\">\n\t\t\t\t\t\t<div class=\"elementor-element elementor-element-8842481 elementor-widget elementor-widget-heading\" data-id=\"8842481\" data-element_type=\"widget\" data-widget_type=\"heading.default\">\n\t\t\t\t<div class=\"elementor-widget-container\">\n\t\t\t\t\t<h3 class=\"elementor-heading-title elementor-size-default\">Imag\u00ednate: haciendo nuevos amigos de todo el mundo.<\/h3>\t\t\t\t<\/div>\n\t\t\t\t<\/div>\n\t\t\t\t<div class=\"elementor-element elementor-element-d60b5da elementor-widget elementor-widget-heading\" data-id=\"d60b5da\" data-element_type=\"widget\" data-widget_type=\"heading.default\">\n\t\t\t\t<div class=\"elementor-widget-container\">\n\t\t\t\t\t<h3 class=\"elementor-heading-title elementor-size-default\">Viajar solo a TWS de El M\u00e9dano es f\u00e1cil y c\u00f3modo, con varias opciones que se adaptan a tus preferencias y presupuesto.<\/h3>\t\t\t\t<\/div>\n\t\t\t\t<\/div>\n\t\t\t\t<div class=\"elementor-element elementor-element-7b43f48 elementor-widget elementor-widget-text-editor\" data-id=\"7b43f48\" data-element_type=\"widget\" data-widget_type=\"text-editor.default\">\n\t\t\t\t<div class=\"elementor-widget-container\">\n\t\t\t\t\t\t\t\t\t<p><span data-contrast=\"auto\">He aqu\u00ed c\u00f3mo puedes hacer que tu viaje en solitario sea perfecto:<\/span><\/p>\n<p><span data-contrast=\"auto\"><strong>Por aire<\/strong><\/span><span data-ccp-props=\"{}\"><br><\/span><span data-contrast=\"auto\">La forma m\u00e1s eficaz de llegar a El M\u00e9dano es volar al <strong>Aeropuerto de Tenerife Sur (TFS)<\/strong>, que est\u00e1 a s\u00f3lo 10 minutos en coche de El M\u00e9dano y TWS. Este aeropuerto est\u00e1 bien conectado con muchas ciudades europeas, con vuelos regulares operados tanto por compa\u00f1\u00edas de bajo coste como por grandes aerol\u00edneas. <\/span><\/p>\n<p><span data-contrast=\"auto\"><strong>&#8211;&gt; Solo Tip<\/strong>:<br>Reserva con antelaci\u00f3n para conseguir las mejores ofertas, y considera un asiento de ventanilla para disfrutar de las impresionantes vistas del paisaje de Tenerife al aterrizar.<\/span><span data-ccp-props=\"{}\">&nbsp;<\/span><\/p>\n<p><span data-contrast=\"auto\"><strong>Traslados al aeropuerto<\/strong><\/span><span data-ccp-props=\"{}\"><br><\/span><span data-contrast=\"auto\">Desde el Aeropuerto de Tenerife Sur, la opci\u00f3n m\u00e1s f\u00e1cil y menos estresante para los viajeros en solitario es organizar un <strong>traslado al aeropuerto<\/strong>.<\/span><\/p>\n<p><span data-contrast=\"auto\">Muchas empresas ofrecen traslados compartidos o privados que te llevar\u00e1n directamente a tu alojamiento en El M\u00e9dano. Puedes reservar con antelaci\u00f3n online o encontrar opciones en el aeropuerto. <\/span><\/p>\n<p><span data-contrast=\"auto\"><strong>&#8211;&gt; Solo Tip<\/strong>:<br>Si prefieres la comodidad y el servicio puerta a puerta, lo ideal es un traslado privado. Para los viajeros preocupados por el presupuesto, tambi\u00e9n hay lanzaderas compartidas. <\/span><\/p>\n<p><span data-contrast=\"auto\"><strong>Taxi<\/strong><\/span><span data-ccp-props=\"{}\"><br><\/span><span data-contrast=\"auto\">En el aeropuerto de Tenerife Sur hay taxis disponibles. El trayecto hasta El M\u00e9dano dura unos 10-15 minutos, y la tarifa suele rondar los 15-20 \u20ac. Es una opci\u00f3n r\u00e1pida y sin complicaciones, especialmente para viajeros en solitario con equipo.  <\/span><\/p>\n<p><span data-contrast=\"auto\"><strong>&#8211;&gt; Solo Consejo<\/strong>:<br>Si viajas con equipo de windsurf, aseg\u00farate de que el taxi tiene espacio suficiente o solicita un veh\u00edculo m\u00e1s grande con antelaci\u00f3n.<\/span><\/p>\n<p><span data-contrast=\"auto\"><strong>Autob\u00fas p\u00fablico<\/strong><\/span><span data-ccp-props=\"{}\"><br><\/span><span data-contrast=\"auto\">Para una opci\u00f3n m\u00e1s econ\u00f3mica, puedes coger el <strong>autob\u00fas p\u00fablico (TITSA<\/strong>)&nbsp;desde el aeropuerto. La L\u00ednea 470 o la L\u00ednea 111 te llevar\u00e1n a El M\u00e9dano en unos 30 minutos. Los autobuses son fiables y frecuentes, pero tendr\u00e1s que caminar un poco hasta tu alojamiento o el centro TWS despu\u00e9s de llegar.  <\/span><\/p>\n<p><span data-contrast=\"auto\"><strong>&#8211;&gt; Solo Tip<\/strong>:<br>Compra una <strong>tarjeta TEN+<\/strong>&nbsp;en el aeropuerto para acceder f\u00e1cilmente al sistema de guaguas de Tenerife y disfrutar de tarifas con descuento.<\/span><span data-ccp-props=\"{}\">&nbsp;<\/span><\/p>\n<p><span data-contrast=\"auto\"><strong>Alquiler de coches<\/strong><\/span><span data-ccp-props=\"{}\"><br><\/span><span data-contrast=\"auto\">Si prefieres independencia y flexibilidad, alquilar un coche es una gran opci\u00f3n, sobre todo si piensas explorar otras partes de Tenerife durante tu estancia.<\/span><\/p>\n<p><span data-contrast=\"auto\">Varias empresas de alquiler de coches operan desde el Aeropuerto de Tenerife Sur, y el trayecto hasta El M\u00e9dano es sencillo por la autopista TF-1.<\/span><\/p>\n<p><span data-contrast=\"auto\"><strong>&#8211;&gt; Solo Consejo<\/strong>:<br>Aseg\u00farate de reservar un coche peque\u00f1o si viajas solo, ya que el aparcamiento en El M\u00e9dano puede ser limitado, especialmente cerca de la playa.<\/span><\/p>\n<p><span data-contrast=\"auto\"><strong>Alojamiento<\/strong><\/span><span data-ccp-props=\"{}\"><br><\/span><span data-contrast=\"auto\">Una vez en El M\u00e9dano, encontrar\u00e1s un mont\u00f3n de opciones de alojamientos , desde albergues econ\u00f3micos a apartamentos en primera l\u00ednea de playa. Alojarte cerca del centro TWS te permitir\u00e1 acceder f\u00e1cilmente a tus sesiones diarias de windsurf. <\/span><\/p>\n<p><span data-contrast=\"auto\"><strong>&#8211;&gt; Solo Consejo<\/strong>:<br>Busca alojamientos con espacios comunes o cocinas compartidas si quieres conocer a otros viajeros y entusiastas de los deportes acu\u00e1ticos durante tu estancia.<\/span><\/p>\n<p><span data-contrast=\"auto\"><strong>C\u00f3mo moverse por El M\u00e9dano<\/strong><\/span><span data-ccp-props=\"{}\"><br><\/span><span data-contrast=\"auto\">El M\u00e9dano es una ciudad peque\u00f1a y transitable, por lo que no necesitar\u00e1s depender del transporte p\u00fablico cuando est\u00e9s all\u00ed. Todo est\u00e1 a poca distancia a pie, incluidos TWS, restaurantes, tiendas y playas. <\/span><\/p>\n<p><span data-contrast=\"auto\"><strong>&#8211;&gt; Solo Tip<\/strong>:<br>Para desplazamientos cortos por la ciudad, alquilar una bicicleta es una forma divertida y ecol\u00f3gica de moverse y explorar la zona local. Aseg\u00farate de utilizar la Tarjeta de Fidelidad TWS <\/span><\/p>\n<p><strong>Conclusi\u00f3n<br><\/strong><span data-contrast=\"auto\">Tanto si prefieres la comodidad, el presupuesto o la flexibilidad, hay muchas opciones para llegar en solitario a la TWS de El M\u00e9dano.<\/span><\/p>\n<p><span data-contrast=\"auto\">Volar al aeropuerto de Tenerife Sur, con f\u00e1ciles traslados u opciones de transporte p\u00fablico, hace que llegar y empezar tu aventura de windsurf sea muy sencillo.<\/span><\/p>\n<p><strong>Una vez en el centro, te encantar\u00e1 el ambiente y el esp\u00edritu comunitario, \u00a1te encantar\u00e1! \u00a1Practica windsurf como nunca! &nbsp;<\/strong><\/p>\t\t\t\t\t\t\t\t<\/div>\n\t\t\t\t<\/div>\n\t\t\t\t\t<\/div>\n\t\t<\/div>\n\t\t\t\t<div class=\"elementor-column elementor-col-50 elementor-top-column elementor-element elementor-element-3011383\" data-id=\"3011383\" data-element_type=\"column\" data-settings=\"{&quot;background_background&quot;:&quot;classic&quot;}\">\n\t\t\t<div class=\"elementor-widget-wrap elementor-element-populated\">\n\t\t\t\t\t\t<div class=\"elementor-element elementor-element-958f0fb elementor-widget elementor-widget-image\" data-id=\"958f0fb\" data-element_type=\"widget\" data-widget_type=\"image.default\">\n\t\t\t\t<div class=\"elementor-widget-container\">\n\t\t\t\t\t\t\t\t\t\t\t\t\t\t\t<img fetchpriority=\"high\" decoding=\"async\" width=\"800\" height=\"800\" src=\"https:\/\/twstest.072design.site\/wp-content\/uploads\/2024\/09\/wave10.jpg\" class=\"attachment-large size-large wp-image-1721\" alt=\"\" srcset=\"https:\/\/twstest.072design.site\/wp-content\/uploads\/2024\/09\/wave10.jpg 1024w, https:\/\/twstest.072design.site\/wp-content\/uploads\/2024\/09\/wave10-300x300.jpg 300w, https:\/\/twstest.072design.site\/wp-content\/uploads\/2024\/09\/wave10-150x150.jpg 150w, https:\/\/twstest.072design.site\/wp-content\/uploads\/2024\/09\/wave10-768x768.jpg 768w, https:\/\/twstest.072design.site\/wp-content\/uploads\/2024\/09\/wave10-600x600.jpg 600w, https:\/\/twstest.072design.site\/wp-content\/uploads\/2024\/09\/wave10-100x100.jpg 100w\" sizes=\"(max-width: 800px) 100vw, 800px\" \/>\t\t\t\t\t\t\t\t\t\t\t\t\t\t\t<\/div>\n\t\t\t\t<\/div>\n\t\t\t\t<div class=\"elementor-element elementor-element-61b2e6e elementor-widget elementor-widget-image\" data-id=\"61b2e6e\" data-element_type=\"widget\" data-widget_type=\"image.default\">\n\t\t\t\t<div class=\"elementor-widget-container\">\n\t\t\t\t\t\t\t\t\t\t\t\t\t\t\t<img decoding=\"async\" width=\"800\" height=\"800\" src=\"https:\/\/twstest.072design.site\/wp-content\/uploads\/2024\/09\/TWS-clinics-2.png\" class=\"attachment-large size-large wp-image-317\" alt=\"TWS clinics 2\" srcset=\"https:\/\/twstest.072design.site\/wp-content\/uploads\/2024\/09\/TWS-clinics-2.png 1024w, https:\/\/twstest.072design.site\/wp-content\/uploads\/2024\/09\/TWS-clinics-2-300x300.png 300w, https:\/\/twstest.072design.site\/wp-content\/uploads\/2024\/09\/TWS-clinics-2-150x150.png 150w, https:\/\/twstest.072design.site\/wp-content\/uploads\/2024\/09\/TWS-clinics-2-768x768.png 768w, https:\/\/twstest.072design.site\/wp-content\/uploads\/2024\/09\/TWS-clinics-2-600x600.png 600w, https:\/\/twstest.072design.site\/wp-content\/uploads\/2024\/09\/TWS-clinics-2-100x100.png 100w\" sizes=\"(max-width: 800px) 100vw, 800px\" \/>\t\t\t\t\t\t\t\t\t\t\t\t\t\t\t<\/div>\n\t\t\t\t<\/div>\n\t\t\t\t\t<\/div>\n\t\t<\/div>\n\t\t\t\t\t<\/div>\n\t\t<\/section>\n\t\t\t\t<section data-particle_enable=\"false\" data-particle-mobile-disabled=\"false\" class=\"elementor-section elementor-top-section elementor-element elementor-element-502952d elementor-section-full_width elementor-section-height-default elementor-section-height-default\" data-id=\"502952d\" data-element_type=\"section\" data-settings=\"{&quot;jet_parallax_layout_list&quot;:[]}\">\n\t\t\t\t\t\t<div class=\"elementor-container elementor-column-gap-no\">\n\t\t\t\t\t<div class=\"elementor-column elementor-col-100 elementor-top-column elementor-element elementor-element-b5f9b59\" data-id=\"b5f9b59\" data-element_type=\"column\">\n\t\t\t<div class=\"elementor-widget-wrap elementor-element-populated\">\n\t\t\t\t\t\t<div class=\"elementor-element elementor-element-1f3f37f elementor-widget elementor-widget-html\" data-id=\"1f3f37f\" data-element_type=\"widget\" data-widget_type=\"html.default\">\n\t\t\t\t<div class=\"elementor-widget-container\">\n\t\t\t\t\t<script type=\"text\/javascript\" src=\"https:\/\/twswindsurf.vikingbookings.com\/en\/widget.js\"><\/script>\t\t\t\t<\/div>\n\t\t\t\t<\/div>\n\t\t\t\t\t<\/div>\n\t\t<\/div>\n\t\t\t\t\t<\/div>\n\t\t<\/section>\n\t\t\t\t<section data-particle_enable=\"false\" data-particle-mobile-disabled=\"false\" class=\"elementor-section elementor-top-section elementor-element elementor-element-7227a8ae elementor-section-boxed elementor-section-height-default elementor-section-height-default\" data-id=\"7227a8ae\" data-element_type=\"section\" data-settings=\"{&quot;jet_parallax_layout_list&quot;:[]}\">\n\t\t\t\t\t\t<div class=\"elementor-container elementor-column-gap-default\">\n\t\t\t\t\t<div class=\"elementor-column elementor-col-100 elementor-top-column elementor-element elementor-element-328609b5\" data-id=\"328609b5\" data-element_type=\"column\">\n\t\t\t<div class=\"elementor-widget-wrap elementor-element-populated\">\n\t\t\t\t\t\t<div class=\"elementor-element elementor-element-9120e60 elementor-widget elementor-widget-template\" data-id=\"9120e60\" data-element_type=\"widget\" data-widget_type=\"template.default\">\n\t\t\t\t<div class=\"elementor-widget-container\">\n\t\t\t\t\t\t\t<div class=\"elementor-template\">\n\t\t\t\t\t<div data-elementor-type=\"section\" data-elementor-id=\"10971\" class=\"elementor elementor-10971 elementor-744\" data-elementor-post-type=\"elementor_library\">\n\t\t\t\t\t<section data-particle_enable=\"false\" data-particle-mobile-disabled=\"false\" class=\"elementor-section elementor-top-section elementor-element elementor-element-33be3b84 elementor-section-boxed elementor-section-height-default elementor-section-height-default\" data-id=\"33be3b84\" data-element_type=\"section\" data-settings=\"{&quot;jet_parallax_layout_list&quot;:[]}\">\n\t\t\t\t\t\t<div class=\"elementor-container elementor-column-gap-default\">\n\t\t\t\t\t<div class=\"elementor-column elementor-col-50 elementor-top-column elementor-element elementor-element-20151c2f\" data-id=\"20151c2f\" data-element_type=\"column\">\n\t\t\t<div class=\"elementor-widget-wrap elementor-element-populated\">\n\t\t\t\t\t\t<div class=\"elementor-element elementor-element-124b63cf elementor-widget__width-auto elementor-widget elementor-widget-button\" data-id=\"124b63cf\" data-element_type=\"widget\" data-widget_type=\"button.default\">\n\t\t\t\t<div class=\"elementor-widget-container\">\n\t\t\t\t\t\t\t\t\t<div class=\"elementor-button-wrapper\">\n\t\t\t\t\t<a class=\"elementor-button elementor-size-sm\" role=\"button\">\n\t\t\t\t\t\t<span class=\"elementor-button-content-wrapper\">\n\t\t\t\t\t\t\t\t\t<span class=\"elementor-button-text\">Regalo GRATUITO<\/span>\n\t\t\t\t\t<\/span>\n\t\t\t\t\t<\/a>\n\t\t\t\t<\/div>\n\t\t\t\t\t\t\t\t<\/div>\n\t\t\t\t<\/div>\n\t\t\t\t<div class=\"elementor-element elementor-element-4489081a elementor-widget elementor-widget-image\" data-id=\"4489081a\" data-element_type=\"widget\" data-widget_type=\"image.default\">\n\t\t\t\t<div class=\"elementor-widget-container\">\n\t\t\t\t\t\t\t\t\t\t\t\t\t\t\t<img decoding=\"async\" width=\"580\" height=\"419\" src=\"https:\/\/twstest.072design.site\/wp-content\/uploads\/2024\/09\/tshirt.jpg\" class=\"attachment-large size-large wp-image-1025\" alt=\"\" srcset=\"https:\/\/twstest.072design.site\/wp-content\/uploads\/2024\/09\/tshirt.jpg 580w, https:\/\/twstest.072design.site\/wp-content\/uploads\/2024\/09\/tshirt-300x217.jpg 300w\" sizes=\"(max-width: 580px) 100vw, 580px\" \/>\t\t\t\t\t\t\t\t\t\t\t\t\t\t\t<\/div>\n\t\t\t\t<\/div>\n\t\t\t\t\t<\/div>\n\t\t<\/div>\n\t\t\t\t<div class=\"elementor-column elementor-col-50 elementor-top-column elementor-element elementor-element-15508528\" data-id=\"15508528\" data-element_type=\"column\">\n\t\t\t<div class=\"elementor-widget-wrap elementor-element-populated\">\n\t\t\t\t\t\t<div class=\"elementor-element elementor-element-38470059 elementor-widget elementor-widget-heading\" data-id=\"38470059\" data-element_type=\"widget\" data-widget_type=\"heading.default\">\n\t\t\t\t<div class=\"elementor-widget-container\">\n\t\t\t\t\t<h4 class=\"elementor-heading-title elementor-size-default\">con cada reserva<\/h4>\t\t\t\t<\/div>\n\t\t\t\t<\/div>\n\t\t\t\t<div class=\"elementor-element elementor-element-1e9f709d elementor-widget elementor-widget-heading\" data-id=\"1e9f709d\" data-element_type=\"widget\" data-widget_type=\"heading.default\">\n\t\t\t\t<div class=\"elementor-widget-container\">\n\t\t\t\t\t<h2 class=\"elementor-heading-title elementor-size-default\">Camiseta TWS GRATIS<\/h2>\t\t\t\t<\/div>\n\t\t\t\t<\/div>\n\t\t\t\t<div class=\"elementor-element elementor-element-5fb31772 elementor-widget elementor-widget-text-editor\" data-id=\"5fb31772\" data-element_type=\"widget\" data-widget_type=\"text-editor.default\">\n\t\t\t\t<div class=\"elementor-widget-container\">\n\t\t\t\t\t\t\t\t\t<p>Cada invitado recibe un vale para una camiseta TWS con su primera reserva.<\/p>\n<p>Puedes recoger <strong>tu<\/strong> camiseta en la <a href=\"https:\/\/twstest.072design.site\/es\/tienda-de-surf-tws\/\">TWS Local Surf Shop<\/a><\/p>\n<p>Cuando est\u00e9s en la tienda, echa un vistazo a la colecci\u00f3n de camisetas H20 Tenerife para llevarte a casa como un dulce recuerdo sobre TWS y El M\u00e9dano.<\/p>\n\t\t\t\t\t\t\t\t<\/div>\n\t\t\t\t<\/div>\n\t\t\t\t<div class=\"elementor-element elementor-element-716defd3 elementor-align-left elementor-widget elementor-widget-button\" data-id=\"716defd3\" data-element_type=\"widget\" data-widget_type=\"button.default\">\n\t\t\t\t<div class=\"elementor-widget-container\">\n\t\t\t\t\t\t\t\t\t<div class=\"elementor-button-wrapper\">\n\t\t\t\t\t<a class=\"elementor-button elementor-button-link elementor-size-sm\" href=\"https:\/\/app.vikingbookings.com\/widget\/booking\/5a0000001f000000ae77bea9\" target=\"_blank\" rel=\"noopener\">\n\t\t\t\t\t\t<span class=\"elementor-button-content-wrapper\">\n\t\t\t\t\t\t\t\t\t<span class=\"elementor-button-text\">Reserva ahora<\/span>\n\t\t\t\t\t<\/span>\n\t\t\t\t\t<\/a>\n\t\t\t\t<\/div>\n\t\t\t\t\t\t\t\t<\/div>\n\t\t\t\t<\/div>\n\t\t\t\t\t<\/div>\n\t\t<\/div>\n\t\t\t\t\t<\/div>\n\t\t<\/section>\n\t\t\t\t<\/div>\n\t\t\t\t<\/div>\n\t\t\t\t\t\t<\/div>\n\t\t\t\t<\/div>\n\t\t\t\t\t<\/div>\n\t\t<\/div>\n\t\t\t\t\t<\/div>\n\t\t<\/section>\n\t\t\t\t<section data-particle_enable=\"false\" data-particle-mobile-disabled=\"false\" class=\"elementor-section elementor-top-section elementor-element elementor-element-d47af27 elementor-section-boxed elementor-section-height-default elementor-section-height-default\" data-id=\"d47af27\" data-element_type=\"section\" data-settings=\"{&quot;jet_parallax_layout_list&quot;:[]}\">\n\t\t\t\t\t\t<div class=\"elementor-container elementor-column-gap-default\">\n\t\t\t\t\t<div class=\"elementor-column elementor-col-100 elementor-top-column elementor-element elementor-element-79a01de\" data-id=\"79a01de\" data-element_type=\"column\">\n\t\t\t<div class=\"elementor-widget-wrap elementor-element-populated\">\n\t\t\t\t\t\t<div class=\"elementor-element elementor-element-ad9a520 elementor-skin-carousel elementor-widget elementor-widget-media-carousel\" data-id=\"ad9a520\" data-element_type=\"widget\" data-settings=\"{&quot;slides_per_view&quot;:&quot;4&quot;,&quot;autoplay_speed&quot;:1250,&quot;space_between&quot;:{&quot;unit&quot;:&quot;px&quot;,&quot;size&quot;:&quot;&quot;,&quot;sizes&quot;:[]},&quot;skin&quot;:&quot;carousel&quot;,&quot;effect&quot;:&quot;slide&quot;,&quot;speed&quot;:500,&quot;autoplay&quot;:&quot;yes&quot;,&quot;loop&quot;:&quot;yes&quot;,&quot;pause_on_hover&quot;:&quot;yes&quot;,&quot;pause_on_interaction&quot;:&quot;yes&quot;,&quot;space_between_tablet&quot;:{&quot;unit&quot;:&quot;px&quot;,&quot;size&quot;:10,&quot;sizes&quot;:[]},&quot;space_between_mobile&quot;:{&quot;unit&quot;:&quot;px&quot;,&quot;size&quot;:10,&quot;sizes&quot;:[]}}\" data-widget_type=\"media-carousel.default\">\n\t\t\t\t<div class=\"elementor-widget-container\">\n\t\t\t\t\t\t\t\t\t<div class=\"elementor-swiper\">\n\t\t\t\t\t<div class=\"elementor-main-swiper swiper\" role=\"region\" aria-roledescription=\"carousel\" aria-label=\"Diapositivas\">\n\t\t\t\t<div class=\"swiper-wrapper\">\n\t\t\t\t\t\t\t\t\t\t\t<div class=\"swiper-slide\" role=\"group\" aria-roledescription=\"slide\">\n\t\t\t\t\t\t\t\t\t<div class=\"elementor-carousel-image\" role=\"img\" aria-label=\"neilpryde\" style=\"background-image: url(&#039;https:\/\/twstest.072design.site\/wp-content\/uploads\/2024\/09\/neilpryde.png&#039;)\">\n\n\t\t\t\n\t\t\t\t\t<\/div>\n\t\t\t\t\t\t\t\t<\/div>\n\t\t\t\t\t\t\t\t\t\t\t<div class=\"swiper-slide\" role=\"group\" aria-roledescription=\"slide\">\n\t\t\t\t\t\t\t\t\t<div class=\"elementor-carousel-image\" role=\"img\" aria-label=\"\" style=\"background-image: url(&#039;https:\/\/twstest.072design.site\/wp-content\/uploads\/2024\/09\/bruch-boards.png&#039;)\">\n\n\t\t\t\n\t\t\t\t\t<\/div>\n\t\t\t\t\t\t\t\t<\/div>\n\t\t\t\t\t\t\t\t\t\t\t<div class=\"swiper-slide\" role=\"group\" aria-roledescription=\"slide\">\n\t\t\t\t\t\t\t\t\t<div class=\"elementor-carousel-image\" role=\"img\" aria-label=\"naish\" style=\"background-image: url(&#039;https:\/\/twstest.072design.site\/wp-content\/uploads\/2024\/09\/naish.png&#039;)\">\n\n\t\t\t\n\t\t\t\t\t<\/div>\n\t\t\t\t\t\t\t\t<\/div>\n\t\t\t\t\t\t\t\t\t\t\t<div class=\"swiper-slide\" role=\"group\" aria-roledescription=\"slide\">\n\t\t\t\t\t\t\t\t\t<div class=\"elementor-carousel-image\" role=\"img\" aria-label=\"core-logo\" style=\"background-image: url(&#039;https:\/\/twstest.072design.site\/wp-content\/uploads\/2024\/09\/core-logo.png&#039;)\">\n\n\t\t\t\n\t\t\t\t\t<\/div>\n\t\t\t\t\t\t\t\t<\/div>\n\t\t\t\t\t\t\t\t\t\t\t<div class=\"swiper-slide\" role=\"group\" aria-roledescription=\"slide\">\n\t\t\t\t\t\t\t\t\t<div class=\"elementor-carousel-image\" role=\"img\" aria-label=\"lift-foils\" style=\"background-image: url(&#039;https:\/\/twstest.072design.site\/wp-content\/uploads\/2024\/09\/lift-foils.png&#039;)\">\n\n\t\t\t\n\t\t\t\t\t<\/div>\n\t\t\t\t\t\t\t\t<\/div>\n\t\t\t\t\t\t\t\t\t\t\t<div class=\"swiper-slide\" role=\"group\" aria-roledescription=\"slide\">\n\t\t\t\t\t\t\t\t\t<div class=\"elementor-carousel-image\" role=\"img\" aria-label=\"f4-foils\" style=\"background-image: url(&#039;https:\/\/twstest.072design.site\/wp-content\/uploads\/2024\/09\/f4-foils.png&#039;)\">\n\n\t\t\t\n\t\t\t\t\t<\/div>\n\t\t\t\t\t\t\t\t<\/div>\n\t\t\t\t\t\t\t\t\t\t\t<div class=\"swiper-slide\" role=\"group\" aria-roledescription=\"slide\">\n\t\t\t\t\t\t\t\t\t<div class=\"elementor-carousel-image\" role=\"img\" aria-label=\"ezzy\" style=\"background-image: url(&#039;https:\/\/twstest.072design.site\/wp-content\/uploads\/2024\/09\/ezzy.png&#039;)\">\n\n\t\t\t\n\t\t\t\t\t<\/div>\n\t\t\t\t\t\t\t\t<\/div>\n\t\t\t\t\t\t\t\t\t<\/div>\n\t\t\t\t\t\t\t\t\t\t\t\t\t\t\t\t\t\t\t\t\t<\/div>\n\t\t\t\t<\/div>\n\t\t\t\t\t\t\t\t<\/div>\n\t\t\t\t<\/div>\n\t\t\t\t\t<\/div>\n\t\t<\/div>\n\t\t\t\t\t<\/div>\n\t\t<\/section>\n\t\t\t\t<\/div>\n\t\t","protected":false},"excerpt":{"rendered":"<p>Las mejores opciones para viajar en solitario Imag\u00ednate: haciendo nuevos amigos de todo el mundo. Viajar solo a TWS de El M\u00e9dano es f\u00e1cil y c\u00f3modo, con varias opciones que se adaptan a tus preferencias y presupuesto. He aqu\u00ed c\u00f3mo puedes hacer que tu viaje en solitario sea perfecto: Por aireLa forma m\u00e1s eficaz de [&hellip;]<\/p>\n","protected":false},"author":2,"featured_media":0,"parent":0,"menu_order":0,"comment_status":"closed","ping_status":"closed","template":"elementor_header_footer","meta":{"footnotes":""},"class_list":["post-8715","page","type-page","status-publish","hentry"],"_links":{"self":[{"href":"https:\/\/twstest.072design.site\/es\/wp-json\/wp\/v2\/pages\/8715","targetHints":{"allow":["GET"]}}],"collection":[{"href":"https:\/\/twstest.072design.site\/es\/wp-json\/wp\/v2\/pages"}],"about":[{"href":"https:\/\/twstest.072design.site\/es\/wp-json\/wp\/v2\/types\/page"}],"author":[{"embeddable":true,"href":"https:\/\/twstest.072design.site\/es\/wp-json\/wp\/v2\/users\/2"}],"replies":[{"embeddable":true,"href":"https:\/\/twstest.072design.site\/es\/wp-json\/wp\/v2\/comments?post=8715"}],"version-history":[{"count":0,"href":"https:\/\/twstest.072design.site\/es\/wp-json\/wp\/v2\/pages\/8715\/revisions"}],"wp:attachment":[{"href":"https:\/\/twstest.072design.site\/es\/wp-json\/wp\/v2\/media?parent=8715"}],"curies":[{"name":"wp","href":"https:\/\/api.w.org\/{rel}","templated":true}]}}