{"id":8764,"date":"2024-10-04T20:30:38","date_gmt":"2024-10-04T20:30:38","guid":{"rendered":"https:\/\/twstest.072design.site\/tws-tv\/"},"modified":"2024-10-13T10:19:45","modified_gmt":"2024-10-13T10:19:45","slug":"tws-tv","status":"publish","type":"page","link":"https:\/\/twstest.072design.site\/es\/tws-tv\/","title":{"rendered":"TWS TV"},"content":{"rendered":"\t\t<div data-elementor-type=\"wp-page\" data-elementor-id=\"8764\" class=\"elementor elementor-8764 elementor-4430\" data-elementor-post-type=\"page\">\n\t\t\t\t\t\t<section data-particle_enable=\"false\" data-particle-mobile-disabled=\"false\" class=\"elementor-section elementor-top-section elementor-element elementor-element-1e646941 elementor-section-height-min-height elementor-section-boxed elementor-section-height-default elementor-section-items-middle\" data-id=\"1e646941\" data-element_type=\"section\" data-settings=\"{&quot;jet_parallax_layout_list&quot;:[],&quot;background_background&quot;:&quot;video&quot;,&quot;background_video_link&quot;:&quot;https:\\\/\\\/player.vimeo.com\\\/video\\\/1013326155&quot;}\">\n\t\t\t\t\t\t\t\t<div class=\"elementor-background-video-container elementor-hidden-mobile\" aria-hidden=\"true\">\n\t\t\t\t\t\t\t\t\t\t\t\t\t<div class=\"elementor-background-video-embed\"><\/div>\n\t\t\t\t\t\t\t\t\t\t\t\t<\/div>\n\t\t\t\t\t\t\t\t\t<div class=\"elementor-background-overlay\"><\/div>\n\t\t\t\t\t\t\t<div class=\"elementor-container elementor-column-gap-no\">\n\t\t\t\t\t<div class=\"elementor-column elementor-col-100 elementor-top-column elementor-element elementor-element-371f50c0\" data-id=\"371f50c0\" data-element_type=\"column\">\n\t\t\t<div class=\"elementor-widget-wrap elementor-element-populated\">\n\t\t\t\t\t\t<div class=\"elementor-element elementor-element-25500a44 elementor-widget elementor-widget-heading\" data-id=\"25500a44\" data-element_type=\"widget\" data-widget_type=\"heading.default\">\n\t\t\t\t<div class=\"elementor-widget-container\">\n\t\t\t\t\t<h2 class=\"elementor-heading-title elementor-size-default\">TWS TV - Galer\u00eda de v\u00eddeos  <\/h2>\t\t\t\t<\/div>\n\t\t\t\t<\/div>\n\t\t\t\t\t<\/div>\n\t\t<\/div>\n\t\t\t\t\t<\/div>\n\t\t<\/section>\n\t\t\t\t<section data-particle_enable=\"false\" data-particle-mobile-disabled=\"false\" class=\"elementor-section elementor-top-section elementor-element elementor-element-a30a37 elementor-section-boxed elementor-section-height-default elementor-section-height-default\" data-id=\"a30a37\" data-element_type=\"section\" data-settings=\"{&quot;jet_parallax_layout_list&quot;:[]}\">\n\t\t\t\t\t\t<div class=\"elementor-container elementor-column-gap-default\">\n\t\t\t\t\t<div class=\"elementor-column elementor-col-100 elementor-top-column elementor-element elementor-element-7935f422\" data-id=\"7935f422\" data-element_type=\"column\" data-settings=\"{&quot;background_background&quot;:&quot;classic&quot;}\">\n\t\t\t<div class=\"elementor-widget-wrap elementor-element-populated\">\n\t\t\t\t\t\t<div class=\"elementor-element elementor-element-a4360aa elementor-widget elementor-widget-text-editor\" data-id=\"a4360aa\" data-element_type=\"widget\" data-widget_type=\"text-editor.default\">\n\t\t\t\t<div class=\"elementor-widget-container\">\n\t\t\t\t\t\t\t\t\t<h4>Bienvenido a la Galer\u00eda de V\u00eddeos de TWS&#8230;<\/h4>\n<h5>donde mostramos toda la acci\u00f3n, consejos y experiencias captadas durante nuestro viaje por el para\u00edso del windsurf de Tenerife.<\/h5>\n<p>Tanto si eres un windsurfista apasionado en busca de consejos profesionales, como si simplemente quieres revivir la emoci\u00f3n de cabalgar las famosas olas de El M\u00e9dano, nuestra colecci\u00f3n de v\u00eddeos tiene algo para todos.<\/p>\n<div class=\"dig-InlineDrawer-frame dig-iax92w0_20-8-0 _drawer-wrapper_lyxv4_1\">\n<div class=\"dig-InlineDrawer-frame-body dig-iax92w2_20-8-0\">\n<div class=\"dig-InlineDrawer-frame dig-iax92w0_20-8-0\">\n<div class=\"dig-InlineDrawer-frame-body dig-iax92w2_20-8-0\">\n<div class=\"_centerSection_10wwt_24\">\n<div id=\"fvsdk-container\" class=\"_container_xhhy1_1 _containerV2_xhhy1_25\">\n<div class=\"_previewContentWrapper_1t0x7_11\">\n<div class=\"_previewContent_1t0x7_1\">\n<div class=\"_app_1ythq_175\">\n<div class=\"_container_1ythq_138\" role=\"document\">\n<div class=\"_headerContainer_1f4eh_1\">\n<div class=\"_pdfViewport_1ythq_102\" data-preview-viewport=\"true\">\n<p id=\"pageContainer1\" class=\"_page_1ythq_98\" role=\"presentation\" data-index=\"0\" aria-label=\"Pagina 1\"><strong>Explora una variedad de contenidos, incluidos:<\/strong><\/p>\n<ul>\n<li class=\"_page_1ythq_98\" role=\"presentation\" data-index=\"0\" aria-label=\"Pagina 1\">Tutoriales de windsurf: Aprende de los expertos con v\u00eddeos instructivos paso a paso que abarcan desde t\u00e9cnicas b\u00e1sicas hasta maniobras avanzadas.<\/li>\n<li class=\"_page_1ythq_98\" role=\"presentation\" data-index=\"0\" aria-label=\"Pagina 1\">Revisiones de material: Echa un vistazo a lo \u00faltimo en material de windsurf con nuestros an\u00e1lisis en profundidad y comparaciones de tablas, velas, foils y mucho m\u00e1s.<\/li>\n<li class=\"_page_1ythq_98\" role=\"presentation\" data-index=\"0\" aria-label=\"Pagina 1\">Eventos destacados: Vive la emoci\u00f3n de las competiciones y eventos internacionales de windsurf celebrados en los spots de primera clase de El M\u00e9dano.-Acci\u00f3n TWS: Mira las incre\u00edbles im\u00e1genes de los riders de TWS enfrent\u00e1ndose a las olas y al viento, mostrando la belleza de Tenerife y del deporte que amamos.<\/li>\n<li class=\"_page_1ythq_98\" role=\"presentation\" data-index=\"0\" aria-label=\"Pagina 1\">Entre bastidores: Echa un vistazo a la vida en la TWS, desde nuestras operaciones diarias hasta perspectivas exclusivas de nuestros programas de entrenamiento y sesiones con riders.<\/li>\n<\/ul>\n<p><span style=\"font-family: var( --e-global-typography-text-font-family ), Sans-serif; font-size: var( --e-global-typography-text-font-size );\"><br \/>Nuestra galer\u00eda de v\u00eddeos se actualiza continuamente con nuevos contenidos, as\u00ed que cons\u00faltala a menudo para estar al tanto de lo \u00faltimo en acci\u00f3n, consejos y eventos relacionados con el windsurf.<\/span><\/p>\n<p>\u00a1Sum\u00e9rgete en el estilo de vida del windsurf con TWS Windsurf Solution y deja que nuestros v\u00eddeos inspiren tu pr\u00f3xima aventura en el agua!<\/p>\n<\/div>\n<\/div>\n<\/div>\n<\/div>\n<\/div>\n<\/div>\n<\/div>\n<\/div>\n<\/div>\n<\/div>\n<\/div>\n<\/div>\n\t\t\t\t\t\t\t\t<\/div>\n\t\t\t\t<\/div>\n\t\t\t\t\t<\/div>\n\t\t<\/div>\n\t\t\t\t\t<\/div>\n\t\t<\/section>\n\t\t\t\t<section data-particle_enable=\"false\" data-particle-mobile-disabled=\"false\" class=\"elementor-section elementor-top-section elementor-element elementor-element-810e65a elementor-section-boxed elementor-section-height-default elementor-section-height-default\" data-id=\"810e65a\" data-element_type=\"section\" data-settings=\"{&quot;jet_parallax_layout_list&quot;:[]}\">\n\t\t\t\t\t\t<div class=\"elementor-container elementor-column-gap-default\">\n\t\t\t\t\t<div class=\"elementor-column elementor-col-100 elementor-top-column elementor-element elementor-element-81b3949\" data-id=\"81b3949\" data-element_type=\"column\">\n\t\t\t<div class=\"elementor-widget-wrap\">\n\t\t\t\t\t\t\t<\/div>\n\t\t<\/div>\n\t\t\t\t\t<\/div>\n\t\t<\/section>\n\t\t\t\t<section data-particle_enable=\"false\" data-particle-mobile-disabled=\"false\" class=\"elementor-section elementor-top-section elementor-element elementor-element-3309d013 elementor-section-height-min-height elementor-section-boxed elementor-section-height-default elementor-section-items-middle\" data-id=\"3309d013\" data-element_type=\"section\" data-settings=\"{&quot;jet_parallax_layout_list&quot;:[]}\">\n\t\t\t\t\t\t<div class=\"elementor-container elementor-column-gap-default\">\n\t\t\t\t\t<div class=\"elementor-column elementor-col-100 elementor-top-column elementor-element elementor-element-593b1b5c\" data-id=\"593b1b5c\" data-element_type=\"column\">\n\t\t\t<div class=\"elementor-widget-wrap\">\n\t\t\t\t\t\t\t<\/div>\n\t\t<\/div>\n\t\t\t\t\t<\/div>\n\t\t<\/section>\n\t\t\t\t<\/div>\n\t\t","protected":false},"excerpt":{"rendered":"<p>TWS TV &#8211; Galer\u00eda de v\u00eddeos Bienvenido a la Galer\u00eda de V\u00eddeos de TWS&#8230; donde mostramos toda la acci\u00f3n, consejos y experiencias captadas durante nuestro viaje por el para\u00edso del windsurf de Tenerife. Tanto si eres un windsurfista apasionado en busca de consejos profesionales, como si simplemente quieres revivir la emoci\u00f3n de cabalgar las famosas [&hellip;]<\/p>\n","protected":false},"author":1,"featured_media":0,"parent":0,"menu_order":0,"comment_status":"closed","ping_status":"closed","template":"","meta":{"footnotes":""},"class_list":["post-8764","page","type-page","status-publish","hentry"],"_links":{"self":[{"href":"https:\/\/twstest.072design.site\/es\/wp-json\/wp\/v2\/pages\/8764","targetHints":{"allow":["GET"]}}],"collection":[{"href":"https:\/\/twstest.072design.site\/es\/wp-json\/wp\/v2\/pages"}],"about":[{"href":"https:\/\/twstest.072design.site\/es\/wp-json\/wp\/v2\/types\/page"}],"author":[{"embeddable":true,"href":"https:\/\/twstest.072design.site\/es\/wp-json\/wp\/v2\/users\/1"}],"replies":[{"embeddable":true,"href":"https:\/\/twstest.072design.site\/es\/wp-json\/wp\/v2\/comments?post=8764"}],"version-history":[{"count":0,"href":"https:\/\/twstest.072design.site\/es\/wp-json\/wp\/v2\/pages\/8764\/revisions"}],"wp:attachment":[{"href":"https:\/\/twstest.072design.site\/es\/wp-json\/wp\/v2\/media?parent=8764"}],"curies":[{"name":"wp","href":"https:\/\/api.w.org\/{rel}","templated":true}]}}