{"id":8769,"date":"2024-09-27T07:25:20","date_gmt":"2024-09-27T07:25:20","guid":{"rendered":"https:\/\/twstest.072design.site\/progresion-en-olas-entrenamiento-avanzado-experto\/"},"modified":"2024-10-13T11:09:44","modified_gmt":"2024-10-13T11:09:44","slug":"progresion-en-olas-entrenamiento-avanzado-experto","status":"publish","type":"page","link":"https:\/\/twstest.072design.site\/es\/progresion-en-olas-entrenamiento-avanzado-experto\/","title":{"rendered":"Progresi\u00f3n en Olas\/Entrenamiento Avanzado\/Experto"},"content":{"rendered":"\t\t<div data-elementor-type=\"wp-page\" data-elementor-id=\"8769\" class=\"elementor elementor-8769 elementor-1568\" data-elementor-post-type=\"page\">\n\t\t\t\t\t\t<section data-particle_enable=\"false\" data-particle-mobile-disabled=\"false\" class=\"elementor-section elementor-top-section elementor-element elementor-element-77274fe0 elementor-section-height-min-height elementor-section-boxed elementor-section-height-default elementor-section-items-middle\" data-id=\"77274fe0\" data-element_type=\"section\" data-settings=\"{&quot;jet_parallax_layout_list&quot;:[],&quot;background_background&quot;:&quot;video&quot;,&quot;background_video_link&quot;:&quot;https:\\\/\\\/player.vimeo.com\\\/video\\\/1013339101&quot;}\">\n\t\t\t\t\t\t\t\t<div class=\"elementor-background-video-container elementor-hidden-mobile\" aria-hidden=\"true\">\n\t\t\t\t\t\t\t\t\t\t\t\t\t<div class=\"elementor-background-video-embed\"><\/div>\n\t\t\t\t\t\t\t\t\t\t\t\t<\/div>\n\t\t\t\t\t\t\t\t\t<div class=\"elementor-background-overlay\"><\/div>\n\t\t\t\t\t\t\t<div class=\"elementor-container elementor-column-gap-no\">\n\t\t\t\t\t<div class=\"elementor-column elementor-col-100 elementor-top-column elementor-element elementor-element-7186961c\" data-id=\"7186961c\" data-element_type=\"column\">\n\t\t\t<div class=\"elementor-widget-wrap elementor-element-populated\">\n\t\t\t\t\t\t<div class=\"elementor-element elementor-element-6e81d618 elementor-widget elementor-widget-heading\" data-id=\"6e81d618\" data-element_type=\"widget\" data-widget_type=\"heading.default\">\n\t\t\t\t<div class=\"elementor-widget-container\">\n\t\t\t\t\t<h2 class=\"elementor-heading-title elementor-size-default\">Clases de Windsurf de Progresi\u00f3n, Avanzado y Experto con Coaching VIP en TWS<\/h2>\t\t\t\t<\/div>\n\t\t\t\t<\/div>\n\t\t\t\t\t<\/div>\n\t\t<\/div>\n\t\t\t\t\t<\/div>\n\t\t<\/section>\n\t\t\t\t<section data-particle_enable=\"false\" data-particle-mobile-disabled=\"false\" class=\"elementor-section elementor-top-section elementor-element elementor-element-6b74dd40 elementor-section-boxed elementor-section-height-default elementor-section-height-default\" data-id=\"6b74dd40\" data-element_type=\"section\" data-settings=\"{&quot;jet_parallax_layout_list&quot;:[]}\">\n\t\t\t\t\t\t<div class=\"elementor-container elementor-column-gap-default\">\n\t\t\t\t\t<div class=\"elementor-column elementor-col-50 elementor-top-column elementor-element elementor-element-59bb3f70\" data-id=\"59bb3f70\" data-element_type=\"column\" data-settings=\"{&quot;background_background&quot;:&quot;classic&quot;}\">\n\t\t\t<div class=\"elementor-widget-wrap elementor-element-populated\">\n\t\t\t\t\t\t<div class=\"elementor-element elementor-element-a0f83f7 elementor-widget elementor-widget-image\" data-id=\"a0f83f7\" data-element_type=\"widget\" data-widget_type=\"image.default\">\n\t\t\t\t<div class=\"elementor-widget-container\">\n\t\t\t\t\t\t\t\t\t\t\t\t\t\t\t<img fetchpriority=\"high\" decoding=\"async\" width=\"800\" height=\"800\" src=\"https:\/\/twstest.072design.site\/wp-content\/uploads\/2024\/09\/dieter-1.jpg\" class=\"attachment-large size-large wp-image-2067\" alt=\"\" srcset=\"https:\/\/twstest.072design.site\/wp-content\/uploads\/2024\/09\/dieter-1.jpg 1024w, https:\/\/twstest.072design.site\/wp-content\/uploads\/2024\/09\/dieter-1-300x300.jpg 300w, https:\/\/twstest.072design.site\/wp-content\/uploads\/2024\/09\/dieter-1-150x150.jpg 150w, https:\/\/twstest.072design.site\/wp-content\/uploads\/2024\/09\/dieter-1-768x768.jpg 768w, https:\/\/twstest.072design.site\/wp-content\/uploads\/2024\/09\/dieter-1-600x600.jpg 600w, https:\/\/twstest.072design.site\/wp-content\/uploads\/2024\/09\/dieter-1-100x100.jpg 100w\" sizes=\"(max-width: 800px) 100vw, 800px\" \/>\t\t\t\t\t\t\t\t\t\t\t\t\t\t\t<\/div>\n\t\t\t\t<\/div>\n\t\t\t\t<div class=\"elementor-element elementor-element-de75bff elementor-widget elementor-widget-image\" data-id=\"de75bff\" data-element_type=\"widget\" data-widget_type=\"image.default\">\n\t\t\t\t<div class=\"elementor-widget-container\">\n\t\t\t\t\t\t\t\t\t\t\t\t\t\t\t<img decoding=\"async\" width=\"800\" height=\"800\" src=\"https:\/\/twstest.072design.site\/wp-content\/uploads\/2024\/09\/nikodem-1.jpg\" class=\"attachment-large size-large wp-image-2167\" alt=\"\" srcset=\"https:\/\/twstest.072design.site\/wp-content\/uploads\/2024\/09\/nikodem-1.jpg 1024w, https:\/\/twstest.072design.site\/wp-content\/uploads\/2024\/09\/nikodem-1-300x300.jpg 300w, https:\/\/twstest.072design.site\/wp-content\/uploads\/2024\/09\/nikodem-1-150x150.jpg 150w, https:\/\/twstest.072design.site\/wp-content\/uploads\/2024\/09\/nikodem-1-768x768.jpg 768w, https:\/\/twstest.072design.site\/wp-content\/uploads\/2024\/09\/nikodem-1-600x600.jpg 600w, https:\/\/twstest.072design.site\/wp-content\/uploads\/2024\/09\/nikodem-1-100x100.jpg 100w\" sizes=\"(max-width: 800px) 100vw, 800px\" \/>\t\t\t\t\t\t\t\t\t\t\t\t\t\t\t<\/div>\n\t\t\t\t<\/div>\n\t\t\t\t<div class=\"elementor-element elementor-element-af558d8 elementor-widget elementor-widget-image\" data-id=\"af558d8\" data-element_type=\"widget\" data-widget_type=\"image.default\">\n\t\t\t\t<div class=\"elementor-widget-container\">\n\t\t\t\t\t\t\t\t\t\t\t\t\t\t\t<img decoding=\"async\" width=\"800\" height=\"800\" src=\"https:\/\/twstest.072design.site\/wp-content\/uploads\/2024\/09\/tim1.jpg\" class=\"attachment-large size-large wp-image-2252\" alt=\"\" srcset=\"https:\/\/twstest.072design.site\/wp-content\/uploads\/2024\/09\/tim1.jpg 1024w, https:\/\/twstest.072design.site\/wp-content\/uploads\/2024\/09\/tim1-300x300.jpg 300w, https:\/\/twstest.072design.site\/wp-content\/uploads\/2024\/09\/tim1-150x150.jpg 150w, https:\/\/twstest.072design.site\/wp-content\/uploads\/2024\/09\/tim1-768x768.jpg 768w, https:\/\/twstest.072design.site\/wp-content\/uploads\/2024\/09\/tim1-600x600.jpg 600w, https:\/\/twstest.072design.site\/wp-content\/uploads\/2024\/09\/tim1-100x100.jpg 100w\" sizes=\"(max-width: 800px) 100vw, 800px\" \/>\t\t\t\t\t\t\t\t\t\t\t\t\t\t\t<\/div>\n\t\t\t\t<\/div>\n\t\t\t\t<div class=\"elementor-element elementor-element-4d34d08 elementor-widget elementor-widget-image\" data-id=\"4d34d08\" data-element_type=\"widget\" data-widget_type=\"image.default\">\n\t\t\t\t<div class=\"elementor-widget-container\">\n\t\t\t\t\t\t\t\t\t\t\t\t\t\t\t<img loading=\"lazy\" decoding=\"async\" width=\"800\" height=\"800\" src=\"https:\/\/twstest.072design.site\/wp-content\/uploads\/2024\/09\/clinic3.jpg\" class=\"attachment-large size-large wp-image-1825\" alt=\"\" srcset=\"https:\/\/twstest.072design.site\/wp-content\/uploads\/2024\/09\/clinic3.jpg 1024w, https:\/\/twstest.072design.site\/wp-content\/uploads\/2024\/09\/clinic3-300x300.jpg 300w, https:\/\/twstest.072design.site\/wp-content\/uploads\/2024\/09\/clinic3-150x150.jpg 150w, https:\/\/twstest.072design.site\/wp-content\/uploads\/2024\/09\/clinic3-768x768.jpg 768w, https:\/\/twstest.072design.site\/wp-content\/uploads\/2024\/09\/clinic3-600x600.jpg 600w, https:\/\/twstest.072design.site\/wp-content\/uploads\/2024\/09\/clinic3-100x100.jpg 100w\" sizes=\"(max-width: 800px) 100vw, 800px\" \/>\t\t\t\t\t\t\t\t\t\t\t\t\t\t\t<\/div>\n\t\t\t\t<\/div>\n\t\t\t\t<div class=\"elementor-element elementor-element-68210f4 elementor-widget elementor-widget-image\" data-id=\"68210f4\" data-element_type=\"widget\" data-widget_type=\"image.default\">\n\t\t\t\t<div class=\"elementor-widget-container\">\n\t\t\t\t\t\t\t\t\t\t\t\t\t\t\t<img loading=\"lazy\" decoding=\"async\" width=\"800\" height=\"800\" src=\"https:\/\/twstest.072design.site\/wp-content\/uploads\/2024\/09\/wave9.jpg\" class=\"attachment-large size-large wp-image-1253\" alt=\"\" srcset=\"https:\/\/twstest.072design.site\/wp-content\/uploads\/2024\/09\/wave9.jpg 1024w, https:\/\/twstest.072design.site\/wp-content\/uploads\/2024\/09\/wave9-300x300.jpg 300w, https:\/\/twstest.072design.site\/wp-content\/uploads\/2024\/09\/wave9-150x150.jpg 150w, https:\/\/twstest.072design.site\/wp-content\/uploads\/2024\/09\/wave9-768x768.jpg 768w, https:\/\/twstest.072design.site\/wp-content\/uploads\/2024\/09\/wave9-600x600.jpg 600w, https:\/\/twstest.072design.site\/wp-content\/uploads\/2024\/09\/wave9-100x100.jpg 100w\" sizes=\"(max-width: 800px) 100vw, 800px\" \/>\t\t\t\t\t\t\t\t\t\t\t\t\t\t\t<\/div>\n\t\t\t\t<\/div>\n\t\t\t\t\t<\/div>\n\t\t<\/div>\n\t\t\t\t<div class=\"elementor-column elementor-col-50 elementor-top-column elementor-element elementor-element-7a2e51d\" data-id=\"7a2e51d\" data-element_type=\"column\" data-settings=\"{&quot;background_background&quot;:&quot;classic&quot;}\">\n\t\t\t<div class=\"elementor-widget-wrap elementor-element-populated\">\n\t\t\t\t\t\t<div class=\"elementor-element elementor-element-09d7b30 elementor-widget elementor-widget-heading\" data-id=\"09d7b30\" data-element_type=\"widget\" data-widget_type=\"heading.default\">\n\t\t\t\t<div class=\"elementor-widget-container\">\n\t\t\t\t\t<h2 class=\"elementor-heading-title elementor-size-default\">Para los windsurfistas que buscan afinar sus habilidades o dominar maniobras avanzadas, Tenerife Windsurf Solution te ofrece unas sesiones de entrenamiento VIP exclusivas<\/h2>\t\t\t\t<\/div>\n\t\t\t\t<\/div>\n\t\t\t\t<div class=\"elementor-element elementor-element-fefe779 elementor-widget elementor-widget-heading\" data-id=\"fefe779\" data-element_type=\"widget\" data-widget_type=\"heading.default\">\n\t\t\t\t<div class=\"elementor-widget-container\">\n\t\t\t\t\t<h2 class=\"elementor-heading-title elementor-size-default\">con algunos de los mejores windsurfistas profesionales del mundo.<\/h2>\t\t\t\t<\/div>\n\t\t\t\t<\/div>\n\t\t\t\t<div class=\"elementor-element elementor-element-230533c elementor-widget elementor-widget-text-editor\" data-id=\"230533c\" data-element_type=\"widget\" data-widget_type=\"text-editor.default\">\n\t\t\t\t<div class=\"elementor-widget-container\">\n\t\t\t\t\t\t\t\t\t<p><span data-contrast=\"auto\"> <\/span><span data-contrast=\"auto\">Nuestro programa de entrenamiento VIP est\u00e1 dise\u00f1ado para proporcionar una instrucci\u00f3n personalizada de alto nivel que te ayude a alcanzar tus objetivos en windsurf, por muy avanzados que sean.<\/span><span data-ccp-props=\"{}\"> <\/span><\/p>\n<p><span data-contrast=\"auto\">Entrenamiento VIP con riders de talla mundial:<\/span><\/p>\n<ol>\n<li><strong>Dieter van der Eyken (Campe\u00f3n del Mundo de Freestyle de la PWA)<br \/><\/strong><span data-contrast=\"auto\">Dieter es conocido por su precisi\u00f3n y versatilidad tanto en las disciplinas de estilo libre como en la de olas. Sus sesiones de entrenamiento se centran en perfeccionar t\u00e9cnicas avanzadas, incluidos movimientos complejos de freestyle, navegaci\u00f3n en olas y mejora de tu rendimiento general en condiciones variables. <\/span><\/li>\n<li><span data-contrast=\"auto\"><strong> Nikodem Merlak (Competidor de Windsurf de la PWA)<\/strong> <br \/><\/span><span data-contrast=\"auto\">Nikodem aporta a\u00f1os de experiencia en competiciones de alto nivel y est\u00e1 especialmente capacitado para guiar a windsurfistas avanzados por los entresijos de la navegaci\u00f3n en olas y los saltos. Tanto si quieres dominar los a\u00e9reos, los front-loops o push-loops, el experto entrenamiento de Nikodem llevar\u00e1 tus habilidades a nuevas cotas. <\/span><\/li>\n<li><span data-contrast=\"auto\"><strong>Tim van Dam (Rider de Olas de la PWA)<br \/><\/strong><\/span><span data-contrast=\"auto\">Tim est\u00e1 especializado en navegaci\u00f3n en olas y t\u00e9cnicas de windsurf de alto rendimiento. Sus sesiones VIP est\u00e1n dise\u00f1adas para windsurfistas expertos que quieren mejorar el control de las olas, maniobras avanzadas como los back-loops, y mucho m\u00e1s. El entrenamiento de Tim se centra en superar tus l\u00edmites al tiempo que garantiza la t\u00e9cnica y la precisi\u00f3n.  <\/span>  <\/li>\n<\/ol>\n<p><span data-contrast=\"auto\"><br \/><strong>Lo que obtienes con el Coaching VIP:<\/strong><\/span><span data-ccp-props=\"{}\"> <\/span><\/p>\n<ul>\n<li><span data-contrast=\"auto\"><strong>Planes de entrenamiento a medida<\/strong>: Cada sesi\u00f3n se personaliza en funci\u00f3n de tu nivel de habilidad y tus objetivos personales, garantizando que cada minuto de entrenamiento se centre en ayudarte a progresar.<\/span><\/li>\n<li><span data-contrast=\"auto\"><strong>Entrenamiento en maniobras avanzadas<\/strong>: Tanto si se trata de surfear olas, a\u00e9reos, trucos de estilo libre o t\u00e9cnicas de slalom de alta velocidad, recibir\u00e1s instrucci\u00f3n experta en los aspectos m\u00e1s avanzados del windsurf.<\/span><\/li>\n<li><span data-contrast=\"auto\"><strong>An\u00e1lisis de v\u00eddeo:<\/strong> Las sesiones suelen incluir comentarios en v\u00eddeo, lo que te permite analizar tu forma y t\u00e9cnica en detalle y recibir informaci\u00f3n pr\u00e1ctica sobre c\u00f3mo mejorar.<\/span><\/li>\n<li><span data-contrast=\"auto\"><strong>Entrenamiento individual<\/strong>: Disfruta de la atenci\u00f3n personalizada de los profesionales, que te ayudar\u00e1n a perfeccionar todos los aspectos de tu rendimiento en el agua.<\/span><span data-ccp-props=\"{}\"> <\/span><\/li>\n<\/ul>\n<p><strong><br \/>Reserva tu sesi\u00f3n VIP:<\/strong><span data-ccp-props=\"{}\"> <\/span><\/p>\n<p><span data-contrast=\"auto\">Estas sesiones de entrenamiento VIP son ideales para windsurfistas avanzados que desean acelerar su progreso con la orientaci\u00f3n directa de los mejores profesionales. S\u00f3lo tienes que ponerte en contacto con nosotros para programar tu sesi\u00f3n individual con Dieter, Nikodem o Tim, y disfrutar de un entrenamiento de primera clase adaptado a tus necesidades. <\/span><\/p>\n<p><strong>Clases de Windsurf con expertos en Duotone Pro Center Tenerife<\/strong><span data-ccp-props=\"{}\"> <\/span><\/p>\n<p><span data-contrast=\"auto\">Para los que buscan clases particulares o en grupo de nivel experto, <a href=\"https:\/\/www.dpc-tenerife.com\" target=\"_blank\" rel=\"noopener\"><strong>Duotone Pro Center Tenerife<\/strong><\/a>socio de TWS, es famoso por ofrecer <strong>clases de windsurf de alto nivel<\/strong> adaptadas a windsurfistas avanzados. Con <strong>instructores multiling\u00fces<\/strong> especializados en la ense\u00f1anza al m\u00e1s alto nivel, estas clases son perfectas para los windsurfistas que buscan superar sus l\u00edmites. <\/span><\/p>\n<p><strong>Qu\u00e9 incluyen las lecciones de experto de Duotone Pro Center:<\/strong><\/p>\n<ol>\n<li><span data-contrast=\"auto\"><strong>T\u00e9cnicas avanzadas<\/strong>: Tanto si quieres perfeccionar tu navegaci\u00f3n en olas, mejorar tus trucos de estilo libre o desarrollar habilidades de slalom de alta velocidad, los instructores de Duotone Pro Center pueden ayudarte a dominar las maniobras avanzadas. Las t\u00e9cnicas que se cubren incluyen: <\/span><\/li>\n<\/ol>\n<ul>\n<li><span data-contrast=\"auto\"><strong>Front loops y Back loops<\/strong><\/span><\/li>\n<li><span data-contrast=\"auto\"><strong>Push Loops y Table Tops<\/strong><\/span><\/li>\n<li><span data-contrast=\"auto\"><strong>Surfear olas con control avanzado<\/strong><\/span><\/li>\n<li><span data-contrast=\"auto\"><strong>Movimientos de Estilo Libre como Spocks, Flakas y Air Funnels<\/strong><\/span><\/li>\n<li><span data-contrast=\"auto\"><strong>Velocidad y potencia en saltos y giros<\/strong><\/span><span data-ccp-props=\"{}\"> <\/span><\/li>\n<\/ul>\n<p><span data-ccp-props=\"{}\"> <\/span><\/p>\n<ol start=\"2\">\n<li><span data-contrast=\"auto\"><strong>Equipo de primer nivel<\/strong>: Tendr\u00e1s acceso a lo \u00faltimo en material de <strong>Duotone<\/strong> y <strong>Fanatic<\/strong>, lo que garantiza que estar\u00e1s equipado con las mejores tablas y velas para un windsurf de alto rendimiento.<\/span><\/li>\n<\/ol>\n<ol start=\"3\">\n<li><span data-contrast=\"auto\"><strong>Instrucci\u00f3n multiling\u00fce<\/strong>: El equipo habla varios idiomas, como ingl\u00e9s, espa\u00f1ol y alem\u00e1n, entre otros, lo que garantiza que puedas comunicarte con claridad y sacar el m\u00e1ximo partido a tus clases seas de donde seas.<\/span><\/li>\n<\/ol>\n<ol start=\"4\">\n<li><span data-contrast=\"auto\"><strong>Videoan\u00e1lisis<\/strong>: Para aquellos que deseen una visi\u00f3n m\u00e1s profunda de su rendimiento en windsurf, Duotone Pro Center tambi\u00e9n ofrece **an\u00e1lisis de v\u00eddeo** para ayudarte a visualizar y mejorar tus t\u00e9cnicas.<\/span><\/li>\n<\/ol>\n<ol start=\"5\">\n<li><span data-contrast=\"auto\"><strong>Clases flexibles<\/strong>: Elige entre **clases privadas de expertos** para una atenci\u00f3n m\u00e1s individualizada o \u00fanete a sesiones de grupo avanzadas para mejorar tus habilidades junto a otros windsurfistas experimentados.<\/span><\/li>\n<\/ol>\n<p><span data-contrast=\"auto\"><br \/><strong>Por qu\u00e9 elegir Duotone Pro Center para clases de experto<\/strong>:<\/span><span data-ccp-props=\"{}\"> <\/span><\/p>\n<ul>\n<li><span data-contrast=\"auto\"><strong>Condiciones de clase mundial<\/strong>: El M\u00e9dano ofrece unas condiciones de viento y olas ideales para la pr\u00e1ctica avanzada del windsurf, lo que lo convierte en el lugar perfecto para superar tus l\u00edmites.<\/span><\/li>\n<li><span data-contrast=\"auto\"><strong>Instructores experimentados<\/strong>: Los instructores del Duotone Pro Center tienen una amplia experiencia en la ense\u00f1anza de t\u00e9cnicas avanzadas y han trabajado con riders de todos los niveles, incluidos los profesionales.<\/span><\/li>\n<li><span data-contrast=\"auto\"><strong>Equipamiento de \u00faltima generaci\u00f3n<\/strong>: Monta las mejores tablas y velas disponibles para un windsurf de nivel experto.<\/span><span data-ccp-props=\"{}\"> <\/span><\/li>\n<\/ul>\n<p><span data-ccp-props=\"{}\"> <\/span><\/p>\n<p><span data-contrast=\"auto\"><strong>Reserva tus clases de experto<\/strong>:<\/span><span data-ccp-props=\"{}\"> <\/span><\/p>\n<p><span data-contrast=\"auto\">Para reservar tus clases de windsurf experto, s\u00f3lo tienes que visitar el <a href=\"https:\/\/www.dpc-tenerife.com\/book-now\" target=\"_blank\" rel=\"noopener\"><strong>Duotone Pro Center Tenerife<\/strong><\/a> o <a href=\"https:\/\/twstest.072design.site\/es\/contacta-con-nosotros\/\">ponte en contacto con nosotros<\/a>. Tanto si prefieres la atenci\u00f3n centrada del entrenamiento VIP con los profesionales como las clases en grupo de alto nivel en Duotone, encontrar\u00e1s todo lo que necesitas para llevar tus habilidades de windsurf al siguiente nivel. <\/span><\/p>\n<p><span data-contrast=\"auto\">\u00a1Supera tus l\u00edmites, aprende de los mejores y domina t\u00e9cnicas avanzadas de windsurf con las opciones de entrenamiento experto disponibles en TWS y Duotone Pro Center Tenerife!<\/span><\/p>\n\t\t\t\t\t\t\t\t<\/div>\n\t\t\t\t<\/div>\n\t\t\t\t<div class=\"elementor-element elementor-element-3e96aca elementor-widget elementor-widget-text-editor\" data-id=\"3e96aca\" data-element_type=\"widget\" data-widget_type=\"text-editor.default\">\n\t\t\t\t<div class=\"elementor-widget-container\">\n\t\t\t\t\t\t\t\t\t<p><b><a href=\"#newsletter\">Deja tu direcci\u00f3n de correo electr\u00f3nico<\/a> para recibir alertas de nuevos cursos y clases.<\/b><\/p>\n\t\t\t\t\t\t\t\t<\/div>\n\t\t\t\t<\/div>\n\t\t\t\t\t<\/div>\n\t\t<\/div>\n\t\t\t\t\t<\/div>\n\t\t<\/section>\n\t\t\t\t<section data-particle_enable=\"false\" data-particle-mobile-disabled=\"false\" class=\"elementor-section elementor-top-section elementor-element elementor-element-e8c0cde elementor-section-boxed elementor-section-height-default elementor-section-height-default\" data-id=\"e8c0cde\" data-element_type=\"section\" data-settings=\"{&quot;jet_parallax_layout_list&quot;:[]}\">\n\t\t\t\t\t\t<div class=\"elementor-container elementor-column-gap-default\">\n\t\t\t\t\t<div class=\"elementor-column elementor-col-100 elementor-top-column elementor-element elementor-element-19edef0\" data-id=\"19edef0\" data-element_type=\"column\">\n\t\t\t<div class=\"elementor-widget-wrap elementor-element-populated\">\n\t\t\t\t\t\t<div class=\"elementor-element elementor-element-9664054 elementor-widget elementor-widget-html\" data-id=\"9664054\" data-element_type=\"widget\" data-widget_type=\"html.default\">\n\t\t\t\t<div class=\"elementor-widget-container\">\n\t\t\t\t\t<script type=\"text\/javascript\" src=\"https:\/\/twswindsurf.vikingbookings.com\/en\/widget.js\"><\/script>\t\t\t\t<\/div>\n\t\t\t\t<\/div>\n\t\t\t\t\t<\/div>\n\t\t<\/div>\n\t\t\t\t\t<\/div>\n\t\t<\/section>\n\t\t\t\t<section data-particle_enable=\"false\" data-particle-mobile-disabled=\"false\" class=\"elementor-section elementor-top-section elementor-element elementor-element-2092f5d3 elementor-section-full_width elementor-section-height-min-height elementor-section-height-default elementor-section-items-middle\" data-id=\"2092f5d3\" data-element_type=\"section\" data-settings=\"{&quot;jet_parallax_layout_list&quot;:[],&quot;background_background&quot;:&quot;video&quot;,&quot;background_video_link&quot;:&quot;https:\\\/\\\/player.vimeo.com\\\/video\\\/410311947?muted=1&amp;autoplay=1&amp;loop=1&amp;background=1&amp;app_id=122963&quot;}\">\n\t\t\t\t\t\t\t\t<div class=\"elementor-background-video-container elementor-hidden-mobile\" aria-hidden=\"true\">\n\t\t\t\t\t\t\t\t\t\t\t\t\t<div class=\"elementor-background-video-embed\"><\/div>\n\t\t\t\t\t\t\t\t\t\t\t\t<\/div>\n\t\t\t\t\t\t\t\t<div class=\"elementor-container elementor-column-gap-no\">\n\t\t\t\t\t<div class=\"elementor-column elementor-col-100 elementor-top-column elementor-element elementor-element-10fc13\" data-id=\"10fc13\" data-element_type=\"column\">\n\t\t\t<div class=\"elementor-widget-wrap\">\n\t\t\t\t\t\t\t<\/div>\n\t\t<\/div>\n\t\t\t\t\t<\/div>\n\t\t<\/section>\n\t\t\t\t<\/div>\n\t\t","protected":false},"excerpt":{"rendered":"<p>Clases de Windsurf de Progresi\u00f3n, Avanzado y Experto con Coaching VIP en TWS Para los windsurfistas que buscan afinar sus habilidades o dominar maniobras avanzadas, Tenerife Windsurf Solution te ofrece unas sesiones de entrenamiento VIP exclusivas con algunos de los mejores windsurfistas profesionales del mundo. Nuestro programa de entrenamiento VIP est\u00e1 dise\u00f1ado para proporcionar una [&hellip;]<\/p>\n","protected":false},"author":2,"featured_media":0,"parent":0,"menu_order":0,"comment_status":"closed","ping_status":"closed","template":"elementor_header_footer","meta":{"footnotes":""},"class_list":["post-8769","page","type-page","status-publish","hentry"],"_links":{"self":[{"href":"https:\/\/twstest.072design.site\/es\/wp-json\/wp\/v2\/pages\/8769","targetHints":{"allow":["GET"]}}],"collection":[{"href":"https:\/\/twstest.072design.site\/es\/wp-json\/wp\/v2\/pages"}],"about":[{"href":"https:\/\/twstest.072design.site\/es\/wp-json\/wp\/v2\/types\/page"}],"author":[{"embeddable":true,"href":"https:\/\/twstest.072design.site\/es\/wp-json\/wp\/v2\/users\/2"}],"replies":[{"embeddable":true,"href":"https:\/\/twstest.072design.site\/es\/wp-json\/wp\/v2\/comments?post=8769"}],"version-history":[{"count":0,"href":"https:\/\/twstest.072design.site\/es\/wp-json\/wp\/v2\/pages\/8769\/revisions"}],"wp:attachment":[{"href":"https:\/\/twstest.072design.site\/es\/wp-json\/wp\/v2\/media?parent=8769"}],"curies":[{"name":"wp","href":"https:\/\/api.w.org\/{rel}","templated":true}]}}