{"id":10197,"date":"2024-09-27T13:26:29","date_gmt":"2024-09-27T13:26:29","guid":{"rendered":"https:\/\/twstest.072design.site\/cours-de-freeride-de-freerace-et-de-slalom\/"},"modified":"2024-10-20T11:56:50","modified_gmt":"2024-10-20T11:56:50","slug":"cours-de-freeride-de-freerace-et-de-slalom","status":"publish","type":"page","link":"https:\/\/twstest.072design.site\/fr\/cours-de-freeride-de-freerace-et-de-slalom\/","title":{"rendered":"Cours de freeride, de freerace et de slalom"},"content":{"rendered":"\t\t<div data-elementor-type=\"wp-page\" data-elementor-id=\"10197\" class=\"elementor elementor-10197 elementor-2283\" data-elementor-post-type=\"page\">\n\t\t\t\t\t\t<section data-particle_enable=\"false\" data-particle-mobile-disabled=\"false\" class=\"elementor-section elementor-top-section elementor-element elementor-element-77274fe0 elementor-section-height-min-height elementor-section-boxed elementor-section-height-default elementor-section-items-middle\" data-id=\"77274fe0\" data-element_type=\"section\" data-settings=\"{&quot;jet_parallax_layout_list&quot;:[],&quot;background_background&quot;:&quot;video&quot;,&quot;background_video_link&quot;:&quot;https:\\\/\\\/player.vimeo.com\\\/video\\\/1013445559&quot;}\">\n\t\t\t\t\t\t\t\t<div class=\"elementor-background-video-container elementor-hidden-mobile\" aria-hidden=\"true\">\n\t\t\t\t\t\t\t\t\t\t\t\t\t<div class=\"elementor-background-video-embed\"><\/div>\n\t\t\t\t\t\t\t\t\t\t\t\t<\/div>\n\t\t\t\t\t\t\t\t\t<div class=\"elementor-background-overlay\"><\/div>\n\t\t\t\t\t\t\t<div class=\"elementor-container elementor-column-gap-no\">\n\t\t\t\t\t<div class=\"elementor-column elementor-col-100 elementor-top-column elementor-element elementor-element-7186961c\" data-id=\"7186961c\" data-element_type=\"column\">\n\t\t\t<div class=\"elementor-widget-wrap elementor-element-populated\">\n\t\t\t\t\t\t<div class=\"elementor-element elementor-element-6e81d618 elementor-widget elementor-widget-heading\" data-id=\"6e81d618\" data-element_type=\"widget\" data-widget_type=\"heading.default\">\n\t\t\t\t<div class=\"elementor-widget-container\">\n\t\t\t\t\t<h2 class=\"elementor-heading-title elementor-size-default\">Cours de freeride, de freerace et de slalom \u00e0 TWS<\/h2>\t\t\t\t<\/div>\n\t\t\t\t<\/div>\n\t\t\t\t\t<\/div>\n\t\t<\/div>\n\t\t\t\t\t<\/div>\n\t\t<\/section>\n\t\t\t\t<section data-particle_enable=\"false\" data-particle-mobile-disabled=\"false\" class=\"elementor-section elementor-top-section elementor-element elementor-element-6b74dd40 elementor-section-boxed elementor-section-height-default elementor-section-height-default\" data-id=\"6b74dd40\" data-element_type=\"section\" data-settings=\"{&quot;jet_parallax_layout_list&quot;:[]}\">\n\t\t\t\t\t\t<div class=\"elementor-container elementor-column-gap-default\">\n\t\t\t\t\t<div class=\"elementor-column elementor-col-50 elementor-top-column elementor-element elementor-element-59bb3f70\" data-id=\"59bb3f70\" data-element_type=\"column\" data-settings=\"{&quot;background_background&quot;:&quot;classic&quot;}\">\n\t\t\t<div class=\"elementor-widget-wrap elementor-element-populated\">\n\t\t\t\t\t\t<div class=\"elementor-element elementor-element-a0f83f7 elementor-widget elementor-widget-image\" data-id=\"a0f83f7\" data-element_type=\"widget\" data-widget_type=\"image.default\">\n\t\t\t\t<div class=\"elementor-widget-container\">\n\t\t\t\t\t\t\t\t\t\t\t\t\t\t\t<img fetchpriority=\"high\" decoding=\"async\" width=\"800\" height=\"800\" src=\"https:\/\/twstest.072design.site\/wp-content\/uploads\/2024\/09\/3-1024x1024.jpg.webp\" class=\"attachment-large size-large wp-image-1578\" alt=\"\" srcset=\"https:\/\/twstest.072design.site\/wp-content\/uploads\/2024\/09\/3-1024x1024.jpg.webp 1024w, https:\/\/twstest.072design.site\/wp-content\/uploads\/2024\/09\/3-1024x1024.jpg-300x300.webp 300w, https:\/\/twstest.072design.site\/wp-content\/uploads\/2024\/09\/3-1024x1024.jpg-150x150.webp 150w, https:\/\/twstest.072design.site\/wp-content\/uploads\/2024\/09\/3-1024x1024.jpg-768x768.webp 768w, https:\/\/twstest.072design.site\/wp-content\/uploads\/2024\/09\/3-1024x1024.jpg-600x600.webp 600w, https:\/\/twstest.072design.site\/wp-content\/uploads\/2024\/09\/3-1024x1024.jpg-100x100.webp 100w\" sizes=\"(max-width: 800px) 100vw, 800px\" \/>\t\t\t\t\t\t\t\t\t\t\t\t\t\t\t<\/div>\n\t\t\t\t<\/div>\n\t\t\t\t<div class=\"elementor-element elementor-element-3df718c elementor-widget elementor-widget-image\" data-id=\"3df718c\" data-element_type=\"widget\" data-widget_type=\"image.default\">\n\t\t\t\t<div class=\"elementor-widget-container\">\n\t\t\t\t\t\t\t\t\t\t\t\t\t\t\t<img decoding=\"async\" width=\"800\" height=\"800\" src=\"https:\/\/twstest.072design.site\/wp-content\/uploads\/2024\/09\/freeride5.jpg\" class=\"attachment-large size-large wp-image-1628\" alt=\"\" srcset=\"https:\/\/twstest.072design.site\/wp-content\/uploads\/2024\/09\/freeride5.jpg 1024w, https:\/\/twstest.072design.site\/wp-content\/uploads\/2024\/09\/freeride5-300x300.jpg 300w, https:\/\/twstest.072design.site\/wp-content\/uploads\/2024\/09\/freeride5-150x150.jpg 150w, https:\/\/twstest.072design.site\/wp-content\/uploads\/2024\/09\/freeride5-768x768.jpg 768w, https:\/\/twstest.072design.site\/wp-content\/uploads\/2024\/09\/freeride5-600x600.jpg 600w, https:\/\/twstest.072design.site\/wp-content\/uploads\/2024\/09\/freeride5-100x100.jpg 100w\" sizes=\"(max-width: 800px) 100vw, 800px\" \/>\t\t\t\t\t\t\t\t\t\t\t\t\t\t\t<\/div>\n\t\t\t\t<\/div>\n\t\t\t\t<div class=\"elementor-element elementor-element-2b215b5 elementor-widget elementor-widget-image\" data-id=\"2b215b5\" data-element_type=\"widget\" data-widget_type=\"image.default\">\n\t\t\t\t<div class=\"elementor-widget-container\">\n\t\t\t\t\t\t\t\t\t\t\t\t\t\t\t<img decoding=\"async\" width=\"800\" height=\"800\" src=\"https:\/\/twstest.072design.site\/wp-content\/uploads\/2024\/09\/freeride1.jpg\" class=\"attachment-large size-large wp-image-1621\" alt=\"\" srcset=\"https:\/\/twstest.072design.site\/wp-content\/uploads\/2024\/09\/freeride1.jpg 1024w, https:\/\/twstest.072design.site\/wp-content\/uploads\/2024\/09\/freeride1-300x300.jpg 300w, https:\/\/twstest.072design.site\/wp-content\/uploads\/2024\/09\/freeride1-150x150.jpg 150w, https:\/\/twstest.072design.site\/wp-content\/uploads\/2024\/09\/freeride1-768x768.jpg 768w, https:\/\/twstest.072design.site\/wp-content\/uploads\/2024\/09\/freeride1-600x600.jpg 600w, https:\/\/twstest.072design.site\/wp-content\/uploads\/2024\/09\/freeride1-100x100.jpg 100w\" sizes=\"(max-width: 800px) 100vw, 800px\" \/>\t\t\t\t\t\t\t\t\t\t\t\t\t\t\t<\/div>\n\t\t\t\t<\/div>\n\t\t\t\t\t<\/div>\n\t\t<\/div>\n\t\t\t\t<div class=\"elementor-column elementor-col-50 elementor-top-column elementor-element elementor-element-7a2e51d\" data-id=\"7a2e51d\" data-element_type=\"column\" data-settings=\"{&quot;background_background&quot;:&quot;classic&quot;}\">\n\t\t\t<div class=\"elementor-widget-wrap elementor-element-populated\">\n\t\t\t\t\t\t<div class=\"elementor-element elementor-element-21c287c elementor-widget elementor-widget-heading\" data-id=\"21c287c\" data-element_type=\"widget\" data-widget_type=\"heading.default\">\n\t\t\t\t<div class=\"elementor-widget-container\">\n\t\t\t\t\t<h2 class=\"elementor-heading-title elementor-size-default\">Instruction d\u00b4experts pour les windsurfeurs<\/h2>\t\t\t\t<\/div>\n\t\t\t\t<\/div>\n\t\t\t\t<div class=\"elementor-element elementor-element-8b57a4b elementor-widget elementor-widget-heading\" data-id=\"8b57a4b\" data-element_type=\"widget\" data-widget_type=\"heading.default\">\n\t\t\t\t<div class=\"elementor-widget-container\">\n\t\t\t\t\t<h2 class=\"elementor-heading-title elementor-size-default\">L'occasion id\u00e9ale pour faire passer vos comp\u00e9tences de windsurf niveau sup\u00e9rieur.<\/h2>\t\t\t\t<\/div>\n\t\t\t\t<\/div>\n\t\t\t\t<div class=\"elementor-element elementor-element-230533c elementor-widget elementor-widget-text-editor\" data-id=\"230533c\" data-element_type=\"widget\" data-widget_type=\"text-editor.default\">\n\t\t\t\t<div class=\"elementor-widget-container\">\n\t\t\t\t\t\t\t\t\t<p><span data-contrast=\"auto\">Tenerife Windsurf Solution (TWS) et chez notre partenaire <strong>Duotone Pro Center Tenerife<\/strong>, nous offrons une instruction d\u00b4experts aux windsurfeurs qui cherchent \u00e0 ma\u00eetriser les techniques de <strong>freeride<\/strong>, du <strong>freerace<\/strong> et du <strong>slalom<\/strong>.<\/span><\/p>\n<p><span data-contrast=\"auto\">Que vous cherchiez \u00e0 planner sans effort sur l&rsquo;eau, \u00e0 am\u00e9liorer votre vitesse ou \u00e0 affiner vos comp\u00e9tences de course, nos le\u00e7ons et nos cliniques sont l&rsquo;occasion id\u00e9ale de faire passer vos comp\u00e9tences de windsurf au niveau sup\u00e9rieur.<\/span><span data-ccp-props=\"{}\"> <\/span><span data-ccp-props=\"{}\"> <\/span><\/p>\n<p><span data-contrast=\"auto\"><strong>Options de le\u00e7ons de Freeride, Freerace et Slalom :<\/strong><\/span><\/p>\n<p><strong>Cours de freeride et de freerace<\/strong>: <span data-contrast=\"auto\">Pour ceux qui veulent profiter des sensations de la navigation \u00e0 grande vitesse tout en gardant le contr\u00f4le, les le\u00e7ons de <strong>freeride<\/strong> et de <strong>freerace<\/strong> se concentrent sur le renforcement de la technique, l&rsquo;am\u00e9lioration de la vitesse et le d\u00e9veloppement de man\u0153uvres en douceur.<\/span><\/p>\n<p><span data-contrast=\"auto\"><strong>Ce qui est inclus<\/strong>:<\/span><\/p>\n<ul>\n<li><span data-contrast=\"auto\">Am\u00e9liorez votre vitesse et votre acc\u00e9l\u00e9ration de la planche<\/span><\/li>\n<li><span data-contrast=\"auto\">Apprenez \u00e0 contr\u00f4ler votre position pour une efficacit\u00e9 maximale.<\/span><\/li>\n<li><span data-contrast=\"auto\">Techniques pour partir et rester au planning.<\/span><\/li>\n<li><span data-contrast=\"auto\">Ma\u00eetriser l&rsquo;utilisation des footstraps et du harnais pour plus de rapidit\u00e9 et de confort.<\/span><\/li>\n<li><span data-contrast=\"auto\">Introduction aux empannages et aux virements de bord pour des transitions plus douces.<\/span><span data-ccp-props=\"{}\"> <\/span><\/li>\n<\/ul>\n<p><span data-contrast=\"auto\"><strong><br \/>Equipement<\/strong><\/span><\/p>\n<p><span data-contrast=\"auto\">Vous aurez acc\u00e8s aux derniers \u00e9quipements de freeride et de freerace des plus grandes marques comme Duotone, JP\/ Neil Pryde et bien d&rsquo;autres, ce qui vous permettra d&rsquo;avoir le meilleur \u00e9quipement pour naviguer \u00e0 grande vitesse<\/span><\/p>\n<p><span data-contrast=\"auto\"><strong>Cours de slalom<\/strong>: <\/span><span data-contrast=\"auto\">Le slalom est une question de vitesse et de pr\u00e9cision, et nos le\u00e7ons visent \u00e0 am\u00e9liorer vos performances en course en affinant le contr\u00f4le de la planche, du timing et des man\u0153uvres avanc\u00e9es. Gr\u00e2ce aux conseils d&rsquo;instructeurs chevronn\u00e9s, vous apprendrez \u00e0 naviguer sur des parcours de slalom et \u00e0 ma\u00eetriser les virages \u00e0 grande vitesse. <\/span><span data-ccp-props=\"{}\"> <\/span><\/p>\n<p><span data-contrast=\"auto\"><strong>Ce qui est inclus<\/strong>:<\/span><span data-ccp-props=\"{}\"> <\/span><\/p>\n<ul>\n<li><span data-contrast=\"auto\">Techniques avanc\u00e9es d&#8217;empannage, y compris les empannages au planning.<\/span><\/li>\n<li><span data-contrast=\"auto\">Les d\u00e9parts de course et l&rsquo;am\u00e9lioration de votre acc\u00e9l\u00e9ration au d\u00e9part de la ligne.<\/span><\/li>\n<li><span data-contrast=\"auto\">Contr\u00f4ler la vitesse dans diff\u00e9rentes conditions<\/span><\/li>\n<li><span data-contrast=\"auto\">Am\u00e9liorer votre position pour plus de stabilit\u00e9 et de puissance dans les virages.<\/span><\/li>\n<li><span data-contrast=\"auto\">Strat\u00e9gies pour aborder les parcours de slalom en toute confiance.<\/span><span data-ccp-props=\"{}\"> <\/span><\/li>\n<\/ul>\n<p><span data-contrast=\"auto\"><strong><br \/>Equipment<\/strong>:<\/span><\/p>\n<p><span data-contrast=\"auto\">Les planches et les voiles de slalom JP\/ Neil Pryde et Duotone con\u00e7ues pour un contr\u00f4le \u00e0 grande vitesse sont disponibles, vous donnant les outils dont vous avez besoin pour atteindre de nouveaux niveaux.<\/span><span data-ccp-props=\"{}\"> <\/span><\/p>\n<p><strong>Entra\u00eenement d\u00b4expert avec des pros du slalom<\/strong><span data-ccp-props=\"{}\"> <\/span><\/p>\n<p><span data-contrast=\"auto\">TWS accueille r\u00e9guli\u00e8rement des stages de slalom dirig\u00e9s par des pros de renomm\u00e9e mondiale, offrant ainsi une occasion unique de s&rsquo;entra\u00eener avec certains des meilleurs dans ce sport. Ces stages sont con\u00e7us pour les windsurfeurs de niveau interm\u00e9diaire ou avanc\u00e9 qui souhaitent affiner leurs comp\u00e9tences en slalom et leurs tactiques de course sous la houlette de coureurs professionnels. <\/span><\/p>\n<p><span data-contrast=\"auto\">Rejoignez les cliniques de slalom avec des pros comme :<\/span><span data-ccp-props=\"{}\"> <\/span><\/p>\n<ol>\n<li><span data-contrast=\"auto\"> <a href=\"https:\/\/twstest.072design.site\/nl\/jordy-vonk\/\"><strong> Jordy Vonk<\/strong> <\/a>(coureur de slalom PWA)<br \/><\/span><span data-contrast=\"auto\">Apprenez de l&rsquo;un des slalomeurs les plus rapides du circuit PWA. Jordy vous guidera dans tes strat\u00e9gies de course, peaufinera tes empannages et t&rsquo;aidera \u00e0 optimiser votre vitesse pour naviguer en slalom de fa\u00e7on comp\u00e9titive. <\/span><span data-ccp-props=\"{}\"> <\/span><\/li>\n<\/ol>\n<ol start=\"2\">\n<li><span data-contrast=\"auto\"> <a href=\"https:\/\/twstest.072design.site\/fr\/antoine-albeau\/\"><strong> Antoine Albeau<\/strong><\/a> (multiple champion du monde PWA)<br \/><\/span><span data-contrast=\"auto\">Avec des d\u00e9cennies d&rsquo;exp\u00e9rience et de multiples titres mondiaux, les cliniques d&rsquo;Antoine sont une immersion profonde dans les techniques qui ont fait de lui l&rsquo;un des plus grands slalomeurs de l&rsquo;histoire. Vous apprendrez \u00e0 g\u00e9rer les diff\u00e9rentes conditions, \u00e0 ma\u00eetriser les empannages \u00e0 grande vitesse et \u00e0 maximiser vos performances. <\/span><span data-ccp-props=\"{}\"> <\/span><\/li>\n<\/ol>\n<ol start=\"3\">\n<li><span data-contrast=\"auto\"> <a href=\"https:\/\/twstest.072design.site\/nl\/simon-bornhoft\/\"><strong> Simon Bornhoft<\/strong><\/a> (Fondateur de Windwise)<br \/><\/span><span data-contrast=\"auto\">Les cliniques de Simon sont reconnues pour leur approche structur\u00e9e, \u00e9tape par \u00e9tape, du d\u00e9veloppement des comp\u00e9tences en windsurf. Son coaching se concentre sur l&rsquo;am\u00e9lioration de la technique et les exercices pratiques pour affiner votre planing, votre empannage et votre efficacit\u00e9 g\u00e9n\u00e9rale sur la planche. <\/span><span data-ccp-props=\"{}\"> <\/span><\/li>\n<\/ol>\n<ol start=\"4\">\n<li><span data-contrast=\"auto\"> <a href=\"https:\/\/twstest.072design.site\/nl\/tom-brendt\/\"><strong> Tom Brendt<\/strong><\/a> (Entra\u00eeneur international de windsurf)<br \/><\/span><span data-contrast=\"auto\">Les cliniques de slalom de Tom mettent l&rsquo;accent sur la ma\u00eetrise des techniques avanc\u00e9es et sur l&rsquo;acquisition de la confiance en soi avec la vitesse. Tom vous aidera \u00e0 affiner vos empannages, \u00e0 am\u00e9liorer votre position et \u00e0 am\u00e9liorer vos performances g\u00e9n\u00e9rales dans les courses de slalom. <\/span><span data-ccp-props=\"{}\"> <\/span><\/li>\n<\/ol>\n<p><span data-contrast=\"auto\"><strong><br \/>\u00c0 quoi s&rsquo;attendre lors d&rsquo;un stage de slalom<\/strong>:<\/span><\/p>\n<ul>\n<li><span data-contrast=\"auto\"><strong>Coaching personnalis\u00e9<\/strong>: vous recevrez des conseils pratiques de la part de professionnels, chaque s\u00e9ance \u00e9tant adapt\u00e9e \u00e0 votre niveau de comp\u00e9tence et \u00e0 vos objectifs.<\/span><\/li>\n<li><span data-contrast=\"auto\"><strong>Analyse vid\u00e9o<\/strong>: Certaines cliniques offrent une r\u00e9troaction vid\u00e9o, ce qui vous permet de vous voiren action et d&rsquo;obtenir des conseils pr\u00e9cis pour vous am\u00e9liorer.<\/span><\/li>\n<li><span data-contrast=\"auto\"><strong>Entra\u00eenement de groupe<\/strong>: d\u00e9couvrez le plaisir de s&rsquo;entra\u00eener aux c\u00f4t\u00e9s d&rsquo;autres windsurfeurs, d&rsquo;apprendre des strat\u00e9gies de course et de s\u00b4entra\u00eener \u00e0 l&#8217;empannage dans un cadre comp\u00e9titif.<\/span><\/li>\n<li><span data-contrast=\"auto\"><strong>Technique<\/strong>: Les cliniques mettent l&rsquo;accent sur le perfectionnement de la technique, qu&rsquo;il s&rsquo;agisse de perfectionner l&#8217;empannage au planning ou de g\u00e9rer les man\u0153uvres \u00e0 grande vitesse.<\/span><span data-ccp-props=\"{}\"> <\/span><\/li>\n<\/ul>\n<p><strong><br \/>Ma\u00eetrisez enfin vos empannages ! <\/strong><\/p>\n<p><span data-contrast=\"auto\">L&rsquo;une des comp\u00e9tences les plus recherch\u00e9es en windsurf est la ma\u00eetrise de l&rsquo;<strong>empannage au planning<\/strong>. Que ce soit par le biais de le\u00e7ons au Duotone Pro Center ou de cliniques dirig\u00e9es par des professionnels, vous aurez la chance de vous concentrer sp\u00e9cifiquement sur cette man\u0153uvre. Gr\u00e2ce \u00e0 des instructions \u00e9tape par \u00e9tape et \u00e0 des exercices con\u00e7us pour am\u00e9liorer votre timing, le placement de vos pieds et le contr\u00f4le de votre voile, vous r\u00e9aliserez des empannages fluides et rapides en un rien de temps.  <\/span><span data-ccp-props=\"{}\"> <\/span><\/p>\n<p><span data-contrast=\"auto\"><strong>Pourquoi choisir TWS et Duotone Pro Center pour les cours de freeride, de freerace et de slalom<\/strong>?<\/span><span data-ccp-props=\"{}\"> <\/span><\/p>\n<p><span data-contrast=\"auto\"><strong>Un site de classe mondiale<\/strong>: El M\u00e9dano offre des conditions id\u00e9ales pour le freeride et le slalom, avec des vents fiables et un m\u00e9lange d&rsquo;eaux plates et agit\u00e9es parfaites pour la vitesse et la maniabilit\u00e9.<\/span><span data-ccp-props=\"{}\"> <\/span><\/p>\n<p><span data-contrast=\"auto\"><strong>Des instructeurs d\u00b4une grande expertise<\/strong>: Les instructeurs multilingues du Duotone Pro Center Tenerife et les pros de classe mondiale qui dirigent les stages TWS offrent une expertise in\u00e9gal\u00e9e en mati\u00e8re d&rsquo;entra\u00eenement.<\/span><span data-ccp-props=\"{}\"> <\/span><\/p>\n<p><span data-contrast=\"auto\"><strong>Mat\u00e9riel de pointe<\/strong>: Acc\u00e8dez aux derniers \u00e9quipements de freeride, de freerace et de slalom pour am\u00e9liorer vos performances et votre exp\u00e9rience.<\/span><\/p>\n<p><span data-contrast=\"auto\"><strong>Comment s&rsquo;inscrire<\/strong>?<\/span><span data-ccp-props=\"{}\"> <\/span><\/p>\n<p><span data-contrast=\"auto\"><strong>Le\u00e7ons de freeride et de slalom<\/strong>: R\u00e9servez vos le\u00e7ons priv\u00e9es ou en groupe aupr\u00e8s de <strong>TWS<\/strong> (formulaire de r\u00e9servation ci-dessous) ou <a href=\"https:\/\/www.dpc-tenerife.com\/book-now\" target=\"_blank\" rel=\"noopener\">du Duotone Pro Center Tenerife<\/a> pour b\u00e9n\u00e9ficier d&rsquo;un encadrement et de conseils d&rsquo;experts.<\/span><span data-ccp-props=\"{}\"> <\/span><\/p>\n<p><span data-contrast=\"auto\"><strong>Cliniques dirig\u00e9es par des professionnels<\/strong>: Gardez un \u0153il sur les <a href=\"#newsletter\">courriels d&rsquo;alerte de TWS<\/a> pour conna\u00eetre les prochains stages avec les meilleurs slalomeurs. Ces stages affichent souvent complet rapidement, il est donc recommand\u00e9 de r\u00e9server \u00e0 l&rsquo;avance. <\/span><span data-ccp-props=\"{}\"> <\/span><\/p>\n<p><strong>Commencez \u00e0 am\u00e9liorer vos comp\u00e9tences en freeride et en slalom d\u00e8s aujourd&rsquo;hui, et rejoingnez les rangs des pros du windsurf gr\u00e2ce \u00e0 l&rsquo;encadrement d&rsquo;experts et aux stages propos\u00e9s au TWS et au Duotone Pro Center Tenerife. <\/strong><\/p>\n\t\t\t\t\t\t\t\t<\/div>\n\t\t\t\t<\/div>\n\t\t\t\t<div class=\"elementor-element elementor-element-3e96aca elementor-widget elementor-widget-text-editor\" data-id=\"3e96aca\" data-element_type=\"widget\" data-widget_type=\"text-editor.default\">\n\t\t\t\t<div class=\"elementor-widget-container\">\n\t\t\t\t\t\t\t\t\t<p><b><a href=\"#newsletter\" data-wplink-edit=\"true\">Laissez votre adresse e-mail<\/a> pour recevoir des alertes pour les nouvelles cliniques et le\u00e7ons.<\/b><\/p>\n\t\t\t\t\t\t\t\t<\/div>\n\t\t\t\t<\/div>\n\t\t\t\t\t<\/div>\n\t\t<\/div>\n\t\t\t\t\t<\/div>\n\t\t<\/section>\n\t\t\t\t<section data-particle_enable=\"false\" data-particle-mobile-disabled=\"false\" class=\"elementor-section elementor-top-section elementor-element elementor-element-e8c0cde elementor-section-boxed elementor-section-height-default elementor-section-height-default\" data-id=\"e8c0cde\" data-element_type=\"section\" data-settings=\"{&quot;jet_parallax_layout_list&quot;:[]}\">\n\t\t\t\t\t\t<div class=\"elementor-container elementor-column-gap-default\">\n\t\t\t\t\t<div class=\"elementor-column elementor-col-100 elementor-top-column elementor-element elementor-element-19edef0\" data-id=\"19edef0\" data-element_type=\"column\">\n\t\t\t<div class=\"elementor-widget-wrap elementor-element-populated\">\n\t\t\t\t\t\t<div class=\"elementor-element elementor-element-9664054 elementor-widget elementor-widget-html\" data-id=\"9664054\" data-element_type=\"widget\" data-widget_type=\"html.default\">\n\t\t\t\t<div class=\"elementor-widget-container\">\n\t\t\t\t\t<script type=\"text\/javascript\" src=\"https:\/\/twswindsurf.vikingbookings.com\/en\/widget.js\"><\/script>\t\t\t\t<\/div>\n\t\t\t\t<\/div>\n\t\t\t\t\t<\/div>\n\t\t<\/div>\n\t\t\t\t\t<\/div>\n\t\t<\/section>\n\t\t\t\t<section data-particle_enable=\"false\" data-particle-mobile-disabled=\"false\" class=\"elementor-section elementor-top-section elementor-element elementor-element-2092f5d3 elementor-section-full_width elementor-section-height-min-height elementor-section-height-default elementor-section-items-middle\" data-id=\"2092f5d3\" data-element_type=\"section\" data-settings=\"{&quot;jet_parallax_layout_list&quot;:[],&quot;background_background&quot;:&quot;video&quot;,&quot;background_video_link&quot;:&quot;https:\\\/\\\/player.vimeo.com\\\/video\\\/410311947?muted=1&amp;autoplay=1&amp;loop=1&amp;background=1&amp;app_id=122963&quot;}\">\n\t\t\t\t\t\t\t\t<div class=\"elementor-background-video-container elementor-hidden-mobile\" aria-hidden=\"true\">\n\t\t\t\t\t\t\t\t\t\t\t\t\t<div class=\"elementor-background-video-embed\"><\/div>\n\t\t\t\t\t\t\t\t\t\t\t\t<\/div>\n\t\t\t\t\t\t\t\t<div class=\"elementor-container elementor-column-gap-no\">\n\t\t\t\t\t<div class=\"elementor-column elementor-col-100 elementor-top-column elementor-element elementor-element-10fc13\" data-id=\"10fc13\" data-element_type=\"column\">\n\t\t\t<div class=\"elementor-widget-wrap\">\n\t\t\t\t\t\t\t<\/div>\n\t\t<\/div>\n\t\t\t\t\t<\/div>\n\t\t<\/section>\n\t\t\t\t<\/div>\n\t\t","protected":false},"excerpt":{"rendered":"<p>Cours de freeride, de freerace et de slalom \u00e0 TWS Instruction d\u00b4experts pour les windsurfeurs L&rsquo;occasion id\u00e9ale pour faire passer vos comp\u00e9tences de windsurf niveau sup\u00e9rieur. Tenerife Windsurf Solution (TWS) et chez notre partenaire Duotone Pro Center Tenerife, nous offrons une instruction d\u00b4experts aux windsurfeurs qui cherchent \u00e0 ma\u00eetriser les techniques de freeride, du freerace [&hellip;]<\/p>\n","protected":false},"author":2,"featured_media":0,"parent":0,"menu_order":0,"comment_status":"closed","ping_status":"closed","template":"elementor_header_footer","meta":{"footnotes":""},"class_list":["post-10197","page","type-page","status-publish","hentry"],"_links":{"self":[{"href":"https:\/\/twstest.072design.site\/fr\/wp-json\/wp\/v2\/pages\/10197","targetHints":{"allow":["GET"]}}],"collection":[{"href":"https:\/\/twstest.072design.site\/fr\/wp-json\/wp\/v2\/pages"}],"about":[{"href":"https:\/\/twstest.072design.site\/fr\/wp-json\/wp\/v2\/types\/page"}],"author":[{"embeddable":true,"href":"https:\/\/twstest.072design.site\/fr\/wp-json\/wp\/v2\/users\/2"}],"replies":[{"embeddable":true,"href":"https:\/\/twstest.072design.site\/fr\/wp-json\/wp\/v2\/comments?post=10197"}],"version-history":[{"count":0,"href":"https:\/\/twstest.072design.site\/fr\/wp-json\/wp\/v2\/pages\/10197\/revisions"}],"wp:attachment":[{"href":"https:\/\/twstest.072design.site\/fr\/wp-json\/wp\/v2\/media?parent=10197"}],"curies":[{"name":"wp","href":"https:\/\/api.w.org\/{rel}","templated":true}]}}