{"id":11165,"date":"2024-09-29T11:23:50","date_gmt":"2024-09-29T10:23:50","guid":{"rendered":"https:\/\/twstest.072design.site\/je-voyage-seul\/"},"modified":"2024-11-06T14:52:27","modified_gmt":"2024-11-06T13:52:27","slug":"je-voyage-seul","status":"publish","type":"page","link":"https:\/\/twstest.072design.site\/fr\/je-voyage-seul\/","title":{"rendered":"Je voyage seul"},"content":{"rendered":"\t\t<div data-elementor-type=\"wp-page\" data-elementor-id=\"11165\" class=\"elementor elementor-11165 elementor-2654\" data-elementor-post-type=\"page\">\n\t\t\t\t\t\t<section data-particle_enable=\"false\" data-particle-mobile-disabled=\"false\" class=\"elementor-section elementor-top-section elementor-element elementor-element-40dcdbc6 elementor-section-height-min-height elementor-section-boxed elementor-section-height-default elementor-section-items-middle\" data-id=\"40dcdbc6\" data-element_type=\"section\" data-settings=\"{&quot;jet_parallax_layout_list&quot;:[],&quot;background_background&quot;:&quot;video&quot;,&quot;background_video_link&quot;:&quot;https:\\\/\\\/player.vimeo.com\\\/video\\\/1014277789&quot;}\">\n\t\t\t\t\t\t\t\t<div class=\"elementor-background-video-container elementor-hidden-mobile\" aria-hidden=\"true\">\n\t\t\t\t\t\t\t\t\t\t\t\t\t<div class=\"elementor-background-video-embed\"><\/div>\n\t\t\t\t\t\t\t\t\t\t\t\t<\/div>\n\t\t\t\t\t\t\t\t\t<div class=\"elementor-background-overlay\"><\/div>\n\t\t\t\t\t\t\t<div class=\"elementor-container elementor-column-gap-no\">\n\t\t\t\t\t<div class=\"elementor-column elementor-col-100 elementor-top-column elementor-element elementor-element-4d1d086f\" data-id=\"4d1d086f\" data-element_type=\"column\">\n\t\t\t<div class=\"elementor-widget-wrap elementor-element-populated\">\n\t\t\t\t\t\t<div class=\"elementor-element elementor-element-6c15e380 elementor-widget elementor-widget-heading\" data-id=\"6c15e380\" data-element_type=\"widget\" data-widget_type=\"heading.default\">\n\t\t\t\t<div class=\"elementor-widget-container\">\n\t\t\t\t\t<h2 class=\"elementor-heading-title elementor-size-default\">Les meilleures options pour voyager en solo<\/h2>\t\t\t\t<\/div>\n\t\t\t\t<\/div>\n\t\t\t\t\t<\/div>\n\t\t<\/div>\n\t\t\t\t\t<\/div>\n\t\t<\/section>\n\t\t\t\t<section data-particle_enable=\"false\" data-particle-mobile-disabled=\"false\" class=\"elementor-section elementor-top-section elementor-element elementor-element-7e39d98d elementor-section-boxed elementor-section-height-default elementor-section-height-default\" data-id=\"7e39d98d\" data-element_type=\"section\" data-settings=\"{&quot;jet_parallax_layout_list&quot;:[]}\">\n\t\t\t\t\t\t<div class=\"elementor-container elementor-column-gap-default\">\n\t\t\t\t\t<div class=\"elementor-column elementor-col-50 elementor-top-column elementor-element elementor-element-555e200f\" data-id=\"555e200f\" data-element_type=\"column\" data-settings=\"{&quot;background_background&quot;:&quot;classic&quot;}\">\n\t\t\t<div class=\"elementor-widget-wrap elementor-element-populated\">\n\t\t\t\t\t\t<div class=\"elementor-element elementor-element-8842481 elementor-widget elementor-widget-heading\" data-id=\"8842481\" data-element_type=\"widget\" data-widget_type=\"heading.default\">\n\t\t\t\t<div class=\"elementor-widget-container\">\n\t\t\t\t\t<h3 class=\"elementor-heading-title elementor-size-default\">Imaginez-vous en train de vous faire de nouveaux amis dans le monde entier.<\/h3>\t\t\t\t<\/div>\n\t\t\t\t<\/div>\n\t\t\t\t<div class=\"elementor-element elementor-element-d60b5da elementor-widget elementor-widget-heading\" data-id=\"d60b5da\" data-element_type=\"widget\" data-widget_type=\"heading.default\">\n\t\t\t\t<div class=\"elementor-widget-container\">\n\t\t\t\t\t<h3 class=\"elementor-heading-title elementor-size-default\">Voyager seul vers TWS \u00e0 El M\u00e9dano est facile et pratique, avec plusieurs options pour r\u00e9pondre \u00e0 vos pr\u00e9f\u00e9rences et \u00e0 votre budget.<\/h3>\t\t\t\t<\/div>\n\t\t\t\t<\/div>\n\t\t\t\t<div class=\"elementor-element elementor-element-7b43f48 elementor-widget elementor-widget-text-editor\" data-id=\"7b43f48\" data-element_type=\"widget\" data-widget_type=\"text-editor.default\">\n\t\t\t\t<div class=\"elementor-widget-container\">\n\t\t\t\t\t\t\t\t\t<p><span data-contrast=\"auto\">Voici comment vous pouvez faire en sorte que votre voyage en solo se d\u00e9roule sans encombre :<\/span><\/p>\n<p><span data-contrast=\"auto\"><strong>Par avion<\/strong><\/span><span data-ccp-props=\"{}\"><br><\/span><span data-contrast=\"auto\">Le moyen le plus efficace de se rendre \u00e0 El M\u00e9dano est de prendre l&rsquo;avion \u00e0 l&rsquo;<strong>a\u00e9roport sud de Tenerife (TFS)<\/strong>, qui se trouve \u00e0 10 minutes de route d&rsquo;El M\u00e9dano et de TWS. Cet a\u00e9roport est bien reli\u00e9 \u00e0 de nombreuses villes europ\u00e9ennes, avec des vols r\u00e9guliers assur\u00e9s \u00e0 la fois par des compagnies low cost et des grandes compagnies a\u00e9riennes. <\/span><\/p>\n<p><span data-contrast=\"auto\"><strong>&#8211;&gt; Conseil pour les voyageurs solos<\/strong>:<br>R\u00e9servez t\u00f4t pour b\u00e9n\u00e9ficier des meilleures offres, et pensez \u00e0 prendre un si\u00e8ge c\u00f4t\u00e9 hublot pour profiter d&rsquo;une vue \u00e0 couper le souffle sur le paysage de T\u00e9n\u00e9rife \u00e0 l&rsquo;atterrissage.<\/span><span data-ccp-props=\"{}\">&nbsp;<\/span><\/p>\n<p><span data-contrast=\"auto\"><strong>Transferts depuis l&rsquo;a\u00e9roport<\/strong><\/span><span data-ccp-props=\"{}\"><br><\/span><span data-contrast=\"auto\">Depuis l&rsquo;a\u00e9roport sud de Tenerife, l&rsquo;option la plus facile et la moins stressante pour les voyageurs solitaires est d&rsquo;organiser un <strong>transfert depuis l&rsquo;a\u00e9roport<\/strong>.<\/span><\/p>\n<p><span data-contrast=\"auto\">De nombreuses entreprises proposent des transferts partag\u00e9s ou priv\u00e9s qui vous emm\u00e8neront directement \u00e0 votre h\u00e9bergement \u00e0 El M\u00e9dano. Vous pouvez faire une pr\u00e9-r\u00e9servation en ligne ou trouver des options \u00e0 l&rsquo;a\u00e9roport. <\/span><\/p>\n<p><span data-contrast=\"auto\"><strong>&#8211;&gt; Conseil aux voyageurs solos<\/strong>:<br>Si vous pr\u00e9f\u00e8rez la commodit\u00e9 et le service porte \u00e0 porte, un transfert priv\u00e9 est id\u00e9al. Pour les voyageurs soucieux de leur budget, des navettes partag\u00e9es sont \u00e9galement disponibles. <\/span><\/p>\n<p><span data-contrast=\"auto\"><strong>Taxi<\/strong><\/span><span data-ccp-props=\"{}\"><br><\/span><span data-contrast=\"auto\">Les taxis sont facilement disponibles \u00e0 l&rsquo;a\u00e9roport de Tenerife Sud. Le trajet jusqu&rsquo;\u00e0 El M\u00e9dano dure environ 10 \u00e0 15 minutes, et le prix de la course est g\u00e9n\u00e9ralement compris entre 15 et 20 \u20ac. C&rsquo;est une option rapide et sans souci, surtout pour les voyageurs seuls avec du mat\u00e9riel.  <\/span><\/p>\n<p><span data-contrast=\"auto\"><strong>&#8211;&gt; Conseil aux voyageurs solo<\/strong>:<br>Si vous voyagez avec du mat\u00e9riel de windsurf, v\u00e9rifiez que le taxi a assez de place ou demandez \u00e0 l&rsquo;avance un v\u00e9hicule plus grand.<\/span><\/p>\n<p><span data-contrast=\"auto\"><strong>Bus public<\/strong><\/span><span data-ccp-props=\"{}\"><br><\/span><span data-contrast=\"auto\">Pour une option plus \u00e9conomique, vous pouvez prendre le <strong>bus public (TITSA)<\/strong>&nbsp;depuis l&rsquo;a\u00e9roport. La ligne 470 ou la ligne 111 vous conduira \u00e0 El M\u00e9dano en 30 minutes environ. Les bus sont fiables et fr\u00e9quents, mais vous devrez marcher un peu pour rejoindre votre logement ou le centre TWS apr\u00e8s votre arriv\u00e9e.  <\/span><\/p>\n<p><span data-contrast=\"auto\"><strong>&#8211;&gt; Conseil pour les solos<\/strong>:<br>Achetez une <strong>carte TEN+<\/strong>&nbsp;\u00e0 l&rsquo;a\u00e9roport pour acc\u00e9der facilement au syst\u00e8me de bus de T\u00e9n\u00e9rife et b\u00e9n\u00e9ficier de tarifs r\u00e9duits.<\/span><span data-ccp-props=\"{}\">&nbsp;<\/span><\/p>\n<p><span data-contrast=\"auto\"><strong>Location de voiture<\/strong><\/span><span data-ccp-props=\"{}\"><br><\/span><span data-contrast=\"auto\">Si vous pr\u00e9f\u00e8rez l&rsquo;ind\u00e9pendance et la flexibilit\u00e9, la location d&rsquo;une voiture est une excellente option, surtout si vous pr\u00e9voyez d&rsquo;explorer d&rsquo;autres parties de Tenerife pendant votre s\u00e9jour.<\/span><\/p>\n<p><span data-contrast=\"auto\">Plusieurs soci\u00e9t\u00e9s de location de voitures op\u00e8rent \u00e0 partir de l&rsquo;a\u00e9roport de Tenerife Sud, et le trajet jusqu&rsquo;\u00e0 El M\u00e9dano est simple, le long de l&rsquo;autoroute TF-1.<\/span><\/p>\n<p><span data-contrast=\"auto\"><strong>&#8211;&gt; Conseil pour les solos<\/strong>:<br>Assurez-vous de r\u00e9server une petite voiture si vous voyagez seul, car le stationnement \u00e0 El M\u00e9dano peut \u00eatre limit\u00e9, en particulier pr\u00e8s du front de mer.<\/span><\/p>\n<p><span data-contrast=\"auto\"><strong>H\u00e9bergement<\/strong><\/span><span data-ccp-props=\"{}\"><br><\/span><span data-contrast=\"auto\">Une fois \u00e0 El M\u00e9dano, vous trouverez de nombreuses options d&rsquo;h\u00e9bergement adapt\u00e9es aux aux voyageurs seuls, des auberges \u00e9conomiques aux appartements en bord de mer. Rester \u00e0 proximit\u00e9 du centre TWS permet d&rsquo;acc\u00e9der facilement \u00e0 vos s\u00e9ances quotidiennes de windsurf. <\/span><\/p>\n<p><span data-contrast=\"auto\"><strong>&#8211;&gt; Conseil pour les voyageurs solos<\/strong>:<br>Recherche des h\u00e9bergements avec des espaces communs ou des cuisines partag\u00e9es si vous souhaitez rencontrer d&rsquo;autres voyageurs solos et amateurs de sports nautiques pendant votre s\u00e9jour.<\/span><\/p>\n<p><span data-contrast=\"auto\"><strong>Se d\u00e9placer \u00e0 El M\u00e9dano<\/strong><\/span><span data-ccp-props=\"{}\"><br><\/span><span data-contrast=\"auto\">El M\u00e9dano est une petite ville o\u00f9 l&rsquo;on peut marcher, vous n&rsquo;aurez donc pas besoin de compter sur les transports publics une fois sur place. Tout se trouve \u00e0 une courte distance de marche, y compris les TWS, les restaurants, les magasins et les plages. <\/span><\/p>\n<p><span data-contrast=\"auto\"><strong>-&gt; Conseil pour les voyageurs solos<\/strong>:<br>Pour de courts trajets en ville, la location d&rsquo;un v\u00e9lo est un moyen amusant et \u00e9cologique de se d\u00e9placer et d&rsquo;explorer les environs. N&rsquo;oubliez pas d&rsquo;utiliser la carte de fid\u00e9lit\u00e9 TWS. <\/span><\/p>\n<p><strong>Conclusion<br><\/strong><span data-contrast=\"auto\">Que vous pr\u00e9f\u00e8riez le confort, le voyage \u00e0 petit budget ou la flexibilit\u00e9, il existe de nombreuses options adapt\u00e9es aux voyageurs solo pour se rendre \u00e0 TWS \u00e0 El M\u00e9dano.<\/span><\/p>\n<p><span data-contrast=\"auto\">En arrivant \u00e0 l&rsquo;a\u00e9roport de Tenerife Sud, avec des transferts faciles ou des options de transport public, il est facile d&rsquo;arriver et de commencer votre s\u00e9jour windsurf.<\/span><\/p>\n<p><strong>Une fois dans le centre, vous adorerez l&rsquo;ambiance et l&rsquo;esprit de communaut\u00e9, vous allez adorer ! Faites du windsurf comme jamais auparavant ! &nbsp;<\/strong><\/p>\t\t\t\t\t\t\t\t<\/div>\n\t\t\t\t<\/div>\n\t\t\t\t\t<\/div>\n\t\t<\/div>\n\t\t\t\t<div class=\"elementor-column elementor-col-50 elementor-top-column elementor-element elementor-element-3011383\" data-id=\"3011383\" data-element_type=\"column\" data-settings=\"{&quot;background_background&quot;:&quot;classic&quot;}\">\n\t\t\t<div class=\"elementor-widget-wrap elementor-element-populated\">\n\t\t\t\t\t\t<div class=\"elementor-element elementor-element-958f0fb elementor-widget elementor-widget-image\" data-id=\"958f0fb\" data-element_type=\"widget\" data-widget_type=\"image.default\">\n\t\t\t\t<div class=\"elementor-widget-container\">\n\t\t\t\t\t\t\t\t\t\t\t\t\t\t\t<img fetchpriority=\"high\" decoding=\"async\" width=\"800\" height=\"800\" src=\"https:\/\/twstest.072design.site\/wp-content\/uploads\/2024\/09\/wave10.jpg\" class=\"attachment-large size-large wp-image-1717\" alt=\"\" srcset=\"https:\/\/twstest.072design.site\/wp-content\/uploads\/2024\/09\/wave10.jpg 1024w, https:\/\/twstest.072design.site\/wp-content\/uploads\/2024\/09\/wave10-300x300.jpg 300w, https:\/\/twstest.072design.site\/wp-content\/uploads\/2024\/09\/wave10-150x150.jpg 150w, https:\/\/twstest.072design.site\/wp-content\/uploads\/2024\/09\/wave10-768x768.jpg 768w, https:\/\/twstest.072design.site\/wp-content\/uploads\/2024\/09\/wave10-600x600.jpg 600w, https:\/\/twstest.072design.site\/wp-content\/uploads\/2024\/09\/wave10-100x100.jpg 100w\" sizes=\"(max-width: 800px) 100vw, 800px\" \/>\t\t\t\t\t\t\t\t\t\t\t\t\t\t\t<\/div>\n\t\t\t\t<\/div>\n\t\t\t\t<div class=\"elementor-element elementor-element-61b2e6e elementor-widget elementor-widget-image\" data-id=\"61b2e6e\" data-element_type=\"widget\" data-widget_type=\"image.default\">\n\t\t\t\t<div class=\"elementor-widget-container\">\n\t\t\t\t\t\t\t\t\t\t\t\t\t\t\t<img decoding=\"async\" width=\"800\" height=\"800\" src=\"https:\/\/twstest.072design.site\/wp-content\/uploads\/2024\/09\/TWS-clinics-2.png\" class=\"attachment-large size-large wp-image-314\" alt=\"TWS clinics 2\" srcset=\"https:\/\/twstest.072design.site\/wp-content\/uploads\/2024\/09\/TWS-clinics-2.png 1024w, https:\/\/twstest.072design.site\/wp-content\/uploads\/2024\/09\/TWS-clinics-2-300x300.png 300w, https:\/\/twstest.072design.site\/wp-content\/uploads\/2024\/09\/TWS-clinics-2-150x150.png 150w, https:\/\/twstest.072design.site\/wp-content\/uploads\/2024\/09\/TWS-clinics-2-768x768.png 768w, https:\/\/twstest.072design.site\/wp-content\/uploads\/2024\/09\/TWS-clinics-2-600x600.png 600w, https:\/\/twstest.072design.site\/wp-content\/uploads\/2024\/09\/TWS-clinics-2-100x100.png 100w\" sizes=\"(max-width: 800px) 100vw, 800px\" \/>\t\t\t\t\t\t\t\t\t\t\t\t\t\t\t<\/div>\n\t\t\t\t<\/div>\n\t\t\t\t\t<\/div>\n\t\t<\/div>\n\t\t\t\t\t<\/div>\n\t\t<\/section>\n\t\t\t\t<section data-particle_enable=\"false\" data-particle-mobile-disabled=\"false\" class=\"elementor-section elementor-top-section elementor-element elementor-element-502952d elementor-section-full_width elementor-section-height-default elementor-section-height-default\" data-id=\"502952d\" data-element_type=\"section\" data-settings=\"{&quot;jet_parallax_layout_list&quot;:[]}\">\n\t\t\t\t\t\t<div class=\"elementor-container elementor-column-gap-no\">\n\t\t\t\t\t<div class=\"elementor-column elementor-col-100 elementor-top-column elementor-element elementor-element-b5f9b59\" data-id=\"b5f9b59\" data-element_type=\"column\">\n\t\t\t<div class=\"elementor-widget-wrap elementor-element-populated\">\n\t\t\t\t\t\t<div class=\"elementor-element elementor-element-1f3f37f elementor-widget elementor-widget-html\" data-id=\"1f3f37f\" data-element_type=\"widget\" data-widget_type=\"html.default\">\n\t\t\t\t<div class=\"elementor-widget-container\">\n\t\t\t\t\t<script type=\"text\/javascript\" src=\"https:\/\/twswindsurf.vikingbookings.com\/en\/widget.js\"><\/script>\t\t\t\t<\/div>\n\t\t\t\t<\/div>\n\t\t\t\t\t<\/div>\n\t\t<\/div>\n\t\t\t\t\t<\/div>\n\t\t<\/section>\n\t\t\t\t<section data-particle_enable=\"false\" data-particle-mobile-disabled=\"false\" class=\"elementor-section elementor-top-section elementor-element elementor-element-7227a8ae elementor-section-boxed elementor-section-height-default elementor-section-height-default\" data-id=\"7227a8ae\" data-element_type=\"section\" data-settings=\"{&quot;jet_parallax_layout_list&quot;:[]}\">\n\t\t\t\t\t\t<div class=\"elementor-container elementor-column-gap-default\">\n\t\t\t\t\t<div class=\"elementor-column elementor-col-100 elementor-top-column elementor-element elementor-element-328609b5\" data-id=\"328609b5\" data-element_type=\"column\">\n\t\t\t<div class=\"elementor-widget-wrap elementor-element-populated\">\n\t\t\t\t\t\t<div class=\"elementor-element elementor-element-9120e60 elementor-widget elementor-widget-template\" data-id=\"9120e60\" data-element_type=\"widget\" data-widget_type=\"template.default\">\n\t\t\t\t<div class=\"elementor-widget-container\">\n\t\t\t\t\t\t\t<div class=\"elementor-template\">\n\t\t\t\t\t<div data-elementor-type=\"section\" data-elementor-id=\"11326\" class=\"elementor elementor-11326 elementor-744\" data-elementor-post-type=\"elementor_library\">\n\t\t\t\t\t<section data-particle_enable=\"false\" data-particle-mobile-disabled=\"false\" class=\"elementor-section elementor-top-section elementor-element elementor-element-33be3b84 elementor-section-boxed elementor-section-height-default elementor-section-height-default\" data-id=\"33be3b84\" data-element_type=\"section\" data-settings=\"{&quot;jet_parallax_layout_list&quot;:[]}\">\n\t\t\t\t\t\t<div class=\"elementor-container elementor-column-gap-default\">\n\t\t\t\t\t<div class=\"elementor-column elementor-col-50 elementor-top-column elementor-element elementor-element-20151c2f\" data-id=\"20151c2f\" data-element_type=\"column\">\n\t\t\t<div class=\"elementor-widget-wrap elementor-element-populated\">\n\t\t\t\t\t\t<div class=\"elementor-element elementor-element-124b63cf elementor-widget__width-auto elementor-widget elementor-widget-button\" data-id=\"124b63cf\" data-element_type=\"widget\" data-widget_type=\"button.default\">\n\t\t\t\t<div class=\"elementor-widget-container\">\n\t\t\t\t\t\t\t\t\t<div class=\"elementor-button-wrapper\">\n\t\t\t\t\t<a class=\"elementor-button elementor-size-sm\" role=\"button\">\n\t\t\t\t\t\t<span class=\"elementor-button-content-wrapper\">\n\t\t\t\t\t\t\t\t\t<span class=\"elementor-button-text\">Cadeau GRATUIT<\/span>\n\t\t\t\t\t<\/span>\n\t\t\t\t\t<\/a>\n\t\t\t\t<\/div>\n\t\t\t\t\t\t\t\t<\/div>\n\t\t\t\t<\/div>\n\t\t\t\t<div class=\"elementor-element elementor-element-4489081a elementor-widget elementor-widget-image\" data-id=\"4489081a\" data-element_type=\"widget\" data-widget_type=\"image.default\">\n\t\t\t\t<div class=\"elementor-widget-container\">\n\t\t\t\t\t\t\t\t\t\t\t\t\t\t\t<img decoding=\"async\" width=\"580\" height=\"419\" src=\"https:\/\/twstest.072design.site\/wp-content\/uploads\/2024\/09\/tshirt.jpg\" class=\"attachment-large size-large wp-image-1021\" alt=\"\" srcset=\"https:\/\/twstest.072design.site\/wp-content\/uploads\/2024\/09\/tshirt.jpg 580w, https:\/\/twstest.072design.site\/wp-content\/uploads\/2024\/09\/tshirt-300x217.jpg 300w\" sizes=\"(max-width: 580px) 100vw, 580px\" \/>\t\t\t\t\t\t\t\t\t\t\t\t\t\t\t<\/div>\n\t\t\t\t<\/div>\n\t\t\t\t\t<\/div>\n\t\t<\/div>\n\t\t\t\t<div class=\"elementor-column elementor-col-50 elementor-top-column elementor-element elementor-element-15508528\" data-id=\"15508528\" data-element_type=\"column\">\n\t\t\t<div class=\"elementor-widget-wrap elementor-element-populated\">\n\t\t\t\t\t\t<div class=\"elementor-element elementor-element-38470059 elementor-widget elementor-widget-heading\" data-id=\"38470059\" data-element_type=\"widget\" data-widget_type=\"heading.default\">\n\t\t\t\t<div class=\"elementor-widget-container\">\n\t\t\t\t\t<h4 class=\"elementor-heading-title elementor-size-default\">pour chaque r\u00e9servation<\/h4>\t\t\t\t<\/div>\n\t\t\t\t<\/div>\n\t\t\t\t<div class=\"elementor-element elementor-element-1e9f709d elementor-widget elementor-widget-heading\" data-id=\"1e9f709d\" data-element_type=\"widget\" data-widget_type=\"heading.default\">\n\t\t\t\t<div class=\"elementor-widget-container\">\n\t\t\t\t\t<h2 class=\"elementor-heading-title elementor-size-default\">T-shirt TWS GRATUIT<\/h2>\t\t\t\t<\/div>\n\t\t\t\t<\/div>\n\t\t\t\t<div class=\"elementor-element elementor-element-5fb31772 elementor-widget elementor-widget-text-editor\" data-id=\"5fb31772\" data-element_type=\"widget\" data-widget_type=\"text-editor.default\">\n\t\t\t\t<div class=\"elementor-widget-container\">\n\t\t\t\t\t\t\t\t\t<p>Chaque invit\u00e9 re\u00e7oit un bon d&rsquo;achat pour un t-shirt TWS lors de sa premi\u00e8re r\u00e9servation.<\/p>\n<p>Vous pouvez r\u00e9cup\u00e9rer <strong>votre <\/strong>T-shirt dans le <a href=\"https:\/\/twstest.072design.site\/fr\/tws-surf-shop\/\">magasin local de surf de TWS<\/a>.<\/p>\n<p>Quand vous serez dans la boutique, regardez la collection de t-shirts H20 Tenerife pour ramener chez vous un doux souvenir de TWS et d&rsquo;El M\u00e9dano.<\/p>\n\t\t\t\t\t\t\t\t<\/div>\n\t\t\t\t<\/div>\n\t\t\t\t<div class=\"elementor-element elementor-element-716defd3 elementor-align-left elementor-widget elementor-widget-button\" data-id=\"716defd3\" data-element_type=\"widget\" data-widget_type=\"button.default\">\n\t\t\t\t<div class=\"elementor-widget-container\">\n\t\t\t\t\t\t\t\t\t<div class=\"elementor-button-wrapper\">\n\t\t\t\t\t<a class=\"elementor-button elementor-button-link elementor-size-sm\" href=\"https:\/\/app.vikingbookings.com\/widget\/booking\/5a0000001f000000ae77bea9\" target=\"_blank\" rel=\"noopener\">\n\t\t\t\t\t\t<span class=\"elementor-button-content-wrapper\">\n\t\t\t\t\t\t\t\t\t<span class=\"elementor-button-text\">R\u00e9server<\/span>\n\t\t\t\t\t<\/span>\n\t\t\t\t\t<\/a>\n\t\t\t\t<\/div>\n\t\t\t\t\t\t\t\t<\/div>\n\t\t\t\t<\/div>\n\t\t\t\t\t<\/div>\n\t\t<\/div>\n\t\t\t\t\t<\/div>\n\t\t<\/section>\n\t\t\t\t<\/div>\n\t\t\t\t<\/div>\n\t\t\t\t\t\t<\/div>\n\t\t\t\t<\/div>\n\t\t\t\t\t<\/div>\n\t\t<\/div>\n\t\t\t\t\t<\/div>\n\t\t<\/section>\n\t\t\t\t<section data-particle_enable=\"false\" data-particle-mobile-disabled=\"false\" class=\"elementor-section elementor-top-section elementor-element elementor-element-d47af27 elementor-section-boxed elementor-section-height-default elementor-section-height-default\" data-id=\"d47af27\" data-element_type=\"section\" data-settings=\"{&quot;jet_parallax_layout_list&quot;:[]}\">\n\t\t\t\t\t\t<div class=\"elementor-container elementor-column-gap-default\">\n\t\t\t\t\t<div class=\"elementor-column elementor-col-100 elementor-top-column elementor-element elementor-element-79a01de\" data-id=\"79a01de\" data-element_type=\"column\">\n\t\t\t<div class=\"elementor-widget-wrap elementor-element-populated\">\n\t\t\t\t\t\t<div class=\"elementor-element elementor-element-ad9a520 elementor-skin-carousel elementor-widget elementor-widget-media-carousel\" data-id=\"ad9a520\" data-element_type=\"widget\" data-settings=\"{&quot;slides_per_view&quot;:&quot;4&quot;,&quot;autoplay_speed&quot;:1250,&quot;space_between&quot;:{&quot;unit&quot;:&quot;px&quot;,&quot;size&quot;:&quot;&quot;,&quot;sizes&quot;:[]},&quot;skin&quot;:&quot;carousel&quot;,&quot;effect&quot;:&quot;slide&quot;,&quot;speed&quot;:500,&quot;autoplay&quot;:&quot;yes&quot;,&quot;loop&quot;:&quot;yes&quot;,&quot;pause_on_hover&quot;:&quot;yes&quot;,&quot;pause_on_interaction&quot;:&quot;yes&quot;,&quot;space_between_tablet&quot;:{&quot;unit&quot;:&quot;px&quot;,&quot;size&quot;:10,&quot;sizes&quot;:[]},&quot;space_between_mobile&quot;:{&quot;unit&quot;:&quot;px&quot;,&quot;size&quot;:10,&quot;sizes&quot;:[]}}\" data-widget_type=\"media-carousel.default\">\n\t\t\t\t<div class=\"elementor-widget-container\">\n\t\t\t\t\t\t\t\t\t<div class=\"elementor-swiper\">\n\t\t\t\t\t<div class=\"elementor-main-swiper swiper\" role=\"region\" aria-roledescription=\"carousel\" aria-label=\"Diapositives\">\n\t\t\t\t<div class=\"swiper-wrapper\">\n\t\t\t\t\t\t\t\t\t\t\t<div class=\"swiper-slide\" role=\"group\" aria-roledescription=\"slide\">\n\t\t\t\t\t\t\t\t\t<div class=\"elementor-carousel-image\" role=\"img\" aria-label=\"neilpryde\" style=\"background-image: url(&#039;https:\/\/twstest.072design.site\/wp-content\/uploads\/2024\/09\/neilpryde.png&#039;)\">\n\n\t\t\t\n\t\t\t\t\t<\/div>\n\t\t\t\t\t\t\t\t<\/div>\n\t\t\t\t\t\t\t\t\t\t\t<div class=\"swiper-slide\" role=\"group\" aria-roledescription=\"slide\">\n\t\t\t\t\t\t\t\t\t<div class=\"elementor-carousel-image\" role=\"img\" aria-label=\"\" style=\"background-image: url(&#039;https:\/\/twstest.072design.site\/wp-content\/uploads\/2024\/09\/bruch-boards.png&#039;)\">\n\n\t\t\t\n\t\t\t\t\t<\/div>\n\t\t\t\t\t\t\t\t<\/div>\n\t\t\t\t\t\t\t\t\t\t\t<div class=\"swiper-slide\" role=\"group\" aria-roledescription=\"slide\">\n\t\t\t\t\t\t\t\t\t<div class=\"elementor-carousel-image\" role=\"img\" aria-label=\"naish\" style=\"background-image: url(&#039;https:\/\/twstest.072design.site\/wp-content\/uploads\/2024\/09\/naish.png&#039;)\">\n\n\t\t\t\n\t\t\t\t\t<\/div>\n\t\t\t\t\t\t\t\t<\/div>\n\t\t\t\t\t\t\t\t\t\t\t<div class=\"swiper-slide\" role=\"group\" aria-roledescription=\"slide\">\n\t\t\t\t\t\t\t\t\t<div class=\"elementor-carousel-image\" role=\"img\" aria-label=\"core-logo\" style=\"background-image: url(&#039;https:\/\/twstest.072design.site\/wp-content\/uploads\/2024\/09\/core-logo.png&#039;)\">\n\n\t\t\t\n\t\t\t\t\t<\/div>\n\t\t\t\t\t\t\t\t<\/div>\n\t\t\t\t\t\t\t\t\t\t\t<div class=\"swiper-slide\" role=\"group\" aria-roledescription=\"slide\">\n\t\t\t\t\t\t\t\t\t<div class=\"elementor-carousel-image\" role=\"img\" aria-label=\"lift-foils\" style=\"background-image: url(&#039;https:\/\/twstest.072design.site\/wp-content\/uploads\/2024\/09\/lift-foils.png&#039;)\">\n\n\t\t\t\n\t\t\t\t\t<\/div>\n\t\t\t\t\t\t\t\t<\/div>\n\t\t\t\t\t\t\t\t\t\t\t<div class=\"swiper-slide\" role=\"group\" aria-roledescription=\"slide\">\n\t\t\t\t\t\t\t\t\t<div class=\"elementor-carousel-image\" role=\"img\" aria-label=\"f4-foils\" style=\"background-image: url(&#039;https:\/\/twstest.072design.site\/wp-content\/uploads\/2024\/09\/f4-foils.png&#039;)\">\n\n\t\t\t\n\t\t\t\t\t<\/div>\n\t\t\t\t\t\t\t\t<\/div>\n\t\t\t\t\t\t\t\t\t\t\t<div class=\"swiper-slide\" role=\"group\" aria-roledescription=\"slide\">\n\t\t\t\t\t\t\t\t\t<div class=\"elementor-carousel-image\" role=\"img\" aria-label=\"ezzy\" style=\"background-image: url(&#039;https:\/\/twstest.072design.site\/wp-content\/uploads\/2024\/09\/ezzy.png&#039;)\">\n\n\t\t\t\n\t\t\t\t\t<\/div>\n\t\t\t\t\t\t\t\t<\/div>\n\t\t\t\t\t\t\t\t\t<\/div>\n\t\t\t\t\t\t\t\t\t\t\t\t\t\t\t\t\t\t\t\t\t<\/div>\n\t\t\t\t<\/div>\n\t\t\t\t\t\t\t\t<\/div>\n\t\t\t\t<\/div>\n\t\t\t\t\t<\/div>\n\t\t<\/div>\n\t\t\t\t\t<\/div>\n\t\t<\/section>\n\t\t\t\t<\/div>\n\t\t","protected":false},"excerpt":{"rendered":"<p>Les meilleures options pour voyager en solo Imaginez-vous en train de vous faire de nouveaux amis dans le monde entier. Voyager seul vers TWS \u00e0 El M\u00e9dano est facile et pratique, avec plusieurs options pour r\u00e9pondre \u00e0 vos pr\u00e9f\u00e9rences et \u00e0 votre budget. Voici comment vous pouvez faire en sorte que votre voyage en solo [&hellip;]<\/p>\n","protected":false},"author":2,"featured_media":0,"parent":0,"menu_order":0,"comment_status":"closed","ping_status":"closed","template":"elementor_header_footer","meta":{"footnotes":""},"class_list":["post-11165","page","type-page","status-publish","hentry"],"_links":{"self":[{"href":"https:\/\/twstest.072design.site\/fr\/wp-json\/wp\/v2\/pages\/11165","targetHints":{"allow":["GET"]}}],"collection":[{"href":"https:\/\/twstest.072design.site\/fr\/wp-json\/wp\/v2\/pages"}],"about":[{"href":"https:\/\/twstest.072design.site\/fr\/wp-json\/wp\/v2\/types\/page"}],"author":[{"embeddable":true,"href":"https:\/\/twstest.072design.site\/fr\/wp-json\/wp\/v2\/users\/2"}],"replies":[{"embeddable":true,"href":"https:\/\/twstest.072design.site\/fr\/wp-json\/wp\/v2\/comments?post=11165"}],"version-history":[{"count":0,"href":"https:\/\/twstest.072design.site\/fr\/wp-json\/wp\/v2\/pages\/11165\/revisions"}],"wp:attachment":[{"href":"https:\/\/twstest.072design.site\/fr\/wp-json\/wp\/v2\/media?parent=11165"}],"curies":[{"name":"wp","href":"https:\/\/api.w.org\/{rel}","templated":true}]}}