{"id":11253,"date":"2024-09-28T08:29:21","date_gmt":"2024-09-28T07:29:21","guid":{"rendered":"https:\/\/twstest.072design.site\/lecons-de-wingfoil\/"},"modified":"2024-11-08T16:35:25","modified_gmt":"2024-11-08T15:35:25","slug":"lecons-de-wingfoil","status":"publish","type":"page","link":"https:\/\/twstest.072design.site\/fr\/lecons-de-wingfoil\/","title":{"rendered":"Le\u00e7ons de WingFoil"},"content":{"rendered":"\t\t<div data-elementor-type=\"wp-page\" data-elementor-id=\"11253\" class=\"elementor elementor-11253 elementor-2370\" data-elementor-post-type=\"page\">\n\t\t\t\t\t\t<section data-particle_enable=\"false\" data-particle-mobile-disabled=\"false\" class=\"elementor-section elementor-top-section elementor-element elementor-element-77274fe0 elementor-section-height-min-height elementor-section-boxed elementor-section-height-default elementor-section-items-middle\" data-id=\"77274fe0\" data-element_type=\"section\" data-settings=\"{&quot;jet_parallax_layout_list&quot;:[],&quot;background_background&quot;:&quot;video&quot;,&quot;background_video_link&quot;:&quot;https:\\\/\\\/player.vimeo.com\\\/video\\\/&quot;}\">\n\t\t\t\t\t\t\t\t<div class=\"elementor-background-video-container elementor-hidden-mobile\" aria-hidden=\"true\">\n\t\t\t\t\t\t\t\t\t\t\t\t\t<video class=\"elementor-background-video-hosted\" autoplay muted playsinline loop><\/video>\n\t\t\t\t\t\t\t\t\t\t\t<\/div>\n\t\t\t\t\t\t\t\t\t<div class=\"elementor-background-overlay\"><\/div>\n\t\t\t\t\t\t\t<div class=\"elementor-container elementor-column-gap-no\">\n\t\t\t\t\t<div class=\"elementor-column elementor-col-100 elementor-top-column elementor-element elementor-element-7186961c\" data-id=\"7186961c\" data-element_type=\"column\">\n\t\t\t<div class=\"elementor-widget-wrap elementor-element-populated\">\n\t\t\t\t\t\t<div class=\"elementor-element elementor-element-6e81d618 elementor-widget elementor-widget-heading\" data-id=\"6e81d618\" data-element_type=\"widget\" data-widget_type=\"heading.default\">\n\t\t\t\t<div class=\"elementor-widget-container\">\n\t\t\t\t\t<h2 class=\"elementor-heading-title elementor-size-default\">Vous voulez apprendre\/progresser dans la pratique du Wingfoil ?<\/h2>\t\t\t\t<\/div>\n\t\t\t\t<\/div>\n\t\t\t\t\t<\/div>\n\t\t<\/div>\n\t\t\t\t\t<\/div>\n\t\t<\/section>\n\t\t\t\t<section data-particle_enable=\"false\" data-particle-mobile-disabled=\"false\" class=\"elementor-section elementor-top-section elementor-element elementor-element-6b74dd40 elementor-section-boxed elementor-section-height-default elementor-section-height-default\" data-id=\"6b74dd40\" data-element_type=\"section\" data-settings=\"{&quot;jet_parallax_layout_list&quot;:[]}\">\n\t\t\t\t\t\t<div class=\"elementor-container elementor-column-gap-default\">\n\t\t\t\t\t<div class=\"elementor-column elementor-col-50 elementor-top-column elementor-element elementor-element-59bb3f70\" data-id=\"59bb3f70\" data-element_type=\"column\" data-settings=\"{&quot;background_background&quot;:&quot;classic&quot;}\">\n\t\t\t<div class=\"elementor-widget-wrap elementor-element-populated\">\n\t\t\t\t\t\t<div class=\"elementor-element elementor-element-a0f83f7 elementor-widget elementor-widget-image\" data-id=\"a0f83f7\" data-element_type=\"widget\" data-widget_type=\"image.default\">\n\t\t\t\t<div class=\"elementor-widget-container\">\n\t\t\t\t\t\t\t\t\t\t\t\t\t\t\t<img fetchpriority=\"high\" decoding=\"async\" width=\"800\" height=\"800\" src=\"https:\/\/twstest.072design.site\/wp-content\/uploads\/2024\/09\/wing2.jpg\" class=\"attachment-large size-large wp-image-1274\" alt=\"\" srcset=\"https:\/\/twstest.072design.site\/wp-content\/uploads\/2024\/09\/wing2.jpg 1024w, https:\/\/twstest.072design.site\/wp-content\/uploads\/2024\/09\/wing2-300x300.jpg 300w, https:\/\/twstest.072design.site\/wp-content\/uploads\/2024\/09\/wing2-150x150.jpg 150w, https:\/\/twstest.072design.site\/wp-content\/uploads\/2024\/09\/wing2-768x768.jpg 768w, https:\/\/twstest.072design.site\/wp-content\/uploads\/2024\/09\/wing2-600x600.jpg 600w, https:\/\/twstest.072design.site\/wp-content\/uploads\/2024\/09\/wing2-100x100.jpg 100w\" sizes=\"(max-width: 800px) 100vw, 800px\" \/>\t\t\t\t\t\t\t\t\t\t\t\t\t\t\t<\/div>\n\t\t\t\t<\/div>\n\t\t\t\t<div class=\"elementor-element elementor-element-312d47a elementor-widget elementor-widget-image\" data-id=\"312d47a\" data-element_type=\"widget\" data-widget_type=\"image.default\">\n\t\t\t\t<div class=\"elementor-widget-container\">\n\t\t\t\t\t\t\t\t\t\t\t\t\t\t\t<img decoding=\"async\" width=\"800\" height=\"800\" src=\"https:\/\/twstest.072design.site\/wp-content\/uploads\/2024\/09\/wingfoil3.jpg\" class=\"attachment-large size-large wp-image-2043\" alt=\"\" srcset=\"https:\/\/twstest.072design.site\/wp-content\/uploads\/2024\/09\/wingfoil3.jpg 1024w, https:\/\/twstest.072design.site\/wp-content\/uploads\/2024\/09\/wingfoil3-300x300.jpg 300w, https:\/\/twstest.072design.site\/wp-content\/uploads\/2024\/09\/wingfoil3-150x150.jpg 150w, https:\/\/twstest.072design.site\/wp-content\/uploads\/2024\/09\/wingfoil3-768x768.jpg 768w, https:\/\/twstest.072design.site\/wp-content\/uploads\/2024\/09\/wingfoil3-600x600.jpg 600w, https:\/\/twstest.072design.site\/wp-content\/uploads\/2024\/09\/wingfoil3-100x100.jpg 100w\" sizes=\"(max-width: 800px) 100vw, 800px\" \/>\t\t\t\t\t\t\t\t\t\t\t\t\t\t\t<\/div>\n\t\t\t\t<\/div>\n\t\t\t\t<div class=\"elementor-element elementor-element-1b32a13 elementor-widget elementor-widget-image\" data-id=\"1b32a13\" data-element_type=\"widget\" data-widget_type=\"image.default\">\n\t\t\t\t<div class=\"elementor-widget-container\">\n\t\t\t\t\t\t\t\t\t\t\t\t\t\t\t<img decoding=\"async\" width=\"800\" height=\"800\" src=\"https:\/\/twstest.072design.site\/wp-content\/uploads\/2024\/09\/wingfoil.jpg\" class=\"attachment-large size-large wp-image-2029\" alt=\"\" srcset=\"https:\/\/twstest.072design.site\/wp-content\/uploads\/2024\/09\/wingfoil.jpg 1024w, https:\/\/twstest.072design.site\/wp-content\/uploads\/2024\/09\/wingfoil-300x300.jpg 300w, https:\/\/twstest.072design.site\/wp-content\/uploads\/2024\/09\/wingfoil-150x150.jpg 150w, https:\/\/twstest.072design.site\/wp-content\/uploads\/2024\/09\/wingfoil-768x768.jpg 768w, https:\/\/twstest.072design.site\/wp-content\/uploads\/2024\/09\/wingfoil-600x600.jpg 600w, https:\/\/twstest.072design.site\/wp-content\/uploads\/2024\/09\/wingfoil-100x100.jpg 100w\" sizes=\"(max-width: 800px) 100vw, 800px\" \/>\t\t\t\t\t\t\t\t\t\t\t\t\t\t\t<\/div>\n\t\t\t\t<\/div>\n\t\t\t\t<div class=\"elementor-element elementor-element-36876d2 elementor-widget elementor-widget-image\" data-id=\"36876d2\" data-element_type=\"widget\" data-widget_type=\"image.default\">\n\t\t\t\t<div class=\"elementor-widget-container\">\n\t\t\t\t\t\t\t\t\t\t\t\t\t\t\t<img loading=\"lazy\" decoding=\"async\" width=\"800\" height=\"800\" src=\"https:\/\/twstest.072design.site\/wp-content\/uploads\/2024\/09\/wingfoil2.jpg\" class=\"attachment-large size-large wp-image-2036\" alt=\"\" srcset=\"https:\/\/twstest.072design.site\/wp-content\/uploads\/2024\/09\/wingfoil2.jpg 1024w, https:\/\/twstest.072design.site\/wp-content\/uploads\/2024\/09\/wingfoil2-300x300.jpg 300w, https:\/\/twstest.072design.site\/wp-content\/uploads\/2024\/09\/wingfoil2-150x150.jpg 150w, https:\/\/twstest.072design.site\/wp-content\/uploads\/2024\/09\/wingfoil2-768x768.jpg 768w, https:\/\/twstest.072design.site\/wp-content\/uploads\/2024\/09\/wingfoil2-600x600.jpg 600w, https:\/\/twstest.072design.site\/wp-content\/uploads\/2024\/09\/wingfoil2-100x100.jpg 100w\" sizes=\"(max-width: 800px) 100vw, 800px\" \/>\t\t\t\t\t\t\t\t\t\t\t\t\t\t\t<\/div>\n\t\t\t\t<\/div>\n\t\t\t\t\t<\/div>\n\t\t<\/div>\n\t\t\t\t<div class=\"elementor-column elementor-col-50 elementor-top-column elementor-element elementor-element-7a2e51d\" data-id=\"7a2e51d\" data-element_type=\"column\" data-settings=\"{&quot;background_background&quot;:&quot;classic&quot;}\">\n\t\t\t<div class=\"elementor-widget-wrap elementor-element-populated\">\n\t\t\t\t\t\t<div class=\"elementor-element elementor-element-9f85687 elementor-widget elementor-widget-heading\" data-id=\"9f85687\" data-element_type=\"widget\" data-widget_type=\"heading.default\">\n\t\t\t\t<div class=\"elementor-widget-container\">\n\t\t\t\t\t<h2 class=\"elementor-heading-title elementor-size-default\">vous pensez que El M\u00e9dano est r\u00e9serv\u00e9 aux wingfoileurs exp\u00e9riment\u00e9s ? Vous vous trompez ! <\/h2>\t\t\t\t<\/div>\n\t\t\t\t<\/div>\n\t\t\t\t<div class=\"elementor-element elementor-element-38906d7 elementor-widget elementor-widget-heading\" data-id=\"38906d7\" data-element_type=\"widget\" data-widget_type=\"heading.default\">\n\t\t\t\t<div class=\"elementor-widget-container\">\n\t\t\t\t\t<h2 class=\"elementor-heading-title elementor-size-default\">Apprentissage en toute s\u00e9curit\u00e9, encadrement professionnel, ambiance conviviale<\/h2>\t\t\t\t<\/div>\n\t\t\t\t<\/div>\n\t\t\t\t<div class=\"elementor-element elementor-element-230533c elementor-widget elementor-widget-text-editor\" data-id=\"230533c\" data-element_type=\"widget\" data-widget_type=\"text-editor.default\">\n\t\t\t\t<div class=\"elementor-widget-container\">\n\t\t\t\t\t\t\t\t\t<p><span data-contrast=\"auto\">Que vous soyez un d\u00e9butant complet ou d\u00e9sireux d&rsquo;essayer quelque chose de nouveau, <strong>Duotone Pro Center<\/strong> en partenariat avec TWS est votre porte d&rsquo;entr\u00e9e dans le monde passionnant du wingfoil.<\/span><\/p>\n<p><span data-contrast=\"auto\">Gr\u00e2ce \u00e0 l&rsquo;acc\u00e8s \u00e0 des endroits adapt\u00e9s au d\u00e9butants et \u00e0 l&rsquo;encadrement d&rsquo;experts, vous pourrez voler sur l&rsquo;eau en toute confiance en un rien de temps. Mais attention, le wingfoil cr\u00e9e une d\u00e9pendance et vous risquez d&rsquo;\u00eatre piqu\u00e9 plus vite que vous ne le pensez ! <\/span><span data-ccp-props=\"{}\"> <\/span><span data-ccp-props=\"{}\"> <\/span><\/p>\n<p><span data-contrast=\"auto\">Avec <strong>Duotone Pro Center<\/strong>, nous fournissons l&rsquo;environnement id\u00e9al pour l&rsquo;apprentissage, en combinant l&rsquo;enseignement d&rsquo;experts avec des conditions optimales et une atmosph\u00e8re communautaire accueillante.<\/span><\/p>\n<p><span data-contrast=\"auto\">Les eaux d&rsquo;El M\u00e9dano offrent une progression graduelle, ce qui en fait l&rsquo;endroit id\u00e9al pour que les d\u00e9butants prennent confiance et acqui\u00e8rent des comp\u00e9tences.<\/span> <\/p>\n<p><span data-contrast=\"auto\"><strong>Pourquoi apprendre le wingfoil avec nous ?<\/strong><\/span><span data-ccp-props=\"{}\"> <\/span><\/p>\n<ul>\n<li><span data-contrast=\"auto\"><strong>Des endroits parfaits pour les d\u00e9butants<\/strong>: Apprenez dans des endroits s\u00fbrs et maniables, id\u00e9aux pour les d\u00e9butants, choisis par des instructeurs experts.<\/span><\/li>\n<li><span data-contrast=\"auto\"><strong>Instruction experte<\/strong>: Des entra\u00eeneurs professionnels multilingues vous guident pas \u00e0 pas, assurant une progression s\u00fbre et r\u00e9guli\u00e8re.<\/span><\/li>\n<li><span data-contrast=\"auto\"><strong>Mat\u00e9riel adapt\u00e9 aux d\u00e9butants<\/strong>: Le Duotone Pro Center fournit des planches, des foils et des wings sp\u00e9cialis\u00e9s, con\u00e7us pour faciliter l&rsquo;apprentissage.<\/span><\/li>\n<li><span data-contrast=\"auto\"><strong>Des vents id\u00e9aux<\/strong>: Les aliz\u00e9s r\u00e9guliers et constants offrent un \u00e9quilibre parfait de puissance, cr\u00e9ant des conditions d&rsquo;apprentissage id\u00e9ales sans se sentir d\u00e9pass\u00e9.<\/span><\/li>\n<li><span data-contrast=\"auto\"><strong>Communaut\u00e9 de soutien<\/strong>: Une \u00e9quipe amicale et encourageante vous aide \u00e0 vous sentir \u00e0 l&rsquo;aise et \u00e0 \u00eatre motiv\u00e9 pour progresser rapidement.<\/span><\/li>\n<li><span data-contrast=\"auto\"><strong>Installation pratique<\/strong>: Situ\u00e9 \u00e0 quelques pas de la plage, le <strong>Duotone Pro Center<\/strong> veille \u00e0 ce que tout soit facilement accessible pour une exp\u00e9rience d&rsquo;apprentissage en douceur.<\/span><\/li>\n<li><span data-contrast=\"auto\"><strong>La s\u00e9curit\u00e9 avant tout<\/strong>: Un environnement s\u00fbr, adapt\u00e9 aux d\u00e9butants, qui met l&rsquo;accent sur la s\u00e9curit\u00e9 et la progression graduelle.<\/span><span data-ccp-props=\"{}\"> <\/span><\/li>\n<\/ul>\n<p><span data-contrast=\"auto\"><br \/><strong>Apprennez le Wingfoil en partenariat avec Duotone Pro Center<\/strong><\/span><span data-ccp-props=\"{}\"> <\/span><\/p>\n<p><span data-contrast=\"auto\">Pr\u00eat \u00e0 commencer l&rsquo;aventure du wingfoiling ? TWS et <strong>Duotone Pro Center<\/strong> offrent tout ce dont vous avez besoin pour que votre voyage soit passionnant, amusant et s\u00fbr, le tout dans le cadre magnifique d&rsquo;El M\u00e9dano. <\/span><span data-ccp-props=\"{}\"> <\/span><\/p>\n<p><span data-contrast=\"auto\"><strong>Des lieux d&rsquo;apprentissage parfaits<\/strong>  <\/span><span data-ccp-props=\"{}\"> <\/span><\/p>\n<p><span data-contrast=\"auto\">En collaboration avec <strong>Duotone Pro Center<\/strong>, nous offrons deux lieux d&rsquo;apprentissage id\u00e9aux &#8211; Granadilla Harbour et Playa Chica &#8211; tous deux avec des eaux plates et un minimum de vagues pour garantir une exp\u00e9rience d&rsquo;apprentissage sans stress.<\/span><span data-ccp-props=\"{}\"> <\/span><\/p>\n<p><span data-contrast=\"auto\"><strong>Conditions sur mesure<\/strong><\/span><\/p>\n<p><span data-contrast=\"auto\">Nos zones d&rsquo;apprentissage offrent les meilleures conditions pour une progression graduelle et s\u00fbre. Commencez \u00e0 vous entra\u00eener juste devant le <strong>Duotone Pro Center<\/strong>, en apprenant \u00e0 contr\u00f4ler votre planche et ton wing. Si le temps devient trop venteux ou houleux, nous nous d\u00e9placerons vers les eaux calmes du port de Granadilla, o\u00f9 notre \u00e9cole mobile de wingfoil garantit des conditions id\u00e9ales.  <\/span><span data-ccp-props=\"{}\"> <\/span><\/p>\n<p><span data-contrast=\"auto\"><strong>Enseignement professionnel<\/strong>  <\/span><span data-ccp-props=\"{}\"> <\/span><\/p>\n<p><span data-contrast=\"auto\">Notre \u00e9quipe multilingue d&rsquo;instructeurs experts, en partenariat avec <strong>Duotone Pro Center<\/strong>, vous guidera \u00e0 chaque \u00e9tape, en veillant \u00e0 ce que vous construisiez des bases solides en mati\u00e8re de wingfoiling.<\/span><span data-ccp-props=\"{}\"> <\/span><\/p>\n<p><span data-contrast=\"auto\"><strong>Des aliz\u00e9s fiables<\/strong>  <\/span><span data-ccp-props=\"{}\"> <\/span><\/p>\n<p><span data-contrast=\"auto\">Les aliz\u00e9s r\u00e9guliers d&rsquo;El M\u00e9dano fournissent une puissance constante pour une progression en douceur, ce qui en fait un endroit id\u00e9al pour les d\u00e9butants.<\/span><span data-ccp-props=\"{}\"> <\/span><\/p>\n<p><span data-contrast=\"auto\"><strong>Atmosph\u00e8re conviviale<\/strong>  <\/span><span data-ccp-props=\"{}\"> <\/span><\/p>\n<p><span data-contrast=\"auto\">Ressentez l&rsquo;ambiance positive ! Les \u00e9quipes de TWS et de <strong>Duotone Pro Center<\/strong>, ainsi que la communaut\u00e9 locale de windsurf et de wingfoil, sont amicales et solidaires. Vous vous sentirez bien accueilli et vous recevrez des conseils utiles de la part d&rsquo;autres passionn\u00e9s de sports nautiques.  <\/span><span data-ccp-props=\"{}\"> <\/span><\/p>\n<p><span data-contrast=\"auto\"><strong>Apprentissage en groupe<\/strong>  <\/span><span data-ccp-props=\"{}\"> <\/span><\/p>\n<p><span data-contrast=\"auto\">Rejoingnez une clinique ou une le\u00e7on de groupe et apprennez avec d&rsquo;autres personnes de votre niveau. L&rsquo;apprentissage en groupe favorise la motivation, le plaisir et les amiti\u00e9s durables ! <\/span><span data-ccp-props=\"{}\"> <\/span><\/p>\n<p><span data-contrast=\"auto\"><strong>Acc\u00e8s direct \u00e0 la plage<\/strong>  <\/span><span data-ccp-props=\"{}\"> <\/span><\/p>\n<p><span data-contrast=\"auto\">Le <strong>Duotone Pro Center<\/strong> est situ\u00e9 \u00e0 quelques pas des meilleurs spots de wingfoil et de windsurf d&rsquo;El M\u00e9dano, ce qui rend l&rsquo;acc\u00e8s facile et pratique. Et presque \u00e0 c\u00f4t\u00e9 de TWS <\/span><\/p>\n<p><span data-contrast=\"auto\"><strong>Soutien et s\u00e9curit\u00e9 sur place<\/strong>  <\/span><span data-ccp-props=\"{}\"> <\/span><\/p>\n<p><span data-contrast=\"auto\">Nous offrons des services d&rsquo;assistance complets, y compris le stockage de l&rsquo;\u00e9quipement, les r\u00e9parations et les conseils pour que tout fonctionne bien pendant que vous vous concentriez sur l&rsquo;apprentissage. La s\u00e9curit\u00e9 est notre priorit\u00e9, et nos instructeurs veilleront \u00e0 ce que vous soyez toujours dans des conditions s\u00fbres et g\u00e9rables. <\/span><span data-ccp-props=\"{}\"> <\/span><\/p>\n<p><span data-contrast=\"auto\"><strong>Progresser \u00e0 votre rythme<\/strong>  <\/span><span data-ccp-props=\"{}\"> <\/span><\/p>\n<p><span data-contrast=\"auto\">Les eaux d&rsquo;El M\u00e9dano et les vents r\u00e9guliers vous permettent de progresser graduellement, en prenant confiance en vous \u00e0 votre propre rythme.<\/span><span data-ccp-props=\"{}\"> <\/span><\/p>\n<p><span data-contrast=\"auto\"><strong>Un bel environnement<\/strong>  <\/span><span data-ccp-props=\"{}\"> <\/span><\/p>\n<p><span data-contrast=\"auto\">Le magnifique littoral d&rsquo;El M\u00e9dano, le temps chaud et les eaux cristallines constituent la toile de fond parfaite pour votre aventure de wingfoil.<\/span><span data-ccp-props=\"{}\"> <\/span><\/p>\n<p><span data-contrast=\"auto\"><strong>Apprentissage tout au long de l&rsquo;ann\u00e9e<\/strong>  <\/span><span data-ccp-props=\"{}\"> <\/span><\/p>\n<p><span data-contrast=\"auto\">Le climat doux de Tenerife permet d&rsquo;apprendre le wingfoil \u00e0 n&rsquo;importe quel moment de l&rsquo;ann\u00e9e. Vous pouvez planifier vos le\u00e7ons avec **Duotone Pro Center** lorsque les conditions sont les meilleures pour les d\u00e9butants. <\/span><span data-ccp-props=\"{}\"> <\/span><span data-ccp-props=\"{}\"> <\/span><\/p>\n<p><strong>Faites l&rsquo;exp\u00e9rience du wingfoil avec TWS et Duotone Pro Center &#8211; o\u00f9 un apprentissage s\u00fbr et amusant est toujours garanti !<\/strong><span data-ccp-props=\"{}\"> <\/span><\/p>\n\t\t\t\t\t\t\t\t<\/div>\n\t\t\t\t<\/div>\n\t\t\t\t<div class=\"elementor-element elementor-element-3e96aca elementor-widget elementor-widget-text-editor\" data-id=\"3e96aca\" data-element_type=\"widget\" data-widget_type=\"text-editor.default\">\n\t\t\t\t<div class=\"elementor-widget-container\">\n\t\t\t\t\t\t\t\t\t<p><b><a href=\"#newsletter\">Laissez votre adresse e-mail<\/a> pour recevoir des alertes pour les nouvelles cliniques et le\u00e7ons.<\/b><\/p>\n\t\t\t\t\t\t\t\t<\/div>\n\t\t\t\t<\/div>\n\t\t\t\t\t<\/div>\n\t\t<\/div>\n\t\t\t\t\t<\/div>\n\t\t<\/section>\n\t\t\t\t<section data-particle_enable=\"false\" data-particle-mobile-disabled=\"false\" class=\"elementor-section elementor-top-section elementor-element elementor-element-e8c0cde elementor-section-boxed elementor-section-height-default elementor-section-height-default\" data-id=\"e8c0cde\" data-element_type=\"section\" data-settings=\"{&quot;jet_parallax_layout_list&quot;:[]}\">\n\t\t\t\t\t\t<div class=\"elementor-container elementor-column-gap-default\">\n\t\t\t\t\t<div class=\"elementor-column elementor-col-100 elementor-top-column elementor-element elementor-element-19edef0\" data-id=\"19edef0\" data-element_type=\"column\">\n\t\t\t<div class=\"elementor-widget-wrap elementor-element-populated\">\n\t\t\t\t\t\t<div class=\"elementor-element elementor-element-9664054 elementor-widget elementor-widget-html\" data-id=\"9664054\" data-element_type=\"widget\" data-widget_type=\"html.default\">\n\t\t\t\t<div class=\"elementor-widget-container\">\n\t\t\t\t\t<script type=\"text\/javascript\" src=\"https:\/\/twswindsurf.vikingbookings.com\/en\/widget.js\"><\/script>\t\t\t\t<\/div>\n\t\t\t\t<\/div>\n\t\t\t\t\t<\/div>\n\t\t<\/div>\n\t\t\t\t\t<\/div>\n\t\t<\/section>\n\t\t\t\t<section data-particle_enable=\"false\" data-particle-mobile-disabled=\"false\" class=\"elementor-section elementor-top-section elementor-element elementor-element-2092f5d3 elementor-section-full_width elementor-section-height-min-height elementor-section-height-default elementor-section-items-middle\" data-id=\"2092f5d3\" data-element_type=\"section\" data-settings=\"{&quot;jet_parallax_layout_list&quot;:[],&quot;background_background&quot;:&quot;video&quot;,&quot;background_video_link&quot;:&quot;https:\\\/\\\/player.vimeo.com\\\/video\\\/1013326155&quot;}\">\n\t\t\t\t\t\t\t\t<div class=\"elementor-background-video-container elementor-hidden-mobile\" aria-hidden=\"true\">\n\t\t\t\t\t\t\t\t\t\t\t\t\t<div class=\"elementor-background-video-embed\"><\/div>\n\t\t\t\t\t\t\t\t\t\t\t\t<\/div>\n\t\t\t\t\t\t\t\t<div class=\"elementor-container elementor-column-gap-no\">\n\t\t\t\t\t<div class=\"elementor-column elementor-col-100 elementor-top-column elementor-element elementor-element-10fc13\" data-id=\"10fc13\" data-element_type=\"column\">\n\t\t\t<div class=\"elementor-widget-wrap\">\n\t\t\t\t\t\t\t<\/div>\n\t\t<\/div>\n\t\t\t\t\t<\/div>\n\t\t<\/section>\n\t\t\t\t<\/div>\n\t\t","protected":false},"excerpt":{"rendered":"<p>Vous voulez apprendre\/progresser dans la pratique du Wingfoil ? vous pensez que El M\u00e9dano est r\u00e9serv\u00e9 aux wingfoileurs exp\u00e9riment\u00e9s ? Vous vous trompez ! Apprentissage en toute s\u00e9curit\u00e9, encadrement professionnel, ambiance conviviale Que vous soyez un d\u00e9butant complet ou d\u00e9sireux d&rsquo;essayer quelque chose de nouveau, Duotone Pro Center en partenariat avec TWS est votre porte [&hellip;]<\/p>\n","protected":false},"author":2,"featured_media":0,"parent":0,"menu_order":0,"comment_status":"closed","ping_status":"closed","template":"elementor_header_footer","meta":{"footnotes":""},"class_list":["post-11253","page","type-page","status-publish","hentry"],"_links":{"self":[{"href":"https:\/\/twstest.072design.site\/fr\/wp-json\/wp\/v2\/pages\/11253","targetHints":{"allow":["GET"]}}],"collection":[{"href":"https:\/\/twstest.072design.site\/fr\/wp-json\/wp\/v2\/pages"}],"about":[{"href":"https:\/\/twstest.072design.site\/fr\/wp-json\/wp\/v2\/types\/page"}],"author":[{"embeddable":true,"href":"https:\/\/twstest.072design.site\/fr\/wp-json\/wp\/v2\/users\/2"}],"replies":[{"embeddable":true,"href":"https:\/\/twstest.072design.site\/fr\/wp-json\/wp\/v2\/comments?post=11253"}],"version-history":[{"count":0,"href":"https:\/\/twstest.072design.site\/fr\/wp-json\/wp\/v2\/pages\/11253\/revisions"}],"wp:attachment":[{"href":"https:\/\/twstest.072design.site\/fr\/wp-json\/wp\/v2\/media?parent=11253"}],"curies":[{"name":"wp","href":"https:\/\/api.w.org\/{rel}","templated":true}]}}