{"id":9660,"date":"2024-09-27T06:30:41","date_gmt":"2024-09-27T06:30:41","guid":{"rendered":"https:\/\/twstest.072design.site\/lecons-pour-debutants\/"},"modified":"2024-10-16T15:37:03","modified_gmt":"2024-10-16T15:37:03","slug":"lecons-pour-debutants","status":"publish","type":"page","link":"https:\/\/twstest.072design.site\/fr\/lecons-pour-debutants\/","title":{"rendered":"Le\u00e7ons pour d\u00e9butants"},"content":{"rendered":"\t\t<div data-elementor-type=\"wp-page\" data-elementor-id=\"9660\" class=\"elementor elementor-9660 elementor-1495\" data-elementor-post-type=\"page\">\n\t\t\t\t\t\t<section data-particle_enable=\"false\" data-particle-mobile-disabled=\"false\" class=\"elementor-section elementor-top-section elementor-element elementor-element-77274fe0 elementor-section-height-min-height elementor-section-boxed elementor-section-height-default elementor-section-items-middle\" data-id=\"77274fe0\" data-element_type=\"section\" data-settings=\"{&quot;jet_parallax_layout_list&quot;:[],&quot;background_background&quot;:&quot;video&quot;,&quot;background_video_link&quot;:&quot;https:\\\/\\\/player.vimeo.com\\\/video\\\/&quot;,&quot;shape_divider_bottom&quot;:&quot;curve&quot;}\">\n\t\t\t\t\t\t\t\t<div class=\"elementor-background-video-container elementor-hidden-mobile\" aria-hidden=\"true\">\n\t\t\t\t\t\t\t\t\t\t\t\t\t<video class=\"elementor-background-video-hosted\" autoplay muted playsinline loop><\/video>\n\t\t\t\t\t\t\t\t\t\t\t<\/div>\n\t\t\t\t\t\t\t<div class=\"elementor-shape elementor-shape-bottom\" aria-hidden=\"true\" data-negative=\"false\">\n\t\t\t<svg xmlns=\"http:\/\/www.w3.org\/2000\/svg\" viewBox=\"0 0 1000 100\" preserveAspectRatio=\"none\">\n    <path class=\"elementor-shape-fill\" d=\"M1000,4.3V0H0v4.3C0.9,23.1,126.7,99.2,500,100S1000,22.7,1000,4.3z\"\/>\n<\/svg>\t\t<\/div>\n\t\t\t\t\t<div class=\"elementor-container elementor-column-gap-no\">\n\t\t\t\t\t<div class=\"elementor-column elementor-col-100 elementor-top-column elementor-element elementor-element-7186961c\" data-id=\"7186961c\" data-element_type=\"column\">\n\t\t\t<div class=\"elementor-widget-wrap elementor-element-populated\">\n\t\t\t\t\t\t<div class=\"elementor-element elementor-element-6e81d618 elementor-widget elementor-widget-heading\" data-id=\"6e81d618\" data-element_type=\"widget\" data-widget_type=\"heading.default\">\n\t\t\t\t<div class=\"elementor-widget-container\">\n\t\t\t\t\t<h2 class=\"elementor-heading-title elementor-size-default\">Cours de planche \u00e0 voile pour d\u00e9butants avec TWS via Duotone Pro Center Tenerife <\/h2>\t\t\t\t<\/div>\n\t\t\t\t<\/div>\n\t\t\t\t\t<\/div>\n\t\t<\/div>\n\t\t\t\t\t<\/div>\n\t\t<\/section>\n\t\t\t\t<section data-particle_enable=\"false\" data-particle-mobile-disabled=\"false\" class=\"elementor-section elementor-top-section elementor-element elementor-element-19ff23ad elementor-section-full_width elementor-section-height-default elementor-section-height-default\" data-id=\"19ff23ad\" data-element_type=\"section\" data-settings=\"{&quot;jet_parallax_layout_list&quot;:[]}\">\n\t\t\t\t\t\t<div class=\"elementor-container elementor-column-gap-no\">\n\t\t\t\t\t<div class=\"elementor-column elementor-col-100 elementor-top-column elementor-element elementor-element-30464b6c\" data-id=\"30464b6c\" data-element_type=\"column\">\n\t\t\t<div class=\"elementor-widget-wrap elementor-element-populated\">\n\t\t\t\t\t\t<div class=\"elementor-element elementor-element-75995442 elementor-widget elementor-widget-image\" data-id=\"75995442\" data-element_type=\"widget\" data-widget_type=\"image.default\">\n\t\t\t\t<div class=\"elementor-widget-container\">\n\t\t\t\t\t\t\t\t\t\t\t\t\t\t\t<img fetchpriority=\"high\" decoding=\"async\" width=\"800\" height=\"134\" src=\"https:\/\/twstest.072design.site\/wp-content\/uploads\/2024\/09\/Montana-Roja-1024x171.png\" class=\"attachment-large size-large wp-image-420\" alt=\"Montana Roja shape\" srcset=\"https:\/\/twstest.072design.site\/wp-content\/uploads\/2024\/09\/Montana-Roja-1024x171.png 1024w, https:\/\/twstest.072design.site\/wp-content\/uploads\/2024\/09\/Montana-Roja-300x50.png 300w, https:\/\/twstest.072design.site\/wp-content\/uploads\/2024\/09\/Montana-Roja-768x128.png 768w, https:\/\/twstest.072design.site\/wp-content\/uploads\/2024\/09\/Montana-Roja-600x100.png 600w, https:\/\/twstest.072design.site\/wp-content\/uploads\/2024\/09\/Montana-Roja.png 1199w\" sizes=\"(max-width: 800px) 100vw, 800px\" \/>\t\t\t\t\t\t\t\t\t\t\t\t\t\t\t<\/div>\n\t\t\t\t<\/div>\n\t\t\t\t\t<\/div>\n\t\t<\/div>\n\t\t\t\t\t<\/div>\n\t\t<\/section>\n\t\t\t\t<section data-particle_enable=\"false\" data-particle-mobile-disabled=\"false\" class=\"elementor-section elementor-top-section elementor-element elementor-element-6b74dd40 elementor-section-boxed elementor-section-height-default elementor-section-height-default\" data-id=\"6b74dd40\" data-element_type=\"section\" data-settings=\"{&quot;jet_parallax_layout_list&quot;:[]}\">\n\t\t\t\t\t\t<div class=\"elementor-container elementor-column-gap-default\">\n\t\t\t\t\t<div class=\"elementor-column elementor-col-50 elementor-top-column elementor-element elementor-element-7a2e51d\" data-id=\"7a2e51d\" data-element_type=\"column\" data-settings=\"{&quot;background_background&quot;:&quot;classic&quot;}\">\n\t\t\t<div class=\"elementor-widget-wrap elementor-element-populated\">\n\t\t\t\t\t\t<div class=\"elementor-element elementor-element-c41289c elementor-widget elementor-widget-heading\" data-id=\"c41289c\" data-element_type=\"widget\" data-widget_type=\"heading.default\">\n\t\t\t\t<div class=\"elementor-widget-container\">\n\t\t\t\t\t<h2 class=\"elementor-heading-title elementor-size-default\">Vous \u00eates nouveau sur le spot ?<\/h2>\t\t\t\t<\/div>\n\t\t\t\t<\/div>\n\t\t\t\t<div class=\"elementor-element elementor-element-29b8e38 elementor-widget elementor-widget-heading\" data-id=\"29b8e38\" data-element_type=\"widget\" data-widget_type=\"heading.default\">\n\t\t\t\t<div class=\"elementor-widget-container\">\n\t\t\t\t\t<h2 class=\"elementor-heading-title elementor-size-default\">Nous pouvez vous aider !<\/h2>\t\t\t\t<\/div>\n\t\t\t\t<\/div>\n\t\t\t\t<div class=\"elementor-element elementor-element-230533c elementor-widget elementor-widget-text-editor\" data-id=\"230533c\" data-element_type=\"widget\" data-widget_type=\"text-editor.default\">\n\t\t\t\t<div class=\"elementor-widget-container\">\n\t\t\t\t\t\t\t\t\t<p><span data-contrast=\"auto\">\u00c0 Tenerife Windsurf Solution (TWS), nous nous associons \u00e0 <a href=\"https:\/\/www.dpc-tenerife.com\" target=\"_blank\" rel=\"noopener\">Duotone Pro Center Tenerife<\/a>, sp\u00e9cialiste des cours de windsurf, pour offrir aux d\u00e9butants une introduction parfaite au windsurf.<\/span><\/p>\n<p><span data-contrast=\"auto\"> Que vous soyez compl\u00e8tement novice en mati\u00e8re de sport nautiques ou que vous cherchiez \u00e0 prendre confiance en vous sur l&rsquo;eau, leurs instructeurs exp\u00e9riment\u00e9s vous guideront \u00e0 chaque \u00e9tape dans un environnement amusant et encourageant.<\/span><span data-ccp-props=\"{}\"> <\/span><\/p>\n<p><span data-contrast=\"auto\"><strong>Ce qui est inclus dans les le\u00e7ons pour d\u00e9butants<\/strong>:<\/span><\/p>\n<ol>\n<li><span data-contrast=\"auto\"><strong>Enseignement professionnel<\/strong>: <\/span><span data-contrast=\"auto\">Apprennez avec des moniteurs qualifi\u00e9s et sympathiques, passionn\u00e9s par l&rsquo;id\u00e9e de vous aider \u00e0 progresser. Chaque le\u00e7on est adapt\u00e9e \u00e0 votre rythme individuel, ce qui vous permet d&rsquo;acqu\u00e9rir les comp\u00e9tences et la confiance n\u00e9cessaires pour appr\u00e9cier le windsurf. <\/span><\/li>\n<li><strong>Mat\u00e9riel de haute qualit\u00e9<\/strong>: <span data-contrast=\"auto\">Duotone Pro Center Tenerife fournit du mat\u00e9riel haut de gamme, notamment des planches stables pour d\u00e9butants et des voiles l\u00e9g\u00e8res et faciles \u00e0 manier. Tout est con\u00e7u pour rendre l&rsquo;apprentissage confortable et agr\u00e9able. <\/span><\/li>\n<li><span data-contrast=\"auto\"><strong>Des conditions d&rsquo;apprentissage id\u00e9ales<\/strong>: <\/span><span data-contrast=\"auto\">El M\u00e9dano est c\u00e9l\u00e8bre pour ses vents fiables et ses eaux s\u00fbres et peu profondes, ce qui en fait un endroit id\u00e9al pour les d\u00e9butants qui veulent apprendre la le windsurf dans un cadre d\u00e9tendu et magnifique.<\/span><\/li>\n<li><span data-contrast=\"auto\"><strong>Le\u00e7ons personnalis\u00e9es<\/strong>: <\/span><span data-contrast=\"auto\">Que vous souhaitiez des le\u00e7ons individuelles ou faire partie d\u00b4un petit groupe, Duotone Pro Center offre des options flexibles. Les sessions priv\u00e9es permettent de se concentrer sur le progr\u00e8s, tandis que les le\u00e7ons en groupe offrent une exp\u00e9rience d&rsquo;apprentissage amusante et sociale. <\/span><\/li>\n<li><span data-contrast=\"auto\"><strong>Progression \u00e9tape par \u00e9tape :<\/strong> <\/span><span data-contrast=\"auto\">Les le\u00e7ons commencent par les bases : apprendre \u00e0 se tenir en \u00e9quilibre sur la planche, \u00e0 manier la voile et \u00e0 comprendre la direction du vent. Au fur et \u00e0 mesure de la progression, vous passerez rapidement aux virements de bord, aux virages et \u00e0 la pprise de vitesse, ce qui te permettra d\u00b4apr\u00e9cier tes futures sessions. <\/span><\/li>\n<li><span data-contrast=\"auto\"><strong>Environnement s\u00fbr et favorable<\/strong>: <\/span><span data-contrast=\"auto\">La s\u00e9curit\u00e9 est une priorit\u00e9, et tous les instructeurs veillent \u00e0 ce que vous vous sentiez \u00e0 l&rsquo;aise et confiant lorsque de la pratique du windsurf. Vous apprendrez \u00e0 votre rythme, dans une atmosph\u00e8re encourageante, sans stress. <\/span><span data-ccp-props=\"{}\"> <\/span><\/li>\n<\/ol>\n<p><span data-contrast=\"auto\"><br \/><strong>Pack de le\u00e7ons<\/strong>:<\/span><span data-ccp-props=\"{}\"> <\/span><\/p>\n<p><span data-contrast=\"auto\">Duotone Pro Center Tenerife propose diff\u00e9rentes formules de cours pour d\u00e9butants, allant de la s\u00e9ance unique au stage de plusieurs jours, ce qui vous permets de choisir l&rsquo;option la plus adapt\u00e9e \u00e0 votre emploi du temps et \u00e0 vos objectifs.<\/span><\/p>\n<ul>\n<li><span data-contrast=\"auto\"><strong>Cours priv\u00e9s<\/strong>: Parfaits pour essayer le windsurf pour la premi\u00e8re fois.<\/span><\/li>\n<li><span data-contrast=\"auto\"><strong>Plusieurs cours d\u00b4affil\u00e9<\/strong>: Id\u00e9al pour ceux qui cherchent \u00e0 d\u00e9velopper leurs comp\u00e9tences sur quelques jours avec un enseignement et une pratique coh\u00e9rents.<\/span><span data-ccp-props=\"{}\"> <\/span><\/li>\n<\/ul>\n<p><strong><br \/>R\u00e9servez votre le\u00e7on <\/strong><\/p>\n<p><span data-contrast=\"auto\">Pour r\u00e9server vos cours de planche \u00e0 voile windsurf pour d\u00e9butants, il vous suffit de vous rendre sur place, de <a href=\"https:\/\/www.dpc-tenerife.com\/book-now\" target=\"_blank\" rel=\"noopener\">r\u00e9server directement sur le site Internet de Duotone Pro Center<\/a> ou de <a href=\"https:\/\/twstest.072design.site\/contact\/\">nous contacter<\/a> pour plus d&rsquo;informations. Que vous soyez \u00e0 la recherche d&rsquo;une exp\u00e9rience ponctuelle ou que vous vouliez ma\u00eetriser les bases sur plusieurs jours, Duotone Pro Center Tenerife veillera \u00e0 tout. <\/span><span data-ccp-props=\"{}\"> <\/span><\/p>\n<p><span data-contrast=\"auto\">D\u00e9couvrez les sensations du windsurf avec les conseils avis\u00e9s des moniteurs du Duotone Pro Center Tenerife, et faites de vos premiers pas dans le monde du windsurf une aventure passionnante et enrichissante !<\/span><span data-ccp-props=\"{}\"> <\/span><\/p>\n\t\t\t\t\t\t\t\t<\/div>\n\t\t\t\t<\/div>\n\t\t\t\t<div class=\"elementor-element elementor-element-3e96aca elementor-widget elementor-widget-text-editor\" data-id=\"3e96aca\" data-element_type=\"widget\" data-widget_type=\"text-editor.default\">\n\t\t\t\t<div class=\"elementor-widget-container\">\n\t\t\t\t\t\t\t\t\t<p><b><a href=\"#newsletter\">Laissez votre adresse e-mail<\/a> pour recevoir des alertes pour les nouvelles cliniques et le\u00e7ons.<\/b><\/p>\n\t\t\t\t\t\t\t\t<\/div>\n\t\t\t\t<\/div>\n\t\t\t\t\t<\/div>\n\t\t<\/div>\n\t\t\t\t<div class=\"elementor-column elementor-col-50 elementor-top-column elementor-element elementor-element-59bb3f70\" data-id=\"59bb3f70\" data-element_type=\"column\" data-settings=\"{&quot;background_background&quot;:&quot;classic&quot;}\">\n\t\t\t<div class=\"elementor-widget-wrap elementor-element-populated\">\n\t\t\t\t\t\t<div class=\"elementor-element elementor-element-a0f83f7 elementor-widget elementor-widget-image\" data-id=\"a0f83f7\" data-element_type=\"widget\" data-widget_type=\"image.default\">\n\t\t\t\t<div class=\"elementor-widget-container\">\n\t\t\t\t\t\t\t\t\t\t\t\t\t\t\t<img decoding=\"async\" width=\"800\" height=\"800\" src=\"https:\/\/twstest.072design.site\/wp-content\/uploads\/2024\/09\/lesson3.jpg\" class=\"attachment-large size-large wp-image-1923\" alt=\"\" srcset=\"https:\/\/twstest.072design.site\/wp-content\/uploads\/2024\/09\/lesson3.jpg 1024w, https:\/\/twstest.072design.site\/wp-content\/uploads\/2024\/09\/lesson3-300x300.jpg 300w, https:\/\/twstest.072design.site\/wp-content\/uploads\/2024\/09\/lesson3-150x150.jpg 150w, https:\/\/twstest.072design.site\/wp-content\/uploads\/2024\/09\/lesson3-768x768.jpg 768w, https:\/\/twstest.072design.site\/wp-content\/uploads\/2024\/09\/lesson3-600x600.jpg 600w, https:\/\/twstest.072design.site\/wp-content\/uploads\/2024\/09\/lesson3-100x100.jpg 100w\" sizes=\"(max-width: 800px) 100vw, 800px\" \/>\t\t\t\t\t\t\t\t\t\t\t\t\t\t\t<\/div>\n\t\t\t\t<\/div>\n\t\t\t\t<div class=\"elementor-element elementor-element-312d47a elementor-widget elementor-widget-image\" data-id=\"312d47a\" data-element_type=\"widget\" data-widget_type=\"image.default\">\n\t\t\t\t<div class=\"elementor-widget-container\">\n\t\t\t\t\t\t\t\t\t\t\t\t\t\t\t<img decoding=\"async\" width=\"800\" height=\"800\" src=\"https:\/\/twstest.072design.site\/wp-content\/uploads\/2024\/09\/lesson1.jpg\" class=\"attachment-large size-large wp-image-1909\" alt=\"\" srcset=\"https:\/\/twstest.072design.site\/wp-content\/uploads\/2024\/09\/lesson1.jpg 1024w, https:\/\/twstest.072design.site\/wp-content\/uploads\/2024\/09\/lesson1-300x300.jpg 300w, https:\/\/twstest.072design.site\/wp-content\/uploads\/2024\/09\/lesson1-150x150.jpg 150w, https:\/\/twstest.072design.site\/wp-content\/uploads\/2024\/09\/lesson1-768x768.jpg 768w, https:\/\/twstest.072design.site\/wp-content\/uploads\/2024\/09\/lesson1-600x600.jpg 600w, https:\/\/twstest.072design.site\/wp-content\/uploads\/2024\/09\/lesson1-100x100.jpg 100w\" sizes=\"(max-width: 800px) 100vw, 800px\" \/>\t\t\t\t\t\t\t\t\t\t\t\t\t\t\t<\/div>\n\t\t\t\t<\/div>\n\t\t\t\t<div class=\"elementor-element elementor-element-1b32a13 elementor-widget elementor-widget-image\" data-id=\"1b32a13\" data-element_type=\"widget\" data-widget_type=\"image.default\">\n\t\t\t\t<div class=\"elementor-widget-container\">\n\t\t\t\t\t\t\t\t\t\t\t\t\t\t\t<img loading=\"lazy\" decoding=\"async\" width=\"800\" height=\"800\" src=\"https:\/\/twstest.072design.site\/wp-content\/uploads\/2024\/09\/lesson4.jpg\" class=\"attachment-large size-large wp-image-1930\" alt=\"\" srcset=\"https:\/\/twstest.072design.site\/wp-content\/uploads\/2024\/09\/lesson4.jpg 1024w, https:\/\/twstest.072design.site\/wp-content\/uploads\/2024\/09\/lesson4-300x300.jpg 300w, https:\/\/twstest.072design.site\/wp-content\/uploads\/2024\/09\/lesson4-150x150.jpg 150w, https:\/\/twstest.072design.site\/wp-content\/uploads\/2024\/09\/lesson4-768x768.jpg 768w, https:\/\/twstest.072design.site\/wp-content\/uploads\/2024\/09\/lesson4-600x600.jpg 600w, https:\/\/twstest.072design.site\/wp-content\/uploads\/2024\/09\/lesson4-100x100.jpg 100w\" sizes=\"(max-width: 800px) 100vw, 800px\" \/>\t\t\t\t\t\t\t\t\t\t\t\t\t\t\t<\/div>\n\t\t\t\t<\/div>\n\t\t\t\t\t<\/div>\n\t\t<\/div>\n\t\t\t\t\t<\/div>\n\t\t<\/section>\n\t\t\t\t<section data-particle_enable=\"false\" data-particle-mobile-disabled=\"false\" class=\"elementor-section elementor-top-section elementor-element elementor-element-e8c0cde elementor-section-boxed elementor-section-height-default elementor-section-height-default\" data-id=\"e8c0cde\" data-element_type=\"section\" data-settings=\"{&quot;jet_parallax_layout_list&quot;:[]}\">\n\t\t\t\t\t\t<div class=\"elementor-container elementor-column-gap-default\">\n\t\t\t\t\t<div class=\"elementor-column elementor-col-100 elementor-top-column elementor-element elementor-element-19edef0\" data-id=\"19edef0\" data-element_type=\"column\">\n\t\t\t<div class=\"elementor-widget-wrap elementor-element-populated\">\n\t\t\t\t\t\t<div class=\"elementor-element elementor-element-9664054 elementor-widget elementor-widget-html\" data-id=\"9664054\" data-element_type=\"widget\" data-widget_type=\"html.default\">\n\t\t\t\t<div class=\"elementor-widget-container\">\n\t\t\t\t\t<script type=\"text\/javascript\" src=\"https:\/\/twswindsurf.vikingbookings.com\/en\/widget.js\"><\/script>\t\t\t\t<\/div>\n\t\t\t\t<\/div>\n\t\t\t\t\t<\/div>\n\t\t<\/div>\n\t\t\t\t\t<\/div>\n\t\t<\/section>\n\t\t\t\t<section data-particle_enable=\"false\" data-particle-mobile-disabled=\"false\" class=\"elementor-section elementor-top-section elementor-element elementor-element-2092f5d3 elementor-section-full_width elementor-section-height-min-height elementor-section-height-default elementor-section-items-middle\" data-id=\"2092f5d3\" data-element_type=\"section\" data-settings=\"{&quot;jet_parallax_layout_list&quot;:[],&quot;background_background&quot;:&quot;video&quot;,&quot;background_video_link&quot;:&quot;https:\\\/\\\/player.vimeo.com\\\/video\\\/1013326155&quot;}\">\n\t\t\t\t\t\t\t\t<div class=\"elementor-background-video-container elementor-hidden-mobile\" aria-hidden=\"true\">\n\t\t\t\t\t\t\t\t\t\t\t\t\t<div class=\"elementor-background-video-embed\"><\/div>\n\t\t\t\t\t\t\t\t\t\t\t\t<\/div>\n\t\t\t\t\t\t\t\t<div class=\"elementor-container elementor-column-gap-no\">\n\t\t\t\t\t<div class=\"elementor-column elementor-col-100 elementor-top-column elementor-element elementor-element-10fc13\" data-id=\"10fc13\" data-element_type=\"column\">\n\t\t\t<div class=\"elementor-widget-wrap\">\n\t\t\t\t\t\t\t<\/div>\n\t\t<\/div>\n\t\t\t\t\t<\/div>\n\t\t<\/section>\n\t\t\t\t<\/div>\n\t\t","protected":false},"excerpt":{"rendered":"<p>Cours de planche \u00e0 voile pour d\u00e9butants avec TWS via Duotone Pro Center Tenerife Vous \u00eates nouveau sur le spot ? Nous pouvez vous aider ! \u00c0 Tenerife Windsurf Solution (TWS), nous nous associons \u00e0 Duotone Pro Center Tenerife, sp\u00e9cialiste des cours de windsurf, pour offrir aux d\u00e9butants une introduction parfaite au windsurf. Que vous [&hellip;]<\/p>\n","protected":false},"author":2,"featured_media":0,"parent":0,"menu_order":0,"comment_status":"closed","ping_status":"closed","template":"elementor_header_footer","meta":{"footnotes":""},"class_list":["post-9660","page","type-page","status-publish","hentry"],"_links":{"self":[{"href":"https:\/\/twstest.072design.site\/fr\/wp-json\/wp\/v2\/pages\/9660","targetHints":{"allow":["GET"]}}],"collection":[{"href":"https:\/\/twstest.072design.site\/fr\/wp-json\/wp\/v2\/pages"}],"about":[{"href":"https:\/\/twstest.072design.site\/fr\/wp-json\/wp\/v2\/types\/page"}],"author":[{"embeddable":true,"href":"https:\/\/twstest.072design.site\/fr\/wp-json\/wp\/v2\/users\/2"}],"replies":[{"embeddable":true,"href":"https:\/\/twstest.072design.site\/fr\/wp-json\/wp\/v2\/comments?post=9660"}],"version-history":[{"count":0,"href":"https:\/\/twstest.072design.site\/fr\/wp-json\/wp\/v2\/pages\/9660\/revisions"}],"wp:attachment":[{"href":"https:\/\/twstest.072design.site\/fr\/wp-json\/wp\/v2\/media?parent=9660"}],"curies":[{"name":"wp","href":"https:\/\/api.w.org\/{rel}","templated":true}]}}