{"id":8292,"date":"2024-10-08T21:11:47","date_gmt":"2024-10-08T21:11:47","guid":{"rendered":"https:\/\/twstest.072design.site\/informativa-sui-cookie\/"},"modified":"2024-10-09T14:45:40","modified_gmt":"2024-10-09T14:45:40","slug":"informativa-sui-cookie","status":"publish","type":"page","link":"https:\/\/twstest.072design.site\/it\/informativa-sui-cookie\/","title":{"rendered":"Informativa sui cookie"},"content":{"rendered":"\t\t<div data-elementor-type=\"wp-page\" data-elementor-id=\"8292\" class=\"elementor elementor-8292 elementor-6636\" data-elementor-post-type=\"page\">\n\t\t\t\t\t\t<section data-particle_enable=\"false\" data-particle-mobile-disabled=\"false\" class=\"elementor-section elementor-top-section elementor-element elementor-element-40dcdbc6 elementor-section-height-min-height elementor-section-boxed elementor-section-height-default elementor-section-items-middle\" data-id=\"40dcdbc6\" data-element_type=\"section\" data-settings=\"{&quot;jet_parallax_layout_list&quot;:[],&quot;background_background&quot;:&quot;video&quot;}\">\n\t\t\t\t\t\t\t<div class=\"elementor-background-overlay\"><\/div>\n\t\t\t\t\t\t\t<div class=\"elementor-container elementor-column-gap-no\">\n\t\t\t\t\t<div class=\"elementor-column elementor-col-100 elementor-top-column elementor-element elementor-element-4d1d086f\" data-id=\"4d1d086f\" data-element_type=\"column\">\n\t\t\t<div class=\"elementor-widget-wrap elementor-element-populated\">\n\t\t\t\t\t\t<div class=\"elementor-element elementor-element-6c15e380 elementor-widget elementor-widget-heading\" data-id=\"6c15e380\" data-element_type=\"widget\" data-widget_type=\"heading.default\">\n\t\t\t\t<div class=\"elementor-widget-container\">\n\t\t\t\t\t<h1 class=\"elementor-heading-title elementor-size-default\">Informativa sui cookie<\/h1>\t\t\t\t<\/div>\n\t\t\t\t<\/div>\n\t\t\t\t\t<\/div>\n\t\t<\/div>\n\t\t\t\t\t<\/div>\n\t\t<\/section>\n\t\t\t\t<section data-particle_enable=\"false\" data-particle-mobile-disabled=\"false\" class=\"elementor-section elementor-top-section elementor-element elementor-element-7e39d98d elementor-section-boxed elementor-section-height-default elementor-section-height-default\" data-id=\"7e39d98d\" data-element_type=\"section\" data-settings=\"{&quot;jet_parallax_layout_list&quot;:[]}\">\n\t\t\t\t\t\t<div class=\"elementor-container elementor-column-gap-default\">\n\t\t\t\t\t<div class=\"elementor-column elementor-col-100 elementor-top-column elementor-element elementor-element-555e200f\" data-id=\"555e200f\" data-element_type=\"column\" data-settings=\"{&quot;background_background&quot;:&quot;classic&quot;}\">\n\t\t\t<div class=\"elementor-widget-wrap elementor-element-populated\">\n\t\t\t\t\t\t<div class=\"elementor-element elementor-element-3c6b422e elementor-widget elementor-widget-heading\" data-id=\"3c6b422e\" data-element_type=\"widget\" data-widget_type=\"heading.default\">\n\t\t\t\t<div class=\"elementor-widget-container\">\n\t\t\t\t\t<h5 class=\"elementor-heading-title elementor-size-default\">Politica dei cookie di Tenerife Windsurf Solutions<\/h5>\t\t\t\t<\/div>\n\t\t\t\t<\/div>\n\t\t\t\t<div class=\"elementor-element elementor-element-0f560f5 elementor-widget elementor-widget-heading\" data-id=\"0f560f5\" data-element_type=\"widget\" data-widget_type=\"heading.default\">\n\t\t\t\t<div class=\"elementor-widget-container\">\n\t\t\t\t\t<h5 class=\"elementor-heading-title elementor-size-default\">Tutto quello che hai sempre voluto sapere sull'uso dei cookie su tws-windsurf.com.<\/h5>\t\t\t\t<\/div>\n\t\t\t\t<\/div>\n\t\t\t\t<div class=\"elementor-element elementor-element-7b43f48 elementor-widget elementor-widget-text-editor\" data-id=\"7b43f48\" data-element_type=\"widget\" data-widget_type=\"text-editor.default\">\n\t\t\t\t<div class=\"elementor-widget-container\">\n\t\t\t\t\t\t\t\t\t<p><b>Cosa sono i cookies?<\/b><\/p>\n<p>I cookie sono piccoli file di dati che vengono scaricati sul tuo dispositivo dal sito web che stai visitando. Alla successiva visita dello stesso sito web, i cookie garantiscono il riconoscimento del tuo dispositivo. Utilizzando i cookie e tecnologie simili, come pixel tag\/beacon e script (&#8220;cookie&#8221;), questo sito web pu\u00f2 salvare informazioni sulle visite e sui visitatori. Alcuni dei cookie vengono inseriti nei siti web da noi stessi, mentre altri cookie vengono inseriti da terze parti. I cookie di terze parti possono raccogliere dati anche al di fuori dei nostri siti web.    <\/p>\n<p>I cookie possono essere utilizzati per rendere pi\u00f9 personale la visita di un sito web, ad esempio: <\/p>\n<ul>\n<li>visualizzando le impostazioni di navigazione pertinenti;<\/li>\n<li>ricordando le preferenze dei visitatori;<\/li>\n<li>migliorare l&#8217;esperienza complessiva dell&#8217;utente e<\/li>\n<li>limitando il numero di annunci visualizzati.<\/li>\n<\/ul>\n<p><b><br \/>L&#8217;uso dei cookie da parte di TWS<\/b><\/p>\n<p>Facendo clic su &#8220;Accetto&#8221; quando viene visualizzato l&#8217;avviso sui cookie o continuando a utilizzare il sito web, acconsenti all&#8217;inserimento e alla lettura dei cookie su tws-windsurf.com e sui relativi sottodomini. TWS utilizza le informazioni raccolte attraverso i cookie per gli scopi indicati nella politica sulla privacy di TWS (Dovrebbe trattarsi di un collegamento ipertestuale all&#8217;informativa sulla privacy sul sito TWS. <\/p>\n<p><b>TWS-WINDSURF.com pu\u00f2 utilizzare tre tipi di cookie<\/b><\/p>\n<p><b>Cookie funzionali<\/b><br \/>Si tratta di cookie che consentono agli utenti di visualizzare tws-windsurf.com, utilizzare le funzioni dei siti web e accedere a parti protette degli stessi. Le informazioni raccolte attraverso questi cookie non vengono utilizzate per scopi di marketing. Se l&#8217;uso di questo tipo di cookie non \u00e8 consentito, le conseguenze saranno le seguenti:    <\/p>\n<ul>\n<li>l&#8217;utilizzo di varie parti di tws-windsurf.com diventer\u00e0 impossibile;<\/li>\n<li>TWS pu\u00f2 fornire meno supporto agli utenti;<\/li>\n<li>TWS non sar\u00e0 in grado di ricordare le tue preferenze per non utilizzare o visualizzare una funzione specifica.<\/li>\n<\/ul>\n<p><b><br \/>Cookie analitici<\/b><br \/>Questi cookie aiutano TWS a migliorare i suoi siti web. I cookie raccolgono informazioni sul modo in cui i visitatori utilizzano tws-windsurf.com, comprese le informazioni sulle pagine pi\u00f9 visitate o sul numero di messaggi di errore visualizzati. I cookie WebAnalytics sono un esempio di questo tipo di cookie.  <br \/><b><br \/>Cookie di marketing e altri cookie<\/b><br \/>I cookie di marketing sono tipicamente inseriti su tws-windsurf.com da reti pubblicitarie. Questi network sono aziende che fungono da intermediari tra TWS e gli inserzionisti. Questi cookie vengono utilizzati per:    <\/p>\n<ul>\n<li>mostrare pubblicit\u00e0 o offerte pertinenti e personalizzate attraverso ogni tipo di mezzo di comunicazione (come e-mail, social media e banner pubblicitari) in base alle tue visite e ai tuoi clic su tws-windsurf.com;<\/li>\n<li>limitare il numero di volte in cui ogni annuncio viene visualizzato;<\/li>\n<li>misurare l&#8217;efficacia di una campagna pubblicitaria;<\/li>\n<li>creare un collegamento con i social media, in modo da essere riconosciuto quando desideri utilizzare i social media attraverso tws-windsurf.com.<\/li>\n<\/ul>\n<p><b><br \/>Regolare le impostazioni dei cookie e cancellarli<\/b><\/p>\n<p>Se non vuoi che TWS inserisca dei cookie sul tuo dispositivo, puoi rifiutarne l&#8217;uso attraverso le impostazioni o le opzioni del tuo browser. Puoi anche rifiutare solo i cookie dei nostri partner. \u00c8 necessario regolare separatamente le impostazioni per ogni browser e per ogni computer. I link sottostanti ti porteranno direttamente alla guida del tuo browser.     <\/p>\n<ul>\n<li><a href=\"https:\/\/support.google.com\/chrome\/answer\/95647?hl=en\" target=\"_blank\" rel=\"noopener\">Chrome<\/a><\/li>\n<li><a href=\"https:\/\/support.mozilla.org\/en-US\/kb\/cookies-information-websites-store-on-your-computer\" target=\"_blank\" rel=\"noopener\">Firefox<\/a> \ue104<\/li>\n<li><a href=\"https:\/\/support.microsoft.com\/en-us\/help\/17442\/windows-internet-explorer-delete-manage-cookies#ie=ie-11\" target=\"_blank\" rel=\"noopener\">Internet Explorer<\/a> \ue104<\/li>\n<li><a href=\"https:\/\/support.apple.com\/kb\/PH21411?locale=en_US&amp;viewlocale=en_US\" target=\"_blank\" rel=\"noopener\">Safari<\/a> \ue104<\/li>\n<\/ul>\n<p>Tieni presente che, se modifichi le impostazioni dei cookie di tws-windsurf.com, potresti non essere pi\u00f9 in grado di utilizzare correttamente alcune parti di tws-windsurf.com.<\/p>\n<p><b>Maggiori informazioni sui cookie<\/b><\/p>\n<p>Le tue scelte online&#8221;<a href=\"http:\/\/www.youronlinechoices.com\/\" target=\"_blank\" rel=\"noopener\">(www.youronlinechoices.com<\/a> ) \u00e8 un sito web offerto dal settore della pubblicit\u00e0 su internet che contiene informazioni sulla &#8220;pubblicit\u00e0 comportamentale&#8221;, sulla &#8220;privacy online&#8221; e sulle opzioni di opt-out.<\/p>\n<p>In caso di modifica della presente politica sui cookie o dei cookie inseriti, provvederemo a modificare la politica e l&#8217;elenco dei cookie inseriti.<\/p>\n<p>La versione pi\u00f9 recente della presente informativa sui cookie \u00e8 datata <sup>24<\/sup> maggio 18.<\/p>\n\t\t\t\t\t\t\t\t<\/div>\n\t\t\t\t<\/div>\n\t\t\t\t\t<\/div>\n\t\t<\/div>\n\t\t\t\t\t<\/div>\n\t\t<\/section>\n\t\t\t\t<\/div>\n\t\t","protected":false},"excerpt":{"rendered":"<p>Informativa sui cookie Politica dei cookie di Tenerife Windsurf Solutions Tutto quello che hai sempre voluto sapere sull&#8217;uso dei cookie su tws-windsurf.com. Cosa sono i cookies? I cookie sono piccoli file di dati che vengono scaricati sul tuo dispositivo dal sito web che stai visitando. Alla successiva visita dello stesso sito web, i cookie garantiscono [&hellip;]<\/p>\n","protected":false},"author":2,"featured_media":0,"parent":0,"menu_order":0,"comment_status":"closed","ping_status":"closed","template":"elementor_header_footer","meta":{"footnotes":""},"class_list":["post-8292","page","type-page","status-publish","hentry"],"_links":{"self":[{"href":"https:\/\/twstest.072design.site\/it\/wp-json\/wp\/v2\/pages\/8292","targetHints":{"allow":["GET"]}}],"collection":[{"href":"https:\/\/twstest.072design.site\/it\/wp-json\/wp\/v2\/pages"}],"about":[{"href":"https:\/\/twstest.072design.site\/it\/wp-json\/wp\/v2\/types\/page"}],"author":[{"embeddable":true,"href":"https:\/\/twstest.072design.site\/it\/wp-json\/wp\/v2\/users\/2"}],"replies":[{"embeddable":true,"href":"https:\/\/twstest.072design.site\/it\/wp-json\/wp\/v2\/comments?post=8292"}],"version-history":[{"count":0,"href":"https:\/\/twstest.072design.site\/it\/wp-json\/wp\/v2\/pages\/8292\/revisions"}],"wp:attachment":[{"href":"https:\/\/twstest.072design.site\/it\/wp-json\/wp\/v2\/media?parent=8292"}],"curies":[{"name":"wp","href":"https:\/\/api.w.org\/{rel}","templated":true}]}}