{"id":8296,"date":"2024-09-28T07:18:42","date_gmt":"2024-09-28T07:18:42","guid":{"rendered":"https:\/\/twstest.072design.site\/lezioni-di-efoil\/"},"modified":"2024-10-09T15:03:53","modified_gmt":"2024-10-09T15:03:53","slug":"lezioni-di-efoil","status":"publish","type":"page","link":"https:\/\/twstest.072design.site\/it\/lezioni-di-efoil\/","title":{"rendered":"Lezioni di eFoil"},"content":{"rendered":"\t\t<div data-elementor-type=\"wp-page\" data-elementor-id=\"8296\" class=\"elementor elementor-8296 elementor-2373\" data-elementor-post-type=\"page\">\n\t\t\t\t\t\t<section data-particle_enable=\"false\" data-particle-mobile-disabled=\"false\" class=\"elementor-section elementor-top-section elementor-element elementor-element-77274fe0 elementor-section-height-min-height elementor-section-boxed elementor-section-height-default elementor-section-items-middle\" data-id=\"77274fe0\" data-element_type=\"section\" data-settings=\"{&quot;jet_parallax_layout_list&quot;:[],&quot;background_background&quot;:&quot;video&quot;,&quot;background_video_link&quot;:&quot;https:\\\/\\\/player.vimeo.com\\\/video\\\/1014293131&quot;}\">\n\t\t\t\t\t\t\t\t<div class=\"elementor-background-video-container elementor-hidden-mobile\" aria-hidden=\"true\">\n\t\t\t\t\t\t\t\t\t\t\t\t\t<div class=\"elementor-background-video-embed\"><\/div>\n\t\t\t\t\t\t\t\t\t\t\t\t<\/div>\n\t\t\t\t\t\t\t\t\t<div class=\"elementor-background-overlay\"><\/div>\n\t\t\t\t\t\t\t<div class=\"elementor-container elementor-column-gap-no\">\n\t\t\t\t\t<div class=\"elementor-column elementor-col-100 elementor-top-column elementor-element elementor-element-7186961c\" data-id=\"7186961c\" data-element_type=\"column\">\n\t\t\t<div class=\"elementor-widget-wrap elementor-element-populated\">\n\t\t\t\t\t\t<div class=\"elementor-element elementor-element-6e81d618 elementor-widget elementor-widget-heading\" data-id=\"6e81d618\" data-element_type=\"widget\" data-widget_type=\"heading.default\">\n\t\t\t\t<div class=\"elementor-widget-container\">\n\t\t\t\t\t<h2 class=\"elementor-heading-title elementor-size-default\">Lezioni e noleggio di E-Foil<\/h2>\t\t\t\t<\/div>\n\t\t\t\t<\/div>\n\t\t\t\t\t<\/div>\n\t\t<\/div>\n\t\t\t\t\t<\/div>\n\t\t<\/section>\n\t\t\t\t<section data-particle_enable=\"false\" data-particle-mobile-disabled=\"false\" class=\"elementor-section elementor-top-section elementor-element elementor-element-6b74dd40 elementor-section-boxed elementor-section-height-default elementor-section-height-default\" data-id=\"6b74dd40\" data-element_type=\"section\" data-settings=\"{&quot;jet_parallax_layout_list&quot;:[]}\">\n\t\t\t\t\t\t<div class=\"elementor-container elementor-column-gap-default\">\n\t\t\t\t\t<div class=\"elementor-column elementor-col-50 elementor-top-column elementor-element elementor-element-59bb3f70\" data-id=\"59bb3f70\" data-element_type=\"column\" data-settings=\"{&quot;background_background&quot;:&quot;classic&quot;}\">\n\t\t\t<div class=\"elementor-widget-wrap elementor-element-populated\">\n\t\t\t\t\t\t<div class=\"elementor-element elementor-element-a0f83f7 elementor-widget elementor-widget-image\" data-id=\"a0f83f7\" data-element_type=\"widget\" data-widget_type=\"image.default\">\n\t\t\t\t<div class=\"elementor-widget-container\">\n\t\t\t\t\t\t\t\t\t\t\t\t\t\t\t<img fetchpriority=\"high\" decoding=\"async\" width=\"800\" height=\"800\" src=\"https:\/\/twstest.072design.site\/wp-content\/uploads\/2024\/09\/efoil4.jpg\" class=\"attachment-large size-large wp-image-2591\" alt=\"\" srcset=\"https:\/\/twstest.072design.site\/wp-content\/uploads\/2024\/09\/efoil4.jpg 1024w, https:\/\/twstest.072design.site\/wp-content\/uploads\/2024\/09\/efoil4-300x300.jpg 300w, https:\/\/twstest.072design.site\/wp-content\/uploads\/2024\/09\/efoil4-150x150.jpg 150w, https:\/\/twstest.072design.site\/wp-content\/uploads\/2024\/09\/efoil4-768x768.jpg 768w, https:\/\/twstest.072design.site\/wp-content\/uploads\/2024\/09\/efoil4-600x600.jpg 600w, https:\/\/twstest.072design.site\/wp-content\/uploads\/2024\/09\/efoil4-100x100.jpg 100w\" sizes=\"(max-width: 800px) 100vw, 800px\" \/>\t\t\t\t\t\t\t\t\t\t\t\t\t\t\t<\/div>\n\t\t\t\t<\/div>\n\t\t\t\t<div class=\"elementor-element elementor-element-312d47a elementor-widget elementor-widget-image\" data-id=\"312d47a\" data-element_type=\"widget\" data-widget_type=\"image.default\">\n\t\t\t\t<div class=\"elementor-widget-container\">\n\t\t\t\t\t\t\t\t\t\t\t\t\t\t\t<img decoding=\"async\" width=\"800\" height=\"800\" src=\"https:\/\/twstest.072design.site\/wp-content\/uploads\/2024\/09\/efoil2.jpg\" class=\"attachment-large size-large wp-image-2577\" alt=\"\" srcset=\"https:\/\/twstest.072design.site\/wp-content\/uploads\/2024\/09\/efoil2.jpg 1024w, https:\/\/twstest.072design.site\/wp-content\/uploads\/2024\/09\/efoil2-300x300.jpg 300w, https:\/\/twstest.072design.site\/wp-content\/uploads\/2024\/09\/efoil2-150x150.jpg 150w, https:\/\/twstest.072design.site\/wp-content\/uploads\/2024\/09\/efoil2-768x768.jpg 768w, https:\/\/twstest.072design.site\/wp-content\/uploads\/2024\/09\/efoil2-600x600.jpg 600w, https:\/\/twstest.072design.site\/wp-content\/uploads\/2024\/09\/efoil2-100x100.jpg 100w\" sizes=\"(max-width: 800px) 100vw, 800px\" \/>\t\t\t\t\t\t\t\t\t\t\t\t\t\t\t<\/div>\n\t\t\t\t<\/div>\n\t\t\t\t<div class=\"elementor-element elementor-element-1b32a13 elementor-widget elementor-widget-image\" data-id=\"1b32a13\" data-element_type=\"widget\" data-widget_type=\"image.default\">\n\t\t\t\t<div class=\"elementor-widget-container\">\n\t\t\t\t\t\t\t\t\t\t\t\t\t\t\t<img decoding=\"async\" width=\"800\" height=\"800\" src=\"https:\/\/twstest.072design.site\/wp-content\/uploads\/2024\/09\/efoil3.jpg\" class=\"attachment-large size-large wp-image-2584\" alt=\"\" srcset=\"https:\/\/twstest.072design.site\/wp-content\/uploads\/2024\/09\/efoil3.jpg 1024w, https:\/\/twstest.072design.site\/wp-content\/uploads\/2024\/09\/efoil3-300x300.jpg 300w, https:\/\/twstest.072design.site\/wp-content\/uploads\/2024\/09\/efoil3-150x150.jpg 150w, https:\/\/twstest.072design.site\/wp-content\/uploads\/2024\/09\/efoil3-768x768.jpg 768w, https:\/\/twstest.072design.site\/wp-content\/uploads\/2024\/09\/efoil3-600x600.jpg 600w, https:\/\/twstest.072design.site\/wp-content\/uploads\/2024\/09\/efoil3-100x100.jpg 100w\" sizes=\"(max-width: 800px) 100vw, 800px\" \/>\t\t\t\t\t\t\t\t\t\t\t\t\t\t\t<\/div>\n\t\t\t\t<\/div>\n\t\t\t\t<div class=\"elementor-element elementor-element-0acbbd4 elementor-widget elementor-widget-image\" data-id=\"0acbbd4\" data-element_type=\"widget\" data-widget_type=\"image.default\">\n\t\t\t\t<div class=\"elementor-widget-container\">\n\t\t\t\t\t\t\t\t\t\t\t\t\t\t\t<img loading=\"lazy\" decoding=\"async\" width=\"800\" height=\"800\" src=\"https:\/\/twstest.072design.site\/wp-content\/uploads\/2024\/09\/efoil1.jpg\" class=\"attachment-large size-large wp-image-2570\" alt=\"\" srcset=\"https:\/\/twstest.072design.site\/wp-content\/uploads\/2024\/09\/efoil1.jpg 1024w, https:\/\/twstest.072design.site\/wp-content\/uploads\/2024\/09\/efoil1-300x300.jpg 300w, https:\/\/twstest.072design.site\/wp-content\/uploads\/2024\/09\/efoil1-150x150.jpg 150w, https:\/\/twstest.072design.site\/wp-content\/uploads\/2024\/09\/efoil1-768x768.jpg 768w, https:\/\/twstest.072design.site\/wp-content\/uploads\/2024\/09\/efoil1-600x600.jpg 600w, https:\/\/twstest.072design.site\/wp-content\/uploads\/2024\/09\/efoil1-100x100.jpg 100w\" sizes=\"(max-width: 800px) 100vw, 800px\" \/>\t\t\t\t\t\t\t\t\t\t\t\t\t\t\t<\/div>\n\t\t\t\t<\/div>\n\t\t\t\t\t<\/div>\n\t\t<\/div>\n\t\t\t\t<div class=\"elementor-column elementor-col-50 elementor-top-column elementor-element elementor-element-7a2e51d\" data-id=\"7a2e51d\" data-element_type=\"column\" data-settings=\"{&quot;background_background&quot;:&quot;classic&quot;}\">\n\t\t\t<div class=\"elementor-widget-wrap elementor-element-populated\">\n\t\t\t\t\t\t<div class=\"elementor-element elementor-element-c036f9f elementor-widget elementor-widget-heading\" data-id=\"c036f9f\" data-element_type=\"widget\" data-widget_type=\"heading.default\">\n\t\t\t\t<div class=\"elementor-widget-container\">\n\t\t\t\t\t<h2 class=\"elementor-heading-title elementor-size-default\">Prova il brivido di volare sopra l'acqua con le lezioni e il noleggio di e-foil<\/h2>\t\t\t\t<\/div>\n\t\t\t\t<\/div>\n\t\t\t\t<div class=\"elementor-element elementor-element-75224a5 elementor-widget elementor-widget-heading\" data-id=\"75224a5\" data-element_type=\"widget\" data-widget_type=\"heading.default\">\n\t\t\t\t<div class=\"elementor-widget-container\">\n\t\t\t\t\t<h2 class=\"elementor-heading-title elementor-size-default\">offerto da Tenerife Windsurf Solution (TWS) in collaborazione con Duotone Pro Center Tenerife.<\/h2>\t\t\t\t<\/div>\n\t\t\t\t<\/div>\n\t\t\t\t<div class=\"elementor-element elementor-element-230533c elementor-widget elementor-widget-text-editor\" data-id=\"230533c\" data-element_type=\"widget\" data-widget_type=\"text-editor.default\">\n\t\t\t\t<div class=\"elementor-widget-container\">\n\t\t\t\t\t\t\t\t\t<p><span data-contrast=\"auto\"> <\/span><span style=\"color: var( --e-global-color-text ); font-family: var( --e-global-typography-text-font-family ), Sans-serif; font-size: var( --e-global-typography-text-font-size ); font-weight: var( --e-global-typography-text-font-weight );\">Che tu sia alle prime armi con l&#8217;e-foiling o che voglia migliorare le tue capacit\u00e0, i nostri istruttori esperti e le nostre attrezzature di ultima generazione ti aiuteranno a volare senza sforzo sull&#8217;oceano, aggiungendo una nuova dimensione alla tua avventura negli sport acquatici.<\/span><\/p>\n<p><strong>Lezioni di E-Foil<\/strong><span data-ccp-props=\"{}\"> <\/span><\/p>\n<p><span data-contrast=\"auto\">Per chi \u00e8 alle prime armi con l&#8217;e-foil, le nostre <strong>lezioni di e-foil<\/strong> sono l&#8217;introduzione perfetta.<\/span><\/p>\n<p><span data-contrast=\"auto\">Gli istruttori del <strong>Duotone Pro Center Tenerife<\/strong> sono esperti, pazienti e specializzati nell&#8217;aiutarti ad acquisire rapidamente fiducia e controllo in acqua.<\/span><\/p>\n<p><span data-contrast=\"auto\"><strong>Cosa \u00e8 incluso nelle lezioni di E-Foil<\/strong>:<\/span><span data-ccp-props=\"{}\"> <\/span><\/p>\n<ol>\n<li><span data-contrast=\"auto\"><strong>Istruzioni per principianti<\/strong>:<br \/><\/span><span data-contrast=\"auto\">&#8211; Non \u00e8 richiesta alcuna esperienza precedente. Le lezioni sono pensate per farti volare in poco tempo, iniziando con l&#8217;equilibrio e il controllo di base e passando gradualmente a manovre pi\u00f9 dinamiche. <\/span><span data-ccp-props=\"{}\"><br \/>&#8211; <\/span><span data-contrast=\"auto\">Imparare a gestire correttamente l&#8217;e-foil, compreso il controllo del telecomando, l&#8217;equilibrio e come decollare e atterrare in sicurezza sull&#8217;acqua.<\/span>\n<\/p>\n<\/li>\n<\/ol>\n<ol start=\"2\">\n<li><span data-contrast=\"auto\"><strong>La sicurezza prima di tutto<\/strong>:<br \/><\/span><span data-contrast=\"auto\">-E-foiling \u00e8 facile da imparare ma richiede istruzioni per una guida sicura ed efficiente. Le nostre lezioni si concentrano sulla sicurezza, assicurandoti di comprendere l&#8217;attrezzatura e le tecniche prima di uscire da solo. <\/span><span data-ccp-props=\"{}\"><br \/><\/span><span data-contrast=\"auto\">&#8211; Le istruzioni comprendono la corretta gestione del motore elettrico e della tavola, per aiutarti a sentirti a tuo agio in acqua.<\/span>\n<\/p>\n<\/li>\n<\/ol>\n<ol start=\"3\">\n<li><span data-contrast=\"auto\"><strong>Progressione graduale<\/strong>:<br \/><\/span><span data-contrast=\"auto\">&#8211; Le lezioni iniziano su acqua piatta, per permetterti di prendere confidenza con l&#8217;e-foil prima di passare a condizioni pi\u00f9 impegnative. Imparerai a mantenere la velocit\u00e0, a regolare la posizione del corpo e a volare in modo fluido man mano che ti sentirai pi\u00f9 a tuo agio. <\/span>\n<\/p>\n<\/li>\n<\/ol>\n<ol start=\"4\">\n<li><span data-contrast=\"auto\"><strong>Attrezzature di alta qualit\u00e0<\/strong>:<br \/><\/span><span data-contrast=\"auto\">-Navigerai su <strong>Lift Foil<\/strong>, uno dei migliori marchi di e-foil al mondo, noto per le sue alte prestazioni e la sua affidabilit\u00e0. Le tavole sono progettate per rendere l&#8217;apprendimento facile e divertente, anche per i principianti. <\/span>\n<\/p>\n<\/li>\n<\/ol>\n<ol start=\"5\">\n<li><span data-contrast=\"auto\"><strong>Istruttori multilingue<\/strong>:<br \/><\/span><span data-contrast=\"auto\">&#8211; Gli istruttori del Duotone Pro Center parlano pi\u00f9 lingue, tra cui l&#8217;inglese, spagnolo e tedesco, garantendo una comunicazione chiara e un insegnamento adatto al tuo livello.<\/span><span data-ccp-props=\"{}\"> <\/span><\/li>\n<\/ol>\n<p><span data-ccp-props=\"{}\"> <\/span><\/p>\n<p><span data-contrast=\"auto\"><strong>Pacchetti di lezioni<\/strong>:<\/span><span data-ccp-props=\"{}\"> <\/span><\/p>\n<ul>\n<li><span data-contrast=\"auto\"><strong>Lezione introduttiva (1-1,5 ore)<\/strong>: Ideale per chi \u00e8 alle prime armi, questa sessione copre tutte le nozioni di base, tra cui come gestire la tavola, controllare la velocit\u00e0 e mantenere l&#8217;equilibrio.<\/span><\/li>\n<li><span data-contrast=\"auto\"><strong>Sessioni progressive<\/strong>: Per chi vuole spingersi oltre con l&#8217;e-foiling, \u00e8 possibile prenotare lezioni aggiuntive per affinare le proprie abilit\u00e0, provare manovre pi\u00f9 avanzate e godersi sessioni pi\u00f9 lunghe in acqua.<\/span><span data-ccp-props=\"{}\"> <\/span><\/li>\n<\/ul>\n<p><strong><br \/>Noleggo E-Foil<\/strong><span data-ccp-props=\"{}\"> <\/span><\/p>\n<p><span data-contrast=\"auto\">Se hai gi\u00e0 familiarit\u00e0 con l&#8217;e-foil e vuoi goderti la libert\u00e0 di esplorare la costa di El M\u00e9dano da solo, \u00e8 disponibile il <strong>noleggio di e-foil<\/strong>. Con l&#8217;attrezzatura pi\u00f9 recente di <strong>Lift Foils<\/strong>, avrai tutto ci\u00f2 che ti serve per un giro emozionante. <\/span><span data-ccp-props=\"{}\"> <\/span><\/p>\n<p><span data-contrast=\"auto\"><strong>Perch\u00e9 scegliere Duotone Pro Center per il noleggio di E-foil<\/strong>:<\/span><span data-ccp-props=\"{}\"> <\/span><\/p>\n<ul>\n<li><span data-contrast=\"auto\"><strong>Attrezzatura di alta gamma<\/strong>: Naviga con i migliori e-foil di <strong>Lift Foils<\/strong>, noti per la loro affidabilit\u00e0 e le loro prestazioni di alto livello.<\/span><\/li>\n<li><span data-contrast=\"auto\"><strong>Assistenza di esperti<\/strong>: Il team del Duotone Pro Center si assicura che la tua attrezzatura sia perfettamente regolata per la tua corsa e ti fornisce un briefing completo sulla sicurezza prima di partire.<\/span><\/li>\n<li><span data-contrast=\"auto\"><strong>Posizione ideale<\/strong>: El M\u00e9dano offre le condizioni perfette per l&#8217;e-foil, con acque calme, spazi aperti e panorami incredibili che rendono l&#8217;esperienza indimenticabile.<\/span><span data-ccp-props=\"{}\"> <\/span><\/li>\n<\/ul>\n<p><span data-contrast=\"auto\"><br \/><strong>Perch\u00e9 E-Foil con TWS e Duotone Pro Center Tenerife?<\/strong><\/span><\/p>\n<ul>\n<li><span data-contrast=\"auto\"><strong>Curva di apprendimento facile<\/strong>: E-foil \u00e8 accessibile ai principianti e, con la giusta guida da parte di istruttori esperti, sarai subito in grado di cavalcare.<\/span><\/li>\n<li><span data-contrast=\"auto\"><strong>Attrezzatura di alto livello<\/strong>: Usa le migliori attrezzature di <strong>Lift Foils<\/strong>, che ti garantiscono un&#8217;esperienza fluida e piacevole con gli e-foil.<\/span><\/li>\n<li><span data-contrast=\"auto\"><strong>Opzioni flessibili<\/strong>: Che tu stia prendendo la tua prima lezione o voglia noleggiare un e-foil per un giorno, ci sono opzioni adatte a tutti i livelli e a tutti gli orari.<\/span><span data-ccp-props=\"{}\"> <\/span><\/li>\n<\/ul>\n<p><strong><br \/>Come prenotare  <\/strong><\/p>\n<p><span data-contrast=\"auto\">Puoi prenotare le tue <strong>lezioni o il noleggio di e-foil<\/strong> direttamente sul posto presso il <strong>TWS<\/strong> o il <strong>Duotone Pro Center Tenerife<\/strong>.<\/span><\/p>\n<p><span data-contrast=\"auto\">Che tu sia un principiante o un rider esperto, E<strong>-foil<\/strong> con TWS e Duotone Pro Center offre un modo esilarante per esplorare le acque di Tenerife.<\/span><span data-ccp-props=\"{}\"> <\/span><\/p>\n\t\t\t\t\t\t\t\t<\/div>\n\t\t\t\t<\/div>\n\t\t\t\t<div class=\"elementor-element elementor-element-3e96aca elementor-widget elementor-widget-text-editor\" data-id=\"3e96aca\" data-element_type=\"widget\" data-widget_type=\"text-editor.default\">\n\t\t\t\t<div class=\"elementor-widget-container\">\n\t\t\t\t\t\t\t\t\t<p><b><a href=\"#newsletter\">Lascia il tuo indirizzo e-mail<\/a> per ricevere gli avvisi sulle nuove clinics e lezioni.<\/b><\/p>\n\t\t\t\t\t\t\t\t<\/div>\n\t\t\t\t<\/div>\n\t\t\t\t\t<\/div>\n\t\t<\/div>\n\t\t\t\t\t<\/div>\n\t\t<\/section>\n\t\t\t\t<section data-particle_enable=\"false\" data-particle-mobile-disabled=\"false\" class=\"elementor-section elementor-top-section elementor-element elementor-element-e8c0cde elementor-section-boxed elementor-section-height-default elementor-section-height-default\" data-id=\"e8c0cde\" data-element_type=\"section\" data-settings=\"{&quot;jet_parallax_layout_list&quot;:[]}\">\n\t\t\t\t\t\t<div class=\"elementor-container elementor-column-gap-default\">\n\t\t\t\t\t<div class=\"elementor-column elementor-col-100 elementor-top-column elementor-element elementor-element-19edef0\" data-id=\"19edef0\" data-element_type=\"column\">\n\t\t\t<div class=\"elementor-widget-wrap elementor-element-populated\">\n\t\t\t\t\t\t<div class=\"elementor-element elementor-element-9664054 elementor-widget elementor-widget-html\" data-id=\"9664054\" data-element_type=\"widget\" data-widget_type=\"html.default\">\n\t\t\t\t<div class=\"elementor-widget-container\">\n\t\t\t\t\t<script type=\"text\/javascript\" src=\"https:\/\/twswindsurf.vikingbookings.com\/en\/widget.js\"><\/script>\t\t\t\t<\/div>\n\t\t\t\t<\/div>\n\t\t\t\t\t<\/div>\n\t\t<\/div>\n\t\t\t\t\t<\/div>\n\t\t<\/section>\n\t\t\t\t<section data-particle_enable=\"false\" data-particle-mobile-disabled=\"false\" class=\"elementor-section elementor-top-section elementor-element elementor-element-2092f5d3 elementor-section-full_width elementor-section-height-min-height elementor-section-height-default elementor-section-items-middle\" data-id=\"2092f5d3\" data-element_type=\"section\" data-settings=\"{&quot;jet_parallax_layout_list&quot;:[],&quot;background_background&quot;:&quot;video&quot;,&quot;background_video_link&quot;:&quot;https:\\\/\\\/player.vimeo.com\\\/video\\\/1013326155&quot;}\">\n\t\t\t\t\t\t\t\t<div class=\"elementor-background-video-container elementor-hidden-mobile\" aria-hidden=\"true\">\n\t\t\t\t\t\t\t\t\t\t\t\t\t<div class=\"elementor-background-video-embed\"><\/div>\n\t\t\t\t\t\t\t\t\t\t\t\t<\/div>\n\t\t\t\t\t\t\t\t<div class=\"elementor-container elementor-column-gap-no\">\n\t\t\t\t\t<div class=\"elementor-column elementor-col-100 elementor-top-column elementor-element elementor-element-10fc13\" data-id=\"10fc13\" data-element_type=\"column\">\n\t\t\t<div class=\"elementor-widget-wrap\">\n\t\t\t\t\t\t\t<\/div>\n\t\t<\/div>\n\t\t\t\t\t<\/div>\n\t\t<\/section>\n\t\t\t\t<\/div>\n\t\t","protected":false},"excerpt":{"rendered":"<p>Lezioni e noleggio di E-Foil Prova il brivido di volare sopra l&#8217;acqua con le lezioni e il noleggio di e-foil offerto da Tenerife Windsurf Solution (TWS) in collaborazione con Duotone Pro Center Tenerife. Che tu sia alle prime armi con l&#8217;e-foiling o che voglia migliorare le tue capacit\u00e0, i nostri istruttori esperti e le nostre [&hellip;]<\/p>\n","protected":false},"author":2,"featured_media":0,"parent":0,"menu_order":0,"comment_status":"closed","ping_status":"closed","template":"elementor_header_footer","meta":{"footnotes":""},"class_list":["post-8296","page","type-page","status-publish","hentry"],"_links":{"self":[{"href":"https:\/\/twstest.072design.site\/it\/wp-json\/wp\/v2\/pages\/8296","targetHints":{"allow":["GET"]}}],"collection":[{"href":"https:\/\/twstest.072design.site\/it\/wp-json\/wp\/v2\/pages"}],"about":[{"href":"https:\/\/twstest.072design.site\/it\/wp-json\/wp\/v2\/types\/page"}],"author":[{"embeddable":true,"href":"https:\/\/twstest.072design.site\/it\/wp-json\/wp\/v2\/users\/2"}],"replies":[{"embeddable":true,"href":"https:\/\/twstest.072design.site\/it\/wp-json\/wp\/v2\/comments?post=8296"}],"version-history":[{"count":0,"href":"https:\/\/twstest.072design.site\/it\/wp-json\/wp\/v2\/pages\/8296\/revisions"}],"wp:attachment":[{"href":"https:\/\/twstest.072design.site\/it\/wp-json\/wp\/v2\/media?parent=8296"}],"curies":[{"name":"wp","href":"https:\/\/api.w.org\/{rel}","templated":true}]}}