{"id":8306,"date":"2024-09-28T08:46:33","date_gmt":"2024-09-28T08:46:33","guid":{"rendered":"https:\/\/twstest.072design.site\/uso-gratuito-delle-videocamere-gopro-e-insta360\/"},"modified":"2024-10-09T15:32:48","modified_gmt":"2024-10-09T15:32:48","slug":"uso-gratuito-delle-videocamere-gopro-e-insta360","status":"publish","type":"page","link":"https:\/\/twstest.072design.site\/it\/uso-gratuito-delle-videocamere-gopro-e-insta360\/","title":{"rendered":"Uso gratuito delle videocamere GoPro e Insta360"},"content":{"rendered":"\t\t<div data-elementor-type=\"wp-page\" data-elementor-id=\"8306\" class=\"elementor elementor-8306 elementor-2391\" data-elementor-post-type=\"page\">\n\t\t\t\t\t\t<section data-particle_enable=\"false\" data-particle-mobile-disabled=\"false\" class=\"elementor-section elementor-top-section elementor-element elementor-element-40dcdbc6 elementor-section-height-min-height elementor-section-boxed elementor-section-height-default elementor-section-items-middle\" data-id=\"40dcdbc6\" data-element_type=\"section\" data-settings=\"{&quot;jet_parallax_layout_list&quot;:[],&quot;background_background&quot;:&quot;video&quot;,&quot;background_video_link&quot;:&quot;https:\\\/\\\/player.vimeo.com\\\/video\\\/1014277789&quot;}\">\n\t\t\t\t\t\t\t\t<div class=\"elementor-background-video-container elementor-hidden-mobile\" aria-hidden=\"true\">\n\t\t\t\t\t\t\t\t\t\t\t\t\t<div class=\"elementor-background-video-embed\"><\/div>\n\t\t\t\t\t\t\t\t\t\t\t\t<\/div>\n\t\t\t\t\t\t\t\t\t<div class=\"elementor-background-overlay\"><\/div>\n\t\t\t\t\t\t\t<div class=\"elementor-container elementor-column-gap-no\">\n\t\t\t\t\t<div class=\"elementor-column elementor-col-100 elementor-top-column elementor-element elementor-element-4d1d086f\" data-id=\"4d1d086f\" data-element_type=\"column\">\n\t\t\t<div class=\"elementor-widget-wrap elementor-element-populated\">\n\t\t\t\t\t\t<div class=\"elementor-element elementor-element-6c15e380 elementor-widget elementor-widget-heading\" data-id=\"6c15e380\" data-element_type=\"widget\" data-widget_type=\"heading.default\">\n\t\t\t\t<div class=\"elementor-widget-container\">\n\t\t\t\t\t<h2 class=\"elementor-heading-title elementor-size-default\">Uso gratuito delle videocamere GoPro e Insta360<\/h2>\t\t\t\t<\/div>\n\t\t\t\t<\/div>\n\t\t\t\t\t<\/div>\n\t\t<\/div>\n\t\t\t\t\t<\/div>\n\t\t<\/section>\n\t\t\t\t<section data-particle_enable=\"false\" data-particle-mobile-disabled=\"false\" class=\"elementor-section elementor-top-section elementor-element elementor-element-7e39d98d elementor-section-boxed elementor-section-height-default elementor-section-height-default\" data-id=\"7e39d98d\" data-element_type=\"section\" data-settings=\"{&quot;jet_parallax_layout_list&quot;:[]}\">\n\t\t\t\t\t\t<div class=\"elementor-container elementor-column-gap-default\">\n\t\t\t\t\t<div class=\"elementor-column elementor-col-50 elementor-top-column elementor-element elementor-element-555e200f\" data-id=\"555e200f\" data-element_type=\"column\" data-settings=\"{&quot;background_background&quot;:&quot;classic&quot;}\">\n\t\t\t<div class=\"elementor-widget-wrap elementor-element-populated\">\n\t\t\t\t\t\t<div class=\"elementor-element elementor-element-069f06b elementor-widget elementor-widget-heading\" data-id=\"069f06b\" data-element_type=\"widget\" data-widget_type=\"heading.default\">\n\t\t\t\t<div class=\"elementor-widget-container\">\n\t\t\t\t\t<h2 class=\"elementor-heading-title elementor-size-default\">Alla TWS offriamo telecamere GoPro e Insta360 disponibili gratuitamente per aiutarti a catturare ogni momento emozionante della tua sessione di windsurf.<\/h2>\t\t\t\t<\/div>\n\t\t\t\t<\/div>\n\t\t\t\t<div class=\"elementor-element elementor-element-c14df00 elementor-widget elementor-widget-heading\" data-id=\"c14df00\" data-element_type=\"widget\" data-widget_type=\"heading.default\">\n\t\t\t\t<div class=\"elementor-widget-container\">\n\t\t\t\t\t<h2 class=\"elementor-heading-title elementor-size-default\">Utilizzalo con supporti multipli, basta portare con te la tua scheda SD<\/h2>\t\t\t\t<\/div>\n\t\t\t\t<\/div>\n\t\t\t\t<div class=\"elementor-element elementor-element-7b43f48 elementor-widget elementor-widget-text-editor\" data-id=\"7b43f48\" data-element_type=\"widget\" data-widget_type=\"text-editor.default\">\n\t\t\t\t<div class=\"elementor-widget-container\">\n\t\t\t\t\t\t\t\t\t<\/p>\n<p><span data-contrast=\"auto\">Con una variet\u00e0 di supporti disponibili, puoi registrare la tua corsa da pi\u00f9 angolazioni, creando filmati dinamici e di alta qualit\u00e0 da condividere o rivivere in seguito.<\/span><span data-ccp-props=\"{}\"> <\/span><\/p>\n<p><strong>Opzioni della fotocamera:<\/strong><\/p>\n<ul>\n<li><span data-contrast=\"auto\"><strong>GoPro<\/strong>: Conosciute per la loro resistenza e per la stabilizzazione dell&#8217;immagine, le videocamere GoPro sono perfette per catturare filmati di alta qualit\u00e0 delle tue avventure in windsurf.<\/span><\/li>\n<li><span data-contrast=\"auto\"><strong>Insta360<\/strong>: Cattura ogni angolazione con riprese immersive a 360 gradi, ideali per creare video panoramici unici della tua corsa.<\/span><span data-ccp-props=\"{}\"> <\/span><\/li>\n<\/ul>\n<p><strong><br \/>Opzioni di montaggio:<\/strong><\/p>\n<ol>\n<li><span data-contrast=\"auto\"><strong>Supporti per il boma<\/strong>: Cattura la tua sessione da vicino attaccando la videocamera al boma per avere una prospettiva unica delle tue manovre.<\/span><\/li>\n<li><span data-contrast=\"auto\"><strong>Supporti per albero<\/strong>: Ottieni una ripresa grandangolare dalla cima del tuo albero, mostrando il movimento della tavola e lo scenario circostante.<\/span><\/li>\n<li><span data-contrast=\"auto\"><strong>Supporti per il casco<\/strong>: Montata sul casco **Gath**, questa visuale in prima persona mette il pubblico al centro dell&#8217;azione insieme a te.<\/span><\/li>\n<li><span data-contrast=\"auto\"><strong>Supporti per la tavola<\/strong>: Monta la videocamera sulla tavola per ottenere riprese dinamiche a pelo d&#8217;acqua che evidenziano la tua velocit\u00e0 e l&#8217;interazione con le onde.<\/span><\/li>\n<li><span data-contrast=\"auto\"><strong>Supporti per il trapezio<\/strong>: Fissa la videocamera al tuo trapezio per ottenere una prospettiva stabile e centrale, perfetta per catturare i tuoi movimenti e la tua tecnica durante la corsa.<\/span><\/li>\n<\/ol>\n<p><span data-contrast=\"auto\"><br \/><strong>Come prenotare e utilizzare:<\/strong><\/span><span data-ccp-props=\"{}\"> <\/span><\/p>\n<p><span data-contrast=\"auto\">Basta visitare <strong>TWS<\/strong> per ritirare <strong>gratuitamente<\/strong> la tua <strong>videocamera GoPro o Insta360<\/strong> e scegliere i supporti pi\u00f9 adatti al tuo stile. Il nostro team \u00e8 pronto ad assisterti nella scelta e nell&#8217;installazione dell&#8217;attrezzatura giusta per assicurarti di catturare tutti i momenti migliori in acqua. <strong>Porta con te le schede di memoria in<\/strong> modo da poter portare a casa il filmato <strong>con facilit\u00e0.<\/strong> <\/span><\/p>\n<p><span data-contrast=\"auto\">Cattura <strong>gratuitamente<\/strong> la tua avventura in windsurf al <strong>TWS<\/strong> con le nostre videocamere e supporti GoPro e Insta360!<\/span><span data-ccp-props=\"{}\"> <\/span><\/p>\n\t\t\t\t\t\t\t\t<\/div>\n\t\t\t\t<\/div>\n\t\t\t\t\t<\/div>\n\t\t<\/div>\n\t\t\t\t<div class=\"elementor-column elementor-col-50 elementor-top-column elementor-element elementor-element-3011383\" data-id=\"3011383\" data-element_type=\"column\" data-settings=\"{&quot;background_background&quot;:&quot;classic&quot;}\">\n\t\t\t<div class=\"elementor-widget-wrap elementor-element-populated\">\n\t\t\t\t\t\t<div class=\"elementor-element elementor-element-958f0fb elementor-widget elementor-widget-image\" data-id=\"958f0fb\" data-element_type=\"widget\" data-widget_type=\"image.default\">\n\t\t\t\t<div class=\"elementor-widget-container\">\n\t\t\t\t\t\t\t\t\t\t\t\t\t\t\t<img fetchpriority=\"high\" decoding=\"async\" width=\"800\" height=\"800\" src=\"https:\/\/twstest.072design.site\/wp-content\/uploads\/2024\/09\/insta360.jpg\" class=\"attachment-large size-large wp-image-2938\" alt=\"\" srcset=\"https:\/\/twstest.072design.site\/wp-content\/uploads\/2024\/09\/insta360.jpg 1024w, https:\/\/twstest.072design.site\/wp-content\/uploads\/2024\/09\/insta360-300x300.jpg 300w, https:\/\/twstest.072design.site\/wp-content\/uploads\/2024\/09\/insta360-150x150.jpg 150w, https:\/\/twstest.072design.site\/wp-content\/uploads\/2024\/09\/insta360-768x768.jpg 768w, https:\/\/twstest.072design.site\/wp-content\/uploads\/2024\/09\/insta360-600x600.jpg 600w, https:\/\/twstest.072design.site\/wp-content\/uploads\/2024\/09\/insta360-100x100.jpg 100w\" sizes=\"(max-width: 800px) 100vw, 800px\" \/>\t\t\t\t\t\t\t\t\t\t\t\t\t\t\t<\/div>\n\t\t\t\t<\/div>\n\t\t\t\t<div class=\"elementor-element elementor-element-9e8d426 elementor-widget elementor-widget-image\" data-id=\"9e8d426\" data-element_type=\"widget\" data-widget_type=\"image.default\">\n\t\t\t\t<div class=\"elementor-widget-container\">\n\t\t\t\t\t\t\t\t\t\t\t\t\t\t\t<img decoding=\"async\" width=\"800\" height=\"800\" src=\"https:\/\/twstest.072design.site\/wp-content\/uploads\/2024\/09\/acepro.jpg\" class=\"attachment-large size-large wp-image-2931\" alt=\"\" srcset=\"https:\/\/twstest.072design.site\/wp-content\/uploads\/2024\/09\/acepro.jpg 1024w, https:\/\/twstest.072design.site\/wp-content\/uploads\/2024\/09\/acepro-300x300.jpg 300w, https:\/\/twstest.072design.site\/wp-content\/uploads\/2024\/09\/acepro-150x150.jpg 150w, https:\/\/twstest.072design.site\/wp-content\/uploads\/2024\/09\/acepro-768x768.jpg 768w, https:\/\/twstest.072design.site\/wp-content\/uploads\/2024\/09\/acepro-600x600.jpg 600w, https:\/\/twstest.072design.site\/wp-content\/uploads\/2024\/09\/acepro-100x100.jpg 100w\" sizes=\"(max-width: 800px) 100vw, 800px\" \/>\t\t\t\t\t\t\t\t\t\t\t\t\t\t\t<\/div>\n\t\t\t\t<\/div>\n\t\t\t\t\t<\/div>\n\t\t<\/div>\n\t\t\t\t\t<\/div>\n\t\t<\/section>\n\t\t\t\t<section data-particle_enable=\"false\" data-particle-mobile-disabled=\"false\" class=\"elementor-section elementor-top-section elementor-element elementor-element-7227a8ae elementor-section-boxed elementor-section-height-default elementor-section-height-default\" data-id=\"7227a8ae\" data-element_type=\"section\" data-settings=\"{&quot;jet_parallax_layout_list&quot;:[]}\">\n\t\t\t\t\t\t<div class=\"elementor-container elementor-column-gap-default\">\n\t\t\t\t\t<div class=\"elementor-column elementor-col-100 elementor-top-column elementor-element elementor-element-328609b5\" data-id=\"328609b5\" data-element_type=\"column\">\n\t\t\t<div class=\"elementor-widget-wrap elementor-element-populated\">\n\t\t\t\t\t\t<div class=\"elementor-element elementor-element-9120e60 elementor-widget elementor-widget-template\" data-id=\"9120e60\" data-element_type=\"widget\" data-widget_type=\"template.default\">\n\t\t\t\t<div class=\"elementor-widget-container\">\n\t\t\t\t\t\t\t<div class=\"elementor-template\">\n\t\t\t\t\t<div data-elementor-type=\"section\" data-elementor-id=\"744\" class=\"elementor elementor-744\" data-elementor-post-type=\"elementor_library\">\n\t\t\t\t\t<section data-particle_enable=\"false\" data-particle-mobile-disabled=\"false\" class=\"elementor-section elementor-top-section elementor-element elementor-element-33be3b84 elementor-section-boxed elementor-section-height-default elementor-section-height-default\" data-id=\"33be3b84\" data-element_type=\"section\" data-settings=\"{&quot;jet_parallax_layout_list&quot;:[]}\">\n\t\t\t\t\t\t<div class=\"elementor-container elementor-column-gap-default\">\n\t\t\t\t\t<div class=\"elementor-column elementor-col-50 elementor-top-column elementor-element elementor-element-20151c2f\" data-id=\"20151c2f\" data-element_type=\"column\">\n\t\t\t<div class=\"elementor-widget-wrap elementor-element-populated\">\n\t\t\t\t\t\t<div class=\"elementor-element elementor-element-124b63cf elementor-widget__width-auto elementor-widget elementor-widget-button\" data-id=\"124b63cf\" data-element_type=\"widget\" data-widget_type=\"button.default\">\n\t\t\t\t<div class=\"elementor-widget-container\">\n\t\t\t\t\t\t\t\t\t<div class=\"elementor-button-wrapper\">\n\t\t\t\t\t<a class=\"elementor-button elementor-size-sm\" role=\"button\">\n\t\t\t\t\t\t<span class=\"elementor-button-content-wrapper\">\n\t\t\t\t\t\t\t\t\t<span class=\"elementor-button-text\">FREE gift<\/span>\n\t\t\t\t\t<\/span>\n\t\t\t\t\t<\/a>\n\t\t\t\t<\/div>\n\t\t\t\t\t\t\t\t<\/div>\n\t\t\t\t<\/div>\n\t\t\t\t<div class=\"elementor-element elementor-element-4489081a elementor-widget elementor-widget-image\" data-id=\"4489081a\" data-element_type=\"widget\" data-widget_type=\"image.default\">\n\t\t\t\t<div class=\"elementor-widget-container\">\n\t\t\t\t\t\t\t\t\t\t\t\t\t\t\t<img decoding=\"async\" width=\"580\" height=\"419\" src=\"https:\/\/twstest.072design.site\/wp-content\/uploads\/2024\/09\/tshirt.jpg\" class=\"attachment-large size-large wp-image-1019\" alt=\"\" srcset=\"https:\/\/twstest.072design.site\/wp-content\/uploads\/2024\/09\/tshirt.jpg 580w, https:\/\/twstest.072design.site\/wp-content\/uploads\/2024\/09\/tshirt-300x217.jpg 300w\" sizes=\"(max-width: 580px) 100vw, 580px\" \/>\t\t\t\t\t\t\t\t\t\t\t\t\t\t\t<\/div>\n\t\t\t\t<\/div>\n\t\t\t\t\t<\/div>\n\t\t<\/div>\n\t\t\t\t<div class=\"elementor-column elementor-col-50 elementor-top-column elementor-element elementor-element-15508528\" data-id=\"15508528\" data-element_type=\"column\">\n\t\t\t<div class=\"elementor-widget-wrap elementor-element-populated\">\n\t\t\t\t\t\t<div class=\"elementor-element elementor-element-38470059 elementor-widget elementor-widget-heading\" data-id=\"38470059\" data-element_type=\"widget\" data-widget_type=\"heading.default\">\n\t\t\t\t<div class=\"elementor-widget-container\">\n\t\t\t\t\t<h4 class=\"elementor-heading-title elementor-size-default\">with each booking<\/h4>\t\t\t\t<\/div>\n\t\t\t\t<\/div>\n\t\t\t\t<div class=\"elementor-element elementor-element-1e9f709d elementor-widget elementor-widget-heading\" data-id=\"1e9f709d\" data-element_type=\"widget\" data-widget_type=\"heading.default\">\n\t\t\t\t<div class=\"elementor-widget-container\">\n\t\t\t\t\t<h2 class=\"elementor-heading-title elementor-size-default\">FREE TWS t-shirt<\/h2>\t\t\t\t<\/div>\n\t\t\t\t<\/div>\n\t\t\t\t<div class=\"elementor-element elementor-element-5fb31772 elementor-widget elementor-widget-text-editor\" data-id=\"5fb31772\" data-element_type=\"widget\" data-widget_type=\"text-editor.default\">\n\t\t\t\t<div class=\"elementor-widget-container\">\n\t\t\t\t\t\t\t\t\t<p>Each guest receives a TWS T-Shirt voucher with their first booking.<\/p><p>You can collect <strong>your<\/strong> T-Shirt in the <a href=\"\/tws-surf-shop\/\">TWS Local Surf Shop<\/a><\/p><p>When in the shop, check out the H20 Tenerife T-Shirt collection to bring home as a sweet memory about TWS and El M\u00e9dano..<\/p>\t\t\t\t\t\t\t\t<\/div>\n\t\t\t\t<\/div>\n\t\t\t\t<div class=\"elementor-element elementor-element-716defd3 elementor-align-left elementor-widget elementor-widget-button\" data-id=\"716defd3\" data-element_type=\"widget\" data-widget_type=\"button.default\">\n\t\t\t\t<div class=\"elementor-widget-container\">\n\t\t\t\t\t\t\t\t\t<div class=\"elementor-button-wrapper\">\n\t\t\t\t\t<a class=\"elementor-button elementor-button-link elementor-size-sm\" href=\"https:\/\/app.vikingbookings.com\/widget\/booking\/5a0000001f000000ae77bea9\" target=\"_blank\" rel=\"noopener\">\n\t\t\t\t\t\t<span class=\"elementor-button-content-wrapper\">\n\t\t\t\t\t\t\t\t\t<span class=\"elementor-button-text\">Book Now<\/span>\n\t\t\t\t\t<\/span>\n\t\t\t\t\t<\/a>\n\t\t\t\t<\/div>\n\t\t\t\t\t\t\t\t<\/div>\n\t\t\t\t<\/div>\n\t\t\t\t\t<\/div>\n\t\t<\/div>\n\t\t\t\t\t<\/div>\n\t\t<\/section>\n\t\t\t\t<\/div>\n\t\t\t\t<\/div>\n\t\t\t\t\t\t<\/div>\n\t\t\t\t<\/div>\n\t\t\t\t\t<\/div>\n\t\t<\/div>\n\t\t\t\t\t<\/div>\n\t\t<\/section>\n\t\t\t\t<section data-particle_enable=\"false\" data-particle-mobile-disabled=\"false\" class=\"elementor-section elementor-top-section elementor-element elementor-element-d47af27 elementor-section-boxed elementor-section-height-default elementor-section-height-default\" data-id=\"d47af27\" data-element_type=\"section\" data-settings=\"{&quot;jet_parallax_layout_list&quot;:[]}\">\n\t\t\t\t\t\t<div class=\"elementor-container elementor-column-gap-default\">\n\t\t\t\t\t<div class=\"elementor-column elementor-col-100 elementor-top-column elementor-element elementor-element-79a01de\" data-id=\"79a01de\" data-element_type=\"column\">\n\t\t\t<div class=\"elementor-widget-wrap elementor-element-populated\">\n\t\t\t\t\t\t<div class=\"elementor-element elementor-element-ad9a520 elementor-skin-carousel elementor-widget elementor-widget-media-carousel\" data-id=\"ad9a520\" data-element_type=\"widget\" data-settings=\"{&quot;slides_per_view&quot;:&quot;4&quot;,&quot;autoplay_speed&quot;:1250,&quot;space_between&quot;:{&quot;unit&quot;:&quot;px&quot;,&quot;size&quot;:&quot;&quot;,&quot;sizes&quot;:[]},&quot;skin&quot;:&quot;carousel&quot;,&quot;effect&quot;:&quot;slide&quot;,&quot;speed&quot;:500,&quot;autoplay&quot;:&quot;yes&quot;,&quot;loop&quot;:&quot;yes&quot;,&quot;pause_on_hover&quot;:&quot;yes&quot;,&quot;pause_on_interaction&quot;:&quot;yes&quot;,&quot;space_between_tablet&quot;:{&quot;unit&quot;:&quot;px&quot;,&quot;size&quot;:10,&quot;sizes&quot;:[]},&quot;space_between_mobile&quot;:{&quot;unit&quot;:&quot;px&quot;,&quot;size&quot;:10,&quot;sizes&quot;:[]}}\" data-widget_type=\"media-carousel.default\">\n\t\t\t\t<div class=\"elementor-widget-container\">\n\t\t\t\t\t\t\t\t\t<div class=\"elementor-swiper\">\n\t\t\t\t\t<div class=\"elementor-main-swiper swiper\" role=\"region\" aria-roledescription=\"carousel\" aria-label=\"Slides\">\n\t\t\t\t<div class=\"swiper-wrapper\">\n\t\t\t\t\t\t\t\t\t\t\t<div class=\"swiper-slide\" role=\"group\" aria-roledescription=\"slide\">\n\t\t\t\t\t\t\t\t\t<div class=\"elementor-carousel-image\" role=\"img\" aria-label=\"neilpryde\" style=\"background-image: url(&#039;https:\/\/twstest.072design.site\/wp-content\/uploads\/2024\/09\/neilpryde.png&#039;)\">\n\n\t\t\t\n\t\t\t\t\t<\/div>\n\t\t\t\t\t\t\t\t<\/div>\n\t\t\t\t\t\t\t\t\t\t\t<div class=\"swiper-slide\" role=\"group\" aria-roledescription=\"slide\">\n\t\t\t\t\t\t\t\t\t<div class=\"elementor-carousel-image\" role=\"img\" aria-label=\"\" style=\"background-image: url(&#039;https:\/\/twstest.072design.site\/wp-content\/uploads\/2024\/09\/bruch-boards.png&#039;)\">\n\n\t\t\t\n\t\t\t\t\t<\/div>\n\t\t\t\t\t\t\t\t<\/div>\n\t\t\t\t\t\t\t\t\t\t\t<div class=\"swiper-slide\" role=\"group\" aria-roledescription=\"slide\">\n\t\t\t\t\t\t\t\t\t<div class=\"elementor-carousel-image\" role=\"img\" aria-label=\"naish\" style=\"background-image: url(&#039;https:\/\/twstest.072design.site\/wp-content\/uploads\/2024\/09\/naish.png&#039;)\">\n\n\t\t\t\n\t\t\t\t\t<\/div>\n\t\t\t\t\t\t\t\t<\/div>\n\t\t\t\t\t\t\t\t\t\t\t<div class=\"swiper-slide\" role=\"group\" aria-roledescription=\"slide\">\n\t\t\t\t\t\t\t\t\t<div class=\"elementor-carousel-image\" role=\"img\" aria-label=\"core-logo\" style=\"background-image: url(&#039;https:\/\/twstest.072design.site\/wp-content\/uploads\/2024\/09\/core-logo.png&#039;)\">\n\n\t\t\t\n\t\t\t\t\t<\/div>\n\t\t\t\t\t\t\t\t<\/div>\n\t\t\t\t\t\t\t\t\t\t\t<div class=\"swiper-slide\" role=\"group\" aria-roledescription=\"slide\">\n\t\t\t\t\t\t\t\t\t<div class=\"elementor-carousel-image\" role=\"img\" aria-label=\"lift-foils\" style=\"background-image: url(&#039;https:\/\/twstest.072design.site\/wp-content\/uploads\/2024\/09\/lift-foils.png&#039;)\">\n\n\t\t\t\n\t\t\t\t\t<\/div>\n\t\t\t\t\t\t\t\t<\/div>\n\t\t\t\t\t\t\t\t\t\t\t<div class=\"swiper-slide\" role=\"group\" aria-roledescription=\"slide\">\n\t\t\t\t\t\t\t\t\t<div class=\"elementor-carousel-image\" role=\"img\" aria-label=\"f4-foils\" style=\"background-image: url(&#039;https:\/\/twstest.072design.site\/wp-content\/uploads\/2024\/09\/f4-foils.png&#039;)\">\n\n\t\t\t\n\t\t\t\t\t<\/div>\n\t\t\t\t\t\t\t\t<\/div>\n\t\t\t\t\t\t\t\t\t\t\t<div class=\"swiper-slide\" role=\"group\" aria-roledescription=\"slide\">\n\t\t\t\t\t\t\t\t\t<div class=\"elementor-carousel-image\" role=\"img\" aria-label=\"ezzy\" style=\"background-image: url(&#039;https:\/\/twstest.072design.site\/wp-content\/uploads\/2024\/09\/ezzy.png&#039;)\">\n\n\t\t\t\n\t\t\t\t\t<\/div>\n\t\t\t\t\t\t\t\t<\/div>\n\t\t\t\t\t\t\t\t\t<\/div>\n\t\t\t\t\t\t\t\t\t\t\t\t\t\t\t\t\t\t\t\t\t<\/div>\n\t\t\t\t<\/div>\n\t\t\t\t\t\t\t\t<\/div>\n\t\t\t\t<\/div>\n\t\t\t\t\t<\/div>\n\t\t<\/div>\n\t\t\t\t\t<\/div>\n\t\t<\/section>\n\t\t\t\t<\/div>\n\t\t","protected":false},"excerpt":{"rendered":"<p>Uso gratuito delle videocamere GoPro e Insta360 Alla TWS offriamo telecamere GoPro e Insta360 disponibili gratuitamente per aiutarti a catturare ogni momento emozionante della tua sessione di windsurf. Utilizzalo con supporti multipli, basta portare con te la tua scheda SD Con una variet\u00e0 di supporti disponibili, puoi registrare la tua corsa da pi\u00f9 angolazioni, creando [&hellip;]<\/p>\n","protected":false},"author":2,"featured_media":0,"parent":0,"menu_order":0,"comment_status":"closed","ping_status":"closed","template":"elementor_header_footer","meta":{"footnotes":""},"class_list":["post-8306","page","type-page","status-publish","hentry"],"_links":{"self":[{"href":"https:\/\/twstest.072design.site\/it\/wp-json\/wp\/v2\/pages\/8306","targetHints":{"allow":["GET"]}}],"collection":[{"href":"https:\/\/twstest.072design.site\/it\/wp-json\/wp\/v2\/pages"}],"about":[{"href":"https:\/\/twstest.072design.site\/it\/wp-json\/wp\/v2\/types\/page"}],"author":[{"embeddable":true,"href":"https:\/\/twstest.072design.site\/it\/wp-json\/wp\/v2\/users\/2"}],"replies":[{"embeddable":true,"href":"https:\/\/twstest.072design.site\/it\/wp-json\/wp\/v2\/comments?post=8306"}],"version-history":[{"count":0,"href":"https:\/\/twstest.072design.site\/it\/wp-json\/wp\/v2\/pages\/8306\/revisions"}],"wp:attachment":[{"href":"https:\/\/twstest.072design.site\/it\/wp-json\/wp\/v2\/media?parent=8306"}],"curies":[{"name":"wp","href":"https:\/\/api.w.org\/{rel}","templated":true}]}}