{"id":8309,"date":"2024-09-27T13:26:29","date_gmt":"2024-09-27T13:26:29","guid":{"rendered":"https:\/\/twstest.072design.site\/lezioni-di-freeride-freerace-e-slalom\/"},"modified":"2024-10-09T15:51:02","modified_gmt":"2024-10-09T15:51:02","slug":"lezioni-di-freeride-freerace-e-slalom","status":"publish","type":"page","link":"https:\/\/twstest.072design.site\/it\/lezioni-di-freeride-freerace-e-slalom\/","title":{"rendered":"Lezioni di freeride, freerace e slalom"},"content":{"rendered":"\t\t<div data-elementor-type=\"wp-page\" data-elementor-id=\"8309\" class=\"elementor elementor-8309 elementor-2283\" data-elementor-post-type=\"page\">\n\t\t\t\t\t\t<section data-particle_enable=\"false\" data-particle-mobile-disabled=\"false\" class=\"elementor-section elementor-top-section elementor-element elementor-element-77274fe0 elementor-section-height-min-height elementor-section-boxed elementor-section-height-default elementor-section-items-middle\" data-id=\"77274fe0\" data-element_type=\"section\" data-settings=\"{&quot;jet_parallax_layout_list&quot;:[],&quot;background_background&quot;:&quot;video&quot;,&quot;background_video_link&quot;:&quot;https:\\\/\\\/player.vimeo.com\\\/video\\\/1013445559&quot;}\">\n\t\t\t\t\t\t\t\t<div class=\"elementor-background-video-container elementor-hidden-mobile\" aria-hidden=\"true\">\n\t\t\t\t\t\t\t\t\t\t\t\t\t<div class=\"elementor-background-video-embed\"><\/div>\n\t\t\t\t\t\t\t\t\t\t\t\t<\/div>\n\t\t\t\t\t\t\t\t\t<div class=\"elementor-background-overlay\"><\/div>\n\t\t\t\t\t\t\t<div class=\"elementor-container elementor-column-gap-no\">\n\t\t\t\t\t<div class=\"elementor-column elementor-col-100 elementor-top-column elementor-element elementor-element-7186961c\" data-id=\"7186961c\" data-element_type=\"column\">\n\t\t\t<div class=\"elementor-widget-wrap elementor-element-populated\">\n\t\t\t\t\t\t<div class=\"elementor-element elementor-element-6e81d618 elementor-widget elementor-widget-heading\" data-id=\"6e81d618\" data-element_type=\"widget\" data-widget_type=\"heading.default\">\n\t\t\t\t<div class=\"elementor-widget-container\">\n\t\t\t\t\t<h2 class=\"elementor-heading-title elementor-size-default\">Lezioni di Freeride, Freerace e Slalom al TWS<\/h2>\t\t\t\t<\/div>\n\t\t\t\t<\/div>\n\t\t\t\t\t<\/div>\n\t\t<\/div>\n\t\t\t\t\t<\/div>\n\t\t<\/section>\n\t\t\t\t<section data-particle_enable=\"false\" data-particle-mobile-disabled=\"false\" class=\"elementor-section elementor-top-section elementor-element elementor-element-6b74dd40 elementor-section-boxed elementor-section-height-default elementor-section-height-default\" data-id=\"6b74dd40\" data-element_type=\"section\" data-settings=\"{&quot;jet_parallax_layout_list&quot;:[]}\">\n\t\t\t\t\t\t<div class=\"elementor-container elementor-column-gap-default\">\n\t\t\t\t\t<div class=\"elementor-column elementor-col-50 elementor-top-column elementor-element elementor-element-59bb3f70\" data-id=\"59bb3f70\" data-element_type=\"column\" data-settings=\"{&quot;background_background&quot;:&quot;classic&quot;}\">\n\t\t\t<div class=\"elementor-widget-wrap elementor-element-populated\">\n\t\t\t\t\t\t<div class=\"elementor-element elementor-element-a0f83f7 elementor-widget elementor-widget-image\" data-id=\"a0f83f7\" data-element_type=\"widget\" data-widget_type=\"image.default\">\n\t\t\t\t<div class=\"elementor-widget-container\">\n\t\t\t\t\t\t\t\t\t\t\t\t\t\t\t<img fetchpriority=\"high\" decoding=\"async\" width=\"800\" height=\"800\" src=\"https:\/\/twstest.072design.site\/wp-content\/uploads\/2024\/09\/3-1024x1024.jpg.webp\" class=\"attachment-large size-large wp-image-1580\" alt=\"\" srcset=\"https:\/\/twstest.072design.site\/wp-content\/uploads\/2024\/09\/3-1024x1024.jpg.webp 1024w, https:\/\/twstest.072design.site\/wp-content\/uploads\/2024\/09\/3-1024x1024.jpg-300x300.webp 300w, https:\/\/twstest.072design.site\/wp-content\/uploads\/2024\/09\/3-1024x1024.jpg-150x150.webp 150w, https:\/\/twstest.072design.site\/wp-content\/uploads\/2024\/09\/3-1024x1024.jpg-768x768.webp 768w, https:\/\/twstest.072design.site\/wp-content\/uploads\/2024\/09\/3-1024x1024.jpg-600x600.webp 600w, https:\/\/twstest.072design.site\/wp-content\/uploads\/2024\/09\/3-1024x1024.jpg-100x100.webp 100w\" sizes=\"(max-width: 800px) 100vw, 800px\" \/>\t\t\t\t\t\t\t\t\t\t\t\t\t\t\t<\/div>\n\t\t\t\t<\/div>\n\t\t\t\t<div class=\"elementor-element elementor-element-3df718c elementor-widget elementor-widget-image\" data-id=\"3df718c\" data-element_type=\"widget\" data-widget_type=\"image.default\">\n\t\t\t\t<div class=\"elementor-widget-container\">\n\t\t\t\t\t\t\t\t\t\t\t\t\t\t\t<img decoding=\"async\" width=\"800\" height=\"800\" src=\"https:\/\/twstest.072design.site\/wp-content\/uploads\/2024\/09\/freeride5.jpg\" class=\"attachment-large size-large wp-image-1630\" alt=\"\" srcset=\"https:\/\/twstest.072design.site\/wp-content\/uploads\/2024\/09\/freeride5.jpg 1024w, https:\/\/twstest.072design.site\/wp-content\/uploads\/2024\/09\/freeride5-300x300.jpg 300w, https:\/\/twstest.072design.site\/wp-content\/uploads\/2024\/09\/freeride5-150x150.jpg 150w, https:\/\/twstest.072design.site\/wp-content\/uploads\/2024\/09\/freeride5-768x768.jpg 768w, https:\/\/twstest.072design.site\/wp-content\/uploads\/2024\/09\/freeride5-600x600.jpg 600w, https:\/\/twstest.072design.site\/wp-content\/uploads\/2024\/09\/freeride5-100x100.jpg 100w\" sizes=\"(max-width: 800px) 100vw, 800px\" \/>\t\t\t\t\t\t\t\t\t\t\t\t\t\t\t<\/div>\n\t\t\t\t<\/div>\n\t\t\t\t<div class=\"elementor-element elementor-element-2b215b5 elementor-widget elementor-widget-image\" data-id=\"2b215b5\" data-element_type=\"widget\" data-widget_type=\"image.default\">\n\t\t\t\t<div class=\"elementor-widget-container\">\n\t\t\t\t\t\t\t\t\t\t\t\t\t\t\t<img decoding=\"async\" width=\"800\" height=\"800\" src=\"https:\/\/twstest.072design.site\/wp-content\/uploads\/2024\/09\/freeride1.jpg\" class=\"attachment-large size-large wp-image-1623\" alt=\"\" srcset=\"https:\/\/twstest.072design.site\/wp-content\/uploads\/2024\/09\/freeride1.jpg 1024w, https:\/\/twstest.072design.site\/wp-content\/uploads\/2024\/09\/freeride1-300x300.jpg 300w, https:\/\/twstest.072design.site\/wp-content\/uploads\/2024\/09\/freeride1-150x150.jpg 150w, https:\/\/twstest.072design.site\/wp-content\/uploads\/2024\/09\/freeride1-768x768.jpg 768w, https:\/\/twstest.072design.site\/wp-content\/uploads\/2024\/09\/freeride1-600x600.jpg 600w, https:\/\/twstest.072design.site\/wp-content\/uploads\/2024\/09\/freeride1-100x100.jpg 100w\" sizes=\"(max-width: 800px) 100vw, 800px\" \/>\t\t\t\t\t\t\t\t\t\t\t\t\t\t\t<\/div>\n\t\t\t\t<\/div>\n\t\t\t\t\t<\/div>\n\t\t<\/div>\n\t\t\t\t<div class=\"elementor-column elementor-col-50 elementor-top-column elementor-element elementor-element-7a2e51d\" data-id=\"7a2e51d\" data-element_type=\"column\" data-settings=\"{&quot;background_background&quot;:&quot;classic&quot;}\">\n\t\t\t<div class=\"elementor-widget-wrap elementor-element-populated\">\n\t\t\t\t\t\t<div class=\"elementor-element elementor-element-21c287c elementor-widget elementor-widget-heading\" data-id=\"21c287c\" data-element_type=\"widget\" data-widget_type=\"heading.default\">\n\t\t\t\t<div class=\"elementor-widget-container\">\n\t\t\t\t\t<h2 class=\"elementor-heading-title elementor-size-default\">Istruzioni esperte per i windsurfisti<\/h2>\t\t\t\t<\/div>\n\t\t\t\t<\/div>\n\t\t\t\t<div class=\"elementor-element elementor-element-8b57a4b elementor-widget elementor-widget-heading\" data-id=\"8b57a4b\" data-element_type=\"widget\" data-widget_type=\"heading.default\">\n\t\t\t\t<div class=\"elementor-widget-container\">\n\t\t\t\t\t<h2 class=\"elementor-heading-title elementor-size-default\">L'opportunit\u00e0 perfetta per portare il tuo windsurf a un livello superiore<\/h2>\t\t\t\t<\/div>\n\t\t\t\t<\/div>\n\t\t\t\t<div class=\"elementor-element elementor-element-230533c elementor-widget elementor-widget-text-editor\" data-id=\"230533c\" data-element_type=\"widget\" data-widget_type=\"text-editor.default\">\n\t\t\t\t<div class=\"elementor-widget-container\">\n\t\t\t\t\t\t\t\t\t<p><span data-contrast=\"auto\">Alla Tenerife Windsurf Solution (TWS) e al nostro partner <strong>Duotone Pro Center Tenerife<\/strong>, offriamo un&#8217;istruzione esperta per i windsurfisti che vogliono padroneggiare le tecniche di <strong>freeride<\/strong>, <strong>freerace<\/strong> e <strong>slalom<\/strong>.<\/span><\/p>\n<p><span data-contrast=\"auto\">Che tu voglia navigare senza sforzo sull&#8217;acqua, migliorare la tua velocit\u00e0 o affinare le tue abilit\u00e0 di gara, le nostre lezioni e clinic sono l&#8217;occasione perfetta per portare il tuo windsurf al livello successivo.<\/span><span data-ccp-props=\"{}\"> <\/span><span data-ccp-props=\"{}\"> <\/span><\/p>\n<p><span data-contrast=\"auto\"><strong>Opzioni di lezione per il windsurf Freeride, Freerace e Slalom:<\/strong><\/span><\/p>\n<p><strong>Lezioni di freeride e freerace<\/strong>: <span data-contrast=\"auto\">Per chi vuole provare l&#8217;emozione di navigare ad alta velocit\u00e0 mantenendo il controllo, le lezioni di <strong>freeride<\/strong> e <strong>freerace<\/strong> si concentrano sulla tecnica, sul miglioramento della velocit\u00e0 e sullo sviluppo di manovre fluide.<\/span><\/p>\n<p><span data-contrast=\"auto\"><strong>Cosa \u00e8 coperto<\/strong>:<\/span><\/p>\n<ul>\n<li><span data-contrast=\"auto\">Migliorare la velocit\u00e0 e l&#8217;accelerazione della tavola<\/span><\/li>\n<li><span data-contrast=\"auto\">Impara a controllare la posizione e l&#8217;assetto per ottenere la massima efficienza.<\/span><\/li>\n<li><span data-contrast=\"auto\">Tecniche per raggiungere e mantenere la posizione di planata<\/span><\/li>\n<li><span data-contrast=\"auto\">Padroneggiare l&#8217;uso dei footstraps e del trapezio per ottenere velocit\u00e0 e comfort<\/span><\/li>\n<li><span data-contrast=\"auto\">Introduzione alle strambate e alle virate per rendere pi\u00f9 fluide le transizioni<\/span><span data-ccp-props=\"{}\"> <\/span><\/li>\n<\/ul>\n<p><span data-contrast=\"auto\"><strong><br \/>Attrezzature<\/strong><\/span><\/p>\n<p><span data-contrast=\"auto\">Avrai accesso alle pi\u00f9 recenti attrezzature per il freeride e il freerace delle migliori marche come Duotone, JP\/Neil Pryde e molte altre, assicurandoti la migliore attrezzatura per la navigazione ad alta velocit\u00e0.<\/span><\/p>\n<p><span data-contrast=\"auto\"><strong>Lezioni di slalom<\/strong>: <\/span><span data-contrast=\"auto\">Lo slalom \u00e8 una questione di velocit\u00e0 e precisione e le nostre lezioni si concentrano sul miglioramento delle tue prestazioni in gara, affinando il controllo della tavola, il tempismo e le manovre avanzate. Con la guida di istruttori esperti, imparerai a navigare nei percorsi slalom e a padroneggiare i cambi di direzione ad alta velocit\u00e0. <\/span><span data-ccp-props=\"{}\"> <\/span><\/p>\n<p><span data-contrast=\"auto\"><strong>Cosa \u00e8 coperto<\/strong>:<\/span><span data-ccp-props=\"{}\"> <\/span><\/p>\n<ul>\n<li><span data-contrast=\"auto\">Tecniche avanzate di strambata, comprese le strambate in planata<\/span><\/li>\n<li><span data-contrast=\"auto\">Partenze da corsa e miglioramento dell&#8217;accelerazione in partenza<\/span><\/li>\n<li><span data-contrast=\"auto\">Controllo della velocit\u00e0 in diverse condizioni di vento<\/span><\/li>\n<li><span data-contrast=\"auto\">Migliorare la posizione per ottenere stabilit\u00e0 e potenza nelle transizioni<\/span><\/li>\n<li><span data-contrast=\"auto\">Strategie per affrontare con sicurezza i percorsi di slalom<\/span><span data-ccp-props=\"{}\"> <\/span><\/li>\n<\/ul>\n<p><span data-contrast=\"auto\"><strong><br \/>Equipment<\/strong>:<\/span><\/p>\n<p><span data-contrast=\"auto\">Sono disponibili tavole e vele da slalom JP\/ Neil Pryde e Duotone, progettate per il controllo ad alta velocit\u00e0, che ti offrono gli strumenti necessari per raggiungere nuovi livelli di performance.<\/span><span data-ccp-props=\"{}\"> <\/span><\/p>\n<p><strong>Istruttori esperti con i professionisti dello slalom<\/strong><span data-ccp-props=\"{}\"> <\/span><\/p>\n<p><span data-contrast=\"auto\">La TWS ospita regolarmente clinic di slalom condotte da professionisti di fama mondiale, offrendo un&#8217;opportunit\u00e0 unica di allenarsi con alcuni dei migliori dello sport. Queste clinic sono pensate per i windsurfisti di livello intermedio e avanzato che vogliono affinare le loro abilit\u00e0 nello slalom e le tattiche di gara sotto la guida di rider professionisti. <\/span><\/p>\n<p><span data-contrast=\"auto\">Partecipa alle cliniche di slalom con professionisti come:<\/span><span data-ccp-props=\"{}\"> <\/span><\/p>\n<ol>\n<li><span data-contrast=\"auto\"> <a href=\"https:\/\/twstest.072design.site\/jordy-vonk\/\"><strong> Jordy Vonk<\/strong> <\/a>(PWA Slalom Rider)<br \/><\/span><span data-contrast=\"auto\">Impara da uno dei pi\u00f9 veloci slalomisti del circuito PWA. Jordy ti guider\u00e0 nelle strategie di gara, affiner\u00e0 le tue strambate e ti aiuter\u00e0 a ottimizzare la tua velocit\u00e0 per uno slalom pi\u00f9 competitivo. <\/span><span data-ccp-props=\"{}\"> <\/span><\/li>\n<\/ol>\n<ol start=\"2\">\n<li><span data-contrast=\"auto\"> <a href=\"https:\/\/twstest.072design.site\/it\/antoine-albeau\/\"><strong> Antoine Albeau<\/strong><\/a> (Pi\u00f9 volte campione del mondo PWA)<br \/><\/span><span data-contrast=\"auto\">Con decenni di esperienza e molteplici titoli mondiali, le lezioni di Antoine sono un&#8217;immersione profonda nelle tecniche che lo hanno reso uno dei pi\u00f9 grandi slalomisti della storia. Potrai capire come gestire le diverse condizioni di vento, padroneggiare le strambate ad alta velocit\u00e0 e massimizzare le prestazioni. <\/span><span data-ccp-props=\"{}\"> <\/span><\/li>\n<\/ol>\n<ol start=\"3\">\n<li><span data-contrast=\"auto\"> <a href=\"https:\/\/twstest.072design.site\/simon-bornhoft\/\"><strong> Simon Bornhoft<\/strong><\/a> (Fondatore di Windwise)<br \/><\/span><span data-contrast=\"auto\">Le clinic di Simon sono note per il loro approccio strutturato e graduale allo sviluppo delle abilit\u00e0 di windsurf. Il suo coaching si concentra sul miglioramento della tecnica e su esercitazioni pratiche per perfezionare la planata, la strambata e l&#8217;efficienza generale sulla tavola. <\/span><span data-ccp-props=\"{}\"> <\/span><\/li>\n<\/ol>\n<ol start=\"4\">\n<li><span data-contrast=\"auto\"> <a href=\"https:\/\/twstest.072design.site\/tom-brendt\/\"><strong> Tom Brendt<\/strong><\/a> (Allenatore internazionale di windsurf)<br \/><\/span><span data-contrast=\"auto\">Le lezioni di slalom di Tom si concentrano sulla padronanza di tecniche avanzate e sulla fiducia nella velocit\u00e0. Tom ti aiuter\u00e0 ad affinare le strambate in planata, a migliorare la tua posizione e ad aumentare le tue prestazioni complessive nelle gare di slalom. <\/span><span data-ccp-props=\"{}\"> <\/span><\/li>\n<\/ol>\n<p><span data-contrast=\"auto\"><strong><br \/>Cosa aspettarsi in una clinica di slalom<\/strong>:<\/span><\/p>\n<ul>\n<li><span data-contrast=\"auto\"><strong>Coaching personalizzato<\/strong>: riceverai una guida pratica da parte di professionisti, con ogni sessione personalizzata in base al tuo livello di abilit\u00e0 e ai tuoi obiettivi.<\/span><\/li>\n<li><span data-contrast=\"auto\"><strong>Analisi video<\/strong>: Alcune cliniche offrono un feedback video che ti permette di vedere la tua forma di navigare in azione e di ricevere consigli precisi su come migliorare.<\/span><\/li>\n<li><span data-contrast=\"auto\"><strong>Allenamento di gruppo<\/strong>: Prova l&#8217;emozione di allenarti insieme ad altri windsurfisti, di imparare le strategie di gara e di praticare le strambate in un contesto competitivo.<\/span><\/li>\n<li><span data-contrast=\"auto\"><strong>Focus sulla tecnica<\/strong>: I corsi si concentrano sul perfezionamento della tecnica, dal perfezionamento della strambata in planata alla gestione delle manovre ad alta velocit\u00e0.<\/span><span data-ccp-props=\"{}\"> <\/span><\/li>\n<\/ul>\n<p><strong><br \/>Finalmente puoi padroneggiare le strambate in planata!  <\/strong><\/p>\n<p><span data-contrast=\"auto\">Una delle abilit\u00e0 pi\u00f9 richieste nel windsurf \u00e8 la padronanza della <strong>strambata in planata<\/strong>. Grazie alle lezioni presso il Duotone Pro Center o alle clinic condotte da professionisti, avrai la possibilit\u00e0 di concentrarti specificamente su questa manovra. Grazie alle istruzioni passo dopo passo e alle esercitazioni studiate per migliorare il tempismo, il posizionamento dei piedi e il controllo della vela, riuscirai a eseguire strambate fluide e veloci in pochissimo tempo.  <\/span><span data-ccp-props=\"{}\"> <\/span><\/p>\n<p><span data-contrast=\"auto\"><strong>Perch\u00e9 scegliere TWS e Duotone Pro Center per le lezioni di Freeride, Freerace e Slalom<\/strong>:<\/span><span data-ccp-props=\"{}\"> <\/span><\/p>\n<p><span data-contrast=\"auto\"><strong>Una localit\u00e0 di livello mondiale<\/strong>: El M\u00e9dano offre le condizioni ideali per il freeride e lo slalom, con venti affidabili e un mix di acque piatte e mosse perfette per la velocit\u00e0 e la manovrabilit\u00e0.<\/span><span data-ccp-props=\"{}\"> <\/span><\/p>\n<p><span data-contrast=\"auto\"><strong>Istruttori di alto livello<\/strong>: Gli istruttori multilingue del Duotone Pro Center Tenerife e i professionisti di fama mondiale che guidano le clinic TWS offrono un&#8217;esperienza di coaching senza pari.<\/span><span data-ccp-props=\"{}\"> <\/span><\/p>\n<p><span data-contrast=\"auto\"><strong>Attrezzatura all&#8217;avanguardia<\/strong>: Accedi alle pi\u00f9 recenti attrezzature da freeride, freerace e slalom per migliorare le tue prestazioni e la tua esperienza.<\/span><\/p>\n<p><span data-contrast=\"auto\"><strong>Come iscriversi<\/strong>:<\/span><span data-ccp-props=\"{}\"> <\/span><\/p>\n<p><span data-contrast=\"auto\"><strong>Lezioni di freeride e slalom<\/strong>: Prenota le tue lezioni private o di gruppo tramite il <strong>TWS<\/strong> (modulo di prenotazione qui sotto) o il <a href=\"https:\/\/www.dpc-tenerife.com\/book-now\" target=\"_blank\" rel=\"noopener\">Duotone Pro Center Tenerife<\/a> per ricevere assistenza e consigli da parte di esperti.<\/span><span data-ccp-props=\"{}\"> <\/span><\/p>\n<p><span data-contrast=\"auto\"><strong>Cliniche guidate da professionisti<\/strong>: Tieni d&#8217;occhio <a href=\"#newsletter\">le e-mail di avviso di TWS<\/a> per le prossime clinic con i migliori atleti di slalom. Spesso questi corsi si esauriscono rapidamente, quindi si consiglia di prenotare in anticipo. <\/span><span data-ccp-props=\"{}\"> <\/span><\/p>\n<p><strong>Inizia a migliorare le tue abilit\u00e0 nel freeride e nello slalom oggi stesso e unisciti ai professionisti del windsurf con gli allenamenti e le cliniche offerte dal TWS e dal Duotone Pro Center di Tenerife.  <\/strong><\/p>\n\t\t\t\t\t\t\t\t<\/div>\n\t\t\t\t<\/div>\n\t\t\t\t<div class=\"elementor-element elementor-element-3e96aca elementor-widget elementor-widget-text-editor\" data-id=\"3e96aca\" data-element_type=\"widget\" data-widget_type=\"text-editor.default\">\n\t\t\t\t<div class=\"elementor-widget-container\">\n\t\t\t\t\t\t\t\t\t<p><b><a href=\"#newsletter\" data-wplink-edit=\"true\">Lascia il tuo indirizzo e-mail<\/a> per ricevere gli avvisi sulle nuove clinics e lezioni.<\/b><\/p>\n\t\t\t\t\t\t\t\t<\/div>\n\t\t\t\t<\/div>\n\t\t\t\t\t<\/div>\n\t\t<\/div>\n\t\t\t\t\t<\/div>\n\t\t<\/section>\n\t\t\t\t<section data-particle_enable=\"false\" data-particle-mobile-disabled=\"false\" class=\"elementor-section elementor-top-section elementor-element elementor-element-e8c0cde elementor-section-boxed elementor-section-height-default elementor-section-height-default\" data-id=\"e8c0cde\" data-element_type=\"section\" data-settings=\"{&quot;jet_parallax_layout_list&quot;:[]}\">\n\t\t\t\t\t\t<div class=\"elementor-container elementor-column-gap-default\">\n\t\t\t\t\t<div class=\"elementor-column elementor-col-100 elementor-top-column elementor-element elementor-element-19edef0\" data-id=\"19edef0\" data-element_type=\"column\">\n\t\t\t<div class=\"elementor-widget-wrap elementor-element-populated\">\n\t\t\t\t\t\t<div class=\"elementor-element elementor-element-9664054 elementor-widget elementor-widget-html\" data-id=\"9664054\" data-element_type=\"widget\" data-widget_type=\"html.default\">\n\t\t\t\t<div class=\"elementor-widget-container\">\n\t\t\t\t\t<script type=\"text\/javascript\" src=\"https:\/\/twswindsurf.vikingbookings.com\/en\/widget.js\"><\/script>\t\t\t\t<\/div>\n\t\t\t\t<\/div>\n\t\t\t\t\t<\/div>\n\t\t<\/div>\n\t\t\t\t\t<\/div>\n\t\t<\/section>\n\t\t\t\t<section data-particle_enable=\"false\" data-particle-mobile-disabled=\"false\" class=\"elementor-section elementor-top-section elementor-element elementor-element-2092f5d3 elementor-section-full_width elementor-section-height-min-height elementor-section-height-default elementor-section-items-middle\" data-id=\"2092f5d3\" data-element_type=\"section\" data-settings=\"{&quot;jet_parallax_layout_list&quot;:[],&quot;background_background&quot;:&quot;video&quot;,&quot;background_video_link&quot;:&quot;https:\\\/\\\/player.vimeo.com\\\/video\\\/410311947?muted=1&amp;autoplay=1&amp;loop=1&amp;background=1&amp;app_id=122963&quot;}\">\n\t\t\t\t\t\t\t\t<div class=\"elementor-background-video-container elementor-hidden-mobile\" aria-hidden=\"true\">\n\t\t\t\t\t\t\t\t\t\t\t\t\t<div class=\"elementor-background-video-embed\"><\/div>\n\t\t\t\t\t\t\t\t\t\t\t\t<\/div>\n\t\t\t\t\t\t\t\t<div class=\"elementor-container elementor-column-gap-no\">\n\t\t\t\t\t<div class=\"elementor-column elementor-col-100 elementor-top-column elementor-element elementor-element-10fc13\" data-id=\"10fc13\" data-element_type=\"column\">\n\t\t\t<div class=\"elementor-widget-wrap\">\n\t\t\t\t\t\t\t<\/div>\n\t\t<\/div>\n\t\t\t\t\t<\/div>\n\t\t<\/section>\n\t\t\t\t<\/div>\n\t\t","protected":false},"excerpt":{"rendered":"<p>Lezioni di Freeride, Freerace e Slalom al TWS Istruzioni esperte per i windsurfisti L&#8217;opportunit\u00e0 perfetta per portare il tuo windsurf a un livello superiore Alla Tenerife Windsurf Solution (TWS) e al nostro partner Duotone Pro Center Tenerife, offriamo un&#8217;istruzione esperta per i windsurfisti che vogliono padroneggiare le tecniche di freeride, freerace e slalom. Che tu [&hellip;]<\/p>\n","protected":false},"author":2,"featured_media":0,"parent":0,"menu_order":0,"comment_status":"closed","ping_status":"closed","template":"elementor_header_footer","meta":{"footnotes":""},"class_list":["post-8309","page","type-page","status-publish","hentry"],"_links":{"self":[{"href":"https:\/\/twstest.072design.site\/it\/wp-json\/wp\/v2\/pages\/8309","targetHints":{"allow":["GET"]}}],"collection":[{"href":"https:\/\/twstest.072design.site\/it\/wp-json\/wp\/v2\/pages"}],"about":[{"href":"https:\/\/twstest.072design.site\/it\/wp-json\/wp\/v2\/types\/page"}],"author":[{"embeddable":true,"href":"https:\/\/twstest.072design.site\/it\/wp-json\/wp\/v2\/users\/2"}],"replies":[{"embeddable":true,"href":"https:\/\/twstest.072design.site\/it\/wp-json\/wp\/v2\/comments?post=8309"}],"version-history":[{"count":0,"href":"https:\/\/twstest.072design.site\/it\/wp-json\/wp\/v2\/pages\/8309\/revisions"}],"wp:attachment":[{"href":"https:\/\/twstest.072design.site\/it\/wp-json\/wp\/v2\/media?parent=8309"}],"curies":[{"name":"wp","href":"https:\/\/api.w.org\/{rel}","templated":true}]}}