{"id":8315,"date":"2024-10-08T20:28:44","date_gmt":"2024-10-08T20:28:44","guid":{"rendered":"https:\/\/twstest.072design.site\/termini-generali\/"},"modified":"2024-10-10T09:17:25","modified_gmt":"2024-10-10T09:17:25","slug":"termini-generali","status":"publish","type":"page","link":"https:\/\/twstest.072design.site\/it\/termini-generali\/","title":{"rendered":"Termini generali"},"content":{"rendered":"\t\t<div data-elementor-type=\"wp-page\" data-elementor-id=\"8315\" class=\"elementor elementor-8315 elementor-6476\" data-elementor-post-type=\"page\">\n\t\t\t\t\t\t<section data-particle_enable=\"false\" data-particle-mobile-disabled=\"false\" class=\"elementor-section elementor-top-section elementor-element elementor-element-40dcdbc6 elementor-section-height-min-height elementor-section-boxed elementor-section-height-default elementor-section-items-middle\" data-id=\"40dcdbc6\" data-element_type=\"section\" data-settings=\"{&quot;jet_parallax_layout_list&quot;:[],&quot;background_background&quot;:&quot;video&quot;}\">\n\t\t\t\t\t\t\t<div class=\"elementor-background-overlay\"><\/div>\n\t\t\t\t\t\t\t<div class=\"elementor-container elementor-column-gap-no\">\n\t\t\t\t\t<div class=\"elementor-column elementor-col-100 elementor-top-column elementor-element elementor-element-4d1d086f\" data-id=\"4d1d086f\" data-element_type=\"column\">\n\t\t\t<div class=\"elementor-widget-wrap elementor-element-populated\">\n\t\t\t\t\t\t<div class=\"elementor-element elementor-element-6c15e380 elementor-widget elementor-widget-heading\" data-id=\"6c15e380\" data-element_type=\"widget\" data-widget_type=\"heading.default\">\n\t\t\t\t<div class=\"elementor-widget-container\">\n\t\t\t\t\t<h1 class=\"elementor-heading-title elementor-size-default\">Condizioni generali<\/h1>\t\t\t\t<\/div>\n\t\t\t\t<\/div>\n\t\t\t\t\t<\/div>\n\t\t<\/div>\n\t\t\t\t\t<\/div>\n\t\t<\/section>\n\t\t\t\t<section data-particle_enable=\"false\" data-particle-mobile-disabled=\"false\" class=\"elementor-section elementor-top-section elementor-element elementor-element-7e39d98d elementor-section-boxed elementor-section-height-default elementor-section-height-default\" data-id=\"7e39d98d\" data-element_type=\"section\" data-settings=\"{&quot;jet_parallax_layout_list&quot;:[]}\">\n\t\t\t\t\t\t<div class=\"elementor-container elementor-column-gap-default\">\n\t\t\t\t\t<div class=\"elementor-column elementor-col-100 elementor-top-column elementor-element elementor-element-555e200f\" data-id=\"555e200f\" data-element_type=\"column\" data-settings=\"{&quot;background_background&quot;:&quot;classic&quot;}\">\n\t\t\t<div class=\"elementor-widget-wrap elementor-element-populated\">\n\t\t\t\t\t\t<div class=\"elementor-element elementor-element-3c6b422e elementor-widget elementor-widget-heading\" data-id=\"3c6b422e\" data-element_type=\"widget\" data-widget_type=\"heading.default\">\n\t\t\t\t<div class=\"elementor-widget-container\">\n\t\t\t\t\t<h5 class=\"elementor-heading-title elementor-size-default\">CONDIZIONI GENERALI DI CONTRATTO DI FOLKERTS TRADING<\/h5>\t\t\t\t<\/div>\n\t\t\t\t<\/div>\n\t\t\t\t<div class=\"elementor-element elementor-element-4be60b7 elementor-widget elementor-widget-heading\" data-id=\"4be60b7\" data-element_type=\"widget\" data-widget_type=\"heading.default\">\n\t\t\t\t<div class=\"elementor-widget-container\">\n\t\t\t\t\t<h5 class=\"elementor-heading-title elementor-size-default\">e i suoi marchi<\/h5>\t\t\t\t<\/div>\n\t\t\t\t<\/div>\n\t\t\t\t<div class=\"elementor-element elementor-element-0f560f5 elementor-widget elementor-widget-heading\" data-id=\"0f560f5\" data-element_type=\"widget\" data-widget_type=\"heading.default\">\n\t\t\t\t<div class=\"elementor-widget-container\">\n\t\t\t\t\t<h5 class=\"elementor-heading-title elementor-size-default\">TENERIFE WINDSURF SOLUTION e\/o DUOTONE PRO CENTER<\/h5>\t\t\t\t<\/div>\n\t\t\t\t<\/div>\n\t\t\t\t<div class=\"elementor-element elementor-element-7b43f48 elementor-widget elementor-widget-text-editor\" data-id=\"7b43f48\" data-element_type=\"widget\" data-widget_type=\"text-editor.default\">\n\t\t\t\t<div class=\"elementor-widget-container\">\n\t\t\t\t\t\t\t\t\t<p><strong>Folkerts Trading SLU e i suoi marchi Tenerife Windsurf Solution e Duotone Pro Center (FT di seguito) offrono i seguenti servizi:<\/strong><\/p>\n<ol>\n<li>Surf, kite, lezioni, clinics e corsi.<\/li>\n<li>Noleggio di attrezzature per sport acquatici e di altri tipi di attrezzature sportive.<\/li>\n<li>Noleggio di armadietti per il deposito di attrezzature da windsurf e kitesurf.<\/li>\n<li>Organizzazione di eventi sportivi, allenamenti o altre attivit\u00e0 correlate.<\/li>\n<\/ol>\n<p><strong>A. CONCLUSIONE DEL CONTRATTO<\/strong><\/p>\n<ol>\n<li>Con questa dichiarazione FT offre alla sua parte contrattuale la conclusione vincolante di un contratto di servizio e\/o di noleggio.<\/li>\n<li>La dichiarazione \u00e8 valida attraverso il contraente per tutti gli altri partecipanti elencati nella prenotazione, per i cui obblighi contrattuali il contraente \u00e8 responsabile come per i propri obblighi, a meno che non abbia assunto un obbligo separato attraverso una dichiarazione esplicita. Per i minori l&#8217;obbligo legale entra in vigore con l&#8217;accordo scritto del tutore legale. <\/li>\n<li>Il contratto entra in vigore con l&#8217;accettazione da parte di FT. Questa deve essere accettata o rifiutata dalla parte contraente entro 10 giorni dal ricevimento dell&#8217;offerta.<br \/>Subito dopo la conclusione del contratto FT invier\u00e0 alla parte contraente una conferma della prenotazione insieme all&#8217;importo da pagare e alle condizioni di pagamento. <\/li>\n<li>Se il contenuto della conferma di prenotazione differisce da quello della prenotazione, FT deve fornire una nuova offerta, che \u00e8 vincolante per FT per un periodo di 10 giorni. Il contratto diventa valido sulla base di questa nuova offerta quando la parte contraente accetta l&#8217;offerta di FT entro il periodo di 10 giorni o effettua una prenotazione online tramite il sistema di prenotazione online utilizzato sui siti web di Tenerife Windsurf Solution e\/o Duotone Pro Center Tenerife. <span class=\"Apple-converted-space\"> <\/span><\/li>\n<\/ol>\n<p><strong><br \/>B. PARTE DEL CONTRATTO, NOLEGGIATORE, PARTECIPANTI<\/strong><\/p>\n<ol>\n<li>La parte contraente \u00e8 la persona che ha effettuato la registrazione attraverso il sito web utilizzando il sistema di prenotazione online e\/o che ha effettuato una prenotazione senza utilizzare il sistema online.<\/li>\n<li>Il noleggiatore \u00e8 la persona che ha effettuato la registrazione per il noleggio di attrezzature per sport acquatici o di un box di stoccaggio.<\/li>\n<li>I partecipanti sono le persone per le cui obbligazioni contrattuali la parte contraente si impegna come per le proprie obbligazioni, compresa la parte contraente stessa. I partecipanti possono essere solo coloro che sono sufficientemente in forma e in salute da poter utilizzare l&#8217;attrezzatura in modo appropriato senza pericolo per se stessi o per gli altri. <\/li>\n<li>FT insiste categoricamente sul fatto che un requisito per partecipare a tutti i corsi e per noleggiare l&#8217;attrezzatura per gli sport acquatici \u00e8 la capacit\u00e0 di nuotare senza aiuto in acque libere per almeno 15 minuti. Per i minorenni questa dichiarazione deve essere fatta dal tutore legale, senza la quale il contratto per i minorenni non \u00e8 valido. <\/li>\n<\/ol>\n<p><strong><br \/>C. TERMINI E METODI DI PAGAMENTO<\/strong><\/p>\n<ol>\n<li>Il pagamento del totale della fattura deve essere effettuato utilizzando il numero di fattura e\/o di prenotazione 4 settimane prima della partenza. In caso di prenotazione all&#8217;ultimo minuto o online, l&#8217;importo \u00e8 dovuto immediatamente. Gli importi da pagare sono indicati nella conferma della prenotazione o nel check-out del sistema di prenotazione.  <\/li>\n<li>Il pagamento pu\u00f2 essere effettuato con carta di credito (solo Visa e Mastercard), con bonifico bancario o con le diverse opzioni offerte dal sistema di prenotazione online. Per le carte di credito FT ha predisposto un link di pagamento sicuro. Eventuali spese bancarie sono a carico del contraente.    <\/li>\n<li>La conferma della prenotazione sar\u00e0 inviata da FT una volta pagata la fattura o l&#8217;importo dell&#8217;affitto.  <\/li>\n<li>Se la parte contraente \u00e8 in ritardo con il pagamento dell&#8217;importo dovuto (mancato pagamento nonostante il sollecito con la data di scadenza), FT ha il diritto di annullare il contratto. In caso di recesso dal contratto, la parte contraente \u00e8 tenuta a presentare un&#8217;adeguata richiesta di indennizzo ai sensi del Paragrafo 6, sezione 2. Questo non si applica se la parte contraente non \u00e8 responsabile del mancato pagamento.  <\/li>\n<\/ol>\n<p><strong><br \/>D. SERVIZI<\/strong><\/p>\n<ul>\n<li>L&#8217;entit\u00e0 dei servizi contrattati \u00e8 riportata nei dettagli esatti indicati nella conferma di prenotazione di<span class=\"Apple-converted-space\"> <\/span>.<\/li>\n<\/ul>\n<p><strong><br \/>E. MODIFICHE AI SERVIZI E AI PREZZI<\/strong><\/p>\n<ul>\n<li>I cambiamenti o le modifiche a particolari servizi nel contenuto concordato del contratto possono avvenire, ma devono essere ragionevoli per la parte contraente e verificarsi fino a tre giorni lavorativi (esclusi il sabato e la domenica) prima dell&#8217;inizio del contratto.<\/li>\n<\/ul>\n<p><strong>F. RECESSO DELLA PARTE CONTRAENTE<\/strong><\/p>\n<ol>\n<li>Il recesso da parte del contraente deve essere notificato a FT in forma scritta (lettera, e-mail, fax).<\/li>\n<li>Se la parte contraente recede dal contratto, FT pu\u00f2 richiedere un risarcimento per le spese sostenute. Nel calcolo dell&#8217;indennizzo, verranno presi in considerazione i normali risparmi sui costi e le altre spese derivanti dal processo di prenotazione. L&#8217;importo che pu\u00f2 essere richiesto come risarcimento sar\u00e0 calcolato su base percentuale:\n<\/li>\n<\/ol>\n<ul>\n<li>Pi\u00f9 di 31 giorni prima della prima data di noleggio 50% del canone di noleggio pagato<\/li>\n<li>30 giorni o meno prima dell&#8217;arrivo 70% del canone di locazione pagato<\/li>\n<li>7 giorni o meno prima dell&#8217;arrivo 100% del canone di locazione pagato<\/li>\n<\/ul>\n<ol start=\"4\">\n<li style=\"list-style-type: none;\">\n<ol>\n<li style=\"list-style-type: none;\"> <\/li>\n<\/ol>\n<\/li>\n<\/ol>\n<p>La parte contraente pu\u00f2 contestare questo punto, se pu\u00f2 dimostrare che non si \u00e8 verificato alcun danno &#8211; o un danno inferiore &#8211; rispetto alla percentuale indicata. FT pu\u00f2 richiedere una percentuale di risarcimento pi\u00f9 alta di quella indicata, se \u00e8 in grado di fornirne la prova. La prenotazione anticipata dell&#8217;attrezzatura a noleggio garantisce uno sconto del 10% sul prezzo in loco. La mancanza di condizioni adeguate (assenza di vento, troppo vento o altre circostanze) \u00e8 a rischio della parte contraente. Non sono previsti crediti o rimborsi per condizioni non idonee.    <span class=\"Apple-converted-space\">  <\/span>Quindi, ad esempio, se sono stati prenotati e pagati 5 giorni, ma solo 3 sono stati utilizzati dalla parte del contratto, non pu\u00f2 essere concesso un credito per i due giorni non utilizzati.<span class=\"Apple-converted-space\">  <\/span>Solo con una dichiarazione medica ufficiale, che dimostri l&#8217;incapacit\u00e0 di utilizzare l&#8217;attrezzatura noleggiata, \u00e8 possibile ottenere un buono di credito per i giorni rimanenti della prenotazione. Questo buono pu\u00f2 essere utilizzato per periodi di noleggio futuri. <span class=\"Apple-converted-space\"> <\/span><\/p>\n<p><strong>G. Annullamento, modifica del contratto da parte di Folkerts Trading<\/strong><\/p>\n<ol>\n<li>FT pu\u00f2 annullare il contratto di noleggio e\/o di servizio in via straordinaria e senza preavviso, se il partecipante al contratto continua a dare fastidio nonostante l&#8217;adeguato avvertimento da parte dell&#8217;azienda, o se viola il contratto in modo grave o mette deliberatamente in pericolo gli altri o se stesso.<br \/>In tale situazione FT ha il diritto di chiedere un pagamento compensativo. Eventuali costi aggiuntivi per un&#8217;ulteriore prenotazione sono a carico della parte del contratto o del partecipante stesso. FT tiene comunque conto del valore delle spese risparmiate e dei benefici che possono derivare da un ulteriore utilizzo del servizio non usufruito.  <\/li>\n<li>Per motivi di sicurezza, come venti molto forti, fulmini, ecc. o a causa del danneggiamento dell&#8217;attrezzatura per sport acquatici dovuto a collisioni o vandalismi causati dalla parte contraente o dal partecipante, FT pu\u00f2 annullare il contratto in via straordinaria e senza preavviso. In questo caso, non \u00e8 previsto il rimborso dell&#8217;importo pagato per il noleggio.   <\/li>\n<li>Se, dopo la restituzione dell&#8217;attrezzatura sportiva acquatica, risulta evidente una mancanza di abilit\u00e0 da parte del contraente o del partecipante nell&#8217;utilizzo dell&#8217;attrezzatura sportiva acquatica in sicurezza (scarso controllo dell&#8217;attrezzatura sportiva acquatica, mancata osservanza dei requisiti di sicurezza), o se l&#8217;individuo agisce contro l&#8217;esplicita richiesta di un membro dello staff, FT pu\u00f2 annullare il contratto in via straordinaria e senza preavviso. In tal caso non \u00e8 previsto il rimborso della tariffa. <\/li>\n<li>Se, nell&#8217;ambito di un gruppo, viene prenotato un servizio a cui pu\u00f2 partecipare solo il contraente o il partecipante, la durata della lezione sar\u00e0 ridotta da 60 minuti a 45 minuti. FT \u00e8 tenuta a informare immediatamente il contraente\/partecipante della condizione di riduzione del corso. <\/li>\n<li>Eventuali pagamenti effettuati per corsi che vengono poi cancellati saranno rimborsati in proporzione con un Buono di Credito dalla stazione FT. Questo pu\u00f2 essere utilizzato per una prenotazione futura quando il Buono di Credito viene presentato a FT. Ulteriori richieste non sono prese in considerazione.  <\/li>\n<li>La prenotazione anticipata dell&#8217;attrezzatura a noleggio garantisce uno sconto del 10% sul prezzo in loco. La mancanza di condizioni adeguate (assenza di vento, troppo vento o altre circostanze) \u00e8 a rischio della parte contraente. Non sono previsti crediti, rimborsi o altro per condizioni non idonee.  <span class=\"Apple-converted-space\">   <\/span><\/li>\n<\/ol>\n<p>Quindi, ad esempio, se sono stati prenotati e pagati 5 giorni, ma solo 3 sono stati utilizzati dalla parte del contratto, non pu\u00f2 essere concesso un credito per i due giorni non utilizzati.<span class=\"Apple-converted-space\">  <\/span>Solo con una dichiarazione medica ufficiale, che dimostri l&#8217;incapacit\u00e0 di utilizzare l&#8217;attrezzatura noleggiata, si pu\u00f2 ottenere un buono di credito per i giorni restanti della prenotazione. Questo buono pu\u00f2 essere utilizzato per periodi di noleggio futuri. <span class=\"Apple-converted-space\"> <\/span><\/p>\n<p><strong>H. RACCOLTA E UTILIZZO DEGLI ARTICOLI NOLEGGIATI<\/strong><\/p>\n<p>Le condizioni per farlo sono indicate sopra ai punti da (1) a (3).<\/p>\n<p><strong>I. DISCLAIMER<\/strong><\/p>\n<ol>\n<li>La responsabilit\u00e0 di FT o di un rappresentante legale o di un agente per i difetti iniziali o successivi dell&#8217;attrezzatura sportiva acquatica o dell&#8217;oggetto noleggiato, sia a causa di una violazione dei servizi contrattuali o di altro tipo, sia a causa di una violazione positiva del contratto, o per la responsabilit\u00e0 di un uso non ufficiale, \u00e8 esclusa ad eccezione di un&#8217;esclusione o di una limitazione della responsabilit\u00e0 per i danni dovuti a lesioni alla vita, al corpo o alla salute derivanti da una violazione negligente dell&#8217;obbligo da parte di FT o da una violazione deliberata o negligente dell&#8217;obbligo da parte di un rappresentante legale o di un agente.<\/li>\n<li>L&#8217;esclusione o la limitazione della garanzia non \u00e8 valida per i danni causati da una grave violazione negligente del dovere da parte di FT o da una violazione deliberata o gravemente negligente del dovere da parte di un rappresentante legale o di un agente di FT.\n<\/li>\n<\/ol>\n<p><strong>J. RISPETTO DELLE NORME DI SICUREZZA<\/strong><\/p>\n<ol>\n<li>Ogni partecipante al contratto deve seguire scrupolosamente le istruzioni dell&#8217;istruttore di sport acquatici di FT o di un membro del personale adeguatamente autorizzato. I partecipanti al contratto devono informarsi sui requisiti di sicurezza e conoscere le regole di navigazione per quando sono in acqua e seguirle correttamente. <\/li>\n<li>Se la funzionalit\u00e0 dell&#8217;attrezzatura per gli sport acquatici viene compromessa a causa del mancato rispetto delle istruzioni dell&#8217;istruttore\/personale addetto agli sport acquatici o per negligenza o della parte contraente\/partecipante, la parte contraente\/partecipante non ha diritto alla restituzione del canone di noleggio pagato.<\/li>\n<li>I danni causati all&#8217;attrezzatura per gli sport acquatici, se non si rispettano le istruzioni dell&#8217;istruttore o del personale o se non si rispettano le regole di sicurezza, devono essere coperti personalmente dal partecipante al contratto. FT consiglia di stipulare una polizza assicurativa di responsabilit\u00e0 civile che includa la copertura per gli sport acquatici e un&#8217;assicurazione che copra le attrezzature per gli sport acquatici (assicurazione sui materiali). <\/li>\n<\/ol>\n<p><strong><br \/>K. LEGGE APPLICABILE<\/strong><\/p>\n<p>Le parti concordano di utilizzare la legge spagnola.<\/p>\n<p><strong>L. CLAUSOLA DI SEPARAZIONE<\/strong><\/p>\n<p>Nel caso in cui determinate clausole del presente contratto dovessero risultare inoperanti e\/o inattuabili, o nel caso in cui si presentasse una lacuna nell&#8217;accordo complessivo, la validit\u00e0 complessiva delle disposizioni contrattuali non sar\u00e0 inficiata. Se, al posto delle clausole inoperanti o per colmare la lacuna, si trover\u00e0 un accordo appropriato e legalmente corretto, che soddisfi ci\u00f2 che entrambe le parti desiderano dal punto di vista finanziario, o che avrebbero previsto essere il significato e lo scopo di questo contratto, se avessero pensato a questo punto. Se necessario, le parti sono tenute a modificare il presente contratto.  <\/p>\n<ol start=\"3\">\n<li style=\"list-style-type: none;\">\n<ol>\n<li style=\"list-style-type: none;\"> <\/li>\n<\/ol>\n<\/li>\n<\/ol>\n\t\t\t\t\t\t\t\t<\/div>\n\t\t\t\t<\/div>\n\t\t\t\t\t<\/div>\n\t\t<\/div>\n\t\t\t\t\t<\/div>\n\t\t<\/section>\n\t\t\t\t<\/div>\n\t\t","protected":false},"excerpt":{"rendered":"<p>Condizioni generali CONDIZIONI GENERALI DI CONTRATTO DI FOLKERTS TRADING e i suoi marchi TENERIFE WINDSURF SOLUTION e\/o DUOTONE PRO CENTER Folkerts Trading SLU e i suoi marchi Tenerife Windsurf Solution e Duotone Pro Center (FT di seguito) offrono i seguenti servizi: Surf, kite, lezioni, clinics e corsi. Noleggio di attrezzature per sport acquatici e di [&hellip;]<\/p>\n","protected":false},"author":2,"featured_media":0,"parent":0,"menu_order":0,"comment_status":"closed","ping_status":"closed","template":"elementor_header_footer","meta":{"footnotes":""},"class_list":["post-8315","page","type-page","status-publish","hentry"],"_links":{"self":[{"href":"https:\/\/twstest.072design.site\/it\/wp-json\/wp\/v2\/pages\/8315","targetHints":{"allow":["GET"]}}],"collection":[{"href":"https:\/\/twstest.072design.site\/it\/wp-json\/wp\/v2\/pages"}],"about":[{"href":"https:\/\/twstest.072design.site\/it\/wp-json\/wp\/v2\/types\/page"}],"author":[{"embeddable":true,"href":"https:\/\/twstest.072design.site\/it\/wp-json\/wp\/v2\/users\/2"}],"replies":[{"embeddable":true,"href":"https:\/\/twstest.072design.site\/it\/wp-json\/wp\/v2\/comments?post=8315"}],"version-history":[{"count":0,"href":"https:\/\/twstest.072design.site\/it\/wp-json\/wp\/v2\/pages\/8315\/revisions"}],"wp:attachment":[{"href":"https:\/\/twstest.072design.site\/it\/wp-json\/wp\/v2\/media?parent=8315"}],"curies":[{"name":"wp","href":"https:\/\/api.w.org\/{rel}","templated":true}]}}