{"id":8556,"date":"2024-09-27T06:14:27","date_gmt":"2024-09-27T06:14:27","guid":{"rendered":"https:\/\/twstest.072design.site\/coaching-vip\/"},"modified":"2024-10-11T10:01:37","modified_gmt":"2024-10-11T10:01:37","slug":"coaching-vip","status":"publish","type":"page","link":"https:\/\/twstest.072design.site\/it\/coaching-vip\/","title":{"rendered":"Coaching VIP"},"content":{"rendered":"\t\t<div data-elementor-type=\"wp-page\" data-elementor-id=\"8556\" class=\"elementor elementor-8556 elementor-1477\" data-elementor-post-type=\"page\">\n\t\t\t\t\t\t<section data-particle_enable=\"false\" data-particle-mobile-disabled=\"false\" class=\"elementor-section elementor-top-section elementor-element elementor-element-77274fe0 elementor-section-height-min-height elementor-section-boxed elementor-section-height-default elementor-section-items-middle\" data-id=\"77274fe0\" data-element_type=\"section\" data-settings=\"{&quot;jet_parallax_layout_list&quot;:[],&quot;background_background&quot;:&quot;video&quot;,&quot;background_video_link&quot;:&quot;https:\\\/\\\/player.vimeo.com\\\/video\\\/&quot;}\">\n\t\t\t\t\t\t\t\t<div class=\"elementor-background-video-container elementor-hidden-mobile\" aria-hidden=\"true\">\n\t\t\t\t\t\t\t\t\t\t\t\t\t<video class=\"elementor-background-video-hosted\" autoplay muted playsinline loop><\/video>\n\t\t\t\t\t\t\t\t\t\t\t<\/div>\n\t\t\t\t\t\t\t\t\t<div class=\"elementor-background-overlay\"><\/div>\n\t\t\t\t\t\t\t<div class=\"elementor-container elementor-column-gap-no\">\n\t\t\t\t\t<div class=\"elementor-column elementor-col-100 elementor-top-column elementor-element elementor-element-7186961c\" data-id=\"7186961c\" data-element_type=\"column\">\n\t\t\t<div class=\"elementor-widget-wrap elementor-element-populated\">\n\t\t\t\t\t\t<div class=\"elementor-element elementor-element-6e81d618 elementor-widget elementor-widget-heading\" data-id=\"6e81d618\" data-element_type=\"widget\" data-widget_type=\"heading.default\">\n\t\t\t\t<div class=\"elementor-widget-container\">\n\t\t\t\t\t<h2 class=\"elementor-heading-title elementor-size-default\">Sessioni di windsurf intermedio VIP con TWS<\/h2>\t\t\t\t<\/div>\n\t\t\t\t<\/div>\n\t\t\t\t\t<\/div>\n\t\t<\/div>\n\t\t\t\t\t<\/div>\n\t\t<\/section>\n\t\t\t\t<section data-particle_enable=\"false\" data-particle-mobile-disabled=\"false\" class=\"elementor-section elementor-top-section elementor-element elementor-element-6b74dd40 elementor-section-boxed elementor-section-height-default elementor-section-height-default\" data-id=\"6b74dd40\" data-element_type=\"section\" data-settings=\"{&quot;jet_parallax_layout_list&quot;:[]}\">\n\t\t\t\t\t\t<div class=\"elementor-container elementor-column-gap-default\">\n\t\t\t\t\t<div class=\"elementor-column elementor-col-50 elementor-top-column elementor-element elementor-element-59bb3f70\" data-id=\"59bb3f70\" data-element_type=\"column\" data-settings=\"{&quot;background_background&quot;:&quot;classic&quot;}\">\n\t\t\t<div class=\"elementor-widget-wrap elementor-element-populated\">\n\t\t\t\t\t\t<div class=\"elementor-element elementor-element-a0f83f7 elementor-widget elementor-widget-image\" data-id=\"a0f83f7\" data-element_type=\"widget\" data-widget_type=\"image.default\">\n\t\t\t\t<div class=\"elementor-widget-container\">\n\t\t\t\t\t\t\t\t\t\t\t\t\t\t\t<img fetchpriority=\"high\" decoding=\"async\" width=\"800\" height=\"800\" src=\"https:\/\/twstest.072design.site\/wp-content\/uploads\/2024\/09\/tim1.jpg\" class=\"attachment-large size-large wp-image-2250\" alt=\"\" srcset=\"https:\/\/twstest.072design.site\/wp-content\/uploads\/2024\/09\/tim1.jpg 1024w, https:\/\/twstest.072design.site\/wp-content\/uploads\/2024\/09\/tim1-300x300.jpg 300w, https:\/\/twstest.072design.site\/wp-content\/uploads\/2024\/09\/tim1-150x150.jpg 150w, https:\/\/twstest.072design.site\/wp-content\/uploads\/2024\/09\/tim1-768x768.jpg 768w, https:\/\/twstest.072design.site\/wp-content\/uploads\/2024\/09\/tim1-600x600.jpg 600w, https:\/\/twstest.072design.site\/wp-content\/uploads\/2024\/09\/tim1-100x100.jpg 100w\" sizes=\"(max-width: 800px) 100vw, 800px\" \/>\t\t\t\t\t\t\t\t\t\t\t\t\t\t\t<\/div>\n\t\t\t\t<\/div>\n\t\t\t\t<div class=\"elementor-element elementor-element-c77871a elementor-widget elementor-widget-image\" data-id=\"c77871a\" data-element_type=\"widget\" data-widget_type=\"image.default\">\n\t\t\t\t<div class=\"elementor-widget-container\">\n\t\t\t\t\t\t\t\t\t\t\t\t\t\t\t<img decoding=\"async\" width=\"800\" height=\"800\" src=\"https:\/\/twstest.072design.site\/wp-content\/uploads\/2024\/09\/tim3.jpg\" class=\"attachment-large size-large wp-image-2265\" alt=\"\" srcset=\"https:\/\/twstest.072design.site\/wp-content\/uploads\/2024\/09\/tim3.jpg 1024w, https:\/\/twstest.072design.site\/wp-content\/uploads\/2024\/09\/tim3-300x300.jpg 300w, https:\/\/twstest.072design.site\/wp-content\/uploads\/2024\/09\/tim3-150x150.jpg 150w, https:\/\/twstest.072design.site\/wp-content\/uploads\/2024\/09\/tim3-768x768.jpg 768w, https:\/\/twstest.072design.site\/wp-content\/uploads\/2024\/09\/tim3-600x600.jpg 600w, https:\/\/twstest.072design.site\/wp-content\/uploads\/2024\/09\/tim3-100x100.jpg 100w\" sizes=\"(max-width: 800px) 100vw, 800px\" \/>\t\t\t\t\t\t\t\t\t\t\t\t\t\t\t<\/div>\n\t\t\t\t<\/div>\n\t\t\t\t<div class=\"elementor-element elementor-element-3a73534 elementor-widget elementor-widget-image\" data-id=\"3a73534\" data-element_type=\"widget\" data-widget_type=\"image.default\">\n\t\t\t\t<div class=\"elementor-widget-container\">\n\t\t\t\t\t\t\t\t\t\t\t\t\t\t\t<img decoding=\"async\" width=\"800\" height=\"800\" src=\"https:\/\/twstest.072design.site\/wp-content\/uploads\/2024\/09\/tim2.jpg\" class=\"attachment-large size-large wp-image-2257\" alt=\"\" srcset=\"https:\/\/twstest.072design.site\/wp-content\/uploads\/2024\/09\/tim2.jpg 1024w, https:\/\/twstest.072design.site\/wp-content\/uploads\/2024\/09\/tim2-300x300.jpg 300w, https:\/\/twstest.072design.site\/wp-content\/uploads\/2024\/09\/tim2-150x150.jpg 150w, https:\/\/twstest.072design.site\/wp-content\/uploads\/2024\/09\/tim2-768x768.jpg 768w, https:\/\/twstest.072design.site\/wp-content\/uploads\/2024\/09\/tim2-600x600.jpg 600w, https:\/\/twstest.072design.site\/wp-content\/uploads\/2024\/09\/tim2-100x100.jpg 100w\" sizes=\"(max-width: 800px) 100vw, 800px\" \/>\t\t\t\t\t\t\t\t\t\t\t\t\t\t\t<\/div>\n\t\t\t\t<\/div>\n\t\t\t\t\t<\/div>\n\t\t<\/div>\n\t\t\t\t<div class=\"elementor-column elementor-col-50 elementor-top-column elementor-element elementor-element-7a2e51d\" data-id=\"7a2e51d\" data-element_type=\"column\" data-settings=\"{&quot;background_background&quot;:&quot;classic&quot;}\">\n\t\t\t<div class=\"elementor-widget-wrap elementor-element-populated\">\n\t\t\t\t\t\t<div class=\"elementor-element elementor-element-197ef46 elementor-widget elementor-widget-heading\" data-id=\"197ef46\" data-element_type=\"widget\" data-widget_type=\"heading.default\">\n\t\t\t\t<div class=\"elementor-widget-container\">\n\t\t\t\t\t<h2 class=\"elementor-heading-title elementor-size-default\">Cerchi un'esperienza di apprendimento personalizzata e rapida?<\/h2>\t\t\t\t<\/div>\n\t\t\t\t<\/div>\n\t\t\t\t<div class=\"elementor-element elementor-element-3f1d57d elementor-widget elementor-widget-heading\" data-id=\"3f1d57d\" data-element_type=\"widget\" data-widget_type=\"heading.default\">\n\t\t\t\t<div class=\"elementor-widget-container\">\n\t\t\t\t\t<h2 class=\"elementor-heading-title elementor-size-default\">TWS offre sessioni di coaching VIP<\/h2>\t\t\t\t<\/div>\n\t\t\t\t<\/div>\n\t\t\t\t<div class=\"elementor-element elementor-element-230533c elementor-widget elementor-widget-text-editor\" data-id=\"230533c\" data-element_type=\"widget\" data-widget_type=\"text-editor.default\">\n\t\t\t\t<div class=\"elementor-widget-container\">\n\t\t\t\t\t\t\t\t\t<p><span data-contrast=\"auto\">Per i windsurfisti di livello intermedio che cercano un&#8217;esperienza di apprendimento personalizzata e veloce, TWS offre <strong>sessioni di coaching VIP<\/strong> guidate dall&#8217;atleta PWA Wave <strong>Tim van Dam<\/strong>. Questa opzione esclusiva offre un&#8217;attenzione individuale personalizzata in base al tuo livello di abilit\u00e0 e ai tuoi obiettivi. Con la guida esperta di Tim, affinerai la tua tecnica, migliorerai le tue manovre e acquisterai fiducia nelle condizioni pi\u00f9 difficili.  <\/span><span data-ccp-props=\"{}\"> <\/span><\/p>\n<p><span data-contrast=\"auto\"><strong>Cosa ottieni con il Coaching VIP<\/strong>:<\/span><span data-ccp-props=\"{}\"> <\/span><\/p>\n<ul>\n<li><span data-contrast=\"auto\"><strong>Valutazione personalizzata<\/strong>: Tim valuter\u00e0 le tue attuali capacit\u00e0 e creer\u00e0 un piano di lezioni personalizzato per rispondere alle tue esigenze specifiche.<\/span><\/li>\n<li><span data-contrast=\"auto\"><strong>Coaching su misura<\/strong>: che si tratti di padroneggiare le partenze dall&#8217;acqua, migliorare le strambate o planare con venti pi\u00f9 forti, la guida di Tim accelerer\u00e0 i tuoi progressi.<\/span><\/li>\n<li><span data-contrast=\"auto\"><strong>Feedback mirato<\/strong>: Ricevi un feedback istantaneo e suggerimenti durante la sessione, con un&#8217;attenzione particolare al miglioramento dei tuoi punti di forza e al superamento delle sfide.<\/span><\/li>\n<li><span data-contrast=\"auto\"><strong>Orari flessibili<\/strong>: Queste sessioni sono organizzate a tuo piacimento e ti offrono la flessibilit\u00e0 di imparare al tuo ritmo.<\/span><span data-ccp-props=\"{}\"> <\/span><\/li>\n<\/ul>\n<p><span data-contrast=\"auto\"><strong><br \/>Le<\/strong> <strong>sessioni VIP<\/strong> sono ideali per i cavalieri di livello intermedio che desiderano un&#8217;esperienza di apprendimento personalizzata e di alta qualit\u00e0 nelle acque di classe mondiale di El M\u00e9dano.<\/span><span data-ccp-props=\"{}\"> <\/span><span data-ccp-props=\"{}\"> <\/span><\/p>\n<p><span data-contrast=\"auto\"><strong>Lezioni di windsurf intermedie con Duotone Pro Center Tenerife<\/strong><\/span><span data-ccp-props=\"{}\"> <\/span><\/p>\n<p><span data-contrast=\"auto\">Per chi vuole progredire in un ambiente di gruppo o con una guida pi\u00f9 strutturata, il nostro partner <strong>Duotone Pro Center Tenerife<\/strong> offre anche eccezionali <strong>lezioni di windsurf intermedie<\/strong> con <strong>istruttori multilingue<\/strong>. Queste lezioni sono perfette per chi vuole migliorare le proprie capacit\u00e0 in un ambiente dinamico e divertente. <\/span><span data-ccp-props=\"{}\"> <\/span><\/p>\n<p><span data-contrast=\"auto\"><strong>Cosa \u00e8 incluso<\/strong>:<\/span><span data-ccp-props=\"{}\"> <\/span><\/p>\n<ul>\n<li><span data-contrast=\"auto\"><strong>Istruzione professionale multilingue<\/strong>: Le lezioni sono tenute in inglese, spagnolo, tedesco e altro ancora, per garantire una comunicazione chiara e un feedback personalizzato.<\/span><\/li>\n<li><span data-contrast=\"auto\"><strong>Attrezzatura di altissimo livello<\/strong>: L&#8217;attrezzatura di prima qualit\u00e0 di Duotone, che comprende tavole e vele all&#8217;avanguardia, ti garantisce di navigare con i migliori strumenti disponibili.<\/span><\/li>\n<li><span data-contrast=\"auto\"><strong>Sviluppo delle abilit\u00e0<\/strong>: Impara a perfezionare le partenze dall&#8217;acqua, a migliorare le strambate, a usare il trapezio in modo efficiente e a padroneggiare le tecniche di planata.<\/span><\/li>\n<li><span data-contrast=\"auto\"><strong>Analisi video<\/strong>: Gli istruttori possono offrire un feedback video per approfondire la tua tecnica, aiutandoti a visualizzare e capire come migliorare.<\/span><\/li>\n<li><span data-contrast=\"auto\"><strong>Formule di lezione flessibili<\/strong>: Scegli tra lezioni private per concentrarsi individualmente o sessioni di gruppo per un&#8217;esperienza di apprendimento divertente e sociale.<\/span><span data-ccp-props=\"{}\"> <\/span><\/li>\n<\/ul>\n<p><span data-contrast=\"auto\"><br \/>Le <strong>lezioni intermedie<\/strong> del Duotone Pro Center ti aiutano ad acquisire fiducia e a perfezionare le tue abilit\u00e0, offrendoti tutto ci\u00f2 di cui hai bisogno per goderti il windsurf a un livello superiore.<\/span><\/p>\n<p><strong>Come prenotare<\/strong><span data-ccp-props=\"{}\"> <\/span><\/p>\n<p><span data-contrast=\"auto\">Che tu preferisca le <strong>sessioni di coaching VIP<\/strong> per un&#8217;esperienza personalizzata o le <strong>lezioni di gruppo intermedie<\/strong> al <a href=\"https:\/\/www.dpc-tenerife.com\/book-now\" target=\"_blank\" rel=\"noopener\">Duotone Pro Center, prenotare \u00e8 facile.<\/a> Oppure <a href=\"https:\/\/twstest.072design.site\/it\/contattaci\/\">contatta<\/a> semplicemente <a href=\"https:\/\/twstest.072design.site\/it\/contattaci\/\">la <strong>TWS<\/strong><\/a> o il <strong><a href=\"https:\/\/www.dpc-tenerife.com\/more\/ask-us\/contact-us\" target=\"_blank\" rel=\"noopener\">Duotone Pro Center Tenerife<\/a><\/strong> per fissare la tua sessione e iniziare a progredire in acqua! <\/span><span data-ccp-props=\"{}\"> <\/span><\/p>\n\t\t\t\t\t\t\t\t<\/div>\n\t\t\t\t<\/div>\n\t\t\t\t<div class=\"elementor-element elementor-element-3e96aca elementor-widget elementor-widget-text-editor\" data-id=\"3e96aca\" data-element_type=\"widget\" data-widget_type=\"text-editor.default\">\n\t\t\t\t<div class=\"elementor-widget-container\">\n\t\t\t\t\t\t\t\t\t<p><b><a href=\"#newsletter\">Lascia il tuo indirizzo e-mail<\/a> per ricevere gli avvisi sulle nuove clinics e lezioni.<\/b><\/p>\n\t\t\t\t\t\t\t\t<\/div>\n\t\t\t\t<\/div>\n\t\t\t\t\t<\/div>\n\t\t<\/div>\n\t\t\t\t\t<\/div>\n\t\t<\/section>\n\t\t\t\t<section data-particle_enable=\"false\" data-particle-mobile-disabled=\"false\" class=\"elementor-section elementor-top-section elementor-element elementor-element-e8c0cde elementor-section-boxed elementor-section-height-default elementor-section-height-default\" data-id=\"e8c0cde\" data-element_type=\"section\" data-settings=\"{&quot;jet_parallax_layout_list&quot;:[]}\">\n\t\t\t\t\t\t<div class=\"elementor-container elementor-column-gap-default\">\n\t\t\t\t\t<div class=\"elementor-column elementor-col-100 elementor-top-column elementor-element elementor-element-19edef0\" data-id=\"19edef0\" data-element_type=\"column\">\n\t\t\t<div class=\"elementor-widget-wrap elementor-element-populated\">\n\t\t\t\t\t\t<div class=\"elementor-element elementor-element-9664054 elementor-widget elementor-widget-html\" data-id=\"9664054\" data-element_type=\"widget\" data-widget_type=\"html.default\">\n\t\t\t\t<div class=\"elementor-widget-container\">\n\t\t\t\t\t<script type=\"text\/javascript\" src=\"https:\/\/twswindsurf.vikingbookings.com\/en\/widget.js\"><\/script>\t\t\t\t<\/div>\n\t\t\t\t<\/div>\n\t\t\t\t\t<\/div>\n\t\t<\/div>\n\t\t\t\t\t<\/div>\n\t\t<\/section>\n\t\t\t\t<section data-particle_enable=\"false\" data-particle-mobile-disabled=\"false\" class=\"elementor-section elementor-top-section elementor-element elementor-element-2092f5d3 elementor-section-full_width elementor-section-height-min-height elementor-section-height-default elementor-section-items-middle\" data-id=\"2092f5d3\" data-element_type=\"section\" data-settings=\"{&quot;jet_parallax_layout_list&quot;:[],&quot;background_background&quot;:&quot;video&quot;,&quot;background_video_link&quot;:&quot;https:\\\/\\\/player.vimeo.com\\\/video\\\/410311947?muted=1&amp;autoplay=1&amp;loop=1&amp;background=1&amp;app_id=122963&quot;}\">\n\t\t\t\t\t\t\t\t<div class=\"elementor-background-video-container elementor-hidden-mobile\" aria-hidden=\"true\">\n\t\t\t\t\t\t\t\t\t\t\t\t\t<div class=\"elementor-background-video-embed\"><\/div>\n\t\t\t\t\t\t\t\t\t\t\t\t<\/div>\n\t\t\t\t\t\t\t\t<div class=\"elementor-container elementor-column-gap-no\">\n\t\t\t\t\t<div class=\"elementor-column elementor-col-100 elementor-top-column elementor-element elementor-element-10fc13\" data-id=\"10fc13\" data-element_type=\"column\">\n\t\t\t<div class=\"elementor-widget-wrap\">\n\t\t\t\t\t\t\t<\/div>\n\t\t<\/div>\n\t\t\t\t\t<\/div>\n\t\t<\/section>\n\t\t\t\t<\/div>\n\t\t","protected":false},"excerpt":{"rendered":"<p>Sessioni di windsurf intermedio VIP con TWS Cerchi un&#8217;esperienza di apprendimento personalizzata e rapida? TWS offre sessioni di coaching VIP Per i windsurfisti di livello intermedio che cercano un&#8217;esperienza di apprendimento personalizzata e veloce, TWS offre sessioni di coaching VIP guidate dall&#8217;atleta PWA Wave Tim van Dam. Questa opzione esclusiva offre un&#8217;attenzione individuale personalizzata in [&hellip;]<\/p>\n","protected":false},"author":2,"featured_media":0,"parent":0,"menu_order":0,"comment_status":"closed","ping_status":"closed","template":"elementor_header_footer","meta":{"footnotes":""},"class_list":["post-8556","page","type-page","status-publish","hentry"],"_links":{"self":[{"href":"https:\/\/twstest.072design.site\/it\/wp-json\/wp\/v2\/pages\/8556","targetHints":{"allow":["GET"]}}],"collection":[{"href":"https:\/\/twstest.072design.site\/it\/wp-json\/wp\/v2\/pages"}],"about":[{"href":"https:\/\/twstest.072design.site\/it\/wp-json\/wp\/v2\/types\/page"}],"author":[{"embeddable":true,"href":"https:\/\/twstest.072design.site\/it\/wp-json\/wp\/v2\/users\/2"}],"replies":[{"embeddable":true,"href":"https:\/\/twstest.072design.site\/it\/wp-json\/wp\/v2\/comments?post=8556"}],"version-history":[{"count":0,"href":"https:\/\/twstest.072design.site\/it\/wp-json\/wp\/v2\/pages\/8556\/revisions"}],"wp:attachment":[{"href":"https:\/\/twstest.072design.site\/it\/wp-json\/wp\/v2\/media?parent=8556"}],"curies":[{"name":"wp","href":"https:\/\/api.w.org\/{rel}","templated":true}]}}