{"id":8560,"date":"2024-09-27T07:25:20","date_gmt":"2024-09-27T07:25:20","guid":{"rendered":"https:\/\/twstest.072design.site\/wave-progression-advanced-expert-coaching\/"},"modified":"2024-10-11T10:11:36","modified_gmt":"2024-10-11T10:11:36","slug":"wave-progression-advanced-expert-coaching","status":"publish","type":"page","link":"https:\/\/twstest.072design.site\/it\/wave-progression-advanced-expert-coaching\/","title":{"rendered":"Wave Progression\/Advanced\/Expert Coaching"},"content":{"rendered":"\t\t<div data-elementor-type=\"wp-page\" data-elementor-id=\"8560\" class=\"elementor elementor-8560 elementor-1568\" data-elementor-post-type=\"page\">\n\t\t\t\t\t\t<section data-particle_enable=\"false\" data-particle-mobile-disabled=\"false\" class=\"elementor-section elementor-top-section elementor-element elementor-element-77274fe0 elementor-section-height-min-height elementor-section-boxed elementor-section-height-default elementor-section-items-middle\" data-id=\"77274fe0\" data-element_type=\"section\" data-settings=\"{&quot;jet_parallax_layout_list&quot;:[],&quot;background_background&quot;:&quot;video&quot;,&quot;background_video_link&quot;:&quot;https:\\\/\\\/player.vimeo.com\\\/video\\\/1013339101&quot;}\">\n\t\t\t\t\t\t\t\t<div class=\"elementor-background-video-container elementor-hidden-mobile\" aria-hidden=\"true\">\n\t\t\t\t\t\t\t\t\t\t\t\t\t<div class=\"elementor-background-video-embed\"><\/div>\n\t\t\t\t\t\t\t\t\t\t\t\t<\/div>\n\t\t\t\t\t\t\t\t\t<div class=\"elementor-background-overlay\"><\/div>\n\t\t\t\t\t\t\t<div class=\"elementor-container elementor-column-gap-no\">\n\t\t\t\t\t<div class=\"elementor-column elementor-col-100 elementor-top-column elementor-element elementor-element-7186961c\" data-id=\"7186961c\" data-element_type=\"column\">\n\t\t\t<div class=\"elementor-widget-wrap elementor-element-populated\">\n\t\t\t\t\t\t<div class=\"elementor-element elementor-element-6e81d618 elementor-widget elementor-widget-heading\" data-id=\"6e81d618\" data-element_type=\"widget\" data-widget_type=\"heading.default\">\n\t\t\t\t<div class=\"elementor-widget-container\">\n\t\t\t\t\t<h2 class=\"elementor-heading-title elementor-size-default\">Lezioni di windsurf di progressione, avanzate ed esperte con coaching VIP alla TWS<\/h2>\t\t\t\t<\/div>\n\t\t\t\t<\/div>\n\t\t\t\t\t<\/div>\n\t\t<\/div>\n\t\t\t\t\t<\/div>\n\t\t<\/section>\n\t\t\t\t<section data-particle_enable=\"false\" data-particle-mobile-disabled=\"false\" class=\"elementor-section elementor-top-section elementor-element elementor-element-6b74dd40 elementor-section-boxed elementor-section-height-default elementor-section-height-default\" data-id=\"6b74dd40\" data-element_type=\"section\" data-settings=\"{&quot;jet_parallax_layout_list&quot;:[]}\">\n\t\t\t\t\t\t<div class=\"elementor-container elementor-column-gap-default\">\n\t\t\t\t\t<div class=\"elementor-column elementor-col-50 elementor-top-column elementor-element elementor-element-59bb3f70\" data-id=\"59bb3f70\" data-element_type=\"column\" data-settings=\"{&quot;background_background&quot;:&quot;classic&quot;}\">\n\t\t\t<div class=\"elementor-widget-wrap elementor-element-populated\">\n\t\t\t\t\t\t<div class=\"elementor-element elementor-element-a0f83f7 elementor-widget elementor-widget-image\" data-id=\"a0f83f7\" data-element_type=\"widget\" data-widget_type=\"image.default\">\n\t\t\t\t<div class=\"elementor-widget-container\">\n\t\t\t\t\t\t\t\t\t\t\t\t\t\t\t<img fetchpriority=\"high\" decoding=\"async\" width=\"800\" height=\"800\" src=\"https:\/\/twstest.072design.site\/wp-content\/uploads\/2024\/09\/dieter-1.jpg\" class=\"attachment-large size-large wp-image-2065\" alt=\"\" srcset=\"https:\/\/twstest.072design.site\/wp-content\/uploads\/2024\/09\/dieter-1.jpg 1024w, https:\/\/twstest.072design.site\/wp-content\/uploads\/2024\/09\/dieter-1-300x300.jpg 300w, https:\/\/twstest.072design.site\/wp-content\/uploads\/2024\/09\/dieter-1-150x150.jpg 150w, https:\/\/twstest.072design.site\/wp-content\/uploads\/2024\/09\/dieter-1-768x768.jpg 768w, https:\/\/twstest.072design.site\/wp-content\/uploads\/2024\/09\/dieter-1-600x600.jpg 600w, https:\/\/twstest.072design.site\/wp-content\/uploads\/2024\/09\/dieter-1-100x100.jpg 100w\" sizes=\"(max-width: 800px) 100vw, 800px\" \/>\t\t\t\t\t\t\t\t\t\t\t\t\t\t\t<\/div>\n\t\t\t\t<\/div>\n\t\t\t\t<div class=\"elementor-element elementor-element-de75bff elementor-widget elementor-widget-image\" data-id=\"de75bff\" data-element_type=\"widget\" data-widget_type=\"image.default\">\n\t\t\t\t<div class=\"elementor-widget-container\">\n\t\t\t\t\t\t\t\t\t\t\t\t\t\t\t<img decoding=\"async\" width=\"800\" height=\"800\" src=\"https:\/\/twstest.072design.site\/wp-content\/uploads\/2024\/09\/nikodem-1.jpg\" class=\"attachment-large size-large wp-image-2165\" alt=\"\" srcset=\"https:\/\/twstest.072design.site\/wp-content\/uploads\/2024\/09\/nikodem-1.jpg 1024w, https:\/\/twstest.072design.site\/wp-content\/uploads\/2024\/09\/nikodem-1-300x300.jpg 300w, https:\/\/twstest.072design.site\/wp-content\/uploads\/2024\/09\/nikodem-1-150x150.jpg 150w, https:\/\/twstest.072design.site\/wp-content\/uploads\/2024\/09\/nikodem-1-768x768.jpg 768w, https:\/\/twstest.072design.site\/wp-content\/uploads\/2024\/09\/nikodem-1-600x600.jpg 600w, https:\/\/twstest.072design.site\/wp-content\/uploads\/2024\/09\/nikodem-1-100x100.jpg 100w\" sizes=\"(max-width: 800px) 100vw, 800px\" \/>\t\t\t\t\t\t\t\t\t\t\t\t\t\t\t<\/div>\n\t\t\t\t<\/div>\n\t\t\t\t<div class=\"elementor-element elementor-element-af558d8 elementor-widget elementor-widget-image\" data-id=\"af558d8\" data-element_type=\"widget\" data-widget_type=\"image.default\">\n\t\t\t\t<div class=\"elementor-widget-container\">\n\t\t\t\t\t\t\t\t\t\t\t\t\t\t\t<img decoding=\"async\" width=\"800\" height=\"800\" src=\"https:\/\/twstest.072design.site\/wp-content\/uploads\/2024\/09\/tim1.jpg\" class=\"attachment-large size-large wp-image-2250\" alt=\"\" srcset=\"https:\/\/twstest.072design.site\/wp-content\/uploads\/2024\/09\/tim1.jpg 1024w, https:\/\/twstest.072design.site\/wp-content\/uploads\/2024\/09\/tim1-300x300.jpg 300w, https:\/\/twstest.072design.site\/wp-content\/uploads\/2024\/09\/tim1-150x150.jpg 150w, https:\/\/twstest.072design.site\/wp-content\/uploads\/2024\/09\/tim1-768x768.jpg 768w, https:\/\/twstest.072design.site\/wp-content\/uploads\/2024\/09\/tim1-600x600.jpg 600w, https:\/\/twstest.072design.site\/wp-content\/uploads\/2024\/09\/tim1-100x100.jpg 100w\" sizes=\"(max-width: 800px) 100vw, 800px\" \/>\t\t\t\t\t\t\t\t\t\t\t\t\t\t\t<\/div>\n\t\t\t\t<\/div>\n\t\t\t\t<div class=\"elementor-element elementor-element-4d34d08 elementor-widget elementor-widget-image\" data-id=\"4d34d08\" data-element_type=\"widget\" data-widget_type=\"image.default\">\n\t\t\t\t<div class=\"elementor-widget-container\">\n\t\t\t\t\t\t\t\t\t\t\t\t\t\t\t<img loading=\"lazy\" decoding=\"async\" width=\"800\" height=\"800\" src=\"https:\/\/twstest.072design.site\/wp-content\/uploads\/2024\/09\/clinic3.jpg\" class=\"attachment-large size-large wp-image-1823\" alt=\"\" srcset=\"https:\/\/twstest.072design.site\/wp-content\/uploads\/2024\/09\/clinic3.jpg 1024w, https:\/\/twstest.072design.site\/wp-content\/uploads\/2024\/09\/clinic3-300x300.jpg 300w, https:\/\/twstest.072design.site\/wp-content\/uploads\/2024\/09\/clinic3-150x150.jpg 150w, https:\/\/twstest.072design.site\/wp-content\/uploads\/2024\/09\/clinic3-768x768.jpg 768w, https:\/\/twstest.072design.site\/wp-content\/uploads\/2024\/09\/clinic3-600x600.jpg 600w, https:\/\/twstest.072design.site\/wp-content\/uploads\/2024\/09\/clinic3-100x100.jpg 100w\" sizes=\"(max-width: 800px) 100vw, 800px\" \/>\t\t\t\t\t\t\t\t\t\t\t\t\t\t\t<\/div>\n\t\t\t\t<\/div>\n\t\t\t\t<div class=\"elementor-element elementor-element-68210f4 elementor-widget elementor-widget-image\" data-id=\"68210f4\" data-element_type=\"widget\" data-widget_type=\"image.default\">\n\t\t\t\t<div class=\"elementor-widget-container\">\n\t\t\t\t\t\t\t\t\t\t\t\t\t\t\t<img loading=\"lazy\" decoding=\"async\" width=\"800\" height=\"800\" src=\"https:\/\/twstest.072design.site\/wp-content\/uploads\/2024\/09\/wave9.jpg\" class=\"attachment-large size-large wp-image-1251\" alt=\"\" srcset=\"https:\/\/twstest.072design.site\/wp-content\/uploads\/2024\/09\/wave9.jpg 1024w, https:\/\/twstest.072design.site\/wp-content\/uploads\/2024\/09\/wave9-300x300.jpg 300w, https:\/\/twstest.072design.site\/wp-content\/uploads\/2024\/09\/wave9-150x150.jpg 150w, https:\/\/twstest.072design.site\/wp-content\/uploads\/2024\/09\/wave9-768x768.jpg 768w, https:\/\/twstest.072design.site\/wp-content\/uploads\/2024\/09\/wave9-600x600.jpg 600w, https:\/\/twstest.072design.site\/wp-content\/uploads\/2024\/09\/wave9-100x100.jpg 100w\" sizes=\"(max-width: 800px) 100vw, 800px\" \/>\t\t\t\t\t\t\t\t\t\t\t\t\t\t\t<\/div>\n\t\t\t\t<\/div>\n\t\t\t\t\t<\/div>\n\t\t<\/div>\n\t\t\t\t<div class=\"elementor-column elementor-col-50 elementor-top-column elementor-element elementor-element-7a2e51d\" data-id=\"7a2e51d\" data-element_type=\"column\" data-settings=\"{&quot;background_background&quot;:&quot;classic&quot;}\">\n\t\t\t<div class=\"elementor-widget-wrap elementor-element-populated\">\n\t\t\t\t\t\t<div class=\"elementor-element elementor-element-09d7b30 elementor-widget elementor-widget-heading\" data-id=\"09d7b30\" data-element_type=\"widget\" data-widget_type=\"heading.default\">\n\t\t\t\t<div class=\"elementor-widget-container\">\n\t\t\t\t\t<h2 class=\"elementor-heading-title elementor-size-default\">Per i windsurfisti che desiderano perfezionare le proprie abilit\u00e0 o padroneggiare manovre avanzate, Tenerife Windsurf Solution offre sessioni di coaching VIP esclusive.<\/h2>\t\t\t\t<\/div>\n\t\t\t\t<\/div>\n\t\t\t\t<div class=\"elementor-element elementor-element-fefe779 elementor-widget elementor-widget-heading\" data-id=\"fefe779\" data-element_type=\"widget\" data-widget_type=\"heading.default\">\n\t\t\t\t<div class=\"elementor-widget-container\">\n\t\t\t\t\t<h2 class=\"elementor-heading-title elementor-size-default\">con alcuni dei migliori windsurfisti professionisti del mondo.<\/h2>\t\t\t\t<\/div>\n\t\t\t\t<\/div>\n\t\t\t\t<div class=\"elementor-element elementor-element-230533c elementor-widget elementor-widget-text-editor\" data-id=\"230533c\" data-element_type=\"widget\" data-widget_type=\"text-editor.default\">\n\t\t\t\t<div class=\"elementor-widget-container\">\n\t\t\t\t\t\t\t\t\t<p><span data-contrast=\"auto\"> <\/span><span data-contrast=\"auto\">Il nostro programma di coaching VIP \u00e8 pensato per fornire un&#8217;istruzione personalizzata e di alto livello per aiutarti a raggiungere i tuoi obiettivi di windsurf, a prescindere da quanto siano avanzati.<\/span><span data-ccp-props=\"{}\"> <\/span><\/p>\n<p><span data-contrast=\"auto\">Coaching VIP con riders di livello mondiale:<\/span><\/p>\n<ol>\n<li><strong>Dieter van der Eyken (Campione del Mondo PWA Freestyle)<br \/><\/strong><span data-contrast=\"auto\">Dieter \u00e8 noto per la sua precisione e versatilit\u00e0 nelle discipline freestyle e wave. Le sue sessioni di coaching si concentrano sul perfezionamento di tecniche avanzate, tra cui manovre complesse di freestyle, wave riding e il miglioramento delle prestazioni generali in condizioni diverse. <\/span><\/li>\n<li><span data-contrast=\"auto\"><strong>  Nikodem Merlak (atleta di windsurf PWA)<\/strong> <br \/><\/span><span data-contrast=\"auto\">Nikodem vanta anni di esperienza nelle competizioni di alto livello ed \u00e8 particolarmente abile nel guidare i windsurfisti pi\u00f9 esperti attraverso le complessit\u00e0 del wave riding e dei salti. Che tu voglia padroneggiare aerials, front loops o push loops, il coaching esperto di Nikodem porter\u00e0 le tue abilit\u00e0 a nuovi livelli. <\/span><\/li>\n<li><span data-contrast=\"auto\"><strong>Tim van Dam (PWA Wave Rider)<br \/><\/strong><\/span><span data-contrast=\"auto\">Tim \u00e8 specializzato nel wave riding e nelle tecniche di windsurf ad alte prestazioni. Le sue sessioni VIP sono pensate per i rider esperti che vogliono migliorare il controllo sulle onde, le manovre avanzate come i back loop e molto altro. Il coaching di Tim si concentra sul superamento dei tuoi limiti, garantendoti tecnica e precisione.  <\/span>  <\/li>\n<\/ol>\n<p><span data-contrast=\"auto\"><br \/><strong>Cosa ottieni con il Coaching VIP:<\/strong><\/span><span data-ccp-props=\"{}\"> <\/span><\/p>\n<ul>\n<li><span data-contrast=\"auto\"><strong>Piani di allenamento su misura<\/strong>: Ogni sessione \u00e8 personalizzata in base al tuo livello di abilit\u00e0 e ai tuoi obiettivi personali, assicurandoti che ogni minuto di allenamento sia focalizzato sui tuoi progressi.<\/span><\/li>\n<li><span data-contrast=\"auto\"><strong>Addestramento alle manovre avanzate<\/strong>: Che si tratti di wave riding, aerials, freestyle tricks o tecniche di slalom ad alta velocit\u00e0, riceverai istruzioni esperte sugli aspetti pi\u00f9 avanzati del windsurf.<\/span><\/li>\n<li><span data-contrast=\"auto\"><strong>Analisi video:<\/strong> Le sessioni includono spesso un feedback video che ti permette di analizzare la tua forma e la tua tecnica in dettaglio e di ricevere indicazioni utili su come migliorare.<\/span><\/li>\n<li><span data-contrast=\"auto\"><strong>Coaching individuale<\/strong>: goditi l&#8217;attenzione personalizzata dei professionisti, che ti aiuteranno a perfezionare ogni aspetto delle tue prestazioni in acqua.<\/span><span data-ccp-props=\"{}\"> <\/span><\/li>\n<\/ul>\n<p><strong><br \/>Prenota la tua sessione VIP:<\/strong><span data-ccp-props=\"{}\"> <\/span><\/p>\n<p><span data-contrast=\"auto\">Queste sessioni di coaching VIP sono ideali per i windsurfisti avanzati che vogliono accelerare i loro progressi con la guida diretta dei migliori professionisti. Basta contattarci per programmare la tua sessione individuale con Dieter, Nikodem o Tim e sperimentare un coaching di livello mondiale su misura per te. <\/span><\/p>\n<p><strong>Lezioni di windsurf da esperti al Duotone Pro Center di Tenerife<\/strong><span data-ccp-props=\"{}\"> <\/span><\/p>\n<p><span data-contrast=\"auto\">Per chi cerca lezioni di gruppo o private di livello esperto, <a href=\"https:\/\/www.dpc-tenerife.com\" target=\"_blank\" rel=\"noopener\"><strong>Duotone Pro Center Tenerife<\/strong><\/a>, partner di TWS, \u00e8 rinomato per l&#8217;offerta di <strong>lezioni di windsurf di alto livello<\/strong>, adatte ai windsurfisti pi\u00f9 esperti. Con <strong>istruttori multilingue<\/strong> specializzati nell&#8217;insegnamento ai massimi livelli, queste lezioni sono perfette per chi vuole superare i propri limiti. <\/span><\/p>\n<p><strong>Cosa \u00e8 incluso nelle lezioni degli esperti del Duotone Pro Center:<\/strong><\/p>\n<ol>\n<li><span data-contrast=\"auto\"><strong>Tecniche avanzate<\/strong>: Se vuoi perfezionare il tuo wave riding, migliorare i tuoi trick freestyle o sviluppare abilit\u00e0 nello slalom ad alta velocit\u00e0, gli istruttori del Duotone Pro Center possono aiutarti a padroneggiare manovre avanzate. Le tecniche trattate includono: <\/span><\/li>\n<\/ol>\n<ul>\n<li><span data-contrast=\"auto\"><strong>Front and Back Loops<\/strong><\/span><\/li>\n<li><span data-contrast=\"auto\"><strong>Push Loops and Table Tops<\/strong><\/span><\/li>\n<li><span data-contrast=\"auto\"><strong>Wave Riding con un controllo avanzato<\/strong><\/span><\/li>\n<li><span data-contrast=\"auto\"><strong>Mosse di freestyle come Spocks, Flakas e Air Funnels<\/strong><\/span><\/li>\n<li><span data-contrast=\"auto\"><strong>Velocit\u00e0 e potenza nei salti e nelle curve<\/strong><\/span><span data-ccp-props=\"{}\"> <\/span><\/li>\n<\/ul>\n<p><span data-ccp-props=\"{}\"> <\/span><\/p>\n<ol start=\"2\">\n<li><span data-contrast=\"auto\"><strong>Attrezzatura di alto livello<\/strong>: Avrai accesso all&#8217;attrezzatura pi\u00f9 recente di <strong>Duotone<\/strong> e <strong>Fanatic<\/strong>, assicurandoti di essere equipaggiato con le migliori tavole e vele per il windsurf ad alte prestazioni.<\/span><\/li>\n<\/ol>\n<ol start=\"3\">\n<li><span data-contrast=\"auto\"><strong>Istruzione multilingue<\/strong>: Il team parla diverse lingue, tra cui l&#8217;inglese, lo spagnolo, il tedesco e altre ancora, per garantirti una comunicazione chiara e il massimo dalle tue lezioni, indipendentemente dalla tua provenienza.<\/span><\/li>\n<\/ol>\n<ol start=\"4\">\n<li><span data-contrast=\"auto\"><strong>Video Feedback<\/strong>: Per coloro che desiderano avere una visione pi\u00f9 approfondita delle proprie prestazioni nel windsurf, il Duotone Pro Center offre anche una **analisi video** per aiutarti a visualizzare e migliorare le tue tecniche.<\/span><\/li>\n<\/ol>\n<ol start=\"5\">\n<li><span data-contrast=\"auto\"><strong>Formule di lezione flessibili<\/strong>: Scegli tra le **lezioni private di esperti** per un&#8217;attenzione pi\u00f9 individuale o unisciti alle sessioni di gruppo avanzate per migliorare le tue capacit\u00e0 insieme ad altri windsurfisti esperti.<\/span><\/li>\n<\/ol>\n<p><span data-contrast=\"auto\"><br \/><strong>Perch\u00e9 scegliere Duotone Pro Center per le lezioni degli esperti<\/strong>:<\/span><span data-ccp-props=\"{}\"> <\/span><\/p>\n<ul>\n<li><span data-contrast=\"auto\"><strong>Condizioni di livello mondiale<\/strong>: El M\u00e9dano offre condizioni di vento e di onda ideali per il windsurf avanzato, il che lo rende il luogo perfetto per superare i tuoi limiti.<\/span><\/li>\n<li><span data-contrast=\"auto\"><strong>Istruttori esperti<\/strong>: Gli istruttori del Duotone Pro Center hanno una vasta esperienza nell&#8217;insegnamento di tecniche avanzate e hanno lavorato con riders di tutti i livelli, compresi i professionisti.<\/span><\/li>\n<li><span data-contrast=\"auto\"><strong>Attrezzatura all&#8217;avanguardia<\/strong>: Sfrutta le migliori tavole e vele disponibili per praticare il windsurf a livello di esperti.<\/span><span data-ccp-props=\"{}\"> <\/span><\/li>\n<\/ul>\n<p><span data-ccp-props=\"{}\"> <\/span><\/p>\n<p><span data-contrast=\"auto\"><strong>Prenota le tue lezioni da esperto<\/strong>:<\/span><span data-ccp-props=\"{}\"> <\/span><\/p>\n<p><span data-contrast=\"auto\">Per prenotare le tue lezioni di windsurf da esperto, visita semplicemente il <a href=\"https:\/\/www.dpc-tenerife.com\/book-now\" target=\"_blank\" rel=\"noopener\"><strong>Duotone Pro Center Tenerife<\/strong><\/a> o <a href=\"https:\/\/twstest.072design.site\/it\/contattaci\/\">contattarci<\/a>. Sia che tu preferisca l&#8217;attenzione di un coaching VIP con i professionisti, sia che tu preferisca le lezioni di gruppo di alto livello, al Duotone troverai tutto ci\u00f2 che ti serve per portare le tue abilit\u00e0 nel windsurf a un livello superiore. <\/span><\/p>\n<p><span data-contrast=\"auto\">Spingiti oltre i tuoi limiti, impara dai migliori e padroneggia tecniche avanzate di windsurf con le opzioni di coaching degli esperti disponibili presso il TWS e il Duotone Pro Center di Tenerife!<\/span><\/p>\n\t\t\t\t\t\t\t\t<\/div>\n\t\t\t\t<\/div>\n\t\t\t\t<div class=\"elementor-element elementor-element-3e96aca elementor-widget elementor-widget-text-editor\" data-id=\"3e96aca\" data-element_type=\"widget\" data-widget_type=\"text-editor.default\">\n\t\t\t\t<div class=\"elementor-widget-container\">\n\t\t\t\t\t\t\t\t\t<p><b><a href=\"#newsletter\">Lascia il tuo indirizzo e-mail<\/a> per ricevere gli avvisi sulle nuove clinics e lezioni.<\/b><\/p>\n\t\t\t\t\t\t\t\t<\/div>\n\t\t\t\t<\/div>\n\t\t\t\t\t<\/div>\n\t\t<\/div>\n\t\t\t\t\t<\/div>\n\t\t<\/section>\n\t\t\t\t<section data-particle_enable=\"false\" data-particle-mobile-disabled=\"false\" class=\"elementor-section elementor-top-section elementor-element elementor-element-e8c0cde elementor-section-boxed elementor-section-height-default elementor-section-height-default\" data-id=\"e8c0cde\" data-element_type=\"section\" data-settings=\"{&quot;jet_parallax_layout_list&quot;:[]}\">\n\t\t\t\t\t\t<div class=\"elementor-container elementor-column-gap-default\">\n\t\t\t\t\t<div class=\"elementor-column elementor-col-100 elementor-top-column elementor-element elementor-element-19edef0\" data-id=\"19edef0\" data-element_type=\"column\">\n\t\t\t<div class=\"elementor-widget-wrap elementor-element-populated\">\n\t\t\t\t\t\t<div class=\"elementor-element elementor-element-9664054 elementor-widget elementor-widget-html\" data-id=\"9664054\" data-element_type=\"widget\" data-widget_type=\"html.default\">\n\t\t\t\t<div class=\"elementor-widget-container\">\n\t\t\t\t\t<script type=\"text\/javascript\" src=\"https:\/\/twswindsurf.vikingbookings.com\/en\/widget.js\"><\/script>\t\t\t\t<\/div>\n\t\t\t\t<\/div>\n\t\t\t\t\t<\/div>\n\t\t<\/div>\n\t\t\t\t\t<\/div>\n\t\t<\/section>\n\t\t\t\t<section data-particle_enable=\"false\" data-particle-mobile-disabled=\"false\" class=\"elementor-section elementor-top-section elementor-element elementor-element-2092f5d3 elementor-section-full_width elementor-section-height-min-height elementor-section-height-default elementor-section-items-middle\" data-id=\"2092f5d3\" data-element_type=\"section\" data-settings=\"{&quot;jet_parallax_layout_list&quot;:[],&quot;background_background&quot;:&quot;video&quot;,&quot;background_video_link&quot;:&quot;https:\\\/\\\/player.vimeo.com\\\/video\\\/410311947?muted=1&amp;autoplay=1&amp;loop=1&amp;background=1&amp;app_id=122963&quot;}\">\n\t\t\t\t\t\t\t\t<div class=\"elementor-background-video-container elementor-hidden-mobile\" aria-hidden=\"true\">\n\t\t\t\t\t\t\t\t\t\t\t\t\t<div class=\"elementor-background-video-embed\"><\/div>\n\t\t\t\t\t\t\t\t\t\t\t\t<\/div>\n\t\t\t\t\t\t\t\t<div class=\"elementor-container elementor-column-gap-no\">\n\t\t\t\t\t<div class=\"elementor-column elementor-col-100 elementor-top-column elementor-element elementor-element-10fc13\" data-id=\"10fc13\" data-element_type=\"column\">\n\t\t\t<div class=\"elementor-widget-wrap\">\n\t\t\t\t\t\t\t<\/div>\n\t\t<\/div>\n\t\t\t\t\t<\/div>\n\t\t<\/section>\n\t\t\t\t<\/div>\n\t\t","protected":false},"excerpt":{"rendered":"<p>Lezioni di windsurf di progressione, avanzate ed esperte con coaching VIP alla TWS Per i windsurfisti che desiderano perfezionare le proprie abilit\u00e0 o padroneggiare manovre avanzate, Tenerife Windsurf Solution offre sessioni di coaching VIP esclusive. con alcuni dei migliori windsurfisti professionisti del mondo. Il nostro programma di coaching VIP \u00e8 pensato per fornire un&#8217;istruzione personalizzata [&hellip;]<\/p>\n","protected":false},"author":2,"featured_media":0,"parent":0,"menu_order":0,"comment_status":"closed","ping_status":"closed","template":"elementor_header_footer","meta":{"footnotes":""},"class_list":["post-8560","page","type-page","status-publish","hentry"],"_links":{"self":[{"href":"https:\/\/twstest.072design.site\/it\/wp-json\/wp\/v2\/pages\/8560","targetHints":{"allow":["GET"]}}],"collection":[{"href":"https:\/\/twstest.072design.site\/it\/wp-json\/wp\/v2\/pages"}],"about":[{"href":"https:\/\/twstest.072design.site\/it\/wp-json\/wp\/v2\/types\/page"}],"author":[{"embeddable":true,"href":"https:\/\/twstest.072design.site\/it\/wp-json\/wp\/v2\/users\/2"}],"replies":[{"embeddable":true,"href":"https:\/\/twstest.072design.site\/it\/wp-json\/wp\/v2\/comments?post=8560"}],"version-history":[{"count":0,"href":"https:\/\/twstest.072design.site\/it\/wp-json\/wp\/v2\/pages\/8560\/revisions"}],"wp:attachment":[{"href":"https:\/\/twstest.072design.site\/it\/wp-json\/wp\/v2\/media?parent=8560"}],"curies":[{"name":"wp","href":"https:\/\/api.w.org\/{rel}","templated":true}]}}