{"id":8834,"date":"2024-09-27T06:30:41","date_gmt":"2024-09-27T06:30:41","guid":{"rendered":"https:\/\/twstest.072design.site\/lessen-voor-beginners\/"},"modified":"2024-10-13T14:03:25","modified_gmt":"2024-10-13T14:03:25","slug":"lessen-voor-beginners","status":"publish","type":"page","link":"https:\/\/twstest.072design.site\/nl\/lessen-voor-beginners\/","title":{"rendered":"Lessen voor beginners"},"content":{"rendered":"\t\t<div data-elementor-type=\"wp-page\" data-elementor-id=\"8834\" class=\"elementor elementor-8834 elementor-1495\" data-elementor-post-type=\"page\">\n\t\t\t\t\t\t<section data-particle_enable=\"false\" data-particle-mobile-disabled=\"false\" class=\"elementor-section elementor-top-section elementor-element elementor-element-77274fe0 elementor-section-height-min-height elementor-section-boxed elementor-section-height-default elementor-section-items-middle\" data-id=\"77274fe0\" data-element_type=\"section\" data-settings=\"{&quot;jet_parallax_layout_list&quot;:[],&quot;background_background&quot;:&quot;video&quot;,&quot;background_video_link&quot;:&quot;https:\\\/\\\/player.vimeo.com\\\/video\\\/&quot;,&quot;shape_divider_bottom&quot;:&quot;curve&quot;}\">\n\t\t\t\t\t\t\t\t<div class=\"elementor-background-video-container elementor-hidden-mobile\" aria-hidden=\"true\">\n\t\t\t\t\t\t\t\t\t\t\t\t\t<video class=\"elementor-background-video-hosted\" autoplay muted playsinline loop><\/video>\n\t\t\t\t\t\t\t\t\t\t\t<\/div>\n\t\t\t\t\t\t\t<div class=\"elementor-shape elementor-shape-bottom\" aria-hidden=\"true\" data-negative=\"false\">\n\t\t\t<svg xmlns=\"http:\/\/www.w3.org\/2000\/svg\" viewBox=\"0 0 1000 100\" preserveAspectRatio=\"none\">\n    <path class=\"elementor-shape-fill\" d=\"M1000,4.3V0H0v4.3C0.9,23.1,126.7,99.2,500,100S1000,22.7,1000,4.3z\"\/>\n<\/svg>\t\t<\/div>\n\t\t\t\t\t<div class=\"elementor-container elementor-column-gap-no\">\n\t\t\t\t\t<div class=\"elementor-column elementor-col-100 elementor-top-column elementor-element elementor-element-7186961c\" data-id=\"7186961c\" data-element_type=\"column\">\n\t\t\t<div class=\"elementor-widget-wrap elementor-element-populated\">\n\t\t\t\t\t\t<div class=\"elementor-element elementor-element-6e81d618 elementor-widget elementor-widget-heading\" data-id=\"6e81d618\" data-element_type=\"widget\" data-widget_type=\"heading.default\">\n\t\t\t\t<div class=\"elementor-widget-container\">\n\t\t\t\t\t<h2 class=\"elementor-heading-title elementor-size-default\">Beginner Windsurflessen met TWS via Duotone Pro Center Tenerife  <\/h2>\t\t\t\t<\/div>\n\t\t\t\t<\/div>\n\t\t\t\t\t<\/div>\n\t\t<\/div>\n\t\t\t\t\t<\/div>\n\t\t<\/section>\n\t\t\t\t<section data-particle_enable=\"false\" data-particle-mobile-disabled=\"false\" class=\"elementor-section elementor-top-section elementor-element elementor-element-19ff23ad elementor-section-full_width elementor-section-height-default elementor-section-height-default\" data-id=\"19ff23ad\" data-element_type=\"section\" data-settings=\"{&quot;jet_parallax_layout_list&quot;:[]}\">\n\t\t\t\t\t\t<div class=\"elementor-container elementor-column-gap-no\">\n\t\t\t\t\t<div class=\"elementor-column elementor-col-100 elementor-top-column elementor-element elementor-element-30464b6c\" data-id=\"30464b6c\" data-element_type=\"column\">\n\t\t\t<div class=\"elementor-widget-wrap elementor-element-populated\">\n\t\t\t\t\t\t<div class=\"elementor-element elementor-element-75995442 elementor-widget elementor-widget-image\" data-id=\"75995442\" data-element_type=\"widget\" data-widget_type=\"image.default\">\n\t\t\t\t<div class=\"elementor-widget-container\">\n\t\t\t\t\t\t\t\t\t\t\t\t\t\t\t<img fetchpriority=\"high\" decoding=\"async\" width=\"800\" height=\"134\" src=\"https:\/\/twstest.072design.site\/wp-content\/uploads\/2024\/09\/Montana-Roja-1024x171.png\" class=\"attachment-large size-large wp-image-419\" alt=\"Montana Roja shape\" srcset=\"https:\/\/twstest.072design.site\/wp-content\/uploads\/2024\/09\/Montana-Roja-1024x171.png 1024w, https:\/\/twstest.072design.site\/wp-content\/uploads\/2024\/09\/Montana-Roja-300x50.png 300w, https:\/\/twstest.072design.site\/wp-content\/uploads\/2024\/09\/Montana-Roja-768x128.png 768w, https:\/\/twstest.072design.site\/wp-content\/uploads\/2024\/09\/Montana-Roja-600x100.png 600w, https:\/\/twstest.072design.site\/wp-content\/uploads\/2024\/09\/Montana-Roja.png 1199w\" sizes=\"(max-width: 800px) 100vw, 800px\" \/>\t\t\t\t\t\t\t\t\t\t\t\t\t\t\t<\/div>\n\t\t\t\t<\/div>\n\t\t\t\t\t<\/div>\n\t\t<\/div>\n\t\t\t\t\t<\/div>\n\t\t<\/section>\n\t\t\t\t<section data-particle_enable=\"false\" data-particle-mobile-disabled=\"false\" class=\"elementor-section elementor-top-section elementor-element elementor-element-6b74dd40 elementor-section-boxed elementor-section-height-default elementor-section-height-default\" data-id=\"6b74dd40\" data-element_type=\"section\" data-settings=\"{&quot;jet_parallax_layout_list&quot;:[]}\">\n\t\t\t\t\t\t<div class=\"elementor-container elementor-column-gap-default\">\n\t\t\t\t\t<div class=\"elementor-column elementor-col-50 elementor-top-column elementor-element elementor-element-7a2e51d\" data-id=\"7a2e51d\" data-element_type=\"column\" data-settings=\"{&quot;background_background&quot;:&quot;classic&quot;}\">\n\t\t\t<div class=\"elementor-widget-wrap elementor-element-populated\">\n\t\t\t\t\t\t<div class=\"elementor-element elementor-element-c41289c elementor-widget elementor-widget-heading\" data-id=\"c41289c\" data-element_type=\"widget\" data-widget_type=\"heading.default\">\n\t\t\t\t<div class=\"elementor-widget-container\">\n\t\t\t\t\t<h2 class=\"elementor-heading-title elementor-size-default\">Nieuw op deze plek?<\/h2>\t\t\t\t<\/div>\n\t\t\t\t<\/div>\n\t\t\t\t<div class=\"elementor-element elementor-element-29b8e38 elementor-widget elementor-widget-heading\" data-id=\"29b8e38\" data-element_type=\"widget\" data-widget_type=\"heading.default\">\n\t\t\t\t<div class=\"elementor-widget-container\">\n\t\t\t\t\t<h2 class=\"elementor-heading-title elementor-size-default\">Wij helpen je!<\/h2>\t\t\t\t<\/div>\n\t\t\t\t<\/div>\n\t\t\t\t<div class=\"elementor-element elementor-element-230533c elementor-widget elementor-widget-text-editor\" data-id=\"230533c\" data-element_type=\"widget\" data-widget_type=\"text-editor.default\">\n\t\t\t\t<div class=\"elementor-widget-container\">\n\t\t\t\t\t\t\t\t\t<p><span data-contrast=\"auto\">Bij Tenerife Windsurf Solution (TWS) werken we samen met <a href=\"https:\/\/www.dpc-tenerife.com\" target=\"_blank\" rel=\"noopener\">Duotone Pro Center Tenerife<\/a>, specialisten in windsurflessen, om de perfecte introductie tot windsurfen voor beginners te bieden.<\/span><\/p>\n<p><span data-contrast=\"auto\">  Of je nu helemaal nieuw bent in de sport of je zelfvertrouwen op het water wilt opbouwen, de ervaren instructeurs begeleiden je bij elke stap in een leuke en ondersteunende omgeving.<\/span><span data-ccp-props=\"{}\"> <\/span><\/p>\n<p><span data-contrast=\"auto\"><strong>Wat is inbegrepen in de beginnerslessen<\/strong>:<\/span><\/p>\n<ol>\n<li><span data-contrast=\"auto\"><strong>Professionele instructie<\/strong>:  <\/span><span data-contrast=\"auto\">Leer van gekwalificeerde en vriendelijke instructeurs die je met passie helpen om vooruitgang te boeken. Elke les is afgestemd op jouw individuele tempo, zodat je de vaardigheden en het vertrouwen krijgt die je nodig hebt om van windsurfen te genieten. <\/span><\/li>\n<li><strong>Uitrusting van hoge kwaliteit<\/strong>:  <span data-contrast=\"auto\">Duotone Pro Center Tenerife biedt topmateriaal, waaronder stabiele beginnersboards en lichte, gemakkelijk te hanteren zeilen. Alles is ontworpen om het leren comfortabel en plezierig te maken. <\/span><\/li>\n<li><span data-contrast=\"auto\"><strong>Ideale leeromstandigheden<\/strong>: <\/span><span data-contrast=\"auto\">El M\u00e9dano staat bekend om zijn betrouwbare wind en veilige, ondiepe wateren, waardoor het een ideale locatie is voor beginners om te leren windsurfen in een ontspannen en mooie omgeving.<\/span><\/li>\n<li><span data-contrast=\"auto\"><strong>Persoonlijke lessen<\/strong>:  <\/span><span data-contrast=\"auto\">Of je nu de voorkeur geeft aan \u00e9\u00e9n-op-\u00e9\u00e9n lessen of wilt leren in een kleine groep, Duotone Pro Center biedt flexibele opties. Priv\u00e9lessen zorgen voor gerichte aandacht voor je vooruitgang, terwijl groepslessen een leuke, sociale leerervaring bieden. <\/span><\/li>\n<li><span data-contrast=\"auto\"><strong>Stap voor stap vooruitgang<\/strong>:  <\/span><span data-contrast=\"auto\">De lessen beginnen met de basis: leren balanceren op het board, omgaan met het zeil en de windrichting begrijpen. Naarmate je vordert, ga je snel over op overstag gaan, draaien en over het water glijden, zodat je klaar bent voor succes op toekomstige windsurfavonturen. <\/span><\/li>\n<li><span data-contrast=\"auto\"><strong>Veilige en ondersteunende omgeving<\/strong>:  <\/span><span data-contrast=\"auto\">Veiligheid is een prioriteit en alle instructeurs zorgen ervoor dat je je comfortabel en zelfverzekerd voelt terwijl je je vaardigheden oefent. Je leert in je eigen tempo, in een stressvrije en ondersteunende sfeer. <\/span><span data-ccp-props=\"{}\"> <\/span><\/li>\n<\/ol>\n<p><span data-contrast=\"auto\"><br \/><strong>Lespakketten<\/strong>:<\/span><span data-ccp-props=\"{}\"> <\/span><\/p>\n<p><span data-contrast=\"auto\">Duotone Pro Center Tenerife biedt verschillende pakketten voor beginnerslessen, vari\u00ebrend van losse sessies tot meerdaagse cursussen, zodat je de beste optie voor jouw schema en doelen kunt kiezen.<\/span><\/p>\n<ul>\n<li><span data-contrast=\"auto\"><strong>Enkele Sessies<\/strong>: Perfect om het windsurfen voor het eerst uit te proberen.<\/span><\/li>\n<li><span data-contrast=\"auto\"><strong>Meerdaagse cursussen<\/strong>: Ideaal voor diegenen die hun vaardigheden in een paar dagen willen opbouwen met consistente instructie en oefening.<\/span><span data-ccp-props=\"{}\"> <\/span><\/li>\n<\/ul>\n<p><strong><br \/>Boek je les  <\/strong><\/p>\n<p><span data-contrast=\"auto\">Om je beginnersles windsurfen te boeken, ga je gewoon naar ons toe, <a href=\"https:\/\/www.dpc-tenerife.com\/book-now\" target=\"_blank\" rel=\"noopener\">boek je direct via de Duotone Pro Center website<\/a> of <a href=\"https:\/\/twstest.072design.site\/contact\/\">neem je contact met ons op<\/a> voor meer informatie. Of je nu op zoek bent naar een eenmalige ervaring of de basis in meerdere dagen onder de knie wilt krijgen, Duotone Pro Center Tenerife zorgt ervoor dat je een onvergetelijke start maakt met windsurfen. <\/span><span data-ccp-props=\"{}\"> <\/span><\/p>\n<p><span data-contrast=\"auto\">Ontdek de sensatie van windsurfen met de deskundige begeleiding van de instructeurs van Duotone Pro Center Tenerife, en maak van je eerste stappen in de wereld van windsurfen een spannend en lonend avontuur!<\/span><span data-ccp-props=\"{}\"> <\/span><\/p>\n\t\t\t\t\t\t\t\t<\/div>\n\t\t\t\t<\/div>\n\t\t\t\t<div class=\"elementor-element elementor-element-3e96aca elementor-widget elementor-widget-text-editor\" data-id=\"3e96aca\" data-element_type=\"widget\" data-widget_type=\"text-editor.default\">\n\t\t\t\t<div class=\"elementor-widget-container\">\n\t\t\t\t\t\t\t\t\t<p><b><a href=\"#newsletter\">Laat je e-mailadres achter<\/a> om meldingen voor nieuwe clinics en lessen te ontvangen.<\/b><\/p>\n\t\t\t\t\t\t\t\t<\/div>\n\t\t\t\t<\/div>\n\t\t\t\t\t<\/div>\n\t\t<\/div>\n\t\t\t\t<div class=\"elementor-column elementor-col-50 elementor-top-column elementor-element elementor-element-59bb3f70\" data-id=\"59bb3f70\" data-element_type=\"column\" data-settings=\"{&quot;background_background&quot;:&quot;classic&quot;}\">\n\t\t\t<div class=\"elementor-widget-wrap elementor-element-populated\">\n\t\t\t\t\t\t<div class=\"elementor-element elementor-element-a0f83f7 elementor-widget elementor-widget-image\" data-id=\"a0f83f7\" data-element_type=\"widget\" data-widget_type=\"image.default\">\n\t\t\t\t<div class=\"elementor-widget-container\">\n\t\t\t\t\t\t\t\t\t\t\t\t\t\t\t<img decoding=\"async\" width=\"800\" height=\"800\" src=\"https:\/\/twstest.072design.site\/wp-content\/uploads\/2024\/09\/lesson3.jpg\" class=\"attachment-large size-large wp-image-1922\" alt=\"\" srcset=\"https:\/\/twstest.072design.site\/wp-content\/uploads\/2024\/09\/lesson3.jpg 1024w, https:\/\/twstest.072design.site\/wp-content\/uploads\/2024\/09\/lesson3-300x300.jpg 300w, https:\/\/twstest.072design.site\/wp-content\/uploads\/2024\/09\/lesson3-150x150.jpg 150w, https:\/\/twstest.072design.site\/wp-content\/uploads\/2024\/09\/lesson3-768x768.jpg 768w, https:\/\/twstest.072design.site\/wp-content\/uploads\/2024\/09\/lesson3-600x600.jpg 600w, https:\/\/twstest.072design.site\/wp-content\/uploads\/2024\/09\/lesson3-100x100.jpg 100w\" sizes=\"(max-width: 800px) 100vw, 800px\" \/>\t\t\t\t\t\t\t\t\t\t\t\t\t\t\t<\/div>\n\t\t\t\t<\/div>\n\t\t\t\t<div class=\"elementor-element elementor-element-312d47a elementor-widget elementor-widget-image\" data-id=\"312d47a\" data-element_type=\"widget\" data-widget_type=\"image.default\">\n\t\t\t\t<div class=\"elementor-widget-container\">\n\t\t\t\t\t\t\t\t\t\t\t\t\t\t\t<img decoding=\"async\" width=\"800\" height=\"800\" src=\"https:\/\/twstest.072design.site\/wp-content\/uploads\/2024\/09\/lesson1.jpg\" class=\"attachment-large size-large wp-image-1908\" alt=\"\" srcset=\"https:\/\/twstest.072design.site\/wp-content\/uploads\/2024\/09\/lesson1.jpg 1024w, https:\/\/twstest.072design.site\/wp-content\/uploads\/2024\/09\/lesson1-300x300.jpg 300w, https:\/\/twstest.072design.site\/wp-content\/uploads\/2024\/09\/lesson1-150x150.jpg 150w, https:\/\/twstest.072design.site\/wp-content\/uploads\/2024\/09\/lesson1-768x768.jpg 768w, https:\/\/twstest.072design.site\/wp-content\/uploads\/2024\/09\/lesson1-600x600.jpg 600w, https:\/\/twstest.072design.site\/wp-content\/uploads\/2024\/09\/lesson1-100x100.jpg 100w\" sizes=\"(max-width: 800px) 100vw, 800px\" \/>\t\t\t\t\t\t\t\t\t\t\t\t\t\t\t<\/div>\n\t\t\t\t<\/div>\n\t\t\t\t<div class=\"elementor-element elementor-element-1b32a13 elementor-widget elementor-widget-image\" data-id=\"1b32a13\" data-element_type=\"widget\" data-widget_type=\"image.default\">\n\t\t\t\t<div class=\"elementor-widget-container\">\n\t\t\t\t\t\t\t\t\t\t\t\t\t\t\t<img loading=\"lazy\" decoding=\"async\" width=\"800\" height=\"800\" src=\"https:\/\/twstest.072design.site\/wp-content\/uploads\/2024\/09\/lesson4.jpg\" class=\"attachment-large size-large wp-image-1929\" alt=\"\" srcset=\"https:\/\/twstest.072design.site\/wp-content\/uploads\/2024\/09\/lesson4.jpg 1024w, https:\/\/twstest.072design.site\/wp-content\/uploads\/2024\/09\/lesson4-300x300.jpg 300w, https:\/\/twstest.072design.site\/wp-content\/uploads\/2024\/09\/lesson4-150x150.jpg 150w, https:\/\/twstest.072design.site\/wp-content\/uploads\/2024\/09\/lesson4-768x768.jpg 768w, https:\/\/twstest.072design.site\/wp-content\/uploads\/2024\/09\/lesson4-600x600.jpg 600w, https:\/\/twstest.072design.site\/wp-content\/uploads\/2024\/09\/lesson4-100x100.jpg 100w\" sizes=\"(max-width: 800px) 100vw, 800px\" \/>\t\t\t\t\t\t\t\t\t\t\t\t\t\t\t<\/div>\n\t\t\t\t<\/div>\n\t\t\t\t\t<\/div>\n\t\t<\/div>\n\t\t\t\t\t<\/div>\n\t\t<\/section>\n\t\t\t\t<section data-particle_enable=\"false\" data-particle-mobile-disabled=\"false\" class=\"elementor-section elementor-top-section elementor-element elementor-element-e8c0cde elementor-section-boxed elementor-section-height-default elementor-section-height-default\" data-id=\"e8c0cde\" data-element_type=\"section\" data-settings=\"{&quot;jet_parallax_layout_list&quot;:[]}\">\n\t\t\t\t\t\t<div class=\"elementor-container elementor-column-gap-default\">\n\t\t\t\t\t<div class=\"elementor-column elementor-col-100 elementor-top-column elementor-element elementor-element-19edef0\" data-id=\"19edef0\" data-element_type=\"column\">\n\t\t\t<div class=\"elementor-widget-wrap elementor-element-populated\">\n\t\t\t\t\t\t<div class=\"elementor-element elementor-element-9664054 elementor-widget elementor-widget-html\" data-id=\"9664054\" data-element_type=\"widget\" data-widget_type=\"html.default\">\n\t\t\t\t<div class=\"elementor-widget-container\">\n\t\t\t\t\t<script type=\"text\/javascript\" src=\"https:\/\/twswindsurf.vikingbookings.com\/en\/widget.js\"><\/script>\t\t\t\t<\/div>\n\t\t\t\t<\/div>\n\t\t\t\t\t<\/div>\n\t\t<\/div>\n\t\t\t\t\t<\/div>\n\t\t<\/section>\n\t\t\t\t<section data-particle_enable=\"false\" data-particle-mobile-disabled=\"false\" class=\"elementor-section elementor-top-section elementor-element elementor-element-2092f5d3 elementor-section-full_width elementor-section-height-min-height elementor-section-height-default elementor-section-items-middle\" data-id=\"2092f5d3\" data-element_type=\"section\" data-settings=\"{&quot;jet_parallax_layout_list&quot;:[],&quot;background_background&quot;:&quot;video&quot;,&quot;background_video_link&quot;:&quot;https:\\\/\\\/player.vimeo.com\\\/video\\\/1013326155&quot;}\">\n\t\t\t\t\t\t\t\t<div class=\"elementor-background-video-container elementor-hidden-mobile\" aria-hidden=\"true\">\n\t\t\t\t\t\t\t\t\t\t\t\t\t<div class=\"elementor-background-video-embed\"><\/div>\n\t\t\t\t\t\t\t\t\t\t\t\t<\/div>\n\t\t\t\t\t\t\t\t<div class=\"elementor-container elementor-column-gap-no\">\n\t\t\t\t\t<div class=\"elementor-column elementor-col-100 elementor-top-column elementor-element elementor-element-10fc13\" data-id=\"10fc13\" data-element_type=\"column\">\n\t\t\t<div class=\"elementor-widget-wrap\">\n\t\t\t\t\t\t\t<\/div>\n\t\t<\/div>\n\t\t\t\t\t<\/div>\n\t\t<\/section>\n\t\t\t\t<\/div>\n\t\t","protected":false},"excerpt":{"rendered":"<p>Beginner Windsurflessen met TWS via Duotone Pro Center Tenerife Nieuw op deze plek? Wij helpen je! Bij Tenerife Windsurf Solution (TWS) werken we samen met Duotone Pro Center Tenerife, specialisten in windsurflessen, om de perfecte introductie tot windsurfen voor beginners te bieden. Of je nu helemaal nieuw bent in de sport of je zelfvertrouwen op [&hellip;]<\/p>\n","protected":false},"author":2,"featured_media":0,"parent":0,"menu_order":0,"comment_status":"closed","ping_status":"closed","template":"elementor_header_footer","meta":{"footnotes":""},"class_list":["post-8834","page","type-page","status-publish","hentry"],"_links":{"self":[{"href":"https:\/\/twstest.072design.site\/nl\/wp-json\/wp\/v2\/pages\/8834","targetHints":{"allow":["GET"]}}],"collection":[{"href":"https:\/\/twstest.072design.site\/nl\/wp-json\/wp\/v2\/pages"}],"about":[{"href":"https:\/\/twstest.072design.site\/nl\/wp-json\/wp\/v2\/types\/page"}],"author":[{"embeddable":true,"href":"https:\/\/twstest.072design.site\/nl\/wp-json\/wp\/v2\/users\/2"}],"replies":[{"embeddable":true,"href":"https:\/\/twstest.072design.site\/nl\/wp-json\/wp\/v2\/comments?post=8834"}],"version-history":[{"count":0,"href":"https:\/\/twstest.072design.site\/nl\/wp-json\/wp\/v2\/pages\/8834\/revisions"}],"wp:attachment":[{"href":"https:\/\/twstest.072design.site\/nl\/wp-json\/wp\/v2\/media?parent=8834"}],"curies":[{"name":"wp","href":"https:\/\/api.w.org\/{rel}","templated":true}]}}