{"id":9626,"date":"2024-09-27T07:25:20","date_gmt":"2024-09-27T07:25:20","guid":{"rendered":"https:\/\/twstest.072design.site\/wave-progression-advanced-expert-coaching\/"},"modified":"2024-10-14T18:23:09","modified_gmt":"2024-10-14T18:23:09","slug":"wave-progression-advanced-expert-coaching","status":"publish","type":"page","link":"https:\/\/twstest.072design.site\/nl\/wave-progression-advanced-expert-coaching\/","title":{"rendered":"Wave Progression\/Advanced\/Expert coaching"},"content":{"rendered":"\t\t<div data-elementor-type=\"wp-page\" data-elementor-id=\"9626\" class=\"elementor elementor-9626 elementor-1568\" data-elementor-post-type=\"page\">\n\t\t\t\t\t\t<section data-particle_enable=\"false\" data-particle-mobile-disabled=\"false\" class=\"elementor-section elementor-top-section elementor-element elementor-element-77274fe0 elementor-section-height-min-height elementor-section-boxed elementor-section-height-default elementor-section-items-middle\" data-id=\"77274fe0\" data-element_type=\"section\" data-settings=\"{&quot;jet_parallax_layout_list&quot;:[],&quot;background_background&quot;:&quot;video&quot;,&quot;background_video_link&quot;:&quot;https:\\\/\\\/player.vimeo.com\\\/video\\\/1013339101&quot;}\">\n\t\t\t\t\t\t\t\t<div class=\"elementor-background-video-container elementor-hidden-mobile\" aria-hidden=\"true\">\n\t\t\t\t\t\t\t\t\t\t\t\t\t<div class=\"elementor-background-video-embed\"><\/div>\n\t\t\t\t\t\t\t\t\t\t\t\t<\/div>\n\t\t\t\t\t\t\t\t\t<div class=\"elementor-background-overlay\"><\/div>\n\t\t\t\t\t\t\t<div class=\"elementor-container elementor-column-gap-no\">\n\t\t\t\t\t<div class=\"elementor-column elementor-col-100 elementor-top-column elementor-element elementor-element-7186961c\" data-id=\"7186961c\" data-element_type=\"column\">\n\t\t\t<div class=\"elementor-widget-wrap elementor-element-populated\">\n\t\t\t\t\t\t<div class=\"elementor-element elementor-element-6e81d618 elementor-widget elementor-widget-heading\" data-id=\"6e81d618\" data-element_type=\"widget\" data-widget_type=\"heading.default\">\n\t\t\t\t<div class=\"elementor-widget-container\">\n\t\t\t\t\t<h2 class=\"elementor-heading-title elementor-size-default\">Progressie, Gevorderden &amp; Expert Windsurflessen met VIP Coaching bij TWS<\/h2>\t\t\t\t<\/div>\n\t\t\t\t<\/div>\n\t\t\t\t\t<\/div>\n\t\t<\/div>\n\t\t\t\t\t<\/div>\n\t\t<\/section>\n\t\t\t\t<section data-particle_enable=\"false\" data-particle-mobile-disabled=\"false\" class=\"elementor-section elementor-top-section elementor-element elementor-element-6b74dd40 elementor-section-boxed elementor-section-height-default elementor-section-height-default\" data-id=\"6b74dd40\" data-element_type=\"section\" data-settings=\"{&quot;jet_parallax_layout_list&quot;:[]}\">\n\t\t\t\t\t\t<div class=\"elementor-container elementor-column-gap-default\">\n\t\t\t\t\t<div class=\"elementor-column elementor-col-50 elementor-top-column elementor-element elementor-element-59bb3f70\" data-id=\"59bb3f70\" data-element_type=\"column\" data-settings=\"{&quot;background_background&quot;:&quot;classic&quot;}\">\n\t\t\t<div class=\"elementor-widget-wrap elementor-element-populated\">\n\t\t\t\t\t\t<div class=\"elementor-element elementor-element-a0f83f7 elementor-widget elementor-widget-image\" data-id=\"a0f83f7\" data-element_type=\"widget\" data-widget_type=\"image.default\">\n\t\t\t\t<div class=\"elementor-widget-container\">\n\t\t\t\t\t\t\t\t\t\t\t\t\t\t\t<img fetchpriority=\"high\" decoding=\"async\" width=\"800\" height=\"800\" src=\"https:\/\/twstest.072design.site\/wp-content\/uploads\/2024\/09\/dieter-1.jpg\" class=\"attachment-large size-large wp-image-2062\" alt=\"\" srcset=\"https:\/\/twstest.072design.site\/wp-content\/uploads\/2024\/09\/dieter-1.jpg 1024w, https:\/\/twstest.072design.site\/wp-content\/uploads\/2024\/09\/dieter-1-300x300.jpg 300w, https:\/\/twstest.072design.site\/wp-content\/uploads\/2024\/09\/dieter-1-150x150.jpg 150w, https:\/\/twstest.072design.site\/wp-content\/uploads\/2024\/09\/dieter-1-768x768.jpg 768w, https:\/\/twstest.072design.site\/wp-content\/uploads\/2024\/09\/dieter-1-600x600.jpg 600w, https:\/\/twstest.072design.site\/wp-content\/uploads\/2024\/09\/dieter-1-100x100.jpg 100w\" sizes=\"(max-width: 800px) 100vw, 800px\" \/>\t\t\t\t\t\t\t\t\t\t\t\t\t\t\t<\/div>\n\t\t\t\t<\/div>\n\t\t\t\t<div class=\"elementor-element elementor-element-de75bff elementor-widget elementor-widget-image\" data-id=\"de75bff\" data-element_type=\"widget\" data-widget_type=\"image.default\">\n\t\t\t\t<div class=\"elementor-widget-container\">\n\t\t\t\t\t\t\t\t\t\t\t\t\t\t\t<img decoding=\"async\" width=\"800\" height=\"800\" src=\"https:\/\/twstest.072design.site\/wp-content\/uploads\/2024\/09\/nikodem-1.jpg\" class=\"attachment-large size-large wp-image-2162\" alt=\"\" srcset=\"https:\/\/twstest.072design.site\/wp-content\/uploads\/2024\/09\/nikodem-1.jpg 1024w, https:\/\/twstest.072design.site\/wp-content\/uploads\/2024\/09\/nikodem-1-300x300.jpg 300w, https:\/\/twstest.072design.site\/wp-content\/uploads\/2024\/09\/nikodem-1-150x150.jpg 150w, https:\/\/twstest.072design.site\/wp-content\/uploads\/2024\/09\/nikodem-1-768x768.jpg 768w, https:\/\/twstest.072design.site\/wp-content\/uploads\/2024\/09\/nikodem-1-600x600.jpg 600w, https:\/\/twstest.072design.site\/wp-content\/uploads\/2024\/09\/nikodem-1-100x100.jpg 100w\" sizes=\"(max-width: 800px) 100vw, 800px\" \/>\t\t\t\t\t\t\t\t\t\t\t\t\t\t\t<\/div>\n\t\t\t\t<\/div>\n\t\t\t\t<div class=\"elementor-element elementor-element-af558d8 elementor-widget elementor-widget-image\" data-id=\"af558d8\" data-element_type=\"widget\" data-widget_type=\"image.default\">\n\t\t\t\t<div class=\"elementor-widget-container\">\n\t\t\t\t\t\t\t\t\t\t\t\t\t\t\t<img decoding=\"async\" width=\"800\" height=\"800\" src=\"https:\/\/twstest.072design.site\/wp-content\/uploads\/2024\/09\/tim1.jpg\" class=\"attachment-large size-large wp-image-2247\" alt=\"\" srcset=\"https:\/\/twstest.072design.site\/wp-content\/uploads\/2024\/09\/tim1.jpg 1024w, https:\/\/twstest.072design.site\/wp-content\/uploads\/2024\/09\/tim1-300x300.jpg 300w, https:\/\/twstest.072design.site\/wp-content\/uploads\/2024\/09\/tim1-150x150.jpg 150w, https:\/\/twstest.072design.site\/wp-content\/uploads\/2024\/09\/tim1-768x768.jpg 768w, https:\/\/twstest.072design.site\/wp-content\/uploads\/2024\/09\/tim1-600x600.jpg 600w, https:\/\/twstest.072design.site\/wp-content\/uploads\/2024\/09\/tim1-100x100.jpg 100w\" sizes=\"(max-width: 800px) 100vw, 800px\" \/>\t\t\t\t\t\t\t\t\t\t\t\t\t\t\t<\/div>\n\t\t\t\t<\/div>\n\t\t\t\t<div class=\"elementor-element elementor-element-4d34d08 elementor-widget elementor-widget-image\" data-id=\"4d34d08\" data-element_type=\"widget\" data-widget_type=\"image.default\">\n\t\t\t\t<div class=\"elementor-widget-container\">\n\t\t\t\t\t\t\t\t\t\t\t\t\t\t\t<img loading=\"lazy\" decoding=\"async\" width=\"800\" height=\"800\" src=\"https:\/\/twstest.072design.site\/wp-content\/uploads\/2024\/09\/clinic3.jpg\" class=\"attachment-large size-large wp-image-1820\" alt=\"\" srcset=\"https:\/\/twstest.072design.site\/wp-content\/uploads\/2024\/09\/clinic3.jpg 1024w, https:\/\/twstest.072design.site\/wp-content\/uploads\/2024\/09\/clinic3-300x300.jpg 300w, https:\/\/twstest.072design.site\/wp-content\/uploads\/2024\/09\/clinic3-150x150.jpg 150w, https:\/\/twstest.072design.site\/wp-content\/uploads\/2024\/09\/clinic3-768x768.jpg 768w, https:\/\/twstest.072design.site\/wp-content\/uploads\/2024\/09\/clinic3-600x600.jpg 600w, https:\/\/twstest.072design.site\/wp-content\/uploads\/2024\/09\/clinic3-100x100.jpg 100w\" sizes=\"(max-width: 800px) 100vw, 800px\" \/>\t\t\t\t\t\t\t\t\t\t\t\t\t\t\t<\/div>\n\t\t\t\t<\/div>\n\t\t\t\t<div class=\"elementor-element elementor-element-68210f4 elementor-widget elementor-widget-image\" data-id=\"68210f4\" data-element_type=\"widget\" data-widget_type=\"image.default\">\n\t\t\t\t<div class=\"elementor-widget-container\">\n\t\t\t\t\t\t\t\t\t\t\t\t\t\t\t<img loading=\"lazy\" decoding=\"async\" width=\"800\" height=\"800\" src=\"https:\/\/twstest.072design.site\/wp-content\/uploads\/2024\/09\/wave9.jpg\" class=\"attachment-large size-large wp-image-1248\" alt=\"\" srcset=\"https:\/\/twstest.072design.site\/wp-content\/uploads\/2024\/09\/wave9.jpg 1024w, https:\/\/twstest.072design.site\/wp-content\/uploads\/2024\/09\/wave9-300x300.jpg 300w, https:\/\/twstest.072design.site\/wp-content\/uploads\/2024\/09\/wave9-150x150.jpg 150w, https:\/\/twstest.072design.site\/wp-content\/uploads\/2024\/09\/wave9-768x768.jpg 768w, https:\/\/twstest.072design.site\/wp-content\/uploads\/2024\/09\/wave9-600x600.jpg 600w, https:\/\/twstest.072design.site\/wp-content\/uploads\/2024\/09\/wave9-100x100.jpg 100w\" sizes=\"(max-width: 800px) 100vw, 800px\" \/>\t\t\t\t\t\t\t\t\t\t\t\t\t\t\t<\/div>\n\t\t\t\t<\/div>\n\t\t\t\t\t<\/div>\n\t\t<\/div>\n\t\t\t\t<div class=\"elementor-column elementor-col-50 elementor-top-column elementor-element elementor-element-7a2e51d\" data-id=\"7a2e51d\" data-element_type=\"column\" data-settings=\"{&quot;background_background&quot;:&quot;classic&quot;}\">\n\t\t\t<div class=\"elementor-widget-wrap elementor-element-populated\">\n\t\t\t\t\t\t<div class=\"elementor-element elementor-element-09d7b30 elementor-widget elementor-widget-heading\" data-id=\"09d7b30\" data-element_type=\"widget\" data-widget_type=\"heading.default\">\n\t\t\t\t<div class=\"elementor-widget-container\">\n\t\t\t\t\t<h2 class=\"elementor-heading-title elementor-size-default\">Voor windsurfers die hun vaardigheden willen verfijnen of geavanceerde manoeuvres onder de knie willen krijgen, biedt Tenerife Windsurf Solution exclusieve VIP-coaching sessies aan.<\/h2>\t\t\t\t<\/div>\n\t\t\t\t<\/div>\n\t\t\t\t<div class=\"elementor-element elementor-element-fefe779 elementor-widget elementor-widget-heading\" data-id=\"fefe779\" data-element_type=\"widget\" data-widget_type=\"heading.default\">\n\t\t\t\t<div class=\"elementor-widget-container\">\n\t\t\t\t\t<h2 class=\"elementor-heading-title elementor-size-default\">met een aantal van de beste professionele windsurfers ter wereld.<\/h2>\t\t\t\t<\/div>\n\t\t\t\t<\/div>\n\t\t\t\t<div class=\"elementor-element elementor-element-230533c elementor-widget elementor-widget-text-editor\" data-id=\"230533c\" data-element_type=\"widget\" data-widget_type=\"text-editor.default\">\n\t\t\t\t<div class=\"elementor-widget-container\">\n\t\t\t\t\t\t\t\t\t<p><span data-contrast=\"auto\"> <\/span><span data-contrast=\"auto\">Ons VIP coachingsprogramma is ontworpen om persoonlijke instructie op hoog niveau te geven om je te helpen je windsurfdoelen te bereiken, hoe gevorderd ze ook zijn.<\/span><span data-ccp-props=\"{}\"> <\/span><\/p>\n<p><span data-contrast=\"auto\">VIP-coaching met windsurfers van wereldklasse:<\/span><\/p>\n<ol>\n<li><strong>Dieter van der Eyken (PWA wereldkampioen Freestyle)<br \/><\/strong><span data-contrast=\"auto\">Dieter staat bekend om zijn precisie en veelzijdigheid in zowel freestyle als wave disciplines. Zijn coachingsessies zijn gericht op het perfectioneren van geavanceerde technieken, waaronder complexe freestyle moves, golfrijden en het verbeteren van je algehele prestaties in wisselende omstandigheden. <\/span><\/li>\n<li><span data-contrast=\"auto\"><strong> Nikodem Merlak (PWA Wave Rider)<\/strong> <br \/><\/span><span data-contrast=\"auto\">Nikodem heeft jarenlange wedstrijdervaring op hoog niveau en is bijzonder vaardig in het begeleiden van gevorderde windsurfers door de fijne kneepjes van het golfrijden en springen. Of je nu je aerials, front loops of push loops onder de knie wilt krijgen, Nikodems deskundige begeleiding brengt je vaardigheden naar nieuwe hoogten. <\/span><\/li>\n<li><span data-contrast=\"auto\"><strong>Tim van Dam (PWA Wave Rider)<br \/><\/strong><\/span><span data-contrast=\"auto\">Tim is gespecialiseerd in golfrijden en krachtige windsurftechnieken. Zijn VIP-sessies zijn op maat gemaakt voor expert riders die de controle over het golfrijden willen verbeteren, evenals geavanceerde manoeuvres zoals back loops en meer. Tim&#8217;s coaching richt zich op het verleggen van je grenzen en zorgt tegelijkertijd voor techniek en precisie.  <\/span>  <\/li>\n<\/ol>\n<p><span data-contrast=\"auto\"><br \/><strong>Wat je krijgt met VIP-coaching:<\/strong><\/span><span data-ccp-props=\"{}\"> <\/span><\/p>\n<ul>\n<li><span data-contrast=\"auto\"><strong>Trainingsplannen op maat<\/strong>: Elke sessie wordt op maat gemaakt op basis van jouw vaardigheidsniveau en persoonlijke doelen, zodat elke minuut coaching erop gericht is om je vooruit te helpen.<\/span><\/li>\n<li><span data-contrast=\"auto\"><strong>Manoeuvretraining voor gevorderden<\/strong>: Of het nu gaat om golfsurfen, aerials, freestyle trucs of slalomtechnieken op hoge snelheid, je krijgt deskundige instructie over de meest geavanceerde aspecten van windsurfen.<\/span><\/li>\n<li><span data-contrast=\"auto\"><strong>Videoanalyse:<\/strong> Sessies bevatten vaak videofeedback, zodat je je vorm en techniek in detail kunt analyseren en bruikbare inzichten krijgt over hoe je je kunt verbeteren.<\/span><\/li>\n<li><span data-contrast=\"auto\"><strong>E\u00e9n-op-\u00e9\u00e9n coaching<\/strong>: Geniet van de persoonlijke aandacht van de profs, die je helpen elk aspect van je prestaties op het water te verfijnen.<\/span><span data-ccp-props=\"{}\"> <\/span><\/li>\n<\/ul>\n<p><strong><br \/>Boek je VIP-sessie:<\/strong><span data-ccp-props=\"{}\"> <\/span><\/p>\n<p><span data-contrast=\"auto\">Deze VIP coachingsessies zijn ideaal voor gevorderde windsurfers die hun vooruitgang willen versnellen met directe begeleiding van topprofessionals. Neem contact met ons op om een een-op-een-sessie met Dieter, Nikodem of Tim te plannen en ervaar coaching van wereldklasse die is afgestemd op jouw behoeften. <\/span><\/p>\n<p><strong>Deskundige windsurflessen bij Duotone Pro Center Tenerife<\/strong><span data-ccp-props=\"{}\"> <\/span><\/p>\n<p><span data-contrast=\"auto\">Voor wie op zoek is naar groeps- of priv\u00e9lessen op expertniveau, <a href=\"https:\/\/www.dpc-tenerife.com\" target=\"_blank\" rel=\"noopener\"><strong>Duotone Pro Centrum Tenerife<\/strong><\/a>, een partner van TWS, staat bekend om het aanbieden van <strong>hoogwaardige windsurflessen<\/strong> op maat voor gevorderde windsurfers. Met <strong>meertalige instructeurs<\/strong> die gespecialiseerd zijn in lesgeven op het hoogste niveau zijn deze lessen perfect voor riders die hun grenzen willen verleggen. <\/span><\/p>\n<p><strong>Wat is inbegrepen in de expertlessen van Duotone Pro Center:<\/strong><\/p>\n<ol>\n<li><span data-contrast=\"auto\"><strong>Technieken voor gevorderden<\/strong>: Of je nu je golfrijden wilt verfijnen, je freestyle trucs wilt verbeteren of je slalomvaardigheden op hoge snelheid wilt ontwikkelen, de instructeurs van Duotone Pro Center kunnen je helpen geavanceerde manoeuvres onder de knie te krijgen. Technieken die aan bod komen zijn onder andere: <\/span><\/li>\n<\/ol>\n<ul>\n<li><span data-contrast=\"auto\"><strong>Front- en Backloops<\/strong><\/span><\/li>\n<li><span data-contrast=\"auto\"><strong>Pushloops en Table Tops<\/strong><\/span><\/li>\n<li><span data-contrast=\"auto\"><strong>Golfsurfen met geavanceerde besturing<\/strong><\/span><\/li>\n<li><span data-contrast=\"auto\"><strong>Freestyle bewegingen zoals Spocks, Flakas en Air Funnels<\/strong><\/span><\/li>\n<li><span data-contrast=\"auto\"><strong>Snelheid en kracht in sprongen en turns<\/strong><\/span><span data-ccp-props=\"{}\"> <\/span><\/li>\n<\/ul>\n<p><span data-ccp-props=\"{}\"> <\/span><\/p>\n<ol start=\"2\">\n<li><span data-contrast=\"auto\"><strong>Topmateriaal<\/strong>: Je hebt toegang tot de nieuwste uitrusting van <strong>Duotone<\/strong> en <strong>Fanatic<\/strong>, zodat je verzekerd bent van de beste boards en zeilen voor windsurfen met hoge prestaties.<\/span><\/li>\n<\/ol>\n<ol start=\"3\">\n<li><span data-contrast=\"auto\"><strong>Meertalige instructie<\/strong>: Het team spreekt meerdere talen, waaronder Engels, Spaans en Duits, zodat je duidelijk kunt communiceren en het meeste uit je lessen kunt halen, waar je ook vandaan komt.<\/span><\/li>\n<\/ol>\n<ol start=\"4\">\n<li><span data-contrast=\"auto\"><strong>Video Feedback<\/strong>: Voor degenen die meer inzicht willen in hun windsurfprestaties, biedt Duotone Pro Center ook **videoanalyse** om je te helpen je technieken te visualiseren en te verbeteren.<\/span><\/li>\n<\/ol>\n<ol start=\"5\">\n<li><span data-contrast=\"auto\"><strong>Flexibele lesvormen<\/strong>: Kies uit **private expertlessen** voor meer individuele aandacht of doe mee aan geavanceerde groepssessies om je vaardigheden te verbeteren samen met andere ervaren windsurfers.<\/span><\/li>\n<\/ol>\n<p><span data-contrast=\"auto\"><br \/><strong>Waarom kiezen voor Duotone Pro Center voor lessen van experts<\/strong>?<\/span><span data-ccp-props=\"{}\"> <\/span><\/p>\n<ul>\n<li><span data-contrast=\"auto\"><strong>Condities van wereldklasse<\/strong>: El M\u00e9dano biedt ideale wind- en golfcondities voor gevorderd windsurfen, waardoor het de perfecte plek is om je grenzen te verleggen.<\/span><\/li>\n<li><span data-contrast=\"auto\"><strong>Ervaren instructeurs<\/strong>: De instructeurs van Duotone Pro Center hebben uitgebreide ervaring met het aanleren van geavanceerde technieken en hebben gewerkt met ruiters van alle niveaus, inclusief professionals.<\/span><\/li>\n<li><span data-contrast=\"auto\"><strong>Geavanceerde uitrusting<\/strong>: Gebruik de beste boards en zeilen voor windsurfen op expert-niveau.<\/span><span data-ccp-props=\"{}\"> <\/span><\/li>\n<\/ul>\n<p><span data-ccp-props=\"{}\"> <\/span><\/p>\n<p><span data-contrast=\"auto\"><strong>Boek je expertlessen<\/strong>:<\/span><span data-ccp-props=\"{}\"> <\/span><\/p>\n<p><span data-contrast=\"auto\">Om je deskundige windsurflessen te boeken, ga je gewoon naar het <a href=\"https:\/\/www.dpc-tenerife.com\/book-now\" target=\"_blank\" rel=\"noopener\"><strong>Duotone Pro Centrum Tenerife<\/strong><\/a> of <a href=\"https:\/\/twstest.072design.site\/nl\/neem-contact-met-ons-op\/\">neem contact met ons op<\/a>. Of je nu de voorkeur geeft aan de gerichte aandacht van VIP-coaching met de profs of aan hoogwaardige groepslessen bij Duotone, je vindt hier alles wat je nodig hebt om je windsurfvaardigheden naar een hoger niveau te tillen. <\/span><\/p>\n<p><span data-contrast=\"auto\">Verleg je grenzen, leer van de besten en beheers geavanceerde windsurftechnieken met de deskundige coachingopties die beschikbaar zijn bij TWS en Duotone Pro Center Tenerife!<\/span><\/p>\n\t\t\t\t\t\t\t\t<\/div>\n\t\t\t\t<\/div>\n\t\t\t\t<div class=\"elementor-element elementor-element-3e96aca elementor-widget elementor-widget-text-editor\" data-id=\"3e96aca\" data-element_type=\"widget\" data-widget_type=\"text-editor.default\">\n\t\t\t\t<div class=\"elementor-widget-container\">\n\t\t\t\t\t\t\t\t\t<p><b><a href=\"#newsletter\">Laat je e-mailadres achter<\/a> om meldingen voor nieuwe clinics en lessen te ontvangen.<\/b><\/p>\n\t\t\t\t\t\t\t\t<\/div>\n\t\t\t\t<\/div>\n\t\t\t\t\t<\/div>\n\t\t<\/div>\n\t\t\t\t\t<\/div>\n\t\t<\/section>\n\t\t\t\t<section data-particle_enable=\"false\" data-particle-mobile-disabled=\"false\" class=\"elementor-section elementor-top-section elementor-element elementor-element-e8c0cde elementor-section-boxed elementor-section-height-default elementor-section-height-default\" data-id=\"e8c0cde\" data-element_type=\"section\" data-settings=\"{&quot;jet_parallax_layout_list&quot;:[]}\">\n\t\t\t\t\t\t<div class=\"elementor-container elementor-column-gap-default\">\n\t\t\t\t\t<div class=\"elementor-column elementor-col-100 elementor-top-column elementor-element elementor-element-19edef0\" data-id=\"19edef0\" data-element_type=\"column\">\n\t\t\t<div class=\"elementor-widget-wrap elementor-element-populated\">\n\t\t\t\t\t\t<div class=\"elementor-element elementor-element-9664054 elementor-widget elementor-widget-html\" data-id=\"9664054\" data-element_type=\"widget\" data-widget_type=\"html.default\">\n\t\t\t\t<div class=\"elementor-widget-container\">\n\t\t\t\t\t<script type=\"text\/javascript\" src=\"https:\/\/twswindsurf.vikingbookings.com\/en\/widget.js\"><\/script>\t\t\t\t<\/div>\n\t\t\t\t<\/div>\n\t\t\t\t\t<\/div>\n\t\t<\/div>\n\t\t\t\t\t<\/div>\n\t\t<\/section>\n\t\t\t\t<section data-particle_enable=\"false\" data-particle-mobile-disabled=\"false\" class=\"elementor-section elementor-top-section elementor-element elementor-element-2092f5d3 elementor-section-full_width elementor-section-height-min-height elementor-section-height-default elementor-section-items-middle\" data-id=\"2092f5d3\" data-element_type=\"section\" data-settings=\"{&quot;jet_parallax_layout_list&quot;:[],&quot;background_background&quot;:&quot;video&quot;,&quot;background_video_link&quot;:&quot;https:\\\/\\\/player.vimeo.com\\\/video\\\/410311947?muted=1&amp;autoplay=1&amp;loop=1&amp;background=1&amp;app_id=122963&quot;}\">\n\t\t\t\t\t\t\t\t<div class=\"elementor-background-video-container elementor-hidden-mobile\" aria-hidden=\"true\">\n\t\t\t\t\t\t\t\t\t\t\t\t\t<div class=\"elementor-background-video-embed\"><\/div>\n\t\t\t\t\t\t\t\t\t\t\t\t<\/div>\n\t\t\t\t\t\t\t\t<div class=\"elementor-container elementor-column-gap-no\">\n\t\t\t\t\t<div class=\"elementor-column elementor-col-100 elementor-top-column elementor-element elementor-element-10fc13\" data-id=\"10fc13\" data-element_type=\"column\">\n\t\t\t<div class=\"elementor-widget-wrap\">\n\t\t\t\t\t\t\t<\/div>\n\t\t<\/div>\n\t\t\t\t\t<\/div>\n\t\t<\/section>\n\t\t\t\t<\/div>\n\t\t","protected":false},"excerpt":{"rendered":"<p>Progressie, Gevorderden &amp; Expert Windsurflessen met VIP Coaching bij TWS Voor windsurfers die hun vaardigheden willen verfijnen of geavanceerde manoeuvres onder de knie willen krijgen, biedt Tenerife Windsurf Solution exclusieve VIP-coaching sessies aan. met een aantal van de beste professionele windsurfers ter wereld. Ons VIP coachingsprogramma is ontworpen om persoonlijke instructie op hoog niveau te [&hellip;]<\/p>\n","protected":false},"author":2,"featured_media":0,"parent":0,"menu_order":0,"comment_status":"closed","ping_status":"closed","template":"elementor_header_footer","meta":{"footnotes":""},"class_list":["post-9626","page","type-page","status-publish","hentry"],"_links":{"self":[{"href":"https:\/\/twstest.072design.site\/nl\/wp-json\/wp\/v2\/pages\/9626","targetHints":{"allow":["GET"]}}],"collection":[{"href":"https:\/\/twstest.072design.site\/nl\/wp-json\/wp\/v2\/pages"}],"about":[{"href":"https:\/\/twstest.072design.site\/nl\/wp-json\/wp\/v2\/types\/page"}],"author":[{"embeddable":true,"href":"https:\/\/twstest.072design.site\/nl\/wp-json\/wp\/v2\/users\/2"}],"replies":[{"embeddable":true,"href":"https:\/\/twstest.072design.site\/nl\/wp-json\/wp\/v2\/comments?post=9626"}],"version-history":[{"count":0,"href":"https:\/\/twstest.072design.site\/nl\/wp-json\/wp\/v2\/pages\/9626\/revisions"}],"wp:attachment":[{"href":"https:\/\/twstest.072design.site\/nl\/wp-json\/wp\/v2\/media?parent=9626"}],"curies":[{"name":"wp","href":"https:\/\/api.w.org\/{rel}","templated":true}]}}