{"id":11565,"date":"2024-09-29T11:23:50","date_gmt":"2024-09-29T10:23:50","guid":{"rendered":"https:\/\/twstest.072design.site\/podrozuje-samotnie\/"},"modified":"2024-11-14T11:32:33","modified_gmt":"2024-11-14T10:32:33","slug":"podrozuje-samotnie","status":"publish","type":"page","link":"https:\/\/twstest.072design.site\/pl\/podrozuje-samotnie\/","title":{"rendered":"Podr\u00f3\u017cuj\u0119 samotnie"},"content":{"rendered":"\t\t<div data-elementor-type=\"wp-page\" data-elementor-id=\"11565\" class=\"elementor elementor-11565 elementor-2654\" data-elementor-post-type=\"page\">\n\t\t\t\t\t\t<section data-particle_enable=\"false\" data-particle-mobile-disabled=\"false\" class=\"elementor-section elementor-top-section elementor-element elementor-element-40dcdbc6 elementor-section-height-min-height elementor-section-boxed elementor-section-height-default elementor-section-items-middle\" data-id=\"40dcdbc6\" data-element_type=\"section\" data-settings=\"{&quot;jet_parallax_layout_list&quot;:[],&quot;background_background&quot;:&quot;video&quot;,&quot;background_video_link&quot;:&quot;https:\\\/\\\/player.vimeo.com\\\/video\\\/1014277789&quot;}\">\n\t\t\t\t\t\t\t\t<div class=\"elementor-background-video-container elementor-hidden-mobile\" aria-hidden=\"true\">\n\t\t\t\t\t\t\t\t\t\t\t\t\t<div class=\"elementor-background-video-embed\"><\/div>\n\t\t\t\t\t\t\t\t\t\t\t\t<\/div>\n\t\t\t\t\t\t\t\t\t<div class=\"elementor-background-overlay\"><\/div>\n\t\t\t\t\t\t\t<div class=\"elementor-container elementor-column-gap-no\">\n\t\t\t\t\t<div class=\"elementor-column elementor-col-100 elementor-top-column elementor-element elementor-element-4d1d086f\" data-id=\"4d1d086f\" data-element_type=\"column\">\n\t\t\t<div class=\"elementor-widget-wrap elementor-element-populated\">\n\t\t\t\t\t\t<div class=\"elementor-element elementor-element-6c15e380 elementor-widget elementor-widget-heading\" data-id=\"6c15e380\" data-element_type=\"widget\" data-widget_type=\"heading.default\">\n\t\t\t\t<div class=\"elementor-widget-container\">\n\t\t\t\t\t<h2 class=\"elementor-heading-title elementor-size-default\">Najlepsze opcje podr\u00f3\u017cowania solo<\/h2>\t\t\t\t<\/div>\n\t\t\t\t<\/div>\n\t\t\t\t\t<\/div>\n\t\t<\/div>\n\t\t\t\t\t<\/div>\n\t\t<\/section>\n\t\t\t\t<section data-particle_enable=\"false\" data-particle-mobile-disabled=\"false\" class=\"elementor-section elementor-top-section elementor-element elementor-element-7e39d98d elementor-section-boxed elementor-section-height-default elementor-section-height-default\" data-id=\"7e39d98d\" data-element_type=\"section\" data-settings=\"{&quot;jet_parallax_layout_list&quot;:[]}\">\n\t\t\t\t\t\t<div class=\"elementor-container elementor-column-gap-default\">\n\t\t\t\t\t<div class=\"elementor-column elementor-col-50 elementor-top-column elementor-element elementor-element-555e200f\" data-id=\"555e200f\" data-element_type=\"column\" data-settings=\"{&quot;background_background&quot;:&quot;classic&quot;}\">\n\t\t\t<div class=\"elementor-widget-wrap elementor-element-populated\">\n\t\t\t\t\t\t<div class=\"elementor-element elementor-element-8842481 elementor-widget elementor-widget-heading\" data-id=\"8842481\" data-element_type=\"widget\" data-widget_type=\"heading.default\">\n\t\t\t\t<div class=\"elementor-widget-container\">\n\t\t\t\t\t<h3 class=\"elementor-heading-title elementor-size-default\">Wyobra\u017a sobie: siebie nawi\u0105zuj\u0105cego nowe znajomo\u015bci z ca\u0142ego \u015bwiata.<\/h3>\t\t\t\t<\/div>\n\t\t\t\t<\/div>\n\t\t\t\t<div class=\"elementor-element elementor-element-d60b5da elementor-widget elementor-widget-heading\" data-id=\"d60b5da\" data-element_type=\"widget\" data-widget_type=\"heading.default\">\n\t\t\t\t<div class=\"elementor-widget-container\">\n\t\t\t\t\t<h3 class=\"elementor-heading-title elementor-size-default\">Samotna podr\u00f3\u017c do TWS w El M\u00e9dano jest \u0142atwa i wygodna dzi\u0119ki kilku opcjom, kt\u00f3re mo\u017cesz dostosowa\u0107 do swoich preferencji i bud\u017cetu.<\/h3>\t\t\t\t<\/div>\n\t\t\t\t<\/div>\n\t\t\t\t<div class=\"elementor-element elementor-element-7b43f48 elementor-widget elementor-widget-text-editor\" data-id=\"7b43f48\" data-element_type=\"widget\" data-widget_type=\"text-editor.default\">\n\t\t\t\t<div class=\"elementor-widget-container\">\n\t\t\t\t\t\t\t\t\t<p><span data-contrast=\"auto\">Oto, jak mo\u017cesz sprawi\u0107, by Twoja samotna podr\u00f3\u017c przebieg\u0142a bezproblemowo:<\/span><\/p>\n<p><span data-contrast=\"auto\"><strong>Samolotem<\/strong><\/span><span data-ccp-props=\"{}\"><br><\/span><span data-contrast=\"auto\">Najskuteczniejszym sposobem dotarcia do El M\u00e9dano jest lot na lotnisko <strong>Tenerife South Airport (TFS)<\/strong>, kt\u00f3re znajduje si\u0119 zaledwie 10 minut jazdy od El M\u00e9dano i TWS. Lotnisko to jest dobrze skomunikowane z wieloma europejskimi miastami, z regularnymi lotami obs\u0142ugiwanymi zar\u00f3wno przez tanie, jak i du\u017ce linie lotnicze. <\/span><\/p>\n<p><span data-contrast=\"auto\"><strong>&#8211;&gt; Solo Tip<\/strong>:<br>Zarezerwuj bilety wcze\u015bnie, aby uzyska\u0107 najlepsze oferty, i rozwa\u017c miejsce przy oknie, aby podziwia\u0107 zapieraj\u0105ce dech w piersiach widoki na krajobraz Teneryfy podczas l\u0105dowania.<\/span><span data-ccp-props=\"{}\">&nbsp;<\/span><\/p>\n<p><span data-contrast=\"auto\"><strong>Transfery lotniskowe<\/strong><\/span><span data-ccp-props=\"{}\"><br><\/span><span data-contrast=\"auto\">Z lotniska Tenerife South naj\u0142atwiejsz\u0105 i najbardziej bezstresow\u0105 opcj\u0105 dla os\u00f3b podr\u00f3\u017cuj\u0105cych samotnie jest zorganizowanie <strong>transferu lotniskowego<\/strong>.<\/span><\/p>\n<p><span data-contrast=\"auto\">Wiele firm oferuje wsp\u00f3lne lub prywatne transfery, kt\u00f3re zabior\u0105 Ci\u0119 bezpo\u015brednio do miejsca zakwaterowania w El M\u00e9dano. Mo\u017cesz dokona\u0107 wst\u0119pnej rezerwacji online lub znale\u017a\u0107 opcje na lotnisku. <\/span><\/p>\n<p><span data-contrast=\"auto\"><strong>&#8211;&gt; Solo Tip<\/strong>:<br>Je\u015bli wolisz wygod\u0119 i us\u0142ug\u0119 &#8222;od drzwi do drzwi&#8221;, prywatny transfer jest idealnym rozwi\u0105zaniem. Dla os\u00f3b dbaj\u0105cych o bud\u017cet dost\u0119pne s\u0105 r\u00f3wnie\u017c transfery wsp\u00f3\u0142dzielone. <\/span><\/p>\n<p><span data-contrast=\"auto\"><strong>Taks\u00f3wka<\/strong><\/span><span data-ccp-props=\"{}\"><br><\/span><span data-contrast=\"auto\">Taks\u00f3wki s\u0105 \u0142atwo dost\u0119pne na lotnisku Tenerife South. Podr\u00f3\u017c do El M\u00e9dano zajmuje oko\u0142o 10-15 minut, a op\u0142ata za przejazd wynosi zazwyczaj oko\u0142o 15-20 \u20ac. Jest to szybka, bezproblemowa opcja, szczeg\u00f3lnie dla os\u00f3b podr\u00f3\u017cuj\u0105cych samotnie ze sprz\u0119tem.  <\/span><\/p>\n<p><span data-contrast=\"auto\"><strong>&#8211;&gt; Solo Tip<\/strong>:<br>Je\u015bli podr\u00f3\u017cujesz ze sprz\u0119tem windsurfingowym, upewnij si\u0119, \u017ce taks\u00f3wka ma wystarczaj\u0105co du\u017co miejsca lub popro\u015b o wi\u0119kszy pojazd z wyprzedzeniem.<\/span><\/p>\n<p><span data-contrast=\"auto\"><strong>Autobus publiczny<\/strong><\/span><span data-ccp-props=\"{}\"><br><\/span><span data-contrast=\"auto\">Aby wybra\u0107 bardziej ekonomiczn\u0105 opcj\u0119, mo\u017cesz skorzysta\u0107 z <strong>autobusu publicznego (TITSA)<\/strong>&nbsp;z lotniska. Linia 470 lub 111 zabierze Ci\u0119 do El M\u00e9dano w oko\u0142o 30 minut. Autobusy kursuj\u0105 niezawodnie i cz\u0119sto, ale po przylocie b\u0119dziesz musia\u0142 przej\u015b\u0107 si\u0119 kawa\u0142ek do miejsca zakwaterowania lub centrum TWS.  <\/span><\/p>\n<p><span data-contrast=\"auto\"><strong>&#8211;&gt; Solo Tip<\/strong>:<br>Kup <strong>kart\u0119 TEN+<\/strong>&nbsp;na lotnisku, aby uzyska\u0107 \u0142atwy dost\u0119p do systemu autobusowego Teneryfy i korzysta\u0107 ze zni\u017cek.<\/span><span data-ccp-props=\"{}\">&nbsp;<\/span><\/p>\n<p><span data-contrast=\"auto\"><strong>Wynajem samochodu<\/strong><\/span><span data-ccp-props=\"{}\"><br><\/span><span data-contrast=\"auto\">Je\u015bli wolisz niezale\u017cno\u015b\u0107 i elastyczno\u015b\u0107, wynajem samochodu jest \u015bwietn\u0105 opcj\u0105, zw\u0142aszcza je\u015bli planujesz zwiedzi\u0107 inne cz\u0119\u015bci Teneryfy podczas swojego pobytu.<\/span><\/p>\n<p><span data-contrast=\"auto\">Kilka wypo\u017cyczalni samochod\u00f3w dzia\u0142a na lotnisku Tenerife South, a dojazd do El M\u00e9dano jest prosty autostrad\u0105 TF-1.<\/span><\/p>\n<p><span data-contrast=\"auto\"><strong>&#8211;&gt; Solo Tip<\/strong>:<br>Pami\u0119taj, aby zarezerwowa\u0107 mniejszy samoch\u00f3d, je\u015bli podr\u00f3\u017cujesz samotnie, poniewa\u017c parking w El M\u00e9dano mo\u017ce by\u0107 ograniczony, szczeg\u00f3lnie w pobli\u017cu pla\u017cy.<\/span><\/p>\n<p><span data-contrast=\"auto\"><strong>Zakwaterowanie<\/strong><\/span><span data-ccp-props=\"{}\"><br><\/span><span data-contrast=\"auto\">W El M\u00e9dano znajdziesz wiele opcji zakwaterowania dla os\u00f3b podr\u00f3\u017cuj\u0105cych samotnie, od niedrogich hosteli po apartamenty przy pla\u017cy. Zatrzymanie si\u0119 w pobli\u017cu centrum TWS pozwala na \u0142atwy dost\u0119p do codziennych sesji windsurfingowych. <\/span><\/p>\n<p><span data-contrast=\"auto\"><strong>&#8211;&gt; Solo Tip<\/strong>:<br>Poszukaj zakwaterowania ze wsp\u00f3ln\u0105 przestrzeni\u0105 lub wsp\u00f3ln\u0105 kuchni\u0105, je\u015bli chcesz pozna\u0107 innych podr\u00f3\u017cuj\u0105cych samotnie i entuzjast\u00f3w sport\u00f3w wodnych podczas pobytu.<\/span><\/p>\n<p><span data-contrast=\"auto\"><strong>Poruszanie si\u0119 po El M\u00e9dano<\/strong><\/span><span data-ccp-props=\"{}\"><br><\/span><span data-contrast=\"auto\">El M\u00e9dano to ma\u0142e miasteczko, do kt\u00f3rego mo\u017cna doj\u015b\u0107 pieszo, wi\u0119c nie b\u0119dziesz musia\u0142 polega\u0107 na transporcie publicznym, gdy ju\u017c si\u0119 tam znajdziesz. Wszystko znajduje si\u0119 w odleg\u0142o\u015bci kr\u00f3tkiego spaceru, w tym TWS, restauracje, sklepy i pla\u017ce. <\/span><\/p>\n<p><span data-contrast=\"auto\"><strong>&#8211;&gt; Solo Tip<\/strong>:<br>W przypadku kr\u00f3tkich wycieczek po mie\u015bcie wypo\u017cyczenie roweru to zabawny i przyjazny dla \u015brodowiska spos\u00f3b na poruszanie si\u0119 i odkrywanie okolicy. Upewnij si\u0119, \u017ce korzystasz z karty lojalno\u015bciowej TWS <\/span><\/p>\n<p><strong>Podsumowanie<br><\/strong><span data-contrast=\"auto\">Niezale\u017cnie od tego, czy wolisz wygod\u0119, niedrogie podr\u00f3\u017ce czy elastyczno\u015b\u0107, istnieje wiele przyjaznych dla os\u00f3b podr\u00f3\u017cuj\u0105cych samotnie opcji dotarcia do TWS w El M\u00e9dano.<\/span><\/p>\n<p><span data-contrast=\"auto\">Przylatuj\u0105c na lotnisko Tenerife South, z \u0142atwymi transferami lub opcjami transportu publicznego, mo\u017cesz \u0142atwo dotrze\u0107 na miejsce i rozpocz\u0105\u0107 przygod\u0119 z windsurfingiem.<\/span><\/p>\n<p><strong>Po wej\u015bciu do centrum pokochasz atmosfer\u0119 i ducha spo\u0142eczno\u015bci, pokochasz to! Windsurfuj jak nigdy dot\u0105d! &nbsp;<\/strong><\/p>\t\t\t\t\t\t\t\t<\/div>\n\t\t\t\t<\/div>\n\t\t\t\t\t<\/div>\n\t\t<\/div>\n\t\t\t\t<div class=\"elementor-column elementor-col-50 elementor-top-column elementor-element elementor-element-3011383\" data-id=\"3011383\" data-element_type=\"column\" data-settings=\"{&quot;background_background&quot;:&quot;classic&quot;}\">\n\t\t\t<div class=\"elementor-widget-wrap elementor-element-populated\">\n\t\t\t\t\t\t<div class=\"elementor-element elementor-element-958f0fb elementor-widget elementor-widget-image\" data-id=\"958f0fb\" data-element_type=\"widget\" data-widget_type=\"image.default\">\n\t\t\t\t<div class=\"elementor-widget-container\">\n\t\t\t\t\t\t\t\t\t\t\t\t\t\t\t<img fetchpriority=\"high\" decoding=\"async\" width=\"800\" height=\"800\" src=\"https:\/\/twstest.072design.site\/wp-content\/uploads\/2024\/09\/wave10.jpg\" class=\"attachment-large size-large wp-image-1720\" alt=\"\" srcset=\"https:\/\/twstest.072design.site\/wp-content\/uploads\/2024\/09\/wave10.jpg 1024w, https:\/\/twstest.072design.site\/wp-content\/uploads\/2024\/09\/wave10-300x300.jpg 300w, https:\/\/twstest.072design.site\/wp-content\/uploads\/2024\/09\/wave10-150x150.jpg 150w, https:\/\/twstest.072design.site\/wp-content\/uploads\/2024\/09\/wave10-768x768.jpg 768w, https:\/\/twstest.072design.site\/wp-content\/uploads\/2024\/09\/wave10-600x600.jpg 600w, https:\/\/twstest.072design.site\/wp-content\/uploads\/2024\/09\/wave10-100x100.jpg 100w\" sizes=\"(max-width: 800px) 100vw, 800px\" \/>\t\t\t\t\t\t\t\t\t\t\t\t\t\t\t<\/div>\n\t\t\t\t<\/div>\n\t\t\t\t<div class=\"elementor-element elementor-element-61b2e6e elementor-widget elementor-widget-image\" data-id=\"61b2e6e\" data-element_type=\"widget\" data-widget_type=\"image.default\">\n\t\t\t\t<div class=\"elementor-widget-container\">\n\t\t\t\t\t\t\t\t\t\t\t\t\t\t\t<img decoding=\"async\" width=\"800\" height=\"800\" src=\"https:\/\/twstest.072design.site\/wp-content\/uploads\/2024\/09\/TWS-clinics-2.png\" class=\"attachment-large size-large wp-image-316\" alt=\"TWS clinics 2\" srcset=\"https:\/\/twstest.072design.site\/wp-content\/uploads\/2024\/09\/TWS-clinics-2.png 1024w, https:\/\/twstest.072design.site\/wp-content\/uploads\/2024\/09\/TWS-clinics-2-300x300.png 300w, https:\/\/twstest.072design.site\/wp-content\/uploads\/2024\/09\/TWS-clinics-2-150x150.png 150w, https:\/\/twstest.072design.site\/wp-content\/uploads\/2024\/09\/TWS-clinics-2-768x768.png 768w, https:\/\/twstest.072design.site\/wp-content\/uploads\/2024\/09\/TWS-clinics-2-600x600.png 600w, https:\/\/twstest.072design.site\/wp-content\/uploads\/2024\/09\/TWS-clinics-2-100x100.png 100w\" sizes=\"(max-width: 800px) 100vw, 800px\" \/>\t\t\t\t\t\t\t\t\t\t\t\t\t\t\t<\/div>\n\t\t\t\t<\/div>\n\t\t\t\t\t<\/div>\n\t\t<\/div>\n\t\t\t\t\t<\/div>\n\t\t<\/section>\n\t\t\t\t<section data-particle_enable=\"false\" data-particle-mobile-disabled=\"false\" class=\"elementor-section elementor-top-section elementor-element elementor-element-502952d elementor-section-full_width elementor-section-height-default elementor-section-height-default\" data-id=\"502952d\" data-element_type=\"section\" data-settings=\"{&quot;jet_parallax_layout_list&quot;:[]}\">\n\t\t\t\t\t\t<div class=\"elementor-container elementor-column-gap-no\">\n\t\t\t\t\t<div class=\"elementor-column elementor-col-100 elementor-top-column elementor-element elementor-element-b5f9b59\" data-id=\"b5f9b59\" data-element_type=\"column\">\n\t\t\t<div class=\"elementor-widget-wrap elementor-element-populated\">\n\t\t\t\t\t\t<div class=\"elementor-element elementor-element-1f3f37f elementor-widget elementor-widget-html\" data-id=\"1f3f37f\" data-element_type=\"widget\" data-widget_type=\"html.default\">\n\t\t\t\t<div class=\"elementor-widget-container\">\n\t\t\t\t\t<script type=\"text\/javascript\" src=\"https:\/\/twswindsurf.vikingbookings.com\/en\/widget.js\"><\/script>\t\t\t\t<\/div>\n\t\t\t\t<\/div>\n\t\t\t\t\t<\/div>\n\t\t<\/div>\n\t\t\t\t\t<\/div>\n\t\t<\/section>\n\t\t\t\t<section data-particle_enable=\"false\" data-particle-mobile-disabled=\"false\" class=\"elementor-section elementor-top-section elementor-element elementor-element-7227a8ae elementor-section-boxed elementor-section-height-default elementor-section-height-default\" data-id=\"7227a8ae\" data-element_type=\"section\" data-settings=\"{&quot;jet_parallax_layout_list&quot;:[]}\">\n\t\t\t\t\t\t<div class=\"elementor-container elementor-column-gap-default\">\n\t\t\t\t\t<div class=\"elementor-column elementor-col-100 elementor-top-column elementor-element elementor-element-328609b5\" data-id=\"328609b5\" data-element_type=\"column\">\n\t\t\t<div class=\"elementor-widget-wrap elementor-element-populated\">\n\t\t\t\t\t\t<div class=\"elementor-element elementor-element-9120e60 elementor-widget elementor-widget-template\" data-id=\"9120e60\" data-element_type=\"widget\" data-widget_type=\"template.default\">\n\t\t\t\t<div class=\"elementor-widget-container\">\n\t\t\t\t\t\t\t<div class=\"elementor-template\">\n\t\t\t\t\t<div data-elementor-type=\"section\" data-elementor-id=\"13637\" class=\"elementor elementor-13637 elementor-744\" data-elementor-post-type=\"elementor_library\">\n\t\t\t\t\t<section data-particle_enable=\"false\" data-particle-mobile-disabled=\"false\" class=\"elementor-section elementor-top-section elementor-element elementor-element-33be3b84 elementor-section-boxed elementor-section-height-default elementor-section-height-default\" data-id=\"33be3b84\" data-element_type=\"section\" data-settings=\"{&quot;jet_parallax_layout_list&quot;:[]}\">\n\t\t\t\t\t\t<div class=\"elementor-container elementor-column-gap-default\">\n\t\t\t\t\t<div class=\"elementor-column elementor-col-50 elementor-top-column elementor-element elementor-element-20151c2f\" data-id=\"20151c2f\" data-element_type=\"column\">\n\t\t\t<div class=\"elementor-widget-wrap elementor-element-populated\">\n\t\t\t\t\t\t<div class=\"elementor-element elementor-element-124b63cf elementor-widget__width-auto elementor-widget elementor-widget-button\" data-id=\"124b63cf\" data-element_type=\"widget\" data-widget_type=\"button.default\">\n\t\t\t\t<div class=\"elementor-widget-container\">\n\t\t\t\t\t\t\t\t\t<div class=\"elementor-button-wrapper\">\n\t\t\t\t\t<a class=\"elementor-button elementor-size-sm\" role=\"button\">\n\t\t\t\t\t\t<span class=\"elementor-button-content-wrapper\">\n\t\t\t\t\t\t\t\t\t<span class=\"elementor-button-text\">DARMOWY prezent<\/span>\n\t\t\t\t\t<\/span>\n\t\t\t\t\t<\/a>\n\t\t\t\t<\/div>\n\t\t\t\t\t\t\t\t<\/div>\n\t\t\t\t<\/div>\n\t\t\t\t<div class=\"elementor-element elementor-element-4489081a elementor-widget elementor-widget-image\" data-id=\"4489081a\" data-element_type=\"widget\" data-widget_type=\"image.default\">\n\t\t\t\t<div class=\"elementor-widget-container\">\n\t\t\t\t\t\t\t\t\t\t\t\t\t\t\t<img decoding=\"async\" width=\"580\" height=\"419\" src=\"https:\/\/twstest.072design.site\/wp-content\/uploads\/2024\/09\/tshirt.jpg\" class=\"attachment-large size-large wp-image-1024\" alt=\"\" srcset=\"https:\/\/twstest.072design.site\/wp-content\/uploads\/2024\/09\/tshirt.jpg 580w, https:\/\/twstest.072design.site\/wp-content\/uploads\/2024\/09\/tshirt-300x217.jpg 300w\" sizes=\"(max-width: 580px) 100vw, 580px\" \/>\t\t\t\t\t\t\t\t\t\t\t\t\t\t\t<\/div>\n\t\t\t\t<\/div>\n\t\t\t\t\t<\/div>\n\t\t<\/div>\n\t\t\t\t<div class=\"elementor-column elementor-col-50 elementor-top-column elementor-element elementor-element-15508528\" data-id=\"15508528\" data-element_type=\"column\">\n\t\t\t<div class=\"elementor-widget-wrap elementor-element-populated\">\n\t\t\t\t\t\t<div class=\"elementor-element elementor-element-38470059 elementor-widget elementor-widget-heading\" data-id=\"38470059\" data-element_type=\"widget\" data-widget_type=\"heading.default\">\n\t\t\t\t<div class=\"elementor-widget-container\">\n\t\t\t\t\t<h4 class=\"elementor-heading-title elementor-size-default\">przy ka\u017cdej rezerwacji<\/h4>\t\t\t\t<\/div>\n\t\t\t\t<\/div>\n\t\t\t\t<div class=\"elementor-element elementor-element-1e9f709d elementor-widget elementor-widget-heading\" data-id=\"1e9f709d\" data-element_type=\"widget\" data-widget_type=\"heading.default\">\n\t\t\t\t<div class=\"elementor-widget-container\">\n\t\t\t\t\t<h2 class=\"elementor-heading-title elementor-size-default\">DARMOWA koszulka TWS<\/h2>\t\t\t\t<\/div>\n\t\t\t\t<\/div>\n\t\t\t\t<div class=\"elementor-element elementor-element-5fb31772 elementor-widget elementor-widget-text-editor\" data-id=\"5fb31772\" data-element_type=\"widget\" data-widget_type=\"text-editor.default\">\n\t\t\t\t<div class=\"elementor-widget-container\">\n\t\t\t\t\t\t\t\t\t<p>Ka\u017cdy go\u015b\u0107 otrzymuje voucher na koszulk\u0119 TWS przy pierwszej rezerwacji.<\/p>\n<p>Mo\u017cesz odebra\u0107 <strong>swoj\u0105<\/strong> koszulk\u0119 w <a href=\"https:\/\/twstest.072design.site\/pl\/tws-surf-shop\/\">lokalnym sklepie surfingowym TWS<\/a><\/p>\n<p>B\u0119d\u0105c w sklepie, sprawd\u017a kolekcj\u0119 koszulek H20 Tenerife, aby zabra\u0107 do domu s\u0142odkie wspomnienie o TWS i El M\u00e9dano.<\/p>\n\t\t\t\t\t\t\t\t<\/div>\n\t\t\t\t<\/div>\n\t\t\t\t<div class=\"elementor-element elementor-element-716defd3 elementor-align-left elementor-widget elementor-widget-button\" data-id=\"716defd3\" data-element_type=\"widget\" data-widget_type=\"button.default\">\n\t\t\t\t<div class=\"elementor-widget-container\">\n\t\t\t\t\t\t\t\t\t<div class=\"elementor-button-wrapper\">\n\t\t\t\t\t<a class=\"elementor-button elementor-button-link elementor-size-sm\" href=\"https:\/\/app.vikingbookings.com\/widget\/booking\/5a0000001f000000ae77bea9\" target=\"_blank\" rel=\"noopener\">\n\t\t\t\t\t\t<span class=\"elementor-button-content-wrapper\">\n\t\t\t\t\t\t\t\t\t<span class=\"elementor-button-text\">Zarezerwuj teraz<\/span>\n\t\t\t\t\t<\/span>\n\t\t\t\t\t<\/a>\n\t\t\t\t<\/div>\n\t\t\t\t\t\t\t\t<\/div>\n\t\t\t\t<\/div>\n\t\t\t\t\t<\/div>\n\t\t<\/div>\n\t\t\t\t\t<\/div>\n\t\t<\/section>\n\t\t\t\t<\/div>\n\t\t\t\t<\/div>\n\t\t\t\t\t\t<\/div>\n\t\t\t\t<\/div>\n\t\t\t\t\t<\/div>\n\t\t<\/div>\n\t\t\t\t\t<\/div>\n\t\t<\/section>\n\t\t\t\t<section data-particle_enable=\"false\" data-particle-mobile-disabled=\"false\" class=\"elementor-section elementor-top-section elementor-element elementor-element-d47af27 elementor-section-boxed elementor-section-height-default elementor-section-height-default\" data-id=\"d47af27\" data-element_type=\"section\" data-settings=\"{&quot;jet_parallax_layout_list&quot;:[]}\">\n\t\t\t\t\t\t<div class=\"elementor-container elementor-column-gap-default\">\n\t\t\t\t\t<div class=\"elementor-column elementor-col-100 elementor-top-column elementor-element elementor-element-79a01de\" data-id=\"79a01de\" data-element_type=\"column\">\n\t\t\t<div class=\"elementor-widget-wrap elementor-element-populated\">\n\t\t\t\t\t\t<div class=\"elementor-element elementor-element-ad9a520 elementor-skin-carousel elementor-widget elementor-widget-media-carousel\" data-id=\"ad9a520\" data-element_type=\"widget\" data-settings=\"{&quot;slides_per_view&quot;:&quot;4&quot;,&quot;autoplay_speed&quot;:1250,&quot;space_between&quot;:{&quot;unit&quot;:&quot;px&quot;,&quot;size&quot;:&quot;&quot;,&quot;sizes&quot;:[]},&quot;skin&quot;:&quot;carousel&quot;,&quot;effect&quot;:&quot;slide&quot;,&quot;speed&quot;:500,&quot;autoplay&quot;:&quot;yes&quot;,&quot;loop&quot;:&quot;yes&quot;,&quot;pause_on_hover&quot;:&quot;yes&quot;,&quot;pause_on_interaction&quot;:&quot;yes&quot;,&quot;space_between_tablet&quot;:{&quot;unit&quot;:&quot;px&quot;,&quot;size&quot;:10,&quot;sizes&quot;:[]},&quot;space_between_mobile&quot;:{&quot;unit&quot;:&quot;px&quot;,&quot;size&quot;:10,&quot;sizes&quot;:[]}}\" data-widget_type=\"media-carousel.default\">\n\t\t\t\t<div class=\"elementor-widget-container\">\n\t\t\t\t\t\t\t\t\t<div class=\"elementor-swiper\">\n\t\t\t\t\t<div class=\"elementor-main-swiper swiper\" role=\"region\" aria-roledescription=\"carousel\" aria-label=\"Slajdy\">\n\t\t\t\t<div class=\"swiper-wrapper\">\n\t\t\t\t\t\t\t\t\t\t\t<div class=\"swiper-slide\" role=\"group\" aria-roledescription=\"slide\">\n\t\t\t\t\t\t\t\t\t<div class=\"elementor-carousel-image\" role=\"img\" aria-label=\"neilpryde\" style=\"background-image: url(&#039;https:\/\/twstest.072design.site\/wp-content\/uploads\/2024\/09\/neilpryde.png&#039;)\">\n\n\t\t\t\n\t\t\t\t\t<\/div>\n\t\t\t\t\t\t\t\t<\/div>\n\t\t\t\t\t\t\t\t\t\t\t<div class=\"swiper-slide\" role=\"group\" aria-roledescription=\"slide\">\n\t\t\t\t\t\t\t\t\t<div class=\"elementor-carousel-image\" role=\"img\" aria-label=\"\" style=\"background-image: url(&#039;https:\/\/twstest.072design.site\/wp-content\/uploads\/2024\/09\/bruch-boards.png&#039;)\">\n\n\t\t\t\n\t\t\t\t\t<\/div>\n\t\t\t\t\t\t\t\t<\/div>\n\t\t\t\t\t\t\t\t\t\t\t<div class=\"swiper-slide\" role=\"group\" aria-roledescription=\"slide\">\n\t\t\t\t\t\t\t\t\t<div class=\"elementor-carousel-image\" role=\"img\" aria-label=\"naish\" style=\"background-image: url(&#039;https:\/\/twstest.072design.site\/wp-content\/uploads\/2024\/09\/naish.png&#039;)\">\n\n\t\t\t\n\t\t\t\t\t<\/div>\n\t\t\t\t\t\t\t\t<\/div>\n\t\t\t\t\t\t\t\t\t\t\t<div class=\"swiper-slide\" role=\"group\" aria-roledescription=\"slide\">\n\t\t\t\t\t\t\t\t\t<div class=\"elementor-carousel-image\" role=\"img\" aria-label=\"core-logo\" style=\"background-image: url(&#039;https:\/\/twstest.072design.site\/wp-content\/uploads\/2024\/09\/core-logo.png&#039;)\">\n\n\t\t\t\n\t\t\t\t\t<\/div>\n\t\t\t\t\t\t\t\t<\/div>\n\t\t\t\t\t\t\t\t\t\t\t<div class=\"swiper-slide\" role=\"group\" aria-roledescription=\"slide\">\n\t\t\t\t\t\t\t\t\t<div class=\"elementor-carousel-image\" role=\"img\" aria-label=\"lift-foils\" style=\"background-image: url(&#039;https:\/\/twstest.072design.site\/wp-content\/uploads\/2024\/09\/lift-foils.png&#039;)\">\n\n\t\t\t\n\t\t\t\t\t<\/div>\n\t\t\t\t\t\t\t\t<\/div>\n\t\t\t\t\t\t\t\t\t\t\t<div class=\"swiper-slide\" role=\"group\" aria-roledescription=\"slide\">\n\t\t\t\t\t\t\t\t\t<div class=\"elementor-carousel-image\" role=\"img\" aria-label=\"f4-foils\" style=\"background-image: url(&#039;https:\/\/twstest.072design.site\/wp-content\/uploads\/2024\/09\/f4-foils.png&#039;)\">\n\n\t\t\t\n\t\t\t\t\t<\/div>\n\t\t\t\t\t\t\t\t<\/div>\n\t\t\t\t\t\t\t\t\t\t\t<div class=\"swiper-slide\" role=\"group\" aria-roledescription=\"slide\">\n\t\t\t\t\t\t\t\t\t<div class=\"elementor-carousel-image\" role=\"img\" aria-label=\"ezzy\" style=\"background-image: url(&#039;https:\/\/twstest.072design.site\/wp-content\/uploads\/2024\/09\/ezzy.png&#039;)\">\n\n\t\t\t\n\t\t\t\t\t<\/div>\n\t\t\t\t\t\t\t\t<\/div>\n\t\t\t\t\t\t\t\t\t<\/div>\n\t\t\t\t\t\t\t\t\t\t\t\t\t\t\t\t\t\t\t\t\t<\/div>\n\t\t\t\t<\/div>\n\t\t\t\t\t\t\t\t<\/div>\n\t\t\t\t<\/div>\n\t\t\t\t\t<\/div>\n\t\t<\/div>\n\t\t\t\t\t<\/div>\n\t\t<\/section>\n\t\t\t\t<\/div>\n\t\t","protected":false},"excerpt":{"rendered":"<p>Najlepsze opcje podr\u00f3\u017cowania solo Wyobra\u017a sobie: siebie nawi\u0105zuj\u0105cego nowe znajomo\u015bci z ca\u0142ego \u015bwiata. Samotna podr\u00f3\u017c do TWS w El M\u00e9dano jest \u0142atwa i wygodna dzi\u0119ki kilku opcjom, kt\u00f3re mo\u017cesz dostosowa\u0107 do swoich preferencji i bud\u017cetu. Oto, jak mo\u017cesz sprawi\u0107, by Twoja samotna podr\u00f3\u017c przebieg\u0142a bezproblemowo: SamolotemNajskuteczniejszym sposobem dotarcia do El M\u00e9dano jest lot na lotnisko [&hellip;]<\/p>\n","protected":false},"author":2,"featured_media":0,"parent":0,"menu_order":0,"comment_status":"closed","ping_status":"closed","template":"elementor_header_footer","meta":{"footnotes":""},"class_list":["post-11565","page","type-page","status-publish","hentry"],"_links":{"self":[{"href":"https:\/\/twstest.072design.site\/pl\/wp-json\/wp\/v2\/pages\/11565","targetHints":{"allow":["GET"]}}],"collection":[{"href":"https:\/\/twstest.072design.site\/pl\/wp-json\/wp\/v2\/pages"}],"about":[{"href":"https:\/\/twstest.072design.site\/pl\/wp-json\/wp\/v2\/types\/page"}],"author":[{"embeddable":true,"href":"https:\/\/twstest.072design.site\/pl\/wp-json\/wp\/v2\/users\/2"}],"replies":[{"embeddable":true,"href":"https:\/\/twstest.072design.site\/pl\/wp-json\/wp\/v2\/comments?post=11565"}],"version-history":[{"count":0,"href":"https:\/\/twstest.072design.site\/pl\/wp-json\/wp\/v2\/pages\/11565\/revisions"}],"wp:attachment":[{"href":"https:\/\/twstest.072design.site\/pl\/wp-json\/wp\/v2\/media?parent=11565"}],"curies":[{"name":"wp","href":"https:\/\/api.w.org\/{rel}","templated":true}]}}