{"id":11647,"date":"2024-09-27T07:25:20","date_gmt":"2024-09-27T06:25:20","guid":{"rendered":"https:\/\/twstest.072design.site\/wave-progression-advanced-expert-coaching\/"},"modified":"2024-11-16T08:16:09","modified_gmt":"2024-11-16T07:16:09","slug":"wave-progression-advanced-expert-coaching","status":"publish","type":"page","link":"https:\/\/twstest.072design.site\/pl\/wave-progression-advanced-expert-coaching\/","title":{"rendered":"Wave Progression\/Advanced\/Expert Coaching"},"content":{"rendered":"\t\t<div data-elementor-type=\"wp-page\" data-elementor-id=\"11647\" class=\"elementor elementor-11647 elementor-1568\" data-elementor-post-type=\"page\">\n\t\t\t\t\t\t<section data-particle_enable=\"false\" data-particle-mobile-disabled=\"false\" class=\"elementor-section elementor-top-section elementor-element elementor-element-77274fe0 elementor-section-height-min-height elementor-section-boxed elementor-section-height-default elementor-section-items-middle\" data-id=\"77274fe0\" data-element_type=\"section\" data-settings=\"{&quot;jet_parallax_layout_list&quot;:[],&quot;background_background&quot;:&quot;video&quot;,&quot;background_video_link&quot;:&quot;https:\\\/\\\/player.vimeo.com\\\/video\\\/1013339101&quot;}\">\n\t\t\t\t\t\t\t\t<div class=\"elementor-background-video-container elementor-hidden-mobile\" aria-hidden=\"true\">\n\t\t\t\t\t\t\t\t\t\t\t\t\t<div class=\"elementor-background-video-embed\"><\/div>\n\t\t\t\t\t\t\t\t\t\t\t\t<\/div>\n\t\t\t\t\t\t\t\t\t<div class=\"elementor-background-overlay\"><\/div>\n\t\t\t\t\t\t\t<div class=\"elementor-container elementor-column-gap-no\">\n\t\t\t\t\t<div class=\"elementor-column elementor-col-100 elementor-top-column elementor-element elementor-element-7186961c\" data-id=\"7186961c\" data-element_type=\"column\">\n\t\t\t<div class=\"elementor-widget-wrap elementor-element-populated\">\n\t\t\t\t\t\t<div class=\"elementor-element elementor-element-6e81d618 elementor-widget elementor-widget-heading\" data-id=\"6e81d618\" data-element_type=\"widget\" data-widget_type=\"heading.default\">\n\t\t\t\t<div class=\"elementor-widget-container\">\n\t\t\t\t\t<h2 class=\"elementor-heading-title elementor-size-default\">Lekcje progresji, zaawansowane i eksperckie lekcje windsurfingu z coachingiem VIP w TWS<\/h2>\t\t\t\t<\/div>\n\t\t\t\t<\/div>\n\t\t\t\t\t<\/div>\n\t\t<\/div>\n\t\t\t\t\t<\/div>\n\t\t<\/section>\n\t\t\t\t<section data-particle_enable=\"false\" data-particle-mobile-disabled=\"false\" class=\"elementor-section elementor-top-section elementor-element elementor-element-6b74dd40 elementor-section-boxed elementor-section-height-default elementor-section-height-default\" data-id=\"6b74dd40\" data-element_type=\"section\" data-settings=\"{&quot;jet_parallax_layout_list&quot;:[]}\">\n\t\t\t\t\t\t<div class=\"elementor-container elementor-column-gap-default\">\n\t\t\t\t\t<div class=\"elementor-column elementor-col-50 elementor-top-column elementor-element elementor-element-59bb3f70\" data-id=\"59bb3f70\" data-element_type=\"column\" data-settings=\"{&quot;background_background&quot;:&quot;classic&quot;}\">\n\t\t\t<div class=\"elementor-widget-wrap elementor-element-populated\">\n\t\t\t\t\t\t<div class=\"elementor-element elementor-element-a0f83f7 elementor-widget elementor-widget-image\" data-id=\"a0f83f7\" data-element_type=\"widget\" data-widget_type=\"image.default\">\n\t\t\t\t<div class=\"elementor-widget-container\">\n\t\t\t\t\t\t\t\t\t\t\t\t\t\t\t<img fetchpriority=\"high\" decoding=\"async\" width=\"800\" height=\"800\" src=\"https:\/\/twstest.072design.site\/wp-content\/uploads\/2024\/09\/dieter-1.jpg\" class=\"attachment-large size-large wp-image-2066\" alt=\"\" srcset=\"https:\/\/twstest.072design.site\/wp-content\/uploads\/2024\/09\/dieter-1.jpg 1024w, https:\/\/twstest.072design.site\/wp-content\/uploads\/2024\/09\/dieter-1-300x300.jpg 300w, https:\/\/twstest.072design.site\/wp-content\/uploads\/2024\/09\/dieter-1-150x150.jpg 150w, https:\/\/twstest.072design.site\/wp-content\/uploads\/2024\/09\/dieter-1-768x768.jpg 768w, https:\/\/twstest.072design.site\/wp-content\/uploads\/2024\/09\/dieter-1-600x600.jpg 600w, https:\/\/twstest.072design.site\/wp-content\/uploads\/2024\/09\/dieter-1-100x100.jpg 100w\" sizes=\"(max-width: 800px) 100vw, 800px\" \/>\t\t\t\t\t\t\t\t\t\t\t\t\t\t\t<\/div>\n\t\t\t\t<\/div>\n\t\t\t\t<div class=\"elementor-element elementor-element-de75bff elementor-widget elementor-widget-image\" data-id=\"de75bff\" data-element_type=\"widget\" data-widget_type=\"image.default\">\n\t\t\t\t<div class=\"elementor-widget-container\">\n\t\t\t\t\t\t\t\t\t\t\t\t\t\t\t<img decoding=\"async\" width=\"800\" height=\"800\" src=\"https:\/\/twstest.072design.site\/wp-content\/uploads\/2024\/09\/nikodem-1.jpg\" class=\"attachment-large size-large wp-image-2166\" alt=\"\" srcset=\"https:\/\/twstest.072design.site\/wp-content\/uploads\/2024\/09\/nikodem-1.jpg 1024w, https:\/\/twstest.072design.site\/wp-content\/uploads\/2024\/09\/nikodem-1-300x300.jpg 300w, https:\/\/twstest.072design.site\/wp-content\/uploads\/2024\/09\/nikodem-1-150x150.jpg 150w, https:\/\/twstest.072design.site\/wp-content\/uploads\/2024\/09\/nikodem-1-768x768.jpg 768w, https:\/\/twstest.072design.site\/wp-content\/uploads\/2024\/09\/nikodem-1-600x600.jpg 600w, https:\/\/twstest.072design.site\/wp-content\/uploads\/2024\/09\/nikodem-1-100x100.jpg 100w\" sizes=\"(max-width: 800px) 100vw, 800px\" \/>\t\t\t\t\t\t\t\t\t\t\t\t\t\t\t<\/div>\n\t\t\t\t<\/div>\n\t\t\t\t<div class=\"elementor-element elementor-element-af558d8 elementor-widget elementor-widget-image\" data-id=\"af558d8\" data-element_type=\"widget\" data-widget_type=\"image.default\">\n\t\t\t\t<div class=\"elementor-widget-container\">\n\t\t\t\t\t\t\t\t\t\t\t\t\t\t\t<img decoding=\"async\" width=\"800\" height=\"800\" src=\"https:\/\/twstest.072design.site\/wp-content\/uploads\/2024\/09\/tim1.jpg\" class=\"attachment-large size-large wp-image-2251\" alt=\"\" srcset=\"https:\/\/twstest.072design.site\/wp-content\/uploads\/2024\/09\/tim1.jpg 1024w, https:\/\/twstest.072design.site\/wp-content\/uploads\/2024\/09\/tim1-300x300.jpg 300w, https:\/\/twstest.072design.site\/wp-content\/uploads\/2024\/09\/tim1-150x150.jpg 150w, https:\/\/twstest.072design.site\/wp-content\/uploads\/2024\/09\/tim1-768x768.jpg 768w, https:\/\/twstest.072design.site\/wp-content\/uploads\/2024\/09\/tim1-600x600.jpg 600w, https:\/\/twstest.072design.site\/wp-content\/uploads\/2024\/09\/tim1-100x100.jpg 100w\" sizes=\"(max-width: 800px) 100vw, 800px\" \/>\t\t\t\t\t\t\t\t\t\t\t\t\t\t\t<\/div>\n\t\t\t\t<\/div>\n\t\t\t\t<div class=\"elementor-element elementor-element-4d34d08 elementor-widget elementor-widget-image\" data-id=\"4d34d08\" data-element_type=\"widget\" data-widget_type=\"image.default\">\n\t\t\t\t<div class=\"elementor-widget-container\">\n\t\t\t\t\t\t\t\t\t\t\t\t\t\t\t<img loading=\"lazy\" decoding=\"async\" width=\"800\" height=\"800\" src=\"https:\/\/twstest.072design.site\/wp-content\/uploads\/2024\/09\/clinic3.jpg\" class=\"attachment-large size-large wp-image-1824\" alt=\"\" srcset=\"https:\/\/twstest.072design.site\/wp-content\/uploads\/2024\/09\/clinic3.jpg 1024w, https:\/\/twstest.072design.site\/wp-content\/uploads\/2024\/09\/clinic3-300x300.jpg 300w, https:\/\/twstest.072design.site\/wp-content\/uploads\/2024\/09\/clinic3-150x150.jpg 150w, https:\/\/twstest.072design.site\/wp-content\/uploads\/2024\/09\/clinic3-768x768.jpg 768w, https:\/\/twstest.072design.site\/wp-content\/uploads\/2024\/09\/clinic3-600x600.jpg 600w, https:\/\/twstest.072design.site\/wp-content\/uploads\/2024\/09\/clinic3-100x100.jpg 100w\" sizes=\"(max-width: 800px) 100vw, 800px\" \/>\t\t\t\t\t\t\t\t\t\t\t\t\t\t\t<\/div>\n\t\t\t\t<\/div>\n\t\t\t\t<div class=\"elementor-element elementor-element-68210f4 elementor-widget elementor-widget-image\" data-id=\"68210f4\" data-element_type=\"widget\" data-widget_type=\"image.default\">\n\t\t\t\t<div class=\"elementor-widget-container\">\n\t\t\t\t\t\t\t\t\t\t\t\t\t\t\t<img loading=\"lazy\" decoding=\"async\" width=\"800\" height=\"800\" src=\"https:\/\/twstest.072design.site\/wp-content\/uploads\/2024\/09\/wave9.jpg\" class=\"attachment-large size-large wp-image-1252\" alt=\"\" srcset=\"https:\/\/twstest.072design.site\/wp-content\/uploads\/2024\/09\/wave9.jpg 1024w, https:\/\/twstest.072design.site\/wp-content\/uploads\/2024\/09\/wave9-300x300.jpg 300w, https:\/\/twstest.072design.site\/wp-content\/uploads\/2024\/09\/wave9-150x150.jpg 150w, https:\/\/twstest.072design.site\/wp-content\/uploads\/2024\/09\/wave9-768x768.jpg 768w, https:\/\/twstest.072design.site\/wp-content\/uploads\/2024\/09\/wave9-600x600.jpg 600w, https:\/\/twstest.072design.site\/wp-content\/uploads\/2024\/09\/wave9-100x100.jpg 100w\" sizes=\"(max-width: 800px) 100vw, 800px\" \/>\t\t\t\t\t\t\t\t\t\t\t\t\t\t\t<\/div>\n\t\t\t\t<\/div>\n\t\t\t\t\t<\/div>\n\t\t<\/div>\n\t\t\t\t<div class=\"elementor-column elementor-col-50 elementor-top-column elementor-element elementor-element-7a2e51d\" data-id=\"7a2e51d\" data-element_type=\"column\" data-settings=\"{&quot;background_background&quot;:&quot;classic&quot;}\">\n\t\t\t<div class=\"elementor-widget-wrap elementor-element-populated\">\n\t\t\t\t\t\t<div class=\"elementor-element elementor-element-09d7b30 elementor-widget elementor-widget-heading\" data-id=\"09d7b30\" data-element_type=\"widget\" data-widget_type=\"heading.default\">\n\t\t\t\t<div class=\"elementor-widget-container\">\n\t\t\t\t\t<h2 class=\"elementor-heading-title elementor-size-default\">Dla windsurfer\u00f3w, kt\u00f3rzy chc\u0105 dopracowa\u0107 swoje umiej\u0119tno\u015bci lub opanowa\u0107 zaawansowane manewry, Tenerife Windsurf Solution oferuje ekskluzywne sesje coachingowe VIP<\/h2>\t\t\t\t<\/div>\n\t\t\t\t<\/div>\n\t\t\t\t<div class=\"elementor-element elementor-element-fefe779 elementor-widget elementor-widget-heading\" data-id=\"fefe779\" data-element_type=\"widget\" data-widget_type=\"heading.default\">\n\t\t\t\t<div class=\"elementor-widget-container\">\n\t\t\t\t\t<h2 class=\"elementor-heading-title elementor-size-default\">z najlepszymi na \u015bwiecie profesjonalnymi windsurferami.<\/h2>\t\t\t\t<\/div>\n\t\t\t\t<\/div>\n\t\t\t\t<div class=\"elementor-element elementor-element-230533c elementor-widget elementor-widget-text-editor\" data-id=\"230533c\" data-element_type=\"widget\" data-widget_type=\"text-editor.default\">\n\t\t\t\t<div class=\"elementor-widget-container\">\n\t\t\t\t\t\t\t\t\t<p><span data-contrast=\"auto\"> <\/span><span data-contrast=\"auto\">Nasz program coachingowy VIP ma na celu zapewnienie spersonalizowanych instrukcji na wysokim poziomie, kt\u00f3re pomog\u0105 Ci osi\u0105gn\u0105\u0107 cele zwi\u0105zane z windsurfingiem, bez wzgl\u0119du na to, jak bardzo s\u0105 one zaawansowane.<\/span><span data-ccp-props=\"{}\"> <\/span><\/p>\n<p><span data-contrast=\"auto\">Coaching VIP z zawodnikami \u015bwiatowej klasy:<\/span><\/p>\n<ol>\n<li><strong>Dieter van der Eyken (Mistrz \u015awiata PWA Freestyle)<br \/><\/strong><span data-contrast=\"auto\">Dieter jest znany ze swojej precyzji i wszechstronno\u015bci zar\u00f3wno w dyscyplinach freestyle, jak i wave. Jego sesje treningowe koncentruj\u0105 si\u0119 na doskonaleniu zaawansowanych technik, w tym z\u0142o\u017conych ruch\u00f3w freestyle, jazdy na falach i poprawie og\u00f3lnej wydajno\u015bci w r\u00f3\u017cnych warunkach. <\/span><\/li>\n<li><span data-contrast=\"auto\"><strong>  Nikodem Merlak (zawodnik windsurfingu PWA)<\/strong> <br \/><\/span><span data-contrast=\"auto\">Nikodem ma wieloletnie do\u015bwiadczenie w rywalizacji na wysokim poziomie i jest szczeg\u00f3lnie utalentowany w prowadzeniu zaawansowanych windsurfer\u00f3w przez zawi\u0142o\u015bci jazdy na falach i skok\u00f3w. Niezale\u017cnie od tego, czy chcesz opanowa\u0107 aerials, front loopy czy push loopy, ekspercki coaching Nikodema wyniesie twoje umiej\u0119tno\u015bci na nowy poziom. <\/span><\/li>\n<li><span data-contrast=\"auto\"><strong>Tim van Dam (PWA Wave Rider)<br \/><\/strong><\/span><span data-contrast=\"auto\">Tim specjalizuje si\u0119 w je\u017adzie na falach i wydajnych technikach windsurfingowych. Jego sesje VIP s\u0105 dostosowane do potrzeb do\u015bwiadczonych rider\u00f3w, kt\u00f3rzy chc\u0105 poprawi\u0107 kontrol\u0119 nad jazd\u0105 na fali, zaawansowane manewry, takie jak back loopy i nie tylko. Trening Tima koncentruje si\u0119 na przekraczaniu twoich granic, zapewniaj\u0105c jednocze\u015bnie technik\u0119 i precyzj\u0119.  <\/span>  <\/li>\n<\/ol>\n<p><span data-contrast=\"auto\"><br \/><strong>Co otrzymasz dzi\u0119ki coachingowi VIP:<\/strong><\/span><span data-ccp-props=\"{}\"> <\/span><\/p>\n<ul>\n<li><span data-contrast=\"auto\"><strong>Dostosowane plany treningowe<\/strong>: Ka\u017cda sesja jest dostosowana do Twojego poziomu umiej\u0119tno\u015bci i osobistych cel\u00f3w, dzi\u0119ki czemu ka\u017cda minuta treningu jest skoncentrowana na pomaganiu Ci w osi\u0105ganiu post\u0119p\u00f3w.<\/span><\/li>\n<li><span data-contrast=\"auto\"><strong>Trening zaawansowanych manewr\u00f3w<\/strong>: Niezale\u017cnie od tego, czy chodzi o jazd\u0119 na falach, akrobacje powietrzne, triki freestyle, czy szybkie techniki slalomowe, otrzymasz fachowe instrukcje dotycz\u0105ce najbardziej zaawansowanych aspekt\u00f3w windsurfingu.<\/span><\/li>\n<li><span data-contrast=\"auto\"><strong>Analiza wideo:<\/strong> Sesje cz\u0119sto zawieraj\u0105 informacje zwrotne wideo, dzi\u0119ki czemu mo\u017cesz szczeg\u00f3\u0142owo przeanalizowa\u0107 swoj\u0105 form\u0119 i technik\u0119 oraz uzyska\u0107 przydatne informacje na temat tego, jak si\u0119 poprawi\u0107.<\/span><\/li>\n<li><span data-contrast=\"auto\"><strong>Coaching &#8222;jeden na jeden&#8221;<\/strong>: Ciesz si\u0119 spersonalizowan\u0105 uwag\u0105 profesjonalist\u00f3w, kt\u00f3rzy pomog\u0105 Ci udoskonali\u0107 ka\u017cdy aspekt Twojej wydajno\u015bci na wodzie.<\/span><span data-ccp-props=\"{}\"> <\/span><\/li>\n<\/ul>\n<p><strong><br \/>Zarezerwuj sesj\u0119 VIP:<\/strong><span data-ccp-props=\"{}\"> <\/span><\/p>\n<p><span data-contrast=\"auto\">Te sesje coachingowe VIP s\u0105 idealne dla zaawansowanych windsurfer\u00f3w, kt\u00f3rzy chc\u0105 przyspieszy\u0107 swoje post\u0119py dzi\u0119ki bezpo\u015brednim wskaz\u00f3wkom najlepszych profesjonalist\u00f3w. Po prostu skontaktuj si\u0119 z nami, aby zaplanowa\u0107 sesj\u0119 jeden na jeden z Dieterem, Nikodemem lub Timem i do\u015bwiadczy\u0107 \u015bwiatowej klasy coachingu dostosowanego do Twoich potrzeb. <\/span><\/p>\n<p><strong>Profesjonalne lekcje windsurfingu w Duotone Pro Center na Teneryfie<\/strong><span data-ccp-props=\"{}\"> <\/span><\/p>\n<p><span data-contrast=\"auto\">Dla os\u00f3b poszukuj\u0105cych grupowych lub prywatnych lekcji na poziomie eksperckim, <a href=\"https:\/\/www.dpc-tenerife.com\" target=\"_blank\" rel=\"noopener\"><strong>Duotone Pro Center Tenerife<\/strong><\/a>, partner TWS, s\u0142ynie z oferowania <strong>wysokiej klasy lekcji windsurfingu<\/strong> dostosowanych do zaawansowanych windsurfer\u00f3w. Dzi\u0119ki <strong>wieloj\u0119zycznym instruktorom<\/strong>, kt\u00f3rzy specjalizuj\u0105 si\u0119 w nauczaniu na najwy\u017cszym poziomie, lekcje te s\u0105 idealne dla je\u017ad\u017ac\u00f3w, kt\u00f3rzy chc\u0105 przekracza\u0107 swoje granice. <\/span><\/p>\n<p><strong>Co zawieraj\u0105 lekcje eksperckie Duotone Pro Center:<\/strong><\/p>\n<ol>\n<li><span data-contrast=\"auto\"><strong>Zaawansowane techniki<\/strong>: Niezale\u017cnie od tego, czy chcesz udoskonali\u0107 jazd\u0119 na fali, poprawi\u0107 swoje triki freestyle, czy rozwin\u0105\u0107 umiej\u0119tno\u015bci szybkiego slalomu, instruktorzy Duotone Pro Center pomog\u0105 Ci opanowa\u0107 zaawansowane manewry. Omawiane techniki obejmuj\u0105: <\/span><\/li>\n<\/ol>\n<ul>\n<li><span data-contrast=\"auto\"><strong>Front i Back Loopy<\/strong><\/span><\/li>\n<li><span data-contrast=\"auto\"><strong>Push Loopy i Table Topy<\/strong><\/span><\/li>\n<li><span data-contrast=\"auto\"><strong>Jazda na fali z zaawansowan\u0105 kontrol\u0105<\/strong><\/span><\/li>\n<li><span data-contrast=\"auto\"><strong>Ruchy freestyle, takie jak Spocki, Flaki i Air Funnele<\/strong><\/span><\/li>\n<li><span data-contrast=\"auto\"><strong>Szybko\u015b\u0107 i moc w skokach i turnach<\/strong><\/span><span data-ccp-props=\"{}\"> <\/span><\/li>\n<\/ul>\n<p><span data-ccp-props=\"{}\"> <\/span><\/p>\n<ol start=\"2\">\n<li><span data-contrast=\"auto\"><strong>Najwy\u017cszej klasy sprz\u0119t<\/strong>: B\u0119dziesz mie\u0107 dost\u0119p do najnowszego sprz\u0119tu od <strong>Duotone<\/strong> i <strong>Fanatic<\/strong>, zapewniaj\u0105c, \u017ce jeste\u015b wyposa\u017cony w najlepsze deski i \u017cagle do wyczynowego windsurfingu.<\/span><\/li>\n<\/ol>\n<ol start=\"3\">\n<li><span data-contrast=\"auto\"><strong>Wieloj\u0119zyczne instrukcje<\/strong>: Zesp\u00f3\u0142 pos\u0142uguje si\u0119 kilkoma j\u0119zykami, w tym angielskim, hiszpa\u0144skim, niemieckim i nie tylko, zapewniaj\u0105c jasn\u0105 komunikacj\u0119 i maksymalne wykorzystanie lekcji bez wzgl\u0119du na to, sk\u0105d pochodzisz.<\/span><\/li>\n<\/ol>\n<ol start=\"4\">\n<li><span data-contrast=\"auto\"><strong>Opinie wideo<\/strong>: Dla tych, kt\u00f3rzy chc\u0105 g\u0142\u0119bszego wgl\u0105du w swoje wyniki windsurfingowe, Duotone Pro Center oferuje r\u00f3wnie\u017c **analiz\u0119 wideo**, kt\u00f3ra pomo\u017ce Ci zwizualizowa\u0107 i poprawi\u0107 swoje techniki.<\/span><\/li>\n<\/ol>\n<ol start=\"5\">\n<li><span data-contrast=\"auto\"><strong>Elastyczne formaty lekcji<\/strong>: Wybierz **prywatne lekcje eksperckie** dla bardziej indywidualnej uwagi lub do\u0142\u0105cz do zaawansowanych sesji grupowych, aby rozwija\u0107 swoje umiej\u0119tno\u015bci wraz z innymi do\u015bwiadczonymi windsurferami.<\/span><\/li>\n<\/ol>\n<p><span data-contrast=\"auto\"><br \/><strong>Dlaczego warto wybra\u0107 Duotone Pro Center na lekcje eksperckie<\/strong>?<\/span><span data-ccp-props=\"{}\"> <\/span><\/p>\n<ul>\n<li><span data-contrast=\"auto\"><strong>Warunki \u015bwiatowej klasy<\/strong>: El M\u00e9dano oferuje idealne warunki wiatrowe i falowe do zaawansowanego windsurfingu, dzi\u0119ki czemu jest to idealne miejsce do przekraczania swoich granic.<\/span><\/li>\n<li><span data-contrast=\"auto\"><strong>Do\u015bwiadczeni instruktorzy<\/strong>: Instruktorzy w Duotone Pro Center maj\u0105 bogate do\u015bwiadczenie w nauczaniu zaawansowanych technik i pracowali z riderami na wszystkich poziomach, w tym z profesjonalistami.<\/span><\/li>\n<li><span data-contrast=\"auto\"><strong>Najnowocze\u015bniejszy sprz\u0119t<\/strong>: Korzystaj z najlepszych dost\u0119pnych desek i \u017cagli do windsurfingu na poziomie eksperckim.<\/span><span data-ccp-props=\"{}\"> <\/span><\/li>\n<\/ul>\n<p><span data-ccp-props=\"{}\"> <\/span><\/p>\n<p><span data-contrast=\"auto\"><strong>Zarezerwuj lekcje z ekspertem<\/strong>:<\/span><span data-ccp-props=\"{}\"> <\/span><\/p>\n<p><span data-contrast=\"auto\">Aby zarezerwowa\u0107 lekcje windsurfingu, odwied\u017a stron\u0119 <a href=\"https:\/\/www.dpc-tenerife.com\/book-now\" target=\"_blank\" rel=\"noopener\"><strong>Duotone Pro Center Teneryfa<\/strong><\/a> lub skontaktuj si\u0119 <a href=\"https:\/\/twstest.072design.site\/pl\/skontaktuj-sie-z-nami\/\">z nami<\/a>. Niezale\u017cnie od tego, czy wolisz skupi\u0107 si\u0119 na coachingu VIP z profesjonalistami, czy na wysokiej klasy lekcjach grupowych w Duotone, znajdziesz wszystko, czego potrzebujesz, aby przenie\u015b\u0107 swoje umiej\u0119tno\u015bci windsurfingowe na wy\u017cszy poziom. <\/span><\/p>\n<p><span data-contrast=\"auto\">Przekraczaj swoje granice, ucz si\u0119 od najlepszych i opanuj zaawansowane techniki windsurfingu dzi\u0119ki opcjom coachingu ekspert\u00f3w dost\u0119pnym w TWS i Duotone Pro Center na Teneryfie!<\/span><\/p>\n\t\t\t\t\t\t\t\t<\/div>\n\t\t\t\t<\/div>\n\t\t\t\t<div class=\"elementor-element elementor-element-3e96aca elementor-widget elementor-widget-text-editor\" data-id=\"3e96aca\" data-element_type=\"widget\" data-widget_type=\"text-editor.default\">\n\t\t\t\t<div class=\"elementor-widget-container\">\n\t\t\t\t\t\t\t\t\t<p><b><a href=\"#newsletter\">Zostaw sw\u00f3j adres e-mail<\/a>, aby otrzymywa\u0107 powiadomienia o nowych klinikach i lekcjach.<\/b><\/p>\n\t\t\t\t\t\t\t\t<\/div>\n\t\t\t\t<\/div>\n\t\t\t\t\t<\/div>\n\t\t<\/div>\n\t\t\t\t\t<\/div>\n\t\t<\/section>\n\t\t\t\t<section data-particle_enable=\"false\" data-particle-mobile-disabled=\"false\" class=\"elementor-section elementor-top-section elementor-element elementor-element-e8c0cde elementor-section-boxed elementor-section-height-default elementor-section-height-default\" data-id=\"e8c0cde\" data-element_type=\"section\" data-settings=\"{&quot;jet_parallax_layout_list&quot;:[]}\">\n\t\t\t\t\t\t<div class=\"elementor-container elementor-column-gap-default\">\n\t\t\t\t\t<div class=\"elementor-column elementor-col-100 elementor-top-column elementor-element elementor-element-19edef0\" data-id=\"19edef0\" data-element_type=\"column\">\n\t\t\t<div class=\"elementor-widget-wrap elementor-element-populated\">\n\t\t\t\t\t\t<div class=\"elementor-element elementor-element-9664054 elementor-widget elementor-widget-html\" data-id=\"9664054\" data-element_type=\"widget\" data-widget_type=\"html.default\">\n\t\t\t\t<div class=\"elementor-widget-container\">\n\t\t\t\t\t<script type=\"text\/javascript\" src=\"https:\/\/twswindsurf.vikingbookings.com\/en\/widget.js\"><\/script>\t\t\t\t<\/div>\n\t\t\t\t<\/div>\n\t\t\t\t\t<\/div>\n\t\t<\/div>\n\t\t\t\t\t<\/div>\n\t\t<\/section>\n\t\t\t\t<section data-particle_enable=\"false\" data-particle-mobile-disabled=\"false\" class=\"elementor-section elementor-top-section elementor-element elementor-element-2092f5d3 elementor-section-full_width elementor-section-height-min-height elementor-section-height-default elementor-section-items-middle\" data-id=\"2092f5d3\" data-element_type=\"section\" data-settings=\"{&quot;jet_parallax_layout_list&quot;:[],&quot;background_background&quot;:&quot;video&quot;,&quot;background_video_link&quot;:&quot;https:\\\/\\\/player.vimeo.com\\\/video\\\/410311947?muted=1&amp;autoplay=1&amp;loop=1&amp;background=1&amp;app_id=122963&quot;}\">\n\t\t\t\t\t\t\t\t<div class=\"elementor-background-video-container elementor-hidden-mobile\" aria-hidden=\"true\">\n\t\t\t\t\t\t\t\t\t\t\t\t\t<div class=\"elementor-background-video-embed\"><\/div>\n\t\t\t\t\t\t\t\t\t\t\t\t<\/div>\n\t\t\t\t\t\t\t\t<div class=\"elementor-container elementor-column-gap-no\">\n\t\t\t\t\t<div class=\"elementor-column elementor-col-100 elementor-top-column elementor-element elementor-element-10fc13\" data-id=\"10fc13\" data-element_type=\"column\">\n\t\t\t<div class=\"elementor-widget-wrap\">\n\t\t\t\t\t\t\t<\/div>\n\t\t<\/div>\n\t\t\t\t\t<\/div>\n\t\t<\/section>\n\t\t\t\t<\/div>\n\t\t","protected":false},"excerpt":{"rendered":"<p>Lekcje progresji, zaawansowane i eksperckie lekcje windsurfingu z coachingiem VIP w TWS Dla windsurfer\u00f3w, kt\u00f3rzy chc\u0105 dopracowa\u0107 swoje umiej\u0119tno\u015bci lub opanowa\u0107 zaawansowane manewry, Tenerife Windsurf Solution oferuje ekskluzywne sesje coachingowe VIP z najlepszymi na \u015bwiecie profesjonalnymi windsurferami. Nasz program coachingowy VIP ma na celu zapewnienie spersonalizowanych instrukcji na wysokim poziomie, kt\u00f3re pomog\u0105 Ci osi\u0105gn\u0105\u0107 cele [&hellip;]<\/p>\n","protected":false},"author":2,"featured_media":0,"parent":0,"menu_order":0,"comment_status":"closed","ping_status":"closed","template":"elementor_header_footer","meta":{"footnotes":""},"class_list":["post-11647","page","type-page","status-publish","hentry"],"_links":{"self":[{"href":"https:\/\/twstest.072design.site\/pl\/wp-json\/wp\/v2\/pages\/11647","targetHints":{"allow":["GET"]}}],"collection":[{"href":"https:\/\/twstest.072design.site\/pl\/wp-json\/wp\/v2\/pages"}],"about":[{"href":"https:\/\/twstest.072design.site\/pl\/wp-json\/wp\/v2\/types\/page"}],"author":[{"embeddable":true,"href":"https:\/\/twstest.072design.site\/pl\/wp-json\/wp\/v2\/users\/2"}],"replies":[{"embeddable":true,"href":"https:\/\/twstest.072design.site\/pl\/wp-json\/wp\/v2\/comments?post=11647"}],"version-history":[{"count":0,"href":"https:\/\/twstest.072design.site\/pl\/wp-json\/wp\/v2\/pages\/11647\/revisions"}],"wp:attachment":[{"href":"https:\/\/twstest.072design.site\/pl\/wp-json\/wp\/v2\/media?parent=11647"}],"curies":[{"name":"wp","href":"https:\/\/api.w.org\/{rel}","templated":true}]}}