{"id":11670,"date":"2024-09-27T05:38:02","date_gmt":"2024-09-27T04:38:02","guid":{"rendered":"https:\/\/twstest.072design.site\/wynajmij-samochod\/"},"modified":"2024-11-16T08:16:18","modified_gmt":"2024-11-16T07:16:18","slug":"wynajmij-samochod","status":"publish","type":"page","link":"https:\/\/twstest.072design.site\/pl\/wynajmij-samochod\/","title":{"rendered":"Wynajmij samoch\u00f3d"},"content":{"rendered":"\t\t<div data-elementor-type=\"wp-page\" data-elementor-id=\"11670\" class=\"elementor elementor-11670 elementor-1430\" data-elementor-post-type=\"page\">\n\t\t\t\t\t\t<section data-particle_enable=\"false\" data-particle-mobile-disabled=\"false\" class=\"elementor-section elementor-top-section elementor-element elementor-element-46b9c7f elementor-section-height-min-height elementor-section-boxed elementor-section-height-default elementor-section-items-middle\" data-id=\"46b9c7f\" data-element_type=\"section\" data-settings=\"{&quot;jet_parallax_layout_list&quot;:[],&quot;background_background&quot;:&quot;video&quot;,&quot;background_video_link&quot;:&quot;https:\\\/\\\/player.vimeo.com\\\/video\\\/&quot;}\">\n\t\t\t\t\t\t\t\t<div class=\"elementor-background-video-container elementor-hidden-mobile\" aria-hidden=\"true\">\n\t\t\t\t\t\t\t\t\t\t\t\t\t<video class=\"elementor-background-video-hosted\" autoplay muted playsinline loop><\/video>\n\t\t\t\t\t\t\t\t\t\t\t<\/div>\n\t\t\t\t\t\t\t\t\t<div class=\"elementor-background-overlay\"><\/div>\n\t\t\t\t\t\t\t<div class=\"elementor-container elementor-column-gap-no\">\n\t\t\t\t\t<div class=\"elementor-column elementor-col-100 elementor-top-column elementor-element elementor-element-3c235e4a\" data-id=\"3c235e4a\" data-element_type=\"column\">\n\t\t\t<div class=\"elementor-widget-wrap elementor-element-populated\">\n\t\t\t\t\t\t<div class=\"elementor-element elementor-element-3d2737a7 elementor-widget elementor-widget-heading\" data-id=\"3d2737a7\" data-element_type=\"widget\" data-widget_type=\"heading.default\">\n\t\t\t\t<div class=\"elementor-widget-container\">\n\t\t\t\t\t<h1 class=\"elementor-heading-title elementor-size-default\">WYNAJMIJ SAMOCH\u00d3D KT\u00d3RY CI ODPOWIADA<\/h1>\t\t\t\t<\/div>\n\t\t\t\t<\/div>\n\t\t\t\t\t<\/div>\n\t\t<\/div>\n\t\t\t\t\t<\/div>\n\t\t<\/section>\n\t\t\t\t<section data-particle_enable=\"false\" data-particle-mobile-disabled=\"false\" class=\"elementor-section elementor-top-section elementor-element elementor-element-2f4754ac elementor-section-boxed elementor-section-height-default elementor-section-height-default\" data-id=\"2f4754ac\" data-element_type=\"section\" data-settings=\"{&quot;jet_parallax_layout_list&quot;:[]}\">\n\t\t\t\t\t\t<div class=\"elementor-container elementor-column-gap-default\">\n\t\t\t\t\t<div class=\"elementor-column elementor-col-100 elementor-top-column elementor-element elementor-element-54bd8cab\" data-id=\"54bd8cab\" data-element_type=\"column\" data-settings=\"{&quot;background_background&quot;:&quot;classic&quot;}\">\n\t\t\t<div class=\"elementor-widget-wrap elementor-element-populated\">\n\t\t\t\t\t\t<div class=\"elementor-element elementor-element-5d27b4f6 elementor-widget elementor-widget-heading\" data-id=\"5d27b4f6\" data-element_type=\"widget\" data-widget_type=\"heading.default\">\n\t\t\t\t<div class=\"elementor-widget-container\">\n\t\t\t\t\t<h2 class=\"elementor-heading-title elementor-size-default\">R\u00f3\u017cnorodno\u015b\u0107 wybor\u00f3w<\/h2>\t\t\t\t<\/div>\n\t\t\t\t<\/div>\n\t\t\t\t<div class=\"elementor-element elementor-element-5775f42 elementor-widget elementor-widget-heading\" data-id=\"5775f42\" data-element_type=\"widget\" data-widget_type=\"heading.default\">\n\t\t\t\t<div class=\"elementor-widget-container\">\n\t\t\t\t\t<h2 class=\"elementor-heading-title elementor-size-default\">Zwiedzanie pi\u0119knej Teneryfy samochodem to fantastyczny spos\u00f3b na zobaczenie wszystkiego.<\/h2>\t\t\t\t<\/div>\n\t\t\t\t<\/div>\n\t\t\t\t<div class=\"elementor-element elementor-element-40239d36 elementor-widget elementor-widget-text-editor\" data-id=\"40239d36\" data-element_type=\"widget\" data-widget_type=\"text-editor.default\">\n\t\t\t\t<div class=\"elementor-widget-container\">\n\t\t\t\t\t\t\t\t\t<p>Wynajem samochodu na lotnisku Tenerife South jest wygodne, lecz je\u015bli wolisz poczeka\u0107, a\u017c dotrzesz do El M\u00e9dano, jest te\u017c wiele \u015bwietnych lokalnych opcji.<\/p>\n<p>Zar\u00f3wno lotnisko, jak i El M\u00e9dano oferuj\u0105 szerok\u0105 gam\u0119 opcji wynajmu, dostosowanych do r\u00f3\u017cnych bud\u017cet\u00f3w i potrzeb podr\u00f3\u017cnych. Ponadto, niekt\u00f3re lokalne wypo\u017cyczalnie obs\u0142uguj\u0105 entuzjast\u00f3w windsurfingu, oferuj\u0105c pojazdy z miejscem na sprz\u0119t i baga\u017cnikami dachowymi! <\/p>\t\t\t\t\t\t\t\t<\/div>\n\t\t\t\t<\/div>\n\t\t\t\t\t<\/div>\n\t\t<\/div>\n\t\t\t\t\t<\/div>\n\t\t<\/section>\n\t\t\t\t<section data-particle_enable=\"false\" data-particle-mobile-disabled=\"false\" class=\"elementor-section elementor-top-section elementor-element elementor-element-3e78bca elementor-section-boxed elementor-section-height-default elementor-section-height-default\" data-id=\"3e78bca\" data-element_type=\"section\" data-settings=\"{&quot;jet_parallax_layout_list&quot;:[]}\">\n\t\t\t\t\t\t<div class=\"elementor-container elementor-column-gap-default\">\n\t\t\t\t\t<div class=\"elementor-column elementor-col-50 elementor-top-column elementor-element elementor-element-e872af1\" data-id=\"e872af1\" data-element_type=\"column\" data-settings=\"{&quot;background_background&quot;:&quot;classic&quot;}\">\n\t\t\t<div class=\"elementor-widget-wrap elementor-element-populated\">\n\t\t\t\t\t\t<div class=\"elementor-element elementor-element-2d0e2df elementor-widget elementor-widget-image\" data-id=\"2d0e2df\" data-element_type=\"widget\" data-widget_type=\"image.default\">\n\t\t\t\t<div class=\"elementor-widget-container\">\n\t\t\t\t\t\t\t\t\t\t\t\t\t\t\t<img fetchpriority=\"high\" decoding=\"async\" width=\"800\" height=\"800\" src=\"https:\/\/twstest.072design.site\/wp-content\/uploads\/2024\/09\/car-rental.jpg\" class=\"attachment-large size-large wp-image-3253\" alt=\"\" srcset=\"https:\/\/twstest.072design.site\/wp-content\/uploads\/2024\/09\/car-rental.jpg 1024w, https:\/\/twstest.072design.site\/wp-content\/uploads\/2024\/09\/car-rental-300x300.jpg 300w, https:\/\/twstest.072design.site\/wp-content\/uploads\/2024\/09\/car-rental-150x150.jpg 150w, https:\/\/twstest.072design.site\/wp-content\/uploads\/2024\/09\/car-rental-768x768.jpg 768w, https:\/\/twstest.072design.site\/wp-content\/uploads\/2024\/09\/car-rental-600x600.jpg 600w, https:\/\/twstest.072design.site\/wp-content\/uploads\/2024\/09\/car-rental-100x100.jpg 100w\" sizes=\"(max-width: 800px) 100vw, 800px\" \/>\t\t\t\t\t\t\t\t\t\t\t\t\t\t\t<\/div>\n\t\t\t\t<\/div>\n\t\t\t\t\t<\/div>\n\t\t<\/div>\n\t\t\t\t<div class=\"elementor-column elementor-col-50 elementor-top-column elementor-element elementor-element-e1099e4\" data-id=\"e1099e4\" data-element_type=\"column\" data-settings=\"{&quot;background_background&quot;:&quot;classic&quot;}\">\n\t\t\t<div class=\"elementor-widget-wrap elementor-element-populated\">\n\t\t\t\t\t\t<div class=\"elementor-element elementor-element-cb16311 elementor-widget elementor-widget-heading\" data-id=\"cb16311\" data-element_type=\"widget\" data-widget_type=\"heading.default\">\n\t\t\t\t<div class=\"elementor-widget-container\">\n\t\t\t\t\t<h2 class=\"elementor-heading-title elementor-size-default\">Opcje wynajmu samochod\u00f3w na lotnisku Teneryfa Po\u0142udniowa<\/h2>\t\t\t\t<\/div>\n\t\t\t\t<\/div>\n\t\t\t\t<div class=\"elementor-element elementor-element-f3822c7 elementor-widget elementor-widget-text-editor\" data-id=\"f3822c7\" data-element_type=\"widget\" data-widget_type=\"text-editor.default\">\n\t\t\t\t<div class=\"elementor-widget-container\">\n\t\t\t\t\t\t\t\t\t<ul>\n<li><strong>G\u0142\u00f3wne wypo\u017cyczalnie<\/strong>:Z lotniska dzia\u0142aj\u0105 znane mi\u0119dzynarodowe wypo\u017cyczalnie samochod\u00f3w, takie jak Hertz, Avis, Europcar, Sixt i Budget. Oferuj\u0105 one szerok\u0105 gam\u0119 pojazd\u00f3w, od modeli ekonomicznych po wi\u0119ksze samochody rodzinne, SUV-y, a nawet luksusowe opcje. Wiele z nich umo\u017cliwia wst\u0119pn\u0105 rezerwacj\u0119 online, dzi\u0119ki czemu odbi\u00f3r jest szybki i bezproblemowy.  <\/li>\n<li><strong>Lokalne agencje<\/strong>: Firmy takie jak Cicar i Autoreisen s\u0105 popularne ze wzgl\u0119du na konkurencyjne ceny i proste warunki wynajmu. Cz\u0119sto obejmuj\u0105 one elastyczny przebieg, bezp\u0142atnych dodatkowych kierowc\u00f3w i brak ukrytych op\u0142at. <\/li>\n<li><strong>Rezerwacja z wyprzedzeniem<\/strong>: Dobrym pomys\u0142em jest zarezerwowanie samochodu z wyprzedzeniem, szczeg\u00f3lnie w sezonie letnim i zimowym. Wiele agencji oferuje zni\u017cki za wczesne rezerwacje przy rezerwacji online. <\/li>\n<\/ul>\n\t\t\t\t\t\t\t\t<\/div>\n\t\t\t\t<\/div>\n\t\t\t\t<div class=\"elementor-element elementor-element-ca66904 elementor-widget elementor-widget-heading\" data-id=\"ca66904\" data-element_type=\"widget\" data-widget_type=\"heading.default\">\n\t\t\t\t<div class=\"elementor-widget-container\">\n\t\t\t\t\t<h2 class=\"elementor-heading-title elementor-size-default\">Opcje wynajmu samochod\u00f3w w El M\u00e9dano<\/h2>\t\t\t\t<\/div>\n\t\t\t\t<\/div>\n\t\t\t\t<div class=\"elementor-element elementor-element-a8b1902 elementor-widget elementor-widget-text-editor\" data-id=\"a8b1902\" data-element_type=\"widget\" data-widget_type=\"text-editor.default\">\n\t\t\t\t<div class=\"elementor-widget-container\">\n\t\t\t\t\t\t\t\t\t<ul>\n<li><strong>Lokalne agencje wynajmu: <\/strong>Firmy takie jak Renten.es, Cicar i PlusCar oferuj\u0105 elastyczne opcje wynajmu samochod\u00f3w zar\u00f3wno na kr\u00f3tki, jak i d\u0142ugoterminowy wynajem. Znane z przyjaznej dla klienta obs\u0142ugi, cz\u0119sto maj\u0105 prostsze formalno\u015bci i nie wymagaj\u0105 depozytu, w przeciwie\u0144stwie do wi\u0119kszych firm. Renten.es jest popularnym wyborem w\u015br\u00f3d windsurfer\u00f3w.  <\/li>\n<li><strong>Niezale\u017cne us\u0142ugi<\/strong>: Mniejsze wypo\u017cyczalnie samochod\u00f3w w El M\u00e9dano zapewniaj\u0105 \u015bwietne oferty i spersonalizowan\u0105 obs\u0142ug\u0119. Wiele z nich obs\u0142uguje specjalnie entuzjast\u00f3w windsurfingu, oferuj\u0105c samochody z dodatkow\u0105 przestrzeni\u0105 na sprz\u0119t i baga\u017cnikami dachowymi. Niekt\u00f3re z nich dostarczaj\u0105 nawet samochody bezpo\u015brednio do miejsca zakwaterowania, co zapewnia dodatkow\u0105 wygod\u0119.  <\/li>\n<\/ul>\n\t\t\t\t\t\t\t\t<\/div>\n\t\t\t\t<\/div>\n\t\t\t\t\t<\/div>\n\t\t<\/div>\n\t\t\t\t\t<\/div>\n\t\t<\/section>\n\t\t\t\t<section data-particle_enable=\"false\" data-particle-mobile-disabled=\"false\" class=\"elementor-section elementor-top-section elementor-element elementor-element-1b3c963 elementor-section-boxed elementor-section-height-default elementor-section-height-default\" data-id=\"1b3c963\" data-element_type=\"section\" data-settings=\"{&quot;jet_parallax_layout_list&quot;:[]}\">\n\t\t\t\t\t\t<div class=\"elementor-container elementor-column-gap-default\">\n\t\t\t\t\t<div class=\"elementor-column elementor-col-50 elementor-top-column elementor-element elementor-element-ddcda72\" data-id=\"ddcda72\" data-element_type=\"column\" data-settings=\"{&quot;background_background&quot;:&quot;classic&quot;}\">\n\t\t\t<div class=\"elementor-widget-wrap elementor-element-populated\">\n\t\t\t\t\t\t<div class=\"elementor-element elementor-element-d7f0ce4 elementor-widget elementor-widget-image\" data-id=\"d7f0ce4\" data-element_type=\"widget\" data-widget_type=\"image.default\">\n\t\t\t\t<div class=\"elementor-widget-container\">\n\t\t\t\t\t\t\t\t\t\t\t\t\t\t\t<img decoding=\"async\" width=\"800\" height=\"800\" src=\"https:\/\/twstest.072design.site\/wp-content\/uploads\/2024\/09\/car2.jpg\" class=\"attachment-large size-large wp-image-3271\" alt=\"\" srcset=\"https:\/\/twstest.072design.site\/wp-content\/uploads\/2024\/09\/car2.jpg 1024w, https:\/\/twstest.072design.site\/wp-content\/uploads\/2024\/09\/car2-300x300.jpg 300w, https:\/\/twstest.072design.site\/wp-content\/uploads\/2024\/09\/car2-150x150.jpg 150w, https:\/\/twstest.072design.site\/wp-content\/uploads\/2024\/09\/car2-768x768.jpg 768w, https:\/\/twstest.072design.site\/wp-content\/uploads\/2024\/09\/car2-600x600.jpg 600w, https:\/\/twstest.072design.site\/wp-content\/uploads\/2024\/09\/car2-100x100.jpg 100w\" sizes=\"(max-width: 800px) 100vw, 800px\" \/>\t\t\t\t\t\t\t\t\t\t\t\t\t\t\t<\/div>\n\t\t\t\t<\/div>\n\t\t\t\t\t<\/div>\n\t\t<\/div>\n\t\t\t\t<div class=\"elementor-column elementor-col-50 elementor-top-column elementor-element elementor-element-5f8fb77\" data-id=\"5f8fb77\" data-element_type=\"column\" data-settings=\"{&quot;background_background&quot;:&quot;classic&quot;}\">\n\t\t\t<div class=\"elementor-widget-wrap elementor-element-populated\">\n\t\t\t\t\t\t<div class=\"elementor-element elementor-element-de8be35 elementor-widget elementor-widget-heading\" data-id=\"de8be35\" data-element_type=\"widget\" data-widget_type=\"heading.default\">\n\t\t\t\t<div class=\"elementor-widget-container\">\n\t\t\t\t\t<h2 class=\"elementor-heading-title elementor-size-default\">Elastyczno\u015b\u0107<\/h2>\t\t\t\t<\/div>\n\t\t\t\t<\/div>\n\t\t\t\t<div class=\"elementor-element elementor-element-3bbd605 elementor-widget elementor-widget-text-editor\" data-id=\"3bbd605\" data-element_type=\"widget\" data-widget_type=\"text-editor.default\">\n\t\t\t\t<div class=\"elementor-widget-container\">\n\t\t\t\t\t\t\t\t\t<p>Wynajem samochodu w El M\u00e9dano jest idealne, je\u015bli nie potrzebujesz go natychmiast po przylocie. Pozwala to na elastyczny wynajem z dnia na dzie\u0144, zw\u0142aszcza je\u015bli koncentrujesz si\u0119 na windsurfingu i potrzebujesz pojazdu tylko do okazjonalnego zwiedzania wyspy. <\/p>\n\t\t\t\t\t\t\t\t<\/div>\n\t\t\t\t<\/div>\n\t\t\t\t<div class=\"elementor-element elementor-element-2f02fd2 elementor-widget elementor-widget-heading\" data-id=\"2f02fd2\" data-element_type=\"widget\" data-widget_type=\"heading.default\">\n\t\t\t\t<div class=\"elementor-widget-container\">\n\t\t\t\t\t<h2 class=\"elementor-heading-title elementor-size-default\">Odkrywaj Teneryf\u0119 we w\u0142asnym tempie<\/h2>\t\t\t\t<\/div>\n\t\t\t\t<\/div>\n\t\t\t\t<div class=\"elementor-element elementor-element-699f663 elementor-widget elementor-widget-text-editor\" data-id=\"699f663\" data-element_type=\"widget\" data-widget_type=\"text-editor.default\">\n\t\t\t\t<div class=\"elementor-widget-container\">\n\t\t\t\t\t\t\t\t\t<p>Wynajem samochodu daje Ci swobod\u0119 odkrywania Teneryfy, od zapieraj\u0105cego dech w piersiach Parku Narodowego Teide po ukryte pla\u017ce i urocze wioski. Ceny wynajmu samochod\u00f3w na Teneryfie s\u0105 og\u00f3lnie przyst\u0119pne w por\u00f3wnaniu do innych europejskich miejsc docelowych, z wieloma opcjami dopasowanymi do ka\u017cdego bud\u017cetu. <\/p>\n\t\t\t\t\t\t\t\t<\/div>\n\t\t\t\t<\/div>\n\t\t\t\t<div class=\"elementor-element elementor-element-a3ecd8e elementor-align-left elementor-widget elementor-widget-button\" data-id=\"a3ecd8e\" data-element_type=\"widget\" data-widget_type=\"button.default\">\n\t\t\t\t<div class=\"elementor-widget-container\">\n\t\t\t\t\t\t\t\t\t<div class=\"elementor-button-wrapper\">\n\t\t\t\t\t<a class=\"elementor-button elementor-button-link elementor-size-sm\" href=\"https:\/\/twstest.072design.site\/pl\/wszystko-co-musisz-wiedziec\/\">\n\t\t\t\t\t\t<span class=\"elementor-button-content-wrapper\">\n\t\t\t\t\t\t\t\t\t<span class=\"elementor-button-text\">Wszystko, co musisz wiedzie\u0107<\/span>\n\t\t\t\t\t<\/span>\n\t\t\t\t\t<\/a>\n\t\t\t\t<\/div>\n\t\t\t\t\t\t\t\t<\/div>\n\t\t\t\t<\/div>\n\t\t\t\t\t<\/div>\n\t\t<\/div>\n\t\t\t\t\t<\/div>\n\t\t<\/section>\n\t\t\t\t<section data-particle_enable=\"false\" data-particle-mobile-disabled=\"false\" class=\"elementor-section elementor-top-section elementor-element elementor-element-fc2dfab elementor-section-boxed elementor-section-height-default elementor-section-height-default\" data-id=\"fc2dfab\" data-element_type=\"section\" data-settings=\"{&quot;jet_parallax_layout_list&quot;:[]}\">\n\t\t\t\t\t\t<div class=\"elementor-container elementor-column-gap-default\">\n\t\t\t\t\t<div class=\"elementor-column elementor-col-100 elementor-top-column elementor-element elementor-element-b297556\" data-id=\"b297556\" data-element_type=\"column\">\n\t\t\t<div class=\"elementor-widget-wrap\">\n\t\t\t\t\t\t\t<\/div>\n\t\t<\/div>\n\t\t\t\t\t<\/div>\n\t\t<\/section>\n\t\t\t\t<\/div>\n\t\t","protected":false},"excerpt":{"rendered":"<p>WYNAJMIJ SAMOCH\u00d3D KT\u00d3RY CI ODPOWIADA R\u00f3\u017cnorodno\u015b\u0107 wybor\u00f3w Zwiedzanie pi\u0119knej Teneryfy samochodem to fantastyczny spos\u00f3b na zobaczenie wszystkiego. Wynajem samochodu na lotnisku Tenerife South jest wygodne, lecz je\u015bli wolisz poczeka\u0107, a\u017c dotrzesz do El M\u00e9dano, jest te\u017c wiele \u015bwietnych lokalnych opcji. Zar\u00f3wno lotnisko, jak i El M\u00e9dano oferuj\u0105 szerok\u0105 gam\u0119 opcji wynajmu, dostosowanych do r\u00f3\u017cnych bud\u017cet\u00f3w [&hellip;]<\/p>\n","protected":false},"author":1,"featured_media":0,"parent":0,"menu_order":0,"comment_status":"closed","ping_status":"closed","template":"","meta":{"footnotes":""},"class_list":["post-11670","page","type-page","status-publish","hentry"],"_links":{"self":[{"href":"https:\/\/twstest.072design.site\/pl\/wp-json\/wp\/v2\/pages\/11670","targetHints":{"allow":["GET"]}}],"collection":[{"href":"https:\/\/twstest.072design.site\/pl\/wp-json\/wp\/v2\/pages"}],"about":[{"href":"https:\/\/twstest.072design.site\/pl\/wp-json\/wp\/v2\/types\/page"}],"author":[{"embeddable":true,"href":"https:\/\/twstest.072design.site\/pl\/wp-json\/wp\/v2\/users\/1"}],"replies":[{"embeddable":true,"href":"https:\/\/twstest.072design.site\/pl\/wp-json\/wp\/v2\/comments?post=11670"}],"version-history":[{"count":0,"href":"https:\/\/twstest.072design.site\/pl\/wp-json\/wp\/v2\/pages\/11670\/revisions"}],"wp:attachment":[{"href":"https:\/\/twstest.072design.site\/pl\/wp-json\/wp\/v2\/media?parent=11670"}],"curies":[{"name":"wp","href":"https:\/\/api.w.org\/{rel}","templated":true}]}}