{"id":11678,"date":"2024-09-11T18:15:39","date_gmt":"2024-09-11T17:15:39","guid":{"rendered":"https:\/\/twstest.072design.site\/przechowywanie\/"},"modified":"2024-12-04T14:05:10","modified_gmt":"2024-12-04T13:05:10","slug":"przechowywanie","status":"publish","type":"page","link":"https:\/\/twstest.072design.site\/pl\/przechowywanie\/","title":{"rendered":"Przechowywanie"},"content":{"rendered":"\t\t<div data-elementor-type=\"wp-page\" data-elementor-id=\"11678\" class=\"elementor elementor-11678 elementor-149\" data-elementor-post-type=\"page\">\n\t\t\t\t\t\t<section data-particle_enable=\"false\" data-particle-mobile-disabled=\"false\" class=\"elementor-section elementor-top-section elementor-element elementor-element-71fb3223 elementor-section-height-min-height elementor-section-boxed elementor-section-height-default elementor-section-items-middle\" data-id=\"71fb3223\" data-element_type=\"section\" data-settings=\"{&quot;jet_parallax_layout_list&quot;:[],&quot;background_background&quot;:&quot;video&quot;,&quot;background_video_link&quot;:&quot;https:\\\/\\\/player.vimeo.com\\\/video\\\/1013465216&quot;}\">\n\t\t\t\t\t\t\t\t<div class=\"elementor-background-video-container elementor-hidden-mobile\" aria-hidden=\"true\">\n\t\t\t\t\t\t\t\t\t\t\t\t\t<div class=\"elementor-background-video-embed\"><\/div>\n\t\t\t\t\t\t\t\t\t\t\t\t<\/div>\n\t\t\t\t\t\t\t\t\t<div class=\"elementor-background-overlay\"><\/div>\n\t\t\t\t\t\t\t<div class=\"elementor-container elementor-column-gap-no\">\n\t\t\t\t\t<div class=\"elementor-column elementor-col-100 elementor-top-column elementor-element elementor-element-762ee6b4\" data-id=\"762ee6b4\" data-element_type=\"column\">\n\t\t\t<div class=\"elementor-widget-wrap elementor-element-populated\">\n\t\t\t\t\t\t<div class=\"elementor-element elementor-element-57881fb6 elementor-widget elementor-widget-heading\" data-id=\"57881fb6\" data-element_type=\"widget\" data-widget_type=\"heading.default\">\n\t\t\t\t<div class=\"elementor-widget-container\">\n\t\t\t\t\t<h1 class=\"elementor-heading-title elementor-size-default\">PRZECHOWUJ SW\u00d3J SPRZ\u0118T W TWS<\/h1>\t\t\t\t<\/div>\n\t\t\t\t<\/div>\n\t\t\t\t\t<\/div>\n\t\t<\/div>\n\t\t\t\t\t<\/div>\n\t\t<\/section>\n\t\t\t\t<section data-particle_enable=\"false\" data-particle-mobile-disabled=\"false\" class=\"elementor-section elementor-top-section elementor-element elementor-element-2615d611 elementor-section-boxed elementor-section-height-default elementor-section-height-default\" data-id=\"2615d611\" data-element_type=\"section\" data-settings=\"{&quot;jet_parallax_layout_list&quot;:[]}\">\n\t\t\t\t\t\t<div class=\"elementor-container elementor-column-gap-default\">\n\t\t\t\t\t<div class=\"elementor-column elementor-col-50 elementor-top-column elementor-element elementor-element-50c01032\" data-id=\"50c01032\" data-element_type=\"column\" data-settings=\"{&quot;background_background&quot;:&quot;classic&quot;}\">\n\t\t\t<div class=\"elementor-widget-wrap elementor-element-populated\">\n\t\t\t\t\t\t<div class=\"elementor-element elementor-element-6ddf2051 elementor-widget elementor-widget-heading\" data-id=\"6ddf2051\" data-element_type=\"widget\" data-widget_type=\"heading.default\">\n\t\t\t\t<div class=\"elementor-widget-container\">\n\t\t\t\t\t<h2 class=\"elementor-heading-title elementor-size-default\">WYJ\u0104TKOWE CENTRUM WINDSURFINGU<\/h2>\t\t\t\t<\/div>\n\t\t\t\t<\/div>\n\t\t\t\t<div class=\"elementor-element elementor-element-4348a462 elementor-widget elementor-widget-heading\" data-id=\"4348a462\" data-element_type=\"widget\" data-widget_type=\"heading.default\">\n\t\t\t\t<div class=\"elementor-widget-container\">\n\t\t\t\t\t<h2 class=\"elementor-heading-title elementor-size-default\">Z 10-LETNI\u0104 GWARANCJ\u0104 U\u015aMIECHU<\/h2>\t\t\t\t<\/div>\n\t\t\t\t<\/div>\n\t\t\t\t<div class=\"elementor-element elementor-element-5566efea elementor-widget elementor-widget-text-editor\" data-id=\"5566efea\" data-element_type=\"widget\" data-widget_type=\"text-editor.default\">\n\t\t\t\t<div class=\"elementor-widget-container\">\n\t\t\t\t\t\t\t\t\t<p>W TWS mo\u017cesz wypo\u017cyczy\u0107 najwy\u017cszej jako\u015bci sprz\u0119t windsurfingowy przez 365 dni w roku, z ponad 100 deskami i 120 \u017caglami najpopularniejszych marek. Potrzebujesz zmiany? Mo\u017cesz zmieni\u0107 sprz\u0119t w zaledwie minut\u0119!<\/p>\n<p>Ale je\u015bli wolisz przywie\u017a\u0107 w\u0142asny sprz\u0119t, nie ma problemu!<br \/>\nOferujemy bezpieczne opcje przechowywania zar\u00f3wno do u\u017cytku kr\u00f3tko-, jak i d\u0142ugoterminowego. <\/p>\n<ul>\n<li>Trzy zabezpieczone i profesjonalne magazyny.<\/li>\n<li>Dost\u0119pnych jest ponad 150 schowk\u00f3w.<\/li>\n<li>Ka\u017cdy schowek ma miejsce na jedn\u0105 lub dwie deski, \u017cagle i bomy, a tak\u017ce r\u00f3\u017cnego rodzaju sprz\u0119t kite lub wingfoil.<\/li>\n<li>Uzyskaj dost\u0119p do swojej szafki 24\/7 za pomoc\u0105 osobistego breloka.<\/li>\n<\/ul>\n<p>Je\u015bli szukasz miejsca do przechowywania swojego sprz\u0119tu, po prostu wype\u0142nij poni\u017cszy formularz, a my skontaktujemy si\u0119 z Tob\u0105<\/p>\n\t\t\t\t\t\t\t\t<\/div>\n\t\t\t\t<\/div>\n\t\t\t\t<div class=\"elementor-element elementor-element-39b7fc3 elementor-align-left elementor-widget__width-initial elementor-widget elementor-widget-button\" data-id=\"39b7fc3\" data-element_type=\"widget\" data-widget_type=\"button.default\">\n\t\t\t\t<div class=\"elementor-widget-container\">\n\t\t\t\t\t\t\t\t\t<div class=\"elementor-button-wrapper\">\n\t\t\t\t\t<a class=\"elementor-button elementor-button-link elementor-size-sm\" href=\"mailto:storage@twstest.072design.site\">\n\t\t\t\t\t\t<span class=\"elementor-button-content-wrapper\">\n\t\t\t\t\t\t\t\t\t<span class=\"elementor-button-text\">Sprawd\u017a dost\u0119pno\u015b\u0107<\/span>\n\t\t\t\t\t<\/span>\n\t\t\t\t\t<\/a>\n\t\t\t\t<\/div>\n\t\t\t\t\t\t\t\t<\/div>\n\t\t\t\t<\/div>\n\t\t\t\t\t<\/div>\n\t\t<\/div>\n\t\t\t\t<div class=\"elementor-column elementor-col-50 elementor-top-column elementor-element elementor-element-e73817a\" data-id=\"e73817a\" data-element_type=\"column\" data-settings=\"{&quot;background_background&quot;:&quot;classic&quot;}\">\n\t\t\t<div class=\"elementor-widget-wrap elementor-element-populated\">\n\t\t\t\t\t\t<div class=\"elementor-element elementor-element-1dda6b6 elementor-widget elementor-widget-image\" data-id=\"1dda6b6\" data-element_type=\"widget\" data-widget_type=\"image.default\">\n\t\t\t\t<div class=\"elementor-widget-container\">\n\t\t\t\t\t\t\t\t\t\t\t\t\t\t\t<img fetchpriority=\"high\" decoding=\"async\" width=\"600\" height=\"600\" src=\"https:\/\/twstest.072design.site\/wp-content\/uploads\/2024\/09\/storage4.jpg\" class=\"attachment-large size-large wp-image-1762\" alt=\"\" srcset=\"https:\/\/twstest.072design.site\/wp-content\/uploads\/2024\/09\/storage4.jpg 600w, https:\/\/twstest.072design.site\/wp-content\/uploads\/2024\/09\/storage4-300x300.jpg 300w, https:\/\/twstest.072design.site\/wp-content\/uploads\/2024\/09\/storage4-150x150.jpg 150w, https:\/\/twstest.072design.site\/wp-content\/uploads\/2024\/09\/storage4-100x100.jpg 100w\" sizes=\"(max-width: 600px) 100vw, 600px\" \/>\t\t\t\t\t\t\t\t\t\t\t\t\t\t\t<\/div>\n\t\t\t\t<\/div>\n\t\t\t\t\t<\/div>\n\t\t<\/div>\n\t\t\t\t\t<\/div>\n\t\t<\/section>\n\t\t\t\t<section data-particle_enable=\"false\" data-particle-mobile-disabled=\"false\" class=\"elementor-section elementor-top-section elementor-element elementor-element-1595bfb4 elementor-section-boxed elementor-section-height-default elementor-section-height-default\" data-id=\"1595bfb4\" data-element_type=\"section\" data-settings=\"{&quot;jet_parallax_layout_list&quot;:[]}\">\n\t\t\t\t\t\t<div class=\"elementor-container elementor-column-gap-default\">\n\t\t\t\t\t<div class=\"elementor-column elementor-col-100 elementor-top-column elementor-element elementor-element-24888353\" data-id=\"24888353\" data-element_type=\"column\">\n\t\t\t<div class=\"elementor-widget-wrap elementor-element-populated\">\n\t\t\t\t\t\t<div class=\"elementor-element elementor-element-bbc23a2 elementor-widget elementor-widget-html\" data-id=\"bbc23a2\" data-element_type=\"widget\" data-widget_type=\"html.default\">\n\t\t\t\t<div class=\"elementor-widget-container\">\n\t\t\t\t\t<script type=\"text\/javascript\" src=\"https:\/\/twswindsurf.vikingbookings.com\/en\/widget.js\"><\/script>\t\t\t\t<\/div>\n\t\t\t\t<\/div>\n\t\t\t\t\t<\/div>\n\t\t<\/div>\n\t\t\t\t\t<\/div>\n\t\t<\/section>\n\t\t\t\t<section data-particle_enable=\"false\" data-particle-mobile-disabled=\"false\" class=\"elementor-section elementor-top-section elementor-element elementor-element-72bb387d elementor-section-boxed elementor-section-height-default elementor-section-height-default\" data-id=\"72bb387d\" data-element_type=\"section\" data-settings=\"{&quot;jet_parallax_layout_list&quot;:[]}\">\n\t\t\t\t\t\t<div class=\"elementor-container elementor-column-gap-default\">\n\t\t\t\t\t<div class=\"elementor-column elementor-col-100 elementor-top-column elementor-element elementor-element-47aa3299\" data-id=\"47aa3299\" data-element_type=\"column\">\n\t\t\t<div class=\"elementor-widget-wrap\">\n\t\t\t\t\t\t\t<\/div>\n\t\t<\/div>\n\t\t\t\t\t<\/div>\n\t\t<\/section>\n\t\t\t\t<\/div>\n\t\t","protected":false},"excerpt":{"rendered":"<p>PRZECHOWUJ SW\u00d3J SPRZ\u0118T W TWS WYJ\u0104TKOWE CENTRUM WINDSURFINGU Z 10-LETNI\u0104 GWARANCJ\u0104 U\u015aMIECHU W TWS mo\u017cesz wypo\u017cyczy\u0107 najwy\u017cszej jako\u015bci sprz\u0119t windsurfingowy przez 365 dni w roku, z ponad 100 deskami i 120 \u017caglami najpopularniejszych marek. Potrzebujesz zmiany? Mo\u017cesz zmieni\u0107 sprz\u0119t w zaledwie minut\u0119! Ale je\u015bli wolisz przywie\u017a\u0107 w\u0142asny sprz\u0119t, nie ma problemu! Oferujemy bezpieczne opcje przechowywania [&hellip;]<\/p>\n","protected":false},"author":1,"featured_media":0,"parent":0,"menu_order":0,"comment_status":"closed","ping_status":"closed","template":"","meta":{"footnotes":""},"class_list":["post-11678","page","type-page","status-publish","hentry"],"_links":{"self":[{"href":"https:\/\/twstest.072design.site\/pl\/wp-json\/wp\/v2\/pages\/11678","targetHints":{"allow":["GET"]}}],"collection":[{"href":"https:\/\/twstest.072design.site\/pl\/wp-json\/wp\/v2\/pages"}],"about":[{"href":"https:\/\/twstest.072design.site\/pl\/wp-json\/wp\/v2\/types\/page"}],"author":[{"embeddable":true,"href":"https:\/\/twstest.072design.site\/pl\/wp-json\/wp\/v2\/users\/1"}],"replies":[{"embeddable":true,"href":"https:\/\/twstest.072design.site\/pl\/wp-json\/wp\/v2\/comments?post=11678"}],"version-history":[{"count":0,"href":"https:\/\/twstest.072design.site\/pl\/wp-json\/wp\/v2\/pages\/11678\/revisions"}],"wp:attachment":[{"href":"https:\/\/twstest.072design.site\/pl\/wp-json\/wp\/v2\/media?parent=11678"}],"curies":[{"name":"wp","href":"https:\/\/api.w.org\/{rel}","templated":true}]}}