{"id":11686,"date":"2024-09-27T06:14:27","date_gmt":"2024-09-27T05:14:27","guid":{"rendered":"https:\/\/twstest.072design.site\/vip-coaching\/"},"modified":"2024-11-16T08:16:28","modified_gmt":"2024-11-16T07:16:28","slug":"vip-coaching","status":"publish","type":"page","link":"https:\/\/twstest.072design.site\/pl\/vip-coaching\/","title":{"rendered":"VIP Coaching"},"content":{"rendered":"\t\t<div data-elementor-type=\"wp-page\" data-elementor-id=\"11686\" class=\"elementor elementor-11686 elementor-1477\" data-elementor-post-type=\"page\">\n\t\t\t\t\t\t<section data-particle_enable=\"false\" data-particle-mobile-disabled=\"false\" class=\"elementor-section elementor-top-section elementor-element elementor-element-77274fe0 elementor-section-height-min-height elementor-section-boxed elementor-section-height-default elementor-section-items-middle\" data-id=\"77274fe0\" data-element_type=\"section\" data-settings=\"{&quot;jet_parallax_layout_list&quot;:[],&quot;background_background&quot;:&quot;video&quot;,&quot;background_video_link&quot;:&quot;https:\\\/\\\/player.vimeo.com\\\/video\\\/&quot;}\">\n\t\t\t\t\t\t\t\t<div class=\"elementor-background-video-container elementor-hidden-mobile\" aria-hidden=\"true\">\n\t\t\t\t\t\t\t\t\t\t\t\t\t<video class=\"elementor-background-video-hosted\" autoplay muted playsinline loop><\/video>\n\t\t\t\t\t\t\t\t\t\t\t<\/div>\n\t\t\t\t\t\t\t\t\t<div class=\"elementor-background-overlay\"><\/div>\n\t\t\t\t\t\t\t<div class=\"elementor-container elementor-column-gap-no\">\n\t\t\t\t\t<div class=\"elementor-column elementor-col-100 elementor-top-column elementor-element elementor-element-7186961c\" data-id=\"7186961c\" data-element_type=\"column\">\n\t\t\t<div class=\"elementor-widget-wrap elementor-element-populated\">\n\t\t\t\t\t\t<div class=\"elementor-element elementor-element-6e81d618 elementor-widget elementor-widget-heading\" data-id=\"6e81d618\" data-element_type=\"widget\" data-widget_type=\"heading.default\">\n\t\t\t\t<div class=\"elementor-widget-container\">\n\t\t\t\t\t<h2 class=\"elementor-heading-title elementor-size-default\">Sesje windsurfingowe VIP dla \u015bredniozaawansowanych z TWS<\/h2>\t\t\t\t<\/div>\n\t\t\t\t<\/div>\n\t\t\t\t\t<\/div>\n\t\t<\/div>\n\t\t\t\t\t<\/div>\n\t\t<\/section>\n\t\t\t\t<section data-particle_enable=\"false\" data-particle-mobile-disabled=\"false\" class=\"elementor-section elementor-top-section elementor-element elementor-element-6b74dd40 elementor-section-boxed elementor-section-height-default elementor-section-height-default\" data-id=\"6b74dd40\" data-element_type=\"section\" data-settings=\"{&quot;jet_parallax_layout_list&quot;:[]}\">\n\t\t\t\t\t\t<div class=\"elementor-container elementor-column-gap-default\">\n\t\t\t\t\t<div class=\"elementor-column elementor-col-50 elementor-top-column elementor-element elementor-element-59bb3f70\" data-id=\"59bb3f70\" data-element_type=\"column\" data-settings=\"{&quot;background_background&quot;:&quot;classic&quot;}\">\n\t\t\t<div class=\"elementor-widget-wrap elementor-element-populated\">\n\t\t\t\t\t\t<div class=\"elementor-element elementor-element-a0f83f7 elementor-widget elementor-widget-image\" data-id=\"a0f83f7\" data-element_type=\"widget\" data-widget_type=\"image.default\">\n\t\t\t\t<div class=\"elementor-widget-container\">\n\t\t\t\t\t\t\t\t\t\t\t\t\t\t\t<img fetchpriority=\"high\" decoding=\"async\" width=\"800\" height=\"800\" src=\"https:\/\/twstest.072design.site\/wp-content\/uploads\/2024\/09\/tim1.jpg\" class=\"attachment-large size-large wp-image-2251\" alt=\"\" srcset=\"https:\/\/twstest.072design.site\/wp-content\/uploads\/2024\/09\/tim1.jpg 1024w, https:\/\/twstest.072design.site\/wp-content\/uploads\/2024\/09\/tim1-300x300.jpg 300w, https:\/\/twstest.072design.site\/wp-content\/uploads\/2024\/09\/tim1-150x150.jpg 150w, https:\/\/twstest.072design.site\/wp-content\/uploads\/2024\/09\/tim1-768x768.jpg 768w, https:\/\/twstest.072design.site\/wp-content\/uploads\/2024\/09\/tim1-600x600.jpg 600w, https:\/\/twstest.072design.site\/wp-content\/uploads\/2024\/09\/tim1-100x100.jpg 100w\" sizes=\"(max-width: 800px) 100vw, 800px\" \/>\t\t\t\t\t\t\t\t\t\t\t\t\t\t\t<\/div>\n\t\t\t\t<\/div>\n\t\t\t\t<div class=\"elementor-element elementor-element-c77871a elementor-widget elementor-widget-image\" data-id=\"c77871a\" data-element_type=\"widget\" data-widget_type=\"image.default\">\n\t\t\t\t<div class=\"elementor-widget-container\">\n\t\t\t\t\t\t\t\t\t\t\t\t\t\t\t<img decoding=\"async\" width=\"800\" height=\"800\" src=\"https:\/\/twstest.072design.site\/wp-content\/uploads\/2024\/09\/tim3.jpg\" class=\"attachment-large size-large wp-image-2266\" alt=\"\" srcset=\"https:\/\/twstest.072design.site\/wp-content\/uploads\/2024\/09\/tim3.jpg 1024w, https:\/\/twstest.072design.site\/wp-content\/uploads\/2024\/09\/tim3-300x300.jpg 300w, https:\/\/twstest.072design.site\/wp-content\/uploads\/2024\/09\/tim3-150x150.jpg 150w, https:\/\/twstest.072design.site\/wp-content\/uploads\/2024\/09\/tim3-768x768.jpg 768w, https:\/\/twstest.072design.site\/wp-content\/uploads\/2024\/09\/tim3-600x600.jpg 600w, https:\/\/twstest.072design.site\/wp-content\/uploads\/2024\/09\/tim3-100x100.jpg 100w\" sizes=\"(max-width: 800px) 100vw, 800px\" \/>\t\t\t\t\t\t\t\t\t\t\t\t\t\t\t<\/div>\n\t\t\t\t<\/div>\n\t\t\t\t<div class=\"elementor-element elementor-element-3a73534 elementor-widget elementor-widget-image\" data-id=\"3a73534\" data-element_type=\"widget\" data-widget_type=\"image.default\">\n\t\t\t\t<div class=\"elementor-widget-container\">\n\t\t\t\t\t\t\t\t\t\t\t\t\t\t\t<img decoding=\"async\" width=\"800\" height=\"800\" src=\"https:\/\/twstest.072design.site\/wp-content\/uploads\/2024\/09\/tim2.jpg\" class=\"attachment-large size-large wp-image-2258\" alt=\"\" srcset=\"https:\/\/twstest.072design.site\/wp-content\/uploads\/2024\/09\/tim2.jpg 1024w, https:\/\/twstest.072design.site\/wp-content\/uploads\/2024\/09\/tim2-300x300.jpg 300w, https:\/\/twstest.072design.site\/wp-content\/uploads\/2024\/09\/tim2-150x150.jpg 150w, https:\/\/twstest.072design.site\/wp-content\/uploads\/2024\/09\/tim2-768x768.jpg 768w, https:\/\/twstest.072design.site\/wp-content\/uploads\/2024\/09\/tim2-600x600.jpg 600w, https:\/\/twstest.072design.site\/wp-content\/uploads\/2024\/09\/tim2-100x100.jpg 100w\" sizes=\"(max-width: 800px) 100vw, 800px\" \/>\t\t\t\t\t\t\t\t\t\t\t\t\t\t\t<\/div>\n\t\t\t\t<\/div>\n\t\t\t\t\t<\/div>\n\t\t<\/div>\n\t\t\t\t<div class=\"elementor-column elementor-col-50 elementor-top-column elementor-element elementor-element-7a2e51d\" data-id=\"7a2e51d\" data-element_type=\"column\" data-settings=\"{&quot;background_background&quot;:&quot;classic&quot;}\">\n\t\t\t<div class=\"elementor-widget-wrap elementor-element-populated\">\n\t\t\t\t\t\t<div class=\"elementor-element elementor-element-197ef46 elementor-widget elementor-widget-heading\" data-id=\"197ef46\" data-element_type=\"widget\" data-widget_type=\"heading.default\">\n\t\t\t\t<div class=\"elementor-widget-container\">\n\t\t\t\t\t<h2 class=\"elementor-heading-title elementor-size-default\">Szukasz spersonalizowanej i szybkiej nauki?<\/h2>\t\t\t\t<\/div>\n\t\t\t\t<\/div>\n\t\t\t\t<div class=\"elementor-element elementor-element-3f1d57d elementor-widget elementor-widget-heading\" data-id=\"3f1d57d\" data-element_type=\"widget\" data-widget_type=\"heading.default\">\n\t\t\t\t<div class=\"elementor-widget-container\">\n\t\t\t\t\t<h2 class=\"elementor-heading-title elementor-size-default\">TWS oferuje sesje coachingowe VIP<\/h2>\t\t\t\t<\/div>\n\t\t\t\t<\/div>\n\t\t\t\t<div class=\"elementor-element elementor-element-230533c elementor-widget elementor-widget-text-editor\" data-id=\"230533c\" data-element_type=\"widget\" data-widget_type=\"text-editor.default\">\n\t\t\t\t<div class=\"elementor-widget-container\">\n\t\t\t\t\t\t\t\t\t<p><span data-contrast=\"auto\">Dla \u015brednio zaawansowanych windsurfer\u00f3w poszukuj\u0105cych spersonalizowanej i przyspieszonej nauki, TWS oferuje <strong>sesje coachingowe VIP<\/strong> prowadzone przez zawodnika PWA Wave, <strong>Tima van Dama<\/strong>. Ta ekskluzywna opcja zapewnia indywidualn\u0105 uwag\u0119 dostosowan\u0105 specjalnie do Twojego poziomu umiej\u0119tno\u015bci i cel\u00f3w. Dzi\u0119ki fachowym wskaz\u00f3wkom Tima udoskonalisz swoj\u0105 technik\u0119, poprawisz manewrowanie i zyskasz pewno\u015b\u0107 siebie w trudniejszych warunkach.  <\/span><span data-ccp-props=\"{}\"> <\/span><\/p>\n<p><span data-contrast=\"auto\"><strong>Co otrzymasz dzi\u0119ki coachingowi VIP<\/strong>:<\/span><span data-ccp-props=\"{}\"> <\/span><\/p>\n<ul>\n<li><span data-contrast=\"auto\"><strong>Spersonalizowana ocena<\/strong>: Tim oceni twoje obecne umiej\u0119tno\u015bci i stworzy spersonalizowany plan lekcji dostosowany do twoich konkretnych potrzeb.<\/span><\/li>\n<li><span data-contrast=\"auto\"><strong>Coaching szyty na miar\u0119<\/strong>: Niezale\u017cnie od tego, czy chodzi o opanowanie start\u00f3w z wody, popraw\u0119 jib\u00f3w, czy planowanie przy silniejszym wietrze, wskaz\u00f3wki Tima przyspiesz\u0105 twoje post\u0119py.<\/span><\/li>\n<li><span data-contrast=\"auto\"><strong>Skoncentrowana informacja zwrotna<\/strong>: Otrzymuj natychmiastowe informacje zwrotne i wskaz\u00f3wki przez ca\u0142\u0105 sesj\u0119, koncentruj\u0105c si\u0119 na poprawie swoich mocnych stron i pokonywaniu wyzwa\u0144.<\/span><\/li>\n<li><span data-contrast=\"auto\"><strong>Elastyczny czas<\/strong>: Sesje te s\u0105 organizowane w dogodnym dla Ciebie czasie, oferuj\u0105c elastyczno\u015b\u0107 nauki we w\u0142asnym tempie.<\/span><span data-ccp-props=\"{}\"> <\/span><\/li>\n<\/ul>\n<p><span data-contrast=\"auto\"><strong><br \/>Sesje VIP<\/strong> s\u0105 idealne dla \u015bredniozaawansowanych rider\u00f3w, kt\u00f3rzy chc\u0105 uzyska\u0107 indywidualne, wysokiej jako\u015bci do\u015bwiadczenie edukacyjne na \u015bwiatowej klasy wodach El M\u00e9dano.<\/span><span data-ccp-props=\"{}\"> <\/span><span data-ccp-props=\"{}\"> <\/span><\/p>\n<p><span data-contrast=\"auto\"><strong>Lekcje windsurfingu dla \u015bredniozaawansowanych z Duotone Pro Center Teneryfa<\/strong><\/span><span data-ccp-props=\"{}\"> <\/span><\/p>\n<p><span data-contrast=\"auto\">Dla tych, kt\u00f3rzy chc\u0105 robi\u0107 post\u0119py w grupie lub z bardziej ustrukturyzowanymi wskaz\u00f3wkami, nasz partner <strong>Duotone Pro Center Tenerife<\/strong> oferuje r\u00f3wnie\u017c wyj\u0105tkowe <strong>lekcje windsurfingu dla \u015brednio zaawansowanych<\/strong> z <strong>wieloj\u0119zycznymi instruktorami<\/strong>. Lekcje te s\u0105 idealne dla rider\u00f3w, kt\u00f3rzy chc\u0105 rozwija\u0107 swoje umiej\u0119tno\u015bci w dynamicznym i zabawnym \u015brodowisku. <\/span><span data-ccp-props=\"{}\"> <\/span><\/p>\n<p><span data-contrast=\"auto\"><strong>Co wchodzi w sk\u0142ad zestawu<\/strong>:<\/span><span data-ccp-props=\"{}\"> <\/span><\/p>\n<ul>\n<li><span data-contrast=\"auto\"><strong>Profesjonalne wieloj\u0119zyczne instrukcje<\/strong>: Lekcje s\u0105 prowadzone w j\u0119zyku angielskim, hiszpa\u0144skim, niemieckim i nie tylko, zapewniaj\u0105c jasn\u0105 komunikacj\u0119 i spersonalizowane informacje zwrotne.<\/span><\/li>\n<li><span data-contrast=\"auto\"><strong>Najwy\u017cszej klasy sprz\u0119t<\/strong>: Najwy\u017cszej jako\u015bci sprz\u0119t Duotone, w tym zaawansowane deski i \u017cagle, zapewnia, \u017ce je\u017adzisz z najlepszymi dost\u0119pnymi narz\u0119dziami.<\/span><\/li>\n<li><span data-contrast=\"auto\"><strong>Rozw\u00f3j umiej\u0119tno\u015bci<\/strong>: Naucz si\u0119 doskonali\u0107 swoje starty z wody, popraw jibing, efektywnie korzystaj z uprz\u0119\u017cy i opanuj techniki planowania.<\/span><\/li>\n<li><span data-contrast=\"auto\"><strong>Analiza wideo<\/strong>: Instruktorzy mog\u0105 zaoferowa\u0107 opinie wideo, aby uzyska\u0107 g\u0142\u0119bszy wgl\u0105d w twoj\u0105 technik\u0119, pomagaj\u0105c ci wizualizowa\u0107 i zrozumie\u0107, jak si\u0119 poprawi\u0107.<\/span><\/li>\n<li><span data-contrast=\"auto\"><strong>Elastyczne formaty lekcji<\/strong>: Wybierz prywatne lekcje dla indywidualnego skupienia lub sesje grupowe dla zabawy i nauki spo\u0142ecznej.<\/span><span data-ccp-props=\"{}\"> <\/span><\/li>\n<\/ul>\n<p><span data-contrast=\"auto\"><br \/><strong>Lekcje dla \u015bredniozaawansowanych<\/strong> w Duotone Pro Center pomog\u0105 Ci zbudowa\u0107 pewno\u015b\u0107 siebie i udoskonali\u0107 umiej\u0119tno\u015bci, oferuj\u0105c wszystko, czego potrzebujesz, aby cieszy\u0107 si\u0119 windsurfingiem na wy\u017cszym poziomie.<\/span><\/p>\n<p><strong>Jak zarezerwowa\u0107<\/strong><span data-ccp-props=\"{}\"> <\/span><\/p>\n<p><span data-contrast=\"auto\">Niezale\u017cnie od tego, czy wolisz spersonalizowane <strong>sesje coachingowe VIP<\/strong>, czy <strong>lekcje grupowe dla \u015brednio zaawansowanych<\/strong> w <a href=\"https:\/\/www.dpc-tenerife.com\/book-now\" target=\"_blank\" rel=\"noopener\">Duotone Pro Center, rezerwacja jest \u0142atwa<\/a>. Lub po prostu <a href=\"https:\/\/twstest.072design.site\/pl\/skontaktuj-sie-z-nami\/\">skontaktuj si\u0119 z <strong>TWS<\/strong><\/a> lub <strong><a href=\"https:\/\/www.dpc-tenerife.com\/more\/ask-us\/contact-us\" target=\"_blank\" rel=\"noopener\">Duotone Pro Center Tenerife<\/a><\/strong> aby zabezpieczy\u0107 swoj\u0105 sesj\u0119 i zacz\u0105\u0107 robi\u0107 post\u0119py na wodzie! <\/span><span data-ccp-props=\"{}\"> <\/span><\/p>\n\t\t\t\t\t\t\t\t<\/div>\n\t\t\t\t<\/div>\n\t\t\t\t<div class=\"elementor-element elementor-element-3e96aca elementor-widget elementor-widget-text-editor\" data-id=\"3e96aca\" data-element_type=\"widget\" data-widget_type=\"text-editor.default\">\n\t\t\t\t<div class=\"elementor-widget-container\">\n\t\t\t\t\t\t\t\t\t<p><b><a href=\"#newsletter\">Zostaw sw\u00f3j adres e-mail<\/a>, aby otrzymywa\u0107 powiadomienia o nowych klinikach i lekcjach.<\/b><\/p>\n\t\t\t\t\t\t\t\t<\/div>\n\t\t\t\t<\/div>\n\t\t\t\t\t<\/div>\n\t\t<\/div>\n\t\t\t\t\t<\/div>\n\t\t<\/section>\n\t\t\t\t<section data-particle_enable=\"false\" data-particle-mobile-disabled=\"false\" class=\"elementor-section elementor-top-section elementor-element elementor-element-e8c0cde elementor-section-boxed elementor-section-height-default elementor-section-height-default\" data-id=\"e8c0cde\" data-element_type=\"section\" data-settings=\"{&quot;jet_parallax_layout_list&quot;:[]}\">\n\t\t\t\t\t\t<div class=\"elementor-container elementor-column-gap-default\">\n\t\t\t\t\t<div class=\"elementor-column elementor-col-100 elementor-top-column elementor-element elementor-element-19edef0\" data-id=\"19edef0\" data-element_type=\"column\">\n\t\t\t<div class=\"elementor-widget-wrap elementor-element-populated\">\n\t\t\t\t\t\t<div class=\"elementor-element elementor-element-9664054 elementor-widget elementor-widget-html\" data-id=\"9664054\" data-element_type=\"widget\" data-widget_type=\"html.default\">\n\t\t\t\t<div class=\"elementor-widget-container\">\n\t\t\t\t\t<script type=\"text\/javascript\" src=\"https:\/\/twswindsurf.vikingbookings.com\/en\/widget.js\"><\/script>\t\t\t\t<\/div>\n\t\t\t\t<\/div>\n\t\t\t\t\t<\/div>\n\t\t<\/div>\n\t\t\t\t\t<\/div>\n\t\t<\/section>\n\t\t\t\t<section data-particle_enable=\"false\" data-particle-mobile-disabled=\"false\" class=\"elementor-section elementor-top-section elementor-element elementor-element-2092f5d3 elementor-section-full_width elementor-section-height-min-height elementor-section-height-default elementor-section-items-middle\" data-id=\"2092f5d3\" data-element_type=\"section\" data-settings=\"{&quot;jet_parallax_layout_list&quot;:[],&quot;background_background&quot;:&quot;video&quot;,&quot;background_video_link&quot;:&quot;https:\\\/\\\/player.vimeo.com\\\/video\\\/410311947?muted=1&amp;autoplay=1&amp;loop=1&amp;background=1&amp;app_id=122963&quot;}\">\n\t\t\t\t\t\t\t\t<div class=\"elementor-background-video-container elementor-hidden-mobile\" aria-hidden=\"true\">\n\t\t\t\t\t\t\t\t\t\t\t\t\t<div class=\"elementor-background-video-embed\"><\/div>\n\t\t\t\t\t\t\t\t\t\t\t\t<\/div>\n\t\t\t\t\t\t\t\t<div class=\"elementor-container elementor-column-gap-no\">\n\t\t\t\t\t<div class=\"elementor-column elementor-col-100 elementor-top-column elementor-element elementor-element-10fc13\" data-id=\"10fc13\" data-element_type=\"column\">\n\t\t\t<div class=\"elementor-widget-wrap\">\n\t\t\t\t\t\t\t<\/div>\n\t\t<\/div>\n\t\t\t\t\t<\/div>\n\t\t<\/section>\n\t\t\t\t<\/div>\n\t\t","protected":false},"excerpt":{"rendered":"<p>Sesje windsurfingowe VIP dla \u015bredniozaawansowanych z TWS Szukasz spersonalizowanej i szybkiej nauki? TWS oferuje sesje coachingowe VIP Dla \u015brednio zaawansowanych windsurfer\u00f3w poszukuj\u0105cych spersonalizowanej i przyspieszonej nauki, TWS oferuje sesje coachingowe VIP prowadzone przez zawodnika PWA Wave, Tima van Dama. Ta ekskluzywna opcja zapewnia indywidualn\u0105 uwag\u0119 dostosowan\u0105 specjalnie do Twojego poziomu umiej\u0119tno\u015bci i cel\u00f3w. Dzi\u0119ki fachowym [&hellip;]<\/p>\n","protected":false},"author":2,"featured_media":0,"parent":0,"menu_order":0,"comment_status":"closed","ping_status":"closed","template":"elementor_header_footer","meta":{"footnotes":""},"class_list":["post-11686","page","type-page","status-publish","hentry"],"_links":{"self":[{"href":"https:\/\/twstest.072design.site\/pl\/wp-json\/wp\/v2\/pages\/11686","targetHints":{"allow":["GET"]}}],"collection":[{"href":"https:\/\/twstest.072design.site\/pl\/wp-json\/wp\/v2\/pages"}],"about":[{"href":"https:\/\/twstest.072design.site\/pl\/wp-json\/wp\/v2\/types\/page"}],"author":[{"embeddable":true,"href":"https:\/\/twstest.072design.site\/pl\/wp-json\/wp\/v2\/users\/2"}],"replies":[{"embeddable":true,"href":"https:\/\/twstest.072design.site\/pl\/wp-json\/wp\/v2\/comments?post=11686"}],"version-history":[{"count":0,"href":"https:\/\/twstest.072design.site\/pl\/wp-json\/wp\/v2\/pages\/11686\/revisions"}],"wp:attachment":[{"href":"https:\/\/twstest.072design.site\/pl\/wp-json\/wp\/v2\/media?parent=11686"}],"curies":[{"name":"wp","href":"https:\/\/api.w.org\/{rel}","templated":true}]}}