{"id":11751,"date":"2024-09-28T08:29:21","date_gmt":"2024-09-28T07:29:21","guid":{"rendered":"https:\/\/twstest.072design.site\/lekcje-wingfoil\/"},"modified":"2024-11-16T08:17:01","modified_gmt":"2024-11-16T07:17:01","slug":"lekcje-wingfoil","status":"publish","type":"page","link":"https:\/\/twstest.072design.site\/pl\/lekcje-wingfoil\/","title":{"rendered":"Lekcje WingFoil"},"content":{"rendered":"\t\t<div data-elementor-type=\"wp-page\" data-elementor-id=\"11751\" class=\"elementor elementor-11751 elementor-2370\" data-elementor-post-type=\"page\">\n\t\t\t\t\t\t<section data-particle_enable=\"false\" data-particle-mobile-disabled=\"false\" class=\"elementor-section elementor-top-section elementor-element elementor-element-77274fe0 elementor-section-height-min-height elementor-section-boxed elementor-section-height-default elementor-section-items-middle\" data-id=\"77274fe0\" data-element_type=\"section\" data-settings=\"{&quot;jet_parallax_layout_list&quot;:[],&quot;background_background&quot;:&quot;video&quot;,&quot;background_video_link&quot;:&quot;https:\\\/\\\/player.vimeo.com\\\/video\\\/&quot;}\">\n\t\t\t\t\t\t\t\t<div class=\"elementor-background-video-container elementor-hidden-mobile\" aria-hidden=\"true\">\n\t\t\t\t\t\t\t\t\t\t\t\t\t<video class=\"elementor-background-video-hosted\" autoplay muted playsinline loop><\/video>\n\t\t\t\t\t\t\t\t\t\t\t<\/div>\n\t\t\t\t\t\t\t\t\t<div class=\"elementor-background-overlay\"><\/div>\n\t\t\t\t\t\t\t<div class=\"elementor-container elementor-column-gap-no\">\n\t\t\t\t\t<div class=\"elementor-column elementor-col-100 elementor-top-column elementor-element elementor-element-7186961c\" data-id=\"7186961c\" data-element_type=\"column\">\n\t\t\t<div class=\"elementor-widget-wrap elementor-element-populated\">\n\t\t\t\t\t\t<div class=\"elementor-element elementor-element-6e81d618 elementor-widget elementor-widget-heading\" data-id=\"6e81d618\" data-element_type=\"widget\" data-widget_type=\"heading.default\">\n\t\t\t\t<div class=\"elementor-widget-container\">\n\t\t\t\t\t<h2 class=\"elementor-heading-title elementor-size-default\">Chcesz nauczy\u0107 si\u0119\/rozwin\u0105\u0107 na Wingfoilu?<\/h2>\t\t\t\t<\/div>\n\t\t\t\t<\/div>\n\t\t\t\t\t<\/div>\n\t\t<\/div>\n\t\t\t\t\t<\/div>\n\t\t<\/section>\n\t\t\t\t<section data-particle_enable=\"false\" data-particle-mobile-disabled=\"false\" class=\"elementor-section elementor-top-section elementor-element elementor-element-6b74dd40 elementor-section-boxed elementor-section-height-default elementor-section-height-default\" data-id=\"6b74dd40\" data-element_type=\"section\" data-settings=\"{&quot;jet_parallax_layout_list&quot;:[]}\">\n\t\t\t\t\t\t<div class=\"elementor-container elementor-column-gap-default\">\n\t\t\t\t\t<div class=\"elementor-column elementor-col-50 elementor-top-column elementor-element elementor-element-59bb3f70\" data-id=\"59bb3f70\" data-element_type=\"column\" data-settings=\"{&quot;background_background&quot;:&quot;classic&quot;}\">\n\t\t\t<div class=\"elementor-widget-wrap elementor-element-populated\">\n\t\t\t\t\t\t<div class=\"elementor-element elementor-element-a0f83f7 elementor-widget elementor-widget-image\" data-id=\"a0f83f7\" data-element_type=\"widget\" data-widget_type=\"image.default\">\n\t\t\t\t<div class=\"elementor-widget-container\">\n\t\t\t\t\t\t\t\t\t\t\t\t\t\t\t<img fetchpriority=\"high\" decoding=\"async\" width=\"800\" height=\"800\" src=\"https:\/\/twstest.072design.site\/wp-content\/uploads\/2024\/09\/wing2.jpg\" class=\"attachment-large size-large wp-image-1277\" alt=\"\" srcset=\"https:\/\/twstest.072design.site\/wp-content\/uploads\/2024\/09\/wing2.jpg 1024w, https:\/\/twstest.072design.site\/wp-content\/uploads\/2024\/09\/wing2-300x300.jpg 300w, https:\/\/twstest.072design.site\/wp-content\/uploads\/2024\/09\/wing2-150x150.jpg 150w, https:\/\/twstest.072design.site\/wp-content\/uploads\/2024\/09\/wing2-768x768.jpg 768w, https:\/\/twstest.072design.site\/wp-content\/uploads\/2024\/09\/wing2-600x600.jpg 600w, https:\/\/twstest.072design.site\/wp-content\/uploads\/2024\/09\/wing2-100x100.jpg 100w\" sizes=\"(max-width: 800px) 100vw, 800px\" \/>\t\t\t\t\t\t\t\t\t\t\t\t\t\t\t<\/div>\n\t\t\t\t<\/div>\n\t\t\t\t<div class=\"elementor-element elementor-element-312d47a elementor-widget elementor-widget-image\" data-id=\"312d47a\" data-element_type=\"widget\" data-widget_type=\"image.default\">\n\t\t\t\t<div class=\"elementor-widget-container\">\n\t\t\t\t\t\t\t\t\t\t\t\t\t\t\t<img decoding=\"async\" width=\"800\" height=\"800\" src=\"https:\/\/twstest.072design.site\/wp-content\/uploads\/2024\/09\/wingfoil3.jpg\" class=\"attachment-large size-large wp-image-2046\" alt=\"\" srcset=\"https:\/\/twstest.072design.site\/wp-content\/uploads\/2024\/09\/wingfoil3.jpg 1024w, https:\/\/twstest.072design.site\/wp-content\/uploads\/2024\/09\/wingfoil3-300x300.jpg 300w, https:\/\/twstest.072design.site\/wp-content\/uploads\/2024\/09\/wingfoil3-150x150.jpg 150w, https:\/\/twstest.072design.site\/wp-content\/uploads\/2024\/09\/wingfoil3-768x768.jpg 768w, https:\/\/twstest.072design.site\/wp-content\/uploads\/2024\/09\/wingfoil3-600x600.jpg 600w, https:\/\/twstest.072design.site\/wp-content\/uploads\/2024\/09\/wingfoil3-100x100.jpg 100w\" sizes=\"(max-width: 800px) 100vw, 800px\" \/>\t\t\t\t\t\t\t\t\t\t\t\t\t\t\t<\/div>\n\t\t\t\t<\/div>\n\t\t\t\t<div class=\"elementor-element elementor-element-1b32a13 elementor-widget elementor-widget-image\" data-id=\"1b32a13\" data-element_type=\"widget\" data-widget_type=\"image.default\">\n\t\t\t\t<div class=\"elementor-widget-container\">\n\t\t\t\t\t\t\t\t\t\t\t\t\t\t\t<img decoding=\"async\" width=\"800\" height=\"800\" src=\"https:\/\/twstest.072design.site\/wp-content\/uploads\/2024\/09\/wingfoil.jpg\" class=\"attachment-large size-large wp-image-2032\" alt=\"\" srcset=\"https:\/\/twstest.072design.site\/wp-content\/uploads\/2024\/09\/wingfoil.jpg 1024w, https:\/\/twstest.072design.site\/wp-content\/uploads\/2024\/09\/wingfoil-300x300.jpg 300w, https:\/\/twstest.072design.site\/wp-content\/uploads\/2024\/09\/wingfoil-150x150.jpg 150w, https:\/\/twstest.072design.site\/wp-content\/uploads\/2024\/09\/wingfoil-768x768.jpg 768w, https:\/\/twstest.072design.site\/wp-content\/uploads\/2024\/09\/wingfoil-600x600.jpg 600w, https:\/\/twstest.072design.site\/wp-content\/uploads\/2024\/09\/wingfoil-100x100.jpg 100w\" sizes=\"(max-width: 800px) 100vw, 800px\" \/>\t\t\t\t\t\t\t\t\t\t\t\t\t\t\t<\/div>\n\t\t\t\t<\/div>\n\t\t\t\t<div class=\"elementor-element elementor-element-36876d2 elementor-widget elementor-widget-image\" data-id=\"36876d2\" data-element_type=\"widget\" data-widget_type=\"image.default\">\n\t\t\t\t<div class=\"elementor-widget-container\">\n\t\t\t\t\t\t\t\t\t\t\t\t\t\t\t<img loading=\"lazy\" decoding=\"async\" width=\"800\" height=\"800\" src=\"https:\/\/twstest.072design.site\/wp-content\/uploads\/2024\/09\/wingfoil2.jpg\" class=\"attachment-large size-large wp-image-2039\" alt=\"\" srcset=\"https:\/\/twstest.072design.site\/wp-content\/uploads\/2024\/09\/wingfoil2.jpg 1024w, https:\/\/twstest.072design.site\/wp-content\/uploads\/2024\/09\/wingfoil2-300x300.jpg 300w, https:\/\/twstest.072design.site\/wp-content\/uploads\/2024\/09\/wingfoil2-150x150.jpg 150w, https:\/\/twstest.072design.site\/wp-content\/uploads\/2024\/09\/wingfoil2-768x768.jpg 768w, https:\/\/twstest.072design.site\/wp-content\/uploads\/2024\/09\/wingfoil2-600x600.jpg 600w, https:\/\/twstest.072design.site\/wp-content\/uploads\/2024\/09\/wingfoil2-100x100.jpg 100w\" sizes=\"(max-width: 800px) 100vw, 800px\" \/>\t\t\t\t\t\t\t\t\t\t\t\t\t\t\t<\/div>\n\t\t\t\t<\/div>\n\t\t\t\t\t<\/div>\n\t\t<\/div>\n\t\t\t\t<div class=\"elementor-column elementor-col-50 elementor-top-column elementor-element elementor-element-7a2e51d\" data-id=\"7a2e51d\" data-element_type=\"column\" data-settings=\"{&quot;background_background&quot;:&quot;classic&quot;}\">\n\t\t\t<div class=\"elementor-widget-wrap elementor-element-populated\">\n\t\t\t\t\t\t<div class=\"elementor-element elementor-element-9f85687 elementor-widget elementor-widget-heading\" data-id=\"9f85687\" data-element_type=\"widget\" data-widget_type=\"heading.default\">\n\t\t\t\t<div class=\"elementor-widget-container\">\n\t\t\t\t\t<h2 class=\"elementor-heading-title elementor-size-default\">My\u015blisz, \u017ce El M\u00e9dano jest tylko dla do\u015bwiadczonych wing foiler\u00f3w? Pomy\u015bl jeszcze raz! <\/h2>\t\t\t\t<\/div>\n\t\t\t\t<\/div>\n\t\t\t\t<div class=\"elementor-element elementor-element-38906d7 elementor-widget elementor-widget-heading\" data-id=\"38906d7\" data-element_type=\"widget\" data-widget_type=\"heading.default\">\n\t\t\t\t<div class=\"elementor-widget-container\">\n\t\t\t\t\t<h2 class=\"elementor-heading-title elementor-size-default\">Bezpieczna nauka, profesjonalny coaching, przyjazna atmosfera<\/h2>\t\t\t\t<\/div>\n\t\t\t\t<\/div>\n\t\t\t\t<div class=\"elementor-element elementor-element-230533c elementor-widget elementor-widget-text-editor\" data-id=\"230533c\" data-element_type=\"widget\" data-widget_type=\"text-editor.default\">\n\t\t\t\t<div class=\"elementor-widget-container\">\n\t\t\t\t\t\t\t\t\t<p><span data-contrast=\"auto\">Niezale\u017cnie od tego, czy jeste\u015b kompletnym pocz\u0105tkuj\u0105cym, czy te\u017c chcesz spr\u00f3bowa\u0107 czego\u015b nowego, <strong>Duotone Pro Center<\/strong> we wsp\u00f3\u0142pracy z TWS jest twoj\u0105 bram\u0105 do ekscytuj\u0105cego \u015bwiata wing foilingu.<\/span><\/p>\n<p><span data-contrast=\"auto\">Dzi\u0119ki dost\u0119powi do miejsc przyjaznych dla pocz\u0105tkuj\u0105cych i fachowemu instrukta\u017cowi, w mgnieniu oka b\u0119dziesz \u015bmiga\u0107 po wodzie z du\u017c\u0105 pewno\u015bci\u0105 siebie. Ale ostrzegamy &#8211; wing foiling uzale\u017cnia i mo\u017cesz si\u0119 uzale\u017cni\u0107 od niego szybciej ni\u017c my\u015blisz! <\/span><span data-ccp-props=\"{}\"> <\/span><span data-ccp-props=\"{}\"> <\/span><\/p>\n<p><span data-contrast=\"auto\">Wraz z <strong>Duotone Pro Center<\/strong> zapewniamy idealne \u015brodowisko do nauki, \u0142\u0105cz\u0105c fachowe instrukcje z optymalnymi warunkami i przyjazn\u0105 atmosfer\u0105.<\/span><\/p>\n<p><span data-contrast=\"auto\">Wody El M\u00e9dano oferuj\u0105 stopniowe post\u0119py, dzi\u0119ki czemu jest to idealne miejsce dla pocz\u0105tkuj\u0105cych do budowania pewno\u015bci siebie i dalszego rozwoju umiej\u0119tno\u015bci.<\/span> <\/p>\n<p><span data-contrast=\"auto\"><strong>Dlaczego warto rozpocz\u0105\u0107 nauk\u0119 z nami ?<\/strong><\/span><span data-ccp-props=\"{}\"> <\/span><\/p>\n<ul>\n<li><span data-contrast=\"auto\"><strong>Idealne miejsca dla pocz\u0105tkuj\u0105cych<\/strong>: Ucz si\u0119 w bezpiecznych, \u0142atwych do opanowania lokalizacjach idealnych dla pocz\u0105tkuj\u0105cych, wybranych przez do\u015bwiadczonych instruktor\u00f3w.<\/span><\/li>\n<li><span data-contrast=\"auto\"><strong>Ekspercki instrukta\u017c <\/strong>: Wieloj\u0119zyczni, profesjonalni instruktorzy poprowadz\u0105 Ci\u0119 krok po kroku, zapewniaj\u0105c bezpieczny i sta\u0142y post\u0119p.<\/span><\/li>\n<li><span data-contrast=\"auto\"><strong>Sprz\u0119t dla pocz\u0105tkuj\u0105cych<\/strong>: Duotone Pro Center zapewnia specjalistyczne deski, foile i skrzyd\u0142a dostosowane do \u0142atwej nauki.<\/span><\/li>\n<li><span data-contrast=\"auto\"><strong>Idealne wiatry<\/strong>: Sta\u0142e pasaty oferuj\u0105 idealn\u0105 r\u00f3wnowag\u0119 mocy, tworz\u0105c idealne warunki do nauki bez uczucia przyt\u0142oczenia.<\/span><\/li>\n<li><span data-contrast=\"auto\"><strong>Wspieraj\u0105ca spo\u0142eczno\u015b\u0107<\/strong>: Przyjazny, zach\u0119caj\u0105cy zesp\u00f3\u0142 pomo\u017ce Ci poczu\u0107 si\u0119 komfortowo i zmotywuje Ci\u0119 do szybkich post\u0119p\u00f3w.<\/span><\/li>\n<li><span data-contrast=\"auto\"><strong>Wygodna konfiguracja<\/strong>: Zlokalizowane zaledwie kilka krok\u00f3w od pla\u017cy, <strong>Duotone Pro Center<\/strong> zapewnia \u0142atwy dost\u0119p do wszystkiego, zapewniaj\u0105c \u0142atw\u0105 i przyjemn\u0105 nauk\u0119.<\/span><\/li>\n<li><span data-contrast=\"auto\"><strong>Bezpiecze\u0144stwo przede wszystkim<\/strong>: Bezpieczne, przyjazne dla pocz\u0105tkuj\u0105cych \u015brodowisko z naciskiem na bezpiecze\u0144stwo i stopniowe post\u0119py.<\/span><span data-ccp-props=\"{}\"> <\/span><\/li>\n<\/ul>\n<p><span data-contrast=\"auto\"><br \/><strong>Naucz si\u0119 wing foila we wsp\u00f3\u0142pracy z Duotone Pro Center<\/strong><\/span><span data-ccp-props=\"{}\"> <\/span><\/p>\n<p><span data-contrast=\"auto\">Gotowy na rozpocz\u0119cie przygody z wingfoilingiem? TWS i <strong>Duotone Pro Center<\/strong> oferuj\u0105 wszystko, czego potrzebujesz, aby Twoja podr\u00f3\u017c by\u0142a ekscytuj\u0105ca, zabawna i bezpieczna, a wszystko to w osza\u0142amiaj\u0105cej lokalizacji El M\u00e9dano. <\/span><span data-ccp-props=\"{}\"> <\/span><\/p>\n<p><span data-contrast=\"auto\"><strong>Idealne miejsca do nauki<\/strong>  <\/span><span data-ccp-props=\"{}\"> <\/span><\/p>\n<p><span data-contrast=\"auto\">We wsp\u00f3\u0142pracy z <strong>Duotone Pro Center<\/strong> oferujemy dwie idealne lokalizacje do nauki &#8211; Granadilla Harbour i Playa Chica &#8211; obie z p\u0142ask\u0105 wod\u0105 i minimalnymi falami, aby zapewni\u0107 bezstresow\u0105 nauk\u0119.<\/span><span data-ccp-props=\"{}\"> <\/span><\/p>\n<p><span data-contrast=\"auto\"><strong>Dopasowane warunki<\/strong><\/span><\/p>\n<p><span data-contrast=\"auto\">Nasze obszary do nauki zapewniaj\u0105 najlepsze warunki do stopniowego, bezpiecznego rozwoju. Zacznij \u0107wiczy\u0107 tu\u017c przed <strong>Duotone Pro<\/strong> Center, ucz\u0105c si\u0119 kontrolowa\u0107 desk\u0119 i skrzyd\u0142o. Je\u015bli b\u0119dzie zbyt wietrznie lub fala b\u0119dzie przyt\u0142aczj\u0105ca, przeniesiemy si\u0119 na spokojne wody Granadilla Harbour, gdzie nasza mobilna szko\u0142a wingfoil gwarantuje idealne warunki.  <\/span><span data-ccp-props=\"{}\"> <\/span><\/p>\n<p><span data-contrast=\"auto\"><strong>Profesjonalne instrukcje<\/strong>  <\/span><span data-ccp-props=\"{}\"> <\/span><\/p>\n<p><span data-contrast=\"auto\">Nasz wieloj\u0119zyczny zesp\u00f3\u0142 do\u015bwiadczonych instruktor\u00f3w, we wsp\u00f3\u0142pracy z <strong>Duotone Pro Center<\/strong>, poprowadzi Ci\u0119 przez ka\u017cdy krok, zapewniaj\u0105c, \u017ce zbudujesz solidne podstawy w wingfoilingu.<\/span><span data-ccp-props=\"{}\"> <\/span><\/p>\n<p><span data-contrast=\"auto\"><strong>Niezawodne pasaty<\/strong>  <\/span><span data-ccp-props=\"{}\"> <\/span><\/p>\n<p><span data-contrast=\"auto\">Sta\u0142y wiatr handlowy w El M\u00e9dano zapewnia sta\u0142\u0105 moc dla p\u0142ynnego post\u0119pu, co czyni go idealnym miejscem dla pocz\u0105tkuj\u0105cych.<\/span><span data-ccp-props=\"{}\"> <\/span><\/p>\n<p><span data-contrast=\"auto\"><strong>Przyjazna atmosfera<\/strong>  <\/span><span data-ccp-props=\"{}\"> <\/span><\/p>\n<p><span data-contrast=\"auto\">Poczuj pozytywn\u0105 atmosfer\u0119! Zespo\u0142y TWS i <strong>Duotone Pro Center<\/strong>, wraz z lokaln\u0105 spo\u0142eczno\u015bci\u0105 windsurfingow\u0105 i wingfoilingow\u0105, s\u0105 przyjazne i wspieraj\u0105ce. Poczujesz si\u0119 mile widziany i otrzymasz pomocne wskaz\u00f3wki od innych entuzjast\u00f3w sport\u00f3w wodnych.  <\/span><span data-ccp-props=\"{}\"> <\/span><\/p>\n<p><span data-contrast=\"auto\"><strong>Nauka grupowa<\/strong>  <\/span><span data-ccp-props=\"{}\"> <\/span><\/p>\n<p><span data-contrast=\"auto\">Do\u0142\u0105cz do kliniki lub lekcji grupowej i ucz si\u0119 razem z innymi na swoim poziomie umiej\u0119tno\u015bci. Nauka w grupie sprzyja motywacji, zabawie i trwa\u0142ym przyja\u017aniom! <\/span><span data-ccp-props=\"{}\"> <\/span><\/p>\n<p><span data-contrast=\"auto\"><strong>Bezpo\u015bredni dost\u0119p do pla\u017cy<\/strong>  <\/span><span data-ccp-props=\"{}\"> <\/span><\/p>\n<p><span data-contrast=\"auto\"><strong>Duotone Pro Center<\/strong> znajduje si\u0119 zaledwie kilka krok\u00f3w od najlepszych spot\u00f3w wingfoilingowych i windsurfingowych w El M\u00e9dano, dzi\u0119ki czemu dost\u0119p do niego jest \u0142atwy i wygodny. I prawie obok TWS <\/span><\/p>\n<p><span data-contrast=\"auto\"><strong>Wsparcie i bezpiecze\u0144stwo na miejscu<\/strong>  <\/span><span data-ccp-props=\"{}\"> <\/span><\/p>\n<p><span data-contrast=\"auto\">Oferujemy pe\u0142ne us\u0142ugi wsparcia, w tym przechowywanie sprz\u0119tu, naprawy i porady, aby wszystko dzia\u0142a\u0142o sprawnie, podczas gdy Ty skupiasz si\u0119 na nauce. Bezpiecze\u0144stwo jest naszym priorytetem, a nasi instruktorzy zapewni\u0105, \u017ce zawsze b\u0119dziesz w bezpiecznych, \u0142atwych do opanowania warunkach. <\/span><span data-ccp-props=\"{}\"> <\/span><\/p>\n<p><span data-contrast=\"auto\"><strong>Post\u0119puj we w\u0142asnym tempie<\/strong>  <\/span><span data-ccp-props=\"{}\"> <\/span><\/p>\n<p><span data-contrast=\"auto\">Wody El M\u00e9dano i stabilne wiatry pozwalaj\u0105 na stopniowe post\u0119py, buduj\u0105c pewno\u015b\u0107 siebie we w\u0142asnym tempie.<\/span><span data-ccp-props=\"{}\"> <\/span><\/p>\n<p><span data-contrast=\"auto\"><strong>Pi\u0119kne \u015brodowisko<\/strong>  <\/span><span data-ccp-props=\"{}\"> <\/span><\/p>\n<p><span data-contrast=\"auto\">Osza\u0142amiaj\u0105ca linia brzegowa El M\u00e9dano, ciep\u0142a pogoda i krystalicznie czyste wody tworz\u0105 idealne t\u0142o dla Twojej przygody z wingfoilingiem.<\/span><span data-ccp-props=\"{}\"> <\/span><\/p>\n<p><span data-contrast=\"auto\"><strong>Nauka przez ca\u0142y rok<\/strong>  <\/span><span data-ccp-props=\"{}\"> <\/span><\/p>\n<p><span data-contrast=\"auto\">\u0141agodny klimat Teneryfy umo\u017cliwia nauk\u0119 wingfoilingu o ka\u017cdej porze roku. Mo\u017cesz zaplanowa\u0107 swoje lekcje z **Duotone Pro Center** kiedy tylko warunki s\u0105 najlepsze dla pocz\u0105tkuj\u0105cych. <\/span><span data-ccp-props=\"{}\"> <\/span><span data-ccp-props=\"{}\"> <\/span><\/p>\n<p><strong>Do\u015bwiadcz emocji zwi\u0105zanych z wingfoilingiem z TWS i Duotone Pro Center &#8211; gdzie bezpieczna i przyjemna nauka jest zawsze gwarantowana!<\/strong><span data-ccp-props=\"{}\"> <\/span><\/p>\n\t\t\t\t\t\t\t\t<\/div>\n\t\t\t\t<\/div>\n\t\t\t\t<div class=\"elementor-element elementor-element-3e96aca elementor-widget elementor-widget-text-editor\" data-id=\"3e96aca\" data-element_type=\"widget\" data-widget_type=\"text-editor.default\">\n\t\t\t\t<div class=\"elementor-widget-container\">\n\t\t\t\t\t\t\t\t\t<p><b><a href=\"#newsletter\">Zostaw sw\u00f3j adres e-mail<\/a>, aby otrzymywa\u0107 powiadomienia o nowych klinikach i lekcjach.<\/b><\/p>\n\t\t\t\t\t\t\t\t<\/div>\n\t\t\t\t<\/div>\n\t\t\t\t\t<\/div>\n\t\t<\/div>\n\t\t\t\t\t<\/div>\n\t\t<\/section>\n\t\t\t\t<section data-particle_enable=\"false\" data-particle-mobile-disabled=\"false\" class=\"elementor-section elementor-top-section elementor-element elementor-element-e8c0cde elementor-section-boxed elementor-section-height-default elementor-section-height-default\" data-id=\"e8c0cde\" data-element_type=\"section\" data-settings=\"{&quot;jet_parallax_layout_list&quot;:[]}\">\n\t\t\t\t\t\t<div class=\"elementor-container elementor-column-gap-default\">\n\t\t\t\t\t<div class=\"elementor-column elementor-col-100 elementor-top-column elementor-element elementor-element-19edef0\" data-id=\"19edef0\" data-element_type=\"column\">\n\t\t\t<div class=\"elementor-widget-wrap elementor-element-populated\">\n\t\t\t\t\t\t<div class=\"elementor-element elementor-element-9664054 elementor-widget elementor-widget-html\" data-id=\"9664054\" data-element_type=\"widget\" data-widget_type=\"html.default\">\n\t\t\t\t<div class=\"elementor-widget-container\">\n\t\t\t\t\t<script type=\"text\/javascript\" src=\"https:\/\/twswindsurf.vikingbookings.com\/en\/widget.js\"><\/script>\t\t\t\t<\/div>\n\t\t\t\t<\/div>\n\t\t\t\t\t<\/div>\n\t\t<\/div>\n\t\t\t\t\t<\/div>\n\t\t<\/section>\n\t\t\t\t<section data-particle_enable=\"false\" data-particle-mobile-disabled=\"false\" class=\"elementor-section elementor-top-section elementor-element elementor-element-2092f5d3 elementor-section-full_width elementor-section-height-min-height elementor-section-height-default elementor-section-items-middle\" data-id=\"2092f5d3\" data-element_type=\"section\" data-settings=\"{&quot;jet_parallax_layout_list&quot;:[],&quot;background_background&quot;:&quot;video&quot;,&quot;background_video_link&quot;:&quot;https:\\\/\\\/player.vimeo.com\\\/video\\\/1013326155&quot;}\">\n\t\t\t\t\t\t\t\t<div class=\"elementor-background-video-container elementor-hidden-mobile\" aria-hidden=\"true\">\n\t\t\t\t\t\t\t\t\t\t\t\t\t<div class=\"elementor-background-video-embed\"><\/div>\n\t\t\t\t\t\t\t\t\t\t\t\t<\/div>\n\t\t\t\t\t\t\t\t<div class=\"elementor-container elementor-column-gap-no\">\n\t\t\t\t\t<div class=\"elementor-column elementor-col-100 elementor-top-column elementor-element elementor-element-10fc13\" data-id=\"10fc13\" data-element_type=\"column\">\n\t\t\t<div class=\"elementor-widget-wrap\">\n\t\t\t\t\t\t\t<\/div>\n\t\t<\/div>\n\t\t\t\t\t<\/div>\n\t\t<\/section>\n\t\t\t\t<\/div>\n\t\t","protected":false},"excerpt":{"rendered":"<p>Chcesz nauczy\u0107 si\u0119\/rozwin\u0105\u0107 na Wingfoilu? My\u015blisz, \u017ce El M\u00e9dano jest tylko dla do\u015bwiadczonych wing foiler\u00f3w? Pomy\u015bl jeszcze raz! Bezpieczna nauka, profesjonalny coaching, przyjazna atmosfera Niezale\u017cnie od tego, czy jeste\u015b kompletnym pocz\u0105tkuj\u0105cym, czy te\u017c chcesz spr\u00f3bowa\u0107 czego\u015b nowego, Duotone Pro Center we wsp\u00f3\u0142pracy z TWS jest twoj\u0105 bram\u0105 do ekscytuj\u0105cego \u015bwiata wing foilingu. Dzi\u0119ki dost\u0119powi do [&hellip;]<\/p>\n","protected":false},"author":2,"featured_media":0,"parent":0,"menu_order":0,"comment_status":"closed","ping_status":"closed","template":"elementor_header_footer","meta":{"footnotes":""},"class_list":["post-11751","page","type-page","status-publish","hentry"],"_links":{"self":[{"href":"https:\/\/twstest.072design.site\/pl\/wp-json\/wp\/v2\/pages\/11751","targetHints":{"allow":["GET"]}}],"collection":[{"href":"https:\/\/twstest.072design.site\/pl\/wp-json\/wp\/v2\/pages"}],"about":[{"href":"https:\/\/twstest.072design.site\/pl\/wp-json\/wp\/v2\/types\/page"}],"author":[{"embeddable":true,"href":"https:\/\/twstest.072design.site\/pl\/wp-json\/wp\/v2\/users\/2"}],"replies":[{"embeddable":true,"href":"https:\/\/twstest.072design.site\/pl\/wp-json\/wp\/v2\/comments?post=11751"}],"version-history":[{"count":0,"href":"https:\/\/twstest.072design.site\/pl\/wp-json\/wp\/v2\/pages\/11751\/revisions"}],"wp:attachment":[{"href":"https:\/\/twstest.072design.site\/pl\/wp-json\/wp\/v2\/media?parent=11751"}],"curies":[{"name":"wp","href":"https:\/\/api.w.org\/{rel}","templated":true}]}}