{"id":11756,"date":"2024-09-27T05:26:19","date_gmt":"2024-09-27T04:26:19","guid":{"rendered":"https:\/\/twstest.072design.site\/twoj-lot\/"},"modified":"2024-11-16T08:17:01","modified_gmt":"2024-11-16T07:17:01","slug":"twoj-lot","status":"publish","type":"page","link":"https:\/\/twstest.072design.site\/pl\/twoj-lot\/","title":{"rendered":"Tw\u00f3j lot"},"content":{"rendered":"\t\t<div data-elementor-type=\"wp-page\" data-elementor-id=\"11756\" class=\"elementor elementor-11756 elementor-1413\" data-elementor-post-type=\"page\">\n\t\t\t\t\t\t<section data-particle_enable=\"false\" data-particle-mobile-disabled=\"false\" class=\"elementor-section elementor-top-section elementor-element elementor-element-46b9c7f elementor-section-height-min-height elementor-section-boxed elementor-section-height-default elementor-section-items-middle\" data-id=\"46b9c7f\" data-element_type=\"section\" data-settings=\"{&quot;jet_parallax_layout_list&quot;:[],&quot;background_background&quot;:&quot;video&quot;,&quot;background_video_link&quot;:&quot;https:\\\/\\\/player.vimeo.com\\\/video&quot;}\">\n\t\t\t\t\t\t\t\t<div class=\"elementor-background-video-container elementor-hidden-mobile\" aria-hidden=\"true\">\n\t\t\t\t\t\t\t\t\t\t\t\t\t<video class=\"elementor-background-video-hosted\" autoplay muted playsinline loop><\/video>\n\t\t\t\t\t\t\t\t\t\t\t<\/div>\n\t\t\t\t\t\t\t\t\t<div class=\"elementor-background-overlay\"><\/div>\n\t\t\t\t\t\t\t<div class=\"elementor-container elementor-column-gap-no\">\n\t\t\t\t\t<div class=\"elementor-column elementor-col-100 elementor-top-column elementor-element elementor-element-3c235e4a\" data-id=\"3c235e4a\" data-element_type=\"column\">\n\t\t\t<div class=\"elementor-widget-wrap elementor-element-populated\">\n\t\t\t\t\t\t<div class=\"elementor-element elementor-element-3d2737a7 elementor-widget elementor-widget-heading\" data-id=\"3d2737a7\" data-element_type=\"widget\" data-widget_type=\"heading.default\">\n\t\t\t\t<div class=\"elementor-widget-container\">\n\t\t\t\t\t<h1 class=\"elementor-heading-title elementor-size-default\">\u0141atwy lot do europejskiej stolicy windsurfingu<\/h1>\t\t\t\t<\/div>\n\t\t\t\t<\/div>\n\t\t\t\t\t<\/div>\n\t\t<\/div>\n\t\t\t\t\t<\/div>\n\t\t<\/section>\n\t\t\t\t<section data-particle_enable=\"false\" data-particle-mobile-disabled=\"false\" class=\"elementor-section elementor-top-section elementor-element elementor-element-2f4754ac elementor-section-boxed elementor-section-height-default elementor-section-height-default\" data-id=\"2f4754ac\" data-element_type=\"section\" data-settings=\"{&quot;jet_parallax_layout_list&quot;:[]}\">\n\t\t\t\t\t\t<div class=\"elementor-container elementor-column-gap-default\">\n\t\t\t\t\t<div class=\"elementor-column elementor-col-100 elementor-top-column elementor-element elementor-element-54bd8cab\" data-id=\"54bd8cab\" data-element_type=\"column\" data-settings=\"{&quot;background_background&quot;:&quot;classic&quot;}\">\n\t\t\t<div class=\"elementor-widget-wrap elementor-element-populated\">\n\t\t\t\t\t\t<div class=\"elementor-element elementor-element-5d27b4f6 elementor-widget elementor-widget-heading\" data-id=\"5d27b4f6\" data-element_type=\"widget\" data-widget_type=\"heading.default\">\n\t\t\t\t<div class=\"elementor-widget-container\">\n\t\t\t\t\t<h2 class=\"elementor-heading-title elementor-size-default\">Teneryfa jest bli\u017cej ni\u017c my\u015blisz!<\/h2>\t\t\t\t<\/div>\n\t\t\t\t<\/div>\n\t\t\t\t<div class=\"elementor-element elementor-element-64d3b2d elementor-widget elementor-widget-heading\" data-id=\"64d3b2d\" data-element_type=\"widget\" data-widget_type=\"heading.default\">\n\t\t\t\t<div class=\"elementor-widget-container\">\n\t\t\t\t\t<h2 class=\"elementor-heading-title elementor-size-default\">Dotarcie na Teneryf\u0119 i do El M\u00e9dano, europejskiej stolicy windsurfingu, jest \u0142atwiejsze ni\u017c mo\u017cesz si\u0119 spodziewa\u0107.<\/h2>\t\t\t\t<\/div>\n\t\t\t\t<\/div>\n\t\t\t\t<div class=\"elementor-element elementor-element-40239d36 elementor-widget elementor-widget-text-editor\" data-id=\"40239d36\" data-element_type=\"widget\" data-widget_type=\"text-editor.default\">\n\t\t\t\t<div class=\"elementor-widget-container\">\n\t\t\t\t\t\t\t\t\t<p>Port lotniczy Teneryfa Po\u0142udniowa (TFS), znany r\u00f3wnie\u017c jako port lotniczy Reina Sof\u00eda, jest dobrze skomunikowany z g\u0142\u00f3wnymi europejskimi lotniskami i znajduje si\u0119 zaledwie cztery godziny lotu od takich miejsc jak Niemcy czy Francja.<\/p>\n<p>Gdy wyl\u0105dujesz, El M\u00e9dano znajduje si\u0119 zaledwie 10 minut jazdy od hotelu!  <\/p>\n\t\t\t\t\t\t\t\t<\/div>\n\t\t\t\t<\/div>\n\t\t\t\t\t<\/div>\n\t\t<\/div>\n\t\t\t\t\t<\/div>\n\t\t<\/section>\n\t\t\t\t<section data-particle_enable=\"false\" data-particle-mobile-disabled=\"false\" class=\"elementor-section elementor-top-section elementor-element elementor-element-3e78bca elementor-section-boxed elementor-section-height-default elementor-section-height-default\" data-id=\"3e78bca\" data-element_type=\"section\" data-settings=\"{&quot;jet_parallax_layout_list&quot;:[]}\">\n\t\t\t\t\t\t<div class=\"elementor-container elementor-column-gap-default\">\n\t\t\t\t\t<div class=\"elementor-column elementor-col-50 elementor-top-column elementor-element elementor-element-e872af1\" data-id=\"e872af1\" data-element_type=\"column\" data-settings=\"{&quot;background_background&quot;:&quot;classic&quot;}\">\n\t\t\t<div class=\"elementor-widget-wrap elementor-element-populated\">\n\t\t\t\t\t\t<div class=\"elementor-element elementor-element-2d0e2df elementor-widget elementor-widget-image\" data-id=\"2d0e2df\" data-element_type=\"widget\" data-widget_type=\"image.default\">\n\t\t\t\t<div class=\"elementor-widget-container\">\n\t\t\t\t\t\t\t\t\t\t\t\t\t\t\t<img fetchpriority=\"high\" decoding=\"async\" width=\"800\" height=\"800\" src=\"https:\/\/twstest.072design.site\/wp-content\/uploads\/2024\/09\/flight.jpg\" class=\"attachment-large size-large wp-image-3033\" alt=\"\" srcset=\"https:\/\/twstest.072design.site\/wp-content\/uploads\/2024\/09\/flight.jpg 1024w, https:\/\/twstest.072design.site\/wp-content\/uploads\/2024\/09\/flight-300x300.jpg 300w, https:\/\/twstest.072design.site\/wp-content\/uploads\/2024\/09\/flight-150x150.jpg 150w, https:\/\/twstest.072design.site\/wp-content\/uploads\/2024\/09\/flight-768x768.jpg 768w, https:\/\/twstest.072design.site\/wp-content\/uploads\/2024\/09\/flight-600x600.jpg 600w, https:\/\/twstest.072design.site\/wp-content\/uploads\/2024\/09\/flight-100x100.jpg 100w\" sizes=\"(max-width: 800px) 100vw, 800px\" \/>\t\t\t\t\t\t\t\t\t\t\t\t\t\t\t<\/div>\n\t\t\t\t<\/div>\n\t\t\t\t\t<\/div>\n\t\t<\/div>\n\t\t\t\t<div class=\"elementor-column elementor-col-50 elementor-top-column elementor-element elementor-element-e1099e4\" data-id=\"e1099e4\" data-element_type=\"column\" data-settings=\"{&quot;background_background&quot;:&quot;classic&quot;}\">\n\t\t\t<div class=\"elementor-widget-wrap elementor-element-populated\">\n\t\t\t\t\t\t<div class=\"elementor-element elementor-element-cb16311 elementor-widget elementor-widget-heading\" data-id=\"cb16311\" data-element_type=\"widget\" data-widget_type=\"heading.default\">\n\t\t\t\t<div class=\"elementor-widget-container\">\n\t\t\t\t\t<h2 class=\"elementor-heading-title elementor-size-default\">Bezpo\u015brednie loty z g\u0142\u00f3wnych miast<\/h2>\t\t\t\t<\/div>\n\t\t\t\t<\/div>\n\t\t\t\t<div class=\"elementor-element elementor-element-f3822c7 elementor-widget elementor-widget-text-editor\" data-id=\"f3822c7\" data-element_type=\"widget\" data-widget_type=\"text-editor.default\">\n\t\t\t\t<div class=\"elementor-widget-container\">\n\t\t\t\t\t\t\t\t\t<p>Lotnisko Tenerife South oferuje bezpo\u015brednie loty z wielu europejskich stolic i du\u017cych miast. Linie lotnicze takie jak Ryanair, EasyJet, Transavia, British Airways i Lufthansa obs\u0142uguj\u0105 cz\u0119ste loty do TFS. Dost\u0119pnych jest wiele lot\u00f3w dziennie lub tygodniowo ze wszystkich g\u0142\u00f3wnych europejskich port\u00f3w przesiadkowych.<\/p>\n\t\t\t\t\t\t\t\t<\/div>\n\t\t\t\t<\/div>\n\t\t\t\t<div class=\"elementor-element elementor-element-6e77907 elementor-widget elementor-widget-heading\" data-id=\"6e77907\" data-element_type=\"widget\" data-widget_type=\"heading.default\">\n\t\t\t\t<div class=\"elementor-widget-container\">\n\t\t\t\t\t<h2 class=\"elementor-heading-title elementor-size-default\">Loty bud\u017cetowe i czarterowe<\/h2>\t\t\t\t<\/div>\n\t\t\t\t<\/div>\n\t\t\t\t<div class=\"elementor-element elementor-element-b057a76 elementor-widget elementor-widget-text-editor\" data-id=\"b057a76\" data-element_type=\"widget\" data-widget_type=\"text-editor.default\">\n\t\t\t\t<div class=\"elementor-widget-container\">\n\t\t\t\t\t\t\t\t\t<p>Teneryfa jest destynacj\u0105 przyjazn\u0105 bud\u017cetowo, z licznymi tanimi przewo\u017anikami i czarterowymi liniami lotniczymi oferuj\u0105cymi loty w przyst\u0119pnych cenach, szczeg\u00f3lnie w szczycie sezonu wakacyjnego zar\u00f3wno latem, jak i zim\u0105. Dzi\u0119ki temu jest to przyst\u0119pna opcja dla podr\u00f3\u017cnych z ca\u0142ej Europy.<\/p>\n\t\t\t\t\t\t\t\t<\/div>\n\t\t\t\t<\/div>\n\t\t\t\t\t<\/div>\n\t\t<\/div>\n\t\t\t\t\t<\/div>\n\t\t<\/section>\n\t\t\t\t<section data-particle_enable=\"false\" data-particle-mobile-disabled=\"false\" class=\"elementor-section elementor-top-section elementor-element elementor-element-45c5b588 elementor-section-full_width elementor-section-height-default elementor-section-height-default\" data-id=\"45c5b588\" data-element_type=\"section\" data-settings=\"{&quot;jet_parallax_layout_list&quot;:[]}\">\n\t\t\t\t\t\t<div class=\"elementor-container elementor-column-gap-no\">\n\t\t\t\t\t<div class=\"elementor-column elementor-col-100 elementor-top-column elementor-element elementor-element-66a0df6e\" data-id=\"66a0df6e\" data-element_type=\"column\">\n\t\t\t<div class=\"elementor-widget-wrap\">\n\t\t\t\t\t\t\t<\/div>\n\t\t<\/div>\n\t\t\t\t\t<\/div>\n\t\t<\/section>\n\t\t\t\t<section data-particle_enable=\"false\" data-particle-mobile-disabled=\"false\" class=\"elementor-section elementor-top-section elementor-element elementor-element-b961afa elementor-section-boxed elementor-section-height-default elementor-section-height-default\" data-id=\"b961afa\" data-element_type=\"section\" data-settings=\"{&quot;jet_parallax_layout_list&quot;:[]}\">\n\t\t\t\t\t\t<div class=\"elementor-container elementor-column-gap-default\">\n\t\t\t\t\t<div class=\"elementor-column elementor-col-50 elementor-top-column elementor-element elementor-element-ebf6ab8\" data-id=\"ebf6ab8\" data-element_type=\"column\" data-settings=\"{&quot;background_background&quot;:&quot;classic&quot;}\">\n\t\t\t<div class=\"elementor-widget-wrap elementor-element-populated\">\n\t\t\t\t\t\t<div class=\"elementor-element elementor-element-2e79a76 elementor-widget elementor-widget-heading\" data-id=\"2e79a76\" data-element_type=\"widget\" data-widget_type=\"heading.default\">\n\t\t\t\t<div class=\"elementor-widget-container\">\n\t\t\t\t\t<h2 class=\"elementor-heading-title elementor-size-default\">Kr\u00f3tki czas lotu<\/h2>\t\t\t\t<\/div>\n\t\t\t\t<\/div>\n\t\t\t\t<div class=\"elementor-element elementor-element-0642bb8 elementor-widget elementor-widget-text-editor\" data-id=\"0642bb8\" data-element_type=\"widget\" data-widget_type=\"text-editor.default\">\n\t\t\t\t<div class=\"elementor-widget-container\">\n\t\t\t\t\t\t\t\t\t<p>Loty z wi\u0119kszo\u015bci europejskich lotnisk na Teneryf\u0119 trwaj\u0105 zazwyczaj od 3 do 5 godzin. Na przyk\u0142ad loty z Niemiec, Holandii, Belgii i Francji trwaj\u0105 oko\u0142o 4 godzin, podczas gdy loty ze Skandynawii i Europy Wschodniej trwaj\u0105 od 4,5 do 6 godzin. Lotniska w Europie Po\u0142udniowej oferuj\u0105 jeszcze kr\u00f3tsze loty.  <\/p>\n\t\t\t\t\t\t\t\t<\/div>\n\t\t\t\t<\/div>\n\t\t\t\t<div class=\"elementor-element elementor-element-2897ca0 elementor-widget elementor-widget-heading\" data-id=\"2897ca0\" data-element_type=\"widget\" data-widget_type=\"heading.default\">\n\t\t\t\t<div class=\"elementor-widget-container\">\n\t\t\t\t\t<h2 class=\"elementor-heading-title elementor-size-default\">Loty przez ca\u0142y rok<\/h2>\t\t\t\t<\/div>\n\t\t\t\t<\/div>\n\t\t\t\t<div class=\"elementor-element elementor-element-9a60316 elementor-widget elementor-widget-text-editor\" data-id=\"9a60316\" data-element_type=\"widget\" data-widget_type=\"text-editor.default\">\n\t\t\t\t<div class=\"elementor-widget-container\">\n\t\t\t\t\t\t\t\t\t<p>Teneryfa jest popularnym kierunkiem ca\u0142orocznym, wi\u0119c loty odbywaj\u0105 si\u0119 przez ca\u0142y rok. To sprawia, \u017ce jest to \u015bwietne miejsce dla entuzjast\u00f3w sport\u00f3w wodnych, kt\u00f3re mo\u017cesz odwiedzi\u0107 w dowolnym momencie! <\/p>\n\t\t\t\t\t\t\t\t<\/div>\n\t\t\t\t<\/div>\n\t\t\t\t<div class=\"elementor-element elementor-element-56a48c1 elementor-widget elementor-widget-heading\" data-id=\"56a48c1\" data-element_type=\"widget\" data-widget_type=\"heading.default\">\n\t\t\t\t<div class=\"elementor-widget-container\">\n\t\t\t\t\t<h2 class=\"elementor-heading-title elementor-size-default\">Wygodny transport naziemny<\/h2>\t\t\t\t<\/div>\n\t\t\t\t<\/div>\n\t\t\t\t<div class=\"elementor-element elementor-element-75fa405 elementor-widget elementor-widget-text-editor\" data-id=\"75fa405\" data-element_type=\"widget\" data-widget_type=\"text-editor.default\">\n\t\t\t\t<div class=\"elementor-widget-container\">\n\t\t\t\t\t\t\t\t\t<p>Po przybyciu na lotnisko Tenerife South dojazd do El M\u00e9dano i centrum TWS jest bardzo prosty. To tylko 10 minut jazdy samochodem, z wieloma wygodnymi opcjami transportu, w tym taks\u00f3wkami, wypo\u017cyczalniami samochod\u00f3w i autobusami. W mgnieniu oka znajdziesz si\u0119 na wodzie!  <\/p>\n\t\t\t\t\t\t\t\t<\/div>\n\t\t\t\t<\/div>\n\t\t\t\t<div class=\"elementor-element elementor-element-0839bca elementor-align-left elementor-widget elementor-widget-button\" data-id=\"0839bca\" data-element_type=\"widget\" data-widget_type=\"button.default\">\n\t\t\t\t<div class=\"elementor-widget-container\">\n\t\t\t\t\t\t\t\t\t<div class=\"elementor-button-wrapper\">\n\t\t\t\t\t<a class=\"elementor-button elementor-button-link elementor-size-sm\" href=\"https:\/\/twstest.072design.site\/pl\/wszystko-co-musisz-wiedziec\/\">\n\t\t\t\t\t\t<span class=\"elementor-button-content-wrapper\">\n\t\t\t\t\t\t\t\t\t<span class=\"elementor-button-text\">Wszystko, co musisz wiedzie\u0107<\/span>\n\t\t\t\t\t<\/span>\n\t\t\t\t\t<\/a>\n\t\t\t\t<\/div>\n\t\t\t\t\t\t\t\t<\/div>\n\t\t\t\t<\/div>\n\t\t\t\t\t<\/div>\n\t\t<\/div>\n\t\t\t\t<div class=\"elementor-column elementor-col-50 elementor-top-column elementor-element elementor-element-5edd97c\" data-id=\"5edd97c\" data-element_type=\"column\" data-settings=\"{&quot;background_background&quot;:&quot;classic&quot;}\">\n\t\t\t<div class=\"elementor-widget-wrap elementor-element-populated\">\n\t\t\t\t\t\t<div class=\"elementor-element elementor-element-70867d2 elementor-widget elementor-widget-image\" data-id=\"70867d2\" data-element_type=\"widget\" data-widget_type=\"image.default\">\n\t\t\t\t<div class=\"elementor-widget-container\">\n\t\t\t\t\t\t\t\t\t\t\t\t\t\t\t<img decoding=\"async\" width=\"800\" height=\"800\" src=\"https:\/\/twstest.072design.site\/wp-content\/uploads\/2024\/09\/TWS-gear-and-TWS-center.jpg\" class=\"attachment-large size-large wp-image-685\" alt=\"TWS gear and TWS center\" srcset=\"https:\/\/twstest.072design.site\/wp-content\/uploads\/2024\/09\/TWS-gear-and-TWS-center.jpg 1024w, https:\/\/twstest.072design.site\/wp-content\/uploads\/2024\/09\/TWS-gear-and-TWS-center-300x300.jpg 300w, https:\/\/twstest.072design.site\/wp-content\/uploads\/2024\/09\/TWS-gear-and-TWS-center-150x150.jpg 150w, https:\/\/twstest.072design.site\/wp-content\/uploads\/2024\/09\/TWS-gear-and-TWS-center-768x768.jpg 768w, https:\/\/twstest.072design.site\/wp-content\/uploads\/2024\/09\/TWS-gear-and-TWS-center-600x600.jpg 600w, https:\/\/twstest.072design.site\/wp-content\/uploads\/2024\/09\/TWS-gear-and-TWS-center-100x100.jpg 100w\" sizes=\"(max-width: 800px) 100vw, 800px\" \/>\t\t\t\t\t\t\t\t\t\t\t\t\t\t\t<\/div>\n\t\t\t\t<\/div>\n\t\t\t\t\t<\/div>\n\t\t<\/div>\n\t\t\t\t\t<\/div>\n\t\t<\/section>\n\t\t\t\t<section data-particle_enable=\"false\" data-particle-mobile-disabled=\"false\" class=\"elementor-section elementor-top-section elementor-element elementor-element-b45f053 elementor-section-boxed elementor-section-height-default elementor-section-height-default\" data-id=\"b45f053\" data-element_type=\"section\" data-settings=\"{&quot;jet_parallax_layout_list&quot;:[]}\">\n\t\t\t\t\t\t<div class=\"elementor-container elementor-column-gap-default\">\n\t\t\t\t\t<div class=\"elementor-column elementor-col-100 elementor-top-column elementor-element elementor-element-d3e9529\" data-id=\"d3e9529\" data-element_type=\"column\" data-settings=\"{&quot;background_background&quot;:&quot;classic&quot;}\">\n\t\t\t<div class=\"elementor-widget-wrap elementor-element-populated\">\n\t\t\t\t\t\t<div class=\"elementor-element elementor-element-ba5a1db elementor-widget elementor-widget-heading\" data-id=\"ba5a1db\" data-element_type=\"widget\" data-widget_type=\"heading.default\">\n\t\t\t\t<div class=\"elementor-widget-container\">\n\t\t\t\t\t<h2 class=\"elementor-heading-title elementor-size-default\">El M\u00e9dano, windsurfingowa stolica\nEuropy, jest bli\u017cej ni\u017c kiedykolwiek i \u0142atwo do niej dotrze\u0107!<\/h2>\t\t\t\t<\/div>\n\t\t\t\t<\/div>\n\t\t\t\t\t<\/div>\n\t\t<\/div>\n\t\t\t\t\t<\/div>\n\t\t<\/section>\n\t\t\t\t<\/div>\n\t\t","protected":false},"excerpt":{"rendered":"<p>\u0141atwy lot do europejskiej stolicy windsurfingu Teneryfa jest bli\u017cej ni\u017c my\u015blisz! Dotarcie na Teneryf\u0119 i do El M\u00e9dano, europejskiej stolicy windsurfingu, jest \u0142atwiejsze ni\u017c mo\u017cesz si\u0119 spodziewa\u0107. Port lotniczy Teneryfa Po\u0142udniowa (TFS), znany r\u00f3wnie\u017c jako port lotniczy Reina Sof\u00eda, jest dobrze skomunikowany z g\u0142\u00f3wnymi europejskimi lotniskami i znajduje si\u0119 zaledwie cztery godziny lotu od takich [&hellip;]<\/p>\n","protected":false},"author":1,"featured_media":0,"parent":0,"menu_order":0,"comment_status":"closed","ping_status":"closed","template":"","meta":{"footnotes":""},"class_list":["post-11756","page","type-page","status-publish","hentry"],"_links":{"self":[{"href":"https:\/\/twstest.072design.site\/pl\/wp-json\/wp\/v2\/pages\/11756","targetHints":{"allow":["GET"]}}],"collection":[{"href":"https:\/\/twstest.072design.site\/pl\/wp-json\/wp\/v2\/pages"}],"about":[{"href":"https:\/\/twstest.072design.site\/pl\/wp-json\/wp\/v2\/types\/page"}],"author":[{"embeddable":true,"href":"https:\/\/twstest.072design.site\/pl\/wp-json\/wp\/v2\/users\/1"}],"replies":[{"embeddable":true,"href":"https:\/\/twstest.072design.site\/pl\/wp-json\/wp\/v2\/comments?post=11756"}],"version-history":[{"count":0,"href":"https:\/\/twstest.072design.site\/pl\/wp-json\/wp\/v2\/pages\/11756\/revisions"}],"wp:attachment":[{"href":"https:\/\/twstest.072design.site\/pl\/wp-json\/wp\/v2\/media?parent=11756"}],"curies":[{"name":"wp","href":"https:\/\/api.w.org\/{rel}","templated":true}]}}